{"id":1796,"date":"2024-05-21T13:16:45","date_gmt":"2024-05-21T13:16:45","guid":{"rendered":"https:\/\/caygiongphucan.com\/?post_type=product&amp;p=1796"},"modified":"2024-05-21T13:16:45","modified_gmt":"2024-05-21T13:16:45","slug":"giong-dao-hong-nhung","status":"publish","type":"product","link":"https:\/\/ktech4.k-tech-services.com\/phucan713\/san-pham\/giong-dao-hong-nhung\/","title":{"rendered":"C\u00e2y gi\u1ed1ng \u0111\u00e0o h\u1ed3ng nhung"},"content":{"rendered":"<p>Gi\u1ed1ng \u0111\u00e0o h\u1ed3ng nhung \u0111ang ng\u00e0y c\u00e0ng thu h\u00fat s\u1ef1 ch\u00fa \u00fd c\u1ee7a gi\u1edbi nh\u00e0 v\u01b0\u1eddn b\u1edfi v\u1ebb \u0111\u1eb9p \u0111\u1ed9c \u0111\u00e1o v\u00e0 h\u01b0\u01a1ng v\u1ecb th\u01a1m ngon. Tuy nhi\u00ean, \u0111\u1ec3 tr\u1ed3ng \u0111\u01b0\u1ee3c lo\u1ea1i c\u00e2y n\u00e0y cho n\u0103ng su\u1ea5t cao, c\u1ea7n c\u00f3 nh\u1eefng k\u1ef9 thu\u1eadt ch\u0103m s\u00f3c \u0111\u1eb7c bi\u1ec7t.<\/p>\n<p>B\u00e0i vi\u1ebft n\u00e0y s\u1ebd cung c\u1ea5p cho b\u1ea1n nh\u1eefng th\u00f4ng tin c\u1ea7n thi\u1ebft v\u1ec1 gi\u1ed1ng \u0111\u00e0o h\u1ed3ng nhung, bao g\u1ed3m th\u1eddi gian tr\u1ed3ng, thu ho\u1ea1ch, n\u0103ng su\u1ea5t, kh\u00ed h\u1eadu, \u0111\u1ea5t tr\u1ed3ng, c\u00e1ch ch\u0103m s\u00f3c v\u00e0 nh\u1eefng l\u01b0u \u00fd quan tr\u1ecdng.<\/p>\n<h2><strong><b>Ngu\u1ed3n g\u1ed1c gi\u1ed1ng \u0111\u00e0o h\u1ed3ng nhung<\/b><\/strong><\/h2>\n<figure id=\"attachment_1797\" aria-describedby=\"caption-attachment-1797\" style=\"width: 500px\" class=\"wp-caption aligncenter\"><img loading=\"lazy\" decoding=\"async\" class=\"wp-image-1797\" src=\"http:\/\/localhost\/phucan713\/wp-content\/uploads\/2024\/05\/trai-dao-hong-nhung-moc-thanh-chum-300x169.jpg\" alt=\"C\u00e2y \u0111\u00e0o h\u1ed3ng nhung cho tr\u00e1i th\u00e0nh ch\u00f9m \u0111\u1eb9p m\u1eaft\" width=\"500\" height=\"282\" \/><figcaption id=\"caption-attachment-1797\" class=\"wp-caption-text\">C\u00e2y \u0111\u00e0o h\u1ed3ng nhung cho tr\u00e1i th\u00e0nh ch\u00f9m \u0111\u1eb9p m\u1eaft<\/figcaption><\/figure>\n<p>\u0110\u00e0o h\u1ed3ng nhung c\u00f3 ngu\u1ed3n g\u1ed1c t\u1eeb c\u00e1c khu r\u1eebng nhi\u1ec7t \u0111\u1edbi \u1edf Philippines v\u00e0 \u0110\u00e0i Loan. Ch\u00fang \u0111\u01b0\u1ee3c du nh\u1eadp \u0111\u1ebfn c\u00e1c \u0111\u1ea3o Java, Malaya v\u00e0 Singapore v\u00e0o cu\u1ed1i nh\u1eefng n\u0103m 1800 v\u00e0 \u0111\u1ebfn Hoa K\u1ef3 v\u00e0o n\u0103m 1906. Ng\u00e0y nay, ch\u00fang ch\u1ee7 y\u1ebfu \u0111\u01b0\u1ee3c t\u00ecm th\u1ea5y m\u1ecdc \u1edf Indonesia, Malaysia, Sri Lanka, Singapore, \u1ea4n \u0110\u1ed9, Banglades<\/p>\n<h2><strong><b>\u0110\u1eb7c \u0111i\u1ec3m c\u00e2y \u0111\u00e0o h\u1ed3ng nhung<\/b><\/strong><\/h2>\n<p>\u0110\u00e0o h\u1ed3ng nhung\u00a0l\u00e0 m\u1ed9t lo\u1ea1i c\u00e2y xanh c\u00f3 th\u1ec3 cao t\u1edbi 30 m, th\u00e2n th\u1eb3ng, c\u00f3 m\u00e0u h\u01a1i \u0111en, \u0111\u01b0\u1eddng k\u00ednh \u1edf g\u1ed1c th\u00e2n t\u1edbi 50 cm ho\u1eb7c h\u01a1n. \u1ede Philippines v\u00e0 \u0110\u00e0i Loan, g\u1ed7 c\u1ee7a c\u00e2y \u0111\u00e0o h\u1ed3ng nhung c\u00f3 gi\u00e1 tr\u1ecb\u00a0cao\u00a0b\u1edfi m\u00e0u s\u1eafc \u0111en tuy\u1ec1n c\u00f9ng \u0111\u01b0\u1eddng v\u00e2n \u0111\u1eb9p v\u00e0 \u0111\u1ed9 b\u1ec1n tuy\u1ec7t v\u1eddi, \u0111\u01b0\u1ee3c \u0111\u00e1nh gi\u00e1 l\u00e0 c\u00e2y l\u1ea5y g\u1ed7 qu\u00fd hi\u1ebfm.<\/p>\n<figure id=\"attachment_1798\" aria-describedby=\"caption-attachment-1798\" style=\"width: 500px\" class=\"wp-caption aligncenter\"><img loading=\"lazy\" decoding=\"async\" class=\"wp-image-1798\" src=\"http:\/\/localhost\/phucan713\/wp-content\/uploads\/2024\/05\/Go-tu-than-cay-dao-hong-nhung-co-van-tuyet-dep-1-300x191.jpg\" alt=\"G\u1ed7 t\u1eeb th\u00e2n c\u00e2y \u0111\u00e0o h\u1ed3ng nhung c\u00f3 v\u00e2n tuy\u1ec7t \u0111\u1eb9p\" width=\"500\" height=\"319\" \/><figcaption id=\"caption-attachment-1798\" class=\"wp-caption-text\">G\u1ed7 t\u1eeb th\u00e2n c\u00e2y \u0111\u00e0o h\u1ed3ng nhung c\u00f3 v\u00e2n tuy\u1ec7t \u0111\u1eb9p<\/figcaption><\/figure>\n<h2><strong><b>\u0110\u1eb7c \u0111i\u1ec3m tr\u00e1i \u0111\u00e0o h\u1ed3ng nhung<\/b><\/strong><\/h2>\n<p>Tr\u00e1i\u00a0c\u00f3 h\u00ecnh tr\u00f2n, c\u00f3 k\u00edch th\u01b0\u1edbc l\u1edbn kho\u1ea3ng 5-12 cm x 8-10 cm, m\u1ec1m nh\u01b0 nhung. Ban \u0111\u1ea7u tr\u00e1i \u0111\u00e0o h\u1ed3ng nhung c\u00f3 m\u00e0u n\u00e2u \u0111\u1ecf sau \u0111\u00f3 chuy\u1ec3n sang m\u00e0u \u0111\u1ecf t\u01b0\u01a1i v\u00e0 \u0111\u1ecf \u0111\u1eadm khi ch\u00edn.<\/p>\n<figure id=\"attachment_1799\" aria-describedby=\"caption-attachment-1799\" style=\"width: 280px\" class=\"wp-caption aligncenter\"><img loading=\"lazy\" decoding=\"async\" class=\"wp-image-1799\" src=\"http:\/\/localhost\/phucan713\/wp-content\/uploads\/2024\/05\/305196478_3508453656053273_6378613213846006584_n-168x300.jpg\" alt=\"Tr\u00e1i \u0111\u00e0o h\u1ed3ng nhung c\u00f3 l\u1edbp v\u1ecf m\u1ecbn m\u00e0ng\" width=\"280\" height=\"500\" \/><figcaption id=\"caption-attachment-1799\" class=\"wp-caption-text\">Tr\u00e1i \u0111\u00e0o h\u1ed3ng nhung c\u00f3 l\u1edbp v\u1ecf m\u1ecbn m\u00e0ng<\/figcaption><\/figure>\n<p>Ph\u1ea7n th\u1ecbt b\u00ean trong c\u00f3 m\u00e0u tr\u1eafng, m\u1ec1m nh\u01b0 th\u1ecbt tr\u00e1i \u0111\u00e0o. Th\u1ecbt tr\u00e1i m\u00e0u tr\u1eafng \u0111\u1ebfn tr\u1eafng nh\u1ea1t, c\u00f3 v\u1ecb gi\u00f2n khi tr\u01b0\u1edfng th\u00e0nh v\u00e0 s\u1ebd h\u01a1i m\u1ec1m khi ch\u00edn.<\/p>\n<figure id=\"attachment_1800\" aria-describedby=\"caption-attachment-1800\" style=\"width: 400px\" class=\"wp-caption aligncenter\"><img loading=\"lazy\" decoding=\"async\" class=\"wp-image-1800 size-full\" src=\"http:\/\/localhost\/phucan713\/wp-content\/uploads\/2024\/05\/s-l400.jpg\" alt=\"Th\u1ecbt tr\u00e1i \u0111\u00e0o h\u1ed3ng nhung c\u00f3 m\u00e0u tr\u1eafng\" width=\"400\" height=\"400\" \/><figcaption id=\"caption-attachment-1800\" class=\"wp-caption-text\">Th\u1ecbt tr\u00e1i \u0111\u00e0o h\u1ed3ng nhung c\u00f3 m\u00e0u tr\u1eafng<\/figcaption><\/figure>\n<p>\u0110\u00e0o h\u1ed3ng nhung c\u00f3 v\u1ecb ng\u1ecdt ng\u00e0o v\u00e0 h\u01b0\u01a1ng th\u01a1m r\u1ea5t \u0111\u1eb7c tr\u01b0ng, h\u00f2a quy\u1ec7n gi\u1eefa s\u1ef1 thanh m\u00e1t v\u00e0 \u0111\u1ed9 b\u00e9o t\u1ef1 nhi\u00ean kh\u00f4ng ng\u1ea5y. M\u1ed7i tr\u00e1i ch\u1ee9a kho\u1ea3ng 4-8 h\u1ea1t \u0111en h\u00ecnh d\u1eb9t.<\/p>\n<h2><strong><b>Gi\u00e1 tr\u1ecb dinh d\u01b0\u1ee1ng tuy\u1ec7t v\u1eddi<\/b><\/strong><\/h2>\n<p>\u0110\u00e0o h\u1ed3ng nhung ch\u1ee9a nhi\u1ec1u gi\u00e1 tr\u1ecb dinh d\u01b0\u1ee1ng c\u1ef1c k\u1ef3 t\u1ed1t cho s\u1ee9c kh\u1ecfe, l\u00e0 ngu\u1ed3n cung c\u1ea5p canxi v\u00e0 kali d\u1ed3i d\u00e0o. Ch\u00fang c\u0169ng ch\u1ee9a vitamin A, C v\u00e0 vitamin B ph\u1ee9c h\u1ee3p, s\u1eaft, ch\u1ea5t x\u01a1 v\u00e0 m\u1ed9t s\u1ed1 protein. C\u00e1c nghi\u00ean c\u1ee9u \u0111\u00e3 ch\u1ee9ng minh r\u1eb1ng c\u00e1c h\u1ee3p ch\u1ea5t trong \u0111\u00e0o h\u1ed3ng nhung c\u00f3 \u0111\u1eb7c t\u00ednh ch\u1ed1ng vi\u00eam.<\/p>\n<h2><strong><b>Gi\u1ed1ng c\u00e2y \u0111\u00e0o h\u1ed3ng nhung tr\u1ed3ng bao l\u00e2u c\u00f3 tr\u00e1i? <\/b><\/strong><\/h2>\n<p>Kho\u1ea3ng 4-5 n\u0103m c\u00e2y h\u1ed3ng nhung b\u1eaft \u0111\u1ea7u cho tr\u00e1i, c\u00f3 th\u1ec3 s\u1edbm ho\u1eb7c ch\u1eadm h\u01a1n t\u00f9y \u0111i\u1ec1u ki\u1ec7n th\u1ed5 nh\u01b0\u1ee1ng.<\/p>\n<h2><strong><b>T\u1eeb l\u00fac ra hoa \u0111\u1ebfn khi thu ho\u1ea1ch \u0111\u00e0o h\u1ed3ng nhung kho\u1ea3ng bao l\u00e2u?<\/b><\/strong><\/h2>\n<figure id=\"attachment_1801\" aria-describedby=\"caption-attachment-1801\" style=\"width: 500px\" class=\"wp-caption aligncenter\"><img loading=\"lazy\" decoding=\"async\" class=\"wp-image-1801\" src=\"http:\/\/localhost\/phucan713\/wp-content\/uploads\/2024\/05\/hoa-dao-hong-nhung-300x169.jpg\" alt=\"Hoa c\u1ee7a c\u00e2y \u0111\u00e0o h\u1ed3ng nhung\" width=\"500\" height=\"282\" \/><figcaption id=\"caption-attachment-1801\" class=\"wp-caption-text\">Hoa c\u1ee7a c\u00e2y \u0111\u00e0o h\u1ed3ng nhung<\/figcaption><\/figure>\n<p>Gi\u1ed1ng \u0111\u00e0o h\u1ed3ng nhung n\u1edf hoa r\u1ef1c r\u1ee1 trong kho\u1ea3ng 10 &#8211; 15 ng\u00e0y. Sau giai \u0111o\u1ea1n n\u00e0y, hoa s\u1ebd b\u1eaft \u0111\u1ea7u \u0111\u1eadu qu\u1ea3 v\u00e0 ph\u00e1t tri\u1ec3n d\u1ea7n th\u00e0nh nh\u1eefng tr\u00e1i \u0111\u00e0o to tr\u00f2n, c\u0103ng m\u1ecdng. T\u1eeb khi \u0111\u1eadu qu\u1ea3 \u0111\u1ebfn khi thu ho\u1ea1ch s\u1ebd m\u1ea5t kho\u1ea3ng 3 &#8211; 4 th\u00e1ng, t\u00f9y thu\u1ed9c v\u00e0o \u0111i\u1ec1u ki\u1ec7n kh\u00ed h\u1eadu v\u00e0 ch\u0103m s\u00f3c.<\/p>\n<h2><strong><b>N\u0103ng su\u1ea5t gi\u1ed1ng \u0111\u00e0o h\u1ed3ng nhung<\/b><\/strong><\/h2>\n<p>Gi\u1ed1ng \u0111\u00e0o h\u1ed3ng nhung c\u00f3 n\u0103ng su\u1ea5t t\u01b0\u01a1ng \u0111\u1ed1i cao, trung b\u00ecnh m\u1ed7i c\u00e2y c\u00f3 th\u1ec3 cho thu ho\u1ea1ch t\u1eeb 50-70 kg tr\u00e1i. Tuy nhi\u00ean, n\u0103ng su\u1ea5t n\u00e0y c\u00f3 th\u1ec3 thay \u0111\u1ed5i t\u00f9y thu\u1ed9c v\u00e0o \u0111i\u1ec1u ki\u1ec7n tr\u1ed3ng tr\u1ecdt v\u00e0 ch\u0103m s\u00f3c.<\/p>\n<figure id=\"attachment_1803\" aria-describedby=\"caption-attachment-1803\" style=\"width: 375px\" class=\"wp-caption aligncenter\"><img loading=\"lazy\" decoding=\"async\" class=\"wp-image-1803\" src=\"http:\/\/localhost\/phucan713\/wp-content\/uploads\/2024\/05\/301973354_3512618818970090_4445767148652504265_n-225x300.jpg\" alt=\"Thu ho\u1ea1ch \u0111\u00e0o h\u1ed3ng nhung t\u1ea1i mi\u1ec1n t\u00e2y\" width=\"375\" height=\"500\" \/><figcaption id=\"caption-attachment-1803\" class=\"wp-caption-text\">Thu ho\u1ea1ch \u0111\u00e0o h\u1ed3ng nhung t\u1ea1i mi\u1ec1n t\u00e2y<\/figcaption><\/figure>\n<h2><strong><b>Kh\u00ed h\u1eadu v\u00e0 \u0111\u1ea5t tr\u1ed3ng th\u00edch h\u1ee3p v\u1edbi gi\u1ed1ng \u0111\u00e0o h\u1ed3ng nhung<\/b><\/strong><\/h2>\n<p>Gi\u1ed1ng \u0111\u00e0o h\u1ed3ng nhung th\u00edch h\u1ee3p v\u1edbi kh\u00ed h\u1eadu nhi\u1ec7t \u0111\u1edbi gi\u00f3 m\u00f9a, \u01b0a \u00e1nh s\u00e1ng v\u00e0 ph\u00e1t tri\u1ec3n t\u1ed1t trong \u0111i\u1ec1u ki\u1ec7n \u0111\u1ea5t t\u01a1i x\u1ed1p, tho\u00e1t n\u01b0\u1edbc t\u1ed1t.<\/p>\n<p>C\u00e2y c\u00f3 th\u1ec3 ph\u00e1t tri\u1ec3n \u0111\u01b0\u1ee3c \u1edf c\u1ea3 nh\u1eefng v\u00f9ng \u0111\u1ea5t kh\u00f4 c\u1eb1n, \u0111\u00e0o h\u1ed3ng nhung ch\u1ecbu \u0111\u01b0\u1ee3c h\u1ea1n nh\u1eb9 nh\u01b0ng kh\u00f4ng ch\u1ecbu \u0111\u01b0\u1ee3c \u00fang n\u01b0\u1edbc.<\/p>\n<h2><strong><b>Kho\u1ea3ng c\u00e1ch tr\u1ed3ng \u0111\u00e0o h\u1ed3ng nhung<\/b><\/strong><\/h2>\n<p>Gi\u1ed1ng \u0111\u00e0o h\u1ed3ng nhung n\u00ean tr\u1ed3ng v\u1edbi m\u1eadt \u0111\u1ed9 5m\/ c\u00e2y. Kho\u1ea3ng c\u00e1ch n\u00e0y \u0111\u1ea3m b\u1ea3o cho c\u00e2y c\u00f3 \u0111\u1ee7 kh\u00f4ng gian ph\u00e1t tri\u1ec3n v\u00e0 thu\u1eadn ti\u1ec7n cho vi\u1ec7c ch\u0103m s\u00f3c, thu ho\u1ea1ch.<\/p>\n<h2><strong><b>C\u00e1ch ch\u0103m s\u00f3c c\u00e2y \u0111\u00e0o h\u1ed3ng nhung<\/b><\/strong><\/h2>\n<p>Ta l\u01b0u \u00fd nh\u1eefng y\u1ebfu t\u1ed1 sau \u0111\u1ec3 c\u00e2y \u0111\u01b0\u1ee3c ph\u00e1t tri\u1ec3n kh\u1ecfe m\u1ea1nh:<\/p>\n<ul>\n<li>T\u01b0\u1edbi n\u01b0\u1edbc: T\u01b0\u1edbi n\u01b0\u1edbc cho c\u00e2y \u0111\u1ec1u \u0111\u1eb7n, 2 l\u1ea7n m\u1ed7i ng\u00e0y v\u00e0o s\u00e1ng s\u1edbm v\u00e0 chi\u1ec1u m\u00e1t. Tr\u00e1nh t\u01b0\u1edbi n\u01b0\u1edbc qu\u00e1 nhi\u1ec1u v\u00e0o m\u00f9a m\u01b0a v\u00ec c\u00f3 th\u1ec3 khi\u1ebfn c\u00e2y b\u1ecb \u00fang.<\/li>\n<li>B\u00f3n ph\u00e2n: B\u00f3n ph\u00e2n cho c\u00e2y \u0111\u1ecbnh k\u1ef3 3 th\u00e1ng\/l\u1ea7n v\u1edbi ph\u00e2n h\u1eefu c\u01a1<\/li>\n<li>C\u1eaft t\u1ec9a: C\u1eaft t\u1ec9a c\u00e0nh, nh\u00e1nh gi\u00e0 c\u1ed7i, s\u00e2u b\u1ec7nh \u0111\u1ec3 t\u1ea1o t\u00e1n c\u00e2y th\u00f4ng tho\u00e1ng, gi\u00fap c\u00e2y t\u1eadp trung dinh d\u01b0\u1ee1ng nu\u00f4i qu\u1ea3.<\/li>\n<li>Ph\u00f2ng tr\u1eeb s\u00e2u b\u1ec7nh: Theo d\u00f5i v\u00e0 ph\u00f2ng tr\u1eeb k\u1ecbp th\u1eddi c\u00e1c lo\u1ea1i s\u00e2u b\u1ec7nh h\u1ea1i ph\u1ed5 bi\u1ebfn tr\u00ean c\u00e2y \u0111\u00e0o h\u1ed3ng nhung.<\/li>\n<\/ul>\n<figure id=\"attachment_1802\" aria-describedby=\"caption-attachment-1802\" style=\"width: 375px\" class=\"wp-caption aligncenter\"><img loading=\"lazy\" decoding=\"async\" class=\"wp-image-1802\" src=\"http:\/\/localhost\/phucan713\/wp-content\/uploads\/2024\/05\/dao-hong-nhung-225x300.jpg\" alt=\"C\u00e2y \u0111\u00e0o h\u1ed3ng nhung sinh tr\u01b0\u1edfng t\u1ed1t \u1edf m\u1ecdi v\u00f9ng \u0111\u1ea5t\" width=\"375\" height=\"500\" \/><figcaption id=\"caption-attachment-1802\" class=\"wp-caption-text\">C\u00e2y \u0111\u00e0o h\u1ed3ng nhung sinh tr\u01b0\u1edfng t\u1ed1t \u1edf m\u1ecdi v\u00f9ng \u0111\u1ea5t<\/figcaption><\/figure>\n<h2><strong><b>Gi\u00e1 c\u00e2y gi\u1ed1ng <\/b><\/strong><strong><b>\u0111\u00e0o h\u1ed3ng nhung<\/b><\/strong><\/h2>\n<p>Gi\u00e1 c\u00e2y gi\u1ed1ng \u0111\u00e0o h\u1ed3ng nhung\u00a0t\u1ea1i v\u01b0\u1eddn Ph\u00fac An dao \u0111\u1ed9ng t\u1eeb 150.000 &#8211; 200.000\/ c\u00e2y. T\u00f9y theo l\u00f4 c\u00e2y, s\u1ed1 l\u01b0\u1ee3ng \u0111\u1eb7t s\u1ebd c\u00f3 m\u1ee9c gi\u00e1 kh\u00e1c nhau.<\/p>\n<p>Ch\u00fang t\u00f4i cam k\u1ebft lu\u00f4n gi\u1eef m\u1ee9c gi\u00e1 m\u1ec1m v\u1eeba t\u00fai ti\u1ec1n \u0111\u1ec3 m\u1ecdi kh\u00e1ch h\u00e0ng \u0111\u1ec1u c\u00f3 th\u1ec3 ch\u1ecdn mua nh\u1eefng c\u00e2y gi\u1ed1ng th\u1eadt t\u1ed1t cho khu v\u01b0\u1eddn c\u1ee7a m\u00ecnh.<\/p>\n<h2><strong><b>Mua c\u00e2y gi\u1ed1ng <\/b><\/strong><strong><b>\u0111\u00e0o h\u1ed3ng nhung<\/b><\/strong><strong><b>\u00a0\u1edf \u0111\u00e2u ch\u1ea5t l\u01b0\u1ee3ng?<\/b><\/strong><\/h2>\n<p>C\u00e2y gi\u1ed1ng Ph\u00fac An cung c\u1ea5p c\u00e2y gi\u1ed1ng \u0111\u00e0o h\u1ed3ng nhung\u00a0ch\u1ea5t l\u01b0\u1ee3ng, \u0111\u01b0\u1ee3c b\u1ea3o h\u00e0nh \u0111\u00fang gi\u1ed1ng cho t\u1edbi khi c\u00f3 tr\u00e1i.<\/p>\n<figure id=\"attachment_1804\" aria-describedby=\"caption-attachment-1804\" style=\"width: 375px\" class=\"wp-caption aligncenter\"><img loading=\"lazy\" decoding=\"async\" class=\"wp-image-1804\" src=\"http:\/\/localhost\/phucan713\/wp-content\/uploads\/2024\/05\/dao-hong-nhung-cay-chiet-225x300.jpg\" alt=\"C\u00e2y gi\u1ed1ng \u0111\u00e0o h\u1ed3ng nhung Ph\u00fac An cung c\u1ea5p\" width=\"375\" height=\"500\" \/><figcaption id=\"caption-attachment-1804\" class=\"wp-caption-text\">C\u00e2y gi\u1ed1ng \u0111\u00e0o h\u1ed3ng nhung Ph\u00fac An cung c\u1ea5p<\/figcaption><\/figure>\n<figure id=\"attachment_2572\" aria-describedby=\"caption-attachment-2572\" style=\"width: 375px\" class=\"wp-caption aligncenter\"><img loading=\"lazy\" decoding=\"async\" class=\"wp-image-2572\" src=\"http:\/\/localhost\/phucan713\/wp-content\/uploads\/2024\/05\/dao-hong-nhung-4-5-tac-225x300.jpg\" alt=\"C\u00e2y gi\u1ed1ng \u0111\u00e0o h\u1ed3ng nhung Ph\u00fac An cung c\u1ea5p\" width=\"375\" height=\"500\" srcset=\"https:\/\/ktech4.k-tech-services.com\/phucan713\/wp-content\/uploads\/2024\/05\/dao-hong-nhung-4-5-tac-225x300.jpg 225w, https:\/\/ktech4.k-tech-services.com\/phucan713\/wp-content\/uploads\/2024\/05\/dao-hong-nhung-4-5-tac-768x1024.jpg 768w, https:\/\/ktech4.k-tech-services.com\/phucan713\/wp-content\/uploads\/2024\/05\/dao-hong-nhung-4-5-tac-510x680.jpg 510w, https:\/\/ktech4.k-tech-services.com\/phucan713\/wp-content\/uploads\/2024\/05\/dao-hong-nhung-4-5-tac.jpg 960w\" sizes=\"auto, (max-width: 375px) 100vw, 375px\" \/><figcaption id=\"caption-attachment-2572\" class=\"wp-caption-text\">C\u00e2y gi\u1ed1ng \u0111\u00e0o h\u1ed3ng nhung Ph\u00fac An cung c\u1ea5p<\/figcaption><\/figure>\n<p>V\u01b0\u1eddn nh\u00e2n gi\u1ed1ng c\u1ee7a Ph\u00fac An \u0111\u01b0\u1ee3c ch\u1ecdn l\u1ef1a k\u1ef9 l\u01b0\u1ee1ng, \u0111\u1ea3m b\u1ea3o chu\u1ea9n gi\u1ed1ng.<\/p>\n<p>Ti\u00eau chu\u1ea9n C\u00e2y gi\u1ed1ng \u0111\u00e0o h\u1ed3ng nhung\u00a0\u0111\u01b0\u1ee3c cung c\u1ea5p b\u1edfi v\u01b0\u1eddn Ph\u00fac An:<\/p>\n<ul>\n<li>Chi\u1ec1u cao c\u00e2y gi\u1ed1ng t\u1eeb 40-50cm t\u00ednh t\u1eeb m\u1eb7t b\u1ea7u<\/li>\n<li>C\u00e2y nu\u00f4i \u0111\u1ee7 th\u1eddi gian, b\u1ea7u r\u1ec5 \u1ed5n \u0111\u1ecbnh, c\u00e2y \u0111\u00e3 x\u1ea3 n\u1eafng\u00a0c\u1ee9ng c\u00e1p<\/li>\n<li>Kh\u00f4ng c\u00f3 d\u1ea5u hi\u1ec7u s\u00e2u b\u1ec7nh, b\u1ed9 l\u00e1 xanh t\u1ed1t d\u00e0y d\u1eb7n<\/li>\n<li>C\u00e2y tr\u1ea3i qua qu\u00e1 tr\u00ecnh nh\u00e2n gi\u1ed1ng, d\u01b0\u1ee1ng c\u00e2y con, x\u1ea3 n\u1eafng ho\u00e0n ch\u1ec9nh. \u0110\u1ebfn tay c\u00f4 b\u00e1c s\u1ebd l\u00e0 t\u1eebng c\u00e2y \u0111\u00e3 c\u1ee9ng c\u00e1p \u0111\u00e3 ra c\u01a1i ch\u1ed3i m\u1edbi.<\/li>\n<\/ul>\n<p>C\u00e2y tr\u1ea3i qua quy tr\u00ecnh nh\u00e2n gi\u1ed1ng, d\u01b0\u1ee1ng c\u00e2y con, x\u1ea3 n\u1eafng ho\u00e0n ch\u1ec9nh. \u0110\u1ebfn tay c\u00f4 b\u00e1c s\u1ebd l\u00e0 t\u1eebng c\u00e2y \u0111\u00e3 c\u1ee9ng c\u00e1p \u0111\u00e3 ra c\u01a1i ch\u1ed3i m\u1edbi.<br \/>\nQu\u00fd c\u00f4 b\u00e1c c\u00f3 th\u1ec3 li\u00ean h\u1ec7 tr\u1ef1c ti\u1ebfp qua SDT\/ Zalo 0962.888.014 (<a href=\"http:\/\/localhost\/phucan713\/\" target=\"_blank\" rel=\"noopener\">C\u00e2y Gi\u1ed1ng Ph\u00fac An<\/a>) \u0111\u1ec3 ch\u00fang t\u00f4i t\u01b0 v\u1ea5n v\u00e0 b\u00e1o gi\u00e1 c\u1ee5 th\u1ec3. Xin c\u1ea3m \u01a1n qu\u00fd c\u00f4 b\u00e1c \u0111\u00e3 \u0111\u1eb7t ni\u1ec1m tin v\u1edbi nh\u00e0 v\u01b0\u1eddn<\/p>\n<blockquote><p><span style=\"color: #000000;\">&gt; M\u1eddi b\u1ea1n \u0111\u1ecdc th\u00eam:<\/span><a href=\"https:\/\/vietnamnet.vn\/viet-nam-co-loai-qua-la-nhu-ket-hop-giua-dao-hong-va-vu-sua-nguoi-mien-tay-nhin-phat-biet-ngay-ten-goi-781274.html\" target=\"_blank\" rel=\"noopener\"><span style=\"color: #000080;\"><em><strong>Vi\u1ec7t Nam c\u00f3 lo\u1ea1i qu\u1ea3 l\u1ea1 nh\u01b0 k\u1ebft h\u1ee3p gi\u1eefa \u0111\u00e0o, h\u1ed3ng v\u00e0 v\u00fa s\u1eefa: Ng\u01b0\u1eddi mi\u1ec1n T\u00e2y nh\u00ecn ph\u00e1t bi\u1ebft ngay t\u00ean g\u1ecdi!<\/strong><\/em><\/span><\/a><\/p><\/blockquote>\n<p>&nbsp;<\/p>\n","protected":false},"excerpt":{"rendered":"<p>* Gi\u00e1 tham kh\u1ea3o cho s\u1ed1 l\u01b0\u1ee3ng t\u1eeb 30 c\u00e2y, c\u00f3 th\u1ec3 thay \u0111\u1ed5i theo th\u1eddi \u0111i\u1ec3m<br \/>\n* Ch\u01b0a bao g\u1ed3m ph\u00ed v\u1eadn chuy\u1ec3n (t\u00f9y theo s\u1ed1 l\u01b0\u1ee3ng c\u00e2y v\u00e0 \u0111\u1ecba \u0111i\u1ec3m giao h\u00e0ng)<\/p>\n","protected":false},"featured_media":1804,"comment_status":"open","ping_status":"closed","template":"","meta":[],"product_brand":[],"product_cat":[35,37],"product_tag":[63],"class_list":{"0":"post-1796","1":"product","2":"type-product","3":"status-publish","4":"has-post-thumbnail","6":"product_cat-san-pham-giong-cay-an-trai","7":"product_cat-cay-giong-khac","8":"product_tag-giong-dao-hong-nhung","10":"first","11":"instock","12":"shipping-taxable","13":"purchasable","14":"product-type-simple"},"_links":{"self":[{"href":"https:\/\/ktech4.k-tech-services.com\/phucan713\/wp-json\/wp\/v2\/product\/1796","targetHints":{"allow":["GET"]}}],"collection":[{"href":"https:\/\/ktech4.k-tech-services.com\/phucan713\/wp-json\/wp\/v2\/product"}],"about":[{"href":"https:\/\/ktech4.k-tech-services.com\/phucan713\/wp-json\/wp\/v2\/types\/product"}],"replies":[{"embeddable":true,"href":"https:\/\/ktech4.k-tech-services.com\/phucan713\/wp-json\/wp\/v2\/comments?post=1796"}],"wp:featuredmedia":[{"embeddable":true,"href":"https:\/\/ktech4.k-tech-services.com\/phucan713\/wp-json\/"}],"wp:attachment":[{"href":"https:\/\/ktech4.k-tech-services.com\/phucan713\/wp-json\/wp\/v2\/media?parent=1796"}],"wp:term":[{"taxonomy":"product_brand","embeddable":true,"href":"https:\/\/ktech4.k-tech-services.com\/phucan713\/wp-json\/wp\/v2\/product_brand?post=1796"},{"taxonomy":"product_cat","embeddable":true,"href":"https:\/\/ktech4.k-tech-services.com\/phucan713\/wp-json\/wp\/v2\/product_cat?post=1796"},{"taxonomy":"product_tag","embeddable":true,"href":"https:\/\/ktech4.k-tech-services.com\/phucan713\/wp-json\/wp\/v2\/product_tag?post=1796"}],"curies":[{"name":"wp","href":"https:\/\/api.w.org\/{rel}","templated":true}]}}