{"id":1805,"date":"2024-05-21T14:35:56","date_gmt":"2024-05-21T14:35:56","guid":{"rendered":"https:\/\/caygiongphucan.com\/?post_type=product&amp;p=1805"},"modified":"2024-05-21T14:35:56","modified_gmt":"2024-05-21T14:35:56","slug":"giong-dau-tam","status":"publish","type":"product","link":"https:\/\/ktech4.k-tech-services.com\/phucan713\/san-pham\/giong-dau-tam\/","title":{"rendered":"C\u00e2y gi\u1ed1ng d\u00e2u t\u1eb1m"},"content":{"rendered":"<p>Gi\u1ed1ng d\u00e2u t\u1eb1m l\u00e0 m\u1ed9t lo\u1ea1i c\u00e2y \u0103n tr\u00e1i quen thu\u1ed9c v\u1edbi ng\u01b0\u1eddi Vi\u1ec7t Nam, \u0111\u01b0\u1ee3c \u01b0a chu\u1ed9ng b\u1edfi h\u01b0\u01a1ng v\u1ecb th\u01a1m ngon, ng\u1ecdt thanh v\u00e0 gi\u00e1 tr\u1ecb dinh d\u01b0\u1ee1ng cao. B\u00ean c\u1ea1nh \u0111\u00f3, c\u00e2y d\u00e2u t\u1eb1m c\u00f2n \u0111\u01b0\u1ee3c tr\u1ed3ng \u0111\u1ec3 l\u1ea5y l\u00e1 nu\u00f4i t\u1eb1m, t\u1ea1o ra ngu\u1ed3n nguy\u00ean li\u1ec7u qu\u00fd gi\u00e1 cho ng\u00e0nh d\u1ec7t may.<\/p>\n<p>N\u1ebfu b\u1ea1n \u0111ang c\u00f3 \u00fd \u0111\u1ecbnh tr\u1ed3ng gi\u1ed1ng d\u00e2u t\u1eb1m \u0111\u1ec3 l\u00e0m kinh t\u1ebf, b\u00e0i vi\u1ebft n\u00e0y s\u1ebd cung c\u1ea5p cho b\u1ea1n nh\u1eefng th\u00f4ng tin h\u1eefu \u00edch v\u1ec1 gi\u1ed1ng c\u00e2y, c\u00e1ch tr\u1ed3ng v\u00e0 ch\u0103m s\u00f3c, c\u0169ng nh\u01b0 \u0111\u1ecba ch\u1ec9 mua c\u00e2y uy t\u00edn.<\/p>\n<h2><strong><b>Gi\u1edbi thi\u1ec7u <\/b><\/strong><strong><b>v\u1ec1 <\/b><\/strong><strong><b>gi\u1ed1ng d\u00e2u t\u1eb1m<\/b><\/strong><\/h2>\n<figure id=\"attachment_1806\" aria-describedby=\"caption-attachment-1806\" style=\"width: 500px\" class=\"wp-caption aligncenter\"><img loading=\"lazy\" decoding=\"async\" class=\"wp-image-1806\" src=\"http:\/\/localhost\/phucan713\/wp-content\/uploads\/2024\/05\/Screenshot-2024-05-16-092245-300x285.jpg\" alt=\"C\u00e2y d\u00e2u t\u1eb1m\" width=\"500\" height=\"474\" \/><figcaption id=\"caption-attachment-1806\" class=\"wp-caption-text\">C\u00e2y d\u00e2u t\u1eb1m<\/figcaption><\/figure>\n<p>C\u00e2y d\u00e2u t\u1eb1m c\u00f3 t\u00ean khoa h\u1ecdc l\u00e0 Morus alba L., thu\u1ed9c h\u1ecd D\u00e2u t\u1eb1m (Moraceae). C\u00e2y l\u00e0 lo\u1ea1i c\u00e2y th\u00e2n g\u1ed7, c\u00f3 th\u1ec3 cao t\u1edbi 20m, t\u00e1n r\u1ed9ng 10-15m.<\/p>\n<p>L\u00e1 d\u00e2u t\u1eb1m c\u00f3 h\u00ecnh b\u1ea7u d\u1ee5c, m\u00e9p l\u00e1 c\u00f3 r\u0103ng c\u01b0a, m\u1eb7t tr\u00ean m\u00e0u xanh \u0111\u1eadm, m\u1eb7t d\u01b0\u1edbi m\u00e0u xanh nh\u1ea1t. Hoa d\u00e2u t\u1eb1m nh\u1ecf, m\u00e0u tr\u1eafng ho\u1eb7c v\u00e0ng nh\u1ea1t, m\u1ecdc th\u00e0nh ch\u00f9m.<\/p>\n<p>tr\u00e1i\u00a0d\u00e2u t\u1eb1m c\u00f3 h\u00ecnh b\u1ea7u d\u1ee5c, khi ch\u00edn c\u00f3 m\u00e0u \u0111en ho\u1eb7c \u0111\u1ecf t\u00eda, \u0103n ng\u1ecdt v\u00e0 m\u1ecdng n\u01b0\u1edbc.<\/p>\n<h2><strong><b>L\u1ee3i \u00edch khi tr\u1ed3ng c\u00e2y d\u00e2u t\u1eb1m<\/b><\/strong><\/h2>\n<p>Tr\u1ed3ng c\u00e2y d\u00e2u t\u1eb1m mang l\u1ea1i nhi\u1ec1u l\u1ee3i \u00edch cho ng\u01b0\u1eddi tr\u1ed3ng nh\u01b0:<\/p>\n<p>Gi\u00e1 tr\u1ecb kinh t\u1ebf: tr\u00e1i\u00a0d\u00e2u t\u1eb1m c\u00f3 th\u1ec3 b\u00e1n t\u01b0\u01a1i ho\u1eb7c ch\u1ebf bi\u1ebfn th\u00e0nh c\u00e1c s\u1ea3n ph\u1ea9m nh\u01b0 m\u1ee9t, r\u01b0\u1ee3u, n\u01b0\u1edbc gi\u1ea3i kh\u00e1t. L\u00e1 d\u00e2u t\u1eb1m \u0111\u01b0\u1ee3c d\u00f9ng \u0111\u1ec3 nu\u00f4i t\u1eb1m, l\u1ea5y k\u00e9n s\u1ea3n xu\u1ea5t t\u01a1 l\u1ee5a.<\/p>\n<p>Gi\u00e1 tr\u1ecb dinh d\u01b0\u1ee1ng: tr\u00e1i\u00a0d\u00e2u t\u1eb1m ch\u1ee9a nhi\u1ec1u vitamin, kho\u00e1ng ch\u1ea5t v\u00e0 ch\u1ea5t ch\u1ed1ng oxy h\u00f3a t\u1ed1t cho s\u1ee9c kh\u1ecfe. L\u00e1 d\u00e2u t\u1eb1m c\u0169ng c\u00f3 nhi\u1ec1u t\u00e1c d\u1ee5ng y d\u01b0\u1ee3c nh\u01b0 thanh nhi\u1ec7t, gi\u1ea3i \u0111\u1ed9c, l\u1ee3i ti\u1ec3u.<\/p>\n<p>D\u1ec5 tr\u1ed3ng v\u00e0 ch\u0103m s\u00f3c: C\u00e2y d\u00e2u t\u1eb1m d\u1ec5 tr\u1ed3ng, \u00edt s\u00e2u b\u1ec7nh, th\u00edch nghi v\u1edbi nhi\u1ec1u \u0111i\u1ec1u ki\u1ec7n kh\u00ed h\u1eadu.<\/p>\n<h2><strong><b>C<\/b><\/strong><strong><b>\u00e2y <\/b><\/strong><strong><b>d\u00e2u t\u1eb1m<\/b><\/strong><strong><b>\u00a0tr\u1ed3ng bao l\u00e2u c\u00f3 tr\u00e1i?<\/b><\/strong><\/h2>\n<figure id=\"attachment_1807\" aria-describedby=\"caption-attachment-1807\" style=\"width: 453px\" class=\"wp-caption aligncenter\"><img loading=\"lazy\" decoding=\"async\" class=\"wp-image-1807\" src=\"http:\/\/localhost\/phucan713\/wp-content\/uploads\/2024\/05\/chanh-chum-1-272x300.jpg\" alt=\"Tr\u00e1i d\u00e2u t\u1eb1m \u0111\u00e3 ch\u00edn\" width=\"453\" height=\"500\" \/><figcaption id=\"caption-attachment-1807\" class=\"wp-caption-text\">Tr\u00e1i d\u00e2u t\u1eb1m \u0111\u00e3 ch\u00edn<\/figcaption><\/figure>\n<p>Kho\u1ea3ng 4-5 th\u00e1ng sau khi tr\u1ed3ng c\u00e2y d\u00e2u t\u1eb1m \u0111\u00e3 b\u1eaft \u0111\u1ea7u cho nh\u1eefng tr\u00e1i \u0111\u1ea7u ti\u00ean. Tuy nhi\u00ean, 2 n\u0103m tu\u1ed5i m\u1edbi \u0111\u00fang s\u1ee9c cho c\u00e2y mang tr\u00e1i thu ho\u1ea1ch nhi\u1ec1u v\u00e0 \u1ed5n \u0111\u1ecbnh.<\/p>\n<h2><strong><b>T\u1eeb l\u00fac ra hoa \u0111\u1ebfn khi thu ho\u1ea1ch d\u00e2u t\u1eb1m kho\u1ea3ng bao l\u00e2u?<\/b><\/strong><\/h2>\n<p>D\u00e2u t\u1eb1m t\u1eeb l\u00fac ra hoa \u0111\u1ebfn thu ho\u1ea1ch c\u1ea7n kho\u1ea3ng 1,5 th\u00e1ng.<\/p>\n<h2><strong><b>N\u0103ng su\u1ea5t <\/b><\/strong><strong><b>gi\u1ed1ng d\u00e2u t\u1eb1m<\/b><\/strong><\/h2>\n<p>D\u00e2u t\u1eb1m m\u1ed7i n\u0103m cho tr\u00e1i 2-3 \u0111\u1ee3t ch\u00ednh v\u00e0o th\u00e1ng 3, 7, 11 (\u00e2m l\u1ecbch). Gi\u1ed1ng d\u00e2u t\u1eb1m s\u1ebd cho thu ho\u1ea1ch tr\u00e1i li\u00ean t\u1ee5c trong 1 th\u00e1ng\/ \u0111\u1ee3t. Sau \u0111\u00f3 cho c\u00e2y ngh\u1ec9 ng\u01a1i 1 th\u00e1ng, ti\u1ebfp \u0111\u1ebfn tu\u1ed1t l\u00e1 \u0111\u1ec3 c\u00e2y ra hoa cho tr\u00e1i \u0111\u1ee3t ti\u1ebfp theo.<\/p>\n<p>Trung b\u00ecnh su\u1ed1t 1 v\u1ee5 ta s\u1ebd thu \u0111\u01b0\u1ee3c 1 &#8211; 1,3 t\u1ea5n tr\u00e1i cho di\u1ec7n t\u00edch 1000m2 (1 c\u00f4ng \u0111\u1ea5t). M\u1ed7i c\u00e2y d\u00e2u t\u1eb1m s\u1ebd cho n\u0103ng su\u1ea5t 30-50 kg tr\u00e1i.<\/p>\n<figure id=\"attachment_1809\" aria-describedby=\"caption-attachment-1809\" style=\"width: 500px\" class=\"wp-caption aligncenter\"><img loading=\"lazy\" decoding=\"async\" class=\"wp-image-1809\" src=\"http:\/\/localhost\/phucan713\/wp-content\/uploads\/2024\/05\/131984705_1582785841907895_8683554719993401544_n-300x225.jpg\" alt=\"Thu ho\u1ea1ch d\u00e2u t\u1eb1m\" width=\"500\" height=\"375\" \/><figcaption id=\"caption-attachment-1809\" class=\"wp-caption-text\">Thu ho\u1ea1ch d\u00e2u t\u1eb1m<\/figcaption><\/figure>\n<h2><strong><b>Kh\u00ed h\u1eadu v\u00e0 \u0111\u1ea5t tr\u1ed3ng th\u00edch h\u1ee3p v\u1edbi <\/b><\/strong><strong><b>gi\u1ed1ng d\u00e2u t\u1eb1m<\/b><\/strong><\/h2>\n<p>C\u00e2y d\u00e2u t\u1eb1m l\u00e0 lo\u1ea1i c\u00e2y c\u00f3 s\u1ee9c s\u1ed1ng m\u00e3nh li\u1ec7t, c\u00f3 kh\u1ea3 n\u0103ng th\u00edch nghi t\u1ed1t v\u1edbi nhi\u1ec1u lo\u1ea1i \u0111\u1ea5t v\u00e0 \u0111i\u1ec1u ki\u1ec7n kh\u00ed h\u1eadu kh\u00e1c nhau. Tuy nhi\u00ean, \u0111\u1ec3 c\u00e2y ph\u00e1t tri\u1ec3n t\u1ed1t nh\u1ea5t v\u00e0 cho n\u0103ng su\u1ea5t cao, c\u1ea7n l\u01b0u \u00fd nh\u1eefng y\u1ebfu t\u1ed1 sau:<\/p>\n<ol>\n<li>\n<h3><strong><b> Kh\u00ed h\u1eadu<\/b><\/strong><\/h3>\n<\/li>\n<\/ol>\n<p>Nhi\u1ec7t \u0111\u1ed9: C\u00e2y d\u00e2u t\u1eb1m \u01b0a kh\u00ed h\u1eadu \u00f4n h\u00f2a, nhi\u1ec7t \u0111\u1ed9 trung b\u00ecnh t\u1eeb 20-25\u00b0C.<\/p>\n<p>\u00c1nh s\u00e1ng: C\u00e2y d\u00e2u t\u1eb1m c\u1ea7n nhi\u1ec1u \u00e1nh s\u00e1ng \u0111\u1ec3 sinh tr\u01b0\u1edfng v\u00e0 ph\u00e1t tri\u1ec3n. N\u00ean tr\u1ed3ng c\u00e2y \u1edf n\u01a1i c\u00f3 \u0111\u1ee7 \u00e1nh s\u00e1ng m\u1eb7t tr\u1eddi, \u00edt nh\u1ea5t 6-8 ti\u1ebfng\/ng\u00e0y.<\/p>\n<p>L\u01b0\u1ee3ng m\u01b0a: C\u00e2y d\u00e2u t\u1eb1m c\u1ea7n l\u01b0\u1ee3ng m\u01b0a trung b\u00ecnh t\u1eeb 800-1000mm\/n\u0103m.<\/p>\n<p>\u0110\u1ed9 \u1ea9m: C\u00e2y d\u00e2u t\u1eb1m \u01b0a \u1ea9m nh\u01b0ng kh\u00f4ng ch\u1ecbu \u00fang. \u0110\u1ed9 \u1ea9m th\u00edch h\u1ee3p cho c\u00e2y d\u00e2u t\u1eb1m l\u00e0 60-70%.<\/p>\n<ol start=\"2\">\n<li>\n<h3>\u0110\u1ea5t tr\u1ed3ng<\/h3>\n<\/li>\n<\/ol>\n<p>Lo\u1ea1i \u0111\u1ea5t: C\u00e2y d\u00e2u t\u1eb1m c\u00f3 th\u1ec3 tr\u1ed3ng \u0111\u01b0\u1ee3c tr\u00ean nhi\u1ec1u lo\u1ea1i \u0111\u1ea5t kh\u00e1c nhau, nh\u01b0ng t\u1ed1t nh\u1ea5t l\u00e0 \u0111\u1ea5t t\u01a1i x\u1ed1p, gi\u00e0u dinh d\u01b0\u1ee1ng, tho\u00e1t n\u01b0\u1edbc t\u1ed1t.<\/p>\n<p>\u0110\u1ed9 pH: \u0110\u1ed9 pH th\u00edch h\u1ee3p cho c\u00e2y d\u00e2u t\u1eb1m l\u00e0 t\u1eeb 5.5 \u0111\u1ebfn 6.5.<\/p>\n<p>C\u1ea5u tr\u00fac \u0111\u1ea5t: C\u1ea5u tr\u00fac \u0111\u1ea5t t\u1ed1t cho c\u00e2y d\u00e2u t\u1eb1m l\u00e0 c\u1ea5u tr\u00fac h\u1ea1t th\u00f4, c\u00f3 \u0111\u1ed9 th\u00f4ng tho\u00e1ng cao.<\/p>\n<h2><strong><b>Kho\u1ea3ng c\u00e1ch tr\u1ed3ng <\/b><\/strong><strong><b>d\u00e2u t\u1eb1m<\/b><\/strong><\/h2>\n<p>Tr\u1ed3ng c\u00e2y d\u00e2u t\u1eb1m v\u1edbi kho\u1ea3ng c\u00e1ch 4m\/ c\u00e2y l\u00e0 ph\u00f9 h\u1ee3p \u0111\u1ec3 c\u00e2y c\u00f3 \u0111\u1ee7 di\u1ec7n t\u00edch ph\u00e1t tri\u1ec3n. Ta kh\u1ed1ng ch\u1ebf chi\u1ec1u cao c\u1ee7a c\u00e2y kho\u1ea3ng 2,5m, ch\u1ee7 y\u1ebfu ph\u00e1t tri\u1ec3n t\u00e0n \u0111\u1ec3 cho tr\u00e1i nhi\u1ec1u h\u01a1n. \u0110\u1ed9 r\u1ed9ng c\u1ee7a t\u00e0n c\u00e2y 2m5-3m.<\/p>\n<h2><strong><b>C\u00e1ch ch\u0103m s\u00f3c c\u00e2y d\u00e2u t\u1eb1m<\/b><\/strong><\/h2>\n<p>T\u01b0\u1edbi n\u01b0\u1edbc: C\u00e2y d\u00e2u t\u1eb1m c\u1ea7n t\u01b0\u1edbi n\u01b0\u1edbc th\u01b0\u1eddng xuy\u00ean, nh\u1ea5t l\u00e0 v\u00e0o m\u00f9a kh\u00f4.<\/p>\n<p>B\u00f3n ph\u00e2n: C\u00e2y d\u00e2u t\u1eb1m c\u1ea7n b\u00f3n ph\u00e2n \u0111\u1ecbnh k\u1ef3, 2-3 l\u1ea7n\/n\u0103m.<\/p>\n<p>C\u1eaft t\u1ec9a: C\u1ea7n c\u1eaft t\u1ec9a c\u00e0nh, nh\u00e1nh cho c\u00e2y d\u00e2u t\u1eb1m \u0111\u1ec3 t\u1ea1o t\u00e1n v\u00e0 k\u00edch th\u00edch ra hoa, \u0111\u1eadu tr\u00e1i.<\/p>\n<p>Ph\u00f2ng tr\u1eeb s\u00e2u b\u1ec7nh: C\u00e2y d\u00e2u t\u1eb1m \u00edt s\u00e2u b\u1ec7nh, nh\u01b0ng c\u1ea7n l\u01b0u \u00fd m\u1ed9t s\u1ed1 lo\u1ea1i s\u00e2u b\u1ec7nh h\u1ea1i ph\u1ed5 bi\u1ebfn nh\u01b0 r\u1ec7p, s\u00e2u \u0103n l\u00e1.<\/p>\n<h2><strong><b>Mua c\u00e2y gi\u1ed1ng d\u00e2u t\u1eb1m \u1edf \u0111\u00e2u ch\u1ea5t l\u01b0\u1ee3ng?<\/b><\/strong><\/h2>\n<p>C\u00e2y Gi\u1ed1ng Ph\u00fac An l\u00e0 \u0111\u1ecba ch\u1ec9 uy t\u00edn cung c\u1ea5p c\u00e2y gi\u1ed1ng d\u00e2u t\u1eb1m ch\u1ea5t l\u01b0\u1ee3ng cao. C\u00e2y gi\u1ed1ng \u0111\u01b0\u1ee3c tuy\u1ec3n ch\u1ecdn k\u1ef9 l\u01b0\u1ee1ng, \u0111\u1ea3m b\u1ea3o kh\u1ecfe m\u1ea1nh, kh\u00f4ng s\u00e2u b\u1ec7nh.<\/p>\n<figure id=\"attachment_1810\" aria-describedby=\"caption-attachment-1810\" style=\"width: 375px\" class=\"wp-caption aligncenter\"><img loading=\"lazy\" decoding=\"async\" class=\"wp-image-1810\" src=\"http:\/\/localhost\/phucan713\/wp-content\/uploads\/2024\/05\/z5444878604226_48ea692f6924694e4a7f9be774c09afb-225x300.jpg\" alt=\"C\u00e2y gi\u1ed1ng d\u00e2u t\u1eb1m ch\u1ea5t l\u01b0\u1ee3ng t\u1ea1i Ph\u00fac An\" width=\"375\" height=\"500\" \/><figcaption id=\"caption-attachment-1810\" class=\"wp-caption-text\">C\u00e2y gi\u1ed1ng d\u00e2u t\u1eb1m ch\u1ea5t l\u01b0\u1ee3ng t\u1ea1i Ph\u00fac An<\/figcaption><\/figure>\n<p>C\u00e2y tr\u1ea3i qua quy tr\u00ecnh nh\u00e2n gi\u1ed1ng, d\u01b0\u1ee1ng c\u00e2y con, x\u1ea3 n\u1eafng ho\u00e0n ch\u1ec9nh. \u0110\u1ebfn tay c\u00f4 b\u00e1c s\u1ebd l\u00e0 t\u1eebng c\u00e2y \u0111\u00e3 c\u1ee9ng c\u00e1p \u0111\u00e3 ra c\u01a1i ch\u1ed3i m\u1edbi.<br \/>\nQu\u00fd c\u00f4 b\u00e1c c\u00f3 th\u1ec3 li\u00ean h\u1ec7 tr\u1ef1c ti\u1ebfp qua SDT\/ Zalo 0962.888.014 (<a href=\"http:\/\/localhost\/phucan713\/\" target=\"_blank\" rel=\"noopener\">C\u00e2y Gi\u1ed1ng Ph\u00fac An<\/a>) \u0111\u1ec3 ch\u00fang t\u00f4i t\u01b0 v\u1ea5n v\u00e0 b\u00e1o gi\u00e1 c\u1ee5 th\u1ec3. Xin c\u1ea3m \u01a1n qu\u00fd c\u00f4 b\u00e1c \u0111\u00e3 \u0111\u1eb7t ni\u1ec1m tin v\u1edbi nh\u00e0 v\u01b0\u1eddn.<\/p>\n<p>T\u1ea1i C\u00e2y Gi\u1ed1ng Ph\u00fac An, b\u1ea1n s\u1ebd \u0111\u01b0\u1ee3c:<\/p>\n<ul>\n<li>Cung c\u1ea5p c\u00e2y gi\u1ed1ng ch\u1ea5t l\u01b0\u1ee3ng cao, gi\u00e1 c\u1ea3 c\u1ea1nh tranh.<\/li>\n<li>T\u01b0 v\u1ea5n mi\u1ec5n ph\u00ed v\u1ec1 c\u00e1ch tr\u1ed3ng v\u00e0 ch\u0103m s\u00f3c c\u00e2y d\u00e2u t\u1eb1m.<\/li>\n<li>H\u1ed7 tr\u1ee3 v\u1eadn chuy\u1ec3n c\u00e2y gi\u1ed1ng \u0111\u1ebfn t\u1eadn n\u01a1i.<\/li>\n<\/ul>\n<p>&gt;&gt; M\u1eddi b\u1ea1n \u0111\u1ecdc th\u00eam: <span style=\"color: #000080;\"><em><strong>T<a href=\"https:\/\/danviet.vn\/trong-dau-tam-ra-trai-cha-kip-can-o-hau-giang-mot-nong-dan-hai-10-tan-ban-mang-ve-500-trieu-20240529235242923-d1164031.html\" target=\"_blank\" rel=\"noopener\">r\u1ed3ng th\u1ee9 c\u00e2y t\u1edbi m\u00f9a ra tr\u00e1i ch\u1ea3 k\u1ecbp c\u1ea3n, \u1edf H\u1eadu Giang, m\u1ed9t n\u00f4ng d\u00e2n h\u00e1i 10 t\u1ea5n b\u00e1n, mang v\u1ec1 500 tri\u1ec7u<\/a><\/strong><\/em><\/span><\/p>\n","protected":false},"excerpt":{"rendered":"<p>* Gi\u00e1 tham kh\u1ea3o cho s\u1ed1 l\u01b0\u1ee3ng t\u1eeb 30 c\u00e2y, c\u00f3 th\u1ec3 thay \u0111\u1ed5i theo th\u1eddi \u0111i\u1ec3m<br \/>\n* Ch\u01b0a bao g\u1ed3m ph\u00ed v\u1eadn chuy\u1ec3n (t\u00f9y theo s\u1ed1 l\u01b0\u1ee3ng c\u00e2y v\u00e0 \u0111\u1ecba \u0111i\u1ec3m giao h\u00e0ng)<\/p>\n","protected":false},"featured_media":1823,"comment_status":"open","ping_status":"closed","template":"","meta":[],"product_brand":[],"product_cat":[35,37],"product_tag":[],"class_list":{"0":"post-1805","1":"product","2":"type-product","3":"status-publish","4":"has-post-thumbnail","6":"product_cat-san-pham-giong-cay-an-trai","7":"product_cat-cay-giong-khac","9":"first","10":"instock","11":"shipping-taxable","12":"purchasable","13":"product-type-simple"},"_links":{"self":[{"href":"https:\/\/ktech4.k-tech-services.com\/phucan713\/wp-json\/wp\/v2\/product\/1805","targetHints":{"allow":["GET"]}}],"collection":[{"href":"https:\/\/ktech4.k-tech-services.com\/phucan713\/wp-json\/wp\/v2\/product"}],"about":[{"href":"https:\/\/ktech4.k-tech-services.com\/phucan713\/wp-json\/wp\/v2\/types\/product"}],"replies":[{"embeddable":true,"href":"https:\/\/ktech4.k-tech-services.com\/phucan713\/wp-json\/wp\/v2\/comments?post=1805"}],"wp:featuredmedia":[{"embeddable":true,"href":"https:\/\/ktech4.k-tech-services.com\/phucan713\/wp-json\/"}],"wp:attachment":[{"href":"https:\/\/ktech4.k-tech-services.com\/phucan713\/wp-json\/wp\/v2\/media?parent=1805"}],"wp:term":[{"taxonomy":"product_brand","embeddable":true,"href":"https:\/\/ktech4.k-tech-services.com\/phucan713\/wp-json\/wp\/v2\/product_brand?post=1805"},{"taxonomy":"product_cat","embeddable":true,"href":"https:\/\/ktech4.k-tech-services.com\/phucan713\/wp-json\/wp\/v2\/product_cat?post=1805"},{"taxonomy":"product_tag","embeddable":true,"href":"https:\/\/ktech4.k-tech-services.com\/phucan713\/wp-json\/wp\/v2\/product_tag?post=1805"}],"curies":[{"name":"wp","href":"https:\/\/api.w.org\/{rel}","templated":true}]}}