{"id":1813,"date":"2024-05-22T03:40:13","date_gmt":"2024-05-22T03:40:13","guid":{"rendered":"https:\/\/caygiongphucan.com\/?post_type=product&amp;p=1813"},"modified":"2024-05-22T03:40:13","modified_gmt":"2024-05-22T03:40:13","slug":"giong-chanh-tau-chum-the-he-moi","status":"publish","type":"product","link":"https:\/\/ktech4.k-tech-services.com\/phucan713\/san-pham\/giong-chanh-tau-chum-the-he-moi\/","title":{"rendered":"C\u00e2y gi\u1ed1ng chanh t\u00e0u ch\u00f9m th\u1ebf h\u1ec7 m\u1edbi"},"content":{"rendered":"<p>Chanh T\u00e0u Ch\u00f9m Th\u1ebf H\u1ec7 M\u1edbi\u00a0l\u00e0 gi\u1ed1ng c\u00e2y tr\u1ed3ng ti\u1ec1m n\u0103ng, mang l\u1ea1i nhi\u1ec1u l\u1ee3i \u00edch cho nh\u00e0 v\u01b0\u1eddn v\u00e0 ng\u01b0\u1eddi ti\u00eau d\u00f9ng. V\u1edbi nh\u1eefng \u01b0u \u0111i\u1ec3m v\u01b0\u1ee3t tr\u1ed9i so v\u1edbi gi\u1ed1ng chanh c\u0169, \u0111\u00e2y l\u00e0 l\u1ef1a ch\u1ecdn h\u00e0ng \u0111\u1ea7u cho nh\u1eefng ai mu\u1ed1n tr\u1ed3ng chanh \u0111\u1ec3 l\u1ea5y qu\u1ea3 ho\u1eb7c l\u00e0m kinh t\u1ebf. C\u00f9ng<a href=\"http:\/\/localhost\/phucan713\/\" target=\"_blank\" rel=\"noopener\"><u>\u00a0C\u00e2y Gi\u1ed1ng Ph\u00fac An<\/u><\/a>\u00a0t\u00ecm hi\u1ec3u v\u1ec1 s\u1ef1 \u01b0u \u0111i\u1ec3m c\u1ee7a ch\u00fang nh\u00e9!<\/p>\n<h2><strong><b>\u01afu \u0111i\u1ec3m v\u01b0\u1ee3t tr\u1ed9i c\u1ee7a <\/b><\/strong><strong><b>Chanh T\u00e0u Ch\u00f9m Th\u1ebf H\u1ec7 M\u1edbi<\/b><\/strong><strong><b>\u00a0so v\u1edbi gi\u1ed1ng chanh ch\u00f9m b\u00f4ng t\u00edm th\u01b0\u1eddng<\/b><\/strong><\/h2>\n<h3><strong><b>N\u0103ng su\u1ea5t <\/b><\/strong><strong><b>gi\u1ed1ng Chanh T\u00e0u Ch\u00f9m Th\u1ebf H\u1ec7 M\u1edbi <\/b><\/strong><strong><b>cao h\u01a1n<\/b><\/strong><\/h3>\n<p>Chanh T\u00e0u Ch\u00f9m Th\u1ebf H\u1ec7 M\u1edbi\u00a0c\u00f3 n\u0103ng su\u1ea5t cao h\u01a1n 30% so v\u1edbi gi\u1ed1ng chanh ch\u00f9m b\u00f4ng t\u00edm tr\u01b0\u1edbc \u0111\u00e2y.<\/p>\n<p>Trung b\u00ecnh m\u1ed7i c\u00e2y\u00a0Chanh T\u00e0u Ch\u00f9m Th\u1ebf H\u1ec7 M\u1edbi\u00a0c\u00f3 th\u1ec3 cho thu ho\u1ea1ch t\u1eeb 100-150 kg\/n\u0103m, th\u1eadm ch\u00ed l\u00ean \u0111\u1ebfn 200 kg\/ n\u0103m n\u1ebfu \u0111\u01b0\u1ee3c ch\u0103m s\u00f3c t\u1ed1t.<\/p>\n<p><strong><b>L\u00fd do:<\/b><\/strong>\u00a0Nh\u1edd \u00e1p d\u1ee5ng k\u1ef9 thu\u1eadt lai t\u1ea1o gi\u1ed1ng ti\u00ean ti\u1ebfn, c\u00e2y c\u00f3 kh\u1ea3 n\u0103ng sinh tr\u01b0\u1edfng m\u1ea1nh m\u1ebd, c\u00e0nh nh\u00e1nh ph\u00e1t tri\u1ec3n t\u1ed1t, t\u00e1n c\u00e2y r\u1ed9ng, m\u1eadt \u0111\u1ed9 tr\u00e1i d\u00e0y h\u01a1n.<\/p>\n<figure id=\"attachment_2583\" aria-describedby=\"caption-attachment-2583\" style=\"width: 375px\" class=\"wp-caption aligncenter\"><img loading=\"lazy\" decoding=\"async\" class=\"wp-image-2583\" src=\"http:\/\/localhost\/phucan713\/wp-content\/uploads\/2024\/05\/z5653527298150_750b314512cbafaff1c665267ebd2f28-225x300.jpg\" alt=\"N\u0103ng su\u1ea5t chanh t\u00e0u ch\u00f9m th\u1ebf h\u1ec7 m\u1edbi r\u1ea5t cao\" width=\"375\" height=\"500\" srcset=\"https:\/\/ktech4.k-tech-services.com\/phucan713\/wp-content\/uploads\/2024\/05\/z5653527298150_750b314512cbafaff1c665267ebd2f28-225x300.jpg 225w, https:\/\/ktech4.k-tech-services.com\/phucan713\/wp-content\/uploads\/2024\/05\/z5653527298150_750b314512cbafaff1c665267ebd2f28-768x1024.jpg 768w, https:\/\/ktech4.k-tech-services.com\/phucan713\/wp-content\/uploads\/2024\/05\/z5653527298150_750b314512cbafaff1c665267ebd2f28-510x680.jpg 510w, https:\/\/ktech4.k-tech-services.com\/phucan713\/wp-content\/uploads\/2024\/05\/z5653527298150_750b314512cbafaff1c665267ebd2f28.jpg 960w\" sizes=\"auto, (max-width: 375px) 100vw, 375px\" \/><figcaption id=\"caption-attachment-2583\" class=\"wp-caption-text\">N\u0103ng su\u1ea5t chanh t\u00e0u ch\u00f9m th\u1ebf h\u1ec7 m\u1edbi r\u1ea5t cao<\/figcaption><\/figure>\n<div class=\"mceTemp\"><\/div>\n<h3><strong><b>Ch\u1ea5t l\u01b0\u1ee3ng tr\u00e1i t\u1ed1t h\u01a1n<\/b><\/strong><\/h3>\n<p>Tr\u00e1i Chanh T\u00e0u Ch\u00f9m Th\u1ebf H\u1ec7 M\u1edbi\u00a0c\u00f3 v\u1ecf m\u1ecfng h\u01a1n, nhi\u1ec1u n\u01b0\u1edbc h\u01a1n, v\u1ecb chua thanh d\u1ecbu, \u00edt h\u1ea1t h\u01a1n so v\u1edbi gi\u1ed1ng chanh c\u0169.<\/p>\n<p>H\u00e0m l\u01b0\u1ee3ng vitamin C cao h\u01a1n, mang l\u1ea1i nhi\u1ec1u l\u1ee3i \u00edch cho s\u1ee9c kh\u1ecfe.<\/p>\n<p>K\u00edch th\u01b0\u1edbc tr\u00e1i to h\u01a1n, \u0111\u1ed3ng \u0111\u1ec1u h\u01a1n, d\u1ec5 thu ho\u1ea1ch v\u00e0 v\u1eadn chuy\u1ec3n.<\/p>\n<h3><strong><b>Kh\u1ea3 n\u0103ng ch\u1ed1ng ch\u1ecbu b\u1ec7nh <\/b><\/strong><strong><b>gi\u1ed1ng Chanh T\u00e0u Ch\u00f9m Th\u1ebf H\u1ec7 M\u1edbi <\/b><\/strong><strong><b>cao h\u01a1n<\/b><\/strong><\/h3>\n<p>C\u00e2y Chanh T\u00e0u Ch\u00f9m Th\u1ebf H\u1ec7 M\u1edbi\u00a0c\u00f3 kh\u1ea3 n\u0103ng ch\u1ed1ng ch\u1ecbu c\u00e1c b\u1ec7nh ph\u1ed5 bi\u1ebfn nh\u01b0 v\u00e0ng l\u00e1, th\u1ed1i r\u1ec5, x\u00ec m\u1ee7 t\u1ed1t h\u01a1n so v\u1edbi gi\u1ed1ng chanh c\u0169.<\/p>\n<p>\u00cdt b\u1ecb s\u00e2u b\u1ec7nh t\u1ea5n c\u00f4ng h\u01a1n, gi\u00fap gi\u1ea3m chi ph\u00ed ch\u0103m s\u00f3c v\u00e0 b\u1ea3o v\u1ec7 m\u00f4i tr\u01b0\u1eddng.<\/p>\n<p>C\u00e2y sinh tr\u01b0\u1edfng kh\u1ecfe m\u1ea1nh, \u00edt r\u1ee5ng l\u00e1, cho n\u0103ng su\u1ea5t cao v\u00e0 \u1ed5n \u0111\u1ecbnh trong nhi\u1ec1u n\u0103m.<\/p>\n<figure id=\"attachment_1818\" aria-describedby=\"caption-attachment-1818\" style=\"width: 500px\" class=\"wp-caption aligncenter\"><img loading=\"lazy\" decoding=\"async\" class=\"wp-image-1818\" src=\"http:\/\/localhost\/phucan713\/wp-content\/uploads\/2024\/05\/chanh-bong-tim-the-he-moi-5-300x226.jpg\" alt=\"Chanh ch\u00f9m b\u00f4ng t\u00edm th\u1ebf h\u1ec7 m\u1edbi c\u00f3 n\u0103ng su\u1ea5t cao h\u01a1n 30%\" width=\"500\" height=\"376\" \/><figcaption id=\"caption-attachment-1818\" class=\"wp-caption-text\">Chanh ch\u00f9m b\u00f4ng t\u00edm th\u1ebf h\u1ec7 m\u1edbi c\u00f3 n\u0103ng su\u1ea5t cao h\u01a1n 30%<\/figcaption><\/figure>\n<h3><strong><b>Kh\u1ea3 n\u0103ng th\u00edch nghi r\u1ed9ng<\/b><\/strong><\/h3>\n<p>C\u00e2y Chanh T\u00e0u Ch\u00f9m Th\u1ebf H\u1ec7 M\u1edbi\u00a0c\u00f3 th\u1ec3 th\u00edch nghi t\u1ed1t v\u1edbi nhi\u1ec1u \u0111i\u1ec1u ki\u1ec7n kh\u00ed h\u1eadu kh\u00e1c nhau, t\u1eeb n\u00f3ng \u1ea9m \u0111\u1ebfn kh\u00f4 h\u1ea1n.<\/p>\n<p>Ph\u00f9 h\u1ee3p tr\u1ed3ng \u1edf nhi\u1ec1u v\u00f9ng mi\u1ec1n tr\u00ean c\u1ea3 n\u01b0\u1edbc, t\u1eeb \u0111\u1ed3ng b\u1eb1ng \u0111\u1ebfn trung du, mi\u1ec1n n\u00fai.<\/p>\n<p>Kh\u1ea3 n\u0103ng sinh tr\u01b0\u1edfng t\u1ed1t, cho n\u0103ng su\u1ea5t cao k\u1ec3 c\u1ea3 \u1edf nh\u1eefng khu v\u1ef1c \u0111\u1ea5t \u0111ai.<\/p>\n<figure id=\"attachment_1816\" aria-describedby=\"caption-attachment-1816\" style=\"width: 484px\" class=\"wp-caption aligncenter\"><img loading=\"lazy\" decoding=\"async\" class=\"wp-image-1816\" src=\"http:\/\/localhost\/phucan713\/wp-content\/uploads\/2024\/05\/chanh-bong-tim-the-he-moi-3-290x300.jpg\" alt=\"C\u1eadn c\u1ea3nh chanh t\u00e0u ch\u00f9m th\u1ebf h\u1ec7 m\u1edbi\" width=\"484\" height=\"500\" \/><figcaption id=\"caption-attachment-1816\" class=\"wp-caption-text\">C\u1eadn c\u1ea3nh chanh t\u00e0u ch\u00f9m th\u1ebf h\u1ec7 m\u1edbi<\/figcaption><\/figure>\n<h3><strong><b>Th\u1eddi gian c\u00f3 tr\u00e1i thu ho\u1ea1ch gi\u1ed1ng Chanh T\u00e0u Ch\u00f9m Th\u1ebf H\u1ec7 M\u1edbi nhanh h\u01a1n<\/b><\/strong><\/h3>\n<p>C\u00e2y Chanh T\u00e0u Ch\u00f9m Th\u1ebf H\u1ec7 M\u1edbi ch\u1ec9 m\u1ea5t kho\u1ea3ng 18-24 th\u00e1ng sau khi tr\u1ed3ng l\u00e0 c\u00f3 th\u1ec3 cho thu ho\u1ea1ch, nhanh h\u01a1n 6-12 th\u00e1ng so v\u1edbi gi\u1ed1ng chanh c\u0169. Gi\u00fap nh\u00e0 v\u01b0\u1eddn thu h\u1ed3i v\u1ed1n nhanh h\u01a1n v\u00e0 t\u0103ng hi\u1ec7u qu\u1ea3 kinh t\u1ebf. C\u00e2y c\u00f3 th\u1ec3 cho thu ho\u1ea1ch quanh n\u0103m, mang l\u1ea1i ngu\u1ed3n thu nh\u1eadp \u1ed5n \u0111\u1ecbnh cho ng\u01b0\u1eddi tr\u1ed3ng.<\/p>\n<p>T\u1eeb khi ra hoa \u0111\u1ebfn khi c\u00f3 tr\u00e1i thu ho\u1ea1ch c\u1ea7n kho\u1ea3ng 5 th\u00e1ng.<\/p>\n<p><strong><b>Ngo\u00e0i ra, <\/b><\/strong><strong><b>Chanh T\u00e0u Ch\u00f9m Th\u1ebf H\u1ec7 M\u1edbi<\/b><\/strong><strong><b>\u00a0th\u1ebf h\u1ec7 m\u1edbi c\u00f2n c\u00f3 m\u1ed9t s\u1ed1 \u01b0u \u0111i\u1ec3m kh\u00e1c nh\u01b0:<\/b><\/strong><\/p>\n<ul>\n<li>\u00cdt gai h\u01a1n, d\u1ec5 thu ho\u1ea1ch h\u01a1n.<\/li>\n<li>C\u00f3 th\u1ec3 ch\u1ebf bi\u1ebfn th\u00e0nh nhi\u1ec1u m\u00f3n \u0103n ngon v\u00e0 th\u1ee9c u\u1ed1ng gi\u1ea3i kh\u00e1t.<\/li>\n<li>L\u00e0 ngu\u1ed3n nguy\u00ean li\u1ec7u qu\u00fd gi\u00e1 cho ng\u00e0nh c\u00f4ng nghi\u1ec7p ch\u1ebf bi\u1ebfn th\u1ef1c ph\u1ea9m v\u00e0 d\u01b0\u1ee3c ph\u1ea9m.<\/li>\n<\/ul>\n<p>V\u1edbi nh\u1eefng \u01b0u \u0111i\u1ec3m v\u01b0\u1ee3t tr\u1ed9i n\u00e0y, \u00a0Chanh T\u00e0u Ch\u00f9m Th\u1ebf H\u1ec7 M\u1edbi\u00a0th\u1ebf h\u1ec7 m\u1edbi h\u1ee9a h\u1eb9n s\u1ebd tr\u1edf th\u00e0nh gi\u1ed1ng c\u00e2y tr\u1ed3ng \u0111\u01b0\u1ee3c \u01b0a chu\u1ed9ng r\u1ed9ng r\u00e3i trong th\u1eddi gian t\u1edbi.<\/p>\n<h2><strong>Th\u1eddi \u0111i\u1ec3m thu ho\u1ea1ch<\/strong><\/h2>\n<p>Th\u1eddi \u0111i\u1ec3m chanh cho tr\u00e1i nhi\u1ec1u nh\u1ea5t trong n\u0103m l\u00e0 th\u00e1ng 4, 5 \u00e2m l\u1ecbch v\u00e0 chanh b\u00e1n c\u00f3 gi\u00e1 t\u1ed1t t\u1eeb th\u00e1ng 11 n\u0103m tr\u01b0\u1edbc \u0111\u1ebfn th\u00e1ng 5 \u00e2m l\u1ecbch n\u0103m sau. Ta n\u00ean \u0111\u1ec3 tr\u00e1i t\u1eadp trung v\u00e0o m\u00f9a n\u1eafng \u0111\u1ec3 b\u00e1n \u0111\u01b0\u1ee3c gi\u00e1 cao h\u01a1n.<\/p>\n<h2><strong><b>Kho\u1ea3ng c\u00e1ch tr\u1ed3ng c\u00e2y <\/b><\/strong><strong><b>Chanh T\u00e0u Ch\u00f9m Th\u1ebf H\u1ec7 M\u1edbi<\/b><\/strong><\/h2>\n<p>Kho\u1ea3ng c\u00e1ch l\u00fd t\u01b0\u1edfng gi\u1eefa c\u00e1c c\u00e2y Chanh T\u00e0u Ch\u00f9m Th\u1ebf H\u1ec7 M\u1edbi\u00a0l\u00e0 3m x 3m. Nh\u01b0 v\u1eady, 1 c\u00f4ng (1000m2) \u0111\u1ea5t tr\u1ed3ng \u0111\u01b0\u1ee3c kho\u1ea3ng 100 c\u00e2y, 1 hecta tr\u1ed3ng \u0111\u01b0\u1ee3c 1000 c\u00e2y.<\/p>\n<h2><strong><b>\u0110i\u1ec1u ki\u1ec7n th\u00edch h\u1ee3p tr\u1ed3ng gi\u1ed1ng <\/b><\/strong><strong><b>Chanh T\u00e0u Ch\u00f9m Th\u1ebf H\u1ec7 M\u1edbi<\/b><\/strong><\/h2>\n<h3><strong><b>\u0110\u1ea5t \u0111ai<\/b><\/strong><\/h3>\n<p>Chanh T\u00e0u Ch\u00f9m Th\u1ebf H\u1ec7 M\u1edbi\u00a0th\u00edch \u0111\u1ea5t b\u1eb1ng ph\u1eb3ng, t\u01a1i x\u1ed1p, c\u00f3 kh\u1ea3 n\u0103ng tho\u00e1ng kh\u00ed v\u00e0 gi\u1eef \u1ea9m t\u1ed1t, \u0111\u1ed3ng th\u1eddi kh\u00f4ng b\u1ecb ng\u1eadp \u00fang trong m\u00f9a m\u01b0a.<\/p>\n<p>Trong nh\u1eefng v\u00f9ng \u0111\u1ea5t th\u1ea5p, c\u1ea3i thi\u1ec7n b\u1eb1ng c\u00e1ch \u0111\u00e0o m\u01b0\u01a1ng l\u00ean li\u1ebfp v\u00e0 s\u1eed d\u1ee5ng m\u00f4 \u0111\u1ec3 h\u1ed7 tr\u1ee3 vi\u1ec7c tho\u00e1t n\u01b0\u1edbc nhanh ch\u00f3ng. \u0110\u1ed1i v\u1edbi ph\u00a0\u0111\u1ea5t, m\u1ee9c l\u00fd t\u01b0\u1edfng nh\u1ea5t l\u00e0 t\u1eeb 5,5\u00a0\u0111\u1ebfn 6,5.<\/p>\n<h3><strong><b>Kh\u00ed h\u1eadu<\/b><\/strong><\/h3>\n<p>Nhi\u1ec7t \u0111\u1ed9 l\u00fd t\u01b0\u1edfng cho s\u1ef1 ph\u00e1t tri\u1ec3n c\u1ee7a c\u00e2y l\u00e0 t\u1eeb 23 \u0111\u1ebfn 35 \u0111\u1ed9 c. \u1ede v\u00f9ng nam b\u1ed9, c\u00e2y s\u1ebd ph\u00e1t tri\u1ec3n m\u1ea1nh m\u1ebd, t\u1eeb giai \u0111o\u1ea1n hoa \u0111\u1ebfn khi tr\u00e1i ch\u00edn k\u00e9o d\u00e0i trong kho\u1ea3ng 5 \u0111\u1ebfn 7 th\u00e1ng, t\u00f9y thu\u1ed9c v\u00e0o lo\u1ea1i c\u00e2y. V\u1edbi kh\u00ed h\u1eadu l\u1ea1nh, th\u1eddi gian t\u1eeb khi c\u00e2y b\u1eaft \u0111\u1ea7u \u0111\u01b0a ra hoa cho \u0111\u1ebfn khi tr\u00e1i ch\u00edn s\u1ebd k\u00e9o d\u00e0i h\u01a1n.<\/p>\n<p>C\u00e2y chanh \u0111\u1eb7c bi\u1ec7t c\u1ea7n nhi\u1ec1u n\u01b0\u1edbc trong th\u1eddi k\u1ef3 ra hoa v\u00e0 \u0111\u1eadu tr\u00e1i. Trong nh\u1eefng th\u00e1ng kh\u00f4, c\u00f3 th\u1ec3 m\u1ed9t ng\u00e0y t\u01b0\u1edbi m\u1ed9t ng\u00e0y ngh\u1ec9. Trong th\u00e1ng m\u01b0a, tr\u00e1nh t\u00ecnh tr\u1ea1ng ng\u1eadp \u00fang.<\/p>\n<h2><strong><b>L\u01b0u \u00fd khi mua gi\u1ed1ng <\/b><\/strong><strong><b>Chanh T\u00e0u Ch\u00f9m Th\u1ebf H\u1ec7 M\u1edbi<\/b><\/strong><\/h2>\n<ul>\n<li>N\u00ean mua gi\u1ed1ng c\u00e2y t\u1ea1i c\u00e1c v\u01b0\u1eddn \u01b0\u01a1m uy t\u00edn \u0111\u1ec3 \u0111\u1ea3m b\u1ea3o ch\u1ea5t l\u01b0\u1ee3ng.<\/li>\n<li>Ch\u0103m s\u00f3c c\u00e2y \u0111\u00fang k\u1ef9 thu\u1eadt \u0111\u1ec3 \u0111\u1ea1t \u0111\u01b0\u1ee3c n\u0103ng su\u1ea5t cao nh\u1ea5t.<\/li>\n<li>Thu ho\u1ea1ch chanh khi tr\u00e1i \u0111\u00e3 ch\u00edn \u0111\u1ec1u<\/li>\n<\/ul>\n<h2><strong><b>Gi\u00e1 c\u00e2y gi\u1ed1ng <\/b><\/strong><strong><b>Chanh T\u00e0u Ch\u00f9m Th\u1ebf H\u1ec7 M\u1edbi<\/b><\/strong><\/h2>\n<p>Gi\u00e1 c\u00e2y gi\u1ed1ng \u00a0Chanh T\u00e0u Ch\u00f9m Th\u1ebf H\u1ec7 M\u1edbi t\u1ea1i v\u01b0\u1eddn Ph\u00fac An dao \u0111\u1ed9ng t\u1eeb 22.000 &#8211; 25.000\/ c\u00e2y. T\u00f9y theo l\u00f4 c\u00e2y, s\u1ed1 l\u01b0\u1ee3ng \u0111\u1eb7t s\u1ebd c\u00f3 m\u1ee9c gi\u00e1 kh\u00e1c nhau. Ch\u00fang t\u00f4i cam k\u1ebft lu\u00f4n gi\u1eef m\u1ee9c gi\u00e1 m\u1ec1m v\u1eeba t\u00fai ti\u1ec1n \u0111\u1ec3 m\u1ecdi kh\u00e1ch h\u00e0ng \u0111\u1ec1u c\u00f3 th\u1ec3 ch\u1ecdn mua nh\u1eefng c\u00e2y gi\u1ed1ng th\u1eadt t\u1ed1t cho khu v\u01b0\u1eddn c\u1ee7a m\u00ecnh.<\/p>\n<p>C\u00e2y Gi\u1ed1ng Ph\u00fac An c\u00f3 2 lo\u1ea1i:<\/p>\n<ul>\n<li>C\u00e2y chi\u1ebft c\u00e0nh, cao 50-60cm t\u00ednh t\u1eeb m\u1eb7t b\u1ea7u, nu\u00f4i b\u1ea7u<\/li>\n<li>C\u00e2y gh\u00e9p bo, xu\u1ea5t v\u01b0\u1eddn c\u01a1i 2, c\u00e2y \u1ed1p b\u1eb9 \u0111\u1ea5t<\/li>\n<\/ul>\n<p>&nbsp;<\/p>\n<figure id=\"attachment_2584\" aria-describedby=\"caption-attachment-2584\" style=\"width: 445px\" class=\"wp-caption aligncenter\"><img loading=\"lazy\" decoding=\"async\" class=\"wp-image-2584\" src=\"http:\/\/localhost\/phucan713\/wp-content\/uploads\/2024\/05\/z5546989280036_c2539e47a6daaa8c6a20c792ea9da609-267x300.jpg\" alt=\"C\u00e2y gi\u1ed1ng chanh t\u00e0u ch\u00f9m th\u1ebf h\u1ec7 m\u1edbi d\u1ea1ng c\u00e2y chi\u1ebft\" width=\"445\" height=\"500\" srcset=\"https:\/\/ktech4.k-tech-services.com\/phucan713\/wp-content\/uploads\/2024\/05\/z5546989280036_c2539e47a6daaa8c6a20c792ea9da609-267x300.jpg 267w, https:\/\/ktech4.k-tech-services.com\/phucan713\/wp-content\/uploads\/2024\/05\/z5546989280036_c2539e47a6daaa8c6a20c792ea9da609-911x1024.jpg 911w, https:\/\/ktech4.k-tech-services.com\/phucan713\/wp-content\/uploads\/2024\/05\/z5546989280036_c2539e47a6daaa8c6a20c792ea9da609-768x863.jpg 768w, https:\/\/ktech4.k-tech-services.com\/phucan713\/wp-content\/uploads\/2024\/05\/z5546989280036_c2539e47a6daaa8c6a20c792ea9da609-510x573.jpg 510w, https:\/\/ktech4.k-tech-services.com\/phucan713\/wp-content\/uploads\/2024\/05\/z5546989280036_c2539e47a6daaa8c6a20c792ea9da609.jpg 960w\" sizes=\"auto, (max-width: 445px) 100vw, 445px\" \/><figcaption id=\"caption-attachment-2584\" class=\"wp-caption-text\">C\u00e2y gi\u1ed1ng chanh t\u00e0u ch\u00f9m th\u1ebf h\u1ec7 m\u1edbi d\u1ea1ng c\u00e2y chi\u1ebft<\/figcaption><\/figure>\n<figure id=\"attachment_2588\" aria-describedby=\"caption-attachment-2588\" style=\"width: 375px\" class=\"wp-caption aligncenter\"><img loading=\"lazy\" decoding=\"async\" class=\"wp-image-2588\" src=\"http:\/\/localhost\/phucan713\/wp-content\/uploads\/2024\/05\/z5604760733011_2db8c4049af12a3d36793d0fd6d2846e-225x300.jpg\" alt=\"C\u00e2y gi\u1ed1ng chanh t\u00e0u ch\u00f9m th\u1ebf h\u1ec7 m\u1edbi c\u00e2y chi\u1ebft\" width=\"375\" height=\"500\" srcset=\"https:\/\/ktech4.k-tech-services.com\/phucan713\/wp-content\/uploads\/2024\/05\/z5604760733011_2db8c4049af12a3d36793d0fd6d2846e-225x300.jpg 225w, https:\/\/ktech4.k-tech-services.com\/phucan713\/wp-content\/uploads\/2024\/05\/z5604760733011_2db8c4049af12a3d36793d0fd6d2846e-768x1024.jpg 768w, https:\/\/ktech4.k-tech-services.com\/phucan713\/wp-content\/uploads\/2024\/05\/z5604760733011_2db8c4049af12a3d36793d0fd6d2846e-1152x1536.jpg 1152w, https:\/\/ktech4.k-tech-services.com\/phucan713\/wp-content\/uploads\/2024\/05\/z5604760733011_2db8c4049af12a3d36793d0fd6d2846e-510x680.jpg 510w, https:\/\/ktech4.k-tech-services.com\/phucan713\/wp-content\/uploads\/2024\/05\/z5604760733011_2db8c4049af12a3d36793d0fd6d2846e.jpg 1536w\" sizes=\"auto, (max-width: 375px) 100vw, 375px\" \/><figcaption id=\"caption-attachment-2588\" class=\"wp-caption-text\">C\u00e2y gi\u1ed1ng chanh t\u00e0u ch\u00f9m th\u1ebf h\u1ec7 m\u1edbi c\u00e2y chi\u1ebft<\/figcaption><\/figure>\n<figure id=\"attachment_2585\" aria-describedby=\"caption-attachment-2585\" style=\"width: 375px\" class=\"wp-caption aligncenter\"><img loading=\"lazy\" decoding=\"async\" class=\"wp-image-2585\" src=\"http:\/\/localhost\/phucan713\/wp-content\/uploads\/2024\/05\/z5647731456250_387c7b9de6fab95047af76429efe109f-225x300.jpg\" alt=\"C\u00e2y gi\u1ed1ng chanh t\u00e0u ch\u00f9m th\u1ebf h\u1ec7 m\u1edbi d\u1ea1ng c\u00e2y gh\u00e9p\" width=\"375\" height=\"500\" srcset=\"https:\/\/ktech4.k-tech-services.com\/phucan713\/wp-content\/uploads\/2024\/05\/z5647731456250_387c7b9de6fab95047af76429efe109f-225x300.jpg 225w, https:\/\/ktech4.k-tech-services.com\/phucan713\/wp-content\/uploads\/2024\/05\/z5647731456250_387c7b9de6fab95047af76429efe109f-768x1024.jpg 768w, https:\/\/ktech4.k-tech-services.com\/phucan713\/wp-content\/uploads\/2024\/05\/z5647731456250_387c7b9de6fab95047af76429efe109f-510x680.jpg 510w, https:\/\/ktech4.k-tech-services.com\/phucan713\/wp-content\/uploads\/2024\/05\/z5647731456250_387c7b9de6fab95047af76429efe109f.jpg 960w\" sizes=\"auto, (max-width: 375px) 100vw, 375px\" \/><figcaption id=\"caption-attachment-2585\" class=\"wp-caption-text\">C\u00e2y gi\u1ed1ng chanh t\u00e0u ch\u00f9m th\u1ebf h\u1ec7 m\u1edbi d\u1ea1ng c\u00e2y gh\u00e9p<\/figcaption><\/figure>\n<figure id=\"attachment_2587\" aria-describedby=\"caption-attachment-2587\" style=\"width: 375px\" class=\"wp-caption aligncenter\"><img loading=\"lazy\" decoding=\"async\" class=\"wp-image-2587\" src=\"http:\/\/localhost\/phucan713\/wp-content\/uploads\/2024\/05\/z5647733215046_ac4016b7d00f33e3aedfdd4ab42e0af3-225x300.jpg\" alt=\"C\u00e2y gi\u1ed1ng chanh t\u00e0u ch\u00f9m th\u1ebf h\u1ec7 m\u1edbi d\u1ea1ng c\u00e2y gh\u00e9p - Ph\u00fac An\" width=\"375\" height=\"500\" srcset=\"https:\/\/ktech4.k-tech-services.com\/phucan713\/wp-content\/uploads\/2024\/05\/z5647733215046_ac4016b7d00f33e3aedfdd4ab42e0af3-225x300.jpg 225w, https:\/\/ktech4.k-tech-services.com\/phucan713\/wp-content\/uploads\/2024\/05\/z5647733215046_ac4016b7d00f33e3aedfdd4ab42e0af3-768x1024.jpg 768w, https:\/\/ktech4.k-tech-services.com\/phucan713\/wp-content\/uploads\/2024\/05\/z5647733215046_ac4016b7d00f33e3aedfdd4ab42e0af3-510x680.jpg 510w, https:\/\/ktech4.k-tech-services.com\/phucan713\/wp-content\/uploads\/2024\/05\/z5647733215046_ac4016b7d00f33e3aedfdd4ab42e0af3.jpg 960w\" sizes=\"auto, (max-width: 375px) 100vw, 375px\" \/><figcaption id=\"caption-attachment-2587\" class=\"wp-caption-text\">C\u00e2y gi\u1ed1ng chanh t\u00e0u ch\u00f9m th\u1ebf h\u1ec7 m\u1edbi d\u1ea1ng c\u00e2y gh\u00e9p &#8211; Ph\u00fac An<\/figcaption><\/figure>\n<figure id=\"attachment_2589\" aria-describedby=\"caption-attachment-2589\" style=\"width: 375px\" class=\"wp-caption aligncenter\"><img loading=\"lazy\" decoding=\"async\" class=\"wp-image-2589\" src=\"http:\/\/localhost\/phucan713\/wp-content\/uploads\/2024\/05\/449092871_2137436539966226_6407492546722578523_n-1-225x300.jpg\" alt=\"C\u00e2y gi\u1ed1ng chanh t\u00e0u ch\u00f9m th\u1ebf h\u1ec7 m\u1edbi d\u1ea1ng c\u00e2y gh\u00e9p - Ph\u00fac An\" width=\"375\" height=\"500\" srcset=\"https:\/\/ktech4.k-tech-services.com\/phucan713\/wp-content\/uploads\/2024\/05\/449092871_2137436539966226_6407492546722578523_n-1-225x300.jpg 225w, https:\/\/ktech4.k-tech-services.com\/phucan713\/wp-content\/uploads\/2024\/05\/449092871_2137436539966226_6407492546722578523_n-1-510x680.jpg 510w, https:\/\/ktech4.k-tech-services.com\/phucan713\/wp-content\/uploads\/2024\/05\/449092871_2137436539966226_6407492546722578523_n-1.jpg 720w\" sizes=\"auto, (max-width: 375px) 100vw, 375px\" \/><figcaption id=\"caption-attachment-2589\" class=\"wp-caption-text\">C\u00e2y gi\u1ed1ng chanh t\u00e0u ch\u00f9m th\u1ebf h\u1ec7 m\u1edbi d\u1ea1ng c\u00e2y gh\u00e9p &#8211; Ph\u00fac An<\/figcaption><\/figure>\n<h2><strong><b>Mua c\u00e2y gi\u1ed1ng\u00a0<\/b><\/strong><strong><b>Chanh T\u00e0u Ch\u00f9m Th\u1ebf H\u1ec7 M\u1edbi<\/b><\/strong><strong><b>\u00a0\u1edf \u0111\u00e2u ch\u1ea5t l\u01b0\u1ee3ng?<\/b><\/strong><\/h2>\n<p>C\u00e2y tr\u1ea3i qua quy tr\u00ecnh nh\u00e2n gi\u1ed1ng, d\u01b0\u1ee1ng c\u00e2y con, x\u1ea3 n\u1eafng ho\u00e0n ch\u1ec9nh. \u0110\u1ebfn tay c\u00f4 b\u00e1c s\u1ebd l\u00e0 t\u1eebng c\u00e2y \u0111\u00e3 c\u1ee9ng c\u00e1p \u0111\u00e3 ra c\u01a1i ch\u1ed3i m\u1edbi.<br \/>\nQu\u00fd c\u00f4 b\u00e1c c\u00f3 th\u1ec3 li\u00ean h\u1ec7 tr\u1ef1c ti\u1ebfp qua SDT\/ Zalo 0962.888.014 (<a href=\"http:\/\/localhost\/phucan713\/\" target=\"_blank\" rel=\"noopener\">C\u00e2y Gi\u1ed1ng Ph\u00fac An<\/a>) \u0111\u1ec3 ch\u00fang t\u00f4i t\u01b0 v\u1ea5n v\u00e0 b\u00e1o gi\u00e1 c\u1ee5 th\u1ec3. Xin c\u1ea3m \u01a1n qu\u00fd c\u00f4 b\u00e1c \u0111\u00e3 \u0111\u1eb7t ni\u1ec1m tin v\u1edbi nh\u00e0 v\u01b0\u1eddn.<\/p>\n<p>&gt;&gt; M\u1eddi b\u1ea1n \u0111\u1ecdc th\u00eam: <a href=\"https:\/\/danviet.vn\/chanh-tu-quy-thu-cay-toan-than-thom-nuc-trong-thanh-cong-o-phu-yen-cay-thap-te-trai-qua-troi-20240823142319886-d1180111.html\" target=\"_blank\" rel=\"noopener\"><span style=\"color: #000080;\"><em><strong>Chanh t\u1ee9 qu\u00fd, th\u1ee9 c\u00e2y to\u00e0n th\u00e2n th\u01a1m n\u1ee9c, tr\u1ed3ng th\u00e0nh c\u00f4ng \u1edf Ph\u00fa Y\u00ean, c\u00e2y th\u1ea5p t\u00e8 tr\u00e1i qu\u00e1 tr\u1eddi<\/strong><\/em><\/span><\/a><\/p>\n<div class=\"text-lg my-4\"><\/div>\n","protected":false},"excerpt":{"rendered":"<p>* Gi\u00e1 tham kh\u1ea3o cho s\u1ed1 l\u01b0\u1ee3ng t\u1eeb 30 c\u00e2y, c\u00f3 th\u1ec3 thay \u0111\u1ed5i theo th\u1eddi \u0111i\u1ec3m<br \/>\n* Ch\u01b0a bao g\u1ed3m ph\u00ed v\u1eadn chuy\u1ec3n (t\u00f9y theo s\u1ed1 l\u01b0\u1ee3ng c\u00e2y v\u00e0 \u0111\u1ecba \u0111i\u1ec3m giao h\u00e0ng)<\/p>\n","protected":false},"featured_media":2583,"comment_status":"open","ping_status":"closed","template":"","meta":[],"product_brand":[],"product_cat":[35,117],"product_tag":[40],"class_list":{"0":"post-1813","1":"product","2":"type-product","3":"status-publish","4":"has-post-thumbnail","6":"product_cat-san-pham-giong-cay-an-trai","7":"product_cat-cay-co-mui","8":"product_tag-chanh-chum-bong-tim-the-he-moi","10":"first","11":"instock","12":"shipping-taxable","13":"purchasable","14":"product-type-simple"},"_links":{"self":[{"href":"https:\/\/ktech4.k-tech-services.com\/phucan713\/wp-json\/wp\/v2\/product\/1813","targetHints":{"allow":["GET"]}}],"collection":[{"href":"https:\/\/ktech4.k-tech-services.com\/phucan713\/wp-json\/wp\/v2\/product"}],"about":[{"href":"https:\/\/ktech4.k-tech-services.com\/phucan713\/wp-json\/wp\/v2\/types\/product"}],"replies":[{"embeddable":true,"href":"https:\/\/ktech4.k-tech-services.com\/phucan713\/wp-json\/wp\/v2\/comments?post=1813"}],"wp:featuredmedia":[{"embeddable":true,"href":"https:\/\/ktech4.k-tech-services.com\/phucan713\/wp-json\/wp\/v2\/media\/2583"}],"wp:attachment":[{"href":"https:\/\/ktech4.k-tech-services.com\/phucan713\/wp-json\/wp\/v2\/media?parent=1813"}],"wp:term":[{"taxonomy":"product_brand","embeddable":true,"href":"https:\/\/ktech4.k-tech-services.com\/phucan713\/wp-json\/wp\/v2\/product_brand?post=1813"},{"taxonomy":"product_cat","embeddable":true,"href":"https:\/\/ktech4.k-tech-services.com\/phucan713\/wp-json\/wp\/v2\/product_cat?post=1813"},{"taxonomy":"product_tag","embeddable":true,"href":"https:\/\/ktech4.k-tech-services.com\/phucan713\/wp-json\/wp\/v2\/product_tag?post=1813"}],"curies":[{"name":"wp","href":"https:\/\/api.w.org\/{rel}","templated":true}]}}