{"id":1839,"date":"2024-05-23T09:37:17","date_gmt":"2024-05-23T09:37:17","guid":{"rendered":"https:\/\/caygiongphucan.com\/?post_type=product&amp;p=1839"},"modified":"2024-05-23T09:37:17","modified_gmt":"2024-05-23T09:37:17","slug":"cay-giong-khe-chua","status":"publish","type":"product","link":"https:\/\/ktech4.k-tech-services.com\/phucan713\/san-pham\/cay-giong-khe-chua\/","title":{"rendered":"C\u00e2y gi\u1ed1ng kh\u1ebf chua"},"content":{"rendered":"<p>Kh\u1ebf chua (Averrhoa carambola L.) l\u00e0 lo\u1ea1i c\u00e2y \u0103n tr\u00e1i\u00a0nhi\u1ec7t \u0111\u1edbi ph\u1ed5 bi\u1ebfn t\u1ea1i Vi\u1ec7t Nam, \u0111\u01b0\u1ee3c \u01b0a chu\u1ed9ng b\u1edfi h\u01b0\u01a1ng v\u1ecb chua ng\u1ecdt thanh m\u00e1t v\u00e0 h\u00e0m l\u01b0\u1ee3ng dinh d\u01b0\u1ee1ng cao.<\/p>\n<p>Gi\u1ed1ng kh\u1ebf chua d\u1ec5 tr\u1ed3ng, th\u00edch h\u1ee3p v\u1edbi nhi\u1ec1u \u0111i\u1ec1u ki\u1ec7n kh\u00ed h\u1eadu v\u00e0 cho n\u0103ng su\u1ea5t cao, n\u00ean tr\u1edf th\u00e0nh l\u1ef1a ch\u1ecdn l\u00fd t\u01b0\u1edfng cho nh\u00e0 v\u01b0\u1eddn v\u00e0 h\u1ed9 gia \u0111\u00ecnh.<\/p>\n<h2>Ngu\u1ed3n g\u1ed1c, \u0111\u1eb7c \u0111i\u1ec3m c\u00e2y kh\u1ebf chua<\/h2>\n<p><b><\/b>Ngu\u1ed3n g\u1ed1c: C\u00e2y kh\u1ebf chua c\u00f3 ngu\u1ed3n g\u1ed1c t\u1eeb \u0110\u00f4ng Nam \u00c1, \u0111\u01b0\u1ee3c du nh\u1eadp v\u00e0o Vi\u1ec7t Nam t\u1eeb l\u00e2u \u0111\u1eddi.<\/p>\n<p>\u0110\u1eb7c \u0111i\u1ec3m: C\u00e2y kh\u1ebf chua l\u00e0 c\u00e2y th\u00e2n g\u1ed7, cao trung b\u00ecnh 5 &#8211; 7m, tu\u1ed5i th\u1ecd l\u00ean \u0111\u1ebfn h\u01a1n 20 n\u0103m, c\u00e2y kh\u1ebf chua c\u00f3 t\u00e1n r\u1ed9ng. L\u00e1 k\u00e9p h\u00ecnh l\u00f4ng chim, hoa m\u00e0u h\u1ed3ng ph\u1edbt. Tr\u00e1i\u00a0kh\u1ebf c\u00f3 5 m\u00fai, h\u00ecnh ng\u00f4i sao, khi ch\u00edn chuy\u1ec3n sang m\u00e0u v\u00e0ng \u01b0\u01a1m.<\/p>\n<figure id=\"attachment_1847\" aria-describedby=\"caption-attachment-1847\" style=\"width: 500px\" class=\"wp-caption aligncenter\"><img loading=\"lazy\" decoding=\"async\" class=\"wp-image-1847\" src=\"http:\/\/localhost\/phucan713\/wp-content\/uploads\/2024\/05\/goi-dau-bang-nuoc-ep-khe-chua-toc-se-ong-a-suon-muot-nhu-ngoai-tiem-201912190903040831.jpg\" alt=\"C\u00e2y kh\u1ebf chua cho tr\u00e1i r\u1ea5t say\" width=\"500\" height=\"376\" \/><figcaption id=\"caption-attachment-1847\" class=\"wp-caption-text\">C\u00e2y kh\u1ebf chua cho tr\u00e1i r\u1ea5t say<\/figcaption><\/figure>\n<h2>\u0110\u1eb7c \u0111i\u1ec3m tr\u00e1i kh\u1ebf chua<\/h2>\n<p><b><\/b>K\u00edch th\u01b0\u1edbc: Tr\u00e1i\u00a0kh\u1ebf chua c\u00f3 k\u00edch th\u01b0\u1edbc trung b\u00ecnh, d\u00e0i kho\u1ea3ng 8 &#8211; 12cm, \u0111\u01b0\u1eddng k\u00ednh 5 &#8211; 7cm.<\/p>\n<p>V\u1ecb: R\u1ea5t chua, khi ch\u00edn h\u1eb3n c\u00f3 th\u00eam ch\u00fat v\u1ecb ng\u1ecdt, h\u01b0\u01a1ng th\u01a1m thanh m\u00e1t t\u1ea1o s\u1ef1 d\u1ec5 ch\u1ecbu.<\/p>\n<figure id=\"attachment_1848\" aria-describedby=\"caption-attachment-1848\" style=\"width: 500px\" class=\"wp-caption aligncenter\"><img loading=\"lazy\" decoding=\"async\" class=\"wp-image-1848\" src=\"http:\/\/localhost\/phucan713\/wp-content\/uploads\/2024\/05\/Trai-khe-chua.jpg\" alt=\"Tr\u00e1i kh\u1ebf chua\" width=\"500\" height=\"500\" \/><figcaption id=\"caption-attachment-1848\" class=\"wp-caption-text\">Tr\u00e1i kh\u1ebf chua<\/figcaption><\/figure>\n<h2>\u00a0L\u1ee3i \u00edch cho s\u1ee9c kh\u1ecfe<\/h2>\n<ul>\n<li>T\u0103ng c\u01b0\u1eddng h\u1ec7 mi\u1ec5n d\u1ecbch.<\/li>\n<li>H\u1ed7 tr\u1ee3 ti\u00eau h\u00f3a.<\/li>\n<li>T\u1ed1t cho tim m\u1ea1ch.<\/li>\n<li>Gi\u00fap \u0111\u1eb9p da, ch\u1ed1ng l\u00e3o h\u00f3a.<\/li>\n<li>H\u1ed7 tr\u1ee3 gi\u1ea3m c\u00e2n.<\/li>\n<li>Ng\u0103n ng\u1eeba ung th\u01b0.<\/li>\n<\/ul>\n<h2>Gi\u1ed1ng c\u00e2y kh\u1ebf chua tr\u1ed3ng bao l\u00e2u c\u00f3 tr\u00e1i<\/h2>\n<p>C\u00e2y kh\u1ebf chua gh\u00e9p c\u00e0nh cho tr\u00e1i sau 1-2\u00a0n\u0103m.\u00a0Ta n\u00ean \u0111\u1ec3 c\u00e2y 2 n\u0103m m\u1edbi cho mang tr\u00e1i nhi\u1ec1u, tr\u00e1nh tr\u01b0\u1eddng h\u1ee3p c\u00e2y b\u1ecb suy cho \u0111\u1ec3 tr\u00e1i qu\u00e1 s\u1edbm.<\/p>\n<figure id=\"attachment_1846\" aria-describedby=\"caption-attachment-1846\" style=\"width: 500px\" class=\"wp-caption aligncenter\"><img loading=\"lazy\" decoding=\"async\" class=\"wp-image-1846\" src=\"http:\/\/localhost\/phucan713\/wp-content\/uploads\/2024\/05\/254704123_4804148056303709_6329417155575675199_n-1024x768.jpg\" alt=\"C\u00e2y kh\u1ebf chua cho tr\u00e1i r\u1ea5t say, sinh tr\u01b0\u1edfng m\u1ea1nh \u1edf m\u1ecdi v\u00f9ng \u0111\u1ea5t\" width=\"500\" height=\"375\" \/><figcaption id=\"caption-attachment-1846\" class=\"wp-caption-text\">C\u00e2y kh\u1ebf chua cho tr\u00e1i\u00a0 say, sinh tr\u01b0\u1edfng m\u1ea1nh \u1edf m\u1ecdi v\u00f9ng \u0111\u1ea5t<\/figcaption><\/figure>\n<h2>T\u1eeb l\u00fac ra hoa \u0111\u1ebfn khi thu ho\u1ea1ch kh\u1ebf chua kho\u1ea3ng bao l\u00e2u?<\/h2>\n<p>T\u1eeb l\u00fac ra hoa \u0111\u1ebfn khi thu ho\u1ea1ch kh\u1ebf chua kho\u1ea3ng 3 &#8211; 4 th\u00e1ng.<\/p>\n<h2>N\u0103ng su\u1ea5t gi\u1ed1ng kh\u1ebf chua<\/h2>\n<p>N\u0103ng su\u1ea5t trung b\u00ecnh 50 &#8211; 70kg\/c\u00e2y\/n\u0103m.<\/p>\n<p>C\u00e2y kh\u1ebf chua c\u00f3 th\u1ec3 cho n\u0103ng su\u1ea5t cao h\u01a1n 100kg\/c\u00e2y\/n\u0103m, khi c\u00e2y \u0111\u01b0\u1ee3c 7-8 tu\u1ed5i v\u00e0\u00a0trong \u0111i\u1ec1u ki\u1ec7n \u0111\u01b0\u1ee3c ch\u0103m s\u00f3c t\u1ed1t.<\/p>\n<figure id=\"attachment_1844\" aria-describedby=\"caption-attachment-1844\" style=\"width: 284px\" class=\"wp-caption aligncenter\"><img loading=\"lazy\" decoding=\"async\" class=\"wp-image-1844\" src=\"http:\/\/localhost\/phucan713\/wp-content\/uploads\/2024\/05\/297420492_1508788282926002_5054757283612366486_n-581x1024.jpg\" alt=\"Thu ho\u1ea1ch kh\u1ebf chua t\u1ea1i m\u1ed9t khu v\u01b0\u1eddn\" width=\"284\" height=\"500\" \/><figcaption id=\"caption-attachment-1844\" class=\"wp-caption-text\">Thu ho\u1ea1ch kh\u1ebf chua t\u1ea1i m\u1ed9t khu v\u01b0\u1eddn<\/figcaption><\/figure>\n<h2>Kh\u00ed h\u1eadu v\u00e0 \u0111\u1ea5t tr\u1ed3ng th\u00edch h\u1ee3p v\u1edbi c\u00e2y kh\u1ebf chua<\/h2>\n<p><b><\/b>Kh\u00ed h\u1eadu: C\u00e2y kh\u1ebf chua \u01b0a kh\u00ed h\u1eadu nhi\u1ec7t \u0111\u1edbi, n\u00f3ng \u1ea9m.<\/p>\n<p>\u0110\u1ea5t tr\u1ed3ng: Ph\u00f9 h\u1ee3p v\u1edbi nhi\u1ec1u lo\u1ea1i \u0111\u1ea5t, nh\u01b0ng t\u1ed1t nh\u1ea5t l\u00e0 \u0111\u1ea5t t\u01a1i x\u1ed1p, gi\u00e0u dinh d\u01b0\u1ee1ng, tho\u00e1t n\u01b0\u1edbc t\u1ed1t.<\/p>\n<h2>Kho\u1ea3ng c\u00e1ch tr\u1ed3ng c\u00e2y kh\u1ebf chua<\/h2>\n<p>Kho\u1ea3ng c\u00e1ch tr\u1ed3ng kh\u1ebf chua \u0111\u01b0\u1ee3c khuy\u1ebfn ngh\u1ecb l\u00e0 4m\/ c\u00e2y.<\/p>\n<h2>C\u00e1ch ch\u0103m s\u00f3c gi\u1ed1ng kh\u1ebf chua c\u01a1 b\u1ea3n<\/h2>\n<p>T\u01b0\u1edbi n\u01b0\u1edbc:T\u01b0\u1edbi n\u01b0\u1edbc \u0111\u1ec1u \u0111\u1eb7n, gi\u1eef \u1ea9m cho c\u00e2y, nh\u1ea5t l\u00e0 v\u00e0o m\u00f9a kh\u00f4.<\/p>\n<p>B\u00f3n ph\u00e2n:B\u00f3n ph\u00e2n \u0111\u1ecbnh k\u1ef3, 3 th\u00e1ng\/l\u1ea7n, s\u1eed d\u1ee5ng ph\u00e2n chu\u1ed3ng hoai m\u1ee5c, ph\u00e2n npk.<\/p>\n<p>C\u1eaft t\u1ec9a:C\u1eaft t\u1ec9a c\u00e0nh nh\u00e1nh gi\u00e0 c\u1ed7i, t\u1ea1o t\u00e1n c\u00e2y th\u00f4ng tho\u00e1ng.<\/p>\n<p>Ph\u00f2ng tr\u1eeb s\u00e2u b\u1ec7nh:Theo d\u00f5i v\u00e0 ph\u00f2ng tr\u1eeb k\u1ecbp th\u1eddi c\u00e1c lo\u1ea1i s\u00e2u b\u1ec7nh th\u01b0\u1eddng g\u1eb7p tr\u00ean c\u00e2y kh\u1ebf chua.<\/p>\n<h2>Gi\u00e1 c\u00e2y gi\u1ed1ng kh\u1ebf chua<\/h2>\n<p>Gi\u00e1 c\u00e2y gi\u1ed1ng kh\u1ebf chua\u00a0t\u1ea1i v\u01b0\u1eddn Ph\u00fac An dao \u0111\u1ed9ng t\u1eeb 38.000 &#8211; 50.000\/ c\u00e2y. T\u00f9y theo l\u00f4 c\u00e2y, s\u1ed1 l\u01b0\u1ee3ng \u0111\u1eb7t s\u1ebd c\u00f3 m\u1ee9c gi\u00e1 kh\u00e1c nhau.<\/p>\n<p>Ch\u00fang t\u00f4i cam k\u1ebft lu\u00f4n gi\u1eef m\u1ee9c gi\u00e1 m\u1ec1m v\u1eeba t\u00fai ti\u1ec1n \u0111\u1ec3 m\u1ecdi kh\u00e1ch h\u00e0ng \u0111\u1ec1u c\u00f3 th\u1ec3 ch\u1ecdn mua nh\u1eefng c\u00e2y gi\u1ed1ng th\u1eadt t\u1ed1t cho khu v\u01b0\u1eddn c\u1ee7a m\u00ecnh.<\/p>\n<h2>Mua c\u00e2y gi\u1ed1ng kh\u1ebf chua\u00a0\u1edf \u0111\u00e2u ch\u1ea5t l\u01b0\u1ee3ng?<\/h2>\n<p>C\u00e2y gi\u1ed1ng Ph\u00fac An cung c\u1ea5p c\u00e2y gi\u1ed1ng kh\u1ebf chua\u00a0ch\u1ea5t l\u01b0\u1ee3ng, \u0111\u01b0\u1ee3c b\u1ea3o h\u00e0nh \u0111\u00fang gi\u1ed1ng cho t\u1edbi khi c\u00f3 tr\u00e1i.<\/p>\n<p>V\u01b0\u1eddn nh\u00e2n gi\u1ed1ng c\u1ee7a Ph\u00fac An \u0111\u01b0\u1ee3c ch\u1ecdn l\u1ef1a k\u1ef9 l\u01b0\u1ee1ng, \u0111\u1ea3m b\u1ea3o chu\u1ea9n gi\u1ed1ng. C\u00e0nh\/ bo gh\u00e9p \u0111\u01b0\u1ee3c tuy\u1ec3n ch\u1ecdn t\u1eeb c\u00e2y m\u1eb9 kh\u1ecfe m\u1ea1nh xanh t\u1ed1t.<\/p>\n<figure id=\"attachment_1845\" aria-describedby=\"caption-attachment-1845\" style=\"width: 600px\" class=\"wp-caption aligncenter\"><img loading=\"lazy\" decoding=\"async\" class=\"wp-image-1845\" src=\"http:\/\/localhost\/phucan713\/wp-content\/uploads\/2024\/05\/cay-khe-chua-768x1024.jpg\" alt=\"C\u00e2y gi\u1ed1ng kh\u1ebf chua (c\u00e2y gh\u00e9p c\u00e0nh) Ph\u00fac An cung c\u1ea5p\" width=\"600\" height=\"800\" \/><figcaption id=\"caption-attachment-1845\" class=\"wp-caption-text\">C\u00e2y gi\u1ed1ng kh\u1ebf chua (c\u00e2y gh\u00e9p c\u00e0nh) Ph\u00fac An cung c\u1ea5p<\/figcaption><\/figure>\n<p><span style=\"color: #008000;\"><em><strong>Quy c\u00e1ch\u00a0c\u00e2y gi\u1ed1ng kh\u1ebf chua\u00a0\u0111\u01b0\u1ee3c cung c\u1ea5p b\u1edfi v\u01b0\u1eddn Ph\u00fac An:<\/strong><\/em><\/span><\/p>\n<p>&#8211; L\u00e0 c\u00e2y gh\u00e9p c\u00e0nh, chi\u1ec1u cao c\u00e2y gi\u1ed1ng 50-70cm<\/p>\n<p>&#8211; C\u00e2y nu\u00f4i \u0111\u1ee7 th\u1eddi gian, b\u1ea7u r\u1ec5 \u1ed5n \u0111\u1ecbnh, c\u00e2y \u0111\u00e3 x\u1ea3 n\u1eafng\u00a0c\u1ee9ng c\u00e1p<\/p>\n<p>&#8211; Kh\u00f4ng c\u00f3 d\u1ea5u hi\u1ec7u s\u00e2u b\u1ec7nh, v\u1ebft gh\u00e9p ti\u1ebfp h\u1ee3p t\u1ed1t, b\u1ed9 l\u00e1 xanh t\u1ed1t d\u00e0y d\u1eb7n<\/p>\n<p>&#8211; C\u00e2y tr\u1ea3i qua qu\u00e1 tr\u00ecnh nh\u00e2n gi\u1ed1ng, d\u01b0\u1ee1ng c\u00e2y con, x\u1ea3 n\u1eafng ho\u00e0n ch\u1ec9nh. \u0110\u1ebfn tay c\u00f4 b\u00e1c s\u1ebd l\u00e0 t\u1eebng c\u00e2y \u0111\u00e3 c\u1ee9ng c\u00e1p \u0111\u00e3 ra c\u01a1i ch\u1ed3i m\u1edbi.<\/p>\n<p>C\u00e2y tr\u1ea3i qua quy tr\u00ecnh nh\u00e2n gi\u1ed1ng, d\u01b0\u1ee1ng c\u00e2y con, x\u1ea3 n\u1eafng ho\u00e0n ch\u1ec9nh. \u0110\u1ebfn tay c\u00f4 b\u00e1c s\u1ebd l\u00e0 t\u1eebng c\u00e2y \u0111\u00e3 c\u1ee9ng c\u00e1p \u0111\u00e3 ra c\u01a1i ch\u1ed3i m\u1edbi.<br \/>\nQu\u00fd c\u00f4 b\u00e1c c\u00f3 th\u1ec3 li\u00ean h\u1ec7 tr\u1ef1c ti\u1ebfp qua SDT\/ Zalo 0962.888.014 (<a href=\"http:\/\/localhost\/phucan713\/\" target=\"_blank\" rel=\"noopener\">C\u00e2y Gi\u1ed1ng Ph\u00fac An<\/a>) \u0111\u1ec3 ch\u00fang t\u00f4i t\u01b0 v\u1ea5n v\u00e0 b\u00e1o gi\u00e1 c\u1ee5 th\u1ec3. Xin c\u1ea3m \u01a1n qu\u00fd c\u00f4 b\u00e1c \u0111\u00e3 \u0111\u1eb7t ni\u1ec1m tin v\u1edbi nh\u00e0 v\u01b0\u1eddn.<\/p>\n<p>&gt;&gt; M\u1eddi b\u1ea1n \u0111\u1ecdc th\u00eam: <a href=\"https:\/\/tuoitre.vn\/an-khe-duoc-vitamin-chat-khoang-va-chat-xo-rat-tot-cho-he-tieu-hoa-va-tim-mach-20250316132411906.htm\" target=\"_blank\" rel=\"noopener\"><span style=\"color: #000080;\"><em><strong>\u0102n kh\u1ebf \u0111\u01b0\u1ee3c vitamin, ch\u1ea5t kho\u00e1ng v\u00e0 ch\u1ea5t x\u01a1, r\u1ea5t t\u1ed1t cho h\u1ec7 ti\u00eau h\u00f3a v\u00e0 tim m\u1ea1ch<\/strong><\/em><\/span><\/a><\/p>\n","protected":false},"excerpt":{"rendered":"<p>* Gi\u00e1 tham kh\u1ea3o cho s\u1ed1 l\u01b0\u1ee3ng t\u1eeb 30 c\u00e2y, c\u00f3 th\u1ec3 thay \u0111\u1ed5i theo th\u1eddi \u0111i\u1ec3m<br \/>\n* Ch\u01b0a bao g\u1ed3m ph\u00ed v\u1eadn chuy\u1ec3n (t\u00f9y theo s\u1ed1 l\u01b0\u1ee3ng c\u00e2y v\u00e0 \u0111\u1ecba \u0111i\u1ec3m giao h\u00e0ng)<\/p>\n","protected":false},"featured_media":1845,"comment_status":"open","ping_status":"closed","template":"","meta":[],"product_brand":[],"product_cat":[37],"product_tag":[65],"class_list":{"0":"post-1839","1":"product","2":"type-product","3":"status-publish","4":"has-post-thumbnail","6":"product_cat-cay-giong-khac","7":"product_tag-giong-khe-chua","9":"first","10":"instock","11":"shipping-taxable","12":"purchasable","13":"product-type-simple"},"_links":{"self":[{"href":"https:\/\/ktech4.k-tech-services.com\/phucan713\/wp-json\/wp\/v2\/product\/1839","targetHints":{"allow":["GET"]}}],"collection":[{"href":"https:\/\/ktech4.k-tech-services.com\/phucan713\/wp-json\/wp\/v2\/product"}],"about":[{"href":"https:\/\/ktech4.k-tech-services.com\/phucan713\/wp-json\/wp\/v2\/types\/product"}],"replies":[{"embeddable":true,"href":"https:\/\/ktech4.k-tech-services.com\/phucan713\/wp-json\/wp\/v2\/comments?post=1839"}],"wp:featuredmedia":[{"embeddable":true,"href":"https:\/\/ktech4.k-tech-services.com\/phucan713\/wp-json\/"}],"wp:attachment":[{"href":"https:\/\/ktech4.k-tech-services.com\/phucan713\/wp-json\/wp\/v2\/media?parent=1839"}],"wp:term":[{"taxonomy":"product_brand","embeddable":true,"href":"https:\/\/ktech4.k-tech-services.com\/phucan713\/wp-json\/wp\/v2\/product_brand?post=1839"},{"taxonomy":"product_cat","embeddable":true,"href":"https:\/\/ktech4.k-tech-services.com\/phucan713\/wp-json\/wp\/v2\/product_cat?post=1839"},{"taxonomy":"product_tag","embeddable":true,"href":"https:\/\/ktech4.k-tech-services.com\/phucan713\/wp-json\/wp\/v2\/product_tag?post=1839"}],"curies":[{"name":"wp","href":"https:\/\/api.w.org\/{rel}","templated":true}]}}