{"id":2166,"date":"2024-06-19T02:23:21","date_gmt":"2024-06-19T02:23:21","guid":{"rendered":"https:\/\/caygiongphucan.com\/?post_type=product&amp;p=2166"},"modified":"2024-06-19T02:23:21","modified_gmt":"2024-06-19T02:23:21","slug":"cay-man-xanh-duong-soc-trang-4-nam-tuoi","status":"publish","type":"product","link":"https:\/\/ktech4.k-tech-services.com\/phucan713\/san-pham\/cay-man-xanh-duong-soc-trang-4-nam-tuoi\/","title":{"rendered":"C\u00e2y m\u1eadn xanh \u0111\u01b0\u1eddng S\u00f3c Tr\u0103ng 4 n\u0103m tu\u1ed5i"},"content":{"rendered":"<p>D\u00e0nh cho nh\u1eefng ai y\u00eau th\u00edch gi\u1ed1ng m\u1eadn x\u01b0a n\u00e0y, c\u00e2y m\u1eadn xanh \u0111\u01b0\u1eddng S\u00f3c Tr\u0103ng l\u1edbn \u0111\u00e3 cho tr\u00e1i, c\u00e2y b\u1ee9ng v\u00e0 \u0111\u01b0\u1ee3c gi\u00e2m \u1ee7 k\u1ef9 t\u1ea1i Ph\u00fac An.<\/p>\n<p>Kh\u00e1ch v\u1ec1 tr\u1ed3ng ch\u1eadu l\u1edbn ho\u1eb7c tr\u1ed3ng \u0111\u1ea5t \u0111\u1ec1u \u0111\u01b0\u1ee3c, tr\u1ed3ng \u0111\u1ea5t c\u00e2y s\u1ebd t\u1ed1t h\u01a1n cho tr\u00e1i nhi\u1ec1u h\u01a1n v\u00e0 ch\u1ea5t l\u01b0\u1ee3ng tr\u00e1i ngon ng\u1ecdt h\u01a1n.<\/p>\n<p>Gi\u00e1 tr\u00ean \u0111\u00e3 bao g\u1ed3m ph\u00ed v\u1eadn chuy\u1ec3n.<\/p>\n<p>M\u1eadn xanh \u0111\u01b0\u1eddng S\u00f3c Tr\u0103ng, m\u1ed9t \u0111\u1eb7c s\u1ea3n tr\u1ee9 danh v\u00f9ng \u0110\u1ed3ng b\u1eb1ng s\u00f4ng C\u1eedu Long, n\u1ed5i ti\u1ebfng v\u1edbi h\u01b0\u01a1ng v\u1ecb ng\u1ecdt ng\u00e0o, gi\u00f2n r\u1ee5m.<\/p>\n<h2><strong><b>Ngu\u1ed3n g\u1ed1c v\u00e0 \u0111\u1eb7c \u0111i\u1ec3m c\u00e2y m\u1eadn xanh \u0111\u01b0\u1eddng S\u00f3c Tr\u0103ng<\/b><\/strong><\/h2>\n<p>C\u00e2y m\u1eadn xanh \u0111\u01b0\u1eddng S\u00f3c Tr\u0103ng c\u00f3 ngu\u1ed3n g\u1ed1c t\u1eeb S\u00f3c Tr\u0103ng\u00a0\u0111\u00e3 v\u00e0i ch\u1ee5c n\u0103m nay, \u0111\u01b0\u1ee3c xem l\u00e0 gi\u1ed1ng m\u1eadn c\u1ed5 v\u00e0 ngon b\u1eadc nh\u1ea5t\u00a0Vi\u1ec7t Nam. Lo\u1ea1i m\u1eadn n\u00e0y \u0111\u01b0\u1ee3c \u01b0a chu\u1ed9ng b\u1edfi \u0111\u1eb7c \u0111i\u1ec3m n\u1ed5i b\u1eadt:<\/p>\n<p>Th\u00e2n c\u00e2y:\u00a0M\u1ea1nh m\u1ebd, t\u00e1n r\u1ed9ng, cao trung b\u00ecnh 3-5m.<\/p>\n<p>L\u00e1:\u00a0D\u00e0i, thu\u00f4n nh\u1ecdn, m\u00e0u xanh \u0111\u1eadm b\u00f3ng.<\/p>\n<p>Hoa:\u00a0M\u00e0u tr\u1eafng, n\u1edf th\u00e0nh ch\u00f9m.<\/p>\n<p>Tr\u00e1i:\u00a0H\u00ecnh b\u1ea7u d\u1ee5c, khi ch\u00edn c\u00f3 m\u00e0u xanh xen l\u1eabn \u0111\u1ed1m tr\u1eafng, v\u1ecf m\u1ecfng, th\u1ecbt d\u00e0y, c\u00f9i gi\u00f2n, v\u1ecb ng\u1ecdt thanh.<\/p>\n<h2><strong><b>\u0110\u1eb7c \u0111i\u1ec3m tr\u00e1i m\u1eadn xanh \u0111\u01b0\u1eddng S\u00f3c Tr\u0103ng<\/b><\/strong><\/h2>\n<p>K\u00edch th\u01b0\u1edbc: Trung b\u00ecnh, tr\u1ecdng l\u01b0\u1ee3ng 40-50g\/ tr\u00e1i<\/p>\n<p>H\u00ecnh d\u00e1ng: B\u1ea7u d\u1ee5c, khi ch\u00edn c\u00f3 m\u00e0u xanh xen, b\u00ean d\u01b0\u1edbi c\u00f3 m\u00e0u ph\u1edbt h\u1ed3ng n\u00ean c\u00f2n \u0111\u01b0\u1ee3c g\u1ecdi l\u00e0 m\u1eadn \u0111\u01b0\u1eddng b\u00f4ng.<\/p>\n<figure id=\"attachment_2037\" aria-describedby=\"caption-attachment-2037\" style=\"width: 366px\" class=\"wp-caption aligncenter\"><img loading=\"lazy\" decoding=\"async\" class=\"wp-image-2037\" src=\"http:\/\/localhost\/phucan713\/wp-content\/uploads\/2024\/05\/z4678258933606_0e21c9e8d39e75bc817336d8f01cb133-183x300.jpg\" alt=\"Gi\u1ed1ng m\u1eadn n\u00e0y c\u00f3 n\u0103ng su\u1ea5t r\u1ea5t cao\" width=\"366\" height=\"600\" \/><figcaption id=\"caption-attachment-2037\" class=\"wp-caption-text\">Gi\u1ed1ng m\u1eadn n\u00e0y c\u00f3 n\u0103ng su\u1ea5t r\u1ea5t cao<\/figcaption><\/figure>\n<p>H\u01b0\u01a1ng v\u1ecb: Ng\u1ecdt ng\u00e0o, c\u00f3 ch\u00fat chua nh\u1eb9, \u0111\u1eb7c tr\u01b0ng m\u00f9i th\u01a1m c\u1ee7a m\u1eadn.<\/p>\n<p>H\u00e0m l\u01b0\u1ee3ng dinh d\u01b0\u1ee1ng: Gi\u00e0u vitamin C, A, B6, kali, magie,&#8230; t\u1ed1t cho s\u1ee9c kh\u1ecfe.<\/p>\n","protected":false},"excerpt":{"rendered":"<p>D\u00e0nh cho nh\u1eefng ai y\u00eau th\u00edch gi\u1ed1ng m\u1eadn x\u01b0a n\u00e0y, c\u00e2y m\u1eadn xanh \u0111\u01b0\u1eddng S\u00f3c Tr\u0103ng l\u1edbn \u0111\u00e3 cho tr\u00e1i, c\u00e2y b\u1ee9ng v\u00e0 \u0111\u01b0\u1ee3c gi\u00e2m \u1ee7 k\u1ef9 t\u1ea1i Ph\u00fac An. Kh\u00e1ch v\u1ec1 tr\u1ed3ng ch\u1eadu l\u1edbn ho\u1eb7c tr\u1ed3ng \u0111\u1ea5t \u0111\u1ec1u \u0111\u01b0\u1ee3c, tr\u1ed3ng \u0111\u1ea5t c\u00e2y s\u1ebd t\u1ed1t h\u01a1n cho tr\u00e1i nhi\u1ec1u h\u01a1n v\u00e0 ch\u1ea5t l\u01b0\u1ee3ng tr\u00e1i ngon&#8230;<\/p>\n","protected":false},"featured_media":2175,"comment_status":"open","ping_status":"closed","template":"","meta":[],"product_brand":[],"product_cat":[36],"product_tag":[],"class_list":{"0":"post-2166","1":"product","2":"type-product","3":"status-publish","4":"has-post-thumbnail","6":"product_cat-cay-an-trai-lon","8":"first","9":"instock","10":"shipping-taxable","11":"purchasable","12":"product-type-simple"},"_links":{"self":[{"href":"https:\/\/ktech4.k-tech-services.com\/phucan713\/wp-json\/wp\/v2\/product\/2166","targetHints":{"allow":["GET"]}}],"collection":[{"href":"https:\/\/ktech4.k-tech-services.com\/phucan713\/wp-json\/wp\/v2\/product"}],"about":[{"href":"https:\/\/ktech4.k-tech-services.com\/phucan713\/wp-json\/wp\/v2\/types\/product"}],"replies":[{"embeddable":true,"href":"https:\/\/ktech4.k-tech-services.com\/phucan713\/wp-json\/wp\/v2\/comments?post=2166"}],"wp:featuredmedia":[{"embeddable":true,"href":"https:\/\/ktech4.k-tech-services.com\/phucan713\/wp-json\/wp\/v2\/media\/2175"}],"wp:attachment":[{"href":"https:\/\/ktech4.k-tech-services.com\/phucan713\/wp-json\/wp\/v2\/media?parent=2166"}],"wp:term":[{"taxonomy":"product_brand","embeddable":true,"href":"https:\/\/ktech4.k-tech-services.com\/phucan713\/wp-json\/wp\/v2\/product_brand?post=2166"},{"taxonomy":"product_cat","embeddable":true,"href":"https:\/\/ktech4.k-tech-services.com\/phucan713\/wp-json\/wp\/v2\/product_cat?post=2166"},{"taxonomy":"product_tag","embeddable":true,"href":"https:\/\/ktech4.k-tech-services.com\/phucan713\/wp-json\/wp\/v2\/product_tag?post=2166"}],"curies":[{"name":"wp","href":"https:\/\/api.w.org\/{rel}","templated":true}]}}