{"id":2185,"date":"2024-06-19T09:49:34","date_gmt":"2024-06-19T09:49:34","guid":{"rendered":"https:\/\/caygiongphucan.com\/?post_type=product&amp;p=2185"},"modified":"2024-06-19T09:49:34","modified_gmt":"2024-06-19T09:49:34","slug":"cay-giong-man-an-do","status":"publish","type":"product","link":"https:\/\/ktech4.k-tech-services.com\/phucan713\/san-pham\/cay-giong-man-an-do\/","title":{"rendered":"C\u00e2y gi\u1ed1ng m\u1eadn \u1ea4n \u0110\u1ed9 (\u0111\u00e1 \u0111\u01b0\u1eddng x\u01b0a)"},"content":{"rendered":"<p>Ph\u00fac An cung c\u1ea5p c\u00e2y gi\u1ed1ng M\u1eadn \u1ea4n \u0110\u1ed9 cho qu\u00fd c\u00f4 b\u00e1c m\u00ecnh tr\u1ed3ng v\u01b0\u1eddn v\u00e0 s\u01b0u t\u1ea7m. \u0110\u1ea3m b\u1ea3o gi\u1ed1ng chu\u1ea9n v\u00e0 c\u00e2y nu\u00f4i kh\u1ecfe m\u1ea1nh.<\/p>\n<h2><strong><b>\u0110<\/b><\/strong><strong><b>\u1eb7c \u0111i\u1ec3m <\/b><\/strong><strong><b>gi\u1ed1ng<\/b><\/strong><strong><b>\u00a0<\/b><\/strong><strong><b>M\u1eadn \u1ea4n \u0110\u1ed9<\/b><\/strong><\/h2>\n<p>Gi\u1ed1ng M\u1eadn \u1ea4n \u0110\u1ed9 l\u00e0 lo\u00e0i m\u1eadn c\u1ed5 c\u00f3 m\u1eb7t t\u1ea1i n\u01b0\u1edbc ta \u0111\u00e3 r\u1ea5t l\u00e2u \u0111\u1eddi. M\u00e0u s\u1eafc tr\u00e1i \u0111\u1eb7c tr\u01b0ng v\u00e0 v\u1ecb gi\u00f2n ng\u1ecdt \u1ea5y kh\u00f3 ai m\u00e0 qu\u00ean \u0111\u01b0\u1ee3c. K\u00fd \u1ee9c tu\u1ed5i th\u01a1 c\u1ee7a ch\u00fang ta \u00f9a v\u1ec1 khi th\u1ea5y l\u1ea1i v\u00e0 \u0111\u01b0\u1ee3c th\u01b0\u1edfng th\u1ee9c gi\u1ed1ng m\u1eadn n\u00e0y.<\/p>\n<p>B\u1eb5ng \u0111i m\u1ed9t th\u1eddi gian, ta kh\u00f4ng c\u00f2n th\u1ea5y s\u1ef1 xu\u1ea5t hi\u1ec7n c\u1ee7a ch\u00fang. Th\u1eadt vui thay, hi\u1ec7n nay gi\u1ed1ng m\u1eadn n\u00e0y \u0111\u00e3 \u0111\u01b0\u1ee3c nh\u00e2n gi\u1ed1ng tr\u1edf l\u1ea1i.<\/p>\n<p>Th\u00e2n c\u00e2y:\u00a0M\u1ea1nh m\u1ebd, t\u00e1n r\u1ed9ng, cao trung b\u00ecnh 3-5m.<\/p>\n<p>Hoa:\u00a0N\u1edf th\u00e0nh ch\u00f9m.<\/p>\n<p>Tr\u00e1i:\u00a0H\u00ecnh nh\u01b0 qu\u1ea3 chu\u00f4ng tr\u00f2n, khi ch\u00edn c\u00f3 m\u00e0u \u0111\u1ecf s\u1ecdc tr\u1eafng, tr\u00ean th\u00e2n tr\u00e1i c\u00f3 m\u00e0u xanh l\u00e1 ph\u1edbt. Th\u1ecbt b\u00ean trong x\u1ed1p, \u0103n v\u00e0o gi\u00f2n r\u1ee5m, v\u1ecb ng\u1ecdt ng\u00e0o. C\u00f3 2-3 h\u1ea1t to b\u00ean trong. Tr\u00e1i m\u1eadn c\u00f3 th\u1ec3 b\u1ea3o qu\u1ea3n \u0111\u01b0\u1ee3c l\u00e2u trong \u0111i\u1ec1u ki\u1ec7n b\u00ecnh th\u01b0\u1eddng.<\/p>\n<p>H\u00e0m l\u01b0\u1ee3ng dinh d\u01b0\u1ee1ng: Gi\u00e0u vitamin C, A, B6, kali, magie,&#8230; t\u1ed1t cho s\u1ee9c kh\u1ecfe.<\/p>\n<p>C\u00e2y c\u00f3 tu\u1ed5i th\u1ecd cao, c\u00f3 th\u1ec3 cho tr\u00e1i t\u1eeb 15-20 n\u0103m.\u00a0C\u00e2y c\u00f3 kh\u1ea3 n\u0103ng ch\u1ed1ng ch\u1ecbu h\u1ea1n t\u1ed1t.<\/p>\n<h2><strong><b>Gi\u1ed1ng c\u00e2y <\/b><\/strong><strong><b>M\u1eadn \u1ea4n \u0110\u1ed9<\/b><\/strong><strong><b>\u00a0tr\u1ed3ng bao l\u00e2u c\u00f3 tr\u00e1i?<\/b><\/strong><strong><b>\u00a0\u00a0<\/b><\/strong><\/h2>\n<p>C\u00e2y M\u1eadn \u1ea4n \u0110\u1ed9\u00a0c\u00f3 th\u1ec3 cho tr\u00e1i b\u00f3i ch\u1ec9 sau 3-4 th\u00e1ng tr\u1ed3ng t\u1eeb c\u00e2y gh\u00e9p\/ chi\u1ebft. T\u1eeb n\u0103m th\u1ee9 3 cho tr\u00e1i thu ho\u1ea1ch nhi\u1ec1u.<\/p>\n<h2><strong><b>Th\u1eddi gian ra hoa \u0111\u1ebfn khi thu ho\u1ea1ch kho\u1ea3ng bao l\u00e2u?<\/b><\/strong><strong><b>\u00a0\u00a0<\/b><\/strong><\/h2>\n<p>C\u00e2y M\u1eadn \u1ea4n \u0110\u1ed9\u00a0t\u1eeb l\u00fac ra hoa \u0111\u1ebfn khi thu ho\u1ea1ch m\u1ea5t kho\u1ea3ng 2-3 th\u00e1ng.<\/p>\n<p>M\u1eadn \u1ea4n \u0110\u1ed9 cho 4-5 l\u1ea7n tr\u00e1i trong m\u1ed9t n\u0103m (cho tr\u00e1i chuy\u1ec1n).<\/p>\n<h2><strong>M\u1ed9t s\u1ed1 y\u1ebfu t\u1ed1 \u1ea3nh h\u01b0\u1edfng \u0111\u1ebfn th\u1eddi gian thu ho\u1ea1ch M\u1eadn\u00a0\u1ea4n \u0110\u1ed9<\/strong><\/h2>\n<p>Kh\u00ed h\u1eadu: N\u1eafng n\u00f3ng v\u00e0 \u00edt m\u01b0a c\u00f3 th\u1ec3 \u0111\u1ea9y nhanh qu\u00e1 tr\u00ecnh ch\u00edn c\u1ee7a tr\u00e1i. Ng\u01b0\u1ee3c l\u1ea1i, th\u1eddi ti\u1ebft m\u00e1t m\u1ebb v\u00e0 m\u01b0a nhi\u1ec1u c\u00f3 th\u1ec3 k\u00e9o d\u00e0i th\u1eddi gian thu ho\u1ea1ch.<\/p>\n<p>L\u01b0\u1ee3ng n\u01b0\u1edbc t\u01b0\u1edbi: T\u01b0\u1edbi n\u01b0\u1edbc \u0111\u1ea7y \u0111\u1ee7 v\u00e0 \u0111\u1ec1u \u0111\u1eb7n gi\u00fap c\u00e2y ph\u00e1t tri\u1ec3n t\u1ed1t v\u00e0 tr\u00e1i ch\u00edn nhanh h\u01a1n.<\/p>\n<p>Ph\u00e2n b\u00f3n: B\u00f3n ph\u00e2n \u0111\u1ea7y \u0111\u1ee7 v\u00e0 c\u00e2n \u0111\u1ed1i gi\u00fap c\u00e2y c\u00f3 \u0111\u1ee7 dinh d\u01b0\u1ee1ng \u0111\u1ec3 nu\u00f4i tr\u00e1i, t\u1eeb \u0111\u00f3 \u0111\u1ea9y nhanh qu\u00e1 tr\u00ecnh ch\u00edn.<\/p>\n<p>K\u1ef9 thu\u1eadt ch\u0103m s\u00f3c: C\u1eaft t\u1ec9a c\u00e0nh, t\u1ea1o t\u00e1n, lo\u1ea1i b\u1ecf c\u00e0nh gi\u00e0, c\u00e0nh s\u00e2u b\u1ec7nh gi\u00fap c\u00e2y t\u1eadp trung dinh d\u01b0\u1ee1ng nu\u00f4i tr\u00e1i, \u0111\u1ea9y nhanh qu\u00e1 tr\u00ecnh ch\u00edn.<\/p>\n<h2><strong><b>N\u0103ng su\u1ea5t gi\u1ed1ng <\/b><\/strong><strong><b>M\u1eadn \u1ea4n \u0110\u1ed9<\/b><\/strong><\/h2>\n<p>N\u0103ng su\u1ea5t trung b\u00ecnh \u0111\u1ea1t 50-70kg\/c\u00e2y\/n\u0103m.\u00a0V\u1edbi k\u1ef9 thu\u1eadt ch\u0103m s\u00f3c t\u1ed1t, n\u0103ng su\u1ea5t c\u00f3 th\u1ec3 l\u00ean \u0111\u1ebfn 100-150kg\/c\u00e2y\/n\u0103m.<\/p>\n<h2><strong><b>Kh\u00ed h\u1eadu v\u00e0 \u0111\u1ea5t tr\u1ed3ng th\u00edch h\u1ee3p v\u1edbi gi\u1ed1ng <\/b><\/strong><strong><b>M\u1eadn \u1ea4n \u0110\u1ed9<\/b><\/strong><\/h2>\n<p>M\u1eadn \u1ea4n \u0110\u1ed9 th\u00edch nghi t\u1ed1t v\u1edbi nhi\u1ec1u \u0111i\u1ec1u ki\u1ec7n kh\u00ed h\u1eadu, \u0111\u1eb7c bi\u1ec7t l\u00e0 kh\u00ed h\u1eadu nhi\u1ec7t \u0111\u1edbi gi\u00f3 m\u00f9a, n\u00f3ng \u1ea9m, nhi\u1ec1u n\u1eafng.<\/p>\n<p>C\u00e2y c\u00f3 th\u1ec3 ph\u00e1t tri\u1ec3n tr\u00ean nhi\u1ec1u lo\u1ea1i \u0111\u1ea5t kh\u00e1c nhau, t\u1ed1t nh\u1ea5t l\u00e0 \u0111\u1ea5t th\u1ecbt pha c\u00e1t, t\u01a1i x\u1ed1p, gi\u00e0u dinh d\u01b0\u1ee1ng, tho\u00e1t n\u01b0\u1edbc t\u1ed1t.<\/p>\n<h2><strong><b>Kho\u1ea3ng c\u00e1ch tr\u1ed3ng <\/b><\/strong><strong><b>M\u1eadn \u1ea4n \u0110\u1ed9<\/b><\/strong><\/h2>\n<p>Kho\u1ea3ng c\u00e1ch tr\u1ed3ng M\u1eadn \u1ea4n \u0110\u1ed9\u00a0th\u01b0\u1eddng l\u00e0 5x5m \u0111\u1ec3 \u0111\u1ea3m b\u1ea3o \u0111\u1ee7 kh\u00f4ng gian cho c\u00e2y ph\u00e1t tri\u1ec3n v\u00e0 thu ho\u1ea1ch.<\/p>\n<h2><strong><b>Gi\u00e1 c\u00e2y gi\u1ed1ng M\u1eadn \u1ea4n \u0110\u1ed9<\/b><\/strong><\/h2>\n<p>Gi\u00e1 c\u00e2y gi\u1ed1ng M\u1eadn \u1ea4n \u0110\u1ed9 t\u1ea1i v\u01b0\u1eddn Ph\u00fac An dao \u0111\u1ed9ng t\u1eeb 55.000 &#8211; 70.000\/ c\u00e2y. T\u00f9y theo l\u00f4 c\u00e2y, s\u1ed1 l\u01b0\u1ee3ng \u0111\u1eb7t s\u1ebd c\u00f3 m\u1ee9c gi\u00e1 kh\u00e1c nhau. Ch\u00fang t\u00f4i cam k\u1ebft lu\u00f4n gi\u1eef m\u1ee9c gi\u00e1 v\u1eeba t\u00fai ti\u1ec1n \u0111\u1ec3 m\u1ecdi kh\u00e1ch h\u00e0ng \u0111\u1ec1u c\u00f3 th\u1ec3 ch\u1ecdn mua nh\u1eefng c\u00e2y gi\u1ed1ng th\u1eadt t\u1ed1t cho khu v\u01b0\u1eddn c\u1ee7a m\u00ecnh.<\/p>\n<h2><strong><b>Mua c\u00e2y gi\u1ed1ng \u00a0M\u1eadn \u1ea4n \u0110\u1ed9 \u1edf \u0111\u00e2u ch\u1ea5t l\u01b0\u1ee3ng?<\/b><\/strong><\/h2>\n<p>C\u00e2y gi\u1ed1ng Ph\u00fac An cung c\u1ea5p c\u00e2y gi\u1ed1ng M\u1eadn \u1ea4n \u0110\u1ed9 ch\u1ea5t l\u01b0\u1ee3ng, c\u00f3 c\u1ea3 c\u00e2y chi\u1ebft v\u00e0 c\u00e2y gh\u00e9p t\u00f9y theo \u0111\u1ee3t s\u1ea3n xu\u1ea5t.<\/p>\n<p>Ti\u00eau chu\u1ea9n C\u00e2y gi\u1ed1ng \u00a0M\u1eadn \u1ea4n \u0110\u1ed9 \u0111\u01b0\u1ee3c cung c\u1ea5p b\u1edfi v\u01b0\u1eddn Ph\u00fac An:<\/p>\n<p>&#8211; Chi\u1ec1u cao c\u00e2y gi\u1ed1ng t\u1eeb 50cm-80cm<\/p>\n<p>&#8211; C\u00e2y nu\u00f4i \u0111\u1ee7 th\u1eddi gian, b\u1ea7u r\u1ec5 \u1ed5n \u0111\u1ecbnh, c\u00e2y \u0111\u00e3 x\u1ea3 n\u1eafng\u00a0c\u1ee9ng c\u00e1p<\/p>\n<p>&#8211; Kh\u00f4ng c\u00f3 d\u1ea5u hi\u1ec7u s\u00e2u b\u1ec7nh, b\u1ed9 l\u00e1 xanh t\u1ed1t d\u00e0y d\u1eb7n<\/p>\n<p>C\u00e2y tr\u1ea3i qua qu\u00e1 tr\u00ecnh nh\u00e2n gi\u1ed1ng, d\u01b0\u1ee1ng c\u00e2y con, x\u1ea3 n\u1eafng ho\u00e0n ch\u1ec9nh. \u0110\u1ebfn tay c\u00f4 b\u00e1c s\u1ebd l\u00e0 t\u1eebng c\u00e2y \u0111\u00e3 c\u1ee9ng c\u00e1p \u0111\u00e3 ra c\u01a1i ch\u1ed3i m\u1edbi.<\/p>\n<p>C\u00e2y tr\u1ea3i qua quy tr\u00ecnh nh\u00e2n gi\u1ed1ng, d\u01b0\u1ee1ng c\u00e2y con, x\u1ea3 n\u1eafng ho\u00e0n ch\u1ec9nh. \u0110\u1ebfn tay c\u00f4 b\u00e1c s\u1ebd l\u00e0 t\u1eebng c\u00e2y \u0111\u00e3 c\u1ee9ng c\u00e1p \u0111\u00e3 ra c\u01a1i ch\u1ed3i m\u1edbi.<br \/>\nQu\u00fd c\u00f4 b\u00e1c c\u00f3 th\u1ec3 li\u00ean h\u1ec7 tr\u1ef1c ti\u1ebfp qua SDT\/ Zalo 0962.888.014 (<a href=\"http:\/\/localhost\/phucan713\/\" target=\"_blank\" rel=\"noopener\">C\u00e2y Gi\u1ed1ng Ph\u00fac An<\/a>) \u0111\u1ec3 ch\u00fang t\u00f4i t\u01b0 v\u1ea5n v\u00e0 b\u00e1o gi\u00e1 c\u1ee5 th\u1ec3. Xin c\u1ea3m \u01a1n qu\u00fd c\u00f4 b\u00e1c \u0111\u00e3 \u0111\u1eb7t ni\u1ec1m tin v\u1edbi nh\u00e0 v\u01b0\u1eddn.<\/p>\n","protected":false},"excerpt":{"rendered":"<p>* Gi\u00e1 tham kh\u1ea3o cho s\u1ed1 l\u01b0\u1ee3ng t\u1eeb 30 c\u00e2y, c\u00f3 th\u1ec3 thay \u0111\u1ed5i theo th\u1eddi \u0111i\u1ec3m<br \/>\n* Ch\u01b0a bao g\u1ed3m ph\u00ed v\u1eadn chuy\u1ec3n (t\u00f9y theo s\u1ed1 l\u01b0\u1ee3ng c\u00e2y v\u00e0 \u0111\u1ecba \u0111i\u1ec3m giao h\u00e0ng)<\/p>\n","protected":false},"featured_media":2188,"comment_status":"open","ping_status":"closed","template":"","meta":[],"product_brand":[],"product_cat":[68],"product_tag":[115],"class_list":{"0":"post-2185","1":"product","2":"type-product","3":"status-publish","4":"has-post-thumbnail","6":"product_cat-giong-man","7":"product_tag-man-an-do","9":"first","10":"instock","11":"shipping-taxable","12":"purchasable","13":"product-type-simple"},"_links":{"self":[{"href":"https:\/\/ktech4.k-tech-services.com\/phucan713\/wp-json\/wp\/v2\/product\/2185","targetHints":{"allow":["GET"]}}],"collection":[{"href":"https:\/\/ktech4.k-tech-services.com\/phucan713\/wp-json\/wp\/v2\/product"}],"about":[{"href":"https:\/\/ktech4.k-tech-services.com\/phucan713\/wp-json\/wp\/v2\/types\/product"}],"replies":[{"embeddable":true,"href":"https:\/\/ktech4.k-tech-services.com\/phucan713\/wp-json\/wp\/v2\/comments?post=2185"}],"wp:featuredmedia":[{"embeddable":true,"href":"https:\/\/ktech4.k-tech-services.com\/phucan713\/wp-json\/wp\/v2\/media\/2188"}],"wp:attachment":[{"href":"https:\/\/ktech4.k-tech-services.com\/phucan713\/wp-json\/wp\/v2\/media?parent=2185"}],"wp:term":[{"taxonomy":"product_brand","embeddable":true,"href":"https:\/\/ktech4.k-tech-services.com\/phucan713\/wp-json\/wp\/v2\/product_brand?post=2185"},{"taxonomy":"product_cat","embeddable":true,"href":"https:\/\/ktech4.k-tech-services.com\/phucan713\/wp-json\/wp\/v2\/product_cat?post=2185"},{"taxonomy":"product_tag","embeddable":true,"href":"https:\/\/ktech4.k-tech-services.com\/phucan713\/wp-json\/wp\/v2\/product_tag?post=2185"}],"curies":[{"name":"wp","href":"https:\/\/api.w.org\/{rel}","templated":true}]}}