{"id":2200,"date":"2024-06-20T09:09:08","date_gmt":"2024-06-20T09:09:08","guid":{"rendered":"https:\/\/caygiongphucan.com\/?post_type=product&amp;p=2200"},"modified":"2024-06-20T09:09:08","modified_gmt":"2024-06-20T09:09:08","slug":"cay-giong-dua-xiem-do-gia-vuon","status":"publish","type":"product","link":"https:\/\/ktech4.k-tech-services.com\/phucan713\/san-pham\/cay-giong-dua-xiem-do-gia-vuon\/","title":{"rendered":"C\u00e2y gi\u1ed1ng d\u1eeba xi\u00eam \u0111\u1ecf"},"content":{"rendered":"<p><em>Th\u00e1ng 8\/2024, vi\u1ec7c k\u00fd k\u1ebft hi\u1ec7p \u0111\u1ecbnh th\u01b0 xu\u1ea5t kh\u1ea9u d\u1eeba t\u01b0\u01a1i sang Trung Qu\u1ed1c th\u1ef1c s\u1ef1 l\u00e0 m\u1ed9t tin vui \u0111\u1ed1i v\u1edbi c\u00e1c \u0111\u1ecba ph\u01b0\u01a1ng chuy\u00ean canh d\u1eeba t\u1ea1i Vi\u1ec7t Nam. V\u1edbi th\u1ecb tr\u01b0\u1eddng ti\u00eau th\u1ee5 kh\u1ed5ng l\u1ed3 c\u1ee7a Trung Qu\u1ed1c, ti\u1ec1m n\u0103ng t\u0103ng tr\u01b0\u1edfng c\u1ee7a ng\u00e0nh d\u1eeba Vi\u1ec7t Nam l\u00e0 r\u1ea5t l\u1edbn. Gi\u1ed1ng d\u1eeba xi\u00eam \u0111\u1ecf t\u1eeb bao n\u0103m nay l\u00e0 ngu\u1ed3n thu nh\u1eadp \u1ed5n \u0111\u1ecbnh cho b\u00e0 con, hi\u1ec7n t\u1ea1i v\u00e0 t\u01b0\u01a1ng lai c\u00f3 gi\u00e1 tr\u1ecb cao h\u01a1n v\u1edbi th\u1ecb tr\u01b0\u1eddng xu\u1ea5t kh\u1ea9u.<\/em><\/p>\n<h2><strong><b>Ngu\u1ed3n g\u1ed1c, \u0111\u1eb7c \u0111i\u1ec3m c\u1ee7a gi\u1ed1ng <\/b><\/strong><strong><b>D\u1eeba Xi\u00eam \u0110\u1ecf<\/b><\/strong><\/h2>\n<p>D\u1eeba Xi\u00eam \u0110\u1ecf l\u00e0 m\u1ed9t gi\u1ed1ng c\u00e2y thu\u1ed9c nh\u00f3m d\u1eeba l\u00f9n, c\u00f3 ngu\u1ed3n g\u1ed1c t\u1eeb Th\u00e1i Lan, \u0111\u01b0\u1ee3c tr\u1ed3ng \u1edf n\u01b0\u1edbc ta nhi\u1ec1u n\u0103m nay v\u00e0 c\u00f3 di\u1ec7n t\u00edch tr\u1ed3ng kh\u00e1 l\u1edbn. B\u00ean c\u1ea1nh cung c\u1ea5p n\u01b0\u1edbc d\u1eeba gi\u1ea3i kh\u00e1t, D\u1eeba Xi\u00eam \u0110\u1ecf cung c\u1ea5p nguy\u00ean li\u1ec7u cho vi\u1ec7c s\u1ea3n xu\u1ea5t h\u00e0ng th\u1ee7 c\u00f4ng m\u1ef9 ngh\u1ec7 v\u00e0 c\u00f4ng ngh\u1ec7 ch\u1ebf bi\u1ebfn.<\/p>\n<p>V\u1edbi t\u00ednh ch\u1ea5t d\u1ec5 t\u00ednh, c\u00e2y D\u1eeba Xi\u00eam \u0110\u1ecf l\u00f9n kh\u00f4ng \u0111\u00f2i h\u1ecfi \u0111i\u1ec1u ki\u1ec7n \u0111\u1ea5t \u0111ai kh\u00f3 kh\u0103n. Gi\u1ed1ng n\u00e0y c\u00f3 kh\u1ea3 n\u0103ng th\u00edch \u1ee9ng linh ho\u1ea1t, ph\u00f9 h\u1ee3p cho vi\u1ec7c tr\u1ed3ng \u1edf c\u1ea3 khu v\u1ef1c mi\u1ec1n Trung v\u00e0 mi\u1ec1n B\u1eafc. \u0110i\u1ec1u n\u00e0y m\u1edf ra nhi\u1ec1u c\u01a1 h\u1ed9i cho ng\u01b0\u1eddi n\u00f4ng d\u00e2n khai th\u00e1c ti\u1ec1m n\u0103ng c\u1ee7a gi\u1ed1ng c\u00e2y n\u00e0y.<\/p>\n<figure id=\"attachment_2201\" aria-describedby=\"caption-attachment-2201\" style=\"width: 401px\" class=\"wp-caption aligncenter\"><img loading=\"lazy\" decoding=\"async\" class=\"wp-image-2201\" src=\"http:\/\/localhost\/phucan713\/wp-content\/uploads\/2024\/06\/272104446_1080206569411331_7767703909909175545_n-241x300.jpg\" alt=\"C\u00e2y d\u1eeba xi\u00eam \u0111\u1ecf B\u1ebfn Tre\" width=\"401\" height=\"500\" srcset=\"https:\/\/ktech4.k-tech-services.com\/phucan713\/wp-content\/uploads\/2024\/06\/272104446_1080206569411331_7767703909909175545_n-241x300.jpg 241w, https:\/\/ktech4.k-tech-services.com\/phucan713\/wp-content\/uploads\/2024\/06\/272104446_1080206569411331_7767703909909175545_n-822x1024.jpg 822w, https:\/\/ktech4.k-tech-services.com\/phucan713\/wp-content\/uploads\/2024\/06\/272104446_1080206569411331_7767703909909175545_n-768x957.jpg 768w, https:\/\/ktech4.k-tech-services.com\/phucan713\/wp-content\/uploads\/2024\/06\/272104446_1080206569411331_7767703909909175545_n-1233x1536.jpg 1233w, https:\/\/ktech4.k-tech-services.com\/phucan713\/wp-content\/uploads\/2024\/06\/272104446_1080206569411331_7767703909909175545_n-510x635.jpg 510w, https:\/\/ktech4.k-tech-services.com\/phucan713\/wp-content\/uploads\/2024\/06\/272104446_1080206569411331_7767703909909175545_n.jpg 1536w\" sizes=\"auto, (max-width: 401px) 100vw, 401px\" \/><figcaption id=\"caption-attachment-2201\" class=\"wp-caption-text\">C\u00e2y d\u1eeba xi\u00eam \u0111\u1ecf B\u1ebfn Tre<\/figcaption><\/figure>\n<p>C\u00e2y D\u1eeba Xi\u00eam \u0110\u1ecf c\u00f3 chi\u1ec1u cao t\u1eeb 10-12m, th\u1eddi gian khai th\u00e1c 20-30 n\u0103m.<\/p>\n<p>D\u1eeba xi\u00eam \u0111\u1ecf l\u00e0 m\u1ed9t gi\u1ed1ng d\u1eeba c\u00f3 nhi\u1ec1u \u01b0u \u0111i\u1ec3m, mang l\u1ea1i l\u1ee3i nhu\u1eadn cao cho ng\u01b0\u1eddi tr\u1ed3ng. D\u1eeba xi\u00eam \u0111\u1ecf c\u00f3 th\u1ec3 tr\u1ed3ng quanh n\u0103m, ch\u1ecbu \u0111\u01b0\u1ee3c \u0111\u1ed9 m\u1eb7n trong n\u01b0\u1edbc l\u00ean \u0111\u1ebfn 3-4 ph\u1ea7n ngh\u00ecn.<\/p>\n<p>D\u1eeba xi\u00eam \u0111\u1ecf c\u00f3 tr\u00e1i to, h\u00ecnh b\u1ea7u d\u1ee5c, v\u1ecf m\u00e0u \u0111\u1ecf t\u01b0\u01a1i, c\u00f9i d\u00e0y, c\u01a1m tr\u1eafng ng\u1ea7n, n\u01b0\u1edbc d\u1eeba ng\u1ecdt thanh, th\u01a1m m\u00e1t.<\/p>\n<h2><strong><b>L\u1ee3i \u00edch s\u1ee9c kh\u1ecfe t\u1eeb n\u01b0\u1edbc d\u1eeba<\/b><\/strong><\/h2>\n<ul>\n<li>B\u1ed5 sung \u0111i\u1ec7n gi\u1ea3i v\u00e0 d\u01b0\u1ee1ng ch\u1ea5t<\/li>\n<li>H\u1ed7 tr\u1ee3 s\u1ee9c kh\u1ecfe tim m\u1ea1ch<\/li>\n<li>T\u1ed1t cho h\u1ec7 ti\u00eau h\u00f3a<\/li>\n<li>T\u0103ng c\u01b0\u1eddng h\u1ec7 mi\u1ec5n d\u1ecbch<\/li>\n<li>L\u00e0m \u0111\u1eb9p da<\/li>\n<li>H\u1ed7 tr\u1ee3 gi\u1ea3m c\u00e2n<\/li>\n<li>Gi\u00fap thanh l\u1ecdc c\u01a1 th\u1ec3<\/li>\n<li>T\u0103ng c\u01b0\u1eddng s\u1ee9c kh\u1ecfe n\u00e3o b\u1ed9<\/li>\n<\/ul>\n<h2><strong><b>C\u00e2y D\u1eeba Xi\u00eam \u0110\u1ecf tr\u1ed3ng bao l\u00e2u c\u00f3 tr\u00e1i? <\/b><\/strong><\/h2>\n<p>Kho\u1ea3ng 3 n\u0103m sau khi tr\u1ed3ng D\u1eeba Xi\u00eam \u0110\u1ecf s\u1ebd cho tr\u00e1i thu ho\u1ea1ch. T\u00f9y theo \u0111i\u1ec1u ki\u1ec7n ch\u0103m s\u00f3c l\u00fac \u0111\u00f3 c\u1ee7a c\u00e2y t\u1ea1i th\u1eddi \u0111i\u1ec3m m\u00e0 th\u1eddi gian cho tr\u00e1i c\u00f3 th\u1ec3 s\u1edbm ho\u1eb7c tr\u1ec5 h\u01a1n.<\/p>\n<figure id=\"attachment_2202\" aria-describedby=\"caption-attachment-2202\" style=\"width: 540px\" class=\"wp-caption aligncenter\"><img loading=\"lazy\" decoding=\"async\" class=\"wp-image-2202 size-full\" src=\"http:\/\/localhost\/phucan713\/wp-content\/uploads\/2024\/06\/438255473_970875257975055_3784369694778146423_n.jpg\" alt=\"C\u00e2y d\u1eeba xi\u00eam xanh l\u00f9n \u0111ang \u0111\u1ed9 cho tr\u00e1i\" width=\"540\" height=\"540\" srcset=\"https:\/\/ktech4.k-tech-services.com\/phucan713\/wp-content\/uploads\/2024\/06\/438255473_970875257975055_3784369694778146423_n.jpg 540w, https:\/\/ktech4.k-tech-services.com\/phucan713\/wp-content\/uploads\/2024\/06\/438255473_970875257975055_3784369694778146423_n-300x300.jpg 300w, https:\/\/ktech4.k-tech-services.com\/phucan713\/wp-content\/uploads\/2024\/06\/438255473_970875257975055_3784369694778146423_n-150x150.jpg 150w, https:\/\/ktech4.k-tech-services.com\/phucan713\/wp-content\/uploads\/2024\/06\/438255473_970875257975055_3784369694778146423_n-510x510.jpg 510w, https:\/\/ktech4.k-tech-services.com\/phucan713\/wp-content\/uploads\/2024\/06\/438255473_970875257975055_3784369694778146423_n-100x100.jpg 100w\" sizes=\"auto, (max-width: 540px) 100vw, 540px\" \/><figcaption id=\"caption-attachment-2202\" class=\"wp-caption-text\">C\u00e2y d\u1eeba xi\u00eam xanh l\u00f9n \u0111ang \u0111\u1ed9 cho tr\u00e1i<\/figcaption><\/figure>\n<h2><strong><b>N\u0103ng su\u1ea5t gi\u1ed1ng D\u1eeba Xi\u00eam \u0110\u1ecf<\/b><\/strong><\/h2>\n<p>M\u1ed7i n\u0103m 1 c\u00e2y D\u1eeba Xi\u00eam \u0110\u1ecf c\u00f3 th\u1ec3 cho kho\u1ea3ng 70-100 tr\u00e1i\/ c\u00e2y\/ n\u0103m, th\u1ec3 t\u00edch n\u01b0\u1edbc t\u1eeb 300-450ml. 1 bu\u1ed3ng D\u1eeba Xi\u00eam \u0110\u1ecf c\u00f3 8-10 tr\u00e1i.<\/p>\n<p>Qu\u00e1 tr\u00ecnh ch\u1ecdn gi\u1ed1ng \u0111\u00f3ng vai tr\u00f2 quy\u1ebft \u0111\u1ecbnh trong vi\u1ec7c ph\u00e1t tri\u1ec3n c\u1ee7a v\u01b0\u1eddn D\u1eeba Xi\u00eam \u0110\u1ecf. \u0110\u1ea3m b\u1ea3o th\u1eddi gian 3 n\u0103m b\u1eaft \u0111\u1ea7u cho tr\u00e1i v\u00e0 chu k\u1ef3 thu ho\u1ea1ch k\u00e9o d\u00e0i \u0111\u1ebfn h\u01a1n 20 n\u0103m, vi\u1ec7c l\u1ef1a ch\u1ecdn gi\u1ed1ng c\u00e2y \u0111\u00fang \u0111\u1eafn l\u00e0 b\u01b0\u1edbc quan tr\u1ecdng nh\u1ea5t \u0111\u1ec3 \u0111\u1ea3m b\u1ea3o hi\u1ec7u su\u1ea5t v\u00e0 l\u1ee3i nhu\u1eadn cao.<\/p>\n<h2><strong><b>Kho\u1ea3ng c\u00e1ch tr\u1ed3ng c\u00e2y D\u1eeba Xi\u00eam \u0110\u1ecf<\/b><\/strong><\/h2>\n<p>Kho\u1ea3ng c\u00e1ch l\u00fd t\u01b0\u1edfng gi\u1eefa c\u00e1c c\u00e2y D\u1eeba Xi\u00eam \u0110\u1ecf \u0111\u01b0\u1ee3c \u0111\u1ec1 xu\u1ea5t l\u00e0 5m x 5m, t\u01b0\u01a1ng \u0111\u01b0\u01a1ng 400 c\u00e2y\/ ha.<\/p>\n<p>Ph\u01b0\u01a1ng ph\u00e1p tr\u1ed3ng c\u00f3 th\u1ec3 linh ho\u1ea1t, c\u00f3 th\u1ec3 s\u1eafp x\u1ebfp theo h\u00ecnh vu\u00f4ng ho\u1eb7c theo h\u00ecnh nanh s\u1ea5u, t\u00f9y thu\u1ed9c v\u00e0o \u0111i\u1ec1u ki\u1ec7n c\u1ee5 th\u1ec3 v\u00e0 s\u1edf th\u00edch c\u1ee7a ng\u01b0\u1eddi tr\u1ed3ng.<\/p>\n<p>\u0110\u1ed3ng th\u1eddi, th\u1ef1c hi\u1ec7n vi\u1ec7c \u0111\u1eafp m\u00f4 cao 30 cm v\u00e0 t\u1ea1o b\u1ec1 r\u1ed9ng xung quanh h\u1ed1 l\u00e0 1m. \u0110i\u1ec1u n\u00e0y gi\u00fap \u01b0u h\u00f3a kh\u00f4ng gian tr\u1ed3ng, cung c\u1ea5p \u0111\u1ee7 kh\u00f4ng gian cho s\u1ef1 ph\u00e1t tri\u1ec3n c\u1ee7a c\u00e2y v\u00e0 t\u0103ng c\u01b0\u1eddng kh\u1ea3 n\u0103ng qu\u1ea3n l\u00fd v\u00e0 ch\u0103m s\u00f3c.<\/p>\n<h2><strong><b>Kh\u00ed h\u1eadu v\u00e0 \u0111\u1ea5t tr\u1ed3ng th\u00edch h\u1ee3p v\u1edbi gi\u1ed1ng D\u1eeba Xi\u00eam \u0110\u1ecf<\/b><\/strong><\/h2>\n<p><strong><b>\u0110\u1ea5t tr\u1ed3ng<\/b><\/strong>: C\u00e2y D\u1eeba Xi\u00eam \u0110\u1ecf kh\u00f4ng k\u00e9n \u0111\u1ea5t tr\u1ed3ng, c\u00f3 s\u1ee9c s\u1ed1ng m\u1ea1nh m\u1ebd, kh\u1ea3 n\u0103ng ph\u00e1t tri\u1ec3n nhanh ch\u00f3ng v\u00e0 \u00edt c\u00f4ng ch\u0103m s\u00f3c. Trong \u0111i\u1ec1u ki\u1ec7n thu\u1eadn l\u1ee3i, ta v\u1eabn n\u00ean \u0111\u1ea7u t\u01b0 c\u1ea3i t\u1ea1o \u0111\u1ea5t \u0111\u1ec3 c\u00f3 \u0111\u1ed9 t\u01a1i x\u1ed1p h\u01a1n, h\u1ea1 ph\u00e8n cho \u0111\u1ea5t, sao cho \u0111\u1ed9 pH t\u1eeb 5,5-7. Nh\u01b0 v\u1eady d\u1eeba xi\u00eam s\u1ebd r\u1ea5t b\u1eaft \u0111\u1ea5t v\u00e0 nhanh l\u1edbn.<\/p>\n<p><strong><b>Th\u1eddi ti\u1ebft, kh\u00ed h\u1eadu:<\/b><\/strong>\u00a0D\u1eeba Xi\u00eam \u0110\u1ecf th\u00edch \u1ee9ng t\u1ed1t v\u1edbi nh\u1eefng \u0111i\u1ec1u ki\u1ec7n th\u1eddi ti\u1ebft kh\u1eafc nghi\u1ec7t. T\u1eeb Nam ra B\u1eafc \u0111\u1ec1u c\u00f3 th\u1ec3 tr\u1ed3ng \u0111\u01b0\u1ee3c gi\u1ed1ng d\u1eeba n\u00e0y.<\/p>\n<p><strong><b>V\u1edbi n\u01a1i hay c\u00f3 gi\u00f3 b\u00e3o:<\/b><\/strong>\u00a0C\u00e2y D\u1eeba Xi\u00eam \u0110\u1ecf c\u0169ng th\u1ec3 hi\u1ec7n s\u1ef1 ch\u1ecbu \u0111\u1ef1ng \u0111\u1ed1i v\u1edbi gi\u00f3 b\u00e3o, m\u1ed9t \u0111\u1eb7c t\u00ednh quan tr\u1ecdng khi s\u1ed1ng \u1edf nh\u1eefng khu v\u1ef1c c\u00f3 th\u1eddi ti\u1ebft bi\u1ebfn \u0111\u1ed5i v\u00e0 b\u00e3o l\u1ee5t kh\u00f3 l\u01b0\u1eddng. \u0110i\u1ec1u n\u00e0y gi\u00fap b\u1ea3o v\u1ec7 c\u00e2y v\u00e0 gi\u1eef cho ch\u1ea5t l\u01b0\u1ee3ng tr\u00e1i D\u1eeba Xi\u00eam \u0110\u1ecf \u1ed5n \u0111\u1ecbnh.<\/p>\n<p>D\u1eeba xi\u00eam \u0111\u1ecf n\u1ed5i ti\u1ebfng b\u1edfi s\u1ef1 d\u1ec5 tr\u1ed3ng v\u00e0 \u00edt t\u1ed1n c\u00f4ng ch\u0103m s\u00f3c. Tuy nhi\u00ean, \u0111\u1ec3 \u0111\u1ea1t \u0111\u01b0\u1ee3c n\u0103ng su\u1ea5t v\u00e0 ch\u1ea5t l\u01b0\u1ee3ng t\u1ed1t nh\u1ea5t, ng\u01b0\u1eddi tr\u1ed3ng c\u1ea7n \u00e1p d\u1ee5ng k\u1ef9 thu\u1eadt ch\u0103m s\u00f3c ph\u00f9 h\u1ee3p cho t\u1eebng giai \u0111o\u1ea1n ph\u00e1t tri\u1ec3n c\u1ee7a c\u00e2y.<\/p>\n<h2><strong><b>Giai \u0111o\u1ea1n c\u00e2y nh\u1ecf (ch\u01b0a thu ho\u1ea1ch)<\/b><\/strong><\/h2>\n<ul>\n<li>B\u00f3n ph\u00e2n: N\u00ean t\u1eadp trung s\u1eed d\u1ee5ng c\u00e1c lo\u1ea1i ph\u00e2n \u0111\u01a1n nh\u01b0 Ur\u00ea, L\u00e2n v\u1edbi t\u1ea7n su\u1ea5t 1 l\u1ea7n\/th\u00e1ng.<\/li>\n<li>T\u01b0\u1edbi n\u01b0\u1edbc: T\u01b0\u1edbi n\u01b0\u1edbc \u0111\u1ec1u \u0111\u1eb7n, \u0111\u1ea3m b\u1ea3o \u0111\u1ee7 \u0111\u1ed9 \u1ea9m cho c\u00e2y.<\/li>\n<li>L\u00e0m c\u1ecf: Th\u01b0\u1eddng xuy\u00ean l\u00e0m c\u1ecf \u0111\u1ec3 h\u1ea1n ch\u1ebf s\u1ef1 ph\u00e1t tri\u1ec3n c\u1ee7a c\u1ecf d\u1ea1i c\u1ea1nh tranh dinh d\u01b0\u1ee1ng v\u1edbi c\u00e2y.<\/li>\n<\/ul>\n<h2><strong><b>Giai \u0111o\u1ea1n c\u00e2y l\u1edbn (\u0111\u00e3 thu ho\u1ea1ch)<\/b><\/strong><\/h2>\n<ul>\n<li>B\u00f3n ph\u00e2n: Chuy\u1ec3n sang s\u1eed d\u1ee5ng ph\u00e2n NPK t\u1ed5ng h\u1ee3p d\u1ea1ng h\u1ea1t nh\u01b0 20-20-15, 16-16-8 v\u1edbi l\u01b0\u1ee3ng b\u00f3n 0,5kg\/g\u1ed1c, r\u1ea3i \u0111\u1ec1u quanh g\u1ed1c c\u00e2y. T\u1ea7n su\u1ea5t b\u00f3n ph\u00e2n l\u00e0 1,5 th\u00e1ng\/l\u1ea7n.<\/li>\n<li>T\u01b0\u1edbi n\u01b0\u1edbc: T\u01b0\u1edbi n\u01b0\u1edbc v\u00e0o s\u00e1ng s\u1edbm ho\u1eb7c chi\u1ec1u m\u00e1t, tr\u00e1nh t\u01b0\u1edbi v\u00e0o bu\u1ed5i tr\u01b0a n\u1eafng n\u00f3ng.<\/li>\n<li>Ph\u00f2ng tr\u1eeb s\u00e2u b\u1ec7nh: Theo d\u00f5i v\u00e0 ph\u00e1t hi\u1ec7n s\u1edbm c\u00e1c lo\u1ea1i s\u00e2u b\u1ec7nh h\u1ea1i ph\u1ed5 bi\u1ebfn tr\u00ean d\u1eeba xi\u00eam \u0111\u1ecf nh\u01b0 b\u1ecd v\u00f2i voi \u0111\u1ec3 c\u00f3 bi\u1ec7n ph\u00e1p ph\u00f2ng tr\u1eeb k\u1ecbp th\u1eddi.<\/li>\n<\/ul>\n<h2><strong><b>L\u01b0u \u00fd chung<\/b><\/strong><\/h2>\n<ul>\n<li>V\u00e0o m\u00f9a m\u01b0a, h\u1ea1n ch\u1ebf b\u00f3n ph\u00e2n \u0111\u1ea1m, thay v\u00e0o \u0111\u00f3 s\u1eed d\u1ee5ng ph\u00e2n d\u1ea1ng h\u1ea1t (t\u1ed5ng h\u1ee3p) \u0111\u1ec3 t\u0103ng v\u1ecb ng\u1ecdt cho tr\u00e1i.<\/li>\n<li>\u0110\u1ea7u m\u00f9a m\u01b0a, n\u00ean r\u1ea3i v\u00f4i x\u00e1m cho v\u01b0\u1eddn d\u1eeba v\u1edbi l\u01b0\u1ee3ng 50kg\/c\u00f4ng.<\/li>\n<li>V\u00e0o m\u00f9a n\u1eafng, c\u00f3 th\u1ec3 s\u1eed d\u1ee5ng m\u00e1y t\u01b0\u1edbi, x\u1ecbt \u0111\u1ecdt, r\u1eeda c\u00e2y s\u1ea1ch s\u1ebd \u0111\u1ec3 gi\u00fap c\u00e2y ph\u00e1t tri\u1ec3n t\u1ed1t v\u00e0 t\u0103ng n\u0103ng su\u1ea5t.<\/li>\n<li>H\u00e0ng n\u0103m, n\u00ean s\u1eed d\u1ee5ng b\u00f9n b\u1ed3i \u0111\u1eafp v\u01b0\u1eddn \u0111\u1ec3 gi\u1eef \u1ea9m v\u00e0 t\u1ea1o ngu\u1ed3n dinh d\u01b0\u1ee1ng cho c\u00e2y.<\/li>\n<li>S\u1eed d\u1ee5ng t\u00e0u l\u00e1 kh\u00f4 che ph\u1ee7 g\u1ed1c c\u00e2y \u0111\u1ec3 gi\u1eef \u1ea9m v\u00e0 h\u1ea1n ch\u1ebf c\u1ecf d\u1ea1i ph\u00e1t tri\u1ec3n.<\/li>\n<li>\u0110\u1ed1i v\u1edbi nh\u1eefng c\u00e2y m\u1edbi c\u00f3 tr\u00e1i b\u1ecb tr\u1eadt b\u1eb9, c\u1ea7n s\u1eed d\u1ee5ng c\u00e2y ho\u1eb7c d\u00e2y th\u1eebng \u0111\u1ec3 gia c\u1ed1, gi\u00fap tr\u00e1i qu\u00e0y \u1ed5n \u0111\u1ecbnh v\u00e0 thu ho\u1ea1ch hi\u1ec7u qu\u1ea3.<\/li>\n<\/ul>\n<h2><strong><b>V\u00f9ng ven bi\u1ec3n c\u00f3 tr\u1ed3ng D\u1eeba Xi\u00eam \u0110\u1ecf \u0111\u01b0\u1ee3c kh\u00f4ng? <\/b><\/strong><\/h2>\n<p>D\u1eeba Xi\u00eam \u0110\u1ecf, v\u1edbi kh\u1ea3 n\u0103ng ch\u1ed1ng ch\u1ecdi v\u1edbi kh\u00f4 h\u1ea1n, ng\u1eadp \u00fang, m\u1eb7n v\u00e0 gi\u00f3 b\u00e3o, l\u00e0 l\u1ef1a ch\u1ecdn l\u00fd t\u01b0\u1edfng cho vi\u1ec7c tr\u1ed3ng trong c\u00e1c khu v\u1ef1c ven bi\u1ec3n.<\/p>\n<p>Trong nh\u1eefng v\u00f9ng n\u00e0y, n\u01a1i m\u00e0 nhi\u1ec1u lo\u1ea1i c\u00e2y \u0103n tr\u00e1i kh\u00e1c g\u1eb7p kh\u00f3 kh\u0103n, D\u1eeba Xi\u00eam \u0110\u1ecf v\u1eabn ph\u00e1t tri\u1ec3n m\u1ea1nh m\u1ebd. S\u1ef1 linh ho\u1ea1t c\u1ee7a lo\u1ea1i c\u00e2y n\u00e0y kh\u00f4ng ch\u1ec9 gi\u00fap n\u00e2ng cao kh\u1ea3 n\u0103ng sinh tr\u01b0\u1edfng m\u00e0 c\u00f2n t\u1ea1o \u0111i\u1ec1u ki\u1ec7n thu\u1eadn l\u1ee3i cho ng\u01b0\u1eddi tr\u1ed3ng.<\/p>\n<p>Do v\u1eady, vi\u1ec7c \u0111\u1ea7u t\u01b0 v\u00e0o tr\u1ed3ng c\u00e2y D\u1eeba Xi\u00eam \u0110\u1ecf \u1edf v\u00f9ng \u0111\u1ea5t ven bi\u1ec3n kh\u00f4ng ch\u1ec9 l\u00e0 m\u1ed9t quy\u1ebft \u0111\u1ecbnh an to\u00e0n m\u00e0 c\u00f2n l\u00e0 ngu\u1ed3n thu nh\u1eadp \u1ed5n \u0111\u1ecbnh v\u00e0 b\u1ec1n v\u1eefng trong th\u1eddi gian d\u00e0i.<\/p>\n<figure id=\"attachment_2203\" aria-describedby=\"caption-attachment-2203\" style=\"width: 436px\" class=\"wp-caption aligncenter\"><img loading=\"lazy\" decoding=\"async\" class=\"wp-image-2203\" src=\"http:\/\/localhost\/phucan713\/wp-content\/uploads\/2024\/06\/dua-xiem-do-262x300.jpg\" alt=\"D\u1eeba xi\u00eam \u0111\u1ecf c\u00f3 th\u1ec3 tr\u1ed3ng \u1edf nhi\u1ec1u v\u00f9ng \u0111\u1ea5t kh\u00e1c nhau\" width=\"436\" height=\"500\" srcset=\"https:\/\/ktech4.k-tech-services.com\/phucan713\/wp-content\/uploads\/2024\/06\/dua-xiem-do-262x300.jpg 262w, https:\/\/ktech4.k-tech-services.com\/phucan713\/wp-content\/uploads\/2024\/06\/dua-xiem-do-510x585.jpg 510w, https:\/\/ktech4.k-tech-services.com\/phucan713\/wp-content\/uploads\/2024\/06\/dua-xiem-do.jpg 720w\" sizes=\"auto, (max-width: 436px) 100vw, 436px\" \/><figcaption id=\"caption-attachment-2203\" class=\"wp-caption-text\">D\u1eeba xi\u00eam \u0111\u1ecf c\u00f3 th\u1ec3 tr\u1ed3ng \u1edf nhi\u1ec1u v\u00f9ng \u0111\u1ea5t kh\u00e1c nhau<\/figcaption><\/figure>\n<h2><strong><b>Gi\u00e1 c\u00e2y gi\u1ed1ng D\u1eeba Xi\u00eam \u0110\u1ecf<\/b><\/strong><\/h2>\n<p>Gi\u1ed1ng D\u1eeba Xi\u00eam \u0110\u1ecf c\u00f3 gi\u00e1 dao \u0111\u1ed9ng 24.000-28.000\/ c\u00e2y t\u1ea1i nh\u00e0 v\u01b0\u1eddn Ph\u00fac An B\u1ebfn Tre. T\u00f9y theo s\u1ed1 l\u01b0\u1ee3ng c\u00e2y \u0111\u01b0\u1ee3c \u0111\u1eb7t v\u00e0 th\u1eddi \u0111i\u1ec3m s\u1ebd c\u00f3 m\u1ee9c gi\u00e1 kh\u00e1c nhau.<\/p>\n<p>Kh\u00e1ch mua s\u1ed1 l\u01b0\u1ee3ng c\u00e0ng nhi\u1ec1u gi\u00e1 c\u00e2y s\u1ebd c\u00e0ng r\u1ebb. C\u00e2y gi\u1ed1ng Ph\u00fac An lu\u00f4n c\u1ed1 g\u1eafng \u0111\u1ec3 m\u1ee9c gi\u00e1 b\u00e1n t\u1ed1t nh\u1ea5t cho kh\u00e1ch h\u00e0ng c\u1ee7a m\u00ecnh, v\u1eeba ph\u00f9 h\u1ee3p t\u00fai ti\u1ec1n v\u1eeba c\u00f3 \u0111\u01b0\u1ee3c c\u00e2y gi\u1ed1ng D\u1eeba Xi\u00eam \u0110\u1ecf ch\u1ea5t l\u01b0\u1ee3ng nh\u1ea5t.<\/p>\n<h2><strong><b>Mua c\u00e2y gi\u1ed1ng D\u1eeba Xi\u00eam \u0110\u1ecf \u1edf \u0111\u00e2u ch\u1ea5t l\u01b0\u1ee3ng?<\/b><\/strong><\/h2>\n<p>C\u00e2y gi\u1ed1ng Ph\u00fac An cung c\u1ea5p c\u00e2y gi\u1ed1ng D\u1eeba Xi\u00eam Xanh L\u00f9n ch\u1ea5t l\u01b0\u1ee3ng, \u0111\u01b0\u1ee3c b\u1ea3o h\u00e0nh \u0111\u00fang gi\u1ed1ng cho t\u1edbi khi c\u00f3 tr\u00e1i. V\u01b0\u1eddn nh\u00e2n gi\u1ed1ng c\u1ee7a Ph\u00fac An \u0111\u01b0\u1ee3c ch\u1ecdn l\u1ef1a k\u1ef9 l\u01b0\u1ee1ng, l\u00e0 v\u01b0\u1eddn d\u1eeba m\u1eb9 cho tr\u00e1i chu\u1ea9n, ph\u00e1t tri\u1ec3n t\u1ed1t v\u00e0 n\u0103ng su\u1ea5t \u1ed5n \u0111\u1ecbnh.<\/p>\n<figure id=\"attachment_2205\" aria-describedby=\"caption-attachment-2205\" style=\"width: 375px\" class=\"wp-caption aligncenter\"><img loading=\"lazy\" decoding=\"async\" class=\"wp-image-2205\" src=\"http:\/\/localhost\/phucan713\/wp-content\/uploads\/2024\/06\/z5543441397957_90cc6fa259f9feddef49e3e28db5ba82-225x300.jpg\" alt=\"C\u00e2y gi\u1ed1ng d\u1eeba xi\u00eam \u0111\u1ecf do Ph\u00fac An cung c\u1ea5p\" width=\"375\" height=\"500\" srcset=\"https:\/\/ktech4.k-tech-services.com\/phucan713\/wp-content\/uploads\/2024\/06\/z5543441397957_90cc6fa259f9feddef49e3e28db5ba82-225x300.jpg 225w, https:\/\/ktech4.k-tech-services.com\/phucan713\/wp-content\/uploads\/2024\/06\/z5543441397957_90cc6fa259f9feddef49e3e28db5ba82-768x1024.jpg 768w, https:\/\/ktech4.k-tech-services.com\/phucan713\/wp-content\/uploads\/2024\/06\/z5543441397957_90cc6fa259f9feddef49e3e28db5ba82-510x680.jpg 510w, https:\/\/ktech4.k-tech-services.com\/phucan713\/wp-content\/uploads\/2024\/06\/z5543441397957_90cc6fa259f9feddef49e3e28db5ba82.jpg 960w\" sizes=\"auto, (max-width: 375px) 100vw, 375px\" \/><figcaption id=\"caption-attachment-2205\" class=\"wp-caption-text\">C\u00e2y gi\u1ed1ng d\u1eeba xi\u00eam \u0111\u1ecf do Ph\u00fac An cung c\u1ea5p<\/figcaption><\/figure>\n<p><span style=\"color: #003300;\"><em><strong>Ti\u00eau chu\u1ea9n C\u00e2y gi\u1ed1ng D\u1eeba Xi\u00eam Xanh L\u00f9n\u00a0\u0111\u01b0\u1ee3c cung c\u1ea5p b\u1edfi v\u01b0\u1eddn Ph\u00fac An<\/strong><\/em><\/span><\/p>\n<p>Tr\u00e1i d\u1eeba gi\u1ed1ng: K\u00edch th\u01b0\u1edbc \u0111\u1ed3ng \u0111\u1ec1u, tr\u00e1i kh\u00f4ng d\u1ecb d\u1ea1ng v\u00e0 kh\u00f4ng c\u00f3 s\u00e2u b\u1ec7nh<\/p>\n<p>C\u00e2y d\u1eeba gi\u1ed1ng th\u00e0nh ph\u1ea9m \u1edf v\u01b0\u1eddn Ph\u00fac An:<\/p>\n<ul>\n<li>H\u00ecnh d\u00e1ng: C\u00e2y con t\u1eeb v\u01b0\u1eddn \u01b0\u01a1m c\u00f3 c\u1ed5 th\u00e2n d\u00e0y d\u1eb7n, kh\u1ecfe m\u1ea1nh.<\/li>\n<li>S\u1ee9c kh\u1ecfe c\u00e2y: \u0110\u1ea3m b\u1ea3o c\u00e2y con \u0111\u01b0\u1ee3c ch\u1ecdn kh\u00f4ng b\u1ecb nhi\u1ec5m s\u00e2u b\u1ec7nh.<\/li>\n<li>L\u00e1 c\u00e2y: Ch\u1ecdn c\u00e2y c\u00f3 nhi\u1ec1u l\u00e1 v\u00e0 t\u00e1ch l\u00e1 ch\u00e9t s\u1edbm, l\u00e1 s\u1eadm m\u00e0u l\u00e0 d\u1ea5u hi\u1ec7u c\u1ee7a s\u1ee9c kh\u1ecfe v\u00e0 s\u1ef1 ph\u00e1t tri\u1ec3n t\u00edch c\u1ef1c, gi\u00fap \u0111\u1ea3m b\u1ea3o c\u00e2y d\u1eeba c\u00f3 n\u1ec1n t\u1ea3ng t\u1ed1t khi \u0111\u01b0\u1ee3c tr\u1ed3ng v\u00e0o v\u01b0\u1eddn.<\/li>\n<\/ul>\n<figure id=\"attachment_2204\" aria-describedby=\"caption-attachment-2204\" style=\"width: 375px\" class=\"wp-caption aligncenter\"><img loading=\"lazy\" decoding=\"async\" class=\"wp-image-2204\" src=\"http:\/\/localhost\/phucan713\/wp-content\/uploads\/2024\/06\/z5543441372609_1d29b6367e7a6d53580e090a54a284f5-225x300.jpg\" alt=\"C\u00e2y gi\u1ed1ng d\u1eeba xi\u00eam \u0111\u1ecf do Ph\u00fac An cung c\u1ea5p\" width=\"375\" height=\"500\" srcset=\"https:\/\/ktech4.k-tech-services.com\/phucan713\/wp-content\/uploads\/2024\/06\/z5543441372609_1d29b6367e7a6d53580e090a54a284f5-225x300.jpg 225w, https:\/\/ktech4.k-tech-services.com\/phucan713\/wp-content\/uploads\/2024\/06\/z5543441372609_1d29b6367e7a6d53580e090a54a284f5-768x1024.jpg 768w, https:\/\/ktech4.k-tech-services.com\/phucan713\/wp-content\/uploads\/2024\/06\/z5543441372609_1d29b6367e7a6d53580e090a54a284f5-510x680.jpg 510w, https:\/\/ktech4.k-tech-services.com\/phucan713\/wp-content\/uploads\/2024\/06\/z5543441372609_1d29b6367e7a6d53580e090a54a284f5.jpg 960w\" sizes=\"auto, (max-width: 375px) 100vw, 375px\" \/><figcaption id=\"caption-attachment-2204\" class=\"wp-caption-text\">C\u00e2y gi\u1ed1ng d\u1eeba xi\u00eam \u0111\u1ecf do Ph\u00fac An cung c\u1ea5p<\/figcaption><\/figure>\n<p>&nbsp;<\/p>\n<figure id=\"attachment_2847\" aria-describedby=\"caption-attachment-2847\" style=\"width: 375px\" class=\"wp-caption aligncenter\"><img loading=\"lazy\" decoding=\"async\" class=\"wp-image-2847\" src=\"http:\/\/localhost\/phucan713\/wp-content\/uploads\/2024\/06\/z5553373334309_f51f8b18ae7822c0ac379fdcbae487ba-1-225x300.jpg\" alt=\"L\u00f4 c\u00e2y gi\u1ed1ng d\u1eeba xi\u00eam \u0111\u1ecf Ph\u00fac An giao cho kh\u00e1ch\" width=\"375\" height=\"500\" srcset=\"https:\/\/ktech4.k-tech-services.com\/phucan713\/wp-content\/uploads\/2024\/06\/z5553373334309_f51f8b18ae7822c0ac379fdcbae487ba-1-225x300.jpg 225w, https:\/\/ktech4.k-tech-services.com\/phucan713\/wp-content\/uploads\/2024\/06\/z5553373334309_f51f8b18ae7822c0ac379fdcbae487ba-1-768x1024.jpg 768w, https:\/\/ktech4.k-tech-services.com\/phucan713\/wp-content\/uploads\/2024\/06\/z5553373334309_f51f8b18ae7822c0ac379fdcbae487ba-1-510x680.jpg 510w, https:\/\/ktech4.k-tech-services.com\/phucan713\/wp-content\/uploads\/2024\/06\/z5553373334309_f51f8b18ae7822c0ac379fdcbae487ba-1.jpg 960w\" sizes=\"auto, (max-width: 375px) 100vw, 375px\" \/><figcaption id=\"caption-attachment-2847\" class=\"wp-caption-text\">L\u00f4 c\u00e2y gi\u1ed1ng d\u1eeba xi\u00eam \u0111\u1ecf Ph\u00fac An giao cho kh\u00e1ch<\/figcaption><\/figure>\n<p>C\u00e2y tr\u1ea3i qua quy tr\u00ecnh nh\u00e2n gi\u1ed1ng, d\u01b0\u1ee1ng c\u00e2y con, x\u1ea3 n\u1eafng ho\u00e0n ch\u1ec9nh. \u0110\u1ebfn tay c\u00f4 b\u00e1c s\u1ebd l\u00e0 t\u1eebng c\u00e2y \u0111\u00e3 c\u1ee9ng c\u00e1p \u0111\u00e3 ra c\u01a1i ch\u1ed3i m\u1edbi.<br \/>\nQu\u00fd c\u00f4 b\u00e1c c\u00f3 th\u1ec3 li\u00ean h\u1ec7 tr\u1ef1c ti\u1ebfp qua SDT\/ Zalo 0962.888.014 (<a href=\"http:\/\/localhost\/phucan713\/\" target=\"_blank\" rel=\"noopener\">C\u00e2y Gi\u1ed1ng Ph\u00fac An<\/a>) \u0111\u1ec3 ch\u00fang t\u00f4i t\u01b0 v\u1ea5n v\u00e0 b\u00e1o gi\u00e1 c\u1ee5 th\u1ec3. Xin c\u1ea3m \u01a1n qu\u00fd c\u00f4 b\u00e1c \u0111\u00e3 \u0111\u1eb7t ni\u1ec1m tin v\u1edbi nh\u00e0 v\u01b0\u1eddn.<\/p>\n<p>&gt;&gt; M\u1eddi b\u1ea1n \u0111\u1ecdc th\u00eam: <a href=\"https:\/\/danviet.vn\/loai-cay-dac-san-ben-tre-nay-thap-te-ma-trai-qua-troi-nong-dan-ban-gia-tot-d1338245.html\" target=\"_blank\" rel=\"noopener\"><span style=\"color: #000080;\"><em><strong>Tr\u1ed3ng d\u1eeba xi\u00eam \u0111\u1ecf th\u00e0nh c\u00f4ng tr\u00e1i ngon qu\u00e1 tr\u1eddi \u1edf B\u1ebfn Tre<\/strong><\/em><\/span><\/a><\/p>\n","protected":false},"excerpt":{"rendered":"<p>* Gi\u00e1 tham kh\u1ea3o cho s\u1ed1 l\u01b0\u1ee3ng t\u1eeb 30 c\u00e2y, c\u00f3 th\u1ec3 thay \u0111\u1ed5i theo th\u1eddi \u0111i\u1ec3m<br \/>\n* Ch\u01b0a bao g\u1ed3m ph\u00ed v\u1eadn chuy\u1ec3n (t\u00f9y theo s\u1ed1 l\u01b0\u1ee3ng c\u00e2y v\u00e0 \u0111\u1ecba \u0111i\u1ec3m giao h\u00e0ng)<\/p>\n","protected":false},"featured_media":2202,"comment_status":"open","ping_status":"closed","template":"","meta":[],"product_brand":[],"product_cat":[60],"product_tag":[],"class_list":{"0":"post-2200","1":"product","2":"type-product","3":"status-publish","4":"has-post-thumbnail","6":"product_cat-giong-dua","8":"first","9":"instock","10":"shipping-taxable","11":"purchasable","12":"product-type-simple"},"_links":{"self":[{"href":"https:\/\/ktech4.k-tech-services.com\/phucan713\/wp-json\/wp\/v2\/product\/2200","targetHints":{"allow":["GET"]}}],"collection":[{"href":"https:\/\/ktech4.k-tech-services.com\/phucan713\/wp-json\/wp\/v2\/product"}],"about":[{"href":"https:\/\/ktech4.k-tech-services.com\/phucan713\/wp-json\/wp\/v2\/types\/product"}],"replies":[{"embeddable":true,"href":"https:\/\/ktech4.k-tech-services.com\/phucan713\/wp-json\/wp\/v2\/comments?post=2200"}],"wp:featuredmedia":[{"embeddable":true,"href":"https:\/\/ktech4.k-tech-services.com\/phucan713\/wp-json\/wp\/v2\/media\/2202"}],"wp:attachment":[{"href":"https:\/\/ktech4.k-tech-services.com\/phucan713\/wp-json\/wp\/v2\/media?parent=2200"}],"wp:term":[{"taxonomy":"product_brand","embeddable":true,"href":"https:\/\/ktech4.k-tech-services.com\/phucan713\/wp-json\/wp\/v2\/product_brand?post=2200"},{"taxonomy":"product_cat","embeddable":true,"href":"https:\/\/ktech4.k-tech-services.com\/phucan713\/wp-json\/wp\/v2\/product_cat?post=2200"},{"taxonomy":"product_tag","embeddable":true,"href":"https:\/\/ktech4.k-tech-services.com\/phucan713\/wp-json\/wp\/v2\/product_tag?post=2200"}],"curies":[{"name":"wp","href":"https:\/\/api.w.org\/{rel}","templated":true}]}}