{"id":2281,"date":"2024-06-21T13:23:44","date_gmt":"2024-06-21T13:23:44","guid":{"rendered":"https:\/\/caygiongphucan.com\/?post_type=product&amp;p=2281"},"modified":"2024-06-21T13:23:44","modified_gmt":"2024-06-21T13:23:44","slug":"cay-giong-thanh-nhan","status":"publish","type":"product","link":"https:\/\/ktech4.k-tech-services.com\/phucan713\/san-pham\/cay-giong-thanh-nhan\/","title":{"rendered":"C\u00e2y gi\u1ed1ng thanh nh\u00e3n"},"content":{"rendered":"<h2><strong><b>Ngu\u1ed3n g\u1ed1c<\/b><\/strong><strong><b>\u00a0<\/b><\/strong><strong><b>gi\u1ed1ng thanh nh\u00e3n<\/b><\/strong><\/h2>\n<p>Thanh Nh\u00e3n l\u00e0 m\u1ed9t gi\u1ed1ng \u0111\u1ed9t bi\u1ebfn t\u1ef1 nhi\u00ean t\u1eeb c\u00e2y Nh\u00e3n B\u1ea1c Li\u00eau \u0111\u01b0\u1ee3c ph\u00e1t hi\u1ec7n v\u00e0o n\u0103m 2000 b\u1edfi \u00f4ng V\u00f5 V\u0103n B\u1ea3y \u1edf x\u00e3 Hi\u1ec7p Th\u00e0nh, huy\u1ec7n Gi\u1ed3ng Tr\u00f4m, t\u1ec9nh B\u1ebfn Tre. Sau \u0111\u00f3, gi\u1ed1ng \u0111\u01b0\u1ee3c nh\u00e2n gi\u1ed1ng v\u00e0 tr\u1ed3ng th\u1eed nghi\u1ec7m t\u1ea1i nhi\u1ec1u n\u01a1i v\u00e0 cho k\u1ebft qu\u1ea3 t\u1ed1t n\u00ean \u0111\u01b0\u1ee3c B\u1ed9 N\u00f4ng nghi\u1ec7p v\u00e0 Ph\u00e1t tri\u1ec3n N\u00f4ng th\u00f4n c\u00f4ng nh\u1eadn l\u00e0 gi\u1ed1ng c\u00e2y tr\u1ed3ng m\u1edbi v\u00e0o n\u0103m 2009.<\/p>\n<h2><strong><b>\u0110\u1eb7c \u0111i\u1ec3m c\u00e2y v\u00e0 tr\u00e1i thanh nh\u00e3n<\/b><\/strong><\/h2>\n<h3><strong><b>C\u00e2y<\/b><\/strong><\/h3>\n<p>C\u00e2y thanh nh\u00e3n c\u00f3 chi\u1ec1u cao trung b\u00ecnh t\u1eeb 5-7m, t\u00e1n c\u00e2y r\u1ed9ng v\u00e0 tr\u00f2n.<\/p>\n<p>L\u00e1 c\u00e2y to, d\u00e0y, m\u00e0u xanh \u0111\u1eadm, m\u1eb7t tr\u00ean b\u00f3ng, m\u1eb7t d\u01b0\u1edbi h\u01a1i nh\u00e1m.<\/p>\n<p>Hoa nh\u00e3n nh\u1ecf, m\u00e0u tr\u1eafng ng\u00e0, m\u1ecdc th\u00e0nh ch\u00f9m \u1edf \u0111\u1ea7u c\u00e0nh.<\/p>\n<h3><strong><b>Tr\u00e1i<\/b><\/strong><\/h3>\n<p>Tr\u00e1i thanh nh\u00e3n c\u00f3 h\u00ecnh b\u1ea7u d\u1ee5c, h\u01a1i d\u1eb9t, v\u1ecf m\u1ecfng, m\u00e0u v\u00e0ng n\u00e2u khi ch\u00edn.<\/p>\n<p>C\u01a1m d\u00e0y, tr\u1eafng mu\u1ed1t, m\u1ecdng n\u01b0\u1edbc, v\u1ecb ng\u1ecdt thanh, gi\u00f2n tan.<\/p>\n<p>H\u1ea1t nh\u1ecf, m\u00e0u n\u00e2u s\u1eabm, d\u1ec5 t\u00e1ch kh\u1ecfi c\u01a1m.<\/p>\n<h2><strong><b>C\u00e2y <\/b><\/strong><strong><b>thanh nh\u00e3n<\/b><\/strong><strong><b>\u00a0tr\u1ed3ng bao l\u00e2u c\u00f3 tr\u00e1i?<\/b><\/strong><\/h2>\n<p>C\u00e2y thanh nh\u00e3n tr\u1ed3ng t\u1eeb 3 n\u0103m s\u1ebd b\u1eaft \u0111\u1ea7u cho tr\u00e1i. \u0110\u1ec3 \u0111\u1ea1t n\u0103ng su\u1ea5t cao, c\u1ea7n ph\u1ea3i ch\u0103m s\u00f3c c\u00e2y \u0111\u00fang k\u1ef9 thu\u1eadt.<\/p>\n<h2><strong><b>N\u0103ng su\u1ea5t <\/b><\/strong><strong><b>gi\u1ed1ng thanh nh\u00e3n<\/b><\/strong><\/h2>\n<p>N\u0103ng su\u1ea5t gi\u1ed1ng thanh nh\u00e3n trung b\u00ecnh t\u1eeb 20-30 t\u1ea5n\/ha\/n\u0103m. Tuy nhi\u00ean, v\u1edbi k\u1ef9 thu\u1eadt canh t\u00e1c ti\u00ean ti\u1ebfn, n\u0103ng su\u1ea5t c\u00f3 th\u1ec3 \u0111\u1ea1t t\u1edbi 40-50 t\u1ea5n\/ha\/n\u0103m.<\/p>\n<h2><strong><b>Kh\u00ed h\u1eadu v\u00e0 \u0111\u1ea5t tr\u1ed3ng th\u00edch h\u1ee3p v\u1edbi <\/b><\/strong><strong><b>gi\u1ed1ng thanh nh\u00e3n<\/b><\/strong><\/h2>\n<p>Kh\u00ed h\u1eadu: Thanh nh\u00e3n th\u00edch h\u1ee3p v\u1edbi kh\u00ed h\u1eadu nhi\u1ec7t \u0111\u1edbi gi\u00f3 m\u00f9a. C\u00e2y ch\u1ecbu \u0111\u01b0\u1ee3c h\u1ea1n h\u00e1n v\u00e0 \u00fang n\u01b0\u1edbc kh\u00e1 t\u1ed1t.<\/p>\n<p>\u0110\u1ea5t tr\u1ed3ng: Thanh nh\u00e3n c\u00f3 th\u1ec3 tr\u1ed3ng tr\u00ean nhi\u1ec1u lo\u1ea1i \u0111\u1ea5t kh\u00e1c nhau, nh\u01b0ng t\u1ed1t nh\u1ea5t l\u00e0 \u0111\u1ea5t th\u1ecbt pha c\u00e1t, t\u01a1i x\u1ed1p, gi\u00e0u dinh d\u01b0\u1ee1ng, c\u00f3 \u0111\u1ed9 pH t\u1eeb 5.5-6.5.<\/p>\n<h2><strong><b>Kho\u1ea3ng c\u00e1ch tr\u1ed3ng <\/b><\/strong><strong><b>thanh nh\u00e3n<\/b><\/strong><\/h2>\n<p>Kho\u1ea3ng c\u00e1ch tr\u1ed3ng thanh nh\u00e3n th\u00f4ng th\u01b0\u1eddng l\u00e0 6m x 6m. Tuy nhi\u00ean, c\u00f3 th\u1ec3 \u0111i\u1ec1u ch\u1ec9nh m\u1eadt \u0111\u1ed9 tr\u1ed3ng t\u00f9y thu\u1ed9c v\u00e0o \u0111i\u1ec1u ki\u1ec7n \u0111\u1ea5t \u0111ai v\u00e0 k\u1ef9 thu\u1eadt ch\u0103m s\u00f3c.<\/p>\n<h2><strong><b>C\u00e1ch ch\u0103m s\u00f3c b\u00f3n ph\u00e2n c\u00e2y thanh nh\u00e3n<\/b><\/strong><\/h2>\n<h3><strong><b>B\u00f3n ph\u00e2n<\/b><\/strong><\/h3>\n<p>B\u00f3n l\u00f3t cho c\u00e2y tr\u01b0\u1edbc khi tr\u1ed3ng b\u1eb1ng ph\u00e2n chu\u1ed3ng hoai m\u1ee5c, ph\u00e2n l\u00e2n, kali.<\/p>\n<p>B\u00f3n th\u00fac cho c\u00e2y \u0111\u1ecbnh k\u1ef3 trong n\u0103m, \u0111\u1eb7c bi\u1ec7t l\u00e0 v\u00e0o giai \u0111o\u1ea1n c\u00e2y ra hoa, \u0111\u1eadu tr\u00e1i v\u00e0 nu\u00f4i qu\u1ea3.<\/p>\n<p>N\u00ean s\u1eed d\u1ee5ng ph\u00e2n b\u00f3n h\u1eefu c\u01a1 k\u1ebft h\u1ee3p v\u1edbi ph\u00e2n b\u00f3n h\u00f3a h\u1ecdc \u0111\u1ec3 \u0111\u1ea3m b\u1ea3o cho c\u00e2y ph\u00e1t tri\u1ec3n t\u1ed1t v\u00e0 cho n\u0103ng su\u1ea5t cao.<\/p>\n<h3><strong><b>T\u01b0\u1edbi n\u01b0\u1edbc<\/b><\/strong><\/h3>\n<p>T\u01b0\u1edbi n\u01b0\u1edbc cho c\u00e2y th\u01b0\u1eddng xuy\u00ean, \u0111\u1eb7c bi\u1ec7t l\u00e0 v\u00e0o m\u00f9a kh\u00f4.<\/p>\n<p>N\u00ean t\u01b0\u1edbi n\u01b0\u1edbc v\u00e0o bu\u1ed5i s\u00e1ng s\u1edbm ho\u1eb7c chi\u1ec1u m\u00e1t \u0111\u1ec3 tr\u00e1nh l\u00e0m \u1ea3nh h\u01b0\u1edfng \u0111\u1ebfn s\u1ef1 ph\u00e1t tri\u1ec3n c\u1ee7a c\u00e2y.<\/p>\n<h3><strong><b>C\u1eaft t\u1ec9a<\/b><\/strong><\/h3>\n<p>C\u1eaft t\u1ec9a c\u00e0nh, nh\u00e1nh cho c\u00e2y \u0111\u1ec3 t\u1ea1o t\u00e1n c\u00e2y c\u00e2n \u0111\u1ed1i, th\u00f4ng tho\u00e1ng, gi\u00fap c\u00e2y ra hoa \u0111\u1eadu tr\u00e1i nhi\u1ec1u h\u01a1n.<\/p>\n<p>N\u00ean c\u1eaft t\u1ec9a c\u00e0nh v\u00e0o sau khi thu ho\u1ea1ch qu\u1ea3.<\/p>\n<h3><strong><b>Ph\u00f2ng tr\u1eeb s\u00e2u b\u1ec7nh<\/b><\/strong><\/h3>\n<p>Thanh Nh\u00e3n th\u01b0\u1eddng b\u1ecb m\u1ed9t s\u1ed1 s\u00e2u b\u1ec7nh h\u1ea1i nh\u01b0 r\u1ec7p, s\u1ea7u ri\u00eang, th\u1ed1i nh\u0169n,&#8230;<\/p>\n<p>C\u1ea7n \u00e1p d\u1ee5ng c\u00e1c bi\u1ec7n ph\u00e1p ph\u00f2ng tr\u1eeb s\u00e2u b\u1ec7nh k\u1ecbp th\u1eddi \u0111\u1ec3 b\u1ea3o v\u1ec7 c\u00e2y.<\/p>\n<h2><strong><b>Gi\u00e1 c\u00e2y <\/b><\/strong><strong><b>gi\u1ed1ng thanh nh\u00e3n<\/b><\/strong><\/h2>\n<p>Gi\u00e1 c\u00e2y gi\u1ed1ng thanh nh\u00e3n\u00a0t\u1ea1i v\u01b0\u1eddn Ph\u00fac An dao \u0111\u1ed9ng t\u1eeb 33.000 &#8211; 45.000\/ c\u00e2y. T\u00f9y theo l\u00f4 c\u00e2y, s\u1ed1 l\u01b0\u1ee3ng \u0111\u1eb7t s\u1ebd c\u00f3 m\u1ee9c gi\u00e1 kh\u00e1c nhau. Ch\u00fang t\u00f4i cam k\u1ebft lu\u00f4n gi\u1eef m\u1ee9c gi\u00e1 v\u1eeba t\u00fai ti\u1ec1n \u0111\u1ec3 m\u1ecdi kh\u00e1ch h\u00e0ng \u0111\u1ec1u c\u00f3 th\u1ec3 ch\u1ecdn mua nh\u1eefng c\u00e2y gi\u1ed1ng th\u1eadt t\u1ed1t cho khu v\u01b0\u1eddn c\u1ee7a m\u00ecnh.<\/p>\n<h2><strong><b>Mua c\u00e2y <\/b><\/strong><strong><b>gi\u1ed1ng thanh nh\u00e3n<\/b><\/strong><strong><b>\u00a0\u1edf \u0111\u00e2u ch\u1ea5t l\u01b0\u1ee3ng?<\/b><\/strong><\/h2>\n<p>C\u00e2y gi\u1ed1ng Ph\u00fac An cung c\u1ea5p c\u00e2y gi\u1ed1ng thanh nh\u00e3n\u00a0ch\u1ea5t l\u01b0\u1ee3ng, \u0111\u01b0\u1ee3c b\u1ea3o h\u00e0nh \u0111\u00fang gi\u1ed1ng cho t\u1edbi khi c\u00f3 tr\u00e1i.<\/p>\n<p>V\u01b0\u1eddn nh\u00e2n gi\u1ed1ng c\u1ee7a Ph\u00fac An \u0111\u01b0\u1ee3c ch\u1ecdn l\u1ef1a k\u1ef9 l\u01b0\u1ee1ng, l\u00e0 v\u01b0\u1eddn \u0111\u00e3 cho tr\u00e1i chu\u1ea9n v\u00e0 \u1ed5n \u0111\u1ecbnh. C\u00e0nh gh\u00e9p \u0111\u01b0\u1ee3c tuy\u1ec3n ch\u1ecdn kh\u1ecfe m\u1ea1nh xanh t\u1ed1t.<\/p>\n<p>Ti\u00eau chu\u1ea9n C\u00e2y gi\u1ed1ng thanh nh\u00e3n\u00a0\u0111\u01b0\u1ee3c cung c\u1ea5p b\u1edfi v\u01b0\u1eddn Ph\u00fac An:<\/p>\n<p>&#8211; H\u00ecnh th\u1ee9c nh\u00e2n gi\u1ed1ng: Gh\u00e9p chui c\u00e0nh\/ th\u00e1p c\u00e0nh<\/p>\n<p>&#8211; Chi\u1ec1u cao c\u00e2y gi\u1ed1ng 50cm-70cm<\/p>\n<p>&#8211; C\u00e2y nu\u00f4i \u0111\u1ee7 th\u1eddi gian, b\u1ea7u r\u1ec5 \u1ed5n \u0111\u1ecbnh, c\u00e2y \u0111\u00e3 x\u1ea3 n\u1eafng\u00a0c\u1ee9ng c\u00e1p<\/p>\n<p>&#8211; Kh\u00f4ng c\u00f3 d\u1ea5u hi\u1ec7u s\u00e2u b\u1ec7nh, v\u1ebft gh\u00e9p ti\u1ebfp h\u1ee3p t\u1ed1t, b\u1ed9 l\u00e1 xanh t\u1ed1t d\u00e0y d\u1eb7n<\/p>\n<p>C\u00e2y tr\u1ea3i qua quy tr\u00ecnh nh\u00e2n gi\u1ed1ng, d\u01b0\u1ee1ng c\u00e2y con, x\u1ea3 n\u1eafng ho\u00e0n ch\u1ec9nh. \u0110\u1ebfn tay c\u00f4 b\u00e1c s\u1ebd l\u00e0 t\u1eebng c\u00e2y \u0111\u00e3 c\u1ee9ng c\u00e1p \u0111\u00e3 ra c\u01a1i ch\u1ed3i m\u1edbi.<br \/>\nQu\u00fd c\u00f4 b\u00e1c c\u00f3 th\u1ec3 li\u00ean h\u1ec7 tr\u1ef1c ti\u1ebfp qua SDT\/ Zalo 0962.888.014 (<a href=\"http:\/\/localhost\/phucan713\/\" target=\"_blank\" rel=\"noopener\">C\u00e2y Gi\u1ed1ng Ph\u00fac An<\/a>) \u0111\u1ec3 ch\u00fang t\u00f4i t\u01b0 v\u1ea5n v\u00e0 b\u00e1o gi\u00e1 c\u1ee5 th\u1ec3. Xin c\u1ea3m \u01a1n qu\u00fd c\u00f4 b\u00e1c \u0111\u00e3 \u0111\u1eb7t ni\u1ec1m tin v\u1edbi nh\u00e0 v\u01b0\u1eddn.<\/p>\n<blockquote><p><em><strong>M\u1eddi b\u1ea1n \u0111\u1ecdc th\u00eam: <a href=\"https:\/\/bnews.vn\/moi-nam-can-tho-xuat-khau-khoang-250-tan-thanh-nhan\/341423.html\" target=\"_blank\" rel=\"noopener\"><span style=\"color: #000080;\">M\u1ed7i n\u0103m C\u1ea7n Th\u01a1 xu\u1ea5t kh\u1ea9u kho\u1ea3ng 250 t\u1ea5n thanh nh\u00e3n<\/span><\/a><\/strong><\/em><\/p><\/blockquote>\n","protected":false},"excerpt":{"rendered":"<p>* Gi\u00e1 tham kh\u1ea3o cho s\u1ed1 l\u01b0\u1ee3ng t\u1eeb 30 c\u00e2y, c\u00f3 th\u1ec3 thay \u0111\u1ed5i theo th\u1eddi \u0111i\u1ec3m<br \/>\n* Ch\u01b0a bao g\u1ed3m ph\u00ed v\u1eadn chuy\u1ec3n (t\u00f9y theo s\u1ed1 l\u01b0\u1ee3ng c\u00e2y v\u00e0 \u0111\u1ecba \u0111i\u1ec3m giao h\u00e0ng)<\/p>\n","protected":false},"featured_media":2288,"comment_status":"open","ping_status":"closed","template":"","meta":[],"product_brand":[],"product_cat":[35,83],"product_tag":[119],"class_list":{"0":"post-2281","1":"product","2":"type-product","3":"status-publish","4":"has-post-thumbnail","6":"product_cat-san-pham-giong-cay-an-trai","7":"product_cat-giong-nhan","8":"product_tag-thanh-nhan","10":"first","11":"instock","12":"shipping-taxable","13":"purchasable","14":"product-type-simple"},"_links":{"self":[{"href":"https:\/\/ktech4.k-tech-services.com\/phucan713\/wp-json\/wp\/v2\/product\/2281","targetHints":{"allow":["GET"]}}],"collection":[{"href":"https:\/\/ktech4.k-tech-services.com\/phucan713\/wp-json\/wp\/v2\/product"}],"about":[{"href":"https:\/\/ktech4.k-tech-services.com\/phucan713\/wp-json\/wp\/v2\/types\/product"}],"replies":[{"embeddable":true,"href":"https:\/\/ktech4.k-tech-services.com\/phucan713\/wp-json\/wp\/v2\/comments?post=2281"}],"wp:featuredmedia":[{"embeddable":true,"href":"https:\/\/ktech4.k-tech-services.com\/phucan713\/wp-json\/wp\/v2\/media\/2288"}],"wp:attachment":[{"href":"https:\/\/ktech4.k-tech-services.com\/phucan713\/wp-json\/wp\/v2\/media?parent=2281"}],"wp:term":[{"taxonomy":"product_brand","embeddable":true,"href":"https:\/\/ktech4.k-tech-services.com\/phucan713\/wp-json\/wp\/v2\/product_brand?post=2281"},{"taxonomy":"product_cat","embeddable":true,"href":"https:\/\/ktech4.k-tech-services.com\/phucan713\/wp-json\/wp\/v2\/product_cat?post=2281"},{"taxonomy":"product_tag","embeddable":true,"href":"https:\/\/ktech4.k-tech-services.com\/phucan713\/wp-json\/wp\/v2\/product_tag?post=2281"}],"curies":[{"name":"wp","href":"https:\/\/api.w.org\/{rel}","templated":true}]}}