{"id":2301,"date":"2024-06-24T03:05:41","date_gmt":"2024-06-24T03:05:41","guid":{"rendered":"https:\/\/caygiongphucan.com\/?post_type=product&amp;p=2301"},"modified":"2024-06-24T03:05:41","modified_gmt":"2024-06-24T03:05:41","slug":"cay-giong-quyt-duong","status":"publish","type":"product","link":"https:\/\/ktech4.k-tech-services.com\/phucan713\/san-pham\/cay-giong-quyt-duong\/","title":{"rendered":"C\u00e2y gi\u1ed1ng qu\u00fdt \u0111\u01b0\u1eddng"},"content":{"rendered":"<p>Qu\u00fdt \u0111\u01b0\u1eddng, v\u1edbi v\u1ecb ng\u1ecdt thanh m\u00e1t, v\u1ecf m\u1ecfng, m\u00fai m\u1ecdng n\u01b0\u1edbc, lu\u00f4n l\u00e0 l\u1ef1a ch\u1ecdn h\u00e0ng \u0111\u1ea7u c\u1ee7a nhi\u1ec1u ng\u01b0\u1eddi. Kh\u00f4ng ch\u1ec9 l\u00e0 lo\u1ea1i tr\u00e1i c\u00e2y \u0111\u01b0\u1ee3c \u01b0a chu\u1ed9ng, qu\u00fdt \u0111\u01b0\u1eddng c\u00f2n mang l\u1ea1i gi\u00e1 tr\u1ecb kinh t\u1ebf cao khi tr\u1ed3ng. B\u00e0i vi\u1ebft n\u00e0y s\u1ebd cung c\u1ea5p cho b\u1ea1n nh\u1eefng th\u00f4ng tin chi ti\u1ebft v\u1ec1 gi\u1ed1ng qu\u00fdt \u0111\u01b0\u1eddng, t\u1eeb \u0111\u1eb7c \u0111i\u1ec3m, k\u1ef9 thu\u1eadt tr\u1ed3ng \u0111\u1ebfn n\u0103ng su\u1ea5t, gi\u00fap b\u1ea1n \u0111\u01b0a ra quy\u1ebft \u0111\u1ecbnh \u0111\u1ea7u t\u01b0 tr\u1ed3ng c\u00e2y \u0103n tr\u00e1i hi\u1ec7u tr\u00e1i.<\/p>\n<h2><strong><b>Ngu\u1ed3n g\u1ed1c v\u00e0 \u0111\u1eb7c \u0111i\u1ec3m c\u00e2y qu\u00fdt \u0111\u01b0\u1eddng<\/b><\/strong><\/h2>\n<p>Qu\u00fdt \u0111\u01b0\u1eddng c\u00f3 ngu\u1ed3n g\u1ed1c t\u1eeb c\u00e1c n\u01b0\u1edbc \u0110\u00f4ng Nam \u00c1, \u0111\u01b0\u1ee3c tr\u1ed3ng r\u1ed9ng r\u00e3i \u1edf Vi\u1ec7t Nam. C\u00e2y qu\u00fdt \u0111\u01b0\u1eddng thu\u1ed9c h\u1ecd cam qu\u00fdt, c\u00f3 kh\u1ea3 n\u0103ng th\u00edch nghi t\u1ed1t v\u1edbi nhi\u1ec1u \u0111i\u1ec1u ki\u1ec7n kh\u00ed h\u1eadu kh\u00e1c nhau. C\u00e2y c\u00f3 chi\u1ec1u cao trung b\u00ecnh, t\u00e1n l\u00e1 r\u1ed9ng, c\u00e0nh nhi\u1ec1u gai. tr\u00e1i qu\u00fdt \u0111\u01b0\u1eddng h\u00ecnh tr\u00f2n ho\u1eb7c b\u1ea7u d\u1ee5c, v\u1ecf m\u1ecfng, m\u00e0u v\u00e0ng cam khi ch\u00edn. M\u00fai qu\u00fdt m\u1ecdng n\u01b0\u1edbc, v\u1ecb ng\u1ecdt thanh, th\u01a1m m\u00e1t.<\/p>\n<figure id=\"attachment_2306\" aria-describedby=\"caption-attachment-2306\" style=\"width: 600px\" class=\"wp-caption aligncenter\"><img loading=\"lazy\" decoding=\"async\" class=\"wp-image-2306\" src=\"http:\/\/localhost\/phucan713\/wp-content\/uploads\/2024\/06\/quyt-duong-10-300x225.jpg\" alt=\"Qu\u00fdt \u0111\u01b0\u1eddng th\u01a1m ng\u1ecdt\" width=\"600\" height=\"450\" srcset=\"https:\/\/ktech4.k-tech-services.com\/phucan713\/wp-content\/uploads\/2024\/06\/quyt-duong-10-300x225.jpg 300w, https:\/\/ktech4.k-tech-services.com\/phucan713\/wp-content\/uploads\/2024\/06\/quyt-duong-10-1024x768.jpg 1024w, https:\/\/ktech4.k-tech-services.com\/phucan713\/wp-content\/uploads\/2024\/06\/quyt-duong-10-768x576.jpg 768w, https:\/\/ktech4.k-tech-services.com\/phucan713\/wp-content\/uploads\/2024\/06\/quyt-duong-10-1536x1152.jpg 1536w, https:\/\/ktech4.k-tech-services.com\/phucan713\/wp-content\/uploads\/2024\/06\/quyt-duong-10-510x383.jpg 510w, https:\/\/ktech4.k-tech-services.com\/phucan713\/wp-content\/uploads\/2024\/06\/quyt-duong-10.jpg 2048w\" sizes=\"auto, (max-width: 600px) 100vw, 600px\" \/><figcaption id=\"caption-attachment-2306\" class=\"wp-caption-text\">Qu\u00fdt \u0111\u01b0\u1eddng th\u01a1m ng\u1ecdt<\/figcaption><\/figure>\n<figure id=\"attachment_2305\" aria-describedby=\"caption-attachment-2305\" style=\"width: 450px\" class=\"wp-caption aligncenter\"><img loading=\"lazy\" decoding=\"async\" class=\"wp-image-2305\" src=\"http:\/\/localhost\/phucan713\/wp-content\/uploads\/2024\/06\/quyt-duong-9-225x300.jpg\" alt=\"C\u1eadn c\u1ea3nh tr\u00e1i qu\u00fdt \u0111\u01b0\u1eddng\" width=\"450\" height=\"600\" srcset=\"https:\/\/ktech4.k-tech-services.com\/phucan713\/wp-content\/uploads\/2024\/06\/quyt-duong-9-225x300.jpg 225w, https:\/\/ktech4.k-tech-services.com\/phucan713\/wp-content\/uploads\/2024\/06\/quyt-duong-9-768x1024.jpg 768w, https:\/\/ktech4.k-tech-services.com\/phucan713\/wp-content\/uploads\/2024\/06\/quyt-duong-9-1152x1536.jpg 1152w, https:\/\/ktech4.k-tech-services.com\/phucan713\/wp-content\/uploads\/2024\/06\/quyt-duong-9-510x680.jpg 510w, https:\/\/ktech4.k-tech-services.com\/phucan713\/wp-content\/uploads\/2024\/06\/quyt-duong-9.jpg 1536w\" sizes=\"auto, (max-width: 450px) 100vw, 450px\" \/><figcaption id=\"caption-attachment-2305\" class=\"wp-caption-text\">C\u1eadn c\u1ea3nh tr\u00e1i qu\u00fdt \u0111\u01b0\u1eddng<\/figcaption><\/figure>\n<p>Tr\u00e1i qu\u00fdt \u0111\u01b0\u1eddng c\u00f3 h\u00ecnh tr\u00f2n, v\u1ecf m\u00e0u v\u00e0ng cam, khi ch\u00edn c\u00f3 m\u00f9i th\u01a1m \u0111\u1eb7c tr\u01b0ng.<\/p>\n<p>V\u1ecf ngo\u00e0i r\u1ea5t m\u1ecfng, d\u1ec5 b\u00f3c.<\/p>\n<p>M\u00fai qu\u00fdt c\u00f3 m\u00e0u v\u00e0ng, ng\u1ecdt thanh, v\u1ecb chua nh\u1eb9, m\u1ecdng n\u01b0\u1edbc, kh\u00f4ng c\u00f3 h\u1ea1t ho\u1eb7c r\u1ea5t \u00edt h\u1ea1t.<\/p>\n<p>Qu\u00fdt \u0111\u01b0\u1eddng c\u00f3 \u0111\u01b0\u1eddng k\u00ednh trung b\u00ecnh kho\u1ea3ng 5-7cm, tr\u1ecdng l\u01b0\u1ee3ng trung b\u00ecnh t\u1eeb 80-100g.<\/p>\n<p>Cung c\u1ea5p nhi\u1ec1u vitamin C, gi\u00fap t\u0103ng c\u01b0\u1eddng s\u1ee9c \u0111\u1ec1 kh\u00e1n<\/p>\n<h2><strong><b>Gi\u1ed1ng c\u00e2y qu\u00fdt \u0111\u01b0\u1eddng tr\u1ed3ng bao l\u00e2u c\u00f3 tr\u00e1i?<\/b><\/strong><\/h2>\n<p>Th\u1eddi gian t\u1eeb khi tr\u1ed3ng c\u00e2y qu\u00fdt \u0111\u01b0\u1eddng \u0111\u1ebfn khi thu ho\u1ea1ch tr\u00e1i \u0111\u1ea7u ti\u00ean th\u01b0\u1eddng l\u00e0 1 n\u0103m, nh\u01b0ng sau 3 n\u0103m m\u1edbi thu ho\u1ea1ch nhi\u1ec1u. Tuy nhi\u00ean, th\u1eddi gian n\u00e0y c\u00f3 th\u1ec3 thay \u0111\u1ed5i t\u00f9y thu\u1ed9c v\u00e0o gi\u1ed1ng c\u00e2y, \u0111i\u1ec1u ki\u1ec7n \u0111\u1ea5t \u0111ai v\u00e0 k\u1ef9 thu\u1eadt ch\u0103m s\u00f3c.<\/p>\n<figure id=\"attachment_2308\" aria-describedby=\"caption-attachment-2308\" style=\"width: 450px\" class=\"wp-caption aligncenter\"><img loading=\"lazy\" decoding=\"async\" class=\"wp-image-2308\" src=\"http:\/\/localhost\/phucan713\/wp-content\/uploads\/2024\/06\/quyt-duong-1-225x300.jpg\" alt=\"C\u00e2y qu\u00fdt \u0111\u01b0\u1eddng \u0111\u1ee7 s\u1ee9c thu ho\u1ea1ch sau 3 n\u0103m\" width=\"450\" height=\"600\" srcset=\"https:\/\/ktech4.k-tech-services.com\/phucan713\/wp-content\/uploads\/2024\/06\/quyt-duong-1-225x300.jpg 225w, https:\/\/ktech4.k-tech-services.com\/phucan713\/wp-content\/uploads\/2024\/06\/quyt-duong-1-768x1024.jpg 768w, https:\/\/ktech4.k-tech-services.com\/phucan713\/wp-content\/uploads\/2024\/06\/quyt-duong-1-1152x1536.jpg 1152w, https:\/\/ktech4.k-tech-services.com\/phucan713\/wp-content\/uploads\/2024\/06\/quyt-duong-1-510x680.jpg 510w, https:\/\/ktech4.k-tech-services.com\/phucan713\/wp-content\/uploads\/2024\/06\/quyt-duong-1.jpg 1536w\" sizes=\"auto, (max-width: 450px) 100vw, 450px\" \/><figcaption id=\"caption-attachment-2308\" class=\"wp-caption-text\">C\u00e2y qu\u00fdt \u0111\u01b0\u1eddng \u0111\u1ee7 s\u1ee9c thu ho\u1ea1ch sau 3 n\u0103m<\/figcaption><\/figure>\n<h2><strong><b>T\u1eeb l\u00fac ra hoa \u0111\u1ebfn khi thu ho\u1ea1ch qu\u00fdt \u0111\u01b0\u1eddng kho\u1ea3ng bao l\u00e2u?<\/b><\/strong><\/h2>\n<p>Sau khi c\u00e2y qu\u00fdt \u0111\u01b0\u1eddng ra hoa, th\u1eddi gian \u0111\u1ec3 tr\u00e1i ch\u00edn v\u00e0 c\u00f3 th\u1ec3 thu ho\u1ea1ch th\u01b0\u1eddng kho\u1ea3ng 6-8 th\u00e1ng.<\/p>\n<h2><strong><b>N\u0103ng su\u1ea5t gi\u1ed1ng qu\u00fdt \u0111\u01b0\u1eddng<\/b><\/strong><\/h2>\n<p>N\u0103ng su\u1ea5t c\u1ee7a c\u00e2y qu\u00fdt \u0111\u01b0\u1eddng ph\u1ee5 thu\u1ed9c v\u00e0o nhi\u1ec1u y\u1ebfu t\u1ed1 nh\u01b0 gi\u1ed1ng c\u00e2y, \u0111i\u1ec1u ki\u1ec7n \u0111\u1ea5t \u0111ai, kh\u00ed h\u1eadu v\u00e0 k\u1ef9 thu\u1eadt ch\u0103m s\u00f3c. Trung b\u00ecnh, m\u1ed9t c\u00e2y qu\u00fdt \u0111\u01b0\u1eddng tr\u01b0\u1edfng th\u00e0nh c\u00f3 th\u1ec3 cho t\u1eeb 30-50kg tr\u00e1i\/n\u0103m. Khi \u0111\u01b0\u1ee3c ch\u0103m s\u00f3c t\u1ed1t v\u00e0 c\u00e2y nhi\u1ec1u n\u0103m tu\u1ed5i n\u0103ng su\u1ea5t c\u00f3 th\u1ec3 \u0111\u1ea1t t\u1edbi 70-80kg\/n\u0103m.<\/p>\n<figure id=\"attachment_2302\" aria-describedby=\"caption-attachment-2302\" style=\"width: 450px\" class=\"wp-caption aligncenter\"><img loading=\"lazy\" decoding=\"async\" class=\"wp-image-2302\" src=\"http:\/\/localhost\/phucan713\/wp-content\/uploads\/2024\/06\/quyt-duong-3-225x300.jpg\" alt=\"Thu ho\u1ea1ch qu\u00fdt \u0111\u01b0\u1eddng\" width=\"450\" height=\"600\" srcset=\"https:\/\/ktech4.k-tech-services.com\/phucan713\/wp-content\/uploads\/2024\/06\/quyt-duong-3-225x300.jpg 225w, https:\/\/ktech4.k-tech-services.com\/phucan713\/wp-content\/uploads\/2024\/06\/quyt-duong-3-768x1024.jpg 768w, https:\/\/ktech4.k-tech-services.com\/phucan713\/wp-content\/uploads\/2024\/06\/quyt-duong-3-1152x1536.jpg 1152w, https:\/\/ktech4.k-tech-services.com\/phucan713\/wp-content\/uploads\/2024\/06\/quyt-duong-3-510x680.jpg 510w, https:\/\/ktech4.k-tech-services.com\/phucan713\/wp-content\/uploads\/2024\/06\/quyt-duong-3.jpg 1536w\" sizes=\"auto, (max-width: 450px) 100vw, 450px\" \/><figcaption id=\"caption-attachment-2302\" class=\"wp-caption-text\">Thu ho\u1ea1ch qu\u00fdt \u0111\u01b0\u1eddng<\/figcaption><\/figure>\n<figure id=\"attachment_2303\" aria-describedby=\"caption-attachment-2303\" style=\"width: 581px\" class=\"wp-caption aligncenter\"><img loading=\"lazy\" decoding=\"async\" class=\"wp-image-2303\" src=\"http:\/\/localhost\/phucan713\/wp-content\/uploads\/2024\/06\/quyt-duong-6-290x300.jpg\" alt=\"Qu\u00fdt \u0111\u01b0\u1eddng t\u1ea1o ngu\u1ed3n thu nh\u1eadp t\u1ed1t cho ng\u01b0\u1eddi n\u00f4ng d\u00e2n\" width=\"581\" height=\"600\" srcset=\"https:\/\/ktech4.k-tech-services.com\/phucan713\/wp-content\/uploads\/2024\/06\/quyt-duong-6-290x300.jpg 290w, https:\/\/ktech4.k-tech-services.com\/phucan713\/wp-content\/uploads\/2024\/06\/quyt-duong-6-991x1024.jpg 991w, https:\/\/ktech4.k-tech-services.com\/phucan713\/wp-content\/uploads\/2024\/06\/quyt-duong-6-768x794.jpg 768w, https:\/\/ktech4.k-tech-services.com\/phucan713\/wp-content\/uploads\/2024\/06\/quyt-duong-6-1487x1536.jpg 1487w, https:\/\/ktech4.k-tech-services.com\/phucan713\/wp-content\/uploads\/2024\/06\/quyt-duong-6-510x527.jpg 510w, https:\/\/ktech4.k-tech-services.com\/phucan713\/wp-content\/uploads\/2024\/06\/quyt-duong-6.jpg 1536w\" sizes=\"auto, (max-width: 581px) 100vw, 581px\" \/><figcaption id=\"caption-attachment-2303\" class=\"wp-caption-text\">Qu\u00fdt \u0111\u01b0\u1eddng t\u1ea1o ngu\u1ed3n thu nh\u1eadp t\u1ed1t cho ng\u01b0\u1eddi n\u00f4ng d\u00e2n<\/figcaption><\/figure>\n<h2><strong><b>Kh\u00ed h\u1eadu v\u00e0 \u0111\u1ea5t tr\u1ed3ng th\u00edch h\u1ee3p<\/b><\/strong><\/h2>\n<p>Qu\u00fdt \u0111\u01b0\u1eddng l\u00e0 lo\u1ea1i c\u00e2y \u01b0a s\u00e1ng, th\u00edch h\u1ee3p v\u1edbi kh\u00ed h\u1eadu nhi\u1ec7t \u0111\u1edbi, n\u00f3ng \u1ea9m. C\u00e2y c\u00f3 th\u1ec3 sinh tr\u01b0\u1edfng t\u1ed1t tr\u00ean nhi\u1ec1u lo\u1ea1i \u0111\u1ea5t, tuy nhi\u00ean, \u0111\u1ea5t c\u00e1t pha, gi\u00e0u dinh d\u01b0\u1ee1ng, tho\u00e1t n\u01b0\u1edbc t\u1ed1t l\u00e0 lo\u1ea1i \u0111\u1ea5t l\u00fd t\u01b0\u1edfng. C\u00e2y ch\u1ecbu h\u1ea1n t\u1ed1t nh\u01b0ng kh\u00f4ng ch\u1ecbu \u00fang.<\/p>\n<h2><strong><b>Kho\u1ea3ng c\u00e1ch tr\u1ed3ng qu\u00fdt \u0111\u01b0\u1eddng<\/b><\/strong><\/h2>\n<p>Kho\u1ea3ng c\u00e1ch tr\u1ed3ng qu\u00fdt \u0111\u01b0\u1eddng th\u01b0\u1eddng dao \u0111\u1ed9ng t\u1eeb 3-4m x 4-5m, t\u00f9y thu\u1ed9c v\u00e0o gi\u1ed1ng c\u00e2y v\u00e0 \u0111i\u1ec1u ki\u1ec7n \u0111\u1ea5t \u0111ai. Vi\u1ec7c tr\u1ed3ng qu\u00e1 d\u00e0y s\u1ebd \u1ea3nh h\u01b0\u1edfng \u0111\u1ebfn s\u1ef1 ph\u00e1t tri\u1ec3n c\u1ee7a c\u00e2y, l\u00e0m gi\u1ea3m n\u0103ng su\u1ea5t v\u00e0 ch\u1ea5t l\u01b0\u1ee3ng tr\u00e1i.<\/p>\n<h2><strong><b>C\u00e1ch ch\u0103m s\u00f3c c\u00e2y qu\u00fdt \u0111\u01b0\u1eddng<\/b><\/strong><\/h2>\n<p>T\u01b0\u1edbi n\u01b0\u1edbc: T\u01b0\u1edbi n\u01b0\u1edbc \u0111\u1ec1u \u0111\u1eb7n, \u0111\u1eb7c bi\u1ec7t trong m\u00f9a kh\u00f4.<\/p>\n<p>B\u00f3n ph\u00e2n: B\u00f3n ph\u00e2n h\u1eefu c\u01a1 v\u00e0 ph\u00e2n h\u00f3a h\u1ecdc c\u00e2n \u0111\u1ed1i \u0111\u1ec3 cung c\u1ea5p \u0111\u1ee7 dinh d\u01b0\u1ee1ng cho c\u00e2y.<\/p>\n<p>T\u1ec9a c\u00e0nh: T\u1ec9a c\u00e0nh th\u01b0\u1eddng xuy\u00ean \u0111\u1ec3 t\u1ea1o t\u00e1n c\u00e2y th\u00f4ng tho\u00e1ng, gi\u00fap c\u00e2y quang h\u1ee3p t\u1ed1t.<\/p>\n<p>Ph\u00f2ng tr\u1eeb s\u00e2u b\u1ec7nh: Th\u01b0\u1eddng xuy\u00ean ki\u1ec3m tra v\u00e0 ph\u00f2ng tr\u1eeb c\u00e1c lo\u1ea1i s\u00e2u b\u1ec7nh h\u1ea1i c\u00e2y nh\u01b0 r\u1ec7p s\u00e1p, r\u1ea7y, b\u1ec7nh v\u00e0ng l\u00e1&#8230;<\/p>\n<h2><strong><b>Gi\u00e1 c\u00e2y <\/b><\/strong><strong><b>gi\u1ed1ng qu\u00fdt \u0111\u01b0\u1eddng<\/b><\/strong><\/h2>\n<p>Gi\u00e1 c\u00e2y gi\u1ed1ng qu\u00fdt \u0111\u01b0\u1eddng t\u1ea1i v\u01b0\u1eddn Ph\u00fac An dao \u0111\u1ed9ng t\u1eeb 19.000 &#8211; 30.000\/ c\u00e2y t\u00ednh theo gi\u00e1 s\u1ec9. T\u00f9y theo k\u00edch c\u1ee1, l\u00f4 c\u00e2y theo th\u1eddi \u0111i\u1ec3m, s\u1ed1 l\u01b0\u1ee3ng \u0111\u1eb7t s\u1ebd c\u00f3 m\u1ee9c gi\u00e1 kh\u00e1c nhau. S\u1ed1 l\u01b0\u1ee3ng c\u00e0ng nhi\u1ec1u gi\u00e1 c\u00e2y c\u00e0ng nh\u1eb9.<\/p>\n<figure id=\"attachment_3228\" aria-describedby=\"caption-attachment-3228\" style=\"width: 491px\" class=\"wp-caption aligncenter\"><img loading=\"lazy\" decoding=\"async\" class=\"wp-image-3228\" src=\"http:\/\/localhost\/phucan713\/wp-content\/uploads\/2024\/06\/z5914468840627_293b38b96df14c2543f299ed440eccbd-246x300.jpg\" alt=\"C\u00e2y gi\u1ed1ng qu\u00fdt \u0111\u01b0\u1eddng \u0111\u01b0\u1ee3c s\u1ea3n xu\u1ea5t t\u1ea1i Ph\u00fac An\" width=\"491\" height=\"600\" srcset=\"https:\/\/ktech4.k-tech-services.com\/phucan713\/wp-content\/uploads\/2024\/06\/z5914468840627_293b38b96df14c2543f299ed440eccbd-246x300.jpg 246w, https:\/\/ktech4.k-tech-services.com\/phucan713\/wp-content\/uploads\/2024\/06\/z5914468840627_293b38b96df14c2543f299ed440eccbd-838x1024.jpg 838w, https:\/\/ktech4.k-tech-services.com\/phucan713\/wp-content\/uploads\/2024\/06\/z5914468840627_293b38b96df14c2543f299ed440eccbd-768x938.jpg 768w, https:\/\/ktech4.k-tech-services.com\/phucan713\/wp-content\/uploads\/2024\/06\/z5914468840627_293b38b96df14c2543f299ed440eccbd-510x623.jpg 510w, https:\/\/ktech4.k-tech-services.com\/phucan713\/wp-content\/uploads\/2024\/06\/z5914468840627_293b38b96df14c2543f299ed440eccbd.jpg 960w\" sizes=\"auto, (max-width: 491px) 100vw, 491px\" \/><figcaption id=\"caption-attachment-3228\" class=\"wp-caption-text\">C\u00e2y gi\u1ed1ng qu\u00fdt \u0111\u01b0\u1eddng \u0111\u01b0\u1ee3c s\u1ea3n xu\u1ea5t t\u1ea1i Ph\u00fac An<\/figcaption><\/figure>\n<p>S\u1ebd c\u00f3 2 ph\u00e2n lo\u1ea1i c\u00e2y gi\u1ed1ng t\u00f9y theo \u00fd th\u00edch c\u1ee7a ch\u1ee7 v\u01b0\u1eddn: 1 l\u00e0 c\u00e2y nu\u00f4i b\u1ea7u, 2 l\u00e0 c\u00e2y \u1ed1p b\u1eb9 \u0111\u1ea5t (gi\u00e1 r\u1ebb h\u01a1n nhi\u1ec1u ch\u1ec9 kho\u1ea3ng 12.000\/c\u00e2y, kh\u00e1ch nh\u1eadn v\u1ec1 tr\u1ed3ng li\u1ec1n sau 1-2 ng\u00e0y).<\/p>\n<p>Ch\u00fang t\u00f4i cam k\u1ebft lu\u00f4n gi\u1eef m\u1ee9c gi\u00e1 m\u1ec1m v\u1eeba t\u00fai ti\u1ec1n \u0111\u1ec3 m\u1ecdi kh\u00e1ch h\u00e0ng \u0111\u1ec1u c\u00f3 th\u1ec3 ch\u1ecdn mua nh\u1eefng c\u00e2y gi\u1ed1ng\u00a0th\u1eadt t\u1ed1t cho khu v\u01b0\u1eddn c\u1ee7a m\u00ecnh.<\/p>\n<h2><strong><b>Mua c\u00e2y <\/b><\/strong><strong><b>gi\u1ed1ng qu\u00fdt \u0111\u01b0\u1eddng<\/b><\/strong><strong><b>\u00a0\u1edf \u0111\u00e2u ch\u1ea5t l\u01b0\u1ee3ng?<\/b><\/strong><\/h2>\n<p>C\u00e2y gi\u1ed1ng\u00a0Ph\u00fac An cung c\u1ea5p c\u00e2y gi\u1ed1ng qu\u00fdt \u0111\u01b0\u1eddng ch\u1ea5t l\u01b0\u1ee3ng, \u0111\u01b0\u1ee3c b\u1ea3o h\u00e0nh \u0111\u00fang gi\u1ed1ng\u00a0cho t\u1edbi khi c\u00f3 tr\u00e1i.<\/p>\n<p>V\u01b0\u1eddn nh\u00e2n gi\u1ed1ng\u00a0c\u1ee7a Ph\u00fac An \u0111\u01b0\u1ee3c ch\u1ecdn l\u1ef1a k\u1ef9 l\u01b0\u1ee1ng, \u0111\u1ea3m b\u1ea3o chu\u1ea9n gi\u1ed1ng.<\/p>\n<figure id=\"attachment_3230\" aria-describedby=\"caption-attachment-3230\" style=\"width: 450px\" class=\"wp-caption aligncenter\"><img loading=\"lazy\" decoding=\"async\" class=\"wp-image-3230\" src=\"http:\/\/localhost\/phucan713\/wp-content\/uploads\/2024\/06\/z6202083307427_dcdb81ed04ebc6531dc672696c918a61-225x300.jpg\" alt=\"C\u00e2y gi\u1ed1ng qu\u00fdt \u0111\u01b0\u1eddng Ph\u00fac An giao cho kh\u00e1ch h\u00e0ng\" width=\"450\" height=\"600\" srcset=\"https:\/\/ktech4.k-tech-services.com\/phucan713\/wp-content\/uploads\/2024\/06\/z6202083307427_dcdb81ed04ebc6531dc672696c918a61-225x300.jpg 225w, https:\/\/ktech4.k-tech-services.com\/phucan713\/wp-content\/uploads\/2024\/06\/z6202083307427_dcdb81ed04ebc6531dc672696c918a61-768x1024.jpg 768w, https:\/\/ktech4.k-tech-services.com\/phucan713\/wp-content\/uploads\/2024\/06\/z6202083307427_dcdb81ed04ebc6531dc672696c918a61-510x680.jpg 510w, https:\/\/ktech4.k-tech-services.com\/phucan713\/wp-content\/uploads\/2024\/06\/z6202083307427_dcdb81ed04ebc6531dc672696c918a61.jpg 960w\" sizes=\"auto, (max-width: 450px) 100vw, 450px\" \/><figcaption id=\"caption-attachment-3230\" class=\"wp-caption-text\">C\u00e2y gi\u1ed1ng qu\u00fdt \u0111\u01b0\u1eddng Ph\u00fac An giao cho kh\u00e1ch h\u00e0ng<\/figcaption><\/figure>\n<p>Ti\u00eau chu\u1ea9n\u00a0c\u00e2y gi\u1ed1ng qu\u00fdt \u0111\u01b0\u1eddng\u00a0\u0111\u01b0\u1ee3c cung c\u1ea5p b\u1edfi v\u01b0\u1eddn Ph\u00fac An:<\/p>\n<ul>\n<li>C\u00e2y gh\u00e9p, chi\u1ec1u cao c\u00e2y gi\u1ed1ng t\u1eeb 60-80cm<\/li>\n<li>C\u00e2y nu\u00f4i \u0111\u1ee7 th\u1eddi gian, b\u1ea7u r\u1ec5 \u1ed5n \u0111\u1ecbnh, c\u00e2y \u0111\u00e3 x\u1ea3 n\u1eafng\u00a0c\u1ee9ng c\u00e1p<\/li>\n<li>Kh\u00f4ng c\u00f3 d\u1ea5u hi\u1ec7u s\u00e2u b\u1ec7nh, b\u1ed9 l\u00e1 xanh t\u1ed1t d\u00e0y d\u1eb7n<\/li>\n<li>C\u00e2y tr\u1ea3i qua qu\u00e1 tr\u00ecnh nh\u00e2n gi\u1ed1ng, d\u01b0\u1ee1ng c\u00e2y con, c\u00e2y kh\u1ecfe \u0111\u1ee7 chu\u1ea9n xu\u1ea5t v\u01b0\u1eddn<\/li>\n<\/ul>\n<p>C\u00e2y tr\u1ea3i qua quy tr\u00ecnh nh\u00e2n gi\u1ed1ng, d\u01b0\u1ee1ng c\u00e2y con, x\u1ea3 n\u1eafng ho\u00e0n ch\u1ec9nh. \u0110\u1ebfn tay c\u00f4 b\u00e1c s\u1ebd l\u00e0 t\u1eebng c\u00e2y \u0111\u00e3 c\u1ee9ng c\u00e1p \u0111\u00e3 ra c\u01a1i ch\u1ed3i m\u1edbi.<br \/>\nQu\u00fd c\u00f4 b\u00e1c c\u00f3 th\u1ec3 li\u00ean h\u1ec7 tr\u1ef1c ti\u1ebfp qua SDT\/ Zalo 0962.888.014 (<a href=\"http:\/\/localhost\/phucan713\/\" target=\"_blank\" rel=\"noopener\">C\u00e2y Gi\u1ed1ng Ph\u00fac An<\/a>) \u0111\u1ec3 ch\u00fang t\u00f4i t\u01b0 v\u1ea5n v\u00e0 b\u00e1o gi\u00e1 c\u1ee5 th\u1ec3. Xin c\u1ea3m \u01a1n qu\u00fd c\u00f4 b\u00e1c \u0111\u00e3 \u0111\u1eb7t ni\u1ec1m tin v\u1edbi nh\u00e0 v\u01b0\u1eddn.<\/p>\n<p>&gt;&gt; M\u1eddi b\u1ea1n \u0111\u1ecdc th\u00eam: <a href=\"https:\/\/baogialai.com.vn\/cay-quyt-duong-mo-huong-thoat-ngheo-cho-nong-dan-chu-pah-post295927.html\" target=\"_blank\" rel=\"noopener\"><span style=\"color: #000080;\"><em><strong>C\u00e2y qu\u00fdt \u0111\u01b0\u1eddng &#8211; m\u1edf h\u01b0\u1edbng tho\u00e1t ngh\u00e8o cho n\u00f4ng d\u00e2n Ch\u01b0 P\u0103h<\/strong><\/em><\/span><\/a><\/p>\n","protected":false},"excerpt":{"rendered":"<p>* Gi\u00e1 tham kh\u1ea3o cho s\u1ed1 l\u01b0\u1ee3ng t\u1eeb 30 c\u00e2y, c\u00f3 th\u1ec3 thay \u0111\u1ed5i theo th\u1eddi \u0111i\u1ec3m<br \/>\n* Ch\u01b0a bao g\u1ed3m ph\u00ed v\u1eadn chuy\u1ec3n (t\u00f9y theo s\u1ed1 l\u01b0\u1ee3ng c\u00e2y v\u00e0 \u0111\u1ecba \u0111i\u1ec3m giao h\u00e0ng)<\/p>\n","protected":false},"featured_media":3228,"comment_status":"open","ping_status":"closed","template":"","meta":[],"product_brand":[],"product_cat":[117],"product_tag":[],"class_list":{"0":"post-2301","1":"product","2":"type-product","3":"status-publish","4":"has-post-thumbnail","6":"product_cat-cay-co-mui","8":"first","9":"instock","10":"shipping-taxable","11":"purchasable","12":"product-type-simple"},"_links":{"self":[{"href":"https:\/\/ktech4.k-tech-services.com\/phucan713\/wp-json\/wp\/v2\/product\/2301","targetHints":{"allow":["GET"]}}],"collection":[{"href":"https:\/\/ktech4.k-tech-services.com\/phucan713\/wp-json\/wp\/v2\/product"}],"about":[{"href":"https:\/\/ktech4.k-tech-services.com\/phucan713\/wp-json\/wp\/v2\/types\/product"}],"replies":[{"embeddable":true,"href":"https:\/\/ktech4.k-tech-services.com\/phucan713\/wp-json\/wp\/v2\/comments?post=2301"}],"wp:featuredmedia":[{"embeddable":true,"href":"https:\/\/ktech4.k-tech-services.com\/phucan713\/wp-json\/wp\/v2\/media\/3228"}],"wp:attachment":[{"href":"https:\/\/ktech4.k-tech-services.com\/phucan713\/wp-json\/wp\/v2\/media?parent=2301"}],"wp:term":[{"taxonomy":"product_brand","embeddable":true,"href":"https:\/\/ktech4.k-tech-services.com\/phucan713\/wp-json\/wp\/v2\/product_brand?post=2301"},{"taxonomy":"product_cat","embeddable":true,"href":"https:\/\/ktech4.k-tech-services.com\/phucan713\/wp-json\/wp\/v2\/product_cat?post=2301"},{"taxonomy":"product_tag","embeddable":true,"href":"https:\/\/ktech4.k-tech-services.com\/phucan713\/wp-json\/wp\/v2\/product_tag?post=2301"}],"curies":[{"name":"wp","href":"https:\/\/api.w.org\/{rel}","templated":true}]}}