{"id":2466,"date":"2024-06-29T13:00:03","date_gmt":"2024-06-29T13:00:03","guid":{"rendered":"https:\/\/caygiongphucan.com\/?post_type=product&amp;p=2466"},"modified":"2024-06-29T13:00:03","modified_gmt":"2024-06-29T13:00:03","slug":"cay-giong-sa-ke","status":"publish","type":"product","link":"https:\/\/ktech4.k-tech-services.com\/phucan713\/san-pham\/cay-giong-sa-ke\/","title":{"rendered":"C\u00e2y gi\u1ed1ng Sa k\u00ea"},"content":{"rendered":"<p>Gi\u1ed1ng Sa k\u00ea c\u00f3 s\u1ee9c s\u1ed1ng m\u00e3nh li\u1ec7t, th\u00edch nghi r\u1ed9ng, d\u1ec5 tr\u1ed3ng, \u00edt s\u00e2u b\u1ec7nh, n\u0103ng su\u1ea5t cao v\u00e0 gi\u00e1 tr\u1ecb kinh t\u1ebf t\u1ed1t. Tr\u00e1i Sa k\u00ea c\u00f3 k\u00edch th\u01b0\u1edbc l\u1edbn, v\u1ecb ng\u1ecdt b\u00f9i th\u01a1m ngon, gi\u00e0u dinh d\u01b0\u1ee1ng, \u0111\u01b0\u1ee3c \u01b0a chu\u1ed9ng tr\u00ean th\u1ecb tr\u01b0\u1eddng.<\/p>\n<h2><strong><b>Ngu\u1ed3n g\u1ed1c v\u00e0 \u0111\u1eb7c \u0111i\u1ec3m c\u00e2y <\/b><\/strong><strong><b>Sa k\u00ea<\/b><\/strong><\/h2>\n<p><strong><b>Ngu\u1ed3n g\u1ed1c:<\/b><\/strong>\u00a0Sa k\u00ea, hay c\u00f2n g\u1ecdi l\u00e0 Sa k\u00ea, b\u00e1nh m\u00ec, c\u00f3 t\u00ean khoa h\u1ecdc l\u00e0 Artocarpus altilis, thu\u1ed9c h\u1ecd D\u00e2u t\u1eb1m (Moraceae). C\u00e2y c\u00f3 ngu\u1ed3n g\u1ed1c t\u1eeb \u0110\u00f4ng Nam \u00c1, \u0111\u01b0\u1ee3c du nh\u1eadp v\u00e0o Vi\u1ec7t Nam t\u1eeb l\u00e2u \u0111\u1eddi v\u00e0 \u0111\u01b0\u1ee3c tr\u1ed3ng ph\u1ed5 bi\u1ebfn \u1edf nhi\u1ec1u v\u00f9ng mi\u1ec1n.<\/p>\n<h3><strong><b>\u0110\u1eb7c \u0111i\u1ec3m c\u00e2y<\/b><\/strong><\/h3>\n<figure id=\"attachment_2469\" aria-describedby=\"caption-attachment-2469\" style=\"width: 375px\" class=\"wp-caption aligncenter\"><img loading=\"lazy\" decoding=\"async\" class=\"wp-image-2469\" src=\"http:\/\/localhost\/phucan713\/wp-content\/uploads\/2024\/06\/380882635_1381692155763889_8600073746190314076_n-225x300.jpg\" alt=\"Gi\u1ed1ng sa k\u00ea cho tr\u00e1i l\u1edbn, tu\u1ed5i th\u1ecd c\u00e2y cao\" width=\"375\" height=\"500\" srcset=\"https:\/\/ktech4.k-tech-services.com\/phucan713\/wp-content\/uploads\/2024\/06\/380882635_1381692155763889_8600073746190314076_n-225x300.jpg 225w, https:\/\/ktech4.k-tech-services.com\/phucan713\/wp-content\/uploads\/2024\/06\/380882635_1381692155763889_8600073746190314076_n-768x1024.jpg 768w, https:\/\/ktech4.k-tech-services.com\/phucan713\/wp-content\/uploads\/2024\/06\/380882635_1381692155763889_8600073746190314076_n-510x680.jpg 510w, https:\/\/ktech4.k-tech-services.com\/phucan713\/wp-content\/uploads\/2024\/06\/380882635_1381692155763889_8600073746190314076_n.jpg 1080w\" sizes=\"auto, (max-width: 375px) 100vw, 375px\" \/><figcaption id=\"caption-attachment-2469\" class=\"wp-caption-text\">Gi\u1ed1ng sa k\u00ea cho tr\u00e1i l\u1edbn, tu\u1ed5i th\u1ecd c\u00e2y cao<\/figcaption><\/figure>\n<p>S\u1ee9c s\u1ed1ng m\u00e3nh li\u1ec7t: Sa k\u00ea\u00a0c\u00f3 s\u1ee9c s\u1ed1ng m\u1ea1nh m\u1ebd, th\u00edch nghi t\u1ed1t v\u1edbi \u0111i\u1ec1u ki\u1ec7n kh\u00ed h\u1eadu nhi\u1ec7t \u0111\u1edbi gi\u00f3 m\u00f9a \u1edf Vi\u1ec7t Nam. C\u00e2y c\u00f3 th\u1ec3 ch\u1ecbu h\u1ea1n t\u1ed1t v\u00e0 ph\u00e1t tri\u1ec3n trong nhi\u1ec1u lo\u1ea1i \u0111\u1ea5t kh\u00e1c nhau.<\/p>\n<p>T\u1ed1c \u0111\u1ed9 sinh tr\u01b0\u1edfng nhanh:\u00a0Sa k\u00ea\u00a0c\u00f3 t\u1ed1c \u0111\u1ed9 sinh tr\u01b0\u1edfng nhanh, ch\u1ec9 sau 3-4 n\u0103m tr\u1ed3ng l\u00e0 c\u00f3 th\u1ec3 cho tr\u00e1i.<\/p>\n<p>Tu\u1ed5i th\u1ecd cao:\u00a0Sa k\u00ea\u00a0c\u00f3 tu\u1ed5i th\u1ecd cao, c\u00f3 th\u1ec3 cho tr\u00e1i t\u1eeb 15-20 n\u0103m.<\/p>\n<h3><strong><b>\u0110\u1eb7c \u0111i\u1ec3m tr\u00e1i <\/b><\/strong><strong><b>Sa k\u00ea<\/b><\/strong><\/h3>\n<figure id=\"attachment_2470\" aria-describedby=\"caption-attachment-2470\" style=\"width: 500px\" class=\"wp-caption aligncenter\"><img loading=\"lazy\" decoding=\"async\" class=\"wp-image-2470\" src=\"http:\/\/localhost\/phucan713\/wp-content\/uploads\/2024\/06\/Breadfruit-s-300x240.jpg\" alt=\"Tr\u00e1i sa k\u00ea c\u00f3 v\u1ecb b\u00e9o b\u00f9i th\u01a1m ngon\" width=\"500\" height=\"400\" srcset=\"https:\/\/ktech4.k-tech-services.com\/phucan713\/wp-content\/uploads\/2024\/06\/Breadfruit-s-300x240.jpg 300w, https:\/\/ktech4.k-tech-services.com\/phucan713\/wp-content\/uploads\/2024\/06\/Breadfruit-s-1024x819.jpg 1024w, https:\/\/ktech4.k-tech-services.com\/phucan713\/wp-content\/uploads\/2024\/06\/Breadfruit-s-768x614.jpg 768w, https:\/\/ktech4.k-tech-services.com\/phucan713\/wp-content\/uploads\/2024\/06\/Breadfruit-s-510x408.jpg 510w, https:\/\/ktech4.k-tech-services.com\/phucan713\/wp-content\/uploads\/2024\/06\/Breadfruit-s.jpg 1215w\" sizes=\"auto, (max-width: 500px) 100vw, 500px\" \/><figcaption id=\"caption-attachment-2470\" class=\"wp-caption-text\">Tr\u00e1i sa k\u00ea c\u00f3 v\u1ecb b\u00e9o b\u00f9i th\u01a1m ngon<\/figcaption><\/figure>\n<ul>\n<li>K\u00edch th\u01b0\u1edbc: Tr\u00e1i Sa k\u00ea c\u00f3 k\u00edch th\u01b0\u1edbc l\u1edbn, d\u00e0i kho\u1ea3ng 30-50cm, \u0111\u01b0\u1eddng k\u00ednh kho\u1ea3ng 15-20cm.<\/li>\n<li>H\u00ecnh d\u00e1ng: Tr\u00e1i c\u00f3 h\u00ecnh b\u1ea7u d\u1ee5c, khi ch\u00edn chuy\u1ec3n sang m\u00e0u v\u00e0ng cam \u0111\u1eb9p m\u1eaft.<\/li>\n<li>V\u1ecb ng\u1ecdt b\u00f9i: Sa k\u00ea c\u00f3 v\u1ecb v\u1ecb b\u00e9o b\u00f9i th\u01a1m ngon, ng\u1ecdt nh\u1eb9, \u0111\u1eb7c tr\u01b0ng b\u1edfi m\u00fai th\u1ecbt d\u00e0y, v\u00e0ng \u01b0\u01a1m.<\/li>\n<li>H\u00e0m l\u01b0\u1ee3ng dinh d\u01b0\u1ee1ng cao: Sa k\u00ea ch\u1ee9a nhi\u1ec1u vitamin C, B, kali, t\u1ed1t cho s\u1ee9c kh\u1ecfe.<\/li>\n<\/ul>\n<h2><strong><b>Gi\u1ed1ng c\u00e2y <\/b><\/strong><strong><b>Sa k\u00ea<\/b><\/strong><strong><b>\u00a0tr\u1ed3ng bao l\u00e2u c\u00f3 tr\u00e1i?<\/b><\/strong><\/h2>\n<p>C\u00e2y Sa k\u00ea\u00a0c\u00f3 th\u1ec3 cho tr\u00e1i sau 18-20 th\u00e1ng khi tr\u1ed3ng t\u1eeb c\u00e2y chi\u1ebft c\u00e0nh<\/p>\n<h2><strong><b>T\u1eeb l\u00fac ra hoa \u0111\u1ebfn khi thu ho\u1ea1ch <\/b><\/strong><strong><b>Sa k\u00ea<\/b><\/strong><strong><b>\u00a0kho\u1ea3ng bao l\u00e2u?<\/b><\/strong><\/h2>\n<p>T\u1eeb l\u00fac ra hoa \u0111\u1ebfn khi thu ho\u1ea1ch gi\u1ed1ng Sa k\u00ea\u00a0m\u1ea5t kho\u1ea3ng 5-6 th\u00e1ng. M\u00f9a hoa th\u01b0\u1eddng v\u00e0o th\u00e1ng 3-4 v\u00e0 thu ho\u1ea1ch v\u00e0o th\u00e1ng 8-9.<\/p>\n<h2><strong><b>N\u0103ng su\u1ea5t gi\u1ed1ng <\/b><\/strong><strong><b>Sa k\u00ea<\/b><\/strong><\/h2>\n<p>N\u0103ng su\u1ea5t trung b\u00ecnh c\u1ee7a gi\u1ed1ng Sa k\u00ea \u0111\u1ea1t 50-70 kg\/ c\u00e2y\/ n\u0103m. V\u1edbi k\u1ef9 thu\u1eadt ch\u0103m s\u00f3c t\u1ed1t, n\u0103ng su\u1ea5t c\u00f3 th\u1ec3 l\u00ean \u0111\u1ebfn 100-150 kg\/ c\u00e2y\/ n\u0103m. Tr\u1ed3ng t\u1eeb n\u0103m th\u1ee9 5 tr\u1edf \u0111i n\u0103ng su\u1ea5t \u0111\u1ea1t 45 &#8211; 50 t\u1ea5n tr\u00e1i\/\u00a0ha\/\u00a0n\u0103m.<\/p>\n<figure id=\"attachment_2467\" aria-describedby=\"caption-attachment-2467\" style=\"width: 375px\" class=\"wp-caption aligncenter\"><img loading=\"lazy\" decoding=\"async\" class=\"wp-image-2467\" src=\"http:\/\/localhost\/phucan713\/wp-content\/uploads\/2024\/06\/293977931_720866365656999_4264888236400683380_n-225x300.jpg\" alt=\"Gi\u1ed1ng c\u00e2y Sa k\u00ea cho n\u0103ng su\u1ea5t cao, t\u1ea1o thu nh\u1eadp t\u1ed1t cho ng\u01b0\u1eddi tr\u1ed3ng\" width=\"375\" height=\"500\" srcset=\"https:\/\/ktech4.k-tech-services.com\/phucan713\/wp-content\/uploads\/2024\/06\/293977931_720866365656999_4264888236400683380_n-225x300.jpg 225w, https:\/\/ktech4.k-tech-services.com\/phucan713\/wp-content\/uploads\/2024\/06\/293977931_720866365656999_4264888236400683380_n-768x1024.jpg 768w, https:\/\/ktech4.k-tech-services.com\/phucan713\/wp-content\/uploads\/2024\/06\/293977931_720866365656999_4264888236400683380_n-1152x1536.jpg 1152w, https:\/\/ktech4.k-tech-services.com\/phucan713\/wp-content\/uploads\/2024\/06\/293977931_720866365656999_4264888236400683380_n-510x680.jpg 510w, https:\/\/ktech4.k-tech-services.com\/phucan713\/wp-content\/uploads\/2024\/06\/293977931_720866365656999_4264888236400683380_n.jpg 1536w\" sizes=\"auto, (max-width: 375px) 100vw, 375px\" \/><figcaption id=\"caption-attachment-2467\" class=\"wp-caption-text\">Gi\u1ed1ng c\u00e2y Sa k\u00ea cho n\u0103ng su\u1ea5t cao, t\u1ea1o thu nh\u1eadp t\u1ed1t cho ng\u01b0\u1eddi tr\u1ed3ng<\/figcaption><\/figure>\n<h2><strong><b>Kh\u00ed h\u1eadu v\u00e0 \u0111\u1ea5t tr\u1ed3ng th\u00edch h\u1ee3p v\u1edbi Gi\u1ed1ng <\/b><\/strong><strong><b>Sa k\u00ea<\/b><\/strong><\/h2>\n<ul>\n<li>Kh\u00ed h\u1eadu: Sa k\u00ea th\u00edch nghi t\u1ed1t v\u1edbi kh\u00ed h\u1eadu nhi\u1ec7t \u0111\u1edbi gi\u00f3 m\u00f9a, n\u00f3ng \u1ea9m, nhi\u1ec1u n\u1eafng. C\u00e2y c\u00f3 th\u1ec3 ch\u1ecbu h\u1ea1n t\u1ed1t v\u00e0 ph\u00e1t tri\u1ec3n trong nhi\u1ec1u lo\u1ea1i \u0111\u1ea5t kh\u00e1c nhau.<\/li>\n<li>\u0110\u1ea5t tr\u1ed3ng: Sa k\u00eaph\u00e1t tri\u1ec3n t\u1ed1t nh\u1ea5t tr\u00ean \u0111\u1ea5t th\u1ecbt pha c\u00e1t, t\u01a1i x\u1ed1p, gi\u00e0u dinh d\u01b0\u1ee1ng, tho\u00e1t n\u01b0\u1edbc t\u1ed1t.<\/li>\n<\/ul>\n<h2><strong><b>Kho\u1ea3ng c\u00e1ch tr\u1ed3ng c\u00e2y <\/b><\/strong><strong><b>Sa k\u00ea<\/b><\/strong><\/h2>\n<p>Kho\u1ea3ng c\u00e1ch tr\u1ed3ng gi\u1ed1ng Sa k\u00ea\u00a0t\u1ed1i thi\u1ec3u l\u00e0 8&#215;8 m, c\u00f3 th\u1ec3 \u0111i\u1ec1u ch\u1ec9nh t\u00f9y theo di\u1ec7n t\u00edch khu v\u01b0\u1eddn v\u00e0 \u0111i\u1ec1u ki\u1ec7n ch\u0103m s\u00f3c. N\u00ean tr\u1ed3ng theo h\u00e0ng th\u1eb3ng, c\u00e1ch nhau 8m v\u00e0 m\u1ed7i c\u00e2y c\u00e1ch nhau 8m.<\/p>\n<h2><strong><b>C\u00e1ch ch\u0103m s\u00f3c c\u00e2y <\/b><\/strong><strong><b>Sa k\u00ea<\/b><\/strong><strong><b>\u00a0c\u01a1 b\u1ea3n<\/b><\/strong><\/h2>\n<p>T\u01b0\u1edbi n\u01b0\u1edbc: T\u01b0\u1edbi n\u01b0\u1edbc th\u01b0\u1eddng xuy\u00ean cho c\u00e2y, \u0111\u1eb7c bi\u1ec7t l\u00e0 trong giai \u0111o\u1ea1n \u0111\u1ea7u sau khi tr\u1ed3ng v\u00e0 giai \u0111o\u1ea1n ra hoa, k\u1ebft tr\u00e1i.<\/p>\n<p>B\u00f3n ph\u00e2n: B\u00f3n ph\u00e2n \u0111\u1ea7y \u0111\u1ee7 cho c\u00e2y, bao g\u1ed3m ph\u00e2n chu\u1ed3ng hoai m\u1ee5c, ph\u00e2n NPK,&#8230;<\/p>\n<p>C\u1eaft t\u1ec9a c\u00e0nh: C\u1eaft t\u1ec9a c\u00e0nh th\u01b0\u1eddng xuy\u00ean \u0111\u1ec3 t\u1ea1o t\u00e1n cho c\u00e2y, gi\u00fap c\u00e2y th\u00f4ng tho\u00e1ng v\u00e0 t\u1eadp trung dinh d\u01b0\u1ee1ng nu\u00f4i tr\u00e1i.<\/p>\n<p>Ph\u00f2ng tr\u1eeb s\u00e2u b\u1ec7nh: Phun thu\u1ed1c ph\u00f2ng tr\u1eeb s\u00e2u b\u1ec7nh k\u1ecbp th\u1eddi \u0111\u1ec3 b\u1ea3o v\u1ec7 c\u00e2y.<\/p>\n<h2><strong><b>Gi\u00e1 c\u00e2y gi\u1ed1ng <\/b><\/strong><strong><b>Sa k\u00ea<\/b><\/strong><\/h2>\n<p>Gi\u00e1 c\u00e2y gi\u1ed1ng Sa k\u00ea\u00a0t\u1ea1i v\u01b0\u1eddn Ph\u00fac An dao \u0111\u1ed9ng t\u1eeb 65.000 &#8211; 75.000\/ c\u00e2y. T\u00f9y theo l\u00f4 c\u00e2y, s\u1ed1 l\u01b0\u1ee3ng \u0111\u1eb7t s\u1ebd c\u00f3 m\u1ee9c gi\u00e1 kh\u00e1c nhau. Ch\u00fang t\u00f4i cam k\u1ebft lu\u00f4n gi\u1eef m\u1ee9c gi\u00e1 m\u1ec1m, v\u1eeba t\u00fai ti\u1ec1n cho kh\u00e1ch h\u00e0ng c\u1ee7a m\u00ecnh.<\/p>\n<figure id=\"attachment_2473\" aria-describedby=\"caption-attachment-2473\" style=\"width: 375px\" class=\"wp-caption aligncenter\"><img loading=\"lazy\" decoding=\"async\" class=\"wp-image-2473\" src=\"http:\/\/localhost\/phucan713\/wp-content\/uploads\/2024\/06\/z5444893174592_983debd7dc47066ccc4f3c5ef4204e61-225x300.jpg\" alt=\"C\u00e2y gi\u1ed1ng sa k\u00ea Ph\u00fac An cung c\u1ea5p\" width=\"375\" height=\"500\" srcset=\"https:\/\/ktech4.k-tech-services.com\/phucan713\/wp-content\/uploads\/2024\/06\/z5444893174592_983debd7dc47066ccc4f3c5ef4204e61-225x300.jpg 225w, https:\/\/ktech4.k-tech-services.com\/phucan713\/wp-content\/uploads\/2024\/06\/z5444893174592_983debd7dc47066ccc4f3c5ef4204e61-768x1024.jpg 768w, https:\/\/ktech4.k-tech-services.com\/phucan713\/wp-content\/uploads\/2024\/06\/z5444893174592_983debd7dc47066ccc4f3c5ef4204e61-1152x1536.jpg 1152w, https:\/\/ktech4.k-tech-services.com\/phucan713\/wp-content\/uploads\/2024\/06\/z5444893174592_983debd7dc47066ccc4f3c5ef4204e61-1536x2048.jpg 1536w, https:\/\/ktech4.k-tech-services.com\/phucan713\/wp-content\/uploads\/2024\/06\/z5444893174592_983debd7dc47066ccc4f3c5ef4204e61-510x680.jpg 510w, https:\/\/ktech4.k-tech-services.com\/phucan713\/wp-content\/uploads\/2024\/06\/z5444893174592_983debd7dc47066ccc4f3c5ef4204e61.jpg 1920w\" sizes=\"auto, (max-width: 375px) 100vw, 375px\" \/><figcaption id=\"caption-attachment-2473\" class=\"wp-caption-text\">C\u00e2y gi\u1ed1ng sa k\u00ea Ph\u00fac An cung c\u1ea5p<\/figcaption><\/figure>\n<h2><strong><b>Mua c\u00e2y gi\u1ed1ng <\/b><\/strong><strong><b>Sa k\u00ea<\/b><\/strong><strong><b>\u00a0\u1edf \u0111\u00e2u ch\u1ea5t l\u01b0\u1ee3ng?<\/b><\/strong><\/h2>\n<p>C\u00e2y gi\u1ed1ng Ph\u00fac An<span style=\"color: #008000; font-size: 120%;\"> <strong><b>(SDT\/ Zalo 0962 888 014)<\/b><\/strong><\/span>\u00a0cung c\u1ea5p c\u00e2y gi\u1ed1ng Sa k\u00ea\u00a0ch\u1ea5t l\u01b0\u1ee3ng, \u0111\u01b0\u1ee3c b\u1ea3o h\u00e0nh \u0111\u00fang gi\u1ed1ng. V\u01b0\u1eddn nh\u00e2n gi\u1ed1ng c\u1ee7a Ph\u00fac An \u0111\u01b0\u1ee3c ch\u1ecdn l\u1ef1a k\u1ef9 l\u01b0\u1ee1ng, l\u00e0 v\u01b0\u1eddn \u0111\u00e3 cho tr\u00e1i chu\u1ea9n v\u00e0 \u1ed5n \u0111\u1ecbnh. Nh\u00e1nh \u0111\u1ec3 chi\u1ebft kh\u1ecfe m\u1ea1nh, kh\u00f4ng s\u00e2u b\u1ec7nh.<\/p>\n<figure id=\"attachment_2474\" aria-describedby=\"caption-attachment-2474\" style=\"width: 375px\" class=\"wp-caption aligncenter\"><img loading=\"lazy\" decoding=\"async\" class=\"wp-image-2474\" src=\"http:\/\/localhost\/phucan713\/wp-content\/uploads\/2024\/06\/z5444893197623_9459a201f7ed11d8f3722ad84a6d020f-225x300.jpg\" alt=\"C\u00e2y gi\u1ed1ng sa k\u00ea Ph\u00fac An cung c\u1ea5p\" width=\"375\" height=\"500\" srcset=\"https:\/\/ktech4.k-tech-services.com\/phucan713\/wp-content\/uploads\/2024\/06\/z5444893197623_9459a201f7ed11d8f3722ad84a6d020f-225x300.jpg 225w, https:\/\/ktech4.k-tech-services.com\/phucan713\/wp-content\/uploads\/2024\/06\/z5444893197623_9459a201f7ed11d8f3722ad84a6d020f-768x1024.jpg 768w, https:\/\/ktech4.k-tech-services.com\/phucan713\/wp-content\/uploads\/2024\/06\/z5444893197623_9459a201f7ed11d8f3722ad84a6d020f-1152x1536.jpg 1152w, https:\/\/ktech4.k-tech-services.com\/phucan713\/wp-content\/uploads\/2024\/06\/z5444893197623_9459a201f7ed11d8f3722ad84a6d020f-1536x2048.jpg 1536w, https:\/\/ktech4.k-tech-services.com\/phucan713\/wp-content\/uploads\/2024\/06\/z5444893197623_9459a201f7ed11d8f3722ad84a6d020f-510x680.jpg 510w, https:\/\/ktech4.k-tech-services.com\/phucan713\/wp-content\/uploads\/2024\/06\/z5444893197623_9459a201f7ed11d8f3722ad84a6d020f.jpg 1920w\" sizes=\"auto, (max-width: 375px) 100vw, 375px\" \/><figcaption id=\"caption-attachment-2474\" class=\"wp-caption-text\">C\u00e2y gi\u1ed1ng sa k\u00ea Ph\u00fac An cung c\u1ea5p<\/figcaption><\/figure>\n<p>Quy c\u00e1ch c\u00e2y gi\u1ed1ng Sa k\u00ea\u00a0t\u1ea1i Ph\u00fac An:<\/p>\n<ul>\n<li>H\u00ecnh th\u1ee9c nh\u00e2n gi\u1ed1ng: C\u00e2y chi\u1ebft<\/li>\n<li>Chi\u1ec1u cao: 80-100cm t\u00ednh t\u1eeb m\u1eb7t b\u1ea7u<\/li>\n<li>G\u1ed1c kh\u1ecfe , kh\u00f4ng s\u1eb9o, c\u00e2y kh\u00f4ng c\u00f3 d\u1ea5u hi\u1ec7u s\u00e2u b\u1ec7nh<\/li>\n<\/ul>\n<p>C\u00e2y tr\u1ea3i qua quy tr\u00ecnh nh\u00e2n gi\u1ed1ng, d\u01b0\u1ee1ng c\u00e2y con, x\u1ea3 n\u1eafng ho\u00e0n ch\u1ec9nh. \u0110\u1ebfn tay c\u00f4 b\u00e1c s\u1ebd l\u00e0 t\u1eebng c\u00e2y \u0111\u00e3 c\u1ee9ng c\u00e1p \u0111\u00e3 ra c\u01a1i ch\u1ed3i m\u1edbi.<br \/>\nQu\u00fd c\u00f4 b\u00e1c c\u00f3 th\u1ec3 li\u00ean h\u1ec7 tr\u1ef1c ti\u1ebfp qua SDT\/ Zalo 0962.888.014 (<a href=\"http:\/\/localhost\/phucan713\/\" target=\"_blank\" rel=\"noopener\">C\u00e2y Gi\u1ed1ng Ph\u00fac An<\/a>) \u0111\u1ec3 ch\u00fang t\u00f4i t\u01b0 v\u1ea5n v\u00e0 b\u00e1o gi\u00e1 c\u1ee5 th\u1ec3. Xin c\u1ea3m \u01a1n qu\u00fd c\u00f4 b\u00e1c \u0111\u00e3 \u0111\u1eb7t ni\u1ec1m tin v\u1edbi nh\u00e0 v\u01b0\u1eddn.<\/p>\n<p>&gt;&gt; M\u1eddi b\u1ea1n \u0111\u1ecdc th\u00eam: <a href=\"https:\/\/baocantho.com.vn\/sa-ke-nguon-thuc-pham-co-tiem-nang-nuoi-song-the-gioi-a80827.html\" target=\"_blank\" rel=\"noopener\"><span style=\"color: #000080;\"><em><strong>Sa k\u00ea &#8211; ngu\u1ed3n th\u1ef1c ph\u1ea9m c\u00f3 ti\u1ec1m n\u0103ng nu\u00f4i s\u1ed1ng th\u1ebf gi\u1edbi<\/strong><\/em><\/span><\/a><\/p>\n","protected":false},"excerpt":{"rendered":"<p>* Gi\u00e1 tham kh\u1ea3o cho s\u1ed1 l\u01b0\u1ee3ng t\u1eeb 30 c\u00e2y, c\u00f3 th\u1ec3 thay \u0111\u1ed5i theo th\u1eddi \u0111i\u1ec3m<br \/>\n* Ch\u01b0a bao g\u1ed3m ph\u00ed v\u1eadn chuy\u1ec3n (t\u00f9y theo s\u1ed1 l\u01b0\u1ee3ng c\u00e2y v\u00e0 \u0111\u1ecba \u0111i\u1ec3m giao h\u00e0ng)<\/p>\n","protected":false},"featured_media":2474,"comment_status":"open","ping_status":"closed","template":"","meta":[],"product_brand":[],"product_cat":[37],"product_tag":[],"class_list":{"0":"post-2466","1":"product","2":"type-product","3":"status-publish","4":"has-post-thumbnail","6":"product_cat-cay-giong-khac","8":"first","9":"instock","10":"shipping-taxable","11":"purchasable","12":"product-type-simple"},"_links":{"self":[{"href":"https:\/\/ktech4.k-tech-services.com\/phucan713\/wp-json\/wp\/v2\/product\/2466","targetHints":{"allow":["GET"]}}],"collection":[{"href":"https:\/\/ktech4.k-tech-services.com\/phucan713\/wp-json\/wp\/v2\/product"}],"about":[{"href":"https:\/\/ktech4.k-tech-services.com\/phucan713\/wp-json\/wp\/v2\/types\/product"}],"replies":[{"embeddable":true,"href":"https:\/\/ktech4.k-tech-services.com\/phucan713\/wp-json\/wp\/v2\/comments?post=2466"}],"wp:featuredmedia":[{"embeddable":true,"href":"https:\/\/ktech4.k-tech-services.com\/phucan713\/wp-json\/wp\/v2\/media\/2474"}],"wp:attachment":[{"href":"https:\/\/ktech4.k-tech-services.com\/phucan713\/wp-json\/wp\/v2\/media?parent=2466"}],"wp:term":[{"taxonomy":"product_brand","embeddable":true,"href":"https:\/\/ktech4.k-tech-services.com\/phucan713\/wp-json\/wp\/v2\/product_brand?post=2466"},{"taxonomy":"product_cat","embeddable":true,"href":"https:\/\/ktech4.k-tech-services.com\/phucan713\/wp-json\/wp\/v2\/product_cat?post=2466"},{"taxonomy":"product_tag","embeddable":true,"href":"https:\/\/ktech4.k-tech-services.com\/phucan713\/wp-json\/wp\/v2\/product_tag?post=2466"}],"curies":[{"name":"wp","href":"https:\/\/api.w.org\/{rel}","templated":true}]}}