{"id":2558,"date":"2024-07-15T12:52:20","date_gmt":"2024-07-15T12:52:20","guid":{"rendered":"https:\/\/caygiongphucan.com\/?post_type=product&amp;p=2558"},"modified":"2024-07-15T12:52:20","modified_gmt":"2024-07-15T12:52:20","slug":"giong-chuoi-ngu-tien-vua","status":"publish","type":"product","link":"https:\/\/ktech4.k-tech-services.com\/phucan713\/san-pham\/giong-chuoi-ngu-tien-vua\/","title":{"rendered":"Gi\u1ed1ng chu\u1ed1i ng\u1ef1 \u0111\u1ea1i ho\u00e0ng (chu\u1ed1i cau m\u1eb5n)"},"content":{"rendered":"<p>Gi\u1ed1ng Chu\u1ed1i Ng\u1ef1 Ti\u1ebfn Vua, c\u00f2n g\u1ecdi l\u00e0 chu\u1ed1i ng\u1ef1, chu\u1ed1i ti\u1ebfn vua hay chu\u1ed1i ng\u1ef1 \u0110\u1ea1i Ho\u00e0ng, l\u00e0 lo\u1ea1i chu\u1ed1i qu\u00fd hi\u1ebfm n\u1ed5i ti\u1ebfng v\u1edbi h\u01b0\u01a1ng v\u1ecb th\u01a1m ngon v\u00e0 gi\u00e1 tr\u1ecb dinh d\u01b0\u1ee1ng cao. Gi\u1ed1ng chu\u1ed1i n\u00e0y \u0111\u01b0\u1ee3c tr\u1ed3ng ch\u1ee7 y\u1ebfu \u1edf l\u00e0ng \u0110\u1ea1i Ho\u00e0ng, x\u00e3 H\u1ea3i H\u1eadu, huy\u1ec7n H\u1ea3i H\u1eadu, t\u1ec9nh Nam \u0110\u1ecbnh v\u00e0 \u0111\u01b0\u1ee3c m\u1ec7nh danh l\u00e0 &#8220;vua c\u1ee7a c\u00e1c lo\u1ea1i chu\u1ed1i&#8221;.<\/p>\n<h2><strong><b>\u0110\u1eb7c \u0111i\u1ec3m c\u1ee7a gi\u1ed1ng Chu\u1ed1i Ng\u1ef1 Ti\u1ebfn Vua<\/b><\/strong><\/h2>\n<figure id=\"attachment_2561\" aria-describedby=\"caption-attachment-2561\" style=\"width: 500px\" class=\"wp-caption aligncenter\"><img loading=\"lazy\" decoding=\"async\" class=\"wp-image-2561\" src=\"http:\/\/localhost\/phucan713\/wp-content\/uploads\/2024\/07\/chuoi-ngu-dai-hoang-ivivu-3-300x200.jpg\" alt=\"V\u01b0\u1eddn chu\u1ed1i ng\u1ef1 ti\u1ebfn vua\" width=\"500\" height=\"333\" srcset=\"https:\/\/ktech4.k-tech-services.com\/phucan713\/wp-content\/uploads\/2024\/07\/chuoi-ngu-dai-hoang-ivivu-3-300x200.jpg 300w, https:\/\/ktech4.k-tech-services.com\/phucan713\/wp-content\/uploads\/2024\/07\/chuoi-ngu-dai-hoang-ivivu-3-1024x682.jpg 1024w, https:\/\/ktech4.k-tech-services.com\/phucan713\/wp-content\/uploads\/2024\/07\/chuoi-ngu-dai-hoang-ivivu-3-768x511.jpg 768w, https:\/\/ktech4.k-tech-services.com\/phucan713\/wp-content\/uploads\/2024\/07\/chuoi-ngu-dai-hoang-ivivu-3-510x340.jpg 510w, https:\/\/ktech4.k-tech-services.com\/phucan713\/wp-content\/uploads\/2024\/07\/chuoi-ngu-dai-hoang-ivivu-3.jpg 1200w\" sizes=\"auto, (max-width: 500px) 100vw, 500px\" \/><figcaption id=\"caption-attachment-2561\" class=\"wp-caption-text\">V\u01b0\u1eddn chu\u1ed1i ng\u1ef1 ti\u1ebfn vua<\/figcaption><\/figure>\n<figure id=\"attachment_2560\" aria-describedby=\"caption-attachment-2560\" style=\"width: 500px\" class=\"wp-caption aligncenter\"><img loading=\"lazy\" decoding=\"async\" class=\"wp-image-2560\" src=\"http:\/\/localhost\/phucan713\/wp-content\/uploads\/2024\/07\/442501000_974633374453770_6556889657191107655_n-300x180.jpg\" alt=\"C\u1eadn c\u1ea3nh chu\u1ed1i ng\u1ef1 ti\u1ebfn vua (chu\u1ed1i ng\u1ef1 \u0110\u1ea1i Ho\u00e0ng)\" width=\"500\" height=\"300\" srcset=\"https:\/\/ktech4.k-tech-services.com\/phucan713\/wp-content\/uploads\/2024\/07\/442501000_974633374453770_6556889657191107655_n-300x180.jpg 300w, https:\/\/ktech4.k-tech-services.com\/phucan713\/wp-content\/uploads\/2024\/07\/442501000_974633374453770_6556889657191107655_n.jpg 500w\" sizes=\"auto, (max-width: 500px) 100vw, 500px\" \/><figcaption id=\"caption-attachment-2560\" class=\"wp-caption-text\">C\u1eadn c\u1ea3nh chu\u1ed1i ng\u1ef1 ti\u1ebfn vua (chu\u1ed1i ng\u1ef1 \u0110\u1ea1i Ho\u00e0ng)<\/figcaption><\/figure>\n<ul>\n<li><b><\/b><strong><b>Th\u00e2n c\u00e2y: <\/b><\/strong>C\u00e2y chu\u1ed1i Ng\u1ef1 Ti\u1ebfn Vua c\u00f3 th\u00e2n m\u00e0u v\u00e0ng t\u01b0\u01a1i, b\u1eb9 l\u00e1 m\u1ec1m, l\u00e1 d\u00e0i v\u00e0 m\u1ecdc \u0111\u1ee9ng.<\/li>\n<li><b><\/b><strong><b>Tr\u00e1i: <\/b><\/strong>Tr\u00e1i\u00a0chu\u1ed1i Ng\u1ef1 Ti\u1ebfn Vua nh\u1ecf, ch\u1ec9 to b\u1eb1ng hai ng\u00f3n tay ch\u1ee5m l\u1ea1i, khi ch\u00edn c\u00f3 m\u00e0u v\u00e0ng cam \u0111\u1eb9p m\u1eaft. V\u1ecf chu\u1ed1i m\u1ecfng, th\u1ecbt chu\u1ed1i d\u1ebbo, th\u01a1m ngon v\u00e0 c\u00f3 v\u1ecb ng\u1ecdt \u0111\u1eadm \u0111\u00e0.<\/li>\n<li><b><\/b><strong><b>N\u0103ng su\u1ea5t: <\/b><\/strong>N\u0103ng su\u1ea5t c\u1ee7a chu\u1ed1i Ng\u1ef1 Ti\u1ebfn Vua trung b\u00ecnh kho\u1ea3ng 20-30 kg\/bu\u1ed3ng.<\/li>\n<li><b><\/b><strong><b>\u01afu \u0111i\u1ec3m: <\/b><\/strong>Chu\u1ed1i Ng\u1ef1 Ti\u1ebfn Vua c\u00f3 kh\u1ea3 n\u0103ng ch\u1ed1ng ch\u1ecbu s\u00e2u b\u1ec7nh t\u1ed1t, \u00edt b\u1ecb n\u1eabu sau khi ch\u00edn v\u00e0 c\u00f3 th\u1ec3 b\u1ea3o qu\u1ea3n \u0111\u01b0\u1ee3c l\u00e2u.<\/li>\n<\/ul>\n<h2><strong><b>Gi\u00e1 tr\u1ecb c\u1ee7a gi\u1ed1ng <\/b><\/strong><strong><b>Chu\u1ed1i Ng\u1ef1 Ti\u1ebfn Vua<\/b><\/strong><\/h2>\n<p>Gi\u00e1 tr\u1ecb c\u1ee7a gi\u1ed1ng chu\u1ed1i ng\u1ef1 ti\u1ebfn vua c\u00f3 th\u1ec3 \u0111\u01b0\u1ee3c \u0111\u00e1nh gi\u00e1 tr\u00ean nhi\u1ec1u kh\u00eda c\u1ea1nh, bao g\u1ed3m gi\u00e1 tr\u1ecb kinh t\u1ebf, gi\u00e1 tr\u1ecb dinh d\u01b0\u1ee1ng v\u00e0 gi\u00e1 tr\u1ecb v\u0103n h\u00f3a.<\/p>\n<h3><strong><b>Gi\u00e1 tr\u1ecb kinh t\u1ebf<\/b><\/strong><\/h3>\n<p>Gi\u00e1 b\u00e1n: Gi\u00e1 chu\u1ed1i ng\u1ef1 ti\u1ebfn vua th\u01b0\u1eddng cao h\u01a1n so v\u1edbi c\u00e1c lo\u1ea1i chu\u1ed1i kh\u00e1c tr\u00ean th\u1ecb tr\u01b0\u1eddng. Hi\u1ec7n nay, gi\u00e1 b\u00e1n chu\u1ed1i ng\u1ef1 \u0110\u1ea1i Ho\u00e0ng dao \u0111\u1ed9ng t\u1eeb 45.000 &#8211; 50.000 \u0111\u1ed3ng\/ n\u1ea3i, n\u1ebfu mua c\u1ea3 bu\u1ed3ng chu\u1ed1i th\u00ec gi\u00e1 dao \u0111\u1ed9ng t\u1eeb 300.000 &#8211; 600.000 \u0111\u1ed3ng\/bu\u1ed3ng t\u00f9y thu\u1ed9c v\u00e0o s\u1ed1 l\u01b0\u1ee3ng n\u1ea3i chu\u1ed1i.<\/p>\n<p>N\u0103ng su\u1ea5t: Chu\u1ed1i ng\u1ef1 ti\u1ebfn vua cho n\u0103ng su\u1ea5t cao, trung b\u00ecnh m\u1ed7i c\u00e2y c\u00f3 th\u1ec3 cho thu ho\u1ea1ch t\u1eeb 20-30 n\u1ea3i chu\u1ed1i\/n\u0103m.<\/p>\n<p>S\u1ee9c ti\u00eau th\u1ee5: Chu\u1ed1i ng\u1ef1 ti\u1ebfn vua \u0111\u01b0\u1ee3c \u01b0a chu\u1ed9ng b\u1edfi h\u01b0\u01a1ng v\u1ecb th\u01a1m ngon v\u00e0 gi\u00e1 tr\u1ecb dinh d\u01b0\u1ee1ng cao, do \u0111\u00f3 nhu c\u1ea7u th\u1ecb tr\u01b0\u1eddng \u0111\u1ed1i v\u1edbi lo\u1ea1i chu\u1ed1i n\u00e0y lu\u00f4n \u1edf m\u1ee9c cao.<\/p>\n<figure id=\"attachment_2562\" aria-describedby=\"caption-attachment-2562\" style=\"width: 500px\" class=\"wp-caption aligncenter\"><img loading=\"lazy\" decoding=\"async\" class=\"wp-image-2562\" src=\"http:\/\/localhost\/phucan713\/wp-content\/uploads\/2024\/07\/Screenshot-2024-06-04-090008-300x214.jpg\" alt=\"Chu\u1ed1i ng\u1ef1 ti\u1ebfn vua \u0111\u01b0\u1ee3c b\u00e1n v\u1edbi gi\u00e1 cao nhi\u1ec1u n\u0103m nay\" width=\"500\" height=\"357\" srcset=\"https:\/\/ktech4.k-tech-services.com\/phucan713\/wp-content\/uploads\/2024\/07\/Screenshot-2024-06-04-090008-300x214.jpg 300w, https:\/\/ktech4.k-tech-services.com\/phucan713\/wp-content\/uploads\/2024\/07\/Screenshot-2024-06-04-090008-510x364.jpg 510w, https:\/\/ktech4.k-tech-services.com\/phucan713\/wp-content\/uploads\/2024\/07\/Screenshot-2024-06-04-090008.jpg 685w\" sizes=\"auto, (max-width: 500px) 100vw, 500px\" \/><figcaption id=\"caption-attachment-2562\" class=\"wp-caption-text\">Chu\u1ed1i ng\u1ef1 ti\u1ebfn vua \u0111\u01b0\u1ee3c b\u00e1n v\u1edbi gi\u00e1 cao nhi\u1ec1u n\u0103m nay<\/figcaption><\/figure>\n<h3><strong><b>Gi\u00e1 tr\u1ecb dinh d\u01b0\u1ee1ng<\/b><\/strong><\/h3>\n<p>Chu\u1ed1i ng\u1ef1 ti\u1ebfn vua ch\u1ee9a nhi\u1ec1u vitamin v\u00e0 kho\u00e1ng ch\u1ea5t thi\u1ebft y\u1ebfu cho c\u01a1 th\u1ec3 nh\u01b0 vitamin A, B, C, kali, magie,&#8230;<\/p>\n<p>Chu\u1ed1i ng\u1ef1 ti\u1ebfn vua gi\u00fap h\u1ed7 tr\u1ee3 h\u1ec7 ti\u00eau h\u00f3a, t\u0103ng c\u01b0\u1eddng s\u1ee9c \u0111\u1ec1 kh\u00e1ng, t\u1ed1t cho tim m\u1ea1ch v\u00e0 h\u1ec7 th\u1ea7n kinh.<\/p>\n<p>Chu\u1ed1i ng\u1ef1 ti\u1ebfn vua c\u00f2n c\u00f3 t\u00e1c d\u1ee5ng gi\u1ea3i nhi\u1ec7t, thanh l\u1ecdc c\u01a1 th\u1ec3 v\u00e0 h\u1ed7 tr\u1ee3 gi\u1ea3m c\u00e2n.<\/p>\n<h3><strong><b>Gi\u00e1 tr\u1ecb v\u0103n h\u00f3a<\/b><\/strong><\/h3>\n<p>Chu\u1ed1i ng\u1ef1 ti\u1ebfn vua l\u00e0 m\u1ed9t trong nh\u1eefng lo\u1ea1i tr\u00e1i c\u00e2y \u0111\u1eb7c s\u1ea3n n\u1ed5i ti\u1ebfng c\u1ee7a Vi\u1ec7t Nam, \u0111\u01b0\u1ee3c tr\u1ed3ng t\u1eeb l\u00e2u \u0111\u1eddi v\u00e0 g\u1eafn li\u1ec1n v\u1edbi l\u1ecbch s\u1eed v\u0103n h\u00f3a c\u1ee7a \u0111\u1ea5t n\u01b0\u1edbc.<\/p>\n<p>Chu\u1ed1i ng\u1ef1 ti\u1ebfn vua th\u01b0\u1eddng \u0111\u01b0\u1ee3c d\u00f9ng \u0111\u1ec3 d\u00e2ng c\u00fang t\u1ed5 ti\u00ean, l\u00e0m qu\u00e0 bi\u1ebfu trong c\u00e1c d\u1ecbp l\u1ec5 T\u1ebft v\u00e0 \u0111\u01b0\u1ee3c xem nh\u01b0 bi\u1ec3u t\u01b0\u1ee3ng c\u1ee7a s\u1ef1 sung t\u00fac, may m\u1eafn.<\/p>\n<figure id=\"attachment_2566\" aria-describedby=\"caption-attachment-2566\" style=\"width: 500px\" class=\"wp-caption aligncenter\"><img loading=\"lazy\" decoding=\"async\" class=\"wp-image-2566\" src=\"http:\/\/localhost\/phucan713\/wp-content\/uploads\/2024\/07\/vye5y55-300x242.jpg\" alt=\"Chu\u1ed1i ng\u1ef1 ti\u1ebfn vua ng\u00e0y c\u00e0ng \u0111\u01b0\u1ee3c tr\u1ed3ng r\u1ed9ng r\u00e3i\" width=\"500\" height=\"403\" srcset=\"https:\/\/ktech4.k-tech-services.com\/phucan713\/wp-content\/uploads\/2024\/07\/vye5y55-300x242.jpg 300w, https:\/\/ktech4.k-tech-services.com\/phucan713\/wp-content\/uploads\/2024\/07\/vye5y55-1024x825.jpg 1024w, https:\/\/ktech4.k-tech-services.com\/phucan713\/wp-content\/uploads\/2024\/07\/vye5y55-768x619.jpg 768w, https:\/\/ktech4.k-tech-services.com\/phucan713\/wp-content\/uploads\/2024\/07\/vye5y55-510x411.jpg 510w, https:\/\/ktech4.k-tech-services.com\/phucan713\/wp-content\/uploads\/2024\/07\/vye5y55.jpg 1118w\" sizes=\"auto, (max-width: 500px) 100vw, 500px\" \/><figcaption id=\"caption-attachment-2566\" class=\"wp-caption-text\">Chu\u1ed1i ng\u1ef1 ti\u1ebfn vua ng\u00e0y c\u00e0ng \u0111\u01b0\u1ee3c tr\u1ed3ng r\u1ed9ng r\u00e3i<\/figcaption><\/figure>\n<h2><strong><b>Gi\u1ed1ng Chu\u1ed1i Ng\u1ef1 Ti\u1ebfn Vua tr\u1ed3ng bao l\u00e2u c\u00f3 tr\u00e1i?<\/b><\/strong><\/h2>\n<p>C\u00e2y chu\u1ed1i Ng\u1ef1 Ti\u1ebfn Vua tr\u1ed3ng t\u1eeb 12-18 th\u00e1ng sau khi tr\u1ed3ng s\u1ebd b\u1eaft \u0111\u1ea7u cho thu ho\u1ea1ch.<\/p>\n<h2><strong><b>N\u0103ng su\u1ea5t gi\u1ed1ng Chu\u1ed1i Ng\u1ef1 Ti\u1ebfn Vua<\/b><\/strong><\/h2>\n<p>N\u0103ng su\u1ea5t c\u1ee7a chu\u1ed1i Ng\u1ef1 Ti\u1ebfn Vua kh\u00f4ng cao, trung b\u00ecnh kho\u1ea3ng 20-30 kg\/ bu\u1ed3ng. Tuy nhi\u00ean, gi\u00e1 tr\u1ecb kinh t\u1ebf c\u1ee7a chu\u1ed1i Ng\u1ef1 Ti\u1ebfn Vua cao h\u01a1n so v\u1edbi c\u00e1c lo\u1ea1i chu\u1ed1i kh\u00e1c n\u00ean b\u00e0 con n\u00f4ng d\u00e2n v\u1eabn c\u00f3 th\u1ec3 thu \u0111\u01b0\u1ee3c l\u1ee3i nhu\u1eadn t\u1ed1t t\u1eeb gi\u1ed1ng chu\u1ed1i n\u00e0y.<\/p>\n<figure id=\"attachment_2563\" aria-describedby=\"caption-attachment-2563\" style=\"width: 500px\" class=\"wp-caption aligncenter\"><img loading=\"lazy\" decoding=\"async\" class=\"wp-image-2563\" src=\"http:\/\/localhost\/phucan713\/wp-content\/uploads\/2024\/07\/bhhj6j6-300x187.jpg\" alt=\"C\u00e2y chu\u1ed1i ng\u1ef1 ti\u1ebfn vua \u0111ang v\u00e0o \u0111\u1ed9 cho tr\u00e1i\" width=\"500\" height=\"311\" srcset=\"https:\/\/ktech4.k-tech-services.com\/phucan713\/wp-content\/uploads\/2024\/07\/bhhj6j6-300x187.jpg 300w, https:\/\/ktech4.k-tech-services.com\/phucan713\/wp-content\/uploads\/2024\/07\/bhhj6j6-1024x637.jpg 1024w, https:\/\/ktech4.k-tech-services.com\/phucan713\/wp-content\/uploads\/2024\/07\/bhhj6j6-768x478.jpg 768w, https:\/\/ktech4.k-tech-services.com\/phucan713\/wp-content\/uploads\/2024\/07\/bhhj6j6-510x317.jpg 510w, https:\/\/ktech4.k-tech-services.com\/phucan713\/wp-content\/uploads\/2024\/07\/bhhj6j6.jpg 1278w\" sizes=\"auto, (max-width: 500px) 100vw, 500px\" \/><figcaption id=\"caption-attachment-2563\" class=\"wp-caption-text\">C\u00e2y chu\u1ed1i ng\u1ef1 ti\u1ebfn vua \u0111ang v\u00e0o \u0111\u1ed9 cho tr\u00e1i<\/figcaption><\/figure>\n<h2><strong><b>Kh\u00ed h\u1eadu v\u00e0 \u0111\u1ea5t tr\u1ed3ng th\u00edch h\u1ee3p v\u1edbi gi\u1ed1ng Chu\u1ed1i Ng\u1ef1 Ti\u1ebfn Vua<\/b><\/strong><\/h2>\n<p>Chu\u1ed1i Ng\u1ef1 Ti\u1ebfn Vua th\u00edch h\u1ee3p tr\u1ed3ng \u1edf nh\u1eefng n\u01a1i c\u00f3 kh\u00ed h\u1eadu nhi\u1ec7t \u0111\u1edbi \u1ea9m gi\u00f3 m\u00f9a, l\u01b0\u1ee3ng m\u01b0a d\u1ed3i d\u00e0o v\u00e0 ph\u00e2n b\u1ed1 \u0111\u1ec1u. \u0110\u1ea5t tr\u1ed3ng chu\u1ed1i Ng\u1ef1 Ti\u1ebfn Vua c\u1ea7n ph\u1ea3i t\u01a1i x\u1ed1p, gi\u00e0u dinh d\u01b0\u1ee1ng v\u00e0 tho\u00e1t n\u01b0\u1edbc t\u1ed1t.<\/p>\n<h2><strong><b>L\u01b0u \u00fd khi t\u01b0\u1edbi n\u01b0\u1edbc cho chu\u1ed1i ng\u1ef1<\/b><\/strong><\/h2>\n<ul>\n<li><b><\/b>T\u00f9y theo m\u00f9a v\u1ee5: V\u00e0o m\u00f9a kh\u00f4, c\u1ea7n t\u0103ng c\u01b0\u1eddng t\u01b0\u1edbi n\u01b0\u1edbc cho chu\u1ed1i ng\u1ef1 \u0111\u1ec3 ch\u1ed1ng h\u1ea1n, gi\u00fap c\u00e2y ph\u00e1t tri\u1ec3n t\u1ed1t. Ng\u01b0\u1ee3c l\u1ea1i, v\u00e0o m\u00f9a m\u01b0a l\u0169, c\u1ea7n ch\u00fa \u00fd tho\u00e1t n\u01b0\u1edbc cho v\u01b0\u1eddn chu\u1ed1i \u0111\u1ec3 tr\u00e1nh t\u00ecnh tr\u1ea1ng \u00fang r\u1ec5, g\u00e2y th\u1ed1i r\u1ec5 v\u00e0 ch\u1ebft c\u00e2y.<\/li>\n<li>T\u00f9y theo giai \u0111o\u1ea1n ph\u00e1t tri\u1ec3n: Giai \u0111o\u1ea1n ph\u00e2n h\u00f3a m\u1ea7m, ra hoa, k\u1ebft qu\u1ea3 c\u1ea7n l\u01b0\u1ee3ng n\u01b0\u1edbc t\u01b0\u1edbi nhi\u1ec1u h\u01a1n.<\/li>\n<li>T\u00f9y theo \u0111i\u1ec1u ki\u1ec7n \u0111\u1ea5t \u0111ai: \u0110\u1ea5t c\u00e1t tho\u00e1t n\u01b0\u1edbc nhanh, c\u1ea7n t\u01b0\u1edbi nhi\u1ec1u h\u01a1n so v\u1edbi \u0111\u1ea5t th\u1ecbt.<\/li>\n<li>Quan s\u00e1t \u0111\u1ed9 \u1ea9m \u0111\u1ea5t: N\u00ean t\u01b0\u1edbi n\u01b0\u1edbc khi l\u1edbp \u0111\u1ea5t m\u1eb7t se kh\u00f4, tr\u00e1nh t\u01b0\u1edbi qu\u00e1 nhi\u1ec1u ho\u1eb7c qu\u00e1 \u00edt.<\/li>\n<li>Th\u1eddi \u0111i\u1ec3m t\u01b0\u1edbi n\u01b0\u1edbc: N\u00ean t\u01b0\u1edbi n\u01b0\u1edbc v\u00e0o bu\u1ed5i s\u00e1ng s\u1edbm ho\u1eb7c chi\u1ec1u m\u00e1t, tr\u00e1nh t\u01b0\u1edbi v\u00e0o bu\u1ed5i tr\u01b0a n\u1eafng n\u00f3ng \u0111\u1ec3 h\u1ea1n ch\u1ebf t\u00ecnh tr\u1ea1ng b\u1ed1c h\u01a1i n\u01b0\u1edbc<\/li>\n<\/ul>\n<figure id=\"attachment_2564\" aria-describedby=\"caption-attachment-2564\" style=\"width: 600px\" class=\"wp-caption aligncenter\"><img loading=\"lazy\" decoding=\"async\" class=\"wp-image-2564\" src=\"http:\/\/localhost\/phucan713\/wp-content\/uploads\/2024\/07\/eheh5h-300x173.jpg\" alt=\"V\u01b0\u1eddn chu\u1ed1i ng\u1ef1 ti\u1ebfn vua ph\u00e1t tri\u1ec3n t\u1ed1t\" width=\"600\" height=\"346\" srcset=\"https:\/\/ktech4.k-tech-services.com\/phucan713\/wp-content\/uploads\/2024\/07\/eheh5h-300x173.jpg 300w, https:\/\/ktech4.k-tech-services.com\/phucan713\/wp-content\/uploads\/2024\/07\/eheh5h-1024x591.jpg 1024w, https:\/\/ktech4.k-tech-services.com\/phucan713\/wp-content\/uploads\/2024\/07\/eheh5h-768x443.jpg 768w, https:\/\/ktech4.k-tech-services.com\/phucan713\/wp-content\/uploads\/2024\/07\/eheh5h-510x294.jpg 510w, https:\/\/ktech4.k-tech-services.com\/phucan713\/wp-content\/uploads\/2024\/07\/eheh5h.jpg 1102w\" sizes=\"auto, (max-width: 600px) 100vw, 600px\" \/><figcaption id=\"caption-attachment-2564\" class=\"wp-caption-text\">V\u01b0\u1eddn chu\u1ed1i ng\u1ef1 ti\u1ebfn vua ph\u00e1t tri\u1ec3n t\u1ed1t<\/figcaption><\/figure>\n<h2><strong><b>Kho\u1ea3ng c\u00e1ch tr\u1ed3ng c\u00e2y Chu\u1ed1i Ng\u1ef1 Ti\u1ebfn Vua<\/b><\/strong><\/h2>\n<p>Kho\u1ea3ng c\u00e1ch tr\u1ed3ng c\u00e2y chu\u1ed1i Ng\u1ef1 Ti\u1ebfn Vua th\u01b0\u1eddng l\u00e0 3-4m x 3-4m.<\/p>\n<h3><strong><b>K\u1ef9 thu\u1eadt ch\u0103m s\u00f3c gi\u1ed1ng Chu\u1ed1i Ng\u1ef1 Ti\u1ebfn Vua<\/b><\/strong><\/h3>\n<ul>\n<li><b><\/b><strong><b>B\u00f3n ph\u00e2n: <\/b><\/strong>B\u00f3n ph\u00e2n cho chu\u1ed1i Ng\u1ef1 Ti\u1ebfn Vua c\u1ea7n b\u00f3n theo \u0111\u1ecbnh k\u1ef3, \u0111\u1ea3m b\u1ea3o cung c\u1ea5p \u0111\u1ea7y \u0111\u1ee7 d\u01b0\u1ee1ng ch\u1ea5t cho c\u00e2y ph\u00e1t tri\u1ec3n.<\/li>\n<li><b><\/b><strong><b>T\u01b0\u1edbi n\u01b0\u1edbc: <\/b><\/strong>T\u01b0\u1edbi n\u01b0\u1edbc cho chu\u1ed1i Ng\u1ef1 Ti\u1ebfn Vua c\u1ea7n t\u01b0\u1edbi \u0111\u1ec1u \u0111\u1eb7n, gi\u1eef cho \u0111\u1ea5t lu\u00f4n \u1ea9m nh\u01b0ng kh\u00f4ng b\u1ecb \u00fang n\u01b0\u1edbc.<\/li>\n<li><b><\/b><strong><b>C\u1eaft t\u1ec9a: <\/b><\/strong>C\u1ea7n c\u1eaft t\u1ec9a b\u1edbt l\u00e1 gi\u00e0, c\u00e0nh kh\u00f4 \u0111\u1ec3 t\u1ea1o t\u00e1n cho c\u00e2y v\u00e0 gi\u00fap c\u00e2y t\u1eadp trung dinh d\u01b0\u1ee1ng nu\u00f4i qu\u1ea3.<\/li>\n<li><b><\/b><strong><b>Ph\u00f2ng tr\u1eeb s\u00e2u b\u1ec7nh: <\/b><\/strong>Chu\u1ed1i Ng\u1ef1 Ti\u1ebfn Vua \u00edt b\u1ecb s\u00e2u b\u1ec7nh t\u1ea5n c\u00f4ng, nh\u01b0ng b\u00e0 con n\u00f4ng d\u00e2n c\u0169ng c\u1ea7n theo d\u00f5i v\u00e0 ph\u00f2ng tr\u1eeb k\u1ecbp th\u1eddi khi ph\u00e1t hi\u1ec7n.<\/li>\n<\/ul>\n<figure id=\"attachment_2565\" aria-describedby=\"caption-attachment-2565\" style=\"width: 500px\" class=\"wp-caption aligncenter\"><img loading=\"lazy\" decoding=\"async\" class=\"wp-image-2565\" src=\"http:\/\/localhost\/phucan713\/wp-content\/uploads\/2024\/07\/ghgewghj-300x201.jpg\" alt=\"Ph\u00f2ng tr\u1eeb s\u00e2u b\u1ec7nh v\u00e0 ch\u0103m s\u00f3c t\u1ed1t gi\u00fap chu\u1ed1i ng\u1ef1 ti\u1ebfn vua kh\u1ecfe m\u1ea1nh\" width=\"500\" height=\"334\" srcset=\"https:\/\/ktech4.k-tech-services.com\/phucan713\/wp-content\/uploads\/2024\/07\/ghgewghj-300x201.jpg 300w, https:\/\/ktech4.k-tech-services.com\/phucan713\/wp-content\/uploads\/2024\/07\/ghgewghj-1024x685.jpg 1024w, https:\/\/ktech4.k-tech-services.com\/phucan713\/wp-content\/uploads\/2024\/07\/ghgewghj-768x514.jpg 768w, https:\/\/ktech4.k-tech-services.com\/phucan713\/wp-content\/uploads\/2024\/07\/ghgewghj-510x341.jpg 510w, https:\/\/ktech4.k-tech-services.com\/phucan713\/wp-content\/uploads\/2024\/07\/ghgewghj.jpg 1338w\" sizes=\"auto, (max-width: 500px) 100vw, 500px\" \/><figcaption id=\"caption-attachment-2565\" class=\"wp-caption-text\">Ph\u00f2ng tr\u1eeb s\u00e2u b\u1ec7nh v\u00e0 ch\u0103m s\u00f3c t\u1ed1t gi\u00fap chu\u1ed1i ng\u1ef1 ti\u1ebfn vua kh\u1ecfe m\u1ea1nh<\/figcaption><\/figure>\n<p>Chu\u1ed1i Ng\u1ef1 Ti\u1ebfn Vua\u00a0l\u00e0 m\u1ed9t lo\u1ea1i tr\u00e1i c\u00e2y qu\u00fd hi\u1ebfm v\u1edbi h\u01b0\u01a1ng v\u1ecb th\u01a1m ngon v\u00e0 gi\u00e1 tr\u1ecb dinh d\u01b0\u1ee1ng cao. Gi\u1ed1ng chu\u1ed1i n\u00e0y c\u00f3 ti\u1ec1m n\u0103ng ph\u00e1t tri\u1ec3n kinh t\u1ebf l\u1edbn, b\u00e0 con n\u00f4ng d\u00e2n c\u1ea7n ch\u00fa \u00fd \u00e1p d\u1ee5ng \u0111\u00fang c\u00e1c k\u1ef9 thu\u1eadt ch\u0103m s\u00f3c \u0111\u1ec3 \u0111\u1ea1t \u0111\u01b0\u1ee3c n\u0103ng su\u1ea5t v\u00e0 ch\u1ea5t l\u01b0\u1ee3ng t\u1ed1t nh\u1ea5t.<\/p>\n<h2><strong><b>Gi\u00e1 c\u00e2y gi\u1ed1ng Chu\u1ed1i Ng\u1ef1 Ti\u1ebfn Vua<\/b><\/strong><\/h2>\n<p>Gi\u00e1 c\u00e2y gi\u1ed1ng Chu\u1ed1i Ng\u1ef1 Ti\u1ebfn Vua t\u1ea1i v\u01b0\u1eddn Ph\u00fac An dao \u0111\u1ed9ng t\u1eeb 35.000 &#8211; 50.000\/ c\u00e2y. T\u00f9y theo l\u00f4 c\u00e2y, s\u1ed1 l\u01b0\u1ee3ng \u0111\u1eb7t s\u1ebd c\u00f3 m\u1ee9c gi\u00e1 kh\u00e1c nhau. Ch\u00fang t\u00f4i cam k\u1ebft lu\u00f4n gi\u1eef m\u1ee9c gi\u00e1 ph\u1ea3i ch\u0103ng, v\u1eeba t\u00fai ti\u1ec1n cho kh\u00e1ch h\u00e0ng c\u1ee7a m\u00ecnh.<\/p>\n<h2><strong><b>Mua c\u00e2y gi\u1ed1ng Chu\u1ed1i Ng\u1ef1 Ti\u1ebfn Vua \u1edf \u0111\u00e2u ch\u1ea5t l\u01b0\u1ee3ng?<\/b><\/strong><\/h2>\n<p>C\u00e2y tr\u1ea3i qua quy tr\u00ecnh nh\u00e2n gi\u1ed1ng, d\u01b0\u1ee1ng c\u00e2y con, x\u1ea3 n\u1eafng ho\u00e0n ch\u1ec9nh. \u0110\u1ebfn tay c\u00f4 b\u00e1c s\u1ebd l\u00e0 t\u1eebng c\u00e2y \u0111\u00e3 c\u1ee9ng c\u00e1p \u0111\u00e3 ra c\u01a1i ch\u1ed3i m\u1edbi.<br \/>\nQu\u00fd c\u00f4 b\u00e1c c\u00f3 th\u1ec3 li\u00ean h\u1ec7 tr\u1ef1c ti\u1ebfp qua SDT\/ Zalo 0962.888.014 (<a href=\"http:\/\/localhost\/phucan713\/\" target=\"_blank\" rel=\"noopener\">C\u00e2y Gi\u1ed1ng Ph\u00fac An<\/a>) \u0111\u1ec3 ch\u00fang t\u00f4i t\u01b0 v\u1ea5n v\u00e0 b\u00e1o gi\u00e1 c\u1ee5 th\u1ec3. Xin c\u1ea3m \u01a1n qu\u00fd c\u00f4 b\u00e1c \u0111\u00e3 \u0111\u1eb7t ni\u1ec1m tin v\u1edbi nh\u00e0 v\u01b0\u1eddn.<\/p>\n<p>&gt;&gt; M\u1eddi b\u1ea1n \u0111\u1ecdc th\u00eam: <a href=\"https:\/\/baotintuc.vn\/kinh-te\/phat-trien-dac-san-chuoi-ngu-dai-hoang-20250720133043820.htm\" target=\"_blank\" rel=\"noopener\"><span style=\"color: #000080;\"><em><strong>Ph\u00e1t tri\u1ec3n \u0111\u1eb7c s\u1ea3n chu\u1ed1i ng\u1ef1 \u0110\u1ea1i Ho\u00e0ng<\/strong><\/em><\/span><\/a><\/p>\n","protected":false},"excerpt":{"rendered":"<p>* Gi\u00e1 tham kh\u1ea3o cho s\u1ed1 l\u01b0\u1ee3ng t\u1eeb 30 c\u00e2y, c\u00f3 th\u1ec3 thay \u0111\u1ed5i theo th\u1eddi \u0111i\u1ec3m<br \/>\n* Ch\u01b0a bao g\u1ed3m ph\u00ed v\u1eadn chuy\u1ec3n (t\u00f9y theo s\u1ed1 l\u01b0\u1ee3ng c\u00e2y v\u00e0 \u0111\u1ecba \u0111i\u1ec3m giao h\u00e0ng)<\/p>\n","protected":false},"featured_media":3992,"comment_status":"open","ping_status":"closed","template":"","meta":[],"product_brand":[],"product_cat":[35,37],"product_tag":[41],"class_list":{"0":"post-2558","1":"product","2":"type-product","3":"status-publish","4":"has-post-thumbnail","6":"product_cat-san-pham-giong-cay-an-trai","7":"product_cat-cay-giong-khac","8":"product_tag-chuoi-ngu-tien-vua","10":"first","11":"instock","12":"shipping-taxable","13":"purchasable","14":"product-type-simple"},"_links":{"self":[{"href":"https:\/\/ktech4.k-tech-services.com\/phucan713\/wp-json\/wp\/v2\/product\/2558","targetHints":{"allow":["GET"]}}],"collection":[{"href":"https:\/\/ktech4.k-tech-services.com\/phucan713\/wp-json\/wp\/v2\/product"}],"about":[{"href":"https:\/\/ktech4.k-tech-services.com\/phucan713\/wp-json\/wp\/v2\/types\/product"}],"replies":[{"embeddable":true,"href":"https:\/\/ktech4.k-tech-services.com\/phucan713\/wp-json\/wp\/v2\/comments?post=2558"}],"wp:featuredmedia":[{"embeddable":true,"href":"https:\/\/ktech4.k-tech-services.com\/phucan713\/wp-json\/wp\/v2\/media\/3992"}],"wp:attachment":[{"href":"https:\/\/ktech4.k-tech-services.com\/phucan713\/wp-json\/wp\/v2\/media?parent=2558"}],"wp:term":[{"taxonomy":"product_brand","embeddable":true,"href":"https:\/\/ktech4.k-tech-services.com\/phucan713\/wp-json\/wp\/v2\/product_brand?post=2558"},{"taxonomy":"product_cat","embeddable":true,"href":"https:\/\/ktech4.k-tech-services.com\/phucan713\/wp-json\/wp\/v2\/product_cat?post=2558"},{"taxonomy":"product_tag","embeddable":true,"href":"https:\/\/ktech4.k-tech-services.com\/phucan713\/wp-json\/wp\/v2\/product_tag?post=2558"}],"curies":[{"name":"wp","href":"https:\/\/api.w.org\/{rel}","templated":true}]}}