{"id":2600,"date":"2024-07-25T12:57:25","date_gmt":"2024-07-25T12:57:25","guid":{"rendered":"https:\/\/caygiongphucan.com\/?post_type=product&amp;p=2600"},"modified":"2024-07-25T12:57:25","modified_gmt":"2024-07-25T12:57:25","slug":"dao-hong-nhung-cay-lon","status":"publish","type":"product","link":"https:\/\/ktech4.k-tech-services.com\/phucan713\/san-pham\/dao-hong-nhung-cay-lon\/","title":{"rendered":"C\u00e2y \u0111\u00e0o h\u1ed3ng nhung l\u1edbn 2m \u0111\u00e3 c\u00f3 tr\u00e1i"},"content":{"rendered":"<p data-sourcepos=\"5:1-5:246\"><em>Gi\u1ed1ng \u0111\u00e0o h\u1ed3ng nhung, m\u1ed9t lo\u1ea1i tr\u00e1i c\u00e2y \u0111\u1eb7c s\u1ea3n c\u1ee7a mi\u1ec1n T\u00e2y, \u0111ang d\u1ea7n tr\u1edf n\u00ean quen thu\u1ed9c v\u1edbi nhi\u1ec1u ng\u01b0\u1eddi nh\u1edd h\u01b0\u01a1ng v\u1ecb th\u01a1m ngon v\u00e0 v\u1ebb ngo\u00e0i \u0111\u1ed9c \u0111\u00e1o. Qu\u1ea3 c\u00f3 h\u00ecnh d\u00e1ng tr\u00f2n b\u1ea7u nh\u01b0 qu\u1ea3 tr\u1ee9ng, l\u1edbp v\u1ecf ngo\u00e0i \u0111\u01b0\u1ee3c bao ph\u1ee7 b\u1edfi m\u1ed9t l\u1edbp l\u00f4ng m\u1ecbn m\u00e0ng nh\u01b0 nhung. Khi c\u00f2n non, l\u1edbp l\u00f4ng n\u00e0y c\u00f3 m\u00e0u xanh nh\u1ea1t, d\u1ea7n chuy\u1ec3n sang m\u00e0u v\u00e0ng cam v\u00e0 \u0111\u1ecf n\u00e2u khi ch\u00edn, t\u1ea1o n\u00ean m\u1ed9t v\u1ebb \u0111\u1eb9p t\u1ef1 nhi\u00ean v\u00f4 c\u00f9ng b\u1eaft m\u1eaft.<\/em><\/p>\n<h2 data-sourcepos=\"5:1-5:246\"><strong>M\u00f4 t\u1ea3 c\u00e2y \u0111\u00e0o h\u1ed3ng nhung nh\u00e0 v\u01b0\u1eddn Ph\u00fac An cung c\u1ea5p<\/strong><\/h2>\n<ul>\n<li data-sourcepos=\"5:1-5:246\">C\u00e2y l\u1edbn, cao 2m-2m5, \u0111\u00e3 cho tr\u00e1i, khi giao cho kh\u00e1ch c\u00f3 th\u1ec3 c\u00e2y \u0111ang mang tr\u00e1i lu\u00f4n \u1ea1<\/li>\n<li data-sourcepos=\"5:1-5:246\">C\u00e2y \u0111\u00e3 \u0111\u01b0\u1ee3c gi\u00e2m \u1ee7 k\u1ef9 v\u00ec v\u1eady \u0111\u01b0\u1ee3c nh\u00e0 v\u01b0\u1eddn \u0111\u1ea3m b\u1ea3o s\u1ed1ng 100%<\/li>\n<li data-sourcepos=\"5:1-5:246\">\u0110\u1ea3m b\u1ea3o \u0111\u00fang gi\u1ed1ng, t\u1eb7ng k\u00e8m tr\u00e1i cho kh\u00e1ch khi mua c\u00e2y (n\u1ebfu \u0111ang c\u00f3 \u0111\u1ee3t tr\u00e1i ch\u00edn)<\/li>\n<\/ul>\n<figure id=\"attachment_2601\" aria-describedby=\"caption-attachment-2601\" style=\"width: 500px\" class=\"wp-caption aligncenter\"><img loading=\"lazy\" decoding=\"async\" class=\"wp-image-2601\" src=\"http:\/\/localhost\/phucan713\/wp-content\/uploads\/2024\/07\/z5666988135042_ef569aafbff07a7b01719309148d2162-225x300.jpg\" alt=\"C\u00e2y \u0111\u00e0o h\u1ed3ng nhung l\u1edbn \u0111\u00e3 cho tr\u00e1i - C\u00e2y Gi\u1ed1ng Ph\u00fac An\" width=\"500\" height=\"667\" srcset=\"https:\/\/ktech4.k-tech-services.com\/phucan713\/wp-content\/uploads\/2024\/07\/z5666988135042_ef569aafbff07a7b01719309148d2162-225x300.jpg 225w, https:\/\/ktech4.k-tech-services.com\/phucan713\/wp-content\/uploads\/2024\/07\/z5666988135042_ef569aafbff07a7b01719309148d2162-768x1024.jpg 768w, https:\/\/ktech4.k-tech-services.com\/phucan713\/wp-content\/uploads\/2024\/07\/z5666988135042_ef569aafbff07a7b01719309148d2162-510x680.jpg 510w, https:\/\/ktech4.k-tech-services.com\/phucan713\/wp-content\/uploads\/2024\/07\/z5666988135042_ef569aafbff07a7b01719309148d2162.jpg 960w\" sizes=\"auto, (max-width: 500px) 100vw, 500px\" \/><figcaption id=\"caption-attachment-2601\" class=\"wp-caption-text\">C\u00e2y \u0111\u00e0o h\u1ed3ng nhung l\u1edbn \u0111\u00e3 cho tr\u00e1i &#8211; C\u00e2y Gi\u1ed1ng Ph\u00fac An<\/figcaption><\/figure>\n<h2 data-sourcepos=\"7:1-7:40\"><strong>\u0110\u1eb7c \u0111i\u1ec3m n\u1ed5i b\u1eadt c\u1ee7a c\u00e2y \u0111\u00e0o h\u1ed3ng nhung<\/strong><\/h2>\n<ul data-sourcepos=\"9:1-11:7\">\n<li data-sourcepos=\"9:1-9:152\">K\u1ebft tr\u00e1i th\u00e0nh ch\u00f9m: Kh\u00e1c v\u1edbi nhi\u1ec1u lo\u1ea1i tr\u00e1i c\u00e2y kh\u00e1c, \u0111\u00e0o h\u1ed3ng nhung th\u01b0\u1eddng k\u1ebft tr\u00e1i th\u00e0nh t\u1eebng ch\u00f9m, m\u1ed7i ch\u00f9m c\u00f3 t\u1eeb 3 \u0111\u1ebfn 4 qu\u1ea3 ho\u1eb7c nhi\u1ec1u h\u01a1n.<\/li>\n<li data-sourcepos=\"10:1-10:102\">V\u1ecb ng\u1ecdt thanh, m\u00e1t: Khi ch\u00edn, qu\u1ea3 c\u00f3 v\u1ecb ng\u1ecdt thanh, m\u00e1t, th\u1ecbt qu\u1ea3 m\u1ec1m d\u1ebbo, tan ch\u1ea3y trong mi\u1ec7ng.<\/li>\n<li data-sourcepos=\"11:1-11:7\">M\u00f9a qu\u1ea3 quanh n\u0103m: C\u00e2y \u0111\u00e0o h\u1ed3ng nhung c\u00f3 kh\u1ea3 n\u0103ng ra tr\u00e1i quanh n\u0103m, tuy nhi\u00ean m\u00f9a tr\u00e1i ch\u00ednh v\u1ee5 th\u01b0\u1eddng r\u01a1i v\u00e0o kho\u1ea3ng th\u00e1ng 5 \u0111\u1ebfn th\u00e1ng 11.<\/li>\n<li data-sourcepos=\"12:1-13:0\">\u0110\u1eb7c t\u00ednh sinh tr\u01b0\u1edfng: C\u00e2y r\u1ea5t d\u1ec5 tr\u1ed3ng, kh\u00f4ng k\u00e9n \u0111\u1ea5t, v\u00e0 c\u00f3 th\u1ec3 cho tr\u00e1i sau kho\u1ea3ng 3-4 n\u0103m tr\u1ed3ng. M\u1ed9t \u0111i\u1ec1u th\u00fa v\u1ecb l\u00e0 c\u00f9ng m\u1ed9t c\u00e2y, c\u00f3 c\u00e0nh ra hoa, c\u00f3 c\u00e0nh ra tr\u00e1i, v\u00e0 c\u00f3 c\u1ea3 tr\u00e1i c\u00f3 h\u1ea1t v\u00e0 tr\u00e1i kh\u00f4ng h\u1ea1t<\/li>\n<\/ul>\n<figure id=\"attachment_2602\" aria-describedby=\"caption-attachment-2602\" style=\"width: 375px\" class=\"wp-caption aligncenter\"><img loading=\"lazy\" decoding=\"async\" class=\"wp-image-2602\" src=\"http:\/\/localhost\/phucan713\/wp-content\/uploads\/2024\/07\/301973354_3512618818970090_4445767148652504265_n-225x300.jpg\" alt=\"Tr\u00e1i \u0111\u00e0o h\u1ed3ng nhung\" width=\"375\" height=\"500\" srcset=\"https:\/\/ktech4.k-tech-services.com\/phucan713\/wp-content\/uploads\/2024\/07\/301973354_3512618818970090_4445767148652504265_n-225x300.jpg 225w, https:\/\/ktech4.k-tech-services.com\/phucan713\/wp-content\/uploads\/2024\/07\/301973354_3512618818970090_4445767148652504265_n-510x680.jpg 510w, https:\/\/ktech4.k-tech-services.com\/phucan713\/wp-content\/uploads\/2024\/07\/301973354_3512618818970090_4445767148652504265_n.jpg 650w\" sizes=\"auto, (max-width: 375px) 100vw, 375px\" \/><figcaption id=\"caption-attachment-2602\" class=\"wp-caption-text\">Tr\u00e1i \u0111\u00e0o h\u1ed3ng nhung<\/figcaption><\/figure>\n<h2 data-sourcepos=\"14:1-14:43\"><strong>Gi\u00e1 tr\u1ecb dinh d\u01b0\u1ee1ng v\u00e0 l\u1ee3i \u00edch s\u1ee9c kh\u1ecfe<\/strong><\/h2>\n<ul data-sourcepos=\"16:1-19:0\">\n<li data-sourcepos=\"16:1-16:153\">Gi\u00e0u vitamin v\u00e0 kho\u00e1ng ch\u1ea5t: \u0110\u00e0o h\u1ed3ng nhung ch\u1ee9a nhi\u1ec1u vitamin v\u00e0 kho\u00e1ng ch\u1ea5t t\u1ed1t cho s\u1ee9c kh\u1ecfe, \u0111\u1eb7c bi\u1ec7t l\u00e0 vitamin C gi\u00fap t\u0103ng c\u01b0\u1eddng h\u1ec7 mi\u1ec5n d\u1ecbch.<\/li>\n<li data-sourcepos=\"17:1-17:79\">C\u1ea3i thi\u1ec7n ti\u00eau h\u00f3a: Ch\u1ea5t x\u01a1 trong qu\u1ea3 gi\u00fap h\u1ec7 ti\u00eau h\u00f3a ho\u1ea1t \u0111\u1ed9ng t\u1ed1t h\u01a1n.<\/li>\n<li data-sourcepos=\"18:1-19:0\">L\u00e0m \u0111\u1eb9p da: C\u00e1c ch\u1ea5t ch\u1ed1ng oxy h\u00f3a trong qu\u1ea3 gi\u00fap b\u1ea3o v\u1ec7 da kh\u1ecfi t\u00e1c h\u1ea1i c\u1ee7a g\u1ed1c t\u1ef1 do, l\u00e0m ch\u1eadm qu\u00e1 tr\u00ecnh l\u00e3o h\u00f3a.<\/li>\n<\/ul>\n<figure id=\"attachment_2603\" aria-describedby=\"caption-attachment-2603\" style=\"width: 490px\" class=\"wp-caption aligncenter\"><img loading=\"lazy\" decoding=\"async\" class=\"wp-image-2603\" src=\"http:\/\/localhost\/phucan713\/wp-content\/uploads\/2024\/07\/z5663351206988_bbfe0ab35f6f34cea58a30915ba7d6e8-294x300.jpg\" alt=\"Th\u1ecbt tr\u00e1i gi\u00f2n v\u00e0 c\u00f3 \u0111\u1ed9 x\u1ed1p, th\u01a1m thanh m\u00e1t\" width=\"490\" height=\"500\" srcset=\"https:\/\/ktech4.k-tech-services.com\/phucan713\/wp-content\/uploads\/2024\/07\/z5663351206988_bbfe0ab35f6f34cea58a30915ba7d6e8-294x300.jpg 294w, https:\/\/ktech4.k-tech-services.com\/phucan713\/wp-content\/uploads\/2024\/07\/z5663351206988_bbfe0ab35f6f34cea58a30915ba7d6e8-768x784.jpg 768w, https:\/\/ktech4.k-tech-services.com\/phucan713\/wp-content\/uploads\/2024\/07\/z5663351206988_bbfe0ab35f6f34cea58a30915ba7d6e8-510x521.jpg 510w, https:\/\/ktech4.k-tech-services.com\/phucan713\/wp-content\/uploads\/2024\/07\/z5663351206988_bbfe0ab35f6f34cea58a30915ba7d6e8.jpg 861w\" sizes=\"auto, (max-width: 490px) 100vw, 490px\" \/><figcaption id=\"caption-attachment-2603\" class=\"wp-caption-text\">Th\u1ecbt tr\u00e1i gi\u00f2n v\u00e0 c\u00f3 \u0111\u1ed9 x\u1ed1p, th\u01a1m thanh m\u00e1t<\/figcaption><\/figure>\n<h2 data-sourcepos=\"20:1-20:31\"><strong>\u00dd ngh\u0129a v\u0103n h\u00f3a v\u00e0 kinh t\u1ebf<\/strong><\/h2>\n<p data-sourcepos=\"22:1-22:175\">\u0110\u00e0o h\u1ed3ng nhung kh\u00f4ng ch\u1ec9 l\u00e0 m\u1ed9t lo\u1ea1i tr\u00e1i c\u00e2y ngon m\u00e0 c\u00f2n mang \u00fd ngh\u0129a v\u0103n h\u00f3a \u0111\u1eb7c bi\u1ec7t \u0111\u1ed1i v\u1edbi ng\u01b0\u1eddi d\u00e2n mi\u1ec1n T\u00e2y. C\u00e2y th\u01b0\u1eddng \u0111\u01b0\u1ee3c tr\u1ed3ng \u1edf c\u00e1c khu v\u01b0\u1eddn nh\u00e0, v\u1eeba \u0111\u1ec3 l\u1ea5y qu\u1ea3 \u0103n, v\u1eeba l\u00e0m c\u1ea3nh. Nh\u1edd v\u1ebb \u0111\u1eb9p \u0111\u1ed9c \u0111\u00e1o v\u00e0 h\u01b0\u01a1ng v\u1ecb th\u01a1m ngon, \u0111\u00e0o h\u1ed3ng nhung \u0111\u00e3 tr\u1edf th\u00e0nh m\u1ed9t s\u1ea3n ph\u1ea9m \u0111\u1eb7c s\u1ea3n \u0111\u01b0\u1ee3c nhi\u1ec1u ng\u01b0\u1eddi \u01b0a chu\u1ed9ng, mang l\u1ea1i ngu\u1ed3n thu nh\u1eadp \u0111\u00e1ng k\u1ec3 cho ng\u01b0\u1eddi d\u00e2n.<\/p>\n<h2 data-sourcepos=\"24:1-24:21\"><strong>C\u00e1ch th\u01b0\u1edfng th\u1ee9c<\/strong><\/h2>\n<p data-sourcepos=\"26:1-26:246\">\u0110\u1ec3 th\u01b0\u1edfng th\u1ee9c h\u1ebft v\u1ecb ngon c\u1ee7a \u0111\u00e0o h\u1ed3ng nhung, b\u1ea1n n\u00ean ch\u1ecdn nh\u1eefng qu\u1ea3 ch\u00edn \u0111\u1ec1u, v\u1ecf m\u00e0u \u0111\u1ecf s\u1eabm. Tr\u01b0\u1edbc khi \u0103n, h\u00e3y ch\u00e0 s\u1ea1ch l\u1edbp l\u00f4ng m\u1ecbn b\u00ean ngo\u00e0i, g\u1ecdt b\u1ecf v\u1ecf v\u00e0 th\u01b0\u1edfng th\u1ee9c ngay. B\u1ea1n c\u0169ng c\u00f3 th\u1ec3 cho qu\u1ea3 v\u00e0o t\u1ee7 l\u1ea1nh \u0111\u1ec3 t\u0103ng th\u00eam \u0111\u1ed9 gi\u00f2n v\u00e0 m\u00e1t l\u1ea1nh.<\/p>\n<p data-sourcepos=\"26:1-26:246\">C\u00e2y tr\u1ea3i qua quy tr\u00ecnh nh\u00e2n gi\u1ed1ng, d\u01b0\u1ee1ng c\u00e2y con, x\u1ea3 n\u1eafng ho\u00e0n ch\u1ec9nh. \u0110\u1ebfn tay c\u00f4 b\u00e1c s\u1ebd l\u00e0 t\u1eebng c\u00e2y \u0111\u00e3 c\u1ee9ng c\u00e1p \u0111\u00e3 ra c\u01a1i ch\u1ed3i m\u1edbi.<\/p>\n<p data-sourcepos=\"26:1-26:246\">Qu\u00fd c\u00f4 b\u00e1c li\u00ean h\u1ec7 tr\u1ef1c ti\u1ebfp qua SDT\/ Zalo 0962 888 014 (<a href=\"http:\/\/localhost\/phucan713\/\" target=\"_blank\" rel=\"noopener\">c\u00e2y gi\u1ed1ng Ph\u00fac An<\/a>) \u0111\u1ec3 ch\u00fang t\u00f4i t\u01b0 v\u1ea5n v\u00e0 b\u00e1o gi\u00e1 c\u1ee5 th\u1ec3. Xin c\u1ea3m \u01a1n qu\u00fd c\u00f4 b\u00e1c \u0111\u00e3 \u0111\u1eb7t ni\u1ec1m tin v\u1edbi nh\u00e0 v\u01b0\u1eddn Ph\u00fac An.<\/p>\n<p data-sourcepos=\"26:1-26:246\">&gt;&gt; M\u1eddi b\u1ea1n \u0111\u1ecdc th\u00eam:\u00a0 <a href=\"https:\/\/vietnamnet.vn\/viet-nam-co-loai-qua-la-nhu-ket-hop-giua-dao-hong-va-vu-sua-nguoi-mien-tay-nhin-phat-biet-ngay-ten-goi-781274.html\" target=\"_blank\" rel=\"noopener\"><span style=\"color: #000080;\"><em><strong>Vi\u1ec7t Nam c\u00f3 lo\u1ea1i qu\u1ea3 l\u1ea1 nh\u01b0 k\u1ebft h\u1ee3p gi\u1eefa \u0111\u00e0o, h\u1ed3ng v\u00e0 v\u00fa s\u1eefa: Ng\u01b0\u1eddi mi\u1ec1n T\u00e2y nh\u00ecn ph\u00e1t bi\u1ebft ngay t\u00ean g\u1ecdi!<\/strong><\/em><\/span><\/a><\/p>\n","protected":false},"excerpt":{"rendered":"<p>* Gi\u00e1 tham kh\u1ea3o cho s\u1ed1 l\u01b0\u1ee3ng t\u1eeb 30 c\u00e2y, c\u00f3 th\u1ec3 thay \u0111\u1ed5i theo th\u1eddi \u0111i\u1ec3m<br \/>\n* Ch\u01b0a bao g\u1ed3m ph\u00ed v\u1eadn chuy\u1ec3n (t\u00f9y theo s\u1ed1 l\u01b0\u1ee3ng c\u00e2y v\u00e0 \u0111\u1ecba \u0111i\u1ec3m giao h\u00e0ng)<\/p>\n","protected":false},"featured_media":2601,"comment_status":"open","ping_status":"closed","template":"","meta":[],"product_brand":[],"product_cat":[35,37],"product_tag":[],"class_list":{"0":"post-2600","1":"product","2":"type-product","3":"status-publish","4":"has-post-thumbnail","6":"product_cat-san-pham-giong-cay-an-trai","7":"product_cat-cay-giong-khac","9":"first","10":"instock","11":"shipping-taxable","12":"purchasable","13":"product-type-simple"},"_links":{"self":[{"href":"https:\/\/ktech4.k-tech-services.com\/phucan713\/wp-json\/wp\/v2\/product\/2600","targetHints":{"allow":["GET"]}}],"collection":[{"href":"https:\/\/ktech4.k-tech-services.com\/phucan713\/wp-json\/wp\/v2\/product"}],"about":[{"href":"https:\/\/ktech4.k-tech-services.com\/phucan713\/wp-json\/wp\/v2\/types\/product"}],"replies":[{"embeddable":true,"href":"https:\/\/ktech4.k-tech-services.com\/phucan713\/wp-json\/wp\/v2\/comments?post=2600"}],"wp:featuredmedia":[{"embeddable":true,"href":"https:\/\/ktech4.k-tech-services.com\/phucan713\/wp-json\/wp\/v2\/media\/2601"}],"wp:attachment":[{"href":"https:\/\/ktech4.k-tech-services.com\/phucan713\/wp-json\/wp\/v2\/media?parent=2600"}],"wp:term":[{"taxonomy":"product_brand","embeddable":true,"href":"https:\/\/ktech4.k-tech-services.com\/phucan713\/wp-json\/wp\/v2\/product_brand?post=2600"},{"taxonomy":"product_cat","embeddable":true,"href":"https:\/\/ktech4.k-tech-services.com\/phucan713\/wp-json\/wp\/v2\/product_cat?post=2600"},{"taxonomy":"product_tag","embeddable":true,"href":"https:\/\/ktech4.k-tech-services.com\/phucan713\/wp-json\/wp\/v2\/product_tag?post=2600"}],"curies":[{"name":"wp","href":"https:\/\/api.w.org\/{rel}","templated":true}]}}