{"id":2617,"date":"2024-07-26T13:26:42","date_gmt":"2024-07-26T13:26:42","guid":{"rendered":"https:\/\/caygiongphucan.com\/?post_type=product&amp;p=2617"},"modified":"2024-07-26T13:26:42","modified_gmt":"2024-07-26T13:26:42","slug":"cay-giong-oi-nu-hoang","status":"publish","type":"product","link":"https:\/\/ktech4.k-tech-services.com\/phucan713\/san-pham\/cay-giong-oi-nu-hoang\/","title":{"rendered":"C\u00e2y gi\u1ed1ng \u1ed5i n\u1eef ho\u00e0ng"},"content":{"rendered":"<p><em><i>Gi\u1ed1ng \u1ed5i n\u1eef ho\u00e0ng v\u1edbi nhi\u1ec1u \u01b0u \u0111i\u1ec3m v\u01b0\u1ee3t tr\u1ed9i v\u1ec1 ch\u1ea5t l\u01b0\u1ee3ng tr\u00e1i, kh\u1ea3 n\u0103ng sinh tr\u01b0\u1edfng v\u00e0 th\u00edch nghi, \u1ed5i n\u1eef ho\u00e0ng \u0111ang tr\u1edf th\u00e0nh m\u1ed9t trong nh\u1eefng gi\u1ed1ng c\u00e2y tr\u1ed3ng \u0111\u01b0\u1ee3c \u01b0a chu\u1ed9ng nh\u1ea5t hi\u1ec7n nay.<\/i><\/em><\/p>\n<h2><strong><b>\u0110\u1eb7c \u0111i\u1ec3m gi\u1ed1ng \u1ed4i N\u1eef Ho\u00e0ng<\/b><\/strong><\/h2>\n<p>\u1ed4i n\u1eef ho\u00e0ng \u0111\u01b0\u1ee3c bi\u1ebft \u0111\u1ebfn v\u1edbi tr\u00e1i to, h\u00ecnh c\u1ea7u, v\u1ecf m\u1ecfng, m\u00e0u xanh l\u1ee5c nh\u1ea1t khi ch\u00edn chuy\u1ec3n sang m\u00e0u v\u00e0ng. Th\u1ecbt qu\u1ea3 gi\u00f2n, ng\u1ecdt thanh, \u00edt h\u1ea1t, mang h\u01b0\u01a1ng v\u1ecb \u0111\u1eb7c tr\u01b0ng. C\u00e2y \u1ed5i n\u1eef ho\u00e0ng c\u00f3 s\u1ee9c s\u1ed1ng m\u1ea1nh m\u1ebd, ch\u1ecbu h\u1ea1n t\u1ed1t, \u00edt s\u00e2u b\u1ec7nh, th\u00edch h\u1ee3p tr\u1ed3ng \u1edf nhi\u1ec1u lo\u1ea1i \u0111\u1ea5t.<\/p>\n<figure id=\"attachment_2637\" aria-describedby=\"caption-attachment-2637\" style=\"width: 500px\" class=\"wp-caption aligncenter\"><img loading=\"lazy\" decoding=\"async\" class=\"wp-image-2637\" src=\"http:\/\/localhost\/phucan713\/wp-content\/uploads\/2024\/07\/oi-nu-hoang-3-300x270.jpg\" alt=\"Tr\u00e1i \u1ed5i n\u1eef ho\u00e0ng\" width=\"500\" height=\"450\" srcset=\"https:\/\/ktech4.k-tech-services.com\/phucan713\/wp-content\/uploads\/2024\/07\/oi-nu-hoang-3-300x270.jpg 300w, https:\/\/ktech4.k-tech-services.com\/phucan713\/wp-content\/uploads\/2024\/07\/oi-nu-hoang-3-768x691.jpg 768w, https:\/\/ktech4.k-tech-services.com\/phucan713\/wp-content\/uploads\/2024\/07\/oi-nu-hoang-3-510x459.jpg 510w, https:\/\/ktech4.k-tech-services.com\/phucan713\/wp-content\/uploads\/2024\/07\/oi-nu-hoang-3.jpg 960w\" sizes=\"auto, (max-width: 500px) 100vw, 500px\" \/><figcaption id=\"caption-attachment-2637\" class=\"wp-caption-text\">Tr\u00e1i \u1ed5i n\u1eef ho\u00e0ng<\/figcaption><\/figure>\n<h2><strong><b>L\u1ee3i \u00edch s\u1ee9c kh\u1ecfe t\u1eeb tr\u00e1i \u1ed4i N\u1eef Ho\u00e0ng<\/b><\/strong><\/h2>\n<p>\u1ed4i n\u1eef ho\u00e0ng kh\u00f4ng ch\u1ec9 l\u00e0 m\u1ed9t lo\u1ea1i tr\u00e1i c\u00e2y ngon mi\u1ec7ng m\u00e0 c\u00f2n ch\u1ee9a nhi\u1ec1u vitamin v\u00e0 kho\u00e1ng ch\u1ea5t t\u1ed1t cho s\u1ee9c kh\u1ecfe. Vi\u1ec7c th\u01b0\u1eddng xuy\u00ean \u0103n \u1ed5i n\u1eef ho\u00e0ng gi\u00fap:<\/p>\n<ul>\n<li>C\u1ea3i thi\u1ec7n h\u1ec7 ti\u00eau h\u00f3a:Ch\u1ea5t x\u01a1 trong \u1ed5i gi\u00fap h\u1ed7 tr\u1ee3 ti\u00eau h\u00f3a, ng\u0103n ng\u1eeba t\u00e1o b\u00f3n.<\/li>\n<li>T\u0103ng c\u01b0\u1eddng h\u1ec7 mi\u1ec5n d\u1ecbch:Vitamin C c\u00f3 trong \u1ed5i gi\u00fap t\u0103ng c\u01b0\u1eddng h\u1ec7 mi\u1ec5n d\u1ecbch, b\u1ea3o v\u1ec7 c\u01a1 th\u1ec3 kh\u1ecfi b\u1ec7nh t\u1eadt.<\/li>\n<li>L\u00e0m \u0111\u1eb9p da:C\u00e1c ch\u1ea5t ch\u1ed1ng oxy h\u00f3a trong \u1ed5i gi\u00fap ng\u0103n ng\u1eeba l\u00e3o h\u00f3a da, l\u00e0m ch\u1eadm qu\u00e1 tr\u00ecnh h\u00ecnh th\u00e0nh n\u1ebfp nh\u0103n.<\/li>\n<li>Ki\u1ec3m so\u00e1t l\u01b0\u1ee3ng \u0111\u01b0\u1eddng trong m\u00e1u:\u1ed4i c\u00f3 ch\u1ec9 s\u1ed1 \u0111\u01b0\u1eddng huy\u1ebft th\u1ea5p, r\u1ea5t ph\u00f9 h\u1ee3p cho ng\u01b0\u1eddi b\u1ec7nh ti\u1ec3u \u0111\u01b0\u1eddng.<\/li>\n<\/ul>\n<h2><strong><b>C\u00e2y \u1ed4i N\u1eef Ho\u00e0ng tr\u1ed3ng bao l\u00e2u c\u00f3 tr\u00e1i? <\/b><\/strong><\/h2>\n<p>V\u1edbi \u0111i\u1ec1u ki\u1ec7n ch\u0103m s\u00f3c t\u1ed1t, c\u00e2y \u1ed5i n\u1eef ho\u00e0ng c\u00f3 th\u1ec3 cho tr\u00e1i sau kho\u1ea3ng 6-8 th\u00e1ng tr\u1ed3ng. Tuy nhi\u00ean, \u0111\u1ec3 c\u00e2y ph\u00e1t tri\u1ec3n kh\u1ecfe m\u1ea1nh v\u00e0 cho tr\u00e1i \u0111\u1ec1u, b\u1ea1n n\u00ean cung c\u1ea5p \u0111\u1ee7 n\u01b0\u1edbc, ph\u00e2n b\u00f3n v\u00e0 c\u1eaft t\u1ec9a th\u01b0\u1eddng xuy\u00ean.<\/p>\n<figure id=\"attachment_2638\" aria-describedby=\"caption-attachment-2638\" style=\"width: 500px\" class=\"wp-caption aligncenter\"><img loading=\"lazy\" decoding=\"async\" class=\"wp-image-2638\" src=\"http:\/\/localhost\/phucan713\/wp-content\/uploads\/2024\/07\/oi-nu-hoang-4-300x300.jpg\" alt=\"Ch\u00f9m \u1ed5i n\u1eef ho\u00e0ng tr\u00ean c\u00e2y chu\u1ea9n b\u1ecb thu ho\u1ea1ch\" width=\"500\" height=\"500\" srcset=\"https:\/\/ktech4.k-tech-services.com\/phucan713\/wp-content\/uploads\/2024\/07\/oi-nu-hoang-4-300x300.jpg 300w, https:\/\/ktech4.k-tech-services.com\/phucan713\/wp-content\/uploads\/2024\/07\/oi-nu-hoang-4-150x150.jpg 150w, https:\/\/ktech4.k-tech-services.com\/phucan713\/wp-content\/uploads\/2024\/07\/oi-nu-hoang-4-768x768.jpg 768w, https:\/\/ktech4.k-tech-services.com\/phucan713\/wp-content\/uploads\/2024\/07\/oi-nu-hoang-4-510x510.jpg 510w, https:\/\/ktech4.k-tech-services.com\/phucan713\/wp-content\/uploads\/2024\/07\/oi-nu-hoang-4-100x100.jpg 100w, https:\/\/ktech4.k-tech-services.com\/phucan713\/wp-content\/uploads\/2024\/07\/oi-nu-hoang-4.jpg 960w\" sizes=\"auto, (max-width: 500px) 100vw, 500px\" \/><figcaption id=\"caption-attachment-2638\" class=\"wp-caption-text\">Ch\u00f9m \u1ed5i n\u1eef ho\u00e0ng tr\u00ean c\u00e2y chu\u1ea9n b\u1ecb thu ho\u1ea1ch<\/figcaption><\/figure>\n<h2><strong><b>N\u0103ng su\u1ea5t gi\u1ed1ng \u1ed4i N\u1eef Ho\u00e0ng<\/b><\/strong><\/h2>\n<p>\u1ed4i n\u1eef ho\u00e0ng l\u00e0 gi\u1ed1ng c\u00e2y c\u00f3 n\u0103ng su\u1ea5t cao, m\u1ed7i c\u00e2y c\u00f3 th\u1ec3 cho thu ho\u1ea1ch kho\u1ea3ng 30 kg tr\u00e1i\/n\u0103m. V\u1edbi \u0111\u1eb7c \u0111i\u1ec3m d\u1ec5 tr\u1ed3ng, \u00edt s\u00e2u b\u1ec7nh, \u1ed5i n\u1eef ho\u00e0ng h\u1ee9a h\u1eb9n mang l\u1ea1i hi\u1ec7u qu\u1ea3 kinh t\u1ebf cao cho ng\u01b0\u1eddi tr\u1ed3ng.<\/p>\n<figure id=\"attachment_2639\" aria-describedby=\"caption-attachment-2639\" style=\"width: 500px\" class=\"wp-caption aligncenter\"><img loading=\"lazy\" decoding=\"async\" class=\"wp-image-2639\" src=\"http:\/\/localhost\/phucan713\/wp-content\/uploads\/2024\/07\/thu-hoach-oi-nu-hoang-300x300.jpg\" alt=\"Thu ho\u1ea1ch \u1ed5i n\u1eef ho\u00e0ng \u1edf v\u01b0\u1eddn\" width=\"500\" height=\"500\" srcset=\"https:\/\/ktech4.k-tech-services.com\/phucan713\/wp-content\/uploads\/2024\/07\/thu-hoach-oi-nu-hoang-300x300.jpg 300w, https:\/\/ktech4.k-tech-services.com\/phucan713\/wp-content\/uploads\/2024\/07\/thu-hoach-oi-nu-hoang-150x150.jpg 150w, https:\/\/ktech4.k-tech-services.com\/phucan713\/wp-content\/uploads\/2024\/07\/thu-hoach-oi-nu-hoang-768x768.jpg 768w, https:\/\/ktech4.k-tech-services.com\/phucan713\/wp-content\/uploads\/2024\/07\/thu-hoach-oi-nu-hoang-510x510.jpg 510w, https:\/\/ktech4.k-tech-services.com\/phucan713\/wp-content\/uploads\/2024\/07\/thu-hoach-oi-nu-hoang-100x100.jpg 100w, https:\/\/ktech4.k-tech-services.com\/phucan713\/wp-content\/uploads\/2024\/07\/thu-hoach-oi-nu-hoang.jpg 960w\" sizes=\"auto, (max-width: 500px) 100vw, 500px\" \/><figcaption id=\"caption-attachment-2639\" class=\"wp-caption-text\">Thu ho\u1ea1ch \u1ed5i n\u1eef ho\u00e0ng \u1edf v\u01b0\u1eddn<\/figcaption><\/figure>\n<h2><strong><b>Kh\u00ed h\u1eadu v\u00e0 \u0111\u1ea5t tr\u1ed3ng th\u00edch h\u1ee3p v\u1edbi gi\u1ed1ng \u1ed4i N\u1eef Ho\u00e0ng<\/b><\/strong><\/h2>\n<p>\u1ed4i n\u1eef ho\u00e0ng th\u00edch h\u1ee3p tr\u1ed3ng \u1edf nh\u1eefng v\u00f9ng c\u00f3 kh\u00ed h\u1eadu nhi\u1ec7t \u0111\u1edbi, \u1ea9m. C\u00e2y \u1ed5i sinh tr\u01b0\u1edfng t\u1ed1t tr\u00ean nhi\u1ec1u lo\u1ea1i \u0111\u1ea5t, nh\u01b0ng th\u00edch h\u1ee3p nh\u1ea5t l\u00e0 \u0111\u1ea5t th\u1ecbt pha c\u00e1t, gi\u00e0u ch\u1ea5t h\u1eefu c\u01a1, tho\u00e1t n\u01b0\u1edbc t\u1ed1t.<\/p>\n<h2><strong><b>Kho\u1ea3ng c\u00e1ch tr\u1ed3ng \u1ed4i N\u1eef Ho\u00e0ng<\/b><\/strong><\/h2>\n<p>\u0110\u1ec3 c\u00e2y \u1ed5i ph\u00e1t tri\u1ec3n t\u1ed1t v\u00e0 kh\u00f4ng \u1ea3nh h\u01b0\u1edfng \u0111\u1ebfn nhau, b\u1ea1n n\u00ean tr\u1ed3ng c\u00e2y v\u1edbi kho\u1ea3ng c\u00e1ch 3-4m\/c\u00e2y. V\u1eady 1000m2 c\u00f3 th\u1ec3 tr\u1ed3ng \u0111\u01b0\u1ee3c kho\u1ea3ng 100 c\u00e2y.<\/p>\n<h2><strong><b>C\u00e1ch tr\u1ed3ng v\u00e0 ch\u0103m s\u00f3c c\u00e2y \u1ed4i N\u1eef Ho\u00e0ng<\/b><\/strong><\/h2>\n<p>Tr\u1ed3ng c\u00e2y: Tr\u1ed3ng c\u00e2y v\u00e0o m\u00f9a m\u01b0a ho\u1eb7c m\u00f9a xu\u00e2n \u0111\u1ec3 c\u00e2y d\u1ec5 b\u00e9n r\u1ec5.<\/p>\n<p>T\u01b0\u1edbi n\u01b0\u1edbc: T\u01b0\u1edbi n\u01b0\u1edbc \u0111\u1ec1u \u0111\u1eb7n, \u0111\u1eb7c bi\u1ec7t l\u00e0 v\u00e0o m\u00f9a kh\u00f4.<\/p>\n<p>B\u00f3n ph\u00e2n: B\u00f3n ph\u00e2n h\u1eefu c\u01a1 v\u00e0 ph\u00e2n h\u00f3a h\u1ecdc \u0111\u1ecbnh k\u1ef3 \u0111\u1ec3 cung c\u1ea5p \u0111\u1ee7 dinh d\u01b0\u1ee1ng cho c\u00e2y.<\/p>\n<p>C\u1eaft t\u1ec9a: C\u1eaft t\u1ec9a c\u00e0nh l\u00e1 gi\u00e0, c\u00e0nh s\u00e2u b\u1ec7nh \u0111\u1ec3 c\u00e2y th\u00f4ng tho\u00e1ng v\u00e0 ra nhi\u1ec1u tr\u00e1i h\u01a1n.<\/p>\n<p>Ph\u00f2ng tr\u1eeb s\u00e2u b\u1ec7nh: Th\u01b0\u1eddng xuy\u00ean ki\u1ec3m tra c\u00e2y v\u00e0 ph\u00e1t hi\u1ec7n s\u1edbm s\u00e2u b\u1ec7nh \u0111\u1ec3 c\u00f3 bi\u1ec7n ph\u00e1p ph\u00f2ng tr\u1eeb k\u1ecbp th\u1eddi.<\/p>\n<h2><strong><b>Ph\u00f2ng tr\u1eeb s\u00e2u b\u1ec7nh h\u1ea1i cho c\u00e2y \u1ed4i N\u1eef Ho\u00e0ng<\/b><\/strong><\/h2>\n<p>M\u1ed9t s\u1ed1 lo\u1ea1i s\u00e2u b\u1ec7nh th\u01b0\u1eddng g\u1eb7p \u1edf c\u00e2y \u1ed5i nh\u01b0 r\u1ec7p s\u00e1p, r\u1ea7y m\u1ec1m, b\u1ec7nh \u0111\u1ed1m l\u00e1. \u0110\u1ec3 ph\u00f2ng tr\u1eeb s\u00e2u b\u1ec7nh, b\u1ea1n c\u00f3 th\u1ec3 s\u1eed d\u1ee5ng c\u00e1c lo\u1ea1i thu\u1ed1c b\u1ea3o v\u1ec7 th\u1ef1c v\u1eadt sinh h\u1ecdc ho\u1eb7c h\u00f3a h\u1ecdc.<\/p>\n<h2><strong><b>Thu ho\u1ea1ch v\u00e0 b\u1ea3o qu\u1ea3n tr\u00e1i \u1ed4i N\u1eef Ho\u00e0ng<\/b><\/strong><\/h2>\n<p>Ng\u01b0\u1eddi ta s\u1ebd c\u1eaft \u1ed5i thu ho\u1ea1ch khi tr\u00e1i v\u1eeba ch\u00edn t\u1edbi ch\u1ee9 kh\u00f4ng \u0111\u1ec3 ch\u00edn m\u1ec1m, l\u00fac n\u00e0y v\u1ecf v\u1eabn c\u00f2n m\u00e0u xanh. Sau khi thu ho\u1ea1ch, ta n\u00ean b\u1ea3o qu\u1ea3n \u1ed5i \u1edf n\u01a1i tho\u00e1ng m\u00e1t, tr\u00e1nh \u00e1nh n\u1eafng tr\u1ef1c ti\u1ebfp.<\/p>\n<h2><strong><b>Gi\u00e1 c\u00e2y gi\u1ed1ng \u1ed4i N\u1eef Ho\u00e0ng<\/b><\/strong><\/h2>\n<p>Gi\u00e1 c\u00e2y gi\u1ed1ng \u1ed4i N\u1eef Ho\u00e0ng t\u1ea1i v\u01b0\u1eddn Ph\u00fac An dao \u0111\u1ed9ng t\u1eeb 12.000 &#8211; 25.000\/ c\u00e2y. T\u00f9y theo l\u00f4 c\u00e2y, s\u1ed1 l\u01b0\u1ee3ng \u0111\u1eb7t s\u1ebd c\u00f3 m\u1ee9c gi\u00e1 kh\u00e1c nhau. Ch\u00fang t\u00f4i cam k\u1ebft lu\u00f4n gi\u1eef m\u1ee9c gi\u00e1 m\u1ec1m v\u1eeba t\u00fai ti\u1ec1n \u0111\u1ec3 m\u1ecdi kh\u00e1ch h\u00e0ng \u0111\u1ec1u c\u00f3 th\u1ec3 ch\u1ecdn mua nh\u1eefng c\u00e2y gi\u1ed1ng th\u1eadt t\u1ed1t cho khu v\u01b0\u1eddn c\u1ee7a m\u00ecnh.<\/p>\n<figure id=\"attachment_2624\" aria-describedby=\"caption-attachment-2624\" style=\"width: 375px\" class=\"wp-caption aligncenter\"><img loading=\"lazy\" decoding=\"async\" class=\"wp-image-2624\" src=\"http:\/\/localhost\/phucan713\/wp-content\/uploads\/2024\/07\/z5419425684379_502ab3c583d676c08895cf80ea2d52fb-225x300.jpg\" alt=\"C\u00e2y gi\u1ed1ng \u1ed5i n\u1eef ho\u00e0ng - C\u00e2y Gi\u1ed1ng Ph\u00fac An\" width=\"375\" height=\"500\" srcset=\"https:\/\/ktech4.k-tech-services.com\/phucan713\/wp-content\/uploads\/2024\/07\/z5419425684379_502ab3c583d676c08895cf80ea2d52fb-225x300.jpg 225w, https:\/\/ktech4.k-tech-services.com\/phucan713\/wp-content\/uploads\/2024\/07\/z5419425684379_502ab3c583d676c08895cf80ea2d52fb-768x1024.jpg 768w, https:\/\/ktech4.k-tech-services.com\/phucan713\/wp-content\/uploads\/2024\/07\/z5419425684379_502ab3c583d676c08895cf80ea2d52fb-1152x1536.jpg 1152w, https:\/\/ktech4.k-tech-services.com\/phucan713\/wp-content\/uploads\/2024\/07\/z5419425684379_502ab3c583d676c08895cf80ea2d52fb-1536x2048.jpg 1536w, https:\/\/ktech4.k-tech-services.com\/phucan713\/wp-content\/uploads\/2024\/07\/z5419425684379_502ab3c583d676c08895cf80ea2d52fb-510x680.jpg 510w, https:\/\/ktech4.k-tech-services.com\/phucan713\/wp-content\/uploads\/2024\/07\/z5419425684379_502ab3c583d676c08895cf80ea2d52fb.jpg 1920w\" sizes=\"auto, (max-width: 375px) 100vw, 375px\" \/><figcaption id=\"caption-attachment-2624\" class=\"wp-caption-text\">C\u00e2y gi\u1ed1ng \u1ed5i n\u1eef ho\u00e0ng &#8211; C\u00e2y Gi\u1ed1ng Ph\u00fac An<\/figcaption><\/figure>\n<figure id=\"attachment_2632\" aria-describedby=\"caption-attachment-2632\" style=\"width: 375px\" class=\"wp-caption aligncenter\"><img loading=\"lazy\" decoding=\"async\" class=\"wp-image-2632\" src=\"http:\/\/localhost\/phucan713\/wp-content\/uploads\/2024\/07\/z5421445399552_10b9b9bec1c12101003e6ca5dfc7a923-225x300.jpg\" alt=\"C\u00e2y gi\u1ed1ng \u1ed5i n\u1eef ho\u00e0ng - Ph\u00fac An cung c\u1ea5p\" width=\"375\" height=\"500\" srcset=\"https:\/\/ktech4.k-tech-services.com\/phucan713\/wp-content\/uploads\/2024\/07\/z5421445399552_10b9b9bec1c12101003e6ca5dfc7a923-225x300.jpg 225w, https:\/\/ktech4.k-tech-services.com\/phucan713\/wp-content\/uploads\/2024\/07\/z5421445399552_10b9b9bec1c12101003e6ca5dfc7a923-768x1024.jpg 768w, https:\/\/ktech4.k-tech-services.com\/phucan713\/wp-content\/uploads\/2024\/07\/z5421445399552_10b9b9bec1c12101003e6ca5dfc7a923-1152x1536.jpg 1152w, https:\/\/ktech4.k-tech-services.com\/phucan713\/wp-content\/uploads\/2024\/07\/z5421445399552_10b9b9bec1c12101003e6ca5dfc7a923-1536x2048.jpg 1536w, https:\/\/ktech4.k-tech-services.com\/phucan713\/wp-content\/uploads\/2024\/07\/z5421445399552_10b9b9bec1c12101003e6ca5dfc7a923-510x680.jpg 510w, https:\/\/ktech4.k-tech-services.com\/phucan713\/wp-content\/uploads\/2024\/07\/z5421445399552_10b9b9bec1c12101003e6ca5dfc7a923.jpg 1920w\" sizes=\"auto, (max-width: 375px) 100vw, 375px\" \/><figcaption id=\"caption-attachment-2632\" class=\"wp-caption-text\">C\u00e2y gi\u1ed1ng \u1ed5i n\u1eef ho\u00e0ng &#8211; Ph\u00fac An cung c\u1ea5p<\/figcaption><\/figure>\n<h1><strong><b>Mua c\u00e2y gi\u1ed1ng \u1ed4i N\u1eef Ho\u00e0ng \u1edf \u0111\u00e2u ch\u1ea5t l\u01b0\u1ee3ng?<\/b><\/strong><\/h1>\n<p>C\u00e2y gi\u1ed1ng Ph\u00fac An cung c\u1ea5p c\u00e2y gi\u1ed1ng \u1ed4i N\u1eef Ho\u00e0ng ch\u1ea5t l\u01b0\u1ee3ng, \u0111\u01b0\u1ee3c b\u1ea3o h\u00e0nh \u0111\u00fang gi\u1ed1ng. V\u01b0\u1eddn nh\u00e2n gi\u1ed1ng c\u1ee7a Ph\u00fac An \u0111\u01b0\u1ee3c ch\u1ecdn l\u1ef1a k\u1ef9 l\u01b0\u1ee1ng, l\u00e0 v\u01b0\u1eddn \u0111\u00e3 cho tr\u00e1i chu\u1ea9n v\u00e0 \u1ed5n \u0111\u1ecbnh. C\u00e0nh gh\u00e9p \u0111\u01b0\u1ee3c tuy\u1ec3n ch\u1ecdn kh\u1ecfe m\u1ea1nh xanh t\u1ed1t.<\/p>\n<p>Ti\u00eau chu\u1ea9n C\u00e2y gi\u1ed1ng \u1ed4i N\u1eef Ho\u00e0ng \u0111\u01b0\u1ee3c cung c\u1ea5p b\u1edfi v\u01b0\u1eddn Ph\u00fac An:<\/p>\n<p>&#8211; C\u00e2y gh\u00e9p chui c\u00e0nh (th\u00e1p c\u00e0nh), cao t\u1eeb 35-50cm<\/p>\n<p>&#8211; C\u00e2y nu\u00f4i b\u1ea7u<\/p>\n<p>&#8211; R\u1ec5 ph\u00e1t tri\u1ec3n m\u1ea1nh, v\u1ebft gh\u00e9p ti\u1ebfp h\u1ee3p t\u1ed1t, l\u00e1 \u0111ang chuy\u1ec3n gi\u00e0 kh\u00f4ng s\u00e2u b\u1ec7nh<\/p>\n<figure id=\"attachment_2625\" aria-describedby=\"caption-attachment-2625\" style=\"width: 375px\" class=\"wp-caption aligncenter\"><img loading=\"lazy\" decoding=\"async\" class=\"wp-image-2625\" src=\"http:\/\/localhost\/phucan713\/wp-content\/uploads\/2024\/07\/z5419461342288_5e9fe897bcb7093c068c9ef83b44e8c4-225x300.jpg\" alt=\"V\u01b0\u1eddn c\u00e2y gi\u1ed1ng \u1ed5i n\u1eef ho\u00e0ng t\u1ea1i Ph\u00fac An\" width=\"375\" height=\"500\" srcset=\"https:\/\/ktech4.k-tech-services.com\/phucan713\/wp-content\/uploads\/2024\/07\/z5419461342288_5e9fe897bcb7093c068c9ef83b44e8c4-225x300.jpg 225w, https:\/\/ktech4.k-tech-services.com\/phucan713\/wp-content\/uploads\/2024\/07\/z5419461342288_5e9fe897bcb7093c068c9ef83b44e8c4-768x1024.jpg 768w, https:\/\/ktech4.k-tech-services.com\/phucan713\/wp-content\/uploads\/2024\/07\/z5419461342288_5e9fe897bcb7093c068c9ef83b44e8c4-1152x1536.jpg 1152w, https:\/\/ktech4.k-tech-services.com\/phucan713\/wp-content\/uploads\/2024\/07\/z5419461342288_5e9fe897bcb7093c068c9ef83b44e8c4-1536x2048.jpg 1536w, https:\/\/ktech4.k-tech-services.com\/phucan713\/wp-content\/uploads\/2024\/07\/z5419461342288_5e9fe897bcb7093c068c9ef83b44e8c4-510x680.jpg 510w, https:\/\/ktech4.k-tech-services.com\/phucan713\/wp-content\/uploads\/2024\/07\/z5419461342288_5e9fe897bcb7093c068c9ef83b44e8c4.jpg 1920w\" sizes=\"auto, (max-width: 375px) 100vw, 375px\" \/><figcaption id=\"caption-attachment-2625\" class=\"wp-caption-text\">V\u01b0\u1eddn c\u00e2y gi\u1ed1ng \u1ed5i n\u1eef ho\u00e0ng t\u1ea1i Ph\u00fac An<\/figcaption><\/figure>\n<figure id=\"attachment_2630\" aria-describedby=\"caption-attachment-2630\" style=\"width: 437px\" class=\"wp-caption aligncenter\"><img loading=\"lazy\" decoding=\"async\" class=\"wp-image-2630\" src=\"http:\/\/localhost\/phucan713\/wp-content\/uploads\/2024\/07\/z5421374336726_df68bb51fa2ba4f34f23d885663a6e43-262x300.jpg\" alt=\"C\u00e2y gi\u1ed1ng \u1ed5i n\u1eef ho\u00e0ng Ph\u00fac An giao cho kh\u00e1ch\" width=\"437\" height=\"500\" srcset=\"https:\/\/ktech4.k-tech-services.com\/phucan713\/wp-content\/uploads\/2024\/07\/z5421374336726_df68bb51fa2ba4f34f23d885663a6e43-262x300.jpg 262w, https:\/\/ktech4.k-tech-services.com\/phucan713\/wp-content\/uploads\/2024\/07\/z5421374336726_df68bb51fa2ba4f34f23d885663a6e43-894x1024.jpg 894w, https:\/\/ktech4.k-tech-services.com\/phucan713\/wp-content\/uploads\/2024\/07\/z5421374336726_df68bb51fa2ba4f34f23d885663a6e43-768x879.jpg 768w, https:\/\/ktech4.k-tech-services.com\/phucan713\/wp-content\/uploads\/2024\/07\/z5421374336726_df68bb51fa2ba4f34f23d885663a6e43-1342x1536.jpg 1342w, https:\/\/ktech4.k-tech-services.com\/phucan713\/wp-content\/uploads\/2024\/07\/z5421374336726_df68bb51fa2ba4f34f23d885663a6e43-1789x2048.jpg 1789w, https:\/\/ktech4.k-tech-services.com\/phucan713\/wp-content\/uploads\/2024\/07\/z5421374336726_df68bb51fa2ba4f34f23d885663a6e43-510x584.jpg 510w, https:\/\/ktech4.k-tech-services.com\/phucan713\/wp-content\/uploads\/2024\/07\/z5421374336726_df68bb51fa2ba4f34f23d885663a6e43.jpg 1920w\" sizes=\"auto, (max-width: 437px) 100vw, 437px\" \/><figcaption id=\"caption-attachment-2630\" class=\"wp-caption-text\">C\u00e2y gi\u1ed1ng \u1ed5i n\u1eef ho\u00e0ng Ph\u00fac An giao cho kh\u00e1ch<\/figcaption><\/figure>\n<p>C\u00e2y tr\u1ea3i qua quy tr\u00ecnh nh\u00e2n gi\u1ed1ng, d\u01b0\u1ee1ng c\u00e2y con, x\u1ea3 n\u1eafng ho\u00e0n ch\u1ec9nh. \u0110\u1ebfn tay c\u00f4 b\u00e1c s\u1ebd l\u00e0 t\u1eebng c\u00e2y \u0111\u00e3 c\u1ee9ng c\u00e1p \u0111\u00e3 ra c\u01a1i ch\u1ed3i m\u1edbi.<br \/>\nQu\u00fd c\u00f4 b\u00e1c c\u00f3 th\u1ec3 li\u00ean h\u1ec7 tr\u1ef1c ti\u1ebfp qua SDT\/ Zalo 0962.888.014 (<a href=\"http:\/\/localhost\/phucan713\/\" target=\"_blank\" rel=\"noopener\">C\u00e2y Gi\u1ed1ng Ph\u00fac An<\/a>) \u0111\u1ec3 ch\u00fang t\u00f4i t\u01b0 v\u1ea5n v\u00e0 b\u00e1o gi\u00e1 c\u1ee5 th\u1ec3. Xin c\u1ea3m \u01a1n qu\u00fd c\u00f4 b\u00e1c \u0111\u00e3 \u0111\u1eb7t ni\u1ec1m tin v\u1edbi nh\u00e0 v\u01b0\u1eddn.<\/p>\n<p>&gt;&gt; M\u1eddi b\u1ea1n \u0111\u1ecdc th\u00eam: <a href=\"https:\/\/trithucnhanong.com\/oi-nu-hoang\" target=\"_blank\" rel=\"noopener\"><span style=\"color: #000080;\"><em><strong data-start=\"582\" data-end=\"643\">\u201cGi\u1ed1ng \u1ed5i N\u1eef Ho\u00e0ng \u2013 L\u1ef1a ch\u1ecdn v\u00e0ng cho n\u00f4ng d\u00e2n l\u00e0m gi\u00e0u\u201d<\/strong>\u00a0<\/em><\/span><\/a><\/p>\n","protected":false},"excerpt":{"rendered":"<p>* Gi\u00e1 tham kh\u1ea3o cho s\u1ed1 l\u01b0\u1ee3ng t\u1eeb 30 c\u00e2y, c\u00f3 th\u1ec3 thay \u0111\u1ed5i theo th\u1eddi \u0111i\u1ec3m<br \/>\n* Ch\u01b0a bao g\u1ed3m ph\u00ed v\u1eadn chuy\u1ec3n (t\u00f9y theo s\u1ed1 l\u01b0\u1ee3ng c\u00e2y v\u00e0 \u0111\u1ecba \u0111i\u1ec3m giao h\u00e0ng)<\/p>\n","protected":false},"featured_media":2624,"comment_status":"open","ping_status":"closed","template":"","meta":[],"product_brand":[],"product_cat":[86],"product_tag":[],"class_list":{"0":"post-2617","1":"product","2":"type-product","3":"status-publish","4":"has-post-thumbnail","6":"product_cat-giong-oi","8":"first","9":"instock","10":"shipping-taxable","11":"purchasable","12":"product-type-simple"},"_links":{"self":[{"href":"https:\/\/ktech4.k-tech-services.com\/phucan713\/wp-json\/wp\/v2\/product\/2617","targetHints":{"allow":["GET"]}}],"collection":[{"href":"https:\/\/ktech4.k-tech-services.com\/phucan713\/wp-json\/wp\/v2\/product"}],"about":[{"href":"https:\/\/ktech4.k-tech-services.com\/phucan713\/wp-json\/wp\/v2\/types\/product"}],"replies":[{"embeddable":true,"href":"https:\/\/ktech4.k-tech-services.com\/phucan713\/wp-json\/wp\/v2\/comments?post=2617"}],"wp:featuredmedia":[{"embeddable":true,"href":"https:\/\/ktech4.k-tech-services.com\/phucan713\/wp-json\/wp\/v2\/media\/2624"}],"wp:attachment":[{"href":"https:\/\/ktech4.k-tech-services.com\/phucan713\/wp-json\/wp\/v2\/media?parent=2617"}],"wp:term":[{"taxonomy":"product_brand","embeddable":true,"href":"https:\/\/ktech4.k-tech-services.com\/phucan713\/wp-json\/wp\/v2\/product_brand?post=2617"},{"taxonomy":"product_cat","embeddable":true,"href":"https:\/\/ktech4.k-tech-services.com\/phucan713\/wp-json\/wp\/v2\/product_cat?post=2617"},{"taxonomy":"product_tag","embeddable":true,"href":"https:\/\/ktech4.k-tech-services.com\/phucan713\/wp-json\/wp\/v2\/product_tag?post=2617"}],"curies":[{"name":"wp","href":"https:\/\/api.w.org\/{rel}","templated":true}]}}