{"id":2682,"date":"2024-08-21T04:46:58","date_gmt":"2024-08-21T04:46:58","guid":{"rendered":"https:\/\/caygiongphucan.com\/?post_type=product&amp;p=2682"},"modified":"2024-08-21T04:46:58","modified_gmt":"2024-08-21T04:46:58","slug":"cay-dua-xiem-xanh-lon-chieu-cao-than-5m","status":"publish","type":"product","link":"https:\/\/ktech4.k-tech-services.com\/phucan713\/san-pham\/cay-dua-xiem-xanh-lon-chieu-cao-than-5m\/","title":{"rendered":"C\u00e2y d\u1eeba xi\u00eam xanh l\u1edbn chi\u1ec1u cao th\u00e2n 5m"},"content":{"rendered":"<p>B\u1ea1n \u0111ang t\u00ecm ki\u1ebfm m\u1ed9t lo\u1ea1i c\u00e2y c\u1ea3nh v\u1eeba mang l\u1ea1i b\u00f3ng m\u00e1t, v\u1eeba c\u00f3 gi\u00e1 tr\u1ecb kinh t\u1ebf cao? C\u00e2y d\u1eeba xi\u00eam xanh l\u1edbn ch\u00ednh l\u00e0 l\u1ef1a ch\u1ecdn ho\u00e0n h\u1ea3o. V\u1edbi tu\u1ed5i \u0111\u1eddi t\u1eeb 3 n\u0103m tr\u1edf l\u00ean, c\u00e2y d\u1eeba xi\u00eam xanh kh\u00f4ng ch\u1ec9 nhanh cho tr\u00e1i m\u00e0 c\u00f2n mang \u0111\u1ebfn nhi\u1ec1u l\u1ee3i \u00edch kh\u00e1c.<\/p>\n<h2><strong><b>L\u1ee3i \u00edch khi tr\u1ed3ng c\u00e2y d\u1eeba xi\u00eam xanh l\u1edbn<\/b><\/strong><\/h2>\n<ul>\n<li>Nhanh cho tr\u00e1i: C\u00e2y d\u1eeba xi\u00eam xanh l\u1edbn \u0111\u00e3 qua giai \u0111o\u1ea1n \u01b0\u01a1m m\u1ea7m v\u00e0 ph\u00e1t tri\u1ec3n, gi\u00fap b\u1ea1n nhanh ch\u00f3ng thu ho\u1ea1ch \u0111\u01b0\u1ee3c nh\u1eefng tr\u00e1i d\u1eeba t\u01b0\u01a1i ngon. C\u00e2y cao 5m Ph\u00fac An cung c\u1ea5p khi v\u1ec1 tr\u1ed3ng v\u00e0 d\u01b0\u1ee1ng kho\u1ea3ng v\u00e0i th\u00e1ng l\u00e0 b\u1ea1n \u0111\u00e3 c\u00f3 th\u1ec3 b\u1eaft \u0111\u1ea7u th\u1ea5y b\u00f4ng v\u00e0 tr\u00e1i d\u1eeba.<\/li>\n<li>N\u0103ng su\u1ea5t cao: Gi\u1ed1ng d\u1eeba xi\u00eam xanh n\u1ed5i ti\u1ebfng v\u1edbi n\u0103ng su\u1ea5t cao, tr\u00e1i \u0111\u1ec1u v\u00e0 \u0111\u1eb9p m\u1eaft.<\/li>\n<li>B\u00f3ng m\u00e1t: C\u00e2y d\u1eeba xanh l\u1edbn c\u00f3 t\u00e1n l\u00e1 r\u1ed9ng, cung c\u1ea5p b\u00f3ng m\u00e1t t\u1ef1 nhi\u00ean cho kh\u00f4ng gian s\u1ed1ng.<\/li>\n<li>C\u1ea3nh quan \u0111\u1eb9p: D\u1eeba xi\u00eam xanh l\u00e0 lo\u00e0i c\u00e2y c\u1ea3nh ph\u1ed5 bi\u1ebfn, g\u00f3p ph\u1ea7n l\u00e0m t\u0103ng t\u00ednh th\u1ea9m m\u1ef9 cho kh\u00f4ng gian.<\/li>\n<li>Gi\u00e1 tr\u1ecb kinh t\u1ebf: Tr\u00e1i d\u1eeba xi\u00eam xanh c\u00f3 th\u1ec3 d\u00f9ng \u0111\u1ec3 u\u1ed1ng n\u01b0\u1edbc, ch\u1ebf bi\u1ebfn c\u00e1c m\u00f3n \u0103n v\u00e0 \u0111\u1ed3 u\u1ed1ng, mang l\u1ea1i gi\u00e1 tr\u1ecb kinh t\u1ebf cao.<\/li>\n<\/ul>\n<h2><strong><b>Ti\u00eau ch\u00ed ch\u1ecdn c\u00e2y d\u1eeba xi\u00eam xanh l\u1edbn<\/b><\/strong><\/h2>\n<p>Khi ch\u1ecdn mua c\u00e2y d\u1eeba xi\u00eam xanh l\u1edbn, b\u1ea1n n\u00ean l\u01b0u \u00fd c\u00e1c ti\u00eau ch\u00ed sau:<\/p>\n<ul>\n<li>Tu\u1ed5i c\u00e2y: N\u00ean ch\u1ecdn c\u00e2y t\u1eeb 3 n\u0103m tu\u1ed5i tr\u1edf l\u00ean \u0111\u1ec3 \u0111\u1ea3m b\u1ea3o c\u00e2y ph\u00e1t tri\u1ec3n kh\u1ecfe m\u1ea1nh v\u00e0 s\u1edbm cho tr\u00e1i.<\/li>\n<li>Chi\u1ec1u cao v\u00e0 t\u00e1n l\u00e1: C\u00e2y c\u00f3 chi\u1ec1u cao v\u00e0 t\u00e1n l\u00e1 c\u00e2n \u0111\u1ed1i, kh\u00f4ng b\u1ecb s\u00e2u b\u1ec7nh.<\/li>\n<li>Th\u00e2n c\u00e2y: Th\u00e2n c\u00e2y th\u1eb3ng, kh\u00f4ng b\u1ecb cong v\u00eanh, v\u1ecf c\u00e2y tr\u01a1n l\u00e1ng.<\/li>\n<li>R\u1ec5 c\u00e2y: H\u1ec7 r\u1ec5 ph\u00e1t tri\u1ec3n t\u1ed1t, kh\u00f4ng b\u1ecb g\u00e3y ho\u1eb7c d\u1eadp.<\/li>\n<li>Ngu\u1ed3n g\u1ed1c: N\u00ean ch\u1ecdn mua c\u00e2y gi\u1ed1ng t\u1eeb c\u00e1c nh\u00e0 v\u01b0\u1eddn uy t\u00edn \u0111\u1ec3 \u0111\u1ea3m b\u1ea3o ch\u1ea5t l\u01b0\u1ee3ng.<\/li>\n<\/ul>\n<h2><strong><b>N\u01a1i cung c\u1ea5p c\u00e2y d\u1eeba xi\u00eam xanh l\u1edbn uy t\u00edn<\/b><\/strong><\/h2>\n<p>B\u1ea1n t\u00ecm \u1edf c\u00e1c v\u01b0\u1eddn \u01b0\u01a1m, nh\u00e0 v\u01b0\u1eddn chuy\u00ean cung c\u1ea5p c\u00e2y gi\u1ed1ng: \u0110\u00e2y l\u00e0 n\u01a1i cung c\u1ea5p c\u00e2y gi\u1ed1ng \u0111a d\u1ea1ng, ch\u1ea5t l\u01b0\u1ee3ng v\u00e0 c\u00f3 th\u1ec3 t\u01b0 v\u1ea5n k\u1ef9 thu\u1eadt tr\u1ed3ng tr\u1ecdt.<\/p>\n<p>C\u00e2y gi\u1ed1ng Ph\u00fac An t\u1ef1 tin l\u00e0 n\u01a1i cung c\u1ea5p c\u00e2y d\u1eeba xi\u00eam xanh l\u1edbn, c\u00e2y kh\u1ecfe \u0111\u1eb9p bao s\u1ed1ng 100% v\u1edbi gi\u00e1 c\u1ea3 m\u1ec1m m\u1ea1i h\u1ee3p l\u00fd, \u0111\u1ea3m b\u1ea3o nh\u1eb9 gi\u00e1 h\u01a1n th\u1ecb tr\u01b0\u1eddng v\u00ec ch\u00fang t\u00f4i chuy\u00ean cung c\u1ea5p gi\u00e1 s\u1ec9.<\/p>\n<h2><strong>Quy c\u00e1ch c\u00e2y d\u1eeba xi\u00eam xanh l\u1edbn t\u1ea1i Ph\u00fac An<\/strong><\/h2>\n<figure id=\"attachment_4026\" aria-describedby=\"caption-attachment-4026\" style=\"width: 768px\" class=\"wp-caption aligncenter\"><img loading=\"lazy\" decoding=\"async\" class=\"size-large wp-image-4026\" src=\"http:\/\/localhost\/phucan713\/wp-content\/uploads\/2024\/08\/z7201760450457_617865f5842a44a00333e079da8fec1e-768x1024.jpg\" alt=\"C\u00e2y d\u1eeba xi\u00eam xanh l\u1edbn, th\u00e2n cao 5m kh\u00f4ng t\u00ednh l\u00e1 - C\u00e2y Gi\u1ed1ng Ph\u00fac An\" width=\"768\" height=\"1024\" srcset=\"https:\/\/ktech4.k-tech-services.com\/phucan713\/wp-content\/uploads\/2024\/08\/z7201760450457_617865f5842a44a00333e079da8fec1e-768x1024.jpg 768w, https:\/\/ktech4.k-tech-services.com\/phucan713\/wp-content\/uploads\/2024\/08\/z7201760450457_617865f5842a44a00333e079da8fec1e-225x300.jpg 225w, https:\/\/ktech4.k-tech-services.com\/phucan713\/wp-content\/uploads\/2024\/08\/z7201760450457_617865f5842a44a00333e079da8fec1e-510x680.jpg 510w, https:\/\/ktech4.k-tech-services.com\/phucan713\/wp-content\/uploads\/2024\/08\/z7201760450457_617865f5842a44a00333e079da8fec1e.jpg 960w\" sizes=\"auto, (max-width: 768px) 100vw, 768px\" \/><figcaption id=\"caption-attachment-4026\" class=\"wp-caption-text\">C\u00e2y d\u1eeba xi\u00eam xanh l\u1edbn, th\u00e2n cao 5m kh\u00f4ng t\u00ednh l\u00e1 &#8211; C\u00e2y Gi\u1ed1ng Ph\u00fac An<\/figcaption><\/figure>\n<figure id=\"attachment_4025\" aria-describedby=\"caption-attachment-4025\" style=\"width: 768px\" class=\"wp-caption aligncenter\"><img loading=\"lazy\" decoding=\"async\" class=\"size-large wp-image-4025\" src=\"http:\/\/localhost\/phucan713\/wp-content\/uploads\/2024\/08\/z7201760442983_4d23074f284cdfa0e532c4d73dd5e5f7-768x1024.jpg\" alt=\"C\u00e2y d\u1eeba xi\u00eam xanh l\u1edbn, th\u00e2n cao 5m kh\u00f4ng t\u00ednh l\u00e1 - C\u00e2y Gi\u1ed1ng Ph\u00fac An\" width=\"768\" height=\"1024\" srcset=\"https:\/\/ktech4.k-tech-services.com\/phucan713\/wp-content\/uploads\/2024\/08\/z7201760442983_4d23074f284cdfa0e532c4d73dd5e5f7-768x1024.jpg 768w, https:\/\/ktech4.k-tech-services.com\/phucan713\/wp-content\/uploads\/2024\/08\/z7201760442983_4d23074f284cdfa0e532c4d73dd5e5f7-225x300.jpg 225w, https:\/\/ktech4.k-tech-services.com\/phucan713\/wp-content\/uploads\/2024\/08\/z7201760442983_4d23074f284cdfa0e532c4d73dd5e5f7-510x680.jpg 510w, https:\/\/ktech4.k-tech-services.com\/phucan713\/wp-content\/uploads\/2024\/08\/z7201760442983_4d23074f284cdfa0e532c4d73dd5e5f7.jpg 960w\" sizes=\"auto, (max-width: 768px) 100vw, 768px\" \/><figcaption id=\"caption-attachment-4025\" class=\"wp-caption-text\">C\u00e2y d\u1eeba xi\u00eam xanh l\u1edbn, th\u00e2n cao 5m kh\u00f4ng t\u00ednh l\u00e1 &#8211; C\u00e2y Gi\u1ed1ng Ph\u00fac An<\/figcaption><\/figure>\n<p>C\u00e2y d\u1eeba xi\u00eam xanh th\u00e2n cao 5m (l\u00f3ng 5m), kh\u00f4ng t\u00ednh chi\u1ec1u cao vu\u1ed1t l\u00e1: Gi\u00e1 dao \u0111\u1ed9ng 1.900.000 &#8211; 2.500.000, gi\u00e1 ch\u1ed1t s\u1ebd t\u00f9y theo s\u1ed1 l\u01b0\u1ee3ng kh\u00e1ch h\u00e0ng mua, s\u1ed1 l\u01b0\u1ee3ng nhi\u1ec1u c\u00f3 gi\u00e1 gi\u1ea3m. Chi ph\u00ed v\u1eadn chuy\u1ec3n t\u00ednh ri\u00eang kho\u1ea3ng 600.000-700.000\/ c\u00e2y t\u00f9y theo xa g\u1ea7n.<\/p>\n<h2><strong><b>C\u00e1ch ch\u0103m s\u00f3c c\u00e2y d\u1eeba xi\u00eam xanh l\u1edbn<\/b><\/strong><\/h2>\n<p>\u0110\u1ec3 c\u00e2y d\u1eeba xi\u00eam xanh l\u1edbn ph\u00e1t tri\u1ec3n t\u1ed1t v\u00e0 cho tr\u00e1i \u0111\u1ec1u, b\u1ea1n c\u1ea7n ch\u00fa \u00fd \u0111\u1ebfn c\u00e1c y\u1ebfu t\u1ed1 sau:<\/p>\n<ul>\n<li>\u0110\u1ea5t tr\u1ed3ng: D\u1eeba xi\u00eam xanh th\u00edch h\u1ee3p v\u1edbi \u0111\u1ea5t c\u00e1t pha, gi\u00e0u dinh d\u01b0\u1ee1ng v\u00e0 tho\u00e1t n\u01b0\u1edbc t\u1ed1t.<\/li>\n<li>\u00c1nh s\u00e1ng: C\u00e2y c\u1ea7n nhi\u1ec1u \u00e1nh s\u00e1ng m\u1eb7t tr\u1eddi \u0111\u1ec3 quang h\u1ee3p.<\/li>\n<li>N\u01b0\u1edbc t\u01b0\u1edbi: T\u01b0\u1edbi n\u01b0\u1edbc \u0111\u1ec1u \u0111\u1eb7n, \u0111\u1eb7c bi\u1ec7t trong m\u00f9a kh\u00f4.<\/li>\n<li>Ph\u00e2n b\u00f3n: B\u00f3n ph\u00e2n \u0111\u1ecbnh k\u1ef3 \u0111\u1ec3 cung c\u1ea5p ch\u1ea5t dinh d\u01b0\u1ee1ng cho c\u00e2y.<\/li>\n<li>Ph\u00f2ng tr\u1eeb s\u00e2u b\u1ec7nh: Th\u01b0\u1eddng xuy\u00ean ki\u1ec3m tra v\u00e0 ph\u00f2ng tr\u1eeb s\u00e2u b\u1ec7nh h\u1ea1i c\u00e2y.<\/li>\n<\/ul>\n<p>C\u00e2y d\u1eeba xi\u00eam xanh l\u1edbn kh\u00f4ng ch\u1ec9 l\u00e0 m\u1ed9t lo\u1ea1i c\u00e2y c\u1ea3nh \u0111\u1eb9p m\u00e0 c\u00f2n l\u00e0 m\u1ed9t ngu\u1ed3n thu nh\u1eadp \u1ed5n \u0111\u1ecbnh. V\u1edbi nh\u1eefng th\u00f4ng tin tr\u00ean, hy v\u1ecdng b\u1ea1n \u0111\u00e3 c\u00f3 nh\u1eefng ki\u1ebfn th\u1ee9c c\u01a1 b\u1ea3n \u0111\u1ec3 tr\u1ed3ng v\u00e0 ch\u0103m s\u00f3c c\u00e2y d\u1eeba xi\u00eam xanh hi\u1ec7u qu\u1ea3.<\/p>\n<p>C\u00e2y tr\u1ea3i qua quy tr\u00ecnh nh\u00e2n gi\u1ed1ng, d\u01b0\u1ee1ng c\u00e2y con, x\u1ea3 n\u1eafng ho\u00e0n ch\u1ec9nh. \u0110\u1ebfn tay c\u00f4 b\u00e1c s\u1ebd l\u00e0 t\u1eebng c\u00e2y \u0111\u00e3 c\u1ee9ng c\u00e1p \u0111\u00e3 ra c\u01a1i ch\u1ed3i m\u1edbi.<br \/>\nQu\u00fd c\u00f4 b\u00e1c c\u00f3 th\u1ec3 li\u00ean h\u1ec7 tr\u1ef1c ti\u1ebfp qua SDT\/ Zalo 0962.888.014 (<a href=\"http:\/\/localhost\/phucan713\/\" target=\"_blank\" rel=\"noopener\">C\u00e2y Gi\u1ed1ng Ph\u00fac An<\/a>) \u0111\u1ec3 ch\u00fang t\u00f4i t\u01b0 v\u1ea5n v\u00e0 b\u00e1o gi\u00e1 c\u1ee5 th\u1ec3. Xin c\u1ea3m \u01a1n qu\u00fd c\u00f4 b\u00e1c \u0111\u00e3 \u0111\u1eb7t ni\u1ec1m tin v\u1edbi nh\u00e0 v\u01b0\u1eddn.<\/p>\n<p>&gt;&gt; M\u1eddi b\u1ea1n \u0111\u1ecdc th\u00eam: <a href=\"https:\/\/nhandan.vn\/tang-thu-nhap-cho-nguoi-trong-dua-post842878.html\" target=\"_blank\" rel=\"noopener\"><span style=\"color: #000080;\"><em><strong>T\u0103ng thu nh\u1eadp cho ng\u01b0\u1eddi tr\u1ed3ng d\u1eeba<\/strong><\/em><\/span><\/a><\/p>\n","protected":false},"excerpt":{"rendered":"<p>* Gi\u00e1 tham kh\u1ea3o cho s\u1ed1 l\u01b0\u1ee3ng t\u1eeb 30 c\u00e2y, c\u00f3 th\u1ec3 thay \u0111\u1ed5i theo th\u1eddi \u0111i\u1ec3m<br \/>\n* Ch\u01b0a bao g\u1ed3m ph\u00ed v\u1eadn chuy\u1ec3n (t\u00f9y theo s\u1ed1 l\u01b0\u1ee3ng c\u00e2y v\u00e0 \u0111\u1ecba \u0111i\u1ec3m giao h\u00e0ng)<\/p>\n","protected":false},"featured_media":4026,"comment_status":"open","ping_status":"closed","template":"","meta":[],"product_brand":[],"product_cat":[36,60],"product_tag":[],"class_list":{"0":"post-2682","1":"product","2":"type-product","3":"status-publish","4":"has-post-thumbnail","6":"product_cat-cay-an-trai-lon","7":"product_cat-giong-dua","9":"first","10":"instock","11":"shipping-taxable","12":"purchasable","13":"product-type-simple"},"_links":{"self":[{"href":"https:\/\/ktech4.k-tech-services.com\/phucan713\/wp-json\/wp\/v2\/product\/2682","targetHints":{"allow":["GET"]}}],"collection":[{"href":"https:\/\/ktech4.k-tech-services.com\/phucan713\/wp-json\/wp\/v2\/product"}],"about":[{"href":"https:\/\/ktech4.k-tech-services.com\/phucan713\/wp-json\/wp\/v2\/types\/product"}],"replies":[{"embeddable":true,"href":"https:\/\/ktech4.k-tech-services.com\/phucan713\/wp-json\/wp\/v2\/comments?post=2682"}],"wp:featuredmedia":[{"embeddable":true,"href":"https:\/\/ktech4.k-tech-services.com\/phucan713\/wp-json\/wp\/v2\/media\/4026"}],"wp:attachment":[{"href":"https:\/\/ktech4.k-tech-services.com\/phucan713\/wp-json\/wp\/v2\/media?parent=2682"}],"wp:term":[{"taxonomy":"product_brand","embeddable":true,"href":"https:\/\/ktech4.k-tech-services.com\/phucan713\/wp-json\/wp\/v2\/product_brand?post=2682"},{"taxonomy":"product_cat","embeddable":true,"href":"https:\/\/ktech4.k-tech-services.com\/phucan713\/wp-json\/wp\/v2\/product_cat?post=2682"},{"taxonomy":"product_tag","embeddable":true,"href":"https:\/\/ktech4.k-tech-services.com\/phucan713\/wp-json\/wp\/v2\/product_tag?post=2682"}],"curies":[{"name":"wp","href":"https:\/\/api.w.org\/{rel}","templated":true}]}}