{"id":3007,"date":"2024-09-27T10:32:37","date_gmt":"2024-09-27T10:32:37","guid":{"rendered":"https:\/\/caygiongphucan.com\/?post_type=product&amp;p=3007"},"modified":"2024-09-27T10:32:37","modified_gmt":"2024-09-27T10:32:37","slug":"cay-giong-vu-sua-tim-tu-quy","status":"publish","type":"product","link":"https:\/\/ktech4.k-tech-services.com\/phucan713\/san-pham\/cay-giong-vu-sua-tim-tu-quy\/","title":{"rendered":"C\u00e2y gi\u1ed1ng v\u00fa s\u1eefa t\u00edm t\u1ee9 qu\u00fd"},"content":{"rendered":"<p><em>V\u00fa s\u1eefa t\u00edm t\u1ee9 qu\u00fd kh\u00f4ng ch\u1ec9 l\u00e0 m\u1ed9t lo\u1ea1i tr\u00e1i c\u00e2y th\u01a1m ngon m\u00e0 c\u00f2n l\u00e0 m\u1ed9t k\u1ef3 t\u00edch c\u1ee7a t\u1ef1 nhi\u00ean khi c\u00f3 kh\u1ea3 n\u0103ng th\u00edch nghi v\u00e0 ph\u00e1t tri\u1ec3n m\u1ea1nh m\u1ebd tr\u00ean \u0111\u1ea5t m\u1eb7n. Gi\u1ed1ng v\u00fa s\u1eefa \u0111\u1eb7c bi\u1ec7t n\u00e0y s\u1edf h\u1eefu nh\u1eefng \u01b0u \u0111i\u1ec3m v\u01b0\u1ee3t tr\u1ed9i, khi\u1ebfn n\u00f3 tr\u1edf th\u00e0nh l\u1ef1a ch\u1ecdn h\u00e0ng \u0111\u1ea7u c\u1ee7a n\u00f4ng d\u00e2n.<\/em><\/p>\n<h2><strong><b>V\u00fa s\u1eefa t\u00edm t\u1ee9 qu\u00fd c\u00f3 ngu\u1ed3n g\u1ed1c t\u1eeb \u0111\u00e2u?<\/b><\/strong><\/h2>\n<p>Gi\u1ed1ng v\u00fa s\u1eefa t\u00edm t\u1ee9 qu\u00fd \u0111\u01b0\u1ee3c ph\u00e1t hi\u1ec7n v\u00e0 nh\u00e2n gi\u1ed1ng t\u1ea1i x\u00e3 Nh\u01a1n M\u1ef9, huy\u1ec7n K\u1ebf S\u00e1ch, t\u1ec9nh S\u00f3c Tr\u0103ng. Hi\u1ec7n nay, gi\u1ed1ng v\u00fa s\u1eefa n\u00e0y \u0111\u00e3 \u0111\u01b0\u1ee3c nh\u00e2n r\u1ed9ng v\u00e0 tr\u1ed3ng \u1edf nhi\u1ec1u t\u1ec9nh th\u00e0nh kh\u00e1c.<\/p>\n<figure id=\"attachment_3008\" aria-describedby=\"caption-attachment-3008\" style=\"width: 500px\" class=\"wp-caption aligncenter\"><img loading=\"lazy\" decoding=\"async\" class=\"wp-image-3008\" src=\"http:\/\/localhost\/phucan713\/wp-content\/uploads\/2024\/09\/trai-vu-sua-tim-tu-quy-3-300x260.jpg\" alt=\"C\u1eadn c\u1ea3nh tr\u00e1i v\u00fa s\u1eefa t\u00edm t\u1ee9 qu\u00fd S\u00f3c Tr\u0103ng\" width=\"500\" height=\"434\" srcset=\"https:\/\/ktech4.k-tech-services.com\/phucan713\/wp-content\/uploads\/2024\/09\/trai-vu-sua-tim-tu-quy-3-300x260.jpg 300w, https:\/\/ktech4.k-tech-services.com\/phucan713\/wp-content\/uploads\/2024\/09\/trai-vu-sua-tim-tu-quy-3-1024x888.jpg 1024w, https:\/\/ktech4.k-tech-services.com\/phucan713\/wp-content\/uploads\/2024\/09\/trai-vu-sua-tim-tu-quy-3-768x666.jpg 768w, https:\/\/ktech4.k-tech-services.com\/phucan713\/wp-content\/uploads\/2024\/09\/trai-vu-sua-tim-tu-quy-3-1536x1333.jpg 1536w, https:\/\/ktech4.k-tech-services.com\/phucan713\/wp-content\/uploads\/2024\/09\/trai-vu-sua-tim-tu-quy-3-2048x1777.jpg 2048w, https:\/\/ktech4.k-tech-services.com\/phucan713\/wp-content\/uploads\/2024\/09\/trai-vu-sua-tim-tu-quy-3-510x442.jpg 510w\" sizes=\"auto, (max-width: 500px) 100vw, 500px\" \/><figcaption id=\"caption-attachment-3008\" class=\"wp-caption-text\">C\u1eadn c\u1ea3nh tr\u00e1i v\u00fa s\u1eefa t\u00edm t\u1ee9 qu\u00fd S\u00f3c Tr\u0103ng<\/figcaption><\/figure>\n<figure id=\"attachment_3009\" aria-describedby=\"caption-attachment-3009\" style=\"width: 500px\" class=\"wp-caption aligncenter\"><img loading=\"lazy\" decoding=\"async\" class=\"wp-image-3009\" src=\"http:\/\/localhost\/phucan713\/wp-content\/uploads\/2024\/09\/trai-vu-sua-tim-tu-quy-2-300x225.jpg\" alt=\"V\u00fa s\u1eefa t\u00edm t\u1ee9 qu\u00fd c\u00f3 gi\u00e1 tr\u1ecb cao tr\u00ean th\u1ecb tr\u01b0\u1eddng\" width=\"500\" height=\"375\" srcset=\"https:\/\/ktech4.k-tech-services.com\/phucan713\/wp-content\/uploads\/2024\/09\/trai-vu-sua-tim-tu-quy-2-300x225.jpg 300w, https:\/\/ktech4.k-tech-services.com\/phucan713\/wp-content\/uploads\/2024\/09\/trai-vu-sua-tim-tu-quy-2-1024x768.jpg 1024w, https:\/\/ktech4.k-tech-services.com\/phucan713\/wp-content\/uploads\/2024\/09\/trai-vu-sua-tim-tu-quy-2-768x576.jpg 768w, https:\/\/ktech4.k-tech-services.com\/phucan713\/wp-content\/uploads\/2024\/09\/trai-vu-sua-tim-tu-quy-2-1536x1152.jpg 1536w, https:\/\/ktech4.k-tech-services.com\/phucan713\/wp-content\/uploads\/2024\/09\/trai-vu-sua-tim-tu-quy-2-2048x1536.jpg 2048w, https:\/\/ktech4.k-tech-services.com\/phucan713\/wp-content\/uploads\/2024\/09\/trai-vu-sua-tim-tu-quy-2-510x383.jpg 510w\" sizes=\"auto, (max-width: 500px) 100vw, 500px\" \/><figcaption id=\"caption-attachment-3009\" class=\"wp-caption-text\">V\u00fa s\u1eefa t\u00edm t\u1ee9 qu\u00fd c\u00f3 gi\u00e1 tr\u1ecb cao tr\u00ean th\u1ecb tr\u01b0\u1eddng<\/figcaption><\/figure>\n<h2><strong><b>C\u00e2y v\u00fa s\u1eefa t\u00edm t\u1ee9 qu\u00fd tr\u1ed3ng m\u1ea5y n\u0103m thu ho\u1ea1ch?<\/b><\/strong><\/h2>\n<p>Kho\u1ea3ng 18 th\u00e1ng tr\u1ed3ng ch\u00fang s\u1ebd cho tr\u00e1i chi\u1ebfn, nh\u1eefng tr\u00e1i \u0111\u1ea7u ti\u00ean th\u01b0\u1eddng c\u00f3 k\u00edch th\u01b0\u1edbc nh\u1ecf h\u01a1n so v\u1edbi nh\u1eefng tr\u00e1i sau. C\u00e2y cho thu ho\u1ea1ch nhi\u1ec1u v\u00e0o n\u0103m th\u1ee9 3 tr\u1edf \u0111i, n\u0103ng su\u1ea5t s\u1ebd \u1ed5n \u0111\u1ecbnh v\u00e0 t\u0103ng d\u1ea7n qua c\u00e1c n\u0103m.<\/p>\n<h2><strong><b>N\u0103ng su\u1ea5t c\u1ee7a gi\u1ed1ng v\u00fa s\u1eefa t\u00edm t\u1ee9 qu\u00fd<\/b><\/strong><\/h2>\n<figure id=\"attachment_3011\" aria-describedby=\"caption-attachment-3011\" style=\"width: 500px\" class=\"wp-caption aligncenter\"><img loading=\"lazy\" decoding=\"async\" class=\"wp-image-3011\" src=\"http:\/\/localhost\/phucan713\/wp-content\/uploads\/2024\/09\/39ba5c0becff85f179168ba2dac84971-300x198.jpg\" alt=\"V\u00fa s\u1eefa t\u00edm t\u1ee9 qu\u00fd cho n\u0103ng su\u1ea5t r\u1ea5t cao\" width=\"500\" height=\"329\" srcset=\"https:\/\/ktech4.k-tech-services.com\/phucan713\/wp-content\/uploads\/2024\/09\/39ba5c0becff85f179168ba2dac84971-300x198.jpg 300w, https:\/\/ktech4.k-tech-services.com\/phucan713\/wp-content\/uploads\/2024\/09\/39ba5c0becff85f179168ba2dac84971-510x336.jpg 510w, https:\/\/ktech4.k-tech-services.com\/phucan713\/wp-content\/uploads\/2024\/09\/39ba5c0becff85f179168ba2dac84971.jpg 750w\" sizes=\"auto, (max-width: 500px) 100vw, 500px\" \/><figcaption id=\"caption-attachment-3011\" class=\"wp-caption-text\">V\u00fa s\u1eefa t\u00edm t\u1ee9 qu\u00fd cho n\u0103ng su\u1ea5t r\u1ea5t t\u1ed1t<\/figcaption><\/figure>\n<p>V\u1edbi s\u1ea3n l\u01b0\u1ee3ng trung b\u00ecnh 35 t\u1ea5n\/ha v\u00e0 gi\u00e1 b\u00e1n cao g\u1ea5p \u0111\u00f4i so v\u1edbi c\u00e1c gi\u1ed1ng v\u00fa s\u1eefa th\u00f4ng th\u01b0\u1eddng (t\u1eeb 30.000 \u0111\u1ed3ng\/kg \u0111\u1ebfn h\u01a1n 60.000 \u0111\u1ed3ng\/kg), v\u00fa s\u1eefa t\u00edm t\u1ee9 qu\u00fd th\u1ef1c s\u1ef1 l\u00e0 m\u1ed9t l\u1ef1a ch\u1ecdn t\u1ed1t cho n\u00f4ng d\u00e2n.<\/p>\n<p>V\u1edbi nh\u1eefng \u01b0u \u0111i\u1ec3m v\u01b0\u1ee3t tr\u1ed9i, v\u00fa s\u1eefa t\u00edm t\u1ee9 qu\u00fd kh\u00f4ng ch\u1ec9 l\u00e0 m\u1ed9t lo\u1ea1i tr\u00e1i c\u00e2y \u0111\u1eb7c s\u1ea3n c\u1ee7a S\u00f3c Tr\u0103ng m\u00e0 c\u00f2n c\u00f3 ti\u1ec1m n\u0103ng tr\u1edf th\u00e0nh m\u1ed9t c\u00e2y tr\u1ed3ng chi\u1ebfn l\u01b0\u1ee3c, g\u00f3p ph\u1ea7n ph\u00e1t tri\u1ec3n kinh t\u1ebf &#8211; x\u00e3 h\u1ed9i c\u1ee7a c\u00e1c t\u1ec9nh ven bi\u1ec3n.<\/p>\n<h2><strong><b>\u01afu \u0111i\u1ec3m v\u01b0\u1ee3t tr\u1ed9i c\u1ee7a gi\u1ed1ng v\u00fa s\u1eefa t\u00edm t\u1ee9 qu\u00fd<\/b><\/strong><\/h2>\n<p>Si\u00eau ph\u1ea9m ch\u1ecbu m\u1eb7n: Kh\u1ea3 n\u0103ng ch\u1ecbu m\u1eb7n v\u01b0\u1ee3t tr\u1ed9i gi\u00fap v\u00fa s\u1eefa t\u00edm t\u1ee9 qu\u00fd sinh tr\u01b0\u1edfng t\u1ed1t v\u00e0 cho tr\u00e1i \u0111\u1ec1u \u0111\u1eb7n \u1edf nh\u1eefng v\u00f9ng \u0111\u1ea5t m\u00e0 nhi\u1ec1u lo\u1ea1i c\u00e2y kh\u00e1c kh\u00f3 c\u00f3 th\u1ec3 t\u1ed3n t\u1ea1i. \u0110\u00e2y l\u00e0 m\u1ed9t l\u1ee3i th\u1ebf v\u00f4 c\u00f9ng l\u1edbn, \u0111\u1eb7c bi\u1ec7t \u0111\u1ed1i v\u1edbi c\u00e1c t\u1ec9nh ven bi\u1ec3n th\u01b0\u1eddng xuy\u00ean b\u1ecb \u1ea3nh h\u01b0\u1edfng b\u1edfi x\u00e2m nh\u1eadp m\u1eb7n.<\/p>\n<p>Tr\u00e1i quanh n\u0103m, ch\u1ea5t l\u01b0\u1ee3ng \u1ed5n \u0111\u1ecbnh: Kh\u00f4ng gi\u1ed1ng nh\u01b0 nhi\u1ec1u lo\u1ea1i tr\u00e1i c\u00e2y kh\u00e1c ch\u1ec9 c\u00f3 m\u00f9a v\u1ee5 nh\u1ea5t \u0111\u1ecbnh, v\u00fa s\u1eefa t\u00edm t\u1ee9 qu\u00fd mang \u0111\u1ebfn ngu\u1ed3n cung c\u1ea5p tr\u00e1i c\u00e2y t\u01b0\u01a1i ngon quanh n\u0103m. M\u1ed7i tr\u00e1i v\u00fa s\u1eefa \u0111\u1ec1u s\u1edf h\u1eefu v\u1ecb ng\u1ecdt thanh, th\u01a1m m\u00e1t, th\u1ecbt d\u00e0y, nhi\u1ec1u n\u01b0\u1edbc, \u0111\u1ea3m b\u1ea3o ch\u1ea5t l\u01b0\u1ee3ng v\u01b0\u1ee3t tr\u1ed9i.<\/p>\n<figure id=\"attachment_3013\" aria-describedby=\"caption-attachment-3013\" style=\"width: 400px\" class=\"wp-caption aligncenter\"><img loading=\"lazy\" decoding=\"async\" class=\"wp-image-3013\" src=\"http:\/\/localhost\/phucan713\/wp-content\/uploads\/2024\/09\/vu-sua-dot-bien-3-jpg-16995905-6283-1388-1699590839-300x214.jpg\" alt=\"M\u1eabu m\u00e3 \u0111\u1eb9p, v\u1ecb ngon\" width=\"400\" height=\"285\" srcset=\"https:\/\/ktech4.k-tech-services.com\/phucan713\/wp-content\/uploads\/2024\/09\/vu-sua-dot-bien-3-jpg-16995905-6283-1388-1699590839-300x214.jpg 300w, https:\/\/ktech4.k-tech-services.com\/phucan713\/wp-content\/uploads\/2024\/09\/vu-sua-dot-bien-3-jpg-16995905-6283-1388-1699590839-768x547.jpg 768w, https:\/\/ktech4.k-tech-services.com\/phucan713\/wp-content\/uploads\/2024\/09\/vu-sua-dot-bien-3-jpg-16995905-6283-1388-1699590839-510x364.jpg 510w, https:\/\/ktech4.k-tech-services.com\/phucan713\/wp-content\/uploads\/2024\/09\/vu-sua-dot-bien-3-jpg-16995905-6283-1388-1699590839.jpg 1020w\" sizes=\"auto, (max-width: 400px) 100vw, 400px\" \/><figcaption id=\"caption-attachment-3013\" class=\"wp-caption-text\">M\u1eabu m\u00e3 \u0111\u1eb9p, v\u1ecb ngon<\/figcaption><\/figure>\n<p>Tr\u00e1i to, \u0111\u1ec1u: Tr\u00e1i v\u00fa s\u1eefa t\u00edm t\u1ee9 qu\u00fd th\u01b0\u1eddng c\u00f3 k\u00edch th\u01b0\u1edbc \u0111\u1ed3ng \u0111\u1ec1u, tr\u1ecdng l\u01b0\u1ee3ng trung b\u00ecnh t\u1eeb 250-500g\/tr\u00e1i.<\/p>\n<figure id=\"attachment_3012\" aria-describedby=\"caption-attachment-3012\" style=\"width: 332px\" class=\"wp-caption aligncenter\"><img loading=\"lazy\" decoding=\"async\" class=\"wp-image-3012\" src=\"http:\/\/localhost\/phucan713\/wp-content\/uploads\/2024\/09\/trai-vu-sua-tim-tu-quy-4-249x300.jpg\" alt=\"Tr\u00e1i v\u00fa s\u1eefa t\u1ee9 qu\u00fd\" width=\"332\" height=\"400\" srcset=\"https:\/\/ktech4.k-tech-services.com\/phucan713\/wp-content\/uploads\/2024\/09\/trai-vu-sua-tim-tu-quy-4-249x300.jpg 249w, https:\/\/ktech4.k-tech-services.com\/phucan713\/wp-content\/uploads\/2024\/09\/trai-vu-sua-tim-tu-quy-4-510x615.jpg 510w, https:\/\/ktech4.k-tech-services.com\/phucan713\/wp-content\/uploads\/2024\/09\/trai-vu-sua-tim-tu-quy-4.jpg 722w\" sizes=\"auto, (max-width: 332px) 100vw, 332px\" \/><figcaption id=\"caption-attachment-3012\" class=\"wp-caption-text\">Tr\u00e1i v\u00fa s\u1eefa t\u1ee9 qu\u00fd<\/figcaption><\/figure>\n<p>\u00cdt s\u00e2u b\u1ec7nh: Gi\u1ed1ng v\u00fa s\u1eefa n\u00e0y c\u00f3 kh\u1ea3 n\u0103ng kh\u00e1ng b\u1ec7nh kh\u00e1 t\u1ed1t, gi\u00fap gi\u1ea3m chi ph\u00ed thu\u1ed1c b\u1ea3o v\u1ec7 th\u1ef1c v\u1eadt.<\/p>\n<p>N\u0103ng su\u1ea5t cao, kinh t\u1ebf hi\u1ec7u qu\u1ea3: V\u1edbi kh\u1ea3 n\u0103ng th\u00edch nghi t\u1ed1t v\u00e0 cho tr\u00e1i \u0111\u1ec1u \u0111\u1eb7n, v\u00fa s\u1eefa t\u00edm t\u1ee9 qu\u00fd mang l\u1ea1i hi\u1ec7u qu\u1ea3 kinh t\u1ebf cao cho ng\u01b0\u1eddi tr\u1ed3ng. \u0110\u00e2y l\u00e0 m\u1ed9t trong nh\u1eefng gi\u1ed1ng c\u00e2y tr\u1ed3ng ch\u1ee7 l\u1ef1c gi\u00fap n\u00f4ng d\u00e2n n\u00e2ng cao thu nh\u1eadp.<\/p>\n<figure id=\"attachment_3014\" aria-describedby=\"caption-attachment-3014\" style=\"width: 400px\" class=\"wp-caption aligncenter\"><img loading=\"lazy\" decoding=\"async\" class=\"wp-image-3014\" src=\"http:\/\/localhost\/phucan713\/wp-content\/uploads\/2024\/09\/IMG_1638107103222_1638107068124-300x224.jpg\" alt=\"Ch\u1ec9 c\u1ea7n l\u1ed9t v\u1ecf l\u00e0 \u0103n \u0111\u01b0\u1ee3c\" width=\"400\" height=\"298\" srcset=\"https:\/\/ktech4.k-tech-services.com\/phucan713\/wp-content\/uploads\/2024\/09\/IMG_1638107103222_1638107068124-300x224.jpg 300w, https:\/\/ktech4.k-tech-services.com\/phucan713\/wp-content\/uploads\/2024\/09\/IMG_1638107103222_1638107068124-510x380.jpg 510w, https:\/\/ktech4.k-tech-services.com\/phucan713\/wp-content\/uploads\/2024\/09\/IMG_1638107103222_1638107068124.jpg 600w\" sizes=\"auto, (max-width: 400px) 100vw, 400px\" \/><figcaption id=\"caption-attachment-3014\" class=\"wp-caption-text\">Ch\u1ec9 c\u1ea7n l\u1ed9t v\u1ecf l\u00e0 \u0103n \u0111\u01b0\u1ee3c<\/figcaption><\/figure>\n<p>Gi\u00e1 tr\u1ecb dinh d\u01b0\u1ee1ng cao: Gi\u1ed1ng nh\u01b0 c\u00e1c lo\u1ea1i tr\u00e1i c\u00e2y kh\u00e1c, v\u00fa s\u1eefa t\u00edm t\u1ee9 qu\u00fd ch\u1ee9a nhi\u1ec1u vitamin, kho\u00e1ng ch\u1ea5t v\u00e0 ch\u1ea5t x\u01a1, r\u1ea5t t\u1ed1t cho s\u1ee9c kh\u1ecfe.<\/p>\n<p>Tuy nhi\u00ean, kh\u1ea3 n\u0103ng ch\u1ecbu m\u1eb7n c\u1ee7a v\u00fa s\u1eefa t\u00edm t\u1ee9 qu\u00fd c\u0169ng c\u00f3 gi\u1edbi h\u1ea1n. N\u1ebfu \u0111\u1ed9 m\u1eb7n c\u1ee7a \u0111\u1ea5t qu\u00e1 cao, c\u00e2y v\u1eabn c\u00f3 th\u1ec3 b\u1ecb \u1ea3nh h\u01b0\u1edfng v\u00e0 gi\u1ea3m n\u0103ng su\u1ea5t.<\/p>\n<h2><strong><b>Kho\u1ea3ng c\u00e1ch tr\u1ed3ng v\u00fa s\u1eefa t\u00edm t\u1ee9 qu\u00fd<\/b><\/strong><\/h2>\n<p>Kho\u1ea3ng c\u00e1ch gi\u1eefa c\u00e1c c\u00e2y: Th\u00f4ng th\u01b0\u1eddng, kho\u1ea3ng c\u00e1ch gi\u1eefa c\u00e1c c\u00e2y v\u00fa s\u1eefa n\u00ean kho\u1ea3ng t\u1eeb 5 \u0111\u1ebfn 8 m\u00e9t. Kho\u1ea3ng c\u00e1ch n\u00e0y ph\u00f9 h\u1ee3p \u0111\u1ec3 t\u1ed1i \u01b0u h\u00f3a vi\u1ec7c ph\u00e1t tri\u1ec3n t\u00e1n l\u00e1 v\u00e0 h\u1ec7 th\u1ed1ng r\u1ec5 c\u1ee7a c\u00e2y, \u0111\u1ed3ng th\u1eddi gi\u00fap tr\u00e1nh s\u1ef1 l\u00e2y lan c\u1ee7a b\u1ec7nh t\u1eeb c\u00e2y n\u00e0y sang c\u00e2y kh\u00e1c.<\/p>\n<p>Kho\u1ea3ng c\u00e1ch gi\u1eefa c\u00e1c h\u00e0ng: Kho\u1ea3ng c\u00e1ch gi\u1eefa c\u00e1c h\u00e0ng c\u00e2y c\u0169ng n\u00ean \u0111\u01b0\u1ee3c gi\u1eef \u1edf m\u1ee9c t\u1eeb 5 \u0111\u1ebfn 8 m\u00e9t. \u0110i\u1ec1u n\u00e0y kh\u00f4ng ch\u1ec9 gi\u00fap cho vi\u1ec7c ch\u0103m s\u00f3c c\u00e2y d\u1ec5 d\u00e0ng h\u01a1n m\u00e0 c\u00f2n t\u1ea1o \u0111i\u1ec1u ki\u1ec7n thu\u1eadn l\u1ee3i cho vi\u1ec7c thu ho\u1ea1ch v\u00e0 th\u1ef1c hi\u1ec7n c\u00e1c bi\u1ec7n ph\u00e1p b\u1ea3o v\u1ec7 th\u1ef1c v\u1eadt.<\/p>\n<h2><strong><b>C\u00e1ch ch\u0103m s\u00f3c c\u00e2y v\u00fa s\u1eefa c\u01a1 b\u1ea3n<\/b><\/strong><\/h2>\n<p>Ch\u1ecdn gi\u1ed1ng t\u1ed1t: L\u1ef1a ch\u1ecdn c\u00e2y gi\u1ed1ng t\u1eeb nh\u1eefng nh\u00e0 v\u01b0\u1eddn uy t\u00edn, \u0111\u1ea3m b\u1ea3o ch\u1ea5t l\u01b0\u1ee3ng.<\/p>\n<p>Chu\u1ea9n b\u1ecb \u0111\u1ea5t tr\u1ed3ng: \u0110\u1ea5t tr\u1ed3ng c\u1ea7n t\u01a1i x\u1ed1p, gi\u00e0u dinh d\u01b0\u1ee1ng, tho\u00e1t n\u01b0\u1edbc t\u1ed1t.<\/p>\n<p>T\u01b0\u1edbi ti\u00eau h\u1ee3p l\u00fd: C\u00e2y c\u1ea7n \u0111\u01b0\u1ee3c t\u01b0\u1edbi n\u01b0\u1edbc \u0111\u1ea7y \u0111\u1ee7, \u0111\u1eb7c bi\u1ec7t l\u00e0 v\u00e0o m\u00f9a kh\u00f4.<\/p>\n<p>B\u00f3n ph\u00e2n: B\u00f3n ph\u00e2n c\u00e2n \u0111\u1ed1i, \u0111\u00fang lo\u1ea1i, \u0111\u00fang li\u1ec1u l\u01b0\u1ee3ng.<\/p>\n<p>Ph\u00f2ng tr\u1eeb s\u00e2u b\u1ec7nh: Th\u01b0\u1eddng xuy\u00ean ki\u1ec3m tra v\u00e0 ph\u00f2ng tr\u1eeb s\u00e2u b\u1ec7nh \u0111\u1ec3 c\u00e2y lu\u00f4n kh\u1ecfe m\u1ea1nh.<\/p>\n<h2><strong><b>Gi\u00e1 c\u00e2y gi\u1ed1ng v\u00fa s\u1eefa <\/b><\/strong><strong><b>t\u00edm t\u1ee9 qu\u00fd<\/b><\/strong><\/h2>\n<p>Gi\u00e1 c\u00e2y gi\u1ed1ng v\u00fa s\u1eefa t\u00edm t\u1ee9 qu\u00fd\u00a0t\u1ea1i v\u01b0\u1eddn Ph\u00fac An dao \u0111\u1ed9ng t\u1eeb 40.000 &#8211; 60.000\/ c\u00e2y. T\u00f9y theo l\u00f4 c\u00e2y, s\u1ed1 l\u01b0\u1ee3ng \u0111\u1eb7t s\u1ebd c\u00f3 m\u1ee9c gi\u00e1 kh\u00e1c nhau. Ch\u00fang t\u00f4i cam k\u1ebft lu\u00f4n gi\u1eef m\u1ee9c gi\u00e1 v\u1eeba t\u00fai ti\u1ec1n \u0111\u1ec3 m\u1ecdi kh\u00e1ch h\u00e0ng \u0111\u1ec1u c\u00f3 th\u1ec3 ch\u1ecdn mua nh\u1eefng c\u00e2y gi\u1ed1ng th\u1eadt t\u1ed1t cho khu v\u01b0\u1eddn c\u1ee7a m\u00ecnh.<\/p>\n<figure id=\"attachment_3015\" aria-describedby=\"caption-attachment-3015\" style=\"width: 260px\" class=\"wp-caption aligncenter\"><img loading=\"lazy\" decoding=\"async\" class=\"wp-image-3015\" src=\"http:\/\/localhost\/phucan713\/wp-content\/uploads\/2024\/09\/z5631988669306_3b44f254eee027d2a45d70fda0050576-195x300.jpg\" alt=\"C\u00e2y gi\u1ed1ng v\u00fa s\u1eefa t\u00edm t\u1ee9 qu\u00fd do Ph\u00fac An cung c\u1ea5p\" width=\"260\" height=\"400\" srcset=\"https:\/\/ktech4.k-tech-services.com\/phucan713\/wp-content\/uploads\/2024\/09\/z5631988669306_3b44f254eee027d2a45d70fda0050576-195x300.jpg 195w, https:\/\/ktech4.k-tech-services.com\/phucan713\/wp-content\/uploads\/2024\/09\/z5631988669306_3b44f254eee027d2a45d70fda0050576-510x784.jpg 510w, https:\/\/ktech4.k-tech-services.com\/phucan713\/wp-content\/uploads\/2024\/09\/z5631988669306_3b44f254eee027d2a45d70fda0050576.jpg 576w\" sizes=\"auto, (max-width: 260px) 100vw, 260px\" \/><figcaption id=\"caption-attachment-3015\" class=\"wp-caption-text\">C\u00e2y gi\u1ed1ng v\u00fa s\u1eefa t\u00edm t\u1ee9 qu\u00fd do Ph\u00fac An cung c\u1ea5p<\/figcaption><\/figure>\n<h2><strong><b>Mua c\u00e2y gi\u1ed1ng v\u00fa s\u1eefa <\/b><\/strong><strong><b>t\u00edm t\u1ee9 qu\u00fd<\/b><\/strong><strong><b> \u1edf \u0111\u00e2u uy t\u00edn?<\/b><\/strong><\/h2>\n<p>C\u00e2y gi\u1ed1ng Ph\u00fac An cung c\u1ea5p c\u00e2y gi\u1ed1ng v\u00fa s\u1eefa t\u00edm t\u1ee9 qu\u00fd\u00a0ch\u1ea5t l\u01b0\u1ee3ng, \u0111\u01b0\u1ee3c b\u1ea3o h\u00e0nh \u0111\u00fang gi\u1ed1ng. V\u01b0\u1eddn nh\u00e2n gi\u1ed1ng c\u1ee7a Ph\u00fac An \u0111\u01b0\u1ee3c ch\u1ecdn l\u1ef1a k\u1ef9 l\u01b0\u1ee1ng, l\u00e0 v\u01b0\u1eddn \u0111\u00e3 cho tr\u00e1i chu\u1ea9n v\u00e0 \u1ed5n \u0111\u1ecbnh. C\u00e0nh gh\u00e9p \u0111\u01b0\u1ee3c tuy\u1ec3n ch\u1ecdn kh\u1ecfe m\u1ea1nh xanh t\u1ed1t.<\/p>\n<p><span style=\"color: #008000;\"><strong><b>Ti\u00eau chu\u1ea9n C\u00e2y gi\u1ed1ng v\u00fa s\u1eefa <\/b><\/strong><strong><b>t\u00edm t\u1ee9 qu\u00fd<\/b><\/strong><strong><b> \u0111\u01b0\u1ee3c cung c\u1ea5p b\u1edfi v\u01b0\u1eddn Ph\u00fac An<\/b><\/strong><\/span><\/p>\n<ul>\n<li>C\u00e2y gh\u00e9p chui c\u00e0nh (th\u00e1p c\u00e0nh)<\/li>\n<li>Chi\u1ec1u cao c\u00e2y gi\u1ed1ng 50-70cm<\/li>\n<li>C\u00e2y nu\u00f4i b\u1ea7u, ra r\u1ec5 \u1ed5n \u0111\u1ecbnh, v\u1ebft gh\u00e9p ti\u1ebfp h\u1ee3p t\u1ed1t, l\u00e1 \u0111ang chuy\u1ec3n gi\u00e0 kh\u00f4ng s\u00e2u b\u1ec7nh<\/li>\n<\/ul>\n<figure id=\"attachment_3016\" aria-describedby=\"caption-attachment-3016\" style=\"width: 303px\" class=\"wp-caption aligncenter\"><img loading=\"lazy\" decoding=\"async\" class=\"wp-image-3016\" src=\"http:\/\/localhost\/phucan713\/wp-content\/uploads\/2024\/09\/z5631988679442_fc4d09e76fc17f1133bfeebb0354ac87-227x300.jpg\" alt=\"C\u00e2y gi\u1ed1ng v\u00fa s\u1eefa t\u00edm t\u1ee9 qu\u00fd do Ph\u00fac An cung c\u1ea5p\" width=\"303\" height=\"400\" srcset=\"https:\/\/ktech4.k-tech-services.com\/phucan713\/wp-content\/uploads\/2024\/09\/z5631988679442_fc4d09e76fc17f1133bfeebb0354ac87-227x300.jpg 227w, https:\/\/ktech4.k-tech-services.com\/phucan713\/wp-content\/uploads\/2024\/09\/z5631988679442_fc4d09e76fc17f1133bfeebb0354ac87-510x673.jpg 510w, https:\/\/ktech4.k-tech-services.com\/phucan713\/wp-content\/uploads\/2024\/09\/z5631988679442_fc4d09e76fc17f1133bfeebb0354ac87.jpg 576w\" sizes=\"auto, (max-width: 303px) 100vw, 303px\" \/><figcaption id=\"caption-attachment-3016\" class=\"wp-caption-text\">C\u00e2y gi\u1ed1ng v\u00fa s\u1eefa t\u00edm t\u1ee9 qu\u00fd do Ph\u00fac An cung c\u1ea5p<\/figcaption><\/figure>\n<figure id=\"attachment_3017\" aria-describedby=\"caption-attachment-3017\" style=\"width: 212px\" class=\"wp-caption aligncenter\"><img loading=\"lazy\" decoding=\"async\" class=\"wp-image-3017\" src=\"http:\/\/localhost\/phucan713\/wp-content\/uploads\/2024\/09\/z5631988668091_f946653f4b45eb5a3adc67d419a534b5-159x300.jpg\" alt=\"C\u00e2y gi\u1ed1ng v\u00fa s\u1eefa t\u00edm t\u1ee9 qu\u00fd do Ph\u00fac An cung c\u1ea5p\" width=\"212\" height=\"400\" srcset=\"https:\/\/ktech4.k-tech-services.com\/phucan713\/wp-content\/uploads\/2024\/09\/z5631988668091_f946653f4b45eb5a3adc67d419a534b5-159x300.jpg 159w, https:\/\/ktech4.k-tech-services.com\/phucan713\/wp-content\/uploads\/2024\/09\/z5631988668091_f946653f4b45eb5a3adc67d419a534b5-543x1024.jpg 543w, https:\/\/ktech4.k-tech-services.com\/phucan713\/wp-content\/uploads\/2024\/09\/z5631988668091_f946653f4b45eb5a3adc67d419a534b5-510x962.jpg 510w, https:\/\/ktech4.k-tech-services.com\/phucan713\/wp-content\/uploads\/2024\/09\/z5631988668091_f946653f4b45eb5a3adc67d419a534b5.jpg 576w\" sizes=\"auto, (max-width: 212px) 100vw, 212px\" \/><figcaption id=\"caption-attachment-3017\" class=\"wp-caption-text\">C\u00e2y gi\u1ed1ng v\u00fa s\u1eefa t\u00edm t\u1ee9 qu\u00fd do Ph\u00fac An cung c\u1ea5p<\/figcaption><\/figure>\n<p>C\u00e2y tr\u1ea3i qua quy tr\u00ecnh nh\u00e2n gi\u1ed1ng, d\u01b0\u1ee1ng c\u00e2y con, x\u1ea3 n\u1eafng ho\u00e0n ch\u1ec9nh. \u0110\u1ebfn tay c\u00f4 b\u00e1c s\u1ebd l\u00e0 t\u1eebng c\u00e2y \u0111\u00e3 c\u1ee9ng c\u00e1p \u0111\u00e3 ra c\u01a1i ch\u1ed3i m\u1edbi.<br \/>\nQu\u00fd c\u00f4 b\u00e1c c\u00f3 th\u1ec3 li\u00ean h\u1ec7 tr\u1ef1c ti\u1ebfp qua SDT\/ Zalo 0962.888.014 (<a href=\"http:\/\/localhost\/phucan713\/\" target=\"_blank\" rel=\"noopener\">C\u00e2y Gi\u1ed1ng Ph\u00fac An<\/a>) \u0111\u1ec3 ch\u00fang t\u00f4i t\u01b0 v\u1ea5n v\u00e0 b\u00e1o gi\u00e1 c\u1ee5 th\u1ec3. Xin c\u1ea3m \u01a1n qu\u00fd c\u00f4 b\u00e1c \u0111\u00e3 \u0111\u1eb7t ni\u1ec1m tin v\u1edbi nh\u00e0 v\u01b0\u1eddn.<\/p>\n<p>&gt;&gt; M\u1eddi b\u1ea1n \u0111\u1ecdc th\u00eam: <a href=\"https:\/\/thanhnien.vn\/thu-nhap-tien-ti-nho-trong-vu-sua-tim-tu-quy-1851440226.htm\" target=\"_blank\" rel=\"noopener\"><span style=\"color: #000080;\"><em><strong>Thu nh\u1eadp ti\u1ec1n t\u1ec9 nh\u1edd tr\u1ed3ng v\u00fa s\u1eefa t\u00edm t\u1ee9 qu\u00fd<\/strong><\/em><\/span><\/a><\/p>\n","protected":false},"excerpt":{"rendered":"<p>* Gi\u00e1 tham kh\u1ea3o cho s\u1ed1 l\u01b0\u1ee3ng t\u1eeb 30 c\u00e2y, c\u00f3 th\u1ec3 thay \u0111\u1ed5i theo th\u1eddi \u0111i\u1ec3m<br \/>\n* Ch\u01b0a bao g\u1ed3m ph\u00ed v\u1eadn chuy\u1ec3n (t\u00f9y theo s\u1ed1 l\u01b0\u1ee3ng c\u00e2y v\u00e0 \u0111\u1ecba \u0111i\u1ec3m giao h\u00e0ng)<\/p>\n","protected":false},"featured_media":3013,"comment_status":"open","ping_status":"closed","template":"","meta":[],"product_brand":[],"product_cat":[35,103],"product_tag":[],"class_list":{"0":"post-3007","1":"product","2":"type-product","3":"status-publish","4":"has-post-thumbnail","6":"product_cat-san-pham-giong-cay-an-trai","7":"product_cat-giong-vu-sua","9":"first","10":"instock","11":"shipping-taxable","12":"purchasable","13":"product-type-simple"},"_links":{"self":[{"href":"https:\/\/ktech4.k-tech-services.com\/phucan713\/wp-json\/wp\/v2\/product\/3007","targetHints":{"allow":["GET"]}}],"collection":[{"href":"https:\/\/ktech4.k-tech-services.com\/phucan713\/wp-json\/wp\/v2\/product"}],"about":[{"href":"https:\/\/ktech4.k-tech-services.com\/phucan713\/wp-json\/wp\/v2\/types\/product"}],"replies":[{"embeddable":true,"href":"https:\/\/ktech4.k-tech-services.com\/phucan713\/wp-json\/wp\/v2\/comments?post=3007"}],"wp:featuredmedia":[{"embeddable":true,"href":"https:\/\/ktech4.k-tech-services.com\/phucan713\/wp-json\/wp\/v2\/media\/3013"}],"wp:attachment":[{"href":"https:\/\/ktech4.k-tech-services.com\/phucan713\/wp-json\/wp\/v2\/media?parent=3007"}],"wp:term":[{"taxonomy":"product_brand","embeddable":true,"href":"https:\/\/ktech4.k-tech-services.com\/phucan713\/wp-json\/wp\/v2\/product_brand?post=3007"},{"taxonomy":"product_cat","embeddable":true,"href":"https:\/\/ktech4.k-tech-services.com\/phucan713\/wp-json\/wp\/v2\/product_cat?post=3007"},{"taxonomy":"product_tag","embeddable":true,"href":"https:\/\/ktech4.k-tech-services.com\/phucan713\/wp-json\/wp\/v2\/product_tag?post=3007"}],"curies":[{"name":"wp","href":"https:\/\/api.w.org\/{rel}","templated":true}]}}