{"id":3030,"date":"2024-10-03T14:26:46","date_gmt":"2024-10-03T14:26:46","guid":{"rendered":"https:\/\/caygiongphucan.com\/?post_type=product&amp;p=3030"},"modified":"2024-10-03T14:26:46","modified_gmt":"2024-10-03T14:26:46","slug":"cay-giong-tre-dien-truc","status":"publish","type":"product","link":"https:\/\/ktech4.k-tech-services.com\/phucan713\/san-pham\/cay-giong-tre-dien-truc\/","title":{"rendered":"C\u00e2y gi\u1ed1ng tre \u0111i\u1ec1n tr\u00fac"},"content":{"rendered":"<p><em>Gi\u1ed1ng Tre \u0111i\u1ec1n tr\u00fac l\u00e0 m\u1ed9t gi\u1ed1ng tre \u0111\u01b0\u1ee3c bi\u1ebft \u0111\u1ebfn r\u1ed9ng r\u00e3i v\u1edbi \u0111\u1eb7c \u0111i\u1ec3m n\u1ed5i b\u1eadt l\u00e0 cho m\u0103ng ngon, ng\u1ecdt v\u00e0 c\u00f3 s\u1ea3n l\u01b0\u1ee3ng cao. Lo\u00e0i tre n\u00e0y c\u00f3 ngu\u1ed3n g\u1ed1c t\u1eeb Qu\u1ea3ng T\u00e2y &#8211; Trung Qu\u1ed1c v\u00e0 \u0111\u01b0\u1ee3c du nh\u1eadp v\u00e0o Vi\u1ec7t Nam.<\/em><\/p>\n<h2><strong><b>\u0110\u1eb7c \u0111i\u1ec3m n\u1ed5i b\u1eadt c\u1ee7a<\/b><\/strong><strong><b>\u00a0gi\u1ed1ng<\/b><\/strong><strong><b>\u00a0tre \u0111i\u1ec1n tr\u00fac<\/b><\/strong><\/h2>\n<div class=\"mceTemp\"><\/div>\n<figure id=\"attachment_3043\" aria-describedby=\"caption-attachment-3043\" style=\"width: 400px\" class=\"wp-caption aligncenter\"><img loading=\"lazy\" decoding=\"async\" class=\"wp-image-3043\" src=\"http:\/\/localhost\/phucan713\/wp-content\/uploads\/2024\/10\/mang-tre-dien-truc-300x194.jpg\" alt=\"M\u0103ng tre \u0111i\u1ec1n tr\u00fac\" width=\"400\" height=\"259\" srcset=\"https:\/\/ktech4.k-tech-services.com\/phucan713\/wp-content\/uploads\/2024\/10\/mang-tre-dien-truc-300x194.jpg 300w, https:\/\/ktech4.k-tech-services.com\/phucan713\/wp-content\/uploads\/2024\/10\/mang-tre-dien-truc-768x497.jpg 768w, https:\/\/ktech4.k-tech-services.com\/phucan713\/wp-content\/uploads\/2024\/10\/mang-tre-dien-truc-510x330.jpg 510w, https:\/\/ktech4.k-tech-services.com\/phucan713\/wp-content\/uploads\/2024\/10\/mang-tre-dien-truc.jpg 778w\" sizes=\"auto, (max-width: 400px) 100vw, 400px\" \/><figcaption id=\"caption-attachment-3043\" class=\"wp-caption-text\">M\u0103ng tre \u0111i\u1ec1n tr\u00fac<\/figcaption><\/figure>\n<p>\u0110\u01b0\u1ee3c bi\u1ebft \u0111\u1ebfn l\u00e0 gi\u1ed1ng tre chuy\u00ean cho m\u0103ng ngon, ng\u1ecdt, ch\u1ea5t l\u01b0\u1ee3ng cao.\u00a0Kh\u00f4ng ch\u1ec9 m\u0103ng ngon, th\u00e2n tre c\u00f2n \u0111\u01b0\u1ee3c d\u00f9ng l\u00e0m nguy\u00ean li\u1ec7u gi\u1ea5y ch\u1ea5t l\u01b0\u1ee3ng cao.<\/p>\n<ul>\n<li>Th\u00e2n: Kh\u00e1 to, cao t\u1eeb 7-8m, \u0111\u01b0\u1eddng k\u00ednh kho\u1ea3ng 9-12cm. Th\u00e2n th\u1eb3ng, kh\u00f4ng c\u00f3 gai, m\u1ecdc th\u00e0nh b\u1ee5i nh\u01b0ng c\u00e1ch xa c\u00e2y m\u1eb9.<\/li>\n<li>L\u00e1: To b\u1ea3n, nh\u1eb5n, m\u00e0u xanh \u0111\u1eadm, t\u1ea1o b\u00f3ng m\u00e1t.<\/li>\n<li>M\u0103ng: To, ng\u1ecdt, kh\u00f4ng \u0111\u1eafng, v\u1ecf m\u1ecfng, r\u1ea5t \u0111\u01b0\u1ee3c \u01b0a chu\u1ed9ng.<\/li>\n<\/ul>\n<h2><strong><b>\u01afu \u0111i\u1ec3m c\u1ee7a gi\u1ed1ng tre \u0111i\u1ec1n tr\u00fac<\/b><\/strong><\/h2>\n<ul>\n<li>S\u1ea3n l\u01b0\u1ee3ng cao: M\u0103ng tre \u0111i\u1ec1n tr\u00fac cho n\u0103ng su\u1ea5t cao, mang l\u1ea1i hi\u1ec7u qu\u1ea3 kinh t\u1ebf l\u1edbn cho ng\u01b0\u1eddi tr\u1ed3ng.<\/li>\n<li>Ch\u1ea5t l\u01b0\u1ee3ng m\u0103ng t\u1ed1t: M\u0103ng ng\u1ecdt, ngon, kh\u00f4ng \u0111\u1eafng, ph\u00f9 h\u1ee3p ch\u1ebf bi\u1ebfn nhi\u1ec1u m\u00f3n \u0103n.<\/li>\n<li>Kh\u1ea3 n\u0103ng th\u00edch nghi t\u1ed1t: Tre \u0111i\u1ec1n tr\u00fac c\u00f3 th\u1ec3 sinh tr\u01b0\u1edfng t\u1ed1t tr\u00ean nhi\u1ec1u lo\u1ea1i \u0111\u1ea5t kh\u00e1c nhau, ch\u1ecbu h\u1ea1n t\u1ed1t.<\/li>\n<li>\u00cdt s\u00e2u b\u1ec7nh: Tre \u0111i\u1ec1n tr\u00fac \u00edt b\u1ecb s\u00e2u b\u1ec7nh h\u1ea1i, gi\u00fap gi\u1ea3m chi ph\u00ed ch\u0103m s\u00f3c.<\/li>\n<\/ul>\n<figure id=\"attachment_3038\" aria-describedby=\"caption-attachment-3038\" style=\"width: 375px\" class=\"wp-caption aligncenter\"><img loading=\"lazy\" decoding=\"async\" class=\"wp-image-3038\" src=\"http:\/\/localhost\/phucan713\/wp-content\/uploads\/2024\/10\/z4797801348116_7f4536b5d074f1ddf9bf547d7ad0c391-225x300.jpg\" alt=\"C\u00e2y tre \u0111i\u1ec1n tr\u00fac\" width=\"375\" height=\"500\" srcset=\"https:\/\/ktech4.k-tech-services.com\/phucan713\/wp-content\/uploads\/2024\/10\/z4797801348116_7f4536b5d074f1ddf9bf547d7ad0c391-225x300.jpg 225w, https:\/\/ktech4.k-tech-services.com\/phucan713\/wp-content\/uploads\/2024\/10\/z4797801348116_7f4536b5d074f1ddf9bf547d7ad0c391-768x1024.jpg 768w, https:\/\/ktech4.k-tech-services.com\/phucan713\/wp-content\/uploads\/2024\/10\/z4797801348116_7f4536b5d074f1ddf9bf547d7ad0c391-510x680.jpg 510w, https:\/\/ktech4.k-tech-services.com\/phucan713\/wp-content\/uploads\/2024\/10\/z4797801348116_7f4536b5d074f1ddf9bf547d7ad0c391.jpg 1080w\" sizes=\"auto, (max-width: 375px) 100vw, 375px\" \/><figcaption id=\"caption-attachment-3038\" class=\"wp-caption-text\">C\u00e2y tre \u0111i\u1ec1n tr\u00fac gi\u1ed1ng<\/figcaption><\/figure>\n<h2><strong>\u1ee8ng d\u1ee5ng c\u1ee7a tre \u0111i\u1ec1n tr\u00fac<\/strong><\/h2>\n<ul>\n<li>L\u1ea5y m\u0103ng: M\u0103ng tre \u0111i\u1ec1n tr\u00fac \u0111\u01b0\u1ee3c s\u1eed d\u1ee5ng r\u1ed9ng r\u00e3i trong \u1ea9m th\u1ef1c, ch\u1ebf bi\u1ebfn th\u00e0nh nhi\u1ec1u m\u00f3n \u0103n ngon.<\/li>\n<li>L\u00e0m c\u1ea3nh: Tre \u0111i\u1ec1n tr\u00fac c\u00f3 d\u00e1ng \u0111\u1eb9p, l\u00e1 xanh t\u1ed1t, th\u01b0\u1eddng \u0111\u01b0\u1ee3c tr\u1ed3ng l\u00e0m c\u1ea3nh quan.<\/li>\n<li>Nguy\u00ean li\u1ec7u: Tre \u0111i\u1ec1n tr\u00fac c\u00f3 th\u1ec3 \u0111\u01b0\u1ee3c s\u1eed d\u1ee5ng l\u00e0m nguy\u00ean li\u1ec7u s\u1ea3n xu\u1ea5t c\u00e1c s\u1ea3n ph\u1ea9m th\u1ee7 c\u00f4ng m\u1ef9 ngh\u1ec7.<\/li>\n<\/ul>\n<h2><strong><b>C\u00e2y tre \u0111i\u1ec1n tr\u00fac tr\u1ed3ng m\u1ea5y n\u0103m thu ho\u1ea1ch?<\/b><\/strong><\/h2>\n<figure id=\"attachment_3053\" aria-describedby=\"caption-attachment-3053\" style=\"width: 302px\" class=\"wp-caption aligncenter\"><img loading=\"lazy\" decoding=\"async\" class=\"wp-image-3053\" src=\"http:\/\/localhost\/phucan713\/wp-content\/uploads\/2024\/10\/461517895_2539534012901536_6346182782404647405_n-226x300.jpg\" alt=\"Thu ho\u1ea1ch m\u0103ng t\u1ea1i nh\u00e0 v\u01b0\u1eddn\" width=\"302\" height=\"400\" srcset=\"https:\/\/ktech4.k-tech-services.com\/phucan713\/wp-content\/uploads\/2024\/10\/461517895_2539534012901536_6346182782404647405_n-226x300.jpg 226w, https:\/\/ktech4.k-tech-services.com\/phucan713\/wp-content\/uploads\/2024\/10\/461517895_2539534012901536_6346182782404647405_n-773x1024.jpg 773w, https:\/\/ktech4.k-tech-services.com\/phucan713\/wp-content\/uploads\/2024\/10\/461517895_2539534012901536_6346182782404647405_n-768x1018.jpg 768w, https:\/\/ktech4.k-tech-services.com\/phucan713\/wp-content\/uploads\/2024\/10\/461517895_2539534012901536_6346182782404647405_n-510x676.jpg 510w, https:\/\/ktech4.k-tech-services.com\/phucan713\/wp-content\/uploads\/2024\/10\/461517895_2539534012901536_6346182782404647405_n.jpg 919w\" sizes=\"auto, (max-width: 302px) 100vw, 302px\" \/><figcaption id=\"caption-attachment-3053\" class=\"wp-caption-text\">Thu ho\u1ea1ch m\u0103ng t\u1ea1i nh\u00e0 v\u01b0\u1eddn<\/figcaption><\/figure>\n<p>C\u00e2y tre \u0111i\u1ec1n tr\u00fac c\u00f3 th\u1ec3 cho thu ho\u1ea1ch m\u0103ng sau kho\u1ea3ng 2 n\u0103m tr\u1ed3ng. Tuy nhi\u00ean, th\u1eddi gian ch\u00ednh x\u00e1c c\u00f3 th\u1ec3 thay \u0111\u1ed5i m\u1ed9t ch\u00fat t\u00f9y thu\u1ed9c v\u00e0o c\u00e1c y\u1ebfu t\u1ed1 nh\u01b0:<\/p>\n<p>\u0110i\u1ec1u ki\u1ec7n \u0111\u1ea5t \u0111ai: \u0110\u1ea5t t\u01a1i x\u1ed1p, gi\u00e0u dinh d\u01b0\u1ee1ng s\u1ebd gi\u00fap c\u00e2y ph\u00e1t tri\u1ec3n nhanh h\u01a1n.<\/p>\n<p>Kh\u00ed h\u1eadu: V\u00f9ng kh\u00ed h\u1eadu \u1ea5m \u00e1p, m\u01b0a \u0111\u1ec1u s\u1ebd thu\u1eadn l\u1ee3i cho c\u00e2y sinh tr\u01b0\u1edfng.<\/p>\n<p>Ch\u0103m s\u00f3c: Vi\u1ec7c b\u00f3n ph\u00e2n, t\u01b0\u1edbi n\u01b0\u1edbc, t\u1ec9a c\u00e0nh \u0111\u00fang c\u00e1ch s\u1ebd gi\u00fap c\u00e2y cho m\u0103ng s\u1edbm v\u00e0 nhi\u1ec1u h\u01a1n.<\/p>\n<p>T\u1eeb n\u0103m th\u1ee9 3 tr\u1edf \u0111i, c\u00e2y tre s\u1ebd cho m\u0103ng nhi\u1ec1u v\u00e0 \u1ed5n \u0111\u1ecbnh h\u01a1n.<\/p>\n<figure id=\"attachment_3034\" aria-describedby=\"caption-attachment-3034\" style=\"width: 400px\" class=\"wp-caption aligncenter\"><img loading=\"lazy\" decoding=\"async\" class=\"wp-image-3034\" src=\"http:\/\/localhost\/phucan713\/wp-content\/uploads\/2024\/10\/398905392_122144147330006717_3115420949126408478_n-300x225.jpg\" alt=\"Tre \u0111i\u1ec1n tr\u00fac ra m\u0103ng - H\u00ecnh \u1ea3nh t\u1eeb kh\u00e1ch h\u00e0ng \u0111\u00e3 tr\u1ed3ng c\u00e2y t\u1eeb Ph\u00fac An\" width=\"400\" height=\"300\" srcset=\"https:\/\/ktech4.k-tech-services.com\/phucan713\/wp-content\/uploads\/2024\/10\/398905392_122144147330006717_3115420949126408478_n-300x225.jpg 300w, https:\/\/ktech4.k-tech-services.com\/phucan713\/wp-content\/uploads\/2024\/10\/398905392_122144147330006717_3115420949126408478_n-1024x768.jpg 1024w, https:\/\/ktech4.k-tech-services.com\/phucan713\/wp-content\/uploads\/2024\/10\/398905392_122144147330006717_3115420949126408478_n-768x576.jpg 768w, https:\/\/ktech4.k-tech-services.com\/phucan713\/wp-content\/uploads\/2024\/10\/398905392_122144147330006717_3115420949126408478_n-1536x1152.jpg 1536w, https:\/\/ktech4.k-tech-services.com\/phucan713\/wp-content\/uploads\/2024\/10\/398905392_122144147330006717_3115420949126408478_n-510x383.jpg 510w, https:\/\/ktech4.k-tech-services.com\/phucan713\/wp-content\/uploads\/2024\/10\/398905392_122144147330006717_3115420949126408478_n.jpg 2048w\" sizes=\"auto, (max-width: 400px) 100vw, 400px\" \/><figcaption id=\"caption-attachment-3034\" class=\"wp-caption-text\">Tre \u0111i\u1ec1n tr\u00fac ra m\u0103ng &#8211; H\u00ecnh \u1ea3nh t\u1eeb kh\u00e1ch h\u00e0ng \u0111\u00e3 tr\u1ed3ng c\u00e2y t\u1eeb Ph\u00fac An<\/figcaption><\/figure>\n<h2><strong><b>N\u0103ng su\u1ea5t c\u1ee7a gi\u1ed1ng tre \u0111i\u1ec1n tr\u00fac<\/b><\/strong><\/h2>\n<p>V\u1edbi m\u1eadt \u0111\u1ed9 tr\u1ed3ng 500 c\u00e2y\/ha, trung b\u00ecnh m\u1ed7i n\u0103m m\u1ed9t ha tre \u0111i\u1ec1n tr\u00fac c\u00f3 th\u1ec3 cho thu ho\u1ea1ch 5 t\u1ea5n m\u0103ng. Nh\u01b0 v\u1eady 1 c\u00e2y tre \u0111i\u1ec1n tr\u00fac c\u00f3 th\u1ec3 cho ta kho\u1ea3ng 10kg m\u0103ng\/ n\u0103m.<\/p>\n<figure id=\"attachment_3044\" aria-describedby=\"caption-attachment-3044\" style=\"width: 400px\" class=\"wp-caption aligncenter\"><img loading=\"lazy\" decoding=\"async\" class=\"wp-image-3044\" src=\"http:\/\/localhost\/phucan713\/wp-content\/uploads\/2024\/10\/thu-hoach-tre-dien-truc-300x173.jpg\" alt=\"Tre \u0111i\u1ec1n tr\u00fac c\u00f3 m\u0103ng quanh n\u0103m v\u1edbi n\u0103ng su\u1ea5t \u1ed5n\" width=\"400\" height=\"231\" srcset=\"https:\/\/ktech4.k-tech-services.com\/phucan713\/wp-content\/uploads\/2024\/10\/thu-hoach-tre-dien-truc-300x173.jpg 300w, https:\/\/ktech4.k-tech-services.com\/phucan713\/wp-content\/uploads\/2024\/10\/thu-hoach-tre-dien-truc-510x294.jpg 510w, https:\/\/ktech4.k-tech-services.com\/phucan713\/wp-content\/uploads\/2024\/10\/thu-hoach-tre-dien-truc.jpg 688w\" sizes=\"auto, (max-width: 400px) 100vw, 400px\" \/><figcaption id=\"caption-attachment-3044\" class=\"wp-caption-text\">Tre \u0111i\u1ec1n tr\u00fac c\u00f3 m\u0103ng quanh n\u0103m v\u1edbi n\u0103ng su\u1ea5t \u1ed5n<\/figcaption><\/figure>\n<h2><strong><b>Kho\u1ea3ng c\u00e1ch tr\u1ed3ng tre \u0111i\u1ec1n tr\u00fac<\/b><\/strong><\/h2>\n<p>Kho\u1ea3ng c\u00e1ch tr\u1ed3ng l\u00fd t\u01b0\u1edfng v\u1edbi gi\u1ed1ng tre \u0111i\u1ec1n tr\u00fac th\u01b0\u1eddng dao \u0111\u1ed9ng t\u1eeb 4m x 4m \u0111\u1ebfn 5m x 5m. \u0110i\u1ec1u n\u00e0y c\u00f3 ngh\u0129a l\u00e0, m\u1ed7i h\u1ed1 tr\u1ed3ng s\u1ebd c\u00e1ch nhau kho\u1ea3ng 4-5 m\u00e9t theo c\u1ea3 chi\u1ec1u d\u00e0i v\u00e0 chi\u1ec1u r\u1ed9ng.<\/p>\n<h2><strong><b>K\u1ef9 thu\u1eadt tr\u1ed3ng tre \u0111i\u1ec1n tr\u00fac cho n\u0103ng su\u1ea5t cao t\u1eeb nh\u00e0 v\u01b0\u1eddn c\u00f3 nhi\u1ec1u kinh nghi\u1ec7m<\/b><\/strong><\/h2>\n<p>Tr\u1ed3ng tre \u0110i\u1ec1n Tr\u00fac kh\u00f4ng qu\u00e1 kh\u00f3, nh\u01b0ng \u0111\u1ec3 c\u00f3 nh\u1eefng b\u1ee5i tre sai m\u0103ng, m\u0103ng to, ng\u1ecdt th\u00ec c\u1ea7n c\u00f3 nh\u1eefng k\u1ef9 thu\u1eadt ch\u0103m s\u00f3c ph\u00f9 h\u1ee3p.<\/p>\n<ul>\n<li>Tr\u1ed3ng ri\u00eang, tr\u00e1nh \u1ea3nh h\u01b0\u1edfng c\u00e2y kh\u00e1c: Do \u0111\u1eb7c t\u00ednh che b\u00f3ng v\u00e0 r\u1ec5 h\u00fat dinh d\u01b0\u1ee1ng m\u1ea1nh, tre \u0110i\u1ec1n Tr\u00fac n\u00ean \u0111\u01b0\u1ee3c tr\u1ed3ng ri\u00eang \u0111\u1ec3 kh\u00f4ng \u1ea3nh h\u01b0\u1edfng \u0111\u1ebfn s\u1ef1 ph\u00e1t tri\u1ec3n c\u1ee7a c\u00e1c lo\u1ea1i c\u00e2y tr\u1ed3ng kh\u00e1c.<\/li>\n<li>T\u01b0\u1edbi n\u01b0\u1edbc \u0111\u1ec1u \u0111\u1eb7n, b\u00f3n ph\u00e2n h\u1ee3p l\u00fd: N\u01b0\u1edbc v\u00e0 dinh d\u01b0\u1ee1ng l\u00e0 y\u1ebfu t\u1ed1 quy\u1ebft \u0111\u1ecbnh s\u1ef1 sinh tr\u01b0\u1edfng c\u1ee7a c\u00e2y tre. Vi\u1ec7c t\u01b0\u1edbi n\u01b0\u1edbc th\u01b0\u1eddng xuy\u00ean k\u1ebft h\u1ee3p v\u1edbi b\u00f3n ph\u00e2n \u0111\u1ecbnh k\u1ef3, \u0111\u00fang li\u1ec1u l\u01b0\u1ee3ng s\u1ebd gi\u00fap c\u00e2y ph\u00e1t tri\u1ec3n kh\u1ecfe m\u1ea1nh v\u00e0 cho nhi\u1ec1u m\u0103ng.<\/li>\n<li>K\u1ef9 thu\u1eadt ch\u1eeba c\u00e2y m\u1eb9: \u0110\u1ec3 duy tr\u00ec v\u00e0 ph\u00e1t tri\u1ec3n b\u1ee5i tre, ng\u01b0\u1eddi tr\u1ed3ng c\u1ea7n n\u1eafm v\u1eefng k\u1ef9 thu\u1eadt ch\u1eeba c\u00e2y m\u1eb9. C\u1ee5 th\u1ec3, m\u1ed7i b\u1ee5i tre n\u00ean gi\u1eef l\u1ea1i 2-3 c\u00e2y kho\u1ea3ng 3 n\u0103m tu\u1ed5i v\u00e0 d\u01b0\u1ee1ng th\u00eam 2-3 c\u00e2y 1 n\u0103m tu\u1ed5i. \u0110i\u1ec1u n\u00e0y gi\u00fap \u0111\u1ea3m b\u1ea3o s\u1ef1 c\u00e2n b\u1eb1ng gi\u1eefa c\u00e2y gi\u00e0 v\u00e0 c\u00e2y non, t\u1eeb \u0111\u00f3 cho n\u0103ng su\u1ea5t m\u0103ng \u1ed5n \u0111\u1ecbnh.<\/li>\n<\/ul>\n<figure id=\"attachment_3045\" aria-describedby=\"caption-attachment-3045\" style=\"width: 400px\" class=\"wp-caption aligncenter\"><img loading=\"lazy\" decoding=\"async\" class=\"wp-image-3045\" src=\"http:\/\/localhost\/phucan713\/wp-content\/uploads\/2024\/10\/vuon-tre-lay-mang-300x300.jpeg\" alt=\"M\u00f4 h\u00ecnh v\u01b0\u1eddn tre ti\u00eau bi\u1ec3u\" width=\"400\" height=\"400\" srcset=\"https:\/\/ktech4.k-tech-services.com\/phucan713\/wp-content\/uploads\/2024\/10\/vuon-tre-lay-mang-300x300.jpeg 300w, https:\/\/ktech4.k-tech-services.com\/phucan713\/wp-content\/uploads\/2024\/10\/vuon-tre-lay-mang-1024x1024.jpeg 1024w, https:\/\/ktech4.k-tech-services.com\/phucan713\/wp-content\/uploads\/2024\/10\/vuon-tre-lay-mang-150x150.jpeg 150w, https:\/\/ktech4.k-tech-services.com\/phucan713\/wp-content\/uploads\/2024\/10\/vuon-tre-lay-mang-768x768.jpeg 768w, https:\/\/ktech4.k-tech-services.com\/phucan713\/wp-content\/uploads\/2024\/10\/vuon-tre-lay-mang-1536x1536.jpeg 1536w, https:\/\/ktech4.k-tech-services.com\/phucan713\/wp-content\/uploads\/2024\/10\/vuon-tre-lay-mang-510x510.jpeg 510w, https:\/\/ktech4.k-tech-services.com\/phucan713\/wp-content\/uploads\/2024\/10\/vuon-tre-lay-mang-100x100.jpeg 100w, https:\/\/ktech4.k-tech-services.com\/phucan713\/wp-content\/uploads\/2024\/10\/vuon-tre-lay-mang.jpeg 1600w\" sizes=\"auto, (max-width: 400px) 100vw, 400px\" \/><figcaption id=\"caption-attachment-3045\" class=\"wp-caption-text\">M\u00f4 h\u00ecnh v\u01b0\u1eddn tre ti\u00eau bi\u1ec3u<\/figcaption><\/figure>\n<h2><strong><b>Gi\u00e1 c\u00e2y gi\u1ed1ng <\/b><\/strong><strong><b>tre \u0111i\u1ec1n tr\u00fac<\/b><\/strong><\/h2>\n<p>Gi\u00e1 c\u00e2y gi\u1ed1ng tre \u0111i\u1ec1n tr\u00fac\u00a0t\u1ea1i v\u01b0\u1eddn Ph\u00fac An dao \u0111\u1ed9ng t\u1eeb 32.000 &#8211; 40.000\/ c\u00e2y. T\u00f9y theo l\u00f4 c\u00e2y, s\u1ed1 l\u01b0\u1ee3ng \u0111\u1eb7t s\u1ebd c\u00f3 m\u1ee9c gi\u00e1 kh\u00e1c nhau. Ch\u00fang t\u00f4i lu\u00f4n\u00a0c\u1ed1 g\u1eafng\u00a0gi\u1eef m\u1ee9c gi\u00e1 ph\u1ea3i ch\u0103ng\u00a0\u0111\u1ec3 m\u1ecdi kh\u00e1ch h\u00e0ng\u00a0c\u00f3 th\u1ec3 ch\u1ecdn mua nh\u1eefng c\u00e2y gi\u1ed1ng th\u1eadt t\u1ed1t cho khu v\u01b0\u1eddn c\u1ee7a m\u00ecnh.<\/p>\n<figure id=\"attachment_3041\" aria-describedby=\"caption-attachment-3041\" style=\"width: 300px\" class=\"wp-caption aligncenter\"><img loading=\"lazy\" decoding=\"async\" class=\"wp-image-3041\" src=\"http:\/\/localhost\/phucan713\/wp-content\/uploads\/2024\/10\/z5314056915696_841666fb89a9b6f6b5d409aac5af42b9-225x300.jpg\" alt=\"C\u00e2y gi\u1ed1ng tre \u0111i\u1ec1n tr\u00fac t\u1ea1i Ph\u00fac An\" width=\"300\" height=\"400\" srcset=\"https:\/\/ktech4.k-tech-services.com\/phucan713\/wp-content\/uploads\/2024\/10\/z5314056915696_841666fb89a9b6f6b5d409aac5af42b9-225x300.jpg 225w, https:\/\/ktech4.k-tech-services.com\/phucan713\/wp-content\/uploads\/2024\/10\/z5314056915696_841666fb89a9b6f6b5d409aac5af42b9-768x1024.jpg 768w, https:\/\/ktech4.k-tech-services.com\/phucan713\/wp-content\/uploads\/2024\/10\/z5314056915696_841666fb89a9b6f6b5d409aac5af42b9-1152x1536.jpg 1152w, https:\/\/ktech4.k-tech-services.com\/phucan713\/wp-content\/uploads\/2024\/10\/z5314056915696_841666fb89a9b6f6b5d409aac5af42b9-1536x2048.jpg 1536w, https:\/\/ktech4.k-tech-services.com\/phucan713\/wp-content\/uploads\/2024\/10\/z5314056915696_841666fb89a9b6f6b5d409aac5af42b9-510x680.jpg 510w, https:\/\/ktech4.k-tech-services.com\/phucan713\/wp-content\/uploads\/2024\/10\/z5314056915696_841666fb89a9b6f6b5d409aac5af42b9.jpg 1920w\" sizes=\"auto, (max-width: 300px) 100vw, 300px\" \/><figcaption id=\"caption-attachment-3041\" class=\"wp-caption-text\">C\u00e2y gi\u1ed1ng tre \u0111i\u1ec1n tr\u00fac t\u1ea1i Ph\u00fac An<\/figcaption><\/figure>\n<h2><strong><b>Mua c\u00e2y gi\u1ed1ng <\/b><\/strong><strong><b>tre \u0111i\u1ec1n tr\u00fac<\/b><\/strong><strong><b>\u00a0\u1edf \u0111\u00e2u<\/b><\/strong><strong><b>?<\/b><\/strong><\/h2>\n<p>C\u00e2y gi\u1ed1ng Ph\u00fac An cung c\u1ea5p c\u00e2y gi\u1ed1ng\u00a0tre \u0111i\u1ec1n tr\u00fac\u00a0ch\u1ea5t l\u01b0\u1ee3ng, \u0111\u01b0\u1ee3c b\u1ea3o h\u00e0nh \u0111\u00fang gi\u1ed1ng. V\u01b0\u1eddn nh\u00e2n gi\u1ed1ng c\u1ee7a Ph\u00fac An \u0111\u01b0\u1ee3c ch\u1ecdn l\u1ef1a k\u1ef9 l\u01b0\u1ee1ng, l\u00e0 v\u01b0\u1eddn \u0111\u00e3 cho m\u0103ng\u00a0chu\u1ea9n v\u00e0 \u1ed5n \u0111\u1ecbnh. C\u00e2y con l\u00e0m gi\u1ed1ng \u0111\u01b0\u1ee3c tuy\u1ec3n ch\u1ecdn kh\u1ecfe m\u1ea1nh xanh t\u1ed1t.<\/p>\n<figure id=\"attachment_3036\" aria-describedby=\"caption-attachment-3036\" style=\"width: 300px\" class=\"wp-caption aligncenter\"><img loading=\"lazy\" decoding=\"async\" class=\"wp-image-3036\" src=\"http:\/\/localhost\/phucan713\/wp-content\/uploads\/2024\/10\/456386513_1550240732234259_3130435697430338550_n-225x300.jpg\" alt=\"C\u00e2y gi\u1ed1ng tre \u0111i\u1ec1n tr\u00fac\" width=\"300\" height=\"400\" srcset=\"https:\/\/ktech4.k-tech-services.com\/phucan713\/wp-content\/uploads\/2024\/10\/456386513_1550240732234259_3130435697430338550_n-225x300.jpg 225w, https:\/\/ktech4.k-tech-services.com\/phucan713\/wp-content\/uploads\/2024\/10\/456386513_1550240732234259_3130435697430338550_n-768x1024.jpg 768w, https:\/\/ktech4.k-tech-services.com\/phucan713\/wp-content\/uploads\/2024\/10\/456386513_1550240732234259_3130435697430338550_n-1152x1536.jpg 1152w, https:\/\/ktech4.k-tech-services.com\/phucan713\/wp-content\/uploads\/2024\/10\/456386513_1550240732234259_3130435697430338550_n-510x680.jpg 510w, https:\/\/ktech4.k-tech-services.com\/phucan713\/wp-content\/uploads\/2024\/10\/456386513_1550240732234259_3130435697430338550_n.jpg 1536w\" sizes=\"auto, (max-width: 300px) 100vw, 300px\" \/><figcaption id=\"caption-attachment-3036\" class=\"wp-caption-text\">C\u00e2y gi\u1ed1ng tre \u0111i\u1ec1n tr\u00fac<\/figcaption><\/figure>\n<figure id=\"attachment_3039\" aria-describedby=\"caption-attachment-3039\" style=\"width: 357px\" class=\"wp-caption aligncenter\"><img loading=\"lazy\" decoding=\"async\" class=\"wp-image-3039\" src=\"http:\/\/localhost\/phucan713\/wp-content\/uploads\/2024\/10\/z4797801354569_fef809482ce6afe0603225c0fa39f31f-268x300.jpg\" alt=\"C\u00e2y gi\u1ed1ng tre \u0111i\u1ec1n tr\u00fac giao cho kh\u00e1ch h\u00e0ng\" width=\"357\" height=\"400\" srcset=\"https:\/\/ktech4.k-tech-services.com\/phucan713\/wp-content\/uploads\/2024\/10\/z4797801354569_fef809482ce6afe0603225c0fa39f31f-268x300.jpg 268w, https:\/\/ktech4.k-tech-services.com\/phucan713\/wp-content\/uploads\/2024\/10\/z4797801354569_fef809482ce6afe0603225c0fa39f31f-915x1024.jpg 915w, https:\/\/ktech4.k-tech-services.com\/phucan713\/wp-content\/uploads\/2024\/10\/z4797801354569_fef809482ce6afe0603225c0fa39f31f-768x860.jpg 768w, https:\/\/ktech4.k-tech-services.com\/phucan713\/wp-content\/uploads\/2024\/10\/z4797801354569_fef809482ce6afe0603225c0fa39f31f-510x571.jpg 510w, https:\/\/ktech4.k-tech-services.com\/phucan713\/wp-content\/uploads\/2024\/10\/z4797801354569_fef809482ce6afe0603225c0fa39f31f.jpg 1080w\" sizes=\"auto, (max-width: 357px) 100vw, 357px\" \/><figcaption id=\"caption-attachment-3039\" class=\"wp-caption-text\">C\u00e2y gi\u1ed1ng tre \u0111i\u1ec1n tr\u00fac giao cho kh\u00e1ch h\u00e0ng<\/figcaption><\/figure>\n<p><span style=\"color: #008000;\"><strong><em><i>Ti\u00eau chu\u1ea9n C\u00e2y gi\u1ed1ng <\/i><\/em><em><i>tre \u0111i\u1ec1n tr\u00fac<\/i><\/em><em><i>\u00a0\u0111\u01b0\u1ee3c cung c\u1ea5p b\u1edfi Ph\u00fac An<\/i><\/em><\/strong><\/span><\/p>\n<p>C\u00e2y chi\u1ebft nu\u00f4i b\u1ea7u, ra r\u1ec5 \u1ed5n \u0111\u1ecbnh<\/p>\n<p>Chi\u1ec1u cao c\u00e2y gi\u1ed1ng t\u1eeb 90cm-120cm<\/p>\n<p>C\u00e2y tr\u1ea3i qua quy tr\u00ecnh nh\u00e2n gi\u1ed1ng, d\u01b0\u1ee1ng c\u00e2y con, x\u1ea3 n\u1eafng ho\u00e0n ch\u1ec9nh. \u0110\u1ebfn tay c\u00f4 b\u00e1c s\u1ebd l\u00e0 t\u1eebng c\u00e2y \u0111\u00e3 c\u1ee9ng c\u00e1p \u0111\u00e3 ra c\u01a1i ch\u1ed3i m\u1edbi.<br \/>\nQu\u00fd c\u00f4 b\u00e1c c\u00f3 th\u1ec3 li\u00ean h\u1ec7 tr\u1ef1c ti\u1ebfp qua SDT\/ Zalo 0962.888.014 (<a href=\"http:\/\/localhost\/phucan713\/\" target=\"_blank\" rel=\"noopener\">C\u00e2y Gi\u1ed1ng Ph\u00fac An<\/a>) \u0111\u1ec3 ch\u00fang t\u00f4i t\u01b0 v\u1ea5n v\u00e0 b\u00e1o gi\u00e1 c\u1ee5 th\u1ec3. Xin c\u1ea3m \u01a1n qu\u00fd c\u00f4 b\u00e1c \u0111\u00e3 \u0111\u1eb7t ni\u1ec1m tin v\u1edbi nh\u00e0 v\u01b0\u1eddn.<\/p>\n<p>&gt;&gt; M\u1eddi b\u1ea1n \u0111\u1ecdc th\u00eam: <a href=\"https:\/\/dantri.com.vn\/lao-dong-viec-lam\/nong-dan-xu-dua-thu-nhap-kha-tu-cay-tre-dien-truc-20241026151748656.htm\" target=\"_blank\" rel=\"noopener\"><span style=\"color: #000080;\"><em><strong>N\u00f4ng d\u00e2n x\u1ee9 d\u1eeba thu nh\u1eadp kh\u00e1 t\u1eeb c\u00e2y tre \u0111i\u1ec1n tr\u00fac<\/strong><\/em><\/span><\/a><\/p>\n","protected":false},"excerpt":{"rendered":"<p>* Gi\u00e1 tham kh\u1ea3o cho s\u1ed1 l\u01b0\u1ee3ng t\u1eeb 30 c\u00e2y, c\u00f3 th\u1ec3 thay \u0111\u1ed5i theo th\u1eddi \u0111i\u1ec3m<br \/>\n* Ch\u01b0a bao g\u1ed3m ph\u00ed v\u1eadn chuy\u1ec3n (t\u00f9y theo s\u1ed1 l\u01b0\u1ee3ng c\u00e2y v\u00e0 \u0111\u1ecba \u0111i\u1ec3m giao h\u00e0ng)<\/p>\n","protected":false},"featured_media":3041,"comment_status":"open","ping_status":"closed","template":"","meta":[],"product_brand":[],"product_cat":[37],"product_tag":[],"class_list":{"0":"post-3030","1":"product","2":"type-product","3":"status-publish","4":"has-post-thumbnail","6":"product_cat-cay-giong-khac","8":"first","9":"instock","10":"shipping-taxable","11":"purchasable","12":"product-type-simple"},"_links":{"self":[{"href":"https:\/\/ktech4.k-tech-services.com\/phucan713\/wp-json\/wp\/v2\/product\/3030","targetHints":{"allow":["GET"]}}],"collection":[{"href":"https:\/\/ktech4.k-tech-services.com\/phucan713\/wp-json\/wp\/v2\/product"}],"about":[{"href":"https:\/\/ktech4.k-tech-services.com\/phucan713\/wp-json\/wp\/v2\/types\/product"}],"replies":[{"embeddable":true,"href":"https:\/\/ktech4.k-tech-services.com\/phucan713\/wp-json\/wp\/v2\/comments?post=3030"}],"wp:featuredmedia":[{"embeddable":true,"href":"https:\/\/ktech4.k-tech-services.com\/phucan713\/wp-json\/wp\/v2\/media\/3041"}],"wp:attachment":[{"href":"https:\/\/ktech4.k-tech-services.com\/phucan713\/wp-json\/wp\/v2\/media?parent=3030"}],"wp:term":[{"taxonomy":"product_brand","embeddable":true,"href":"https:\/\/ktech4.k-tech-services.com\/phucan713\/wp-json\/wp\/v2\/product_brand?post=3030"},{"taxonomy":"product_cat","embeddable":true,"href":"https:\/\/ktech4.k-tech-services.com\/phucan713\/wp-json\/wp\/v2\/product_cat?post=3030"},{"taxonomy":"product_tag","embeddable":true,"href":"https:\/\/ktech4.k-tech-services.com\/phucan713\/wp-json\/wp\/v2\/product_tag?post=3030"}],"curies":[{"name":"wp","href":"https:\/\/api.w.org\/{rel}","templated":true}]}}