{"id":3056,"date":"2024-10-04T13:41:22","date_gmt":"2024-10-04T13:41:22","guid":{"rendered":"https:\/\/caygiongphucan.com\/?post_type=product&amp;p=3056"},"modified":"2024-10-04T13:41:22","modified_gmt":"2024-10-04T13:41:22","slug":"cay-giong-tre-manh-tong","status":"publish","type":"product","link":"https:\/\/ktech4.k-tech-services.com\/phucan713\/san-pham\/cay-giong-tre-manh-tong\/","title":{"rendered":"C\u00e2y gi\u1ed1ng tre m\u1ea1nh t\u00f4ng"},"content":{"rendered":"<p><em><i>Gi\u1ed1ng t<\/i><\/em><em><i>re m\u1ea1nh t\u00f4ng c\u00f3 nhi\u1ec1u \u01b0u \u0111i\u1ec3m n\u1ed5i b\u1eadt, mang l\u1ea1i gi\u00e1 tr\u1ecb kinh t\u1ebf cao cho ng\u01b0\u1eddi tr\u1ed3ng. <\/i><\/em><em><i>T<\/i><\/em><em><i>re m\u1ea1nh t\u00f4ng \u0111\u01b0\u1ee3c xem l\u00e0 m\u1ed9t trong nh\u1eefng lo\u1ea1i tre c\u00f3 ti\u1ec1m n\u0103ng ph\u00e1t tri\u1ec3n l\u1edbn \u1edf Vi\u1ec7t Nam.<\/i><\/em><\/p>\n<h2><strong><b>\u0110\u1eb7c \u0111i\u1ec3m n\u1ed5i b\u1eadt c\u1ee7a<\/b><\/strong><strong><b>\u00a0gi\u1ed1ng<\/b><\/strong><strong><b>\u00a0tre <\/b><\/strong><strong><b>m\u1ea1nh t\u00f4ng<\/b><\/strong><\/h2>\n<p>Tre m\u1ea1nh t\u00f4ng l\u00e0 m\u1ed9t lo\u1ea1i tre ph\u1ed5 bi\u1ebfn \u1edf Vi\u1ec7t Nam, \u0111\u01b0\u1ee3c bi\u1ebft \u0111\u1ebfn v\u1edbi nhi\u1ec1u \u0111\u1eb7c \u0111i\u1ec3m n\u1ed5i b\u1eadt v\u00e0 \u1ee9ng d\u1ee5ng \u0111a d\u1ea1ng.<\/p>\n<figure id=\"attachment_3065\" aria-describedby=\"caption-attachment-3065\" style=\"width: 400px\" class=\"wp-caption aligncenter\"><img loading=\"lazy\" decoding=\"async\" class=\"wp-image-3065\" src=\"http:\/\/localhost\/phucan713\/wp-content\/uploads\/2024\/10\/vuon-tre-manh-tong-tieu-bieu-300x225.jpg\" alt=\"V\u01b0\u1eddn tre m\u1ea1nh t\u00f4ng\" width=\"400\" height=\"299\" srcset=\"https:\/\/ktech4.k-tech-services.com\/phucan713\/wp-content\/uploads\/2024\/10\/vuon-tre-manh-tong-tieu-bieu-300x225.jpg 300w, https:\/\/ktech4.k-tech-services.com\/phucan713\/wp-content\/uploads\/2024\/10\/vuon-tre-manh-tong-tieu-bieu-768x575.jpg 768w, https:\/\/ktech4.k-tech-services.com\/phucan713\/wp-content\/uploads\/2024\/10\/vuon-tre-manh-tong-tieu-bieu-510x382.jpg 510w, https:\/\/ktech4.k-tech-services.com\/phucan713\/wp-content\/uploads\/2024\/10\/vuon-tre-manh-tong-tieu-bieu.jpg 803w\" sizes=\"auto, (max-width: 400px) 100vw, 400px\" \/><figcaption id=\"caption-attachment-3065\" class=\"wp-caption-text\">V\u01b0\u1eddn tre m\u1ea1nh t\u00f4ng<\/figcaption><\/figure>\n<h3><em><strong><b>\u0110\u1eb7c \u0111i\u1ec3m h\u00ecnh th\u00e1i<\/b><\/strong><\/em><\/h3>\n<p>Th\u00e2n c\u00e2y: Th\u00e2n th\u1eb3ng, tr\u00f2n \u0111\u1ec1u, cao t\u1eeb 12-15m ho\u1eb7c h\u01a1n, \u0111\u01b0\u1eddng k\u00ednh th\u00e2n kh\u00e1 l\u1edbn, kho\u1ea3ng 5-11cm. L\u00f3ng tre d\u00e0i, v\u00e1ch th\u00e2n d\u00e0y.<\/p>\n<p>L\u00e1: L\u00e1 tre c\u00f3 k\u00edch th\u01b0\u1edbc v\u1eeba ph\u1ea3i, h\u00ecnh m\u0169i m\u00e1c.<\/p>\n<p>M\u0103ng: M\u0103ng tre m\u1ea1nh t\u00f4ng c\u00f3 l\u1edbp v\u1ecf ngo\u00e0i m\u00e0u n\u00e2u \u0111en, th\u1ecbt m\u0103ng tr\u1eafng, gi\u00f2n v\u00e0 ng\u1ecdt. M\u0103ng th\u01b0\u1eddng \u0111\u01b0\u1ee3c thu ho\u1ea1ch quanh n\u0103m.<\/p>\n<p>H\u1ec7 r\u1ec5: H\u1ec7 r\u1ec5 ph\u00e1t tri\u1ec3n m\u1ea1nh, b\u00e1m s\u00e2u v\u00e0o \u0111\u1ea5t, gi\u00fap c\u00e2y c\u1ed1 \u0111\u1ecbnh t\u1ed1t v\u00e0 ch\u1ecbu \u0111\u01b0\u1ee3c \u0111i\u1ec1u ki\u1ec7n kh\u1eafc nghi\u1ec7t.<\/p>\n<h3><em><strong><b>\u0110\u1eb7c \u0111i\u1ec3m sinh tr\u01b0\u1edfng<\/b><\/strong><\/em><\/h3>\n<p>T\u1ed1c \u0111\u1ed9 sinh tr\u01b0\u1edfng: Tre m\u1ea1nh t\u00f4ng sinh tr\u01b0\u1edfng nhanh, kh\u1ea3 n\u0103ng t\u00e1i sinh m\u1ea1nh m\u1ebd.<\/p>\n<p>Kh\u1ea3 n\u0103ng th\u00edch nghi: Lo\u00e0i tre n\u00e0y c\u00f3 kh\u1ea3 n\u0103ng th\u00edch nghi t\u1ed1t v\u1edbi nhi\u1ec1u lo\u1ea1i \u0111\u1ea5t kh\u00e1c nhau, t\u1eeb \u0111\u1ea5t s\u00e9t \u0111\u1ebfn \u0111\u1ea5t c\u00e1t. Tuy nhi\u00ean, tre m\u1ea1nh t\u00f4ng \u01b0a s\u00e1ng n\u00ean c\u1ea7n tr\u1ed3ng \u1edf n\u01a1i c\u00f3 \u0111\u1ee7 \u00e1nh s\u00e1ng.<\/p>\n<p>Kh\u1ea3 n\u0103ng ch\u1ecbu h\u1ea1n: Tre m\u1ea1nh t\u00f4ng c\u00f3 kh\u1ea3 n\u0103ng ch\u1ecbu h\u1ea1n kh\u00e1 t\u1ed1t, nh\u01b0ng v\u1eabn c\u1ea7n \u0111\u01b0\u1ee3c t\u01b0\u1edbi n\u01b0\u1edbc \u0111\u1ea7y \u0111\u1ee7 trong m\u00f9a kh\u00f4.<\/p>\n<h3><strong><b>\u1ee8ng d\u1ee5ng c\u00e2y tre m\u1ea1nh t\u00f4ng<\/b><\/strong><\/h3>\n<figure id=\"attachment_3064\" aria-describedby=\"caption-attachment-3064\" style=\"width: 400px\" class=\"wp-caption aligncenter\"><img loading=\"lazy\" decoding=\"async\" class=\"wp-image-3064\" src=\"http:\/\/localhost\/phucan713\/wp-content\/uploads\/2024\/10\/thu-hoach-mang-tre-manh-tong-300x200.jpg\" alt=\"M\u0103ng tre m\u1ea1nh t\u00f4ng\" width=\"400\" height=\"267\" srcset=\"https:\/\/ktech4.k-tech-services.com\/phucan713\/wp-content\/uploads\/2024\/10\/thu-hoach-mang-tre-manh-tong-300x200.jpg 300w, https:\/\/ktech4.k-tech-services.com\/phucan713\/wp-content\/uploads\/2024\/10\/thu-hoach-mang-tre-manh-tong-768x512.jpg 768w, https:\/\/ktech4.k-tech-services.com\/phucan713\/wp-content\/uploads\/2024\/10\/thu-hoach-mang-tre-manh-tong-510x340.jpg 510w, https:\/\/ktech4.k-tech-services.com\/phucan713\/wp-content\/uploads\/2024\/10\/thu-hoach-mang-tre-manh-tong.jpg 896w\" sizes=\"auto, (max-width: 400px) 100vw, 400px\" \/><figcaption id=\"caption-attachment-3064\" class=\"wp-caption-text\">M\u0103ng tre m\u1ea1nh t\u00f4ng<\/figcaption><\/figure>\n<p>L\u1ea5y m\u0103ng: \u0110\u00e2y l\u00e0 m\u1ee5c \u0111\u00edch ch\u00ednh khi tr\u1ed3ng tre m\u1ea1nh t\u00f4ng. M\u0103ng tre c\u00f3 gi\u00e1 tr\u1ecb dinh d\u01b0\u1ee1ng cao, \u0111\u01b0\u1ee3c s\u1eed d\u1ee5ng r\u1ed9ng r\u00e3i trong \u1ea9m th\u1ef1c.<\/p>\n<p>L\u00e0m nguy\u00ean li\u1ec7u: Th\u00e2n tre \u0111\u01b0\u1ee3c s\u1eed d\u1ee5ng \u0111\u1ec3 l\u00e0m \u0111\u1ed3 th\u1ee7 c\u00f4ng m\u1ef9 ngh\u1ec7, v\u1eadt li\u1ec7u x\u00e2y d\u1ef1ng, l\u00e0m c\u1ed9t nh\u00e0, l\u00e0m h\u00e0ng r\u00e0o&#8230;<\/p>\n<p>Ch\u1ed1ng x\u00f3i m\u00f2n: Tre m\u1ea1nh t\u00f4ng c\u00f3 h\u1ec7 r\u1ec5 ph\u00e1t tri\u1ec3n m\u1ea1nh, gi\u00fap c\u1ed1 \u0111\u1ecbnh \u0111\u1ea5t, ch\u1ed1ng x\u00f3i m\u00f2n.<\/p>\n<h2><strong><b>\u01afu \u0111i\u1ec3m c\u1ee7a gi\u1ed1ng tre m\u1ea1nh t\u00f4ng<\/b><\/strong><\/h2>\n<p>S\u1ea3n l\u01b0\u1ee3ng m\u0103ng cao: Tre m\u1ea1nh t\u00f4ng cho s\u1ea3n l\u01b0\u1ee3ng m\u0103ng \u1ed5n \u0111\u1ecbnh v\u00e0 quanh n\u0103m.<\/p>\n<p>D\u1ec5 tr\u1ed3ng, d\u1ec5 ch\u0103m s\u00f3c: Tre m\u1ea1nh t\u00f4ng kh\u00f4ng \u0111\u00f2i h\u1ecfi k\u1ef9 thu\u1eadt tr\u1ed3ng qu\u00e1 cao.<\/p>\n<p>Nhi\u1ec1u c\u00f4ng d\u1ee5ng: Tre m\u1ea1nh t\u00f4ng c\u00f3 nhi\u1ec1u \u1ee9ng d\u1ee5ng trong \u0111\u1eddi s\u1ed1ng v\u00e0 s\u1ea3n xu\u1ea5t<\/p>\n<h2><strong>C\u00e2y tre m\u1ea1nh t\u00f4ng tr\u1ed3ng m\u1ea5y n\u0103m thu ho\u1ea1ch?<\/strong><\/h2>\n<figure id=\"attachment_3063\" aria-describedby=\"caption-attachment-3063\" style=\"width: 400px\" class=\"wp-caption aligncenter\"><img loading=\"lazy\" decoding=\"async\" class=\"wp-image-3063\" src=\"http:\/\/localhost\/phucan713\/wp-content\/uploads\/2024\/10\/mang-manh-tong-3-300x205.jpg\" alt=\"Tre m\u1ea1nh t\u00f4ng 2-3 n\u0103m b\u1eaft \u0111\u1ea7u cho thu ho\u1ea1ch m\u0103ng\" width=\"400\" height=\"273\" srcset=\"https:\/\/ktech4.k-tech-services.com\/phucan713\/wp-content\/uploads\/2024\/10\/mang-manh-tong-3-300x205.jpg 300w, https:\/\/ktech4.k-tech-services.com\/phucan713\/wp-content\/uploads\/2024\/10\/mang-manh-tong-3-768x524.jpg 768w, https:\/\/ktech4.k-tech-services.com\/phucan713\/wp-content\/uploads\/2024\/10\/mang-manh-tong-3-510x348.jpg 510w, https:\/\/ktech4.k-tech-services.com\/phucan713\/wp-content\/uploads\/2024\/10\/mang-manh-tong-3.jpg 875w\" sizes=\"auto, (max-width: 400px) 100vw, 400px\" \/><figcaption id=\"caption-attachment-3063\" class=\"wp-caption-text\">Tre m\u1ea1nh t\u00f4ng 2-3 n\u0103m b\u1eaft \u0111\u1ea7u cho thu ho\u1ea1ch m\u0103ng<\/figcaption><\/figure>\n<p>C\u00e2y tre m\u1ea1nh t\u00f4ng c\u00f3 th\u1ec3 cho thu ho\u1ea1ch m\u0103ng sau kho\u1ea3ng 2-3 n\u0103m tr\u1ed3ng. T\u1eeb n\u0103m th\u1ee9 3 tr\u1edf \u0111i, c\u00e2y tre s\u1ebd cho m\u0103ng nhi\u1ec1u v\u00e0 \u1ed5n \u0111\u1ecbnh h\u01a1n.<\/p>\n<h2><strong><b>N\u0103ng su\u1ea5t c\u1ee7a gi\u1ed1ng tre m\u1ea1nh t\u00f4ng<\/b><\/strong><\/h2>\n<figure id=\"attachment_3061\" aria-describedby=\"caption-attachment-3061\" style=\"width: 302px\" class=\"wp-caption aligncenter\"><img loading=\"lazy\" decoding=\"async\" class=\"wp-image-3061\" src=\"http:\/\/localhost\/phucan713\/wp-content\/uploads\/2024\/10\/461517895_2539534012901536_6346182782404647405_n-1-226x300.jpg\" alt=\"Thu ho\u1ea1ch m\u0103ng tre m\u1ea1nh t\u00f4ng\" width=\"302\" height=\"400\" srcset=\"https:\/\/ktech4.k-tech-services.com\/phucan713\/wp-content\/uploads\/2024\/10\/461517895_2539534012901536_6346182782404647405_n-1-226x300.jpg 226w, https:\/\/ktech4.k-tech-services.com\/phucan713\/wp-content\/uploads\/2024\/10\/461517895_2539534012901536_6346182782404647405_n-1-773x1024.jpg 773w, https:\/\/ktech4.k-tech-services.com\/phucan713\/wp-content\/uploads\/2024\/10\/461517895_2539534012901536_6346182782404647405_n-1-768x1018.jpg 768w, https:\/\/ktech4.k-tech-services.com\/phucan713\/wp-content\/uploads\/2024\/10\/461517895_2539534012901536_6346182782404647405_n-1-510x676.jpg 510w, https:\/\/ktech4.k-tech-services.com\/phucan713\/wp-content\/uploads\/2024\/10\/461517895_2539534012901536_6346182782404647405_n-1.jpg 919w\" sizes=\"auto, (max-width: 302px) 100vw, 302px\" \/><figcaption id=\"caption-attachment-3061\" class=\"wp-caption-text\">Thu ho\u1ea1ch m\u0103ng tre m\u1ea1nh t\u00f4ng<\/figcaption><\/figure>\n<p>Sau 3 n\u0103m tr\u1edf l\u00ean, tre m\u1ea1nh t\u00f4ng s\u1ebd cho n\u0103ng su\u1ea5t \u1ed5n \u0111\u1ecbnh v\u00e0 cao nh\u1ea5t. M\u1ed9t b\u1ee5i tre kh\u1ecfe m\u1ea1nh c\u00f3 th\u1ec3 cho t\u1eeb 50-80kg m\u0103ng\/n\u0103m.<\/p>\n<p><strong><em><b><i>L\u01b0u \u00fd<\/i><\/b><\/em><\/strong><\/p>\n<p>Thu ho\u1ea1ch \u0111\u00fang k\u1ef9 thu\u1eadt: \u0110\u1ec3 \u0111\u1ea3m b\u1ea3o c\u00e2y tre ph\u00e1t tri\u1ec3n b\u1ec1n v\u1eefng, c\u1ea7n thu ho\u1ea1ch m\u0103ng \u0111\u00fang k\u1ef9 thu\u1eadt, kh\u00f4ng l\u00e0m t\u1ed5n th\u01b0\u01a1ng \u0111\u1ebfn g\u1ed1c tre.<\/p>\n<p>Ch\u0103m s\u00f3c sau thu ho\u1ea1ch: Sau m\u1ed7i v\u1ee5 thu ho\u1ea1ch, c\u1ea7n b\u00f3n ph\u00e2n b\u1ed5 sung dinh d\u01b0\u1ee1ng cho c\u00e2y \u0111\u1ec3 c\u00e2y ph\u1ee5c h\u1ed3i v\u00e0 ph\u00e1t tri\u1ec3n m\u0103ng v\u1ee5 sau.<\/p>\n<h2><strong><b>Kho\u1ea3ng c\u00e1ch tr\u1ed3ng tre m\u1ea1nh t\u00f4ng<\/b><\/strong><\/h2>\n<p>M\u1eadt \u0111\u1ed9 tr\u1ed3ng: Kho\u1ea3ng 500 c\u00e2y\/ha. Kho\u1ea3ng c\u00e1ch: C\u00e2y c\u00e1ch c\u00e2y 4m, h\u00e0ng c\u00e1ch h\u00e0ng 5m.<\/p>\n<p>Tuy nhi\u00ean, kho\u1ea3ng c\u00e1ch n\u00e0y c\u00f3 th\u1ec3 \u0111i\u1ec1u ch\u1ec9nh t\u00f9y thu\u1ed9c v\u00e0o:<\/p>\n<ul>\n<li>\u0110\u1ecba h\u00ecnh: \u0110\u1ea5t b\u1eb1ng ph\u1eb3ng, d\u1ec5 tho\u00e1t n\u01b0\u1edbc th\u00ec c\u00f3 th\u1ec3 tr\u1ed3ng d\u00e0y h\u01a1n m\u1ed9t ch\u00fat.<\/li>\n<li>M\u1ee5c \u0111\u00edch tr\u1ed3ng: N\u1ebfu tr\u1ed3ng \u0111\u1ec3 l\u1ea5y m\u0103ng, c\u00f3 th\u1ec3 tr\u1ed3ng d\u00e0y h\u01a1n \u0111\u1ec3 t\u0103ng n\u0103ng su\u1ea5t. N\u1ebfu tr\u1ed3ng \u0111\u1ec3 l\u1ea5y g\u1ed7, c\u00f3 th\u1ec3 tr\u1ed3ng th\u01b0a h\u01a1n \u0111\u1ec3 c\u00e2y ph\u00e1t tri\u1ec3n th\u00e2n to.<\/li>\n<\/ul>\n<h2><strong><b>K\u1ef9 thu\u1eadt tr\u1ed3ng tre m\u1ea1nh t\u00f4ng cho n\u0103ng su\u1ea5t cao t\u1eeb nh\u00e0 v\u01b0\u1eddn c\u00f3 nhi\u1ec1u kinh nghi\u1ec7m<\/b><\/strong><\/h2>\n<p>Tr\u1ed3ng tre m\u1ea1nh t\u00f4ng kh\u00f4ng qu\u00e1 kh\u00f3, nh\u01b0ng \u0111\u1ec3 c\u00f3 nh\u1eefng b\u1ee5i tre sai m\u0103ng, m\u0103ng to, ng\u1ecdt th\u00ec c\u1ea7n c\u00f3 nh\u1eefng k\u1ef9 thu\u1eadt ch\u0103m s\u00f3c ph\u00f9 h\u1ee3p.<\/p>\n<ul>\n<li>Tr\u1ed3ng ri\u00eang, tr\u00e1nh \u1ea3nh h\u01b0\u1edfng c\u00e2y kh\u00e1c: Do \u0111\u1eb7c t\u00ednh che b\u00f3ng v\u00e0 r\u1ec5 h\u00fat dinh d\u01b0\u1ee1ng m\u1ea1nh, tre m\u1ea1nh t\u00f4ng n\u00ean \u0111\u01b0\u1ee3c tr\u1ed3ng ri\u00eang \u0111\u1ec3 kh\u00f4ng \u1ea3nh h\u01b0\u1edfng \u0111\u1ebfn s\u1ef1 ph\u00e1t tri\u1ec3n c\u1ee7a c\u00e1c lo\u1ea1i c\u00e2y tr\u1ed3ng kh\u00e1c.<\/li>\n<li>T\u01b0\u1edbi n\u01b0\u1edbc \u0111\u1ec1u \u0111\u1eb7n, b\u00f3n ph\u00e2n h\u1ee3p l\u00fd: N\u01b0\u1edbc v\u00e0 dinh d\u01b0\u1ee1ng l\u00e0 y\u1ebfu t\u1ed1 quy\u1ebft \u0111\u1ecbnh s\u1ef1 sinh tr\u01b0\u1edfng c\u1ee7a c\u00e2y tre. Vi\u1ec7c t\u01b0\u1edbi n\u01b0\u1edbc th\u01b0\u1eddng xuy\u00ean k\u1ebft h\u1ee3p v\u1edbi b\u00f3n ph\u00e2n \u0111\u1ecbnh k\u1ef3, \u0111\u00fang li\u1ec1u l\u01b0\u1ee3ng s\u1ebd gi\u00fap c\u00e2y ph\u00e1t tri\u1ec3n kh\u1ecfe m\u1ea1nh v\u00e0 cho nhi\u1ec1u m\u0103ng.<\/li>\n<li>K\u1ef9 thu\u1eadt ch\u1eeba c\u00e2y m\u1eb9: \u0110\u1ec3 duy tr\u00ec v\u00e0 ph\u00e1t tri\u1ec3n b\u1ee5i tre, ng\u01b0\u1eddi tr\u1ed3ng c\u1ea7n n\u1eafm v\u1eefng k\u1ef9 thu\u1eadt ch\u1eeba c\u00e2y m\u1eb9. C\u1ee5 th\u1ec3, m\u1ed7i b\u1ee5i tre n\u00ean gi\u1eef l\u1ea1i 2-3 c\u00e2y kho\u1ea3ng 3 n\u0103m tu\u1ed5i v\u00e0 d\u01b0\u1ee1ng th\u00eam 2-3 c\u00e2y 1 n\u0103m tu\u1ed5i. \u0110i\u1ec1u n\u00e0y gi\u00fap \u0111\u1ea3m b\u1ea3o s\u1ef1 c\u00e2n b\u1eb1ng gi\u1eefa c\u00e2y gi\u00e0 v\u00e0 c\u00e2y non, t\u1eeb \u0111\u00f3 cho n\u0103ng su\u1ea5t m\u0103ng \u1ed5n \u0111\u1ecbnh.<\/li>\n<\/ul>\n<p>&nbsp;<\/p>\n<h2><strong><b>Gi\u00e1 c\u00e2y gi\u1ed1ng <\/b><\/strong><strong><b>tre m\u1ea1nh t\u00f4ng<\/b><\/strong><\/h2>\n<p>Gi\u00e1 c\u00e2y gi\u1ed1ng tre m\u1ea1nh t\u00f4ng t\u1ea1i v\u01b0\u1eddn Ph\u00fac An dao \u0111\u1ed9ng t\u1eeb 42.000 &#8211; 55.000\/ c\u00e2y. T\u00f9y theo l\u00f4 c\u00e2y, s\u1ed1 l\u01b0\u1ee3ng \u0111\u1eb7t s\u1ebd c\u00f3 m\u1ee9c gi\u00e1 kh\u00e1c nhau. Ch\u00fang t\u00f4i lu\u00f4n c\u1ed1 g\u1eafng gi\u1eef m\u1ee9c gi\u00e1 ph\u1ea3i ch\u0103ng \u0111\u1ec3 m\u1ecdi kh\u00e1ch h\u00e0ng c\u00f3 th\u1ec3 ch\u1ecdn mua nh\u1eefng c\u00e2y gi\u1ed1ng th\u1eadt t\u1ed1t cho khu v\u01b0\u1eddn c\u1ee7a m\u00ecnh.<\/p>\n<h2><strong><b>Mua c\u00e2y gi\u1ed1ng <\/b><\/strong><strong><b>tre m\u1ea1nh t\u00f4ng<\/b><\/strong><strong><b>\u00a0\u1edf \u0111\u00e2u<\/b><\/strong><strong><b>?<\/b><\/strong><\/h2>\n<p>C\u00e2y gi\u1ed1ng Ph\u00fac An cung c\u1ea5p c\u00e2y gi\u1ed1ng\u00a0tre m\u1ea1nh t\u00f4ng\u00a0ch\u1ea5t l\u01b0\u1ee3ng, \u0111\u01b0\u1ee3c b\u1ea3o h\u00e0nh \u0111\u00fang gi\u1ed1ng. V\u01b0\u1eddn nh\u00e2n gi\u1ed1ng c\u1ee7a Ph\u00fac An \u0111\u01b0\u1ee3c ch\u1ecdn l\u1ef1a k\u1ef9 l\u01b0\u1ee1ng, l\u00e0 v\u01b0\u1eddn \u0111\u00e3 cho m\u0103ng\u00a0chu\u1ea9n v\u00e0 \u1ed5n \u0111\u1ecbnh. C\u00e2y con l\u00e0m gi\u1ed1ng \u0111\u01b0\u1ee3c tuy\u1ec3n ch\u1ecdn kh\u1ecfe m\u1ea1nh xanh t\u1ed1t.<\/p>\n<figure id=\"attachment_3057\" aria-describedby=\"caption-attachment-3057\" style=\"width: 344px\" class=\"wp-caption aligncenter\"><img loading=\"lazy\" decoding=\"async\" class=\"wp-image-3057\" src=\"http:\/\/localhost\/phucan713\/wp-content\/uploads\/2024\/10\/z5865259627397_e7ea4db2aa2c37e4f4d3395446b11f1d-1-258x300.jpg\" alt=\"C\u00e2y gi\u1ed1ng tre m\u1ea1nh t\u00f4ng Ph\u00fac An B\u1ebfn Tre cung c\u1ea5p\" width=\"344\" height=\"400\" srcset=\"https:\/\/ktech4.k-tech-services.com\/phucan713\/wp-content\/uploads\/2024\/10\/z5865259627397_e7ea4db2aa2c37e4f4d3395446b11f1d-1-258x300.jpg 258w, https:\/\/ktech4.k-tech-services.com\/phucan713\/wp-content\/uploads\/2024\/10\/z5865259627397_e7ea4db2aa2c37e4f4d3395446b11f1d-1-882x1024.jpg 882w, https:\/\/ktech4.k-tech-services.com\/phucan713\/wp-content\/uploads\/2024\/10\/z5865259627397_e7ea4db2aa2c37e4f4d3395446b11f1d-1-768x892.jpg 768w, https:\/\/ktech4.k-tech-services.com\/phucan713\/wp-content\/uploads\/2024\/10\/z5865259627397_e7ea4db2aa2c37e4f4d3395446b11f1d-1-510x592.jpg 510w, https:\/\/ktech4.k-tech-services.com\/phucan713\/wp-content\/uploads\/2024\/10\/z5865259627397_e7ea4db2aa2c37e4f4d3395446b11f1d-1.jpg 960w\" sizes=\"auto, (max-width: 344px) 100vw, 344px\" \/><figcaption id=\"caption-attachment-3057\" class=\"wp-caption-text\">C\u00e2y gi\u1ed1ng tre m\u1ea1nh t\u00f4ng Ph\u00fac An B\u1ebfn Tre cung c\u1ea5p<\/figcaption><\/figure>\n<figure id=\"attachment_3060\" aria-describedby=\"caption-attachment-3060\" style=\"width: 299px\" class=\"wp-caption aligncenter\"><img loading=\"lazy\" decoding=\"async\" class=\"wp-image-3060\" src=\"http:\/\/localhost\/phucan713\/wp-content\/uploads\/2024\/10\/458798448_1248228029641923_7935632653041396168_n-224x300.jpg\" alt=\"V\u01b0\u1eddn \u01b0\u01a1m tre m\u1ea1nh t\u00f4ng \u1edf B\u1ebfn Tre\" width=\"299\" height=\"400\" srcset=\"https:\/\/ktech4.k-tech-services.com\/phucan713\/wp-content\/uploads\/2024\/10\/458798448_1248228029641923_7935632653041396168_n-224x300.jpg 224w, https:\/\/ktech4.k-tech-services.com\/phucan713\/wp-content\/uploads\/2024\/10\/458798448_1248228029641923_7935632653041396168_n-764x1024.jpg 764w, https:\/\/ktech4.k-tech-services.com\/phucan713\/wp-content\/uploads\/2024\/10\/458798448_1248228029641923_7935632653041396168_n-768x1029.jpg 768w, https:\/\/ktech4.k-tech-services.com\/phucan713\/wp-content\/uploads\/2024\/10\/458798448_1248228029641923_7935632653041396168_n-1146x1536.jpg 1146w, https:\/\/ktech4.k-tech-services.com\/phucan713\/wp-content\/uploads\/2024\/10\/458798448_1248228029641923_7935632653041396168_n-510x683.jpg 510w, https:\/\/ktech4.k-tech-services.com\/phucan713\/wp-content\/uploads\/2024\/10\/458798448_1248228029641923_7935632653041396168_n.jpg 1504w\" sizes=\"auto, (max-width: 299px) 100vw, 299px\" \/><figcaption id=\"caption-attachment-3060\" class=\"wp-caption-text\">V\u01b0\u1eddn \u01b0\u01a1m tre m\u1ea1nh t\u00f4ng \u1edf B\u1ebfn Tre<\/figcaption><\/figure>\n<p><span style=\"font-size: 100%; color: #008000;\"><strong><b>Ti\u00eau chu\u1ea9n C\u00e2y gi\u1ed1ng <\/b><\/strong><strong><b>tre m\u1ea1nh t\u00f4ng<\/b><\/strong><strong><b>\u00a0\u0111\u01b0\u1ee3c cung c\u1ea5p b\u1edfi Ph\u00fac An<\/b><\/strong><\/span><\/p>\n<ul>\n<li>C\u00e2y chi\u1ebft nu\u00f4i b\u1ea7u, ra r\u1ec5 \u1ed5n \u0111\u1ecbnh<\/li>\n<li>Chi\u1ec1u cao th\u00e2n 55-60cm, chi\u1ec1u cao t\u01b0\u1ee3c 50-60cm, nu\u00f4i trong b\u1ea7u ho\u1eb7c ch\u1eadu c6<\/li>\n<\/ul>\n<p>C\u00e2y tr\u1ea3i qua quy tr\u00ecnh nh\u00e2n gi\u1ed1ng, d\u01b0\u1ee1ng c\u00e2y con, x\u1ea3 n\u1eafng ho\u00e0n ch\u1ec9nh. \u0110\u1ebfn tay c\u00f4 b\u00e1c s\u1ebd l\u00e0 t\u1eebng c\u00e2y \u0111\u00e3 c\u1ee9ng c\u00e1p \u0111\u00e3 ra c\u01a1i ch\u1ed3i m\u1edbi.<br \/>\nQu\u00fd c\u00f4 b\u00e1c c\u00f3 th\u1ec3 li\u00ean h\u1ec7 tr\u1ef1c ti\u1ebfp qua SDT\/ Zalo 0962.888.014 (<a href=\"http:\/\/localhost\/phucan713\/\" target=\"_blank\" rel=\"noopener\">C\u00e2y Gi\u1ed1ng Ph\u00fac An<\/a>) \u0111\u1ec3 ch\u00fang t\u00f4i t\u01b0 v\u1ea5n v\u00e0 b\u00e1o gi\u00e1 c\u1ee5 th\u1ec3. Xin c\u1ea3m \u01a1n qu\u00fd c\u00f4 b\u00e1c \u0111\u00e3 \u0111\u1eb7t ni\u1ec1m tin v\u1edbi nh\u00e0 v\u01b0\u1eddn.<\/p>\n<blockquote><p><span style=\"color: #000080;\"><em><strong>&gt; M\u1eddi b\u1ea1n \u0111\u1ecdc th\u00eam: <a style=\"color: #000080;\" href=\"https:\/\/danviet.vn\/giong-tre-manh-tong-nhu-cay-noi-dong-coi-da-moc-mang-ngon-o-ha-tinh-dan-dang-giau-len-20250311101046357-d1214987.html\" target=\"_blank\" rel=\"noopener\">Tr\u1ed3ng c\u00e2y &#8220;n\u1ed3i \u0111\u1ed3ng c\u1ed1i \u0111\u00e1&#8221; h\u00f3a &#8220;rau ngon&#8221;, n\u00f4ng d\u00e2n m\u1ed9t x\u00e3 \u1edf H\u00e0 T\u0129nh h\u1ec5 \u0111\u00e0o c\u1ee7 l\u00ean b\u00e1n l\u00e0 h\u1ebft veo?<\/a><\/strong><\/em><\/span><\/p><\/blockquote>\n<p>&nbsp;<\/p>\n","protected":false},"excerpt":{"rendered":"<p>* Gi\u00e1 tham kh\u1ea3o cho s\u1ed1 l\u01b0\u1ee3ng t\u1eeb 30 c\u00e2y, c\u00f3 th\u1ec3 thay \u0111\u1ed5i theo th\u1eddi \u0111i\u1ec3m<br \/>\n* Ch\u01b0a bao g\u1ed3m ph\u00ed v\u1eadn chuy\u1ec3n (t\u00f9y theo s\u1ed1 l\u01b0\u1ee3ng c\u00e2y v\u00e0 \u0111\u1ecba \u0111i\u1ec3m giao h\u00e0ng)<\/p>\n","protected":false},"featured_media":3057,"comment_status":"open","ping_status":"closed","template":"","meta":[],"product_brand":[],"product_cat":[102],"product_tag":[],"class_list":{"0":"post-3056","1":"product","2":"type-product","3":"status-publish","4":"has-post-thumbnail","6":"product_cat-giong-tre","8":"first","9":"instock","10":"shipping-taxable","11":"purchasable","12":"product-type-simple"},"_links":{"self":[{"href":"https:\/\/ktech4.k-tech-services.com\/phucan713\/wp-json\/wp\/v2\/product\/3056","targetHints":{"allow":["GET"]}}],"collection":[{"href":"https:\/\/ktech4.k-tech-services.com\/phucan713\/wp-json\/wp\/v2\/product"}],"about":[{"href":"https:\/\/ktech4.k-tech-services.com\/phucan713\/wp-json\/wp\/v2\/types\/product"}],"replies":[{"embeddable":true,"href":"https:\/\/ktech4.k-tech-services.com\/phucan713\/wp-json\/wp\/v2\/comments?post=3056"}],"wp:featuredmedia":[{"embeddable":true,"href":"https:\/\/ktech4.k-tech-services.com\/phucan713\/wp-json\/wp\/v2\/media\/3057"}],"wp:attachment":[{"href":"https:\/\/ktech4.k-tech-services.com\/phucan713\/wp-json\/wp\/v2\/media?parent=3056"}],"wp:term":[{"taxonomy":"product_brand","embeddable":true,"href":"https:\/\/ktech4.k-tech-services.com\/phucan713\/wp-json\/wp\/v2\/product_brand?post=3056"},{"taxonomy":"product_cat","embeddable":true,"href":"https:\/\/ktech4.k-tech-services.com\/phucan713\/wp-json\/wp\/v2\/product_cat?post=3056"},{"taxonomy":"product_tag","embeddable":true,"href":"https:\/\/ktech4.k-tech-services.com\/phucan713\/wp-json\/wp\/v2\/product_tag?post=3056"}],"curies":[{"name":"wp","href":"https:\/\/api.w.org\/{rel}","templated":true}]}}