{"id":3082,"date":"2024-10-12T13:27:07","date_gmt":"2024-10-12T13:27:07","guid":{"rendered":"https:\/\/caygiongphucan.com\/?post_type=product&amp;p=3082"},"modified":"2024-10-12T13:27:07","modified_gmt":"2024-10-12T13:27:07","slug":"cay-giong-so-ri","status":"publish","type":"product","link":"https:\/\/ktech4.k-tech-services.com\/phucan713\/san-pham\/cay-giong-so-ri\/","title":{"rendered":"C\u00e2y gi\u1ed1ng s\u01a1 ri"},"content":{"rendered":"<p><em>Gi\u1ed1ng s\u01a1 ri, m\u1ed9t lo\u1ea1i tr\u00e1i c\u00e2y nhi\u1ec7t \u0111\u1edbi nh\u1ecf b\u00e9 nh\u01b0ng ch\u1ee9a \u0111\u1ef1ng v\u00f4 v\u00e0n gi\u00e1 tr\u1ecb dinh d\u01b0\u1ee1ng v\u00e0 kinh t\u1ebf. V\u1edbi h\u01b0\u01a1ng v\u1ecb chua ng\u1ecdt \u0111\u1eb7c tr\u01b0ng, s\u01a1 ri kh\u00f4ng ch\u1ec9 l\u00e0 m\u00f3n \u0103n tr\u00e1ng mi\u1ec7ng y\u00eau th\u00edch m\u00e0 c\u00f2n l\u00e0 nguy\u00ean li\u1ec7u ch\u1ebf bi\u1ebfn nhi\u1ec1u m\u00f3n \u0103n, th\u1ee9c u\u1ed1ng h\u1ea5p d\u1eabn. N\u1ebfu b\u1ea1n \u0111ang t\u00ecm ki\u1ebfm m\u1ed9t lo\u1ea1i c\u00e2y tr\u1ed3ng d\u1ec5 ch\u0103m s\u00f3c, n\u0103ng su\u1ea5t cao v\u00e0 mang l\u1ea1i l\u1ee3i nhu\u1eadn kinh t\u1ebf th\u00ec s\u01a1 ri ch\u00ednh l\u00e0 l\u1ef1a ch\u1ecdn ho\u00e0n h\u1ea3o.<\/em><\/p>\n<h2><strong><b>\u0110\u1eb7c \u0111i\u1ec3m c\u1ee7a gi\u1ed1ng s\u01a1 ri<\/b><\/strong><\/h2>\n<p>C\u00e2y s\u01a1 ri c\u00f3 chi\u1ec1u cao trung b\u00ecnh, t\u00e1n l\u00e1 r\u1ed9ng, ch\u1ecbu h\u1ea1n t\u1ed1t v\u00e0 th\u00edch nghi v\u1edbi nhi\u1ec1u lo\u1ea1i \u0111\u1ea5t. tr\u00e1i\u00a0s\u01a1 ri c\u00f3 h\u00ecnh tr\u00f2n ho\u1eb7c b\u1ea7u d\u1ee5c, v\u1ecf m\u1ecfng, th\u1ecbt tr\u00e1i\u00a0m\u1ec1m v\u00e0 m\u1ecdng n\u01b0\u1edbc. M\u00e0u s\u1eafc c\u1ee7a tr\u00e1i\u00a0s\u01a1 ri khi ch\u00edn th\u01b0\u1eddng c\u00f3 m\u00e0u \u0111\u1ecf t\u01b0\u01a1i ho\u1eb7c v\u00e0ng cam r\u1ea5t b\u1eaft m\u1eaft.<\/p>\n<h2><strong><b>L\u1ee3i \u00edch s\u1ee9c kh\u1ecfe t\u1eeb tr\u00e1i s\u01a1 ri<\/b><\/strong><\/h2>\n<p>Ngu\u1ed3n vitamin c d\u1ed3i d\u00e0o: S\u01a1 ri l\u00e0 m\u1ed9t trong nh\u1eefng lo\u1ea1i tr\u00e1i c\u00e2y ch\u1ee9a nhi\u1ec1u vitamin c nh\u1ea5t, gi\u00fap t\u0103ng c\u01b0\u1eddng h\u1ec7 mi\u1ec5n d\u1ecbch, b\u1ea3o v\u1ec7 c\u01a1 th\u1ec3 kh\u1ecfi c\u00e1c b\u1ec7nh nhi\u1ec5m tr\u00f9ng.<\/p>\n<p>Ch\u1ed1ng oxy h\u00f3a: C\u00e1c ch\u1ea5t ch\u1ed1ng oxy h\u00f3a trong s\u01a1 ri gi\u00fap ng\u0103n ng\u1eeba qu\u00e1 tr\u00ecnh l\u00e3o h\u00f3a, b\u1ea3o v\u1ec7 t\u1ebf b\u00e0o kh\u1ecfi t\u1ed5n th\u01b0\u01a1ng do g\u1ed1c t\u1ef1 do g\u00e2y ra.<\/p>\n<p>T\u1ed1t cho tim m\u1ea1ch: Kali c\u00f3 trong s\u01a1 ri gi\u00fap \u0111i\u1ec1u h\u00f2a huy\u1ebft \u00e1p, gi\u1ea3m nguy c\u01a1 m\u1eafc c\u00e1c b\u1ec7nh tim m\u1ea1ch.<\/p>\n<p>H\u1ed7 tr\u1ee3 ti\u00eau h\u00f3a: Ch\u1ea5t x\u01a1 trong s\u01a1 ri gi\u00fap c\u1ea3i thi\u1ec7n h\u1ec7 ti\u00eau h\u00f3a, ng\u0103n ng\u1eeba t\u00e1o b\u00f3n.<\/p>\n<h2><strong><b>\u01afu \u0111i\u1ec3m tuy\u1ec7t v\u1eddi c\u1ee7a c\u00e2y s\u01a1 ri<\/b><\/strong><\/h2>\n<p>Kh\u1ea3 n\u0103ng th\u00edch nghi cao: S\u01a1 ri c\u00f3 th\u1ec3 sinh tr\u01b0\u1edfng t\u1ed1t tr\u00ean nhi\u1ec1u lo\u1ea1i \u0111\u1ea5t, ch\u1ecbu h\u1ea1n t\u1ed1t, \u00edt s\u00e2u b\u1ec7nh.\u00a0\u1ede nh\u1eefng v\u00f9ng n\u01b0\u1edbc m\u1eb7n nh\u01b0 C\u00e0 Mau.<\/p>\n<p>Gi\u1ea3i ph\u00e1p cho \u0111\u1ea5t b\u1ea1c m\u00e0u: S\u01a1 ri c\u00f3 th\u1ec3 tr\u1ed3ng tr\u00ean \u0111\u1ea5t b\u1ea1c m\u00e0u, gi\u00fap c\u1ea3i t\u1ea1o \u0111\u1ea5t.<\/p>\n<p>N\u0103ng su\u1ea5t \u1ed5n \u0111\u1ecbnh: N\u1ebfu \u0111\u01b0\u1ee3c ch\u0103m s\u00f3c \u0111\u00fang c\u00e1ch, c\u00e2y s\u01a1 ri cho n\u0103ng su\u1ea5t cao v\u00e0 \u1ed5n \u0111\u1ecbnh quanh n\u0103m.<\/p>\n<p>Gi\u00e1 tr\u1ecb kinh t\u1ebf cao: S\u01a1 ri \u0111\u01b0\u1ee3c s\u1eed d\u1ee5ng l\u00e0m tr\u00e1i c\u00e2y t\u01b0\u01a1i, ch\u1ebf bi\u1ebfn th\u00e0nh c\u00e1c s\u1ea3n ph\u1ea9m nh\u01b0 m\u1ee9t, \u00f4 mai, n\u01b0\u1edbc \u00e9p&#8230; mang l\u1ea1i gi\u00e1 tr\u1ecb kinh t\u1ebf cao.<\/p>\n<p>Th\u1ecb tr\u01b0\u1eddng ti\u00eau th\u1ee5 r\u1ed9ng m\u1edf: S\u01a1 ri \u0111\u01b0\u1ee3c ng\u01b0\u1eddi ti\u00eau d\u00f9ng \u01b0a chu\u1ed9ng, nhu c\u1ea7u th\u1ecb tr\u01b0\u1eddng lu\u00f4n \u1ed5n \u0111\u1ecbnh.<\/p>\n<p>B\u1ea3o v\u1ec7 m\u00f4i tr\u01b0\u1eddng: S\u01a1 ri l\u00e0 c\u00e2y tr\u1ed3ng th\u00e2n thi\u1ec7n v\u1edbi m\u00f4i tr\u01b0\u1eddng, gi\u00fap c\u1ea3i thi\u1ec7n ch\u1ea5t l\u01b0\u1ee3ng \u0111\u1ea5t v\u00e0 kh\u00f4ng kh\u00ed.<\/p>\n<h2><strong><b>C\u00e2y s\u01a1 ri tr\u1ed3ng bao l\u00e2u c\u00f3 tr\u00e1i?<\/b><\/strong><\/h2>\n<p>Th\u1eddi gian c\u00e2y s\u01a1 ri ra tr\u00e1i ph\u1ee5 thu\u1ed9c v\u00e0o nhi\u1ec1u y\u1ebfu t\u1ed1 nh\u01b0 gi\u1ed1ng c\u00e2y, \u0111i\u1ec1u ki\u1ec7n kh\u00ed h\u1eadu, \u0111\u1ea5t tr\u1ed3ng v\u00e0 k\u1ef9 thu\u1eadt ch\u0103m s\u00f3c. Sau 1-2 n\u0103m tr\u1ed3ng t\u1eeb c\u00e2y chi\u1ebft, s\u01a1 ri s\u1ebd cho thu ho\u1ea1ch nh\u1eefng tr\u00e1i \u0111\u1ea7u ti\u00ean, n\u0103ng su\u1ea5t \u1ed5n \u0111\u1ecbnh t\u1eeb n\u0103m th\u1ee9 4 tr\u1edf v\u1ec1 sau.<\/p>\n<h2><strong><b>N\u0103ng su\u1ea5t c\u1ee7a gi\u1ed1ng s\u01a1 ri<\/b><\/strong><\/h2>\n<p>N\u0103ng su\u1ea5t c\u1ee7a c\u00e2y s\u01a1 ri kh\u00e1 cao, trung b\u00ecnh m\u1ed9t c\u00e2y c\u00f3 th\u1ec3 cho thu ho\u1ea1ch t\u1eeb 10-15kg tr\u00e1i\/n\u0103m. V\u1edbi nh\u1eefng c\u00e2y tr\u1ed3ng t\u1ed1t, n\u0103ng su\u1ea5t c\u00f3 th\u1ec3 \u0111\u1ea1t t\u1edbi 20kg tr\u00e1i\/n\u0103m.<\/p>\n<h2><strong><b>Kh\u00ed h\u1eadu v\u00e0 \u0111\u1ea5t tr\u1ed3ng th\u00edch h\u1ee3p v\u1edbi gi\u1ed1ng s\u01a1 ri<\/b><\/strong><\/h2>\n<p>S\u01a1 ri l\u00e0 c\u00e2y tr\u1ed3ng \u01b0a n\u1eafng, th\u00edch h\u1ee3p v\u1edbi kh\u00ed h\u1eadu nhi\u1ec7t \u0111\u1edbi v\u00e0 c\u1eadn nhi\u1ec7t \u0111\u1edbi. C\u00e2y c\u00f3 th\u1ec3 sinh tr\u01b0\u1edfng t\u1ed1t tr\u00ean nhi\u1ec1u lo\u1ea1i \u0111\u1ea5t k\u1ec3 c\u1ea3 \u0111\u1ea5t m\u1eb7n. \u0110\u1ec3 c\u00e2y ph\u00e1t tri\u1ec3n t\u1ed1t v\u00e0 cho n\u0103ng su\u1ea5t cao, n\u00ean ch\u1ecdn \u0111\u1ea5t t\u01a1i x\u1ed1p, gi\u00e0u ch\u1ea5t h\u1eefu c\u01a1, tho\u00e1t n\u01b0\u1edbc t\u1ed1t.<\/p>\n<h2><strong><b>Kho\u1ea3ng c\u00e1ch tr\u1ed3ng s\u01a1 ri<\/b><\/strong><\/h2>\n<p>Kho\u1ea3ng c\u00e1ch tr\u1ed3ng s\u01a1 ri ph\u00f9 h\u1ee3p nh\u1ea5t l\u00e0 3m x 3m ho\u1eb7c 3m x 4m. Vi\u1ec7c tr\u1ed3ng c\u00e2y qu\u00e1 d\u00e0y s\u1ebd l\u00e0m c\u00e2y c\u00f2i c\u1ecdc, n\u0103ng su\u1ea5t th\u1ea5p v\u00e0 d\u1ec5 nhi\u1ec5m b\u1ec7nh.<\/p>\n<h2><strong><b>C\u00e1ch tr\u1ed3ng v\u00e0 ch\u0103m s\u00f3c c\u00e2y s\u01a1 ri<\/b><\/strong><\/h2>\n<p>Chu\u1ea9n b\u1ecb \u0111\u1ea5t: \u0110\u00e0o h\u1ed1 tr\u1ed3ng, b\u00f3n l\u00f3t ph\u00e2n h\u1eefu c\u01a1 v\u00e0 tr\u1ed9n \u0111\u1ec1u v\u1edbi \u0111\u1ea5t.<\/p>\n<p>Tr\u1ed3ng c\u00e2y: \u0110\u1eb7t c\u00e2y gi\u1ed1ng v\u00e0o h\u1ed1, l\u1ea5p \u0111\u1ea5t v\u00e0 t\u01b0\u1edbi n\u01b0\u1edbc.<\/p>\n<p>T\u01b0\u1edbi n\u01b0\u1edbc: T\u01b0\u1edbi n\u01b0\u1edbc \u0111\u1ec1u \u0111\u1eb7n cho c\u00e2y, \u0111\u1eb7c bi\u1ec7t l\u00e0 v\u00e0o m\u00f9a kh\u00f4.<\/p>\n<p>B\u00f3n ph\u00e2n: B\u00f3n ph\u00e2n \u0111\u1ecbnh k\u1ef3 cho c\u00e2y \u0111\u1ec3 cung c\u1ea5p \u0111\u1ee7 dinh d\u01b0\u1ee1ng.<\/p>\n<p>C\u1eaft t\u1ec9a: C\u1eaft t\u1ec9a c\u00e0nh l\u00e1 gi\u00e0, c\u00e0nh s\u00e2u b\u1ec7nh \u0111\u1ec3 c\u00e2y th\u00f4ng tho\u00e1ng v\u00e0 ph\u00e1t tri\u1ec3n t\u1ed1t.<\/p>\n<p>Ph\u00f2ng tr\u1eeb s\u00e2u b\u1ec7nh: Th\u01b0\u1eddng xuy\u00ean ki\u1ec3m tra c\u00e2y v\u00e0 ph\u00e1t hi\u1ec7n s\u1edbm c\u00e1c lo\u1ea1i s\u00e2u b\u1ec7nh \u0111\u1ec3 c\u00f3 bi\u1ec7n ph\u00e1p ph\u00f2ng tr\u1eeb k\u1ecbp th\u1eddi.<\/p>\n<h2><strong><b>Ph\u00f2ng tr\u1eeb s\u00e2u b\u1ec7nh cho c\u00e2y s\u01a1 ri<\/b><\/strong><\/h2>\n<p>M\u1ed9t s\u1ed1 lo\u1ea1i s\u00e2u b\u1ec7nh th\u01b0\u1eddng g\u1eb7p \u1edf c\u00e2y s\u01a1 ri nh\u01b0 r\u1ec7p s\u00e1p, r\u1ea7y m\u1ec1m, b\u1ec7nh \u0111\u1ed1m l\u00e1. \u0110\u1ec3 ph\u00f2ng tr\u1eeb s\u00e2u b\u1ec7nh, b\u1ea1n c\u00f3 th\u1ec3 s\u1eed d\u1ee5ng c\u00e1c lo\u1ea1i thu\u1ed1c b\u1ea3o v\u1ec7 th\u1ef1c v\u1eadt sinh h\u1ecdc ho\u1eb7c h\u00f3a h\u1ecdc. Tuy nhi\u00ean, n\u00ean h\u1ea1n ch\u1ebf s\u1eed d\u1ee5ng thu\u1ed1c h\u00f3a h\u1ecdc \u0111\u1ec3 b\u1ea3o v\u1ec7 m\u00f4i tr\u01b0\u1eddng v\u00e0 s\u1ee9c kh\u1ecfe con ng\u01b0\u1eddi.<\/p>\n<h2><strong><b>Thu ho\u1ea1ch v\u00e0 b\u1ea3o <\/b><\/strong><strong><b>tr\u00e1i<\/b><\/strong><strong><b>n tr\u00e1i s\u01a1 ri<\/b><\/strong><\/h2>\n<p>S\u01a1 ri ch\u00edn v\u00e0o m\u00f9a h\u00e8 v\u00e0 m\u00f9a thu. Khi thu ho\u1ea1ch, n\u00ean ch\u1ecdn nh\u1eefng tr\u00e1i\u00a0ch\u00edn \u0111\u1ec1u, kh\u00f4ng b\u1ecb s\u00e2u b\u1ec7nh. Tr\u00e1i s\u01a1 ri c\u00f3 th\u1ec3 b\u1ea3o tr\u00e1in \u0111\u01b0\u1ee3c trong t\u1ee7 l\u1ea1nh t\u1eeb 5-7 ng\u00e0y.<\/p>\n<h2><strong><b>Gi\u00e1 c\u00e2y gi\u1ed1ng <\/b><\/strong><strong><b>s\u01a1 ri<\/b><\/strong><\/h2>\n<p>Gi\u00e1 c\u00e2y gi\u1ed1ng s\u01a1 ri\u00a0t\u1ea1i v\u01b0\u1eddn ph\u00fac an dao \u0111\u1ed9ng t\u1eeb 22.000 &#8211; 40.000\/ c\u00e2y. T\u00f9y theo l\u00f4 c\u00e2y, s\u1ed1 l\u01b0\u1ee3ng \u0111\u1eb7t s\u1ebd c\u00f3 m\u1ee9c gi\u00e1 kh\u00e1c nhau. Ch\u00fang t\u00f4i cam k\u1ebft lu\u00f4n gi\u1eef m\u1ee9c gi\u00e1 v\u1eeba t\u00fai ti\u1ec1n \u0111\u1ec3 m\u1ecdi kh\u00e1ch h\u00e0ng \u0111\u1ec1u c\u00f3 th\u1ec3 ch\u1ecdn mua nh\u1eefng c\u00e2y gi\u1ed1ng th\u1eadt t\u1ed1t cho khu v\u01b0\u1eddn c\u1ee7a m\u00ecnh.<\/p>\n<h2><strong><b>Mua c\u00e2y gi\u1ed1ng <\/b><\/strong><strong><b>s\u01a1 ri<\/b><\/strong><strong><b>\u00a0\u1edf \u0111\u00e2u ch\u1ea5t l\u01b0\u1ee3ng?<\/b><\/strong><\/h2>\n<p>C\u00e2y gi\u1ed1ng ph\u00fac an cung c\u1ea5p c\u00e2y gi\u1ed1ng s\u01a1 ri\u00a0ch\u1ea5t l\u01b0\u1ee3ng, \u0111\u01b0\u1ee3c b\u1ea3o h\u00e0nh \u0111\u00fang gi\u1ed1ng. V\u01b0\u1eddn nh\u00e2n gi\u1ed1ng c\u1ee7a ph\u00fac an \u0111\u01b0\u1ee3c ch\u1ecdn l\u1ef1a k\u1ef9 l\u01b0\u1ee1ng, l\u00e0 v\u01b0\u1eddn \u0111\u00e3 cho tr\u00e1i chu\u1ea9n v\u00e0 \u1ed5n \u0111\u1ecbnh.<\/p>\n<p><span style=\"color: #008000;\"><strong><em><b><i>Ti\u00eau chu\u1ea9n c\u00e2y gi\u1ed1ng <\/i><\/b><\/em><\/strong><strong><em><b><i>s\u01a1 ri<\/i><\/b><\/em><\/strong><strong><em><b><i> \u0111\u01b0\u1ee3c cung c\u1ea5p b\u1edfi v\u01b0\u1eddn Ph\u00fac an:<\/i><\/b><\/em><\/strong><\/span><\/p>\n<ul>\n<li>C\u00e2y chi\u1ebft, cao 50-70cm<\/li>\n<li>Nu\u00f4i b\u1ea7u ra r\u1ec5 \u1ed5n \u0111\u1ecbnh<\/li>\n<li>C\u00e2y xanh t\u1ed1t kh\u00f4ng c\u00f3 d\u1ea5u hi\u1ec7u n\u1ea5m b\u1ec7nh<\/li>\n<\/ul>\n<p>C\u00e2y tr\u1ea3i qua quy tr\u00ecnh nh\u00e2n gi\u1ed1ng, d\u01b0\u1ee1ng c\u00e2y con, x\u1ea3 n\u1eafng ho\u00e0n ch\u1ec9nh. \u0110\u1ebfn tay c\u00f4 b\u00e1c s\u1ebd l\u00e0 t\u1eebng c\u00e2y \u0111\u00e3 c\u1ee9ng c\u00e1p \u0111\u00e3 ra c\u01a1i ch\u1ed3i m\u1edbi.<br \/>\nQu\u00fd c\u00f4 b\u00e1c c\u00f3 th\u1ec3 li\u00ean h\u1ec7 tr\u1ef1c ti\u1ebfp qua SDT\/ Zalo 0962.888.014 (<a href=\"http:\/\/localhost\/phucan713\/\" target=\"_blank\" rel=\"noopener\">C\u00e2y Gi\u1ed1ng Ph\u00fac An<\/a>) \u0111\u1ec3 ch\u00fang t\u00f4i t\u01b0 v\u1ea5n v\u00e0 b\u00e1o gi\u00e1 c\u1ee5 th\u1ec3. Xin c\u1ea3m \u01a1n qu\u00fd c\u00f4 b\u00e1c \u0111\u00e3 \u0111\u1eb7t ni\u1ec1m tin v\u1edbi nh\u00e0 v\u01b0\u1eddn.<\/p>\n<p>&gt;&gt; M\u1eddi b\u1ea1n \u0111\u1ecdc th\u00eam: <a href=\"https:\/\/danviet.vn\/trong-so-ri-tot-um-nhu-trong-cay-canh-dan-tien-giang-hai-ban-quanh-nam-nhu-trai-dac-san-re-tien-20220604011523373-print1023251.html\" target=\"_blank\" rel=\"noopener\"><span style=\"color: #000080;\"><em><strong>V\u01b0\u1eddn t\u1ed1t um t\u00f9m t\u01b0\u1edfng m\u1ecdc c\u00e2y d\u1ea1i, h\u00f3a ra n\u00f4ng d\u00e2n Ti\u1ec1n Giang tr\u1ed3ng th\u1ee9 tr\u00e1i c\u00e2y \u0111\u1eb7c s\u1ea3n \u0111\u1ebfn t\u1eeb Brazil<\/strong><\/em><\/span><\/a><\/p>\n","protected":false},"excerpt":{"rendered":"<p>* Gi\u00e1 tham kh\u1ea3o cho s\u1ed1 l\u01b0\u1ee3ng t\u1eeb 30 c\u00e2y, c\u00f3 th\u1ec3 thay \u0111\u1ed5i theo th\u1eddi \u0111i\u1ec3m<br \/>\n* Ch\u01b0a bao g\u1ed3m ph\u00ed v\u1eadn chuy\u1ec3n (t\u00f9y theo s\u1ed1 l\u01b0\u1ee3ng c\u00e2y v\u00e0 \u0111\u1ecba \u0111i\u1ec3m giao h\u00e0ng)<\/p>\n","protected":false},"featured_media":3083,"comment_status":"open","ping_status":"closed","template":"","meta":[],"product_brand":[],"product_cat":[37],"product_tag":[],"class_list":{"0":"post-3082","1":"product","2":"type-product","3":"status-publish","4":"has-post-thumbnail","6":"product_cat-cay-giong-khac","8":"first","9":"instock","10":"shipping-taxable","11":"purchasable","12":"product-type-simple"},"_links":{"self":[{"href":"https:\/\/ktech4.k-tech-services.com\/phucan713\/wp-json\/wp\/v2\/product\/3082","targetHints":{"allow":["GET"]}}],"collection":[{"href":"https:\/\/ktech4.k-tech-services.com\/phucan713\/wp-json\/wp\/v2\/product"}],"about":[{"href":"https:\/\/ktech4.k-tech-services.com\/phucan713\/wp-json\/wp\/v2\/types\/product"}],"replies":[{"embeddable":true,"href":"https:\/\/ktech4.k-tech-services.com\/phucan713\/wp-json\/wp\/v2\/comments?post=3082"}],"wp:featuredmedia":[{"embeddable":true,"href":"https:\/\/ktech4.k-tech-services.com\/phucan713\/wp-json\/wp\/v2\/media\/3083"}],"wp:attachment":[{"href":"https:\/\/ktech4.k-tech-services.com\/phucan713\/wp-json\/wp\/v2\/media?parent=3082"}],"wp:term":[{"taxonomy":"product_brand","embeddable":true,"href":"https:\/\/ktech4.k-tech-services.com\/phucan713\/wp-json\/wp\/v2\/product_brand?post=3082"},{"taxonomy":"product_cat","embeddable":true,"href":"https:\/\/ktech4.k-tech-services.com\/phucan713\/wp-json\/wp\/v2\/product_cat?post=3082"},{"taxonomy":"product_tag","embeddable":true,"href":"https:\/\/ktech4.k-tech-services.com\/phucan713\/wp-json\/wp\/v2\/product_tag?post=3082"}],"curies":[{"name":"wp","href":"https:\/\/api.w.org\/{rel}","templated":true}]}}