{"id":3215,"date":"2025-01-08T10:24:00","date_gmt":"2025-01-08T10:24:00","guid":{"rendered":"https:\/\/caygiongphucan.com\/?post_type=product&amp;p=3215"},"modified":"2025-01-08T10:24:00","modified_gmt":"2025-01-08T10:24:00","slug":"combo-100-bau-co-vetiver","status":"publish","type":"product","link":"https:\/\/ktech4.k-tech-services.com\/phucan713\/san-pham\/combo-100-bau-co-vetiver\/","title":{"rendered":"C\u1ecf vetiver combo 100 b\u1ea7u"},"content":{"rendered":"<p style=\"text-align: center;\"><span style=\"font-size: 120%;\"><strong><b>C\u1ecf Vetiver &#8211; Gi\u1ea3i ph\u00e1p xanh ho\u00e0n h\u1ea3o cho m\u00f4i tr\u01b0\u1eddng<\/b><\/strong><\/span><\/p>\n<p><iframe loading=\"lazy\" title=\"Cung C\u1ea5p C\u1ecf Vetiver Ch\u1ea5t L\u01b0\u1ee3ng \u0110\u00e3 Nu\u00f4i B\u1ea7u-Ph\u00fac An 0962.888.014 B\u1ebfn Tre\" width=\"563\" height=\"1000\" src=\"https:\/\/www.youtube.com\/embed\/v0Zp8deCKL0?feature=oembed\" frameborder=\"0\" allow=\"accelerometer; autoplay; clipboard-write; encrypted-media; gyroscope; picture-in-picture; web-share\" referrerpolicy=\"strict-origin-when-cross-origin\" allowfullscreen><\/iframe><\/p>\n<h2><strong><b>C\u1ecf vetiver l\u00e0 g\u00ec?<\/b><\/strong><\/h2>\n<p>C\u1ecf vetiver (Vetiveria zizanioides) l\u00e0 m\u1ed9t lo\u1ea1i c\u1ecf s\u1ed1ng l\u00e2u n\u0103m, c\u00f3 ngu\u1ed3n g\u1ed1c t\u1eeb \u1ea4n \u0110\u1ed9, n\u1ed5i ti\u1ebfng v\u1edbi h\u1ec7 th\u1ed1ng r\u1ec5 c\u1ef1c k\u1ef3 ph\u00e1t tri\u1ec3n v\u00e0 kh\u1ea3 n\u0103ng ch\u1ecbu h\u1ea1n t\u1ed1t. C\u00e2y c\u1ecf vetiver c\u00f3 vai tr\u00f2 quan tr\u1ecdng trong vi\u1ec7c b\u1ea3o v\u1ec7 m\u00f4i tr\u01b0\u1eddng, ch\u1ed1ng x\u00f3i m\u00f2n \u0111\u1ea5t, \u1ed5n \u0111\u1ecbnh \u0111\u1ea5t d\u1ed1c, v\u00e0 c\u1ea3i thi\u1ec7n ch\u1ea5t l\u01b0\u1ee3ng \u0111\u1ea5t.<\/p>\n<figure id=\"attachment_3221\" aria-describedby=\"caption-attachment-3221\" style=\"width: 600px\" class=\"wp-caption aligncenter\"><img loading=\"lazy\" decoding=\"async\" class=\"wp-image-3221\" src=\"http:\/\/localhost\/phucan713\/wp-content\/uploads\/2025\/01\/Vetiver-System-VS-graphic-300x224.jpg\" alt=\"C\u1ecf vetiver v\u1edbi b\u1ed9 r\u1ec5 si\u00eau d\u00e0i \" width=\"600\" height=\"449\" srcset=\"https:\/\/ktech4.k-tech-services.com\/phucan713\/wp-content\/uploads\/2025\/01\/Vetiver-System-VS-graphic-300x224.jpg 300w, https:\/\/ktech4.k-tech-services.com\/phucan713\/wp-content\/uploads\/2025\/01\/Vetiver-System-VS-graphic-768x574.jpg 768w, https:\/\/ktech4.k-tech-services.com\/phucan713\/wp-content\/uploads\/2025\/01\/Vetiver-System-VS-graphic-510x381.jpg 510w, https:\/\/ktech4.k-tech-services.com\/phucan713\/wp-content\/uploads\/2025\/01\/Vetiver-System-VS-graphic.jpg 1012w\" sizes=\"auto, (max-width: 600px) 100vw, 600px\" \/><figcaption id=\"caption-attachment-3221\" class=\"wp-caption-text\">C\u1ecf vetiver v\u1edbi b\u1ed9 r\u1ec5 si\u00eau d\u00e0i \u0111\u01b0\u1ee3c \u1ee9ng d\u1ee5ng trong r\u1ea5t nhi\u1ec1u ng\u00e0nh ngh\u1ec1<\/figcaption><\/figure>\n<h2><strong><b>T\u1ea1i sao n\u00ean ch\u1ecdn <\/b><\/strong><strong><b>tr\u1ed3ng c\u1ecf<\/b><\/strong><strong><b>\u00a0vetiver?<\/b><\/strong><\/h2>\n<ul>\n<li>H\u1ec7 th\u1ed1ng r\u1ec5 ch\u1eafc kh\u1ecfe: H\u1ec7 th\u1ed1ng r\u1ec5 c\u1ee7a c\u1ecf vetiver \u0103n s\u00e2u v\u00e0o l\u00f2ng \u0111\u1ea5t, gi\u00fap c\u1ed1 \u0111\u1ecbnh \u0111\u1ea5t, ch\u1ed1ng x\u00f3i m\u00f2n hi\u1ec7u qu\u1ea3, \u0111\u1eb7c bi\u1ec7t \u1edf nh\u1eefng khu v\u1ef1c \u0111\u1ea5t d\u1ed1c, d\u1ec5 b\u1ecb s\u1ea1t l\u1edf. 1 n\u0103m tr\u1ed3ng r\u1ec5 c\u1ecf vetiver d\u00e0i \u0111\u01b0\u1ee3c 4-5m.<\/li>\n<li>Ch\u1ecbu h\u1ea1n t\u1ed1t: C\u1ecf vetiver c\u00f3 kh\u1ea3 n\u0103ng sinh tr\u01b0\u1edfng v\u00e0 ph\u00e1t tri\u1ec3n t\u1ed1t trong \u0111i\u1ec1u ki\u1ec7n kh\u00f4 h\u1ea1n, \u00edt c\u1ea7n ch\u0103m s\u00f3c, gi\u00fap ti\u1ebft ki\u1ec7m chi ph\u00ed v\u00e0 ngu\u1ed3n n\u01b0\u1edbc.<\/li>\n<li>C\u1ea3i thi\u1ec7n ch\u1ea5t l\u01b0\u1ee3ng \u0111\u1ea5t: C\u1ecf vetiver gi\u00fap c\u1ea3i thi\u1ec7n c\u1ea5u tr\u00fac \u0111\u1ea5t, t\u0103ng kh\u1ea3 n\u0103ng gi\u1eef n\u01b0\u1edbc v\u00e0 ch\u1ea5t dinh d\u01b0\u1ee1ng, t\u1ea1o \u0111i\u1ec1u ki\u1ec7n thu\u1eadn l\u1ee3i cho c\u00e1c lo\u1ea1i c\u00e2y tr\u1ed3ng kh\u00e1c ph\u00e1t tri\u1ec3n.<\/li>\n<li>Th\u00e2n thi\u1ec7n v\u1edbi m\u00f4i tr\u01b0\u1eddng: C\u1ecf vetiver kh\u00f4ng ch\u1ec9 gi\u00fap b\u1ea3o v\u1ec7 m\u00f4i tr\u01b0\u1eddng m\u00e0 c\u00f2n c\u00f3 th\u1ec3 \u0111\u01b0\u1ee3c s\u1eed d\u1ee5ng \u0111\u1ec3 s\u1ea3n xu\u1ea5t tinh d\u1ea7u, l\u00e0m nguy\u00ean li\u1ec7u cho c\u00e1c s\u1ea3n ph\u1ea9m th\u1ee7 c\u00f4ng m\u1ef9 ngh\u1ec7.<\/li>\n<\/ul>\n<figure id=\"attachment_3222\" aria-describedby=\"caption-attachment-3222\" style=\"width: 600px\" class=\"wp-caption aligncenter\"><img loading=\"lazy\" decoding=\"async\" class=\"wp-image-3222\" src=\"http:\/\/localhost\/phucan713\/wp-content\/uploads\/2025\/01\/lush-vetiver-rows-1024x745-1.jpg\" alt=\"Tr\u1ed3ng c\u1ecf vetiver \u0111\u1ec3 khai th\u00e1c di\u1ec7n t\u00edch l\u1edbn\" width=\"600\" height=\"437\" srcset=\"https:\/\/ktech4.k-tech-services.com\/phucan713\/wp-content\/uploads\/2025\/01\/lush-vetiver-rows-1024x745-1.jpg 1024w, https:\/\/ktech4.k-tech-services.com\/phucan713\/wp-content\/uploads\/2025\/01\/lush-vetiver-rows-1024x745-1-300x218.jpg 300w, https:\/\/ktech4.k-tech-services.com\/phucan713\/wp-content\/uploads\/2025\/01\/lush-vetiver-rows-1024x745-1-768x559.jpg 768w, https:\/\/ktech4.k-tech-services.com\/phucan713\/wp-content\/uploads\/2025\/01\/lush-vetiver-rows-1024x745-1-510x371.jpg 510w\" sizes=\"auto, (max-width: 600px) 100vw, 600px\" \/><figcaption id=\"caption-attachment-3222\" class=\"wp-caption-text\">Tr\u1ed3ng c\u1ecf vetiver \u0111\u1ec3 khai th\u00e1c di\u1ec7n t\u00edch l\u1edbn<\/figcaption><\/figure>\n<h2><strong><b>\u1ee8ng d\u1ee5ng c\u1ee7a c\u1ecf vetiver<\/b><\/strong><\/h2>\n<p>C\u1ecf vetiver c\u00f3 nhi\u1ec1u \u1ee9ng d\u1ee5ng trong cu\u1ed9c s\u1ed1ng, bao g\u1ed3m:<\/p>\n<ul>\n<li>B\u1ea3o v\u1ec7 m\u00f4i tr\u01b0\u1eddng: Ch\u1ed1ng x\u00f3i m\u00f2n \u0111\u1ea5t, \u1ed5n \u0111\u1ecbnh \u0111\u1ea5t d\u1ed1c, c\u1ea3i thi\u1ec7n ch\u1ea5t l\u01b0\u1ee3ng n\u01b0\u1edbc.<\/li>\n<li>N\u00f4ng nghi\u1ec7p: L\u00e0m h\u00e0ng r\u00e0o xanh, c\u1ea3i t\u1ea1o \u0111\u1ea5t, tr\u1ed3ng xen canh v\u1edbi c\u00e1c lo\u1ea1i c\u00e2y tr\u1ed3ng kh\u00e1c.<\/li>\n<li>X\u00e2y d\u1ef1ng: L\u00e0m v\u1eadt li\u1ec7u x\u00e2y d\u1ef1ng sinh h\u1ecdc, \u1ed5n \u0111\u1ecbnh n\u1ec1n \u0111\u1ea5t.<\/li>\n<li>S\u1ea3n xu\u1ea5t: S\u1ea3n xu\u1ea5t tinh d\u1ea7u, l\u00e0m nguy\u00ean li\u1ec7u cho c\u00e1c s\u1ea3n ph\u1ea9m th\u1ee7 c\u00f4ng m\u1ef9 ngh\u1ec7.<\/li>\n<\/ul>\n<figure id=\"attachment_3223\" aria-describedby=\"caption-attachment-3223\" style=\"width: 600px\" class=\"wp-caption aligncenter\"><img loading=\"lazy\" decoding=\"async\" class=\"wp-image-3223\" src=\"http:\/\/localhost\/phucan713\/wp-content\/uploads\/2025\/01\/trong-loai-co-la-thu-hoach-tu-la-den-re-thang-kiem-hang-chuc-trieu-dong-87097f655d87496b91f281b0472b647b-300x200.jpg\" alt=\"M\u00f4 h\u00ecnh tr\u1ed3ng chuy\u00ean canh c\u1ecf vetiver t\u1ea1i Vi\u1ec7t Nam\" width=\"600\" height=\"400\" \/><figcaption id=\"caption-attachment-3223\" class=\"wp-caption-text\">M\u00f4 h\u00ecnh tr\u1ed3ng chuy\u00ean canh c\u1ecf vetiver t\u1ea1i Vi\u1ec7t Nam<\/figcaption><\/figure>\n<figure id=\"attachment_3224\" aria-describedby=\"caption-attachment-3224\" style=\"width: 450px\" class=\"wp-caption aligncenter\"><img loading=\"lazy\" decoding=\"async\" class=\"wp-image-3224\" src=\"http:\/\/localhost\/phucan713\/wp-content\/uploads\/2025\/01\/z6207561548297_a7b5f77b905b0e5dd02f8e4a2dc3edcb-225x300.jpg\" alt=\"Tr\u1ed3ng c\u1ecf vetiver c\u00f3 r\u1ea5t nhi\u1ec1u l\u1ee3i \u00edch\" width=\"450\" height=\"600\" srcset=\"https:\/\/ktech4.k-tech-services.com\/phucan713\/wp-content\/uploads\/2025\/01\/z6207561548297_a7b5f77b905b0e5dd02f8e4a2dc3edcb-225x300.jpg 225w, https:\/\/ktech4.k-tech-services.com\/phucan713\/wp-content\/uploads\/2025\/01\/z6207561548297_a7b5f77b905b0e5dd02f8e4a2dc3edcb-510x680.jpg 510w, https:\/\/ktech4.k-tech-services.com\/phucan713\/wp-content\/uploads\/2025\/01\/z6207561548297_a7b5f77b905b0e5dd02f8e4a2dc3edcb.jpg 720w\" sizes=\"auto, (max-width: 450px) 100vw, 450px\" \/><figcaption id=\"caption-attachment-3224\" class=\"wp-caption-text\">Tr\u1ed3ng c\u1ecf vetiver c\u00f3 r\u1ea5t nhi\u1ec1u l\u1ee3i \u00edch<\/figcaption><\/figure>\n<h2><strong><b>L\u1ee3i \u00edch c\u1ee7a c\u1ecf vetiver \u0111\u1ed1i v\u1edbi v\u01b0\u1eddn c\u00e2y \u0103n tr\u00e1i<\/b><\/strong><\/h2>\n<h3><strong><b>Ch\u1ed1ng x\u00f3i m\u00f2n \u0111\u1ea5t<\/b><\/strong><\/h3>\n<p>H\u1ec7 th\u1ed1ng r\u1ec5 c\u1ee7a c\u1ecf vetiver \u0103n s\u00e2u v\u00e0o l\u00f2ng \u0111\u1ea5t, t\u1ea1o th\u00e0nh m\u1ed9t m\u1ea1ng l\u01b0\u1edbi v\u1eefng ch\u1eafc, gi\u00fap c\u1ed1 \u0111\u1ecbnh \u0111\u1ea5t, ng\u0103n ng\u1eeba t\u00ecnh tr\u1ea1ng x\u00f3i m\u00f2n \u0111\u1ea5t do m\u01b0a l\u1edbn, gi\u00f3 m\u1ea1nh.<\/p>\n<p>\u0110\u1eb7c bi\u1ec7t h\u1eefu \u00edch cho nh\u1eefng v\u01b0\u1eddn c\u00e2y \u0103n tr\u00e1i tr\u00ean \u0111\u1ea5t d\u1ed1c, gi\u00fap b\u1ea3o v\u1ec7 l\u1edbp \u0111\u1ea5t m\u1eb7t gi\u00e0u dinh d\u01b0\u1ee1ng.<\/p>\n<h3><strong><b>C\u1ea3i thi\u1ec7n ch\u1ea5t l\u01b0\u1ee3ng \u0111\u1ea5t<\/b><\/strong><\/h3>\n<p>R\u1ec5 c\u1ecf vetiver ti\u1ebft ra c\u00e1c ch\u1ea5t h\u1eefu c\u01a1, gi\u00fap c\u1ea3i thi\u1ec7n c\u1ea5u tr\u00fac \u0111\u1ea5t, t\u0103ng kh\u1ea3 n\u0103ng gi\u1eef n\u01b0\u1edbc v\u00e0 ch\u1ea5t dinh d\u01b0\u1ee1ng.<\/p>\n<p>Gi\u00fap \u0111\u1ea5t t\u01a1i x\u1ed1p, tho\u00e1ng kh\u00ed, t\u1ea1o \u0111i\u1ec1u ki\u1ec7n thu\u1eadn l\u1ee3i cho r\u1ec5 c\u00e2y \u0103n tr\u00e1i ph\u00e1t tri\u1ec3n.<\/p>\n<h3><strong><b>Ng\u0103n ch\u1eb7n c\u1ecf d\u1ea1i<\/b><\/strong><\/h3>\n<p>C\u1ecf vetiver sinh tr\u01b0\u1edfng nhanh, t\u00e1n l\u00e1 r\u1ed9ng, che ph\u1ee7 m\u1eb7t \u0111\u1ea5t, h\u1ea1n ch\u1ebf s\u1ef1 ph\u00e1t tri\u1ec3n c\u1ee7a c\u1ecf d\u1ea1i, gi\u1ea3m c\u00f4ng ch\u0103m s\u00f3c v\u01b0\u1eddn.<\/p>\n<h3><strong><b>\u0110i\u1ec1u h\u00f2a nhi\u1ec7t \u0111\u1ed9 \u0111\u1ea5t<\/b><\/strong><\/h3>\n<p>H\u1ec7 th\u1ed1ng r\u1ec5 c\u1ee7a c\u1ecf vetiver gi\u00fap \u0111i\u1ec1u h\u00f2a nhi\u1ec7t \u0111\u1ed9 \u0111\u1ea5t, gi\u00fap c\u00e2y \u0103n tr\u00e1i tr\u00e1nh \u0111\u01b0\u1ee3c nh\u1eefng t\u00e1c \u0111\u1ed9ng x\u1ea5u c\u1ee7a th\u1eddi ti\u1ebft kh\u1eafc nghi\u1ec7t nh\u01b0 n\u1eafng n\u00f3ng, h\u1ea1n h\u00e1n ho\u1eb7c l\u1ea1nh gi\u00e1.<\/p>\n<h3><strong><b>H\u1ea1n ch\u1ebf s\u00e2u b\u1ec7nh<\/b><\/strong><\/h3>\n<p>M\u1ed9t s\u1ed1 nghi\u00ean c\u1ee9u cho th\u1ea5y c\u1ecf vetiver c\u00f3 kh\u1ea3 n\u0103ng xua \u0111u\u1ed5i m\u1ed9t s\u1ed1 lo\u1ea1i s\u00e2u b\u1ec7nh h\u1ea1i c\u00e2y tr\u1ed3ng.<\/p>\n<h3><strong><b>Cung c\u1ea5p ngu\u1ed3n ph\u00e2n xanh<\/b><\/strong><\/h3>\n<p>Th\u00e2n l\u00e1 c\u1ee7a c\u1ecf vetiver c\u00f3 th\u1ec3 c\u1eaft t\u1ec9a v\u00e0 l\u00e0m ph\u00e2n xanh, cung c\u1ea5p ch\u1ea5t h\u1eefu c\u01a1 cho \u0111\u1ea5t, gi\u00fap c\u00e2y \u0103n tr\u00e1i ph\u00e1t tri\u1ec3n t\u1ed1t.<\/p>\n<p><strong style=\"color: #333333; font-size: 20.16px;\"><b>Ng\u0103n ch\u1eb7n x\u00e2m nh\u1eadp m\u1eb7n<\/b><\/strong><\/p>\n<p>\u0110\u1ed1i v\u1edbi nh\u1eefng v\u00f9ng \u0111\u1ea5t b\u1ecb nhi\u1ec5m m\u1eb7n, c\u1ecf vetiver c\u00f3 kh\u1ea3 n\u0103ng h\u1ea5p th\u1ee5 mu\u1ed1i, gi\u00fap c\u1ea3i thi\u1ec7n ch\u1ea5t l\u01b0\u1ee3ng \u0111\u1ea5t.<\/p>\n<figure id=\"attachment_3225\" aria-describedby=\"caption-attachment-3225\" style=\"width: 600px\" class=\"wp-caption aligncenter\"><img loading=\"lazy\" decoding=\"async\" class=\"wp-image-3225\" src=\"http:\/\/localhost\/phucan713\/wp-content\/uploads\/2025\/01\/z6207561556148_3ce5b3682c0b284303ea0392798b1182-300x200.jpg\" alt=\"Tr\u1ed3ng c\u1ecf vetiver trong v\u01b0\u1eddn c\u00e2y \u0103n tr\u00e1i l\u00e0 \u0111i\u1ec1u tuy\u1ec7t v\u1eddi\" width=\"600\" height=\"400\" srcset=\"https:\/\/ktech4.k-tech-services.com\/phucan713\/wp-content\/uploads\/2025\/01\/z6207561556148_3ce5b3682c0b284303ea0392798b1182-300x200.jpg 300w, https:\/\/ktech4.k-tech-services.com\/phucan713\/wp-content\/uploads\/2025\/01\/z6207561556148_3ce5b3682c0b284303ea0392798b1182-510x340.jpg 510w, https:\/\/ktech4.k-tech-services.com\/phucan713\/wp-content\/uploads\/2025\/01\/z6207561556148_3ce5b3682c0b284303ea0392798b1182.jpg 720w\" sizes=\"auto, (max-width: 600px) 100vw, 600px\" \/><figcaption id=\"caption-attachment-3225\" class=\"wp-caption-text\">Tr\u1ed3ng c\u1ecf vetiver trong v\u01b0\u1eddn c\u00e2y \u0103n tr\u00e1i l\u00e0 \u0111i\u1ec1u tuy\u1ec7t v\u1eddi<\/figcaption><\/figure>\n<h2><strong><b>C\u00e1ch tr\u1ed3ng v\u00e0 ch\u0103m s\u00f3c c\u1ecf vetiver trong v\u01b0\u1eddn c\u00e2y \u0103n tr\u00e1i<\/b><\/strong><\/h2>\n<p>Ch\u1ecdn gi\u1ed1ng: N\u00ean ch\u1ecdn gi\u1ed1ng c\u00f3 ch\u1ea5t l\u01b0\u1ee3ng t\u1ed1t, n\u1ebfu b\u1ea1n mua d\u1ea1ng t\u00e9p th\u00ec n\u00ean tr\u1ed3ng li\u1ec1n ngay sau khi nh\u1eadn c\u1ecf t\u1eeb nh\u00e0 cung c\u1ea5p, c\u00f2n lo\u1ea1i nu\u00f4i b\u1ea7u c\u00f3 th\u1ec3 \u0111\u1ec3 l\u00e2u \u0111\u01b0\u1ee3c.<\/p>\n<p>Th\u1eddi v\u1ee5 tr\u1ed3ng: N\u00ean tr\u1ed3ng c\u1ecf vetiver v\u00e0o m\u00f9a m\u01b0a \u0111\u1ec3 c\u00e2y d\u1ec5 b\u00e9n r\u1ec5.<\/p>\n<p>\u0110\u1ea5t tr\u1ed3ng: C\u1ecf vetiver c\u00f3 th\u1ec3 sinh tr\u01b0\u1edfng tr\u00ean nhi\u1ec1u lo\u1ea1i \u0111\u1ea5t kh\u00e1c nhau, kh\u00e1 d\u1ec5 tr\u1ed3ng, quan tr\u1ecdng khi tr\u1ed3ng ta c\u00e0o \u0111\u1ea5t cho c\u00f3 \u0111\u1ed9 t\u01a1i m\u1ed9t ch\u00fat v\u00e0 \u0111\u1ea3m b\u1ea3o n\u01b0\u1edbc t\u01b0\u1edbi cho c\u1ecf.<\/p>\n<p>Kho\u1ea3ng c\u00e1ch tr\u1ed3ng c\u1ecf vetiver: H\u00e0ng c\u00e1ch h\u00e0ng 80cm-100cm, b\u1ee5i c\u00e1ch b\u1ee5i 80cm. Kh\u00f4ng n\u00ean tr\u1ed3ng qu\u00e1 d\u00e0y, s\u1ebd \u1ea3nh h\u01b0\u1edfng \u0111\u1ebfn s\u1ef1 ph\u00e1t tri\u1ec3n c\u1ee7a c\u00e2y \u0103n tr\u00e1i.<\/p>\n<p>Ch\u0103m s\u00f3c: C\u1ecf vetiver l\u00e0 lo\u1ea1i c\u00e2y r\u1ea5t d\u1ec5 tr\u1ed3ng v\u00e0 ch\u0103m s\u00f3c, kh\u00f4ng \u0111\u00f2i h\u1ecfi nhi\u1ec1u n\u01b0\u1edbc v\u00e0 ph\u00e2n b\u00f3n. Ch\u1ec9 c\u1ea7n c\u1eaft t\u1ec9a \u0111\u1ecbnh k\u1ef3 \u0111\u1ec3 c\u00e2y ph\u00e1t tri\u1ec3n t\u1ed1t.<\/p>\n<h2><strong><b>Mua c\u00e2y gi\u1ed1ng c\u1ecf vetiver \u1edf \u0111\u00e2u?<\/b><\/strong><\/h2>\n<figure id=\"attachment_3217\" aria-describedby=\"caption-attachment-3217\" style=\"width: 450px\" class=\"wp-caption aligncenter\"><img loading=\"lazy\" decoding=\"async\" class=\"wp-image-3217\" src=\"http:\/\/localhost\/phucan713\/wp-content\/uploads\/2025\/01\/z6207561600489_70c216110c9255f14277b45399ee894b-225x300.jpg\" alt=\"C\u1ecf vetiver \u0111\u01b0\u1ee3c cung c\u1ea5p b\u1edfi c\u00e2y gi\u1ed1ng Ph\u00fac An\" width=\"450\" height=\"600\" srcset=\"https:\/\/ktech4.k-tech-services.com\/phucan713\/wp-content\/uploads\/2025\/01\/z6207561600489_70c216110c9255f14277b45399ee894b-225x300.jpg 225w, https:\/\/ktech4.k-tech-services.com\/phucan713\/wp-content\/uploads\/2025\/01\/z6207561600489_70c216110c9255f14277b45399ee894b-768x1024.jpg 768w, https:\/\/ktech4.k-tech-services.com\/phucan713\/wp-content\/uploads\/2025\/01\/z6207561600489_70c216110c9255f14277b45399ee894b-1152x1536.jpg 1152w, https:\/\/ktech4.k-tech-services.com\/phucan713\/wp-content\/uploads\/2025\/01\/z6207561600489_70c216110c9255f14277b45399ee894b-1536x2048.jpg 1536w, https:\/\/ktech4.k-tech-services.com\/phucan713\/wp-content\/uploads\/2025\/01\/z6207561600489_70c216110c9255f14277b45399ee894b-510x680.jpg 510w, https:\/\/ktech4.k-tech-services.com\/phucan713\/wp-content\/uploads\/2025\/01\/z6207561600489_70c216110c9255f14277b45399ee894b.jpg 1920w\" sizes=\"auto, (max-width: 450px) 100vw, 450px\" \/><figcaption id=\"caption-attachment-3217\" class=\"wp-caption-text\">C\u1ecf vetiver \u0111\u01b0\u1ee3c cung c\u1ea5p b\u1edfi c\u00e2y gi\u1ed1ng Ph\u00fac An<\/figcaption><\/figure>\n<figure id=\"attachment_3220\" aria-describedby=\"caption-attachment-3220\" style=\"width: 450px\" class=\"wp-caption aligncenter\"><img loading=\"lazy\" decoding=\"async\" class=\"wp-image-3220\" src=\"http:\/\/localhost\/phucan713\/wp-content\/uploads\/2025\/01\/z6207561656581_1f171917c3c126808c93deca687a00d6-225x300.jpg\" alt=\"Quy c\u00e1ch c\u00e2y c\u1ecf vetiver t\u1ea1i Ph\u00fac An\" width=\"450\" height=\"600\" srcset=\"https:\/\/ktech4.k-tech-services.com\/phucan713\/wp-content\/uploads\/2025\/01\/z6207561656581_1f171917c3c126808c93deca687a00d6-225x300.jpg 225w, https:\/\/ktech4.k-tech-services.com\/phucan713\/wp-content\/uploads\/2025\/01\/z6207561656581_1f171917c3c126808c93deca687a00d6-768x1024.jpg 768w, https:\/\/ktech4.k-tech-services.com\/phucan713\/wp-content\/uploads\/2025\/01\/z6207561656581_1f171917c3c126808c93deca687a00d6-1152x1536.jpg 1152w, https:\/\/ktech4.k-tech-services.com\/phucan713\/wp-content\/uploads\/2025\/01\/z6207561656581_1f171917c3c126808c93deca687a00d6-1536x2048.jpg 1536w, https:\/\/ktech4.k-tech-services.com\/phucan713\/wp-content\/uploads\/2025\/01\/z6207561656581_1f171917c3c126808c93deca687a00d6-510x680.jpg 510w, https:\/\/ktech4.k-tech-services.com\/phucan713\/wp-content\/uploads\/2025\/01\/z6207561656581_1f171917c3c126808c93deca687a00d6.jpg 1920w\" sizes=\"auto, (max-width: 450px) 100vw, 450px\" \/><figcaption id=\"caption-attachment-3220\" class=\"wp-caption-text\">Quy c\u00e1ch c\u00e2y c\u1ecf vetiver t\u1ea1i Ph\u00fac An<\/figcaption><\/figure>\n<p>N\u1ebfu b\u1ea1n \u0111ang t\u00ecm ki\u1ebfm gi\u1ed1ng c\u1ecf vetiver ch\u1ea5t l\u01b0\u1ee3ng cao, h\u00e3y \u0111\u1ebfn v\u1edbi <strong><b>C\u00e2y Gi\u1ed1ng Ph\u00fac An<\/b><\/strong>. Ch\u00fang t\u00f4i chuy\u00ean cung c\u1ea5p c\u00e1c lo\u1ea1i c\u00e2y gi\u1ed1ng ch\u1ea5t l\u01b0\u1ee3ng, trong \u0111\u00f3 c\u00f3 c\u1ecf vetiver. V\u1edbi nhi\u1ec1u n\u0103m kinh nghi\u1ec7m trong l\u0129nh v\u1ef1c c\u00e2y gi\u1ed1ng, ch\u00fang t\u00f4i cam k\u1ebft mang \u0111\u1ebfn cho kh\u00e1ch h\u00e0ng nh\u1eefng s\u1ea3n ph\u1ea9m t\u1ed1t nh\u1ea5t, d\u1ecbch v\u1ee5 t\u1eadn t\u00e2m v\u00e0 gi\u00e1 c\u1ea3 h\u1ee3p l\u00fd.<\/p>\n<h2><strong><b>Gi\u00e1 c\u00e2y c\u1ecf vetiver t\u1ea1i Ph\u00fac An<\/b><\/strong><\/h2>\n<p>S\u1ed1 l\u01b0\u1ee3ng 100 c\u00e2y: 750.000-900.000 bao v\u1eadn chuy\u1ec3n<\/p>\n<p>S\u1ed1 l\u01b0\u1ee3ng t\u1eeb 200 c\u00e2y: 1.400.000-1.600.000 bao v\u1eadn chuy\u1ec3n<\/p>\n<p>S\u1ed1 l\u01b0\u1ee3ng nhi\u1ec1u h\u01a1n kh\u00e1ch c\u00f3 th\u1ec3 li\u00ean h\u1ec7 tr\u1ef1c ti\u1ebfp \u0111\u1ec3 Ph\u00fac An b\u00e1o m\u1ee9c gi\u00e1 cho khung s\u1ed1 l\u01b0\u1ee3ng l\u1edbn \u0111\u1ec3 \u0111\u01b0\u1ee3c gi\u00e1 ti\u1ebft ki\u1ec7m nh\u1ea5t.<\/p>\n<figure id=\"attachment_3216\" aria-describedby=\"caption-attachment-3216\" style=\"width: 450px\" class=\"wp-caption aligncenter\"><img loading=\"lazy\" decoding=\"async\" class=\"wp-image-3216\" src=\"http:\/\/localhost\/phucan713\/wp-content\/uploads\/2025\/01\/z6207561681622_603821cc7d5069a082e81095ef40faff-225x300.jpg\" alt=\"C\u1ecf vetiver \u0111\u00f3ng th\u00f9ng g\u1edfi t\u1edbi kh\u00e1ch h\u00e0ng \u0111\u00e3 \u0111\u1eb7t\" width=\"450\" height=\"600\" srcset=\"https:\/\/ktech4.k-tech-services.com\/phucan713\/wp-content\/uploads\/2025\/01\/z6207561681622_603821cc7d5069a082e81095ef40faff-225x300.jpg 225w, https:\/\/ktech4.k-tech-services.com\/phucan713\/wp-content\/uploads\/2025\/01\/z6207561681622_603821cc7d5069a082e81095ef40faff-768x1024.jpg 768w, https:\/\/ktech4.k-tech-services.com\/phucan713\/wp-content\/uploads\/2025\/01\/z6207561681622_603821cc7d5069a082e81095ef40faff-1152x1536.jpg 1152w, https:\/\/ktech4.k-tech-services.com\/phucan713\/wp-content\/uploads\/2025\/01\/z6207561681622_603821cc7d5069a082e81095ef40faff-1536x2048.jpg 1536w, https:\/\/ktech4.k-tech-services.com\/phucan713\/wp-content\/uploads\/2025\/01\/z6207561681622_603821cc7d5069a082e81095ef40faff-510x680.jpg 510w, https:\/\/ktech4.k-tech-services.com\/phucan713\/wp-content\/uploads\/2025\/01\/z6207561681622_603821cc7d5069a082e81095ef40faff.jpg 1920w\" sizes=\"auto, (max-width: 450px) 100vw, 450px\" \/><figcaption id=\"caption-attachment-3216\" class=\"wp-caption-text\">C\u1ecf vetiver \u0111\u00f3ng th\u00f9ng g\u1edfi t\u1edbi kh\u00e1ch h\u00e0ng \u0111\u00e3 \u0111\u1eb7t<\/figcaption><\/figure>\n<figure id=\"attachment_3217\" aria-describedby=\"caption-attachment-3217\" style=\"width: 450px\" class=\"wp-caption aligncenter\"><img loading=\"lazy\" decoding=\"async\" class=\"wp-image-3217\" src=\"http:\/\/localhost\/phucan713\/wp-content\/uploads\/2025\/01\/z6207561600489_70c216110c9255f14277b45399ee894b-225x300.jpg\" alt=\"C\u1ecf vetiver Ph\u00fac An \u01b0\u01a1m trong b\u1ea7u, r\u1ec5 m\u1ea1nh\" width=\"450\" height=\"600\" srcset=\"https:\/\/ktech4.k-tech-services.com\/phucan713\/wp-content\/uploads\/2025\/01\/z6207561600489_70c216110c9255f14277b45399ee894b-225x300.jpg 225w, https:\/\/ktech4.k-tech-services.com\/phucan713\/wp-content\/uploads\/2025\/01\/z6207561600489_70c216110c9255f14277b45399ee894b-768x1024.jpg 768w, https:\/\/ktech4.k-tech-services.com\/phucan713\/wp-content\/uploads\/2025\/01\/z6207561600489_70c216110c9255f14277b45399ee894b-1152x1536.jpg 1152w, https:\/\/ktech4.k-tech-services.com\/phucan713\/wp-content\/uploads\/2025\/01\/z6207561600489_70c216110c9255f14277b45399ee894b-1536x2048.jpg 1536w, https:\/\/ktech4.k-tech-services.com\/phucan713\/wp-content\/uploads\/2025\/01\/z6207561600489_70c216110c9255f14277b45399ee894b-510x680.jpg 510w, https:\/\/ktech4.k-tech-services.com\/phucan713\/wp-content\/uploads\/2025\/01\/z6207561600489_70c216110c9255f14277b45399ee894b.jpg 1920w\" sizes=\"auto, (max-width: 450px) 100vw, 450px\" \/><figcaption id=\"caption-attachment-3217\" class=\"wp-caption-text\">C\u1ecf vetiver Ph\u00fac An \u01b0\u01a1m trong b\u1ea7u, r\u1ec5 m\u1ea1nh<\/figcaption><\/figure>\n<p>C\u00e2y tr\u1ea3i qua quy tr\u00ecnh nh\u00e2n gi\u1ed1ng, d\u01b0\u1ee1ng c\u00e2y con, x\u1ea3 n\u1eafng ho\u00e0n ch\u1ec9nh. \u0110\u1ebfn tay c\u00f4 b\u00e1c s\u1ebd l\u00e0 t\u1eebng c\u00e2y \u0111\u00e3 c\u1ee9ng c\u00e1p \u0111\u00e3 ra c\u01a1i ch\u1ed3i m\u1edbi.<br \/>\nQu\u00fd c\u00f4 b\u00e1c c\u00f3 th\u1ec3 li\u00ean h\u1ec7 tr\u1ef1c ti\u1ebfp qua SDT\/ Zalo 0962.888.014 (<a href=\"http:\/\/localhost\/phucan713\/\" target=\"_blank\" rel=\"noopener\">C\u00e2y Gi\u1ed1ng Ph\u00fac An<\/a>) \u0111\u1ec3 ch\u00fang t\u00f4i t\u01b0 v\u1ea5n v\u00e0 b\u00e1o gi\u00e1 c\u1ee5 th\u1ec3. Xin c\u1ea3m \u01a1n qu\u00fd c\u00f4 b\u00e1c \u0111\u00e3 \u0111\u1eb7t ni\u1ec1m tin v\u1edbi nh\u00e0 v\u01b0\u1eddn.<\/p>\n<p>&gt;&gt; M\u1eddi b\u1ea1n \u0111\u1ecdc th\u00eam: <a href=\"https:\/\/tienphong.vn\/nha-khoa-hoc-viet-nhan-giai-thuong-quoc-te-ve-co-vetiver-post1540734.tpo\" target=\"_blank\" rel=\"noopener\"><span style=\"color: #000080;\"><em><strong>Nh\u00e0 khoa h\u1ecdc Vi\u1ec7t nh\u1eadn gi\u1ea3i th\u01b0\u1edfng qu\u1ed1c t\u1ebf v\u1ec1 c\u1ecf Vetiver<\/strong><\/em><\/span><\/a><\/p>\n<div class=\"article__meta\">\n<div class=\"wrap-author\">\n<div class=\"author\"><\/div>\n<\/div>\n<\/div>\n","protected":false},"excerpt":{"rendered":"<p>* Gi\u00e1 tham kh\u1ea3o cho s\u1ed1 l\u01b0\u1ee3ng t\u1eeb 100 c\u00e2y, c\u00f3 th\u1ec3 thay \u0111\u1ed5i theo th\u1eddi \u0111i\u1ec3m<br \/>\n* Ch\u01b0a bao g\u1ed3m ph\u00ed v\u1eadn chuy\u1ec3n (t\u00f9y theo s\u1ed1 l\u01b0\u1ee3ng c\u00e2y v\u00e0 \u0111\u1ecba \u0111i\u1ec3m giao h\u00e0ng)<\/p>\n","protected":false},"featured_media":3220,"comment_status":"open","ping_status":"closed","template":"","meta":[],"product_brand":[],"product_cat":[37,114],"product_tag":[],"class_list":{"0":"post-3215","1":"product","2":"type-product","3":"status-publish","4":"has-post-thumbnail","6":"product_cat-cay-giong-khac","7":"product_cat-hoa-kieng-cong-trinh","9":"first","10":"instock","11":"shipping-taxable","12":"purchasable","13":"product-type-simple"},"_links":{"self":[{"href":"https:\/\/ktech4.k-tech-services.com\/phucan713\/wp-json\/wp\/v2\/product\/3215","targetHints":{"allow":["GET"]}}],"collection":[{"href":"https:\/\/ktech4.k-tech-services.com\/phucan713\/wp-json\/wp\/v2\/product"}],"about":[{"href":"https:\/\/ktech4.k-tech-services.com\/phucan713\/wp-json\/wp\/v2\/types\/product"}],"replies":[{"embeddable":true,"href":"https:\/\/ktech4.k-tech-services.com\/phucan713\/wp-json\/wp\/v2\/comments?post=3215"}],"wp:featuredmedia":[{"embeddable":true,"href":"https:\/\/ktech4.k-tech-services.com\/phucan713\/wp-json\/wp\/v2\/media\/3220"}],"wp:attachment":[{"href":"https:\/\/ktech4.k-tech-services.com\/phucan713\/wp-json\/wp\/v2\/media?parent=3215"}],"wp:term":[{"taxonomy":"product_brand","embeddable":true,"href":"https:\/\/ktech4.k-tech-services.com\/phucan713\/wp-json\/wp\/v2\/product_brand?post=3215"},{"taxonomy":"product_cat","embeddable":true,"href":"https:\/\/ktech4.k-tech-services.com\/phucan713\/wp-json\/wp\/v2\/product_cat?post=3215"},{"taxonomy":"product_tag","embeddable":true,"href":"https:\/\/ktech4.k-tech-services.com\/phucan713\/wp-json\/wp\/v2\/product_tag?post=3215"}],"curies":[{"name":"wp","href":"https:\/\/api.w.org\/{rel}","templated":true}]}}