{"id":3232,"date":"2025-01-09T07:48:12","date_gmt":"2025-01-09T07:48:12","guid":{"rendered":"https:\/\/caygiongphucan.com\/?post_type=product&amp;p=3232"},"modified":"2025-01-09T07:48:12","modified_gmt":"2025-01-09T07:48:12","slug":"cay-giong-hoa-thien-ly","status":"publish","type":"product","link":"https:\/\/ktech4.k-tech-services.com\/phucan713\/san-pham\/cay-giong-hoa-thien-ly\/","title":{"rendered":"C\u00e2y gi\u1ed1ng hoa thi\u00ean l\u00fd"},"content":{"rendered":"<p>Hoa thi\u00ean l\u00fd kh\u00f4ng ch\u1ec9 l\u00e0 m\u00f3n \u0103n \u0111\u1eb7c s\u1ea3n, v\u1ecb thu\u1ed1c qu\u00fd m\u00e0 c\u00f2n l\u00e0 c\u00e2y tr\u1ed3ng mang l\u1ea1i hi\u1ec7u qu\u1ea3 kinh t\u1ebf cao cho b\u00e0 con n\u00f4ng d\u00e2n. Tuy nhi\u00ean, \u0111\u1ec3 gi\u00e0n thi\u00ean l\u00fd xanh m\u01b0\u1edbt, ch\u00f9m to v\u00e0 sai n\u1ee5, vi\u1ec7c ch\u1ecdn gi\u1ed1ng hoa thi\u00ean l\u00fd chu\u1ea9n l\u00e0 b\u01b0\u1edbc quan tr\u1ecdng nh\u1ea5t. H\u00e3y c\u00f9ng C\u00e2y Gi\u1ed1ng Ph\u00fac An t\u00ecm hi\u1ec3u chi ti\u1ebft v\u1ec1 \u0111\u1eb7c \u0111i\u1ec3m gi\u1ed1ng v\u00e0 k\u1ef9 thu\u1eadt tr\u1ed3ng thi\u00ean l\u00fd \u0111\u1ea1t n\u0103ng su\u1ea5t cao nh\u1ea5t trong b\u00e0i vi\u1ebft n\u00e0y.<\/p>\n<h2>\u0110\u1eb7c \u0111i\u1ec3m n\u1ed5i b\u1eadt c\u1ee7a gi\u1ed1ng hoa thi\u00ean l\u00fd thu\u1ea7n ch\u1ee7ng<\/h2>\n<p>Gi\u1ed1ng hoa thi\u00ean l\u00fd l\u00e0 lo\u1ea1i c\u00e2y th\u00e2n leo, s\u1ed1ng l\u00e2u n\u0103m, \u0111\u01b0\u1ee3c \u01b0a chu\u1ed9ng nh\u1edd c\u00e1c \u01b0u \u0111i\u1ec3m:<\/p>\n<ul>\n<li>Kh\u1ea3 n\u0103ng sinh tr\u01b0\u1edfng m\u1ea1nh: C\u00e2y leo gi\u00e0n nhanh, \u0111\u1ed9 ph\u1ee7 r\u1ed9ng.<\/li>\n<li>N\u0103ng su\u1ea5t cao: Ch\u00f9m hoa to, n\u1ee5 d\u00e0y, h\u01b0\u01a1ng th\u01a1m \u0111\u1eb7c tr\u01b0ng.<\/li>\n<li>Gi\u00e1 tr\u1ecb kinh t\u1ebf: Thu ho\u1ea1ch li\u00ean t\u1ee5c trong n\u0103m, th\u1ecb tr\u01b0\u1eddng ti\u00eau th\u1ee5 \u1ed5n \u0111\u1ecbnh.<\/li>\n<\/ul>\n<h2>C\u00e1ch ch\u1ecdn gi\u1ed1ng hoa thi\u00ean l\u00fd ch\u1ea5t l\u01b0\u1ee3ng<\/h2>\n<p>Ch\u1ecdn c\u00e2y gi\u1ed1ng nu\u00f4i b\u1ea7u: \u0110\u00e2y l\u00e0 l\u1ef1a ch\u1ecdn an to\u00e0n nh\u1ea5t cho ng\u01b0\u1eddi m\u1edbi tr\u1ed3ng. C\u00e2y t\u1ea1i C\u00e2y Gi\u1ed1ng Ph\u00fac An lu\u00f4n \u0111\u1ea3m b\u1ea3o b\u1ed9 r\u1ec5 kh\u1ecfe, l\u00e1 xanh v\u00e0 \u0111\u00e3 \u0111\u01b0\u1ee3c thu\u1ea7n d\u01b0\u1ee1ng s\u1eb5n, gi\u00fap c\u00e2y kh\u00f4ng b\u1ecb m\u1ea5t s\u1ee9c khi ra \u0111\u1ea5t th\u1ecbt.<\/p>\n<p>\u0110i\u1ec3m quan tr\u1ecdng cho b\u00e0 con l\u01b0u \u00fd l\u00e0 n\u00ean ch\u1ecdn c\u00e2y \u0111\u01b0\u1ee3c nu\u00f4i \u1ed5n \u0111\u1ecbnh trong b\u1ea7u, v\u00ec sao? Thi\u00ean l\u00fd n\u1ebfu mua c\u00e2y non qu\u00e1 th\u00ec t\u1ec9 l\u1ec7 hao h\u1ee5t r\u1ea5t cao, c\u00e2y non tuy gi\u00e1 r\u1ebb nh\u01b0ng nh\u01b0 v\u1eady l\u1ea1i t\u1ed1n chi ph\u00ed g\u1ea5p nhi\u1ec1u l\u1ea7n so v\u1edbi \u0111\u1ea7u t\u01b0 c\u00e2y nu\u00f4i b\u1ea7u \u1ed5n \u0111\u1ecbnh (ho\u1eb7c h\u00e0ng nu\u00f4i ch\u1eadu c8-c9)<\/p>\n<figure id=\"attachment_3234\" aria-describedby=\"caption-attachment-3234\" style=\"width: 385px\" class=\"wp-caption aligncenter\"><img loading=\"lazy\" decoding=\"async\" class=\"wp-image-3234\" src=\"http:\/\/localhost\/phucan713\/wp-content\/uploads\/2025\/01\/718feda18717214978063-657x1024.jpg\" alt=\"C\u00e2y gi\u1ed1ng hoa thi\u00ean l\u00fd Ph\u00fac An cung c\u1ea5p\" width=\"385\" height=\"600\" srcset=\"https:\/\/ktech4.k-tech-services.com\/phucan713\/wp-content\/uploads\/2025\/01\/718feda18717214978063-657x1024.jpg 657w, https:\/\/ktech4.k-tech-services.com\/phucan713\/wp-content\/uploads\/2025\/01\/718feda18717214978063-192x300.jpg 192w, https:\/\/ktech4.k-tech-services.com\/phucan713\/wp-content\/uploads\/2025\/01\/718feda18717214978063-510x795.jpg 510w, https:\/\/ktech4.k-tech-services.com\/phucan713\/wp-content\/uploads\/2025\/01\/718feda18717214978063.jpg 720w\" sizes=\"auto, (max-width: 385px) 100vw, 385px\" \/><figcaption id=\"caption-attachment-3234\" class=\"wp-caption-text\">C\u00e2y gi\u1ed1ng hoa thi\u00ean l\u00fd Ph\u00fac An cung c\u1ea5p<\/figcaption><\/figure>\n<h2>N\u0103ng su\u1ea5t trung b\u00ecnh tr\u00ean 1 c\u00e2y hoa thi\u00ean l\u00fd<\/h2>\n<p>Khi c\u00e2y \u0111\u00e3 v\u00e0o giai \u0111o\u1ea1n kinh doanh \u1ed5n \u0111\u1ecbnh (t\u1eeb n\u0103m th\u1ee9 2 tr\u1edf \u0111i), n\u0103ng su\u1ea5t t\u00ednh tr\u00ean m\u1ed7i g\u1ed1c c\u00e2y r\u1ea5t \u1ea5n t\u01b0\u1ee3ng:<\/p>\n<ul>\n<li>Giai \u0111o\u1ea1n thu ho\u1ea1ch r\u1ed9 (M\u00f9a h\u00e8): M\u1ed9t g\u1ed1c c\u00e2y sung s\u1ee9c c\u00f3 th\u1ec3 cho thu ho\u1ea1ch t\u1eeb 0.3kg &#8211; 0.5kg hoa t\u01b0\u01a1i\/ng\u00e0y.<\/li>\n<li>T\u00ednh theo th\u00e1ng: Trung b\u00ecnh m\u1ed7i c\u00e2y cho kho\u1ea3ng 4kg &#8211; 6kg hoa\/th\u00e1ng v\u00e0o m\u00f9a thu\u1eadn.<\/li>\n<li>T\u1ed5ng n\u0103ng su\u1ea5t c\u1ea3 n\u0103m: M\u1ed9t c\u00e2y thi\u00ean l\u00fd chu\u1ea9n gi\u1ed1ng t\u1ea1i C\u00e2y Gi\u1ed1ng Ph\u00fac An c\u00f3 th\u1ec3 \u0111\u1ea1t t\u1ed5ng s\u1ea3n l\u01b0\u1ee3ng t\u1eeb 20kg &#8211; 30kg hoa\/n\u0103m.<\/li>\n<\/ul>\n<figure id=\"attachment_3236\" aria-describedby=\"caption-attachment-3236\" style=\"width: 600px\" class=\"wp-caption aligncenter\"><img loading=\"lazy\" decoding=\"async\" class=\"wp-image-3236\" src=\"http:\/\/localhost\/phucan713\/wp-content\/uploads\/2025\/01\/hai-hoa-thien-ly.jpg\" alt=\"Thu ho\u1ea1ch hoa thi\u00ean l\u00fd\" width=\"600\" height=\"450\" srcset=\"https:\/\/ktech4.k-tech-services.com\/phucan713\/wp-content\/uploads\/2025\/01\/hai-hoa-thien-ly.jpg 680w, https:\/\/ktech4.k-tech-services.com\/phucan713\/wp-content\/uploads\/2025\/01\/hai-hoa-thien-ly-300x225.jpg 300w, https:\/\/ktech4.k-tech-services.com\/phucan713\/wp-content\/uploads\/2025\/01\/hai-hoa-thien-ly-510x383.jpg 510w\" sizes=\"auto, (max-width: 600px) 100vw, 600px\" \/><figcaption id=\"caption-attachment-3236\" class=\"wp-caption-text\">Thu ho\u1ea1ch hoa thi\u00ean l\u00fd<\/figcaption><\/figure>\n<h2>K\u1ef9 thu\u1eadt tr\u1ed3ng hoa thi\u00ean l\u00fd cho n\u0103ng su\u1ea5t &#8220;kh\u1ee7ng&#8221;<\/h2>\n<p>\u0110\u1ec3 t\u1ed1i \u01b0u h\u00f3a di\u1ec7n t\u00edch v\u00e0 l\u01b0\u1ee3ng hoa thu ho\u1ea1ch, b\u1ea1n c\u1ea7n n\u1eafm v\u1eefng 3 y\u1ebfu t\u1ed1:<\/p>\n<h3>Thi\u1ebft k\u1ebf gi\u00e0n tr\u1ed3ng<\/h3>\n<p>Thi\u00ean l\u00fd l\u00e0 c\u00e2y \u01b0a s\u00e1ng tuy\u1ec7t \u0111\u1ed1i. Gi\u00e0n n\u00ean l\u00e0m b\u1eb1ng d\u00e2y k\u1ebdm ho\u1eb7c l\u01b0\u1edbi c\u01b0\u1edbc, \u0111\u1ed9 cao l\u00fd t\u01b0\u1edfng t\u1eeb 2m &#8211; 2.2m. T\u1ea1i mi\u1ec1n T\u00e2y, b\u00e0 con n\u00ean l\u01b0u \u00fd l\u00e0m gi\u00e0n ch\u1eafc ch\u1eafn \u0111\u1ec3 ch\u1ed1ng ch\u1ecdi v\u1edbi gi\u00f3 b\u00e3o m\u00f9a m\u01b0a.<\/p>\n<figure id=\"attachment_3239\" aria-describedby=\"caption-attachment-3239\" style=\"width: 450px\" class=\"wp-caption aligncenter\"><img loading=\"lazy\" decoding=\"async\" class=\"wp-image-3239\" src=\"http:\/\/localhost\/phucan713\/wp-content\/uploads\/2025\/01\/hoa-thien-ly.jpg\" alt=\"Hoa thi\u00ean l\u00fd \u0111\u01b0\u1ee3c tr\u1ed3ng tr\u00ean gi\u00e0n, cho hoa theo ch\u00f9m\" width=\"450\" height=\"600\" srcset=\"https:\/\/ktech4.k-tech-services.com\/phucan713\/wp-content\/uploads\/2025\/01\/hoa-thien-ly.jpg 720w, https:\/\/ktech4.k-tech-services.com\/phucan713\/wp-content\/uploads\/2025\/01\/hoa-thien-ly-225x300.jpg 225w, https:\/\/ktech4.k-tech-services.com\/phucan713\/wp-content\/uploads\/2025\/01\/hoa-thien-ly-510x680.jpg 510w\" sizes=\"auto, (max-width: 450px) 100vw, 450px\" \/><figcaption id=\"caption-attachment-3239\" class=\"wp-caption-text\">Hoa thi\u00ean l\u00fd \u0111\u01b0\u1ee3c tr\u1ed3ng tr\u00ean gi\u00e0n, cho hoa theo ch\u00f9m<\/figcaption><\/figure>\n<h3>M\u1eadt \u0111\u1ed9 tr\u1ed3ng: 1 c\u00f4ng \u0111\u1ea5t (1.000m2) tr\u1ed3ng bao nhi\u00eau c\u00e2y?<\/h3>\n<p>T\u00f9y v\u00e0o c\u00e1ch l\u00e0m gi\u00e0n (gi\u00e0n ch\u1eef A, gi\u00e0n b\u1eb1ng) v\u00e0 \u0111i\u1ec1u ki\u1ec7n \u0111\u1ea5t \u0111ai t\u1ea1i mi\u1ec1n T\u00e2y, m\u1eadt \u0111\u1ed9 tr\u1ed3ng hoa thi\u00ean l\u00fd th\u01b0\u1eddng dao \u0111\u1ed9ng nh\u01b0 sau:<\/p>\n<ul>\n<li>Kho\u1ea3ng c\u00e1ch tr\u1ed3ng ph\u1ed5 bi\u1ebfn: C\u00e2y c\u00e1ch c\u00e2y 2m, h\u00e0ng c\u00e1ch h\u00e0ng\u00a03m.<\/li>\n<li>S\u1ed1 l\u01b0\u1ee3ng c\u00e2y: Trung b\u00ecnh 1 c\u00f4ng \u0111\u1ea5t (1.000m2) s\u1ebd tr\u1ed3ng \u0111\u01b0\u1ee3c kho\u1ea3ng 150 &#8211; 180 c\u00e2y<\/li>\n<li>L\u01b0u \u00fd t\u1eeb Ph\u00fac An: Kh\u00f4ng n\u00ean tr\u1ed3ng qu\u00e1 d\u00e0y (d\u01b0\u1edbi 2m). Thi\u00ean l\u00fd l\u00e0 lo\u1ea1i c\u00e2y leo kh\u1ecfe, n\u1ebfu tr\u1ed3ng d\u00e0y gi\u00e0n s\u1ebd b\u1ecb b\u00ed, thi\u1ebfu \u00e1nh s\u00e1ng d\u1eabn \u0111\u1ebfn r\u1ee5ng n\u1ee5 v\u00e0 d\u1ec5 ph\u00e1t sinh r\u1ec7p s\u00e1p.<\/li>\n<\/ul>\n<h3>Ch\u1ebf \u0111\u1ed9 dinh d\u01b0\u1ee1ng<\/h3>\n<p>B\u00f3n l\u00f3t: S\u1eed d\u1ee5ng ph\u00e2n chu\u1ed3ng \u1ee7 hoai m\u1ee5c ho\u1eb7c ph\u00e2n h\u1eefu c\u01a1 vi sinh gi\u00fap \u0111\u1ea5t t\u01a1i x\u1ed1p.<\/p>\n<p>B\u00f3n th\u00fac: Chia l\u00e0m nhi\u1ec1u \u0111\u1ee3t. Khi c\u00e2y leo k\u00edn gi\u00e0n, c\u1ea7n b\u1ed5 sung th\u00eam Kali \u0111\u1ec3 k\u00edch th\u00edch ra n\u1ee5 \u0111\u1ed3ng lo\u1ea1t.<\/p>\n<h3>Qu\u1ea3n l\u00fd s\u00e2u b\u1ec7nh<\/h3>\n<p>S\u1ee3 nh\u1ea5t \u1edf hoa thi\u00ean l\u00fd l\u00e0 r\u1ea7y r\u1ec7p. H\u00e3y th\u01b0\u1eddng xuy\u00ean ki\u1ec3m tra d\u01b0\u1edbi n\u00e1ch l\u00e1 v\u00e0 ch\u00f9m n\u1ee5. \u01afu ti\u00ean s\u1eed d\u1ee5ng c\u00e1c bi\u1ec7n ph\u00e1p sinh h\u1ecdc \u0111\u1ec3 \u0111\u1ea3m b\u1ea3o ti\u00eau chu\u1ea9n rau s\u1ea1ch khi b\u00e1n ra th\u1ecb tr\u01b0\u1eddng.<\/p>\n<p>Sau m\u1ed7i l\u1ee9a hoa r\u1ed9, b\u00e0 con c\u1ea7n m\u1ea1nh tay t\u1ec9a b\u1ecf c\u00e1c nh\u00e1nh ph\u1ee5 \u0111\u00e3 ra hoa \u0111\u1ec3 k\u00edch th\u00edch n\u00e1ch l\u00e1 m\u1edbi \u0111\u00e2m ch\u1ed3i n\u1ee5. C\u00e2y c\u00e0ng nhi\u1ec1u ch\u1ed3i m\u1edbi, n\u0103ng su\u1ea5t c\u00e0ng cao.<\/p>\n<h2>Gi\u00e1 c\u00e2y gi\u1ed1ng hoa thi\u00ean l\u00fd<\/h2>\n<figure id=\"attachment_3233\" aria-describedby=\"caption-attachment-3233\" style=\"width: 385px\" class=\"wp-caption aligncenter\"><img loading=\"lazy\" decoding=\"async\" class=\"wp-image-3233\" src=\"http:\/\/localhost\/phucan713\/wp-content\/uploads\/2025\/01\/c3fcaad3c065663b3f744-193x300.jpg\" alt=\"C\u00e2y gi\u1ed1ng hoa thi\u00ean l\u00fd Ph\u00fac An cung c\u1ea5p\" width=\"385\" height=\"600\" srcset=\"https:\/\/ktech4.k-tech-services.com\/phucan713\/wp-content\/uploads\/2025\/01\/c3fcaad3c065663b3f744-193x300.jpg 193w, https:\/\/ktech4.k-tech-services.com\/phucan713\/wp-content\/uploads\/2025\/01\/c3fcaad3c065663b3f744-658x1024.jpg 658w, https:\/\/ktech4.k-tech-services.com\/phucan713\/wp-content\/uploads\/2025\/01\/c3fcaad3c065663b3f744-510x794.jpg 510w, https:\/\/ktech4.k-tech-services.com\/phucan713\/wp-content\/uploads\/2025\/01\/c3fcaad3c065663b3f744.jpg 720w\" sizes=\"auto, (max-width: 385px) 100vw, 385px\" \/><figcaption id=\"caption-attachment-3233\" class=\"wp-caption-text\">C\u00e2y gi\u1ed1ng hoa thi\u00ean l\u00fd Ph\u00fac An cung c\u1ea5p<\/figcaption><\/figure>\n<p>Gi\u00e1 c\u00e2y gi\u1ed1ng hoa thi\u00ean l\u00fd t\u1ea1i v\u01b0\u1eddn Ph\u00fac An dao \u0111\u1ed9ng t\u1eeb 24.000 &#8211; 40.000\/c\u00e2y. T\u00f9y theo l\u00f4 c\u00e2y, s\u1ed1 l\u01b0\u1ee3ng \u0111\u1eb7t s\u1ebd c\u00f3 m\u1ee9c gi\u00e1 kh\u00e1c nhau. S\u1ed1 l\u01b0\u1ee3ng c\u00e0ng nhi\u1ec1u gi\u00e1 c\u00e0ng nh\u1eb9. Ch\u00fang t\u00f4i lu\u00f4n gi\u1eef m\u1ee9c gi\u00e1 ph\u1ea3i ch\u0103ng\u00a0\u0111\u1ec3 m\u1ecdi kh\u00e1ch h\u00e0ng \u0111\u1ec1u c\u00f3 th\u1ec3 ch\u1ecdn mua nh\u1eefng c\u00e2y gi\u1ed1ng\u00a0ch\u1ea5t l\u01b0\u1ee3ng v\u1edbi m\u1ee9c gi\u00e1 t\u1ed1t cho khu v\u01b0\u1eddn c\u1ee7a m\u00ecnh.<\/p>\n<h2>T\u1ea1i sao n\u00ean ch\u1ecdn mua gi\u1ed1ng t\u1ea1i C\u00e2y Gi\u1ed1ng Ph\u00fac An?<\/h2>\n<ul>\n<li>Gi\u1ed1ng chu\u1ea9n, t\u1ec9 l\u1ec7 s\u1ed1ng cao, nhanh cho hoa<\/li>\n<li>C\u00e2y \u0111\u01b0\u1ee3c nu\u00f4i b\u1ea7u kh\u1ecfe m\u1ea1nh m\u1edbi giao, kh\u00f4ng giao c\u00e2y non<\/li>\n<li>Gi\u00e1 th\u00e0nh t\u1ea1i v\u01b0\u1eddn, kh\u00f4ng qua trung gian<\/li>\n<\/ul>\n<figure id=\"attachment_4970\" aria-describedby=\"caption-attachment-4970\" style=\"width: 450px\" class=\"wp-caption aligncenter\"><img loading=\"lazy\" decoding=\"async\" class=\"wp-image-4970\" src=\"http:\/\/localhost\/phucan713\/wp-content\/uploads\/2025\/01\/cay-giong-hoa-thien-ly-phuc-an-769x1024.jpg\" alt=\"Ph\u00fac An giao h\u00e0ng c\u00e2y gi\u1ed1ng hoa thi\u00ean l\u00fd cho kh\u00e1ch\" width=\"450\" height=\"600\" srcset=\"https:\/\/ktech4.k-tech-services.com\/phucan713\/wp-content\/uploads\/2025\/01\/cay-giong-hoa-thien-ly-phuc-an-769x1024.jpg 769w, https:\/\/ktech4.k-tech-services.com\/phucan713\/wp-content\/uploads\/2025\/01\/cay-giong-hoa-thien-ly-phuc-an-225x300.jpg 225w, https:\/\/ktech4.k-tech-services.com\/phucan713\/wp-content\/uploads\/2025\/01\/cay-giong-hoa-thien-ly-phuc-an-768x1023.jpg 768w, https:\/\/ktech4.k-tech-services.com\/phucan713\/wp-content\/uploads\/2025\/01\/cay-giong-hoa-thien-ly-phuc-an-510x679.jpg 510w, https:\/\/ktech4.k-tech-services.com\/phucan713\/wp-content\/uploads\/2025\/01\/cay-giong-hoa-thien-ly-phuc-an.jpg 961w\" sizes=\"auto, (max-width: 450px) 100vw, 450px\" \/><figcaption id=\"caption-attachment-4970\" class=\"wp-caption-text\">Ph\u00fac An giao h\u00e0ng c\u00e2y gi\u1ed1ng hoa thi\u00ean l\u00fd cho kh\u00e1ch, ch\u1eadu c9<\/figcaption><\/figure>\n<figure id=\"attachment_3242\" aria-describedby=\"caption-attachment-3242\" style=\"width: 450px\" class=\"wp-caption aligncenter\"><img loading=\"lazy\" decoding=\"async\" class=\"wp-image-3242\" src=\"http:\/\/localhost\/phucan713\/wp-content\/uploads\/2025\/01\/z5922042992447_decb14adf2043839acc09033b8c1125b-225x300.jpg\" alt=\"Quy c\u00e1ch c\u00e2y gi\u1ed1ng hoa thi\u00ean l\u00fd t\u1ea1i Ph\u00fac An\" width=\"450\" height=\"600\" srcset=\"https:\/\/ktech4.k-tech-services.com\/phucan713\/wp-content\/uploads\/2025\/01\/z5922042992447_decb14adf2043839acc09033b8c1125b-225x300.jpg 225w, https:\/\/ktech4.k-tech-services.com\/phucan713\/wp-content\/uploads\/2025\/01\/z5922042992447_decb14adf2043839acc09033b8c1125b-768x1024.jpg 768w, https:\/\/ktech4.k-tech-services.com\/phucan713\/wp-content\/uploads\/2025\/01\/z5922042992447_decb14adf2043839acc09033b8c1125b-510x680.jpg 510w, https:\/\/ktech4.k-tech-services.com\/phucan713\/wp-content\/uploads\/2025\/01\/z5922042992447_decb14adf2043839acc09033b8c1125b.jpg 960w\" sizes=\"auto, (max-width: 450px) 100vw, 450px\" \/><figcaption id=\"caption-attachment-3242\" class=\"wp-caption-text\">Quy c\u00e1ch c\u00e2y gi\u1ed1ng hoa thi\u00ean l\u00fd t\u1ea1i Ph\u00fac An<\/figcaption><\/figure>\n<p>Qu\u00fd c\u00f4 b\u00e1c c\u00f3 th\u1ec3 li\u00ean h\u1ec7 tr\u1ef1c ti\u1ebfp qua SDT\/ Zalo <span style=\"color: #008000; font-size: 120%;\"><strong>0962.888.014<\/strong><\/span> \u0111\u1ec3 ch\u00fang t\u00f4i t\u01b0 v\u1ea5n v\u00e0 b\u00e1o gi\u00e1 c\u1ee5 th\u1ec3. Xin c\u1ea3m \u01a1n qu\u00fd c\u00f4 b\u00e1c \u0111\u00e3 \u0111\u1eb7t ni\u1ec1m tin v\u1edbi<a href=\"http:\/\/localhost\/phucan713\/\" target=\"_blank\" rel=\"noopener\"> C\u00e2y Gi\u1ed1ng Ph\u00fac An<\/a>.<\/p>\n<p>&gt; XEM TH\u00caM: <a href=\"https:\/\/nongnghiephuuco.vn\/trong-hoa-thien-ly-huong-thoat-ngheo-ben-vung-cho-nguoi-nong-dan-8034.html\" target=\"_blank\" rel=\"noopener\">Tr\u1ed3ng hoa thi\u00ean l\u00fd, h\u01b0\u1edbng tho\u00e1t ngh\u00e8o b\u1ec1n v\u1eefng cho ng\u01b0\u1eddi n\u00f4ng d\u00e2n<\/a><\/p>\n","protected":false},"excerpt":{"rendered":"<p>*Gi\u00e1 \u00e1p d\u1ee5ng cho s\u1ed1 l\u01b0\u1ee3ng t\u1eeb 50 c\u00e2y, c\u00f3 th\u1ec3 thay \u0111\u1ed5i theo th\u1eddi \u0111i\u1ec3m<\/p>\n<p>* Ch\u01b0a bao g\u1ed3m ph\u00ed v\u1eadn chuy\u1ec3n (t\u00f9y theo s\u1ed1 l\u01b0\u1ee3ng c\u00e2y v\u00e0 \u0111\u1ecba \u0111i\u1ec3m giao h\u00e0ng)<\/p>\n","protected":false},"featured_media":3233,"comment_status":"open","ping_status":"closed","template":"","meta":[],"product_brand":[],"product_cat":[37],"product_tag":[],"class_list":{"0":"post-3232","1":"product","2":"type-product","3":"status-publish","4":"has-post-thumbnail","6":"product_cat-cay-giong-khac","8":"first","9":"instock","10":"shipping-taxable","11":"purchasable","12":"product-type-simple"},"_links":{"self":[{"href":"https:\/\/ktech4.k-tech-services.com\/phucan713\/wp-json\/wp\/v2\/product\/3232","targetHints":{"allow":["GET"]}}],"collection":[{"href":"https:\/\/ktech4.k-tech-services.com\/phucan713\/wp-json\/wp\/v2\/product"}],"about":[{"href":"https:\/\/ktech4.k-tech-services.com\/phucan713\/wp-json\/wp\/v2\/types\/product"}],"replies":[{"embeddable":true,"href":"https:\/\/ktech4.k-tech-services.com\/phucan713\/wp-json\/wp\/v2\/comments?post=3232"}],"wp:featuredmedia":[{"embeddable":true,"href":"https:\/\/ktech4.k-tech-services.com\/phucan713\/wp-json\/wp\/v2\/media\/3233"}],"wp:attachment":[{"href":"https:\/\/ktech4.k-tech-services.com\/phucan713\/wp-json\/wp\/v2\/media?parent=3232"}],"wp:term":[{"taxonomy":"product_brand","embeddable":true,"href":"https:\/\/ktech4.k-tech-services.com\/phucan713\/wp-json\/wp\/v2\/product_brand?post=3232"},{"taxonomy":"product_cat","embeddable":true,"href":"https:\/\/ktech4.k-tech-services.com\/phucan713\/wp-json\/wp\/v2\/product_cat?post=3232"},{"taxonomy":"product_tag","embeddable":true,"href":"https:\/\/ktech4.k-tech-services.com\/phucan713\/wp-json\/wp\/v2\/product_tag?post=3232"}],"curies":[{"name":"wp","href":"https:\/\/api.w.org\/{rel}","templated":true}]}}