{"id":3336,"date":"2025-01-18T11:57:09","date_gmt":"2025-01-18T04:57:09","guid":{"rendered":"https:\/\/caygiongphucan.com\/?post_type=product&amp;p=3336"},"modified":"2025-01-18T11:57:09","modified_gmt":"2025-01-18T04:57:09","slug":"cay-giong-tao-tau","status":"publish","type":"product","link":"https:\/\/ktech4.k-tech-services.com\/phucan713\/san-pham\/cay-giong-tao-tau\/","title":{"rendered":"C\u00e2y gi\u1ed1ng t\u00e1o t\u00e0u"},"content":{"rendered":"<h2><strong>Vi\u1ec7t Nam c\u00f3 th\u1ec3 tr\u1ed3ng gi\u1ed1ng t\u00e1o t\u00e0u \u0111\u01b0\u1ee3c kh\u00f4ng?<\/strong><\/h2>\n<p>C\u00e2u tr\u1ea3 l\u1eddi: Ho\u00e0n to\u00e0n c\u00f3 th\u1ec3!<\/p>\n<figure id=\"attachment_3338\" aria-describedby=\"caption-attachment-3338\" style=\"width: 375px\" class=\"wp-caption aligncenter\"><img loading=\"lazy\" decoding=\"async\" class=\"wp-image-3338\" src=\"http:\/\/localhost\/phucan713\/wp-content\/uploads\/2025\/01\/386719108_10219148283417028_7145520647561386616_n-225x300.jpg\" alt=\"T\u00e1o t\u00e0u tr\u1ed3ng t\u1ea1i Vi\u1ec7t Nam\" width=\"375\" height=\"500\" srcset=\"https:\/\/ktech4.k-tech-services.com\/phucan713\/wp-content\/uploads\/2025\/01\/386719108_10219148283417028_7145520647561386616_n-225x300.jpg 225w, https:\/\/ktech4.k-tech-services.com\/phucan713\/wp-content\/uploads\/2025\/01\/386719108_10219148283417028_7145520647561386616_n-768x1024.jpg 768w, https:\/\/ktech4.k-tech-services.com\/phucan713\/wp-content\/uploads\/2025\/01\/386719108_10219148283417028_7145520647561386616_n-1152x1536.jpg 1152w, https:\/\/ktech4.k-tech-services.com\/phucan713\/wp-content\/uploads\/2025\/01\/386719108_10219148283417028_7145520647561386616_n-510x680.jpg 510w, https:\/\/ktech4.k-tech-services.com\/phucan713\/wp-content\/uploads\/2025\/01\/386719108_10219148283417028_7145520647561386616_n.jpg 1536w\" sizes=\"auto, (max-width: 375px) 100vw, 375px\" \/><figcaption id=\"caption-attachment-3338\" class=\"wp-caption-text\">T\u00e1o t\u00e0u tr\u1ed3ng t\u1ea1i Vi\u1ec7t Nam<\/figcaption><\/figure>\n<p>Vi\u1ec7t Nam v\u1edbi \u0111i\u1ec1u ki\u1ec7n kh\u00ed h\u1eadu \u0111a d\u1ea1ng, \u0111\u1eb7c bi\u1ec7t l\u00e0 c\u00e1c v\u00f9ng c\u00f3 kh\u00ed h\u1eadu kh\u00f4 h\u1ea1n, \u1ea5m \u00e1p nh\u01b0 mi\u1ec1n Trung v\u00e0 \u0110\u00f4ng Nam B\u1ed9, r\u1ea5t ph\u00f9 h\u1ee3p \u0111\u1ec3 tr\u1ed3ng t\u00e1o t\u00e0u.<\/p>\n<p>T\u00e1o t\u00e0u, hay c\u00f2n g\u1ecdi l\u00e0 h\u1ed3ng t\u00e1o, kh\u00f4ng ch\u1ec9 l\u00e0 m\u1ed9t lo\u1ea1i tr\u00e1i\u00a0quen thu\u1ed9c trong y h\u1ecdc c\u1ed5 truy\u1ec1n m\u00e0 c\u00f2n l\u00e0 m\u1ed9t lo\u1ea1i c\u00e2y tr\u1ed3ng mang l\u1ea1i hi\u1ec7u tr\u00e1i\u00a0kinh t\u1ebf cao. V\u1edbi nhi\u1ec1u c\u00f4ng d\u1ee5ng t\u1ed1t cho s\u1ee9c kh\u1ecfe, t\u00e1o t\u00e0u ng\u00e0y c\u00e0ng \u0111\u01b0\u1ee3c \u01b0a chu\u1ed9ng, m\u1edf ra c\u01a1 h\u1ed9i kinh doanh h\u1ea5p d\u1eabn cho ng\u01b0\u1eddi n\u00f4ng d\u00e2n. B\u00e0i vi\u1ebft n\u00e0y s\u1ebd cung c\u1ea5p cho b\u1ea1n nh\u1eefng th\u00f4ng tin chi ti\u1ebft v\u1ec1 gi\u1ed1ng t\u00e1o t\u00e0u, t\u1eeb ngu\u1ed3n g\u1ed1c, \u0111\u1eb7c \u0111i\u1ec3m \u0111\u1ebfn k\u1ef9 thu\u1eadt tr\u1ed3ng tr\u1ecdt, gi\u00fap b\u1ea1n \u0111\u01b0a ra quy\u1ebft \u0111\u1ecbnh \u0111\u1ea7u t\u01b0 \u0111\u00fang \u0111\u1eafn.<\/p>\n<h2><strong>Ngu\u1ed3n g\u1ed1c t\u00e1o t\u00e0u<\/strong><\/h2>\n<p>T\u00e1o t\u00e0u c\u00f3 ngu\u1ed3n g\u1ed1c t\u1eeb Trung Qu\u1ed1c, n\u01a1i n\u00f3 \u0111\u01b0\u1ee3c tr\u1ed3ng v\u00e0 s\u1eed d\u1ee5ng t\u1eeb h\u00e0ng ngh\u00ecn n\u0103m tr\u01b0\u1edbc. C\u00e2y t\u00e1o t\u00e0u sau \u0111\u00f3 \u0111\u01b0\u1ee3c du nh\u1eadp v\u00e0 tr\u1ed3ng r\u1ed9ng r\u00e3i \u1edf nhi\u1ec1u qu\u1ed1c gia tr\u00ean th\u1ebf gi\u1edbi, trong \u0111\u00f3 c\u00f3 Vi\u1ec7t Nam.<\/p>\n<figure id=\"attachment_3340\" aria-describedby=\"caption-attachment-3340\" style=\"width: 375px\" class=\"wp-caption aligncenter\"><img loading=\"lazy\" decoding=\"async\" class=\"wp-image-3340\" src=\"http:\/\/localhost\/phucan713\/wp-content\/uploads\/2025\/01\/Ziziphus-jujuba-8-225x300.jpg\" alt=\"C\u00e2y t\u00e1o t\u00e0u l\u00e2u n\u0103m\" width=\"375\" height=\"500\" srcset=\"https:\/\/ktech4.k-tech-services.com\/phucan713\/wp-content\/uploads\/2025\/01\/Ziziphus-jujuba-8-225x300.jpg 225w, https:\/\/ktech4.k-tech-services.com\/phucan713\/wp-content\/uploads\/2025\/01\/Ziziphus-jujuba-8-510x680.jpg 510w, https:\/\/ktech4.k-tech-services.com\/phucan713\/wp-content\/uploads\/2025\/01\/Ziziphus-jujuba-8.jpg 650w\" sizes=\"auto, (max-width: 375px) 100vw, 375px\" \/><figcaption id=\"caption-attachment-3340\" class=\"wp-caption-text\">C\u00e2y t\u00e1o t\u00e0u l\u00e2u n\u0103m<\/figcaption><\/figure>\n<h2><strong><b>\u0110\u1eb7c \u0111i\u1ec3m gi\u1ed1ng t\u00e1o t\u00e0u<\/b><\/strong><\/h2>\n<p>Th\u00e2n c\u00e2y: Th\u00e2n g\u1ed7, cao trung b\u00ecnh t\u1eeb 5-10m, c\u00e0nh l\u00e1 xum xu\u00ea.<\/p>\n<p>L\u00e1: L\u00e1 \u0111\u01a1n, h\u00ecnh b\u1ea7u d\u1ee5c, m\u00e9p c\u00f3 r\u0103ng c\u01b0a.<\/p>\n<p>Hoa: Hoa nh\u1ecf, m\u00e0u tr\u1eafng, m\u1ecdc th\u00e0nh ch\u00f9m.<\/p>\n<p>Tr\u00e1i: tr\u00e1i h\u00ecnh b\u1ea7u d\u1ee5c, khi ch\u00edn c\u00f3 m\u00e0u \u0111\u1ecf s\u1eabm ho\u1eb7c n\u00e2u \u0111en, v\u1ecb ng\u1ecdt thanh.<\/p>\n<figure id=\"attachment_3341\" aria-describedby=\"caption-attachment-3341\" style=\"width: 375px\" class=\"wp-caption aligncenter\"><img loading=\"lazy\" decoding=\"async\" class=\"wp-image-3341\" src=\"http:\/\/localhost\/phucan713\/wp-content\/uploads\/2025\/01\/Ziziphus-jujuba-6-225x300.jpg\" alt=\"L\u00e1, hoa v\u00e0 tr\u00e1i t\u00e1o t\u00e0u \u0111ang \u0111\u1eadu\" width=\"375\" height=\"500\" srcset=\"https:\/\/ktech4.k-tech-services.com\/phucan713\/wp-content\/uploads\/2025\/01\/Ziziphus-jujuba-6-225x300.jpg 225w, https:\/\/ktech4.k-tech-services.com\/phucan713\/wp-content\/uploads\/2025\/01\/Ziziphus-jujuba-6-510x680.jpg 510w, https:\/\/ktech4.k-tech-services.com\/phucan713\/wp-content\/uploads\/2025\/01\/Ziziphus-jujuba-6.jpg 650w\" sizes=\"auto, (max-width: 375px) 100vw, 375px\" \/><figcaption id=\"caption-attachment-3341\" class=\"wp-caption-text\">L\u00e1, hoa v\u00e0 tr\u00e1i t\u00e1o t\u00e0u \u0111ang \u0111\u1eadu<\/figcaption><\/figure>\n<h2><strong><b>Gi\u1ed1ng t\u00e1o t\u00e0u tr\u1ed3ng bao l\u00e2u thu ho\u1ea1ch?<\/b><\/strong><\/h2>\n<p>Th\u1eddi gian t\u1eeb khi tr\u1ed3ng c\u00e2y t\u00e1o t\u00e0u \u0111\u1ebfn khi thu ho\u1ea1ch tr\u00e1i\u00a0\u0111\u1ea7u ti\u00ean th\u01b0\u1eddng kho\u1ea3ng 3-5 n\u0103m. Tuy nhi\u00ean, th\u1eddi gian n\u00e0y c\u00f3 th\u1ec3 thay \u0111\u1ed5i t\u00f9y thu\u1ed9c v\u00e0o gi\u1ed1ng c\u00e2y, \u0111i\u1ec1u ki\u1ec7n kh\u00ed h\u1eadu v\u00e0 k\u1ef9 thu\u1eadt ch\u0103m s\u00f3c.<\/p>\n<h2><strong>T\u1eeb l\u00fac ra hoa \u0111\u1ebfn khi thu ho\u1ea1ch t\u00e1o t\u00e0u kho\u1ea3ng bao l\u00e2u?<\/strong><\/h2>\n<p>Sau khi c\u00e2y t\u00e1o t\u00e0u ra hoa, tr\u00e1i\u00a0s\u1ebd ph\u00e1t tri\u1ec3n v\u00e0 ch\u00edn trong kho\u1ea3ng 3-4 th\u00e1ng.<\/p>\n<figure id=\"attachment_3342\" aria-describedby=\"caption-attachment-3342\" style=\"width: 375px\" class=\"wp-caption aligncenter\"><img loading=\"lazy\" decoding=\"async\" class=\"wp-image-3342\" src=\"http:\/\/localhost\/phucan713\/wp-content\/uploads\/2025\/01\/Ziziphus-jujuba-c28ba54d-5541-4a86-bc5e-b7f6cf11983c-225x300.jpg\" alt=\"Giai \u0111o\u1ea1n \u0111\u1eadu tr\u00e1i non\" width=\"375\" height=\"500\" srcset=\"https:\/\/ktech4.k-tech-services.com\/phucan713\/wp-content\/uploads\/2025\/01\/Ziziphus-jujuba-c28ba54d-5541-4a86-bc5e-b7f6cf11983c-225x300.jpg 225w, https:\/\/ktech4.k-tech-services.com\/phucan713\/wp-content\/uploads\/2025\/01\/Ziziphus-jujuba-c28ba54d-5541-4a86-bc5e-b7f6cf11983c-510x680.jpg 510w, https:\/\/ktech4.k-tech-services.com\/phucan713\/wp-content\/uploads\/2025\/01\/Ziziphus-jujuba-c28ba54d-5541-4a86-bc5e-b7f6cf11983c.jpg 650w\" sizes=\"auto, (max-width: 375px) 100vw, 375px\" \/><figcaption id=\"caption-attachment-3342\" class=\"wp-caption-text\">Giai \u0111o\u1ea1n \u0111\u1eadu tr\u00e1i non<\/figcaption><\/figure>\n<h2><strong><b>N\u0103ng su\u1ea5t gi\u1ed1ng t\u00e1o t\u00e0u<\/b><\/strong><\/h2>\n<p>N\u0103ng su\u1ea5t c\u1ee7a c\u00e2y t\u00e1o t\u00e0u ph\u1ee5 thu\u1ed9c v\u00e0o nhi\u1ec1u y\u1ebfu t\u1ed1 nh\u01b0 gi\u1ed1ng c\u00e2y, \u0111i\u1ec1u ki\u1ec7n \u0111\u1ea5t \u0111ai, kh\u00ed h\u1eadu v\u00e0 k\u1ef9 thu\u1eadt ch\u0103m s\u00f3c. Trung b\u00ecnh, m\u1ed9t c\u00e2y t\u00e1o t\u00e0u tr\u01b0\u1edfng th\u00e0nh c\u00f3 th\u1ec3 cho t\u1eeb 20-30kg tr\u00e1i\/n\u0103m.<\/p>\n<figure id=\"attachment_3339\" aria-describedby=\"caption-attachment-3339\" style=\"width: 375px\" class=\"wp-caption aligncenter\"><img loading=\"lazy\" decoding=\"async\" class=\"wp-image-3339\" src=\"http:\/\/localhost\/phucan713\/wp-content\/uploads\/2025\/01\/386749241_10219148280656959_593057901616780589_n-225x300.jpg\" alt=\"Gi\u1ed1ng t\u00e1o t\u00e0u cho n\u0103ng su\u1ea5t r\u1ea5t cao khi \u0111\u01b0\u1ee3c ch\u0103m s\u00f3c t\u1ed1t\" width=\"375\" height=\"500\" srcset=\"https:\/\/ktech4.k-tech-services.com\/phucan713\/wp-content\/uploads\/2025\/01\/386749241_10219148280656959_593057901616780589_n-225x300.jpg 225w, https:\/\/ktech4.k-tech-services.com\/phucan713\/wp-content\/uploads\/2025\/01\/386749241_10219148280656959_593057901616780589_n-768x1024.jpg 768w, https:\/\/ktech4.k-tech-services.com\/phucan713\/wp-content\/uploads\/2025\/01\/386749241_10219148280656959_593057901616780589_n-1152x1536.jpg 1152w, https:\/\/ktech4.k-tech-services.com\/phucan713\/wp-content\/uploads\/2025\/01\/386749241_10219148280656959_593057901616780589_n-510x680.jpg 510w, https:\/\/ktech4.k-tech-services.com\/phucan713\/wp-content\/uploads\/2025\/01\/386749241_10219148280656959_593057901616780589_n.jpg 1536w\" sizes=\"auto, (max-width: 375px) 100vw, 375px\" \/><figcaption id=\"caption-attachment-3339\" class=\"wp-caption-text\">Gi\u1ed1ng t\u00e1o t\u00e0u cho n\u0103ng su\u1ea5t r\u1ea5t cao khi \u0111\u01b0\u1ee3c ch\u0103m s\u00f3c t\u1ed1t<\/figcaption><\/figure>\n<h2><strong><b>Kh\u00ed h\u1eadu v\u00e0 \u0111\u1ea5t tr\u1ed3ng th\u00edch h\u1ee3p v\u1edbi gi\u1ed1ng t\u00e1o t\u00e0u<\/b><\/strong><\/h2>\n<p>T\u00e1o t\u00e0u l\u00e0 c\u00e2y \u01b0a kh\u00ed h\u1eadu \u1ea5m \u00e1p, nhi\u1ec1u n\u1eafng. C\u00e2y th\u00edch h\u1ee3p tr\u1ed3ng \u1edf nh\u1eefng n\u01a1i \u0111\u1ea5t t\u01a1i x\u1ed1p, gi\u00e0u ch\u1ea5t h\u1eefu c\u01a1, tho\u00e1t n\u01b0\u1edbc t\u1ed1t.<\/p>\n<h2><strong><b>Kho\u1ea3ng c\u00e1ch tr\u1ed3ng t\u00e1o t\u00e0u<\/b><\/strong><\/h2>\n<p>Kho\u1ea3ng c\u00e1ch tr\u1ed3ng ph\u00f9 h\u1ee3p gi\u1eefa c\u00e1c c\u00e2y v\u00e0 c\u00e1c h\u00e0ng l\u00e0 3-4m. \u0110i\u1ec1u n\u00e0y gi\u00fap c\u00e2y ph\u00e1t tri\u1ec3n t\u1ed1t, th\u00f4ng tho\u00e1ng, h\u1ea1n ch\u1ebf s\u00e2u b\u1ec7nh.<\/p>\n<figure id=\"attachment_3343\" aria-describedby=\"caption-attachment-3343\" style=\"width: 375px\" class=\"wp-caption aligncenter\"><img loading=\"lazy\" decoding=\"async\" class=\"wp-image-3343\" src=\"http:\/\/localhost\/phucan713\/wp-content\/uploads\/2025\/01\/Ziziphus-jujuba-5-84a71091-8dd7-4bf4-a0e5-501dc23cd4e8-225x300.jpg\" alt=\"T\u00e1o t\u00e0u c\u00e0ng l\u1edbn t\u00e1n c\u00e0ng r\u1ed9ng, v\u00ec v\u1eady kh\u00f4ng \u0111\u01b0\u1ee3c tr\u1ed3ng qu\u00e1 g\u1ea7n\" width=\"375\" height=\"500\" srcset=\"https:\/\/ktech4.k-tech-services.com\/phucan713\/wp-content\/uploads\/2025\/01\/Ziziphus-jujuba-5-84a71091-8dd7-4bf4-a0e5-501dc23cd4e8-225x300.jpg 225w, https:\/\/ktech4.k-tech-services.com\/phucan713\/wp-content\/uploads\/2025\/01\/Ziziphus-jujuba-5-84a71091-8dd7-4bf4-a0e5-501dc23cd4e8-510x680.jpg 510w, https:\/\/ktech4.k-tech-services.com\/phucan713\/wp-content\/uploads\/2025\/01\/Ziziphus-jujuba-5-84a71091-8dd7-4bf4-a0e5-501dc23cd4e8.jpg 650w\" sizes=\"auto, (max-width: 375px) 100vw, 375px\" \/><figcaption id=\"caption-attachment-3343\" class=\"wp-caption-text\">T\u00e1o t\u00e0u c\u00e0ng l\u1edbn t\u00e1n c\u00e0ng r\u1ed9ng, v\u00ec v\u1eady kh\u00f4ng \u0111\u01b0\u1ee3c tr\u1ed3ng qu\u00e1 g\u1ea7n<\/figcaption><\/figure>\n<h2><strong><b>C\u00e1ch ch\u0103m s\u00f3c c\u00e2y t\u00e1o t\u00e0u<\/b><\/strong><\/h2>\n<p>T\u01b0\u1edbi n\u01b0\u1edbc: T\u01b0\u1edbi n\u01b0\u1edbc \u0111\u1ec1u \u0111\u1eb7n, \u0111\u1eb7c bi\u1ec7t l\u00e0 v\u00e0o m\u00f9a kh\u00f4.<\/p>\n<p>B\u00f3n ph\u00e2n: B\u00f3n ph\u00e2n h\u1eefu c\u01a1 ho\u1eb7c ph\u00e2n NPK \u0111\u1ecbnh k\u1ef3 \u0111\u1ec3 cung c\u1ea5p dinh d\u01b0\u1ee1ng cho c\u00e2y.<\/p>\n<p>C\u1eaft t\u1ec9a: C\u1eaft t\u1ec9a c\u00e0nh l\u00e1 gi\u00e0, c\u00e0nh s\u00e2u b\u1ec7nh \u0111\u1ec3 c\u00e2y ph\u00e1t tri\u1ec3n t\u1ed1t h\u01a1n.<\/p>\n<p>Ph\u00f2ng tr\u1eeb s\u00e2u b\u1ec7nh: Th\u01b0\u1eddng xuy\u00ean ki\u1ec3m tra c\u00e2y v\u00e0 s\u1eed d\u1ee5ng c\u00e1c lo\u1ea1i thu\u1ed1c b\u1ea3o v\u1ec7 th\u1ef1c v\u1eadt an to\u00e0n \u0111\u1ec3 ph\u00f2ng tr\u1eeb s\u00e2u b\u1ec7nh.<\/p>\n<p>L\u1eddi khuy\u00ean: \u0110\u1ec3 \u0111\u1ea1t \u0111\u01b0\u1ee3c hi\u1ec7u tr\u00e1i\u00a0kinh t\u1ebf cao, b\u1ea1n n\u00ean l\u1ef1a ch\u1ecdn gi\u1ed1ng t\u00e1o t\u00e0u ch\u1ea5t l\u01b0\u1ee3ng, x\u00e2y d\u1ef1ng h\u1ec7 th\u1ed1ng t\u01b0\u1edbi ti\u00eau h\u1ee3p l\u00fd, \u00e1p d\u1ee5ng c\u00e1c bi\u1ec7n ph\u00e1p k\u1ef9 thu\u1eadt canh t\u00e1c ti\u00ean ti\u1ebfn v\u00e0 t\u00ecm ki\u1ebfm th\u1ecb tr\u01b0\u1eddng ti\u00eau th\u1ee5 \u1ed5n \u0111\u1ecbnh.<\/p>\n<figure id=\"attachment_3344\" aria-describedby=\"caption-attachment-3344\" style=\"width: 375px\" class=\"wp-caption aligncenter\"><img loading=\"lazy\" decoding=\"async\" class=\"wp-image-3344\" src=\"http:\/\/localhost\/phucan713\/wp-content\/uploads\/2025\/01\/Ziziphus-jujuba-7-225x300.jpg\" alt=\"C\u00e2y t\u00e1o t\u00e0u ph\u00e1t tri\u1ec3n t\u1ed1t khi \u0111\u01b0\u1ee3c ch\u0103m s\u00f3c k\u1ef9 l\u01b0\u1ee1ng\" width=\"375\" height=\"500\" srcset=\"https:\/\/ktech4.k-tech-services.com\/phucan713\/wp-content\/uploads\/2025\/01\/Ziziphus-jujuba-7-225x300.jpg 225w, https:\/\/ktech4.k-tech-services.com\/phucan713\/wp-content\/uploads\/2025\/01\/Ziziphus-jujuba-7-510x680.jpg 510w, https:\/\/ktech4.k-tech-services.com\/phucan713\/wp-content\/uploads\/2025\/01\/Ziziphus-jujuba-7.jpg 650w\" sizes=\"auto, (max-width: 375px) 100vw, 375px\" \/><figcaption id=\"caption-attachment-3344\" class=\"wp-caption-text\">C\u00e2y t\u00e1o t\u00e0u ph\u00e1t tri\u1ec3n t\u1ed1t khi \u0111\u01b0\u1ee3c ch\u0103m s\u00f3c k\u1ef9 l\u01b0\u1ee1ng<\/figcaption><\/figure>\n<h2><strong><b>\u0110i\u1ec1u ki\u1ec7n thu\u1eadn l\u1ee3i khi tr\u1ed3ng t\u00e1o t\u00e0u \u1edf Vi\u1ec7t Nam<\/b><\/strong><\/h2>\n<p>Kh\u00ed h\u1eadu: Nhi\u1ec1u v\u00f9ng \u1edf Vi\u1ec7t Nam c\u00f3 kh\u00ed h\u1eadu t\u01b0\u01a1ng t\u1ef1 v\u1edbi c\u00e1c v\u00f9ng tr\u1ed3ng t\u00e1o t\u00e0u truy\u1ec1n th\u1ed1ng nh\u01b0 Trung Qu\u1ed1c, \u0111\u1eb7c bi\u1ec7t l\u00e0 c\u00e1c t\u1ec9nh mi\u1ec1n Trung.<\/p>\n<p>\u0110\u1ea5t: \u0110\u1ea5t bazan ho\u1eb7c \u0111\u1ea5t th\u1ecbt pha c\u00e1t, gi\u00e0u dinh d\u01b0\u1ee1ng, tho\u00e1t n\u01b0\u1edbc t\u1ed1t l\u00e0 \u0111i\u1ec1u ki\u1ec7n l\u00fd t\u01b0\u1edfng cho c\u00e2y t\u00e1o t\u00e0u ph\u00e1t tri\u1ec3n.<\/p>\n<p>Nhu c\u1ea7u th\u1ecb tr\u01b0\u1eddng: T\u00e1o t\u00e0u l\u00e0 lo\u1ea1i tr\u00e1i\u00a0c\u00f3 gi\u00e1 tr\u1ecb dinh d\u01b0\u1ee1ng cao, \u0111\u01b0\u1ee3c ng\u01b0\u1eddi ti\u00eau d\u00f9ng \u01b0a chu\u1ed9ng, m\u1edf ra ti\u1ec1m n\u0103ng l\u1edbn cho th\u1ecb tr\u01b0\u1eddng.<\/p>\n<h2><strong><b>Gi\u00e1 c\u00e2y <\/b><\/strong><strong><b>gi\u1ed1ng t\u00e1o t\u00e0u<\/b><\/strong><\/h2>\n<p>Gi\u00e1 c\u00e2y gi\u1ed1ng t\u00e1o t\u00e0u t\u1ea1i v\u01b0\u1eddn Ph\u00fac An dao \u0111\u1ed9ng t\u1eeb 130.000 &#8211; 170.000\/ c\u00e2y theo gi\u00e1 s\u1ec9. T\u00f9y theo l\u00f4 c\u00e2y, s\u1ed1 l\u01b0\u1ee3ng kh\u00e1ch \u0111\u1eb7t s\u1ebd c\u00f3 m\u1ee9c gi\u00e1 kh\u00e1c nhau.<\/p>\n<p>Ch\u00fang t\u00f4i cam k\u1ebft lu\u00f4n gi\u1eef m\u1ee9c gi\u00e1 ph\u1ea3i ch\u0103ng\u00a0\u0111\u1ec3 m\u1ecdi kh\u00e1ch h\u00e0ng \u0111\u1ec1u c\u00f3 th\u1ec3 ch\u1ecdn mua nh\u1eefng c\u00e2y gi\u1ed1ng th\u1eadt t\u1ed1t\u00a0cho v\u01b0\u1eddn c\u1ee7a m\u00ecnh.<\/p>\n<h2><strong><b>Mua c\u00e2y <\/b><\/strong><strong><b>gi\u1ed1ng t\u00e1o t\u00e0u<\/b><\/strong><strong><b>\u00a0\u1edf \u0111\u00e2u ch\u1ea5t l\u01b0\u1ee3ng?<\/b><\/strong><\/h2>\n<p>C\u00e2y gi\u1ed1ng Ph\u00fac An cung c\u1ea5p c\u00e2y Gi\u1ed1ng t\u00e1o t\u00e0u\u00a0ch\u1ea5t l\u01b0\u1ee3ng, \u0111\u01b0\u1ee3c b\u1ea3o h\u00e0nh \u0111\u00fang gi\u1ed1ng cho t\u1edbi khi c\u00f3 tr\u00e1i.<\/p>\n<figure id=\"attachment_3337\" aria-describedby=\"caption-attachment-3337\" style=\"width: 525px\" class=\"wp-caption aligncenter\"><img loading=\"lazy\" decoding=\"async\" class=\"wp-image-3337\" src=\"http:\/\/localhost\/phucan713\/wp-content\/uploads\/2025\/01\/tao-tau-110-150-225x300.jpg\" alt=\"C\u00e2y gi\u1ed1ng t\u00e1o t\u00e0u Ph\u00fac An cung c\u1ea5p\" width=\"525\" height=\"700\" srcset=\"https:\/\/ktech4.k-tech-services.com\/phucan713\/wp-content\/uploads\/2025\/01\/tao-tau-110-150-225x300.jpg 225w, https:\/\/ktech4.k-tech-services.com\/phucan713\/wp-content\/uploads\/2025\/01\/tao-tau-110-150-768x1024.jpg 768w, https:\/\/ktech4.k-tech-services.com\/phucan713\/wp-content\/uploads\/2025\/01\/tao-tau-110-150-1152x1536.jpg 1152w, https:\/\/ktech4.k-tech-services.com\/phucan713\/wp-content\/uploads\/2025\/01\/tao-tau-110-150-1536x2048.jpg 1536w, https:\/\/ktech4.k-tech-services.com\/phucan713\/wp-content\/uploads\/2025\/01\/tao-tau-110-150-510x680.jpg 510w, https:\/\/ktech4.k-tech-services.com\/phucan713\/wp-content\/uploads\/2025\/01\/tao-tau-110-150.jpg 1920w\" sizes=\"auto, (max-width: 525px) 100vw, 525px\" \/><figcaption id=\"caption-attachment-3337\" class=\"wp-caption-text\">C\u00e2y gi\u1ed1ng t\u00e1o t\u00e0u Ph\u00fac An cung c\u1ea5p<\/figcaption><\/figure>\n<p><strong><b>Ti\u00eau chu\u1ea9n<\/b><\/strong><strong><b>\u00a0<\/b><\/strong><strong><b>c<\/b><\/strong><strong><b>\u00e2y <\/b><\/strong><strong><b>gi\u1ed1ng t\u00e1o t\u00e0u<\/b><\/strong><strong><b>\u00a0\u0111\u01b0\u1ee3c cung c\u1ea5p b\u1edfi v\u01b0\u1eddn Ph\u00fac An:<\/b><\/strong><\/p>\n<ul>\n<li>C\u00e2y gh\u00e9p bo, chi\u1ec1u cao c\u00e2y gi\u1ed1ng t\u1eeb 60cm-70cm<\/li>\n<li>C\u00e2y nu\u00f4i \u0111\u1ee7 th\u1eddi gian, b\u1ea7u r\u1ec5 \u1ed5n \u0111\u1ecbnh, c\u00e2y \u0111\u00e3 x\u1ea3 n\u1eafng\u00a0c\u1ee9ng c\u00e1p<\/li>\n<li>Kh\u00f4ng c\u00f3 d\u1ea5u hi\u1ec7u s\u00e2u b\u1ec7nh, b\u1ed9 l\u00e1 xanh t\u1ed1t d\u00e0y d\u1eb7n, c\u00e2y \u0111\u1ee7 chu\u1ea9n xu\u1ea5t v\u01b0\u1eddn<\/li>\n<\/ul>\n<p>C\u00e2y tr\u1ea3i qua quy tr\u00ecnh nh\u00e2n gi\u1ed1ng, d\u01b0\u1ee1ng c\u00e2y con, x\u1ea3 n\u1eafng ho\u00e0n ch\u1ec9nh. \u0110\u1ebfn tay c\u00f4 b\u00e1c s\u1ebd l\u00e0 t\u1eebng c\u00e2y \u0111\u00e3 c\u1ee9ng c\u00e1p \u0111\u00e3 ra c\u01a1i ch\u1ed3i m\u1edbi.<br \/>\nQu\u00fd c\u00f4 b\u00e1c c\u00f3 th\u1ec3 li\u00ean h\u1ec7 tr\u1ef1c ti\u1ebfp qua SDT\/ Zalo 0962.888.014 (<a href=\"http:\/\/localhost\/phucan713\/\" target=\"_blank\" rel=\"noopener\">C\u00e2y Gi\u1ed1ng Ph\u00fac An<\/a>) \u0111\u1ec3 ch\u00fang t\u00f4i t\u01b0 v\u1ea5n v\u00e0 b\u00e1o gi\u00e1 c\u1ee5 th\u1ec3. Xin c\u1ea3m \u01a1n qu\u00fd c\u00f4 b\u00e1c \u0111\u00e3 \u0111\u1eb7t ni\u1ec1m tin v\u1edbi nh\u00e0 v\u01b0\u1eddn.<\/p>\n<p>&gt;&gt; M\u1eddi b\u1ea1n \u0111\u1ecdc th\u00eam: <a href=\"https:\/\/cacchuongtrinhmuctieuquocgia.baodantoc.vn\/cay-tao-tau-mang-lai-hieu-qua-kinh-te-cao-1638156895752.htm\" target=\"_blank\" rel=\"noopener\"><span style=\"color: #000080;\"><em><strong>C\u00e2y t\u00e1o t\u00e0u mang l\u1ea1i hi\u1ec7u qu\u1ea3 kinh t\u1ebf cao<\/strong><\/em><\/span><\/a><\/p>\n","protected":false},"excerpt":{"rendered":"<p>* Gi\u00e1 tham kh\u1ea3o cho s\u1ed1 l\u01b0\u1ee3ng t\u1eeb 30 c\u00e2y, c\u00f3 th\u1ec3 thay \u0111\u1ed5i theo th\u1eddi \u0111i\u1ec3m<br \/>\n* Ch\u01b0a bao g\u1ed3m ph\u00ed v\u1eadn chuy\u1ec3n (t\u00f9y theo s\u1ed1 l\u01b0\u1ee3ng c\u00e2y v\u00e0 \u0111\u1ecba \u0111i\u1ec3m giao h\u00e0ng)<\/p>\n","protected":false},"featured_media":3337,"comment_status":"open","ping_status":"closed","template":"","meta":[],"product_brand":[],"product_cat":[35],"product_tag":[],"class_list":{"0":"post-3336","1":"product","2":"type-product","3":"status-publish","4":"has-post-thumbnail","6":"product_cat-san-pham-giong-cay-an-trai","8":"first","9":"instock","10":"shipping-taxable","11":"purchasable","12":"product-type-simple"},"_links":{"self":[{"href":"https:\/\/ktech4.k-tech-services.com\/phucan713\/wp-json\/wp\/v2\/product\/3336","targetHints":{"allow":["GET"]}}],"collection":[{"href":"https:\/\/ktech4.k-tech-services.com\/phucan713\/wp-json\/wp\/v2\/product"}],"about":[{"href":"https:\/\/ktech4.k-tech-services.com\/phucan713\/wp-json\/wp\/v2\/types\/product"}],"replies":[{"embeddable":true,"href":"https:\/\/ktech4.k-tech-services.com\/phucan713\/wp-json\/wp\/v2\/comments?post=3336"}],"wp:featuredmedia":[{"embeddable":true,"href":"https:\/\/ktech4.k-tech-services.com\/phucan713\/wp-json\/wp\/v2\/media\/3337"}],"wp:attachment":[{"href":"https:\/\/ktech4.k-tech-services.com\/phucan713\/wp-json\/wp\/v2\/media?parent=3336"}],"wp:term":[{"taxonomy":"product_brand","embeddable":true,"href":"https:\/\/ktech4.k-tech-services.com\/phucan713\/wp-json\/wp\/v2\/product_brand?post=3336"},{"taxonomy":"product_cat","embeddable":true,"href":"https:\/\/ktech4.k-tech-services.com\/phucan713\/wp-json\/wp\/v2\/product_cat?post=3336"},{"taxonomy":"product_tag","embeddable":true,"href":"https:\/\/ktech4.k-tech-services.com\/phucan713\/wp-json\/wp\/v2\/product_tag?post=3336"}],"curies":[{"name":"wp","href":"https:\/\/api.w.org\/{rel}","templated":true}]}}