{"id":3346,"date":"2025-01-19T16:03:25","date_gmt":"2025-01-19T09:03:25","guid":{"rendered":"https:\/\/caygiongphucan.com\/?post_type=product&amp;p=3346"},"modified":"2025-01-19T16:03:25","modified_gmt":"2025-01-19T09:03:25","slug":"cay-giong-thanh-tra-ngot-ghep-canh","status":"publish","type":"product","link":"https:\/\/ktech4.k-tech-services.com\/phucan713\/san-pham\/cay-giong-thanh-tra-ngot-ghep-canh\/","title":{"rendered":"C\u00e2y gi\u1ed1ng thanh tr\u00e0 ng\u1ecdt (gh\u00e9p c\u00e0nh)"},"content":{"rendered":"<p>Thanh tr\u00e0 ng\u1ecdt, m\u1ed9t lo\u1ea1i tr\u00e1i c\u00e2y \u0111\u1eb7c s\u1ea3n v\u1edbi v\u1ecb ng\u1ecdt thanh m\u00e1t, kh\u00f4ng ch\u1ec9 l\u00e0 m\u00f3n \u0103n kho\u00e1i kh\u1ea9u m\u00e0 c\u00f2n l\u00e0 m\u1ed9t lo\u1ea1i c\u00e2y tr\u1ed3ng mang l\u1ea1i hi\u1ec7u qu\u1ea3 kinh t\u1ebf cao. V\u1edbi nhu c\u1ea7u th\u1ecb tr\u01b0\u1eddng ng\u00e0y c\u00e0ng t\u0103ng, vi\u1ec7c tr\u1ed3ng gi\u1ed1ng thanh tr\u00e0 ng\u1ecdt \u0111ang tr\u1edf th\u00e0nh l\u1ef1a ch\u1ecdn h\u1ea5p d\u1eabn cho nhi\u1ec1u nh\u00e0 v\u01b0\u1eddn.<\/p>\n<p>B\u00e0i vi\u1ebft n\u00e0y s\u1ebd cung c\u1ea5p nh\u1eefng th\u00f4ng tin chi ti\u1ebft v\u1ec1 gi\u1ed1ng thanh tr\u00e0 ng\u1ecdt, gi\u00fap b\u1ea1n hi\u1ec3u r\u00f5 h\u01a1n v\u1ec1 lo\u1ea1i c\u00e2y n\u00e0y v\u00e0 \u0111\u01b0a ra quy\u1ebft \u0111\u1ecbnh \u0111\u1ea7u t\u01b0 \u0111\u00fang \u0111\u1eafn.<\/p>\n<h2><strong><b>Ngu\u1ed3n g\u1ed1c thanh tr\u00e0 ng\u1ecdt<\/b><\/strong><\/h2>\n<p>Thanh tr\u00e0 ng\u1ecdt c\u00f3 ngu\u1ed3n g\u1ed1c t\u1eeb khu v\u1ef1c \u0110\u00f4ng Nam \u00c1, \u0111\u1eb7c bi\u1ec7t l\u00e0 c\u00e1c n\u01b0\u1edbcTh\u00e1i Lan, Campuchia, Vi\u1ec7t Nam. T\u1ea1i Vi\u1ec7t Nam, thanh tr\u00e0 ng\u1ecdt \u0111\u01b0\u1ee3c tr\u1ed3ng nhi\u1ec1u \u1edf c\u00e1c t\u1ec9nh mi\u1ec1n T\u00e2y.<\/p>\n<figure id=\"attachment_3347\" aria-describedby=\"caption-attachment-3347\" style=\"width: 300px\" class=\"wp-caption aligncenter\"><img loading=\"lazy\" decoding=\"async\" class=\"wp-image-3347\" src=\"http:\/\/localhost\/phucan713\/wp-content\/uploads\/2025\/01\/images2519032_BVL_a__7_-300x183.jpg\" alt=\"Tr\u00e1i thanh tr\u00e0 ng\u1ecdt\" width=\"300\" height=\"183\" srcset=\"https:\/\/ktech4.k-tech-services.com\/phucan713\/wp-content\/uploads\/2025\/01\/images2519032_BVL_a__7_-300x183.jpg 300w, https:\/\/ktech4.k-tech-services.com\/phucan713\/wp-content\/uploads\/2025\/01\/images2519032_BVL_a__7_.jpg 456w\" sizes=\"auto, (max-width: 300px) 100vw, 300px\" \/><figcaption id=\"caption-attachment-3347\" class=\"wp-caption-text\">Tr\u00e1i thanh tr\u00e0 ng\u1ecdt<\/figcaption><\/figure>\n<h2><strong><b>\u0110\u1eb7c \u0111i\u1ec3m gi\u1ed1ng thanh tr\u00e0 ng\u1ecdt<\/b><\/strong><\/h2>\n<p><strong><b>C\u00e2y:<\/b><\/strong>\u00a0Th\u00e2n g\u1ed7, t\u00e1n l\u00e1 r\u1ed9ng, ch\u1ecbu h\u1ea1n t\u1ed1t.<\/p>\n<p><strong><b>Tr\u00e1i<\/b><\/strong><strong><b>:<\/b><\/strong>\u00a0H\u00ecnh b\u1ea7u d\u1ee5c, v\u1ecf m\u1ecfng, th\u1ecbt Tr\u00e1i\u00a0v\u00e0ng, v\u1ecb ng\u1ecdt \u0111\u1eadm \u0111\u00e0, h\u1ea1t nh\u1ecf.<\/p>\n<p><strong><b>M\u00f9a v\u1ee5:<\/b><\/strong>\u00a0Thanh tr\u00e0 ng\u1ecdt th\u01b0\u1eddng ra hoa v\u00e0o m\u00f9a xu\u00e2n v\u00e0 cho tr\u00e1i v\u00e0o m\u00f9a h\u00e8.<\/p>\n<figure id=\"attachment_3348\" aria-describedby=\"caption-attachment-3348\" style=\"width: 452px\" class=\"wp-caption aligncenter\"><img loading=\"lazy\" decoding=\"async\" class=\"wp-image-3348\" src=\"http:\/\/localhost\/phucan713\/wp-content\/uploads\/2025\/01\/thanh-tra-ngot-2-226x300.jpg\" alt=\"C\u00e2y thanh tr\u00e0 ng\u1ecdt tr\u01b0\u1edfng th\u00e0nh\" width=\"452\" height=\"600\" srcset=\"https:\/\/ktech4.k-tech-services.com\/phucan713\/wp-content\/uploads\/2025\/01\/thanh-tra-ngot-2-226x300.jpg 226w, https:\/\/ktech4.k-tech-services.com\/phucan713\/wp-content\/uploads\/2025\/01\/thanh-tra-ngot-2-771x1024.jpg 771w, https:\/\/ktech4.k-tech-services.com\/phucan713\/wp-content\/uploads\/2025\/01\/thanh-tra-ngot-2-768x1020.jpg 768w, https:\/\/ktech4.k-tech-services.com\/phucan713\/wp-content\/uploads\/2025\/01\/thanh-tra-ngot-2-1157x1536.jpg 1157w, https:\/\/ktech4.k-tech-services.com\/phucan713\/wp-content\/uploads\/2025\/01\/thanh-tra-ngot-2-510x677.jpg 510w, https:\/\/ktech4.k-tech-services.com\/phucan713\/wp-content\/uploads\/2025\/01\/thanh-tra-ngot-2.jpg 1542w\" sizes=\"auto, (max-width: 452px) 100vw, 452px\" \/><figcaption id=\"caption-attachment-3348\" class=\"wp-caption-text\">C\u00e2y thanh tr\u00e0 ng\u1ecdt tr\u01b0\u1edfng th\u00e0nh<\/figcaption><\/figure>\n<p><strong><b>\u01afu \u0111i\u1ec3m:<\/b><\/strong><\/p>\n<ul>\n<li>Kh\u1ea3 n\u0103ng th\u00edch nghi r\u1ed9ng<\/li>\n<li>Ch\u1ecbu h\u1ea1n t\u1ed1t<\/li>\n<li>N\u0103ng su\u1ea5t cao<\/li>\n<li>Gi\u00e1 tr\u1ecb kinh t\u1ebf cao<\/li>\n<\/ul>\n<h2><strong><b>Gi\u1ed1ng thanh tr\u00e0 ng\u1ecdt tr\u1ed3ng bao l\u00e2u c\u00f3 tr\u00e1i thu ho\u1ea1ch?<\/b><\/strong><\/h2>\n<p>Th\u1eddi gian t\u1eeb khi tr\u1ed3ng \u0111\u1ebfn khi thanh tr\u00e0 ng\u1ecdt cho tr\u00e1i \u0111\u1ea7u ti\u00ean th\u01b0\u1eddng t\u1eeb 2-3 n\u0103m, t\u00f9y thu\u1ed9c v\u00e0o \u0111i\u1ec1u ki\u1ec7n ch\u0103m s\u00f3c v\u00e0 gi\u1ed1ng c\u00e2y.<\/p>\n<figure id=\"attachment_3349\" aria-describedby=\"caption-attachment-3349\" style=\"width: 600px\" class=\"wp-caption aligncenter\"><img loading=\"lazy\" decoding=\"async\" class=\"wp-image-3349\" src=\"http:\/\/localhost\/phucan713\/wp-content\/uploads\/2025\/01\/thanh-tra-3-776-300x227.jpg\" alt=\"Thanh tr\u00e0 ng\u1ecdt c\u00f3 tr\u00e1i sau 2 n\u0103m tr\u1ed3ng t\u1eeb c\u00e2y gh\u00e9p\/chi\u1ebft\" width=\"600\" height=\"455\" srcset=\"https:\/\/ktech4.k-tech-services.com\/phucan713\/wp-content\/uploads\/2025\/01\/thanh-tra-3-776-300x227.jpg 300w, https:\/\/ktech4.k-tech-services.com\/phucan713\/wp-content\/uploads\/2025\/01\/thanh-tra-3-776-1024x776.jpg 1024w, https:\/\/ktech4.k-tech-services.com\/phucan713\/wp-content\/uploads\/2025\/01\/thanh-tra-3-776-768x582.jpg 768w, https:\/\/ktech4.k-tech-services.com\/phucan713\/wp-content\/uploads\/2025\/01\/thanh-tra-3-776-510x386.jpg 510w, https:\/\/ktech4.k-tech-services.com\/phucan713\/wp-content\/uploads\/2025\/01\/thanh-tra-3-776.jpg 1200w\" sizes=\"auto, (max-width: 600px) 100vw, 600px\" \/><figcaption id=\"caption-attachment-3349\" class=\"wp-caption-text\">Thanh tr\u00e0 ng\u1ecdt c\u00f3 tr\u00e1i sau 2 n\u0103m tr\u1ed3ng t\u1eeb c\u00e2y gh\u00e9p\/chi\u1ebft<\/figcaption><\/figure>\n<h2><strong><b>T\u1eeb l\u00fac ra hoa \u0111\u1ebfn khi thu ho\u1ea1ch thanh tr\u00e0 ng\u1ecdt kho\u1ea3ng bao l\u00e2u?<\/b><\/strong><\/h2>\n<p>Sau khi ra hoa, thanh tr\u00e0 ng\u1ecdt c\u1ea7n kho\u1ea3ng 3-4 th\u00e1ng \u0111\u1ec3 ch\u00edn v\u00e0 c\u00f3 th\u1ec3 thu ho\u1ea1ch.<\/p>\n<h2><strong><b>N\u0103ng su\u1ea5t gi\u1ed1ng thanh tr\u00e0 ng\u1ecdt<\/b><\/strong><\/h2>\n<p>Sau kho\u1ea3ng 3 n\u0103m ch\u0103m s\u00f3c, c\u00e2y thanh tr\u00e0 ng\u1ecdt s\u1ebd b\u1eaft \u0111\u1ea7u cho nh\u1eefng tr\u00e1i ng\u1ecdt \u0111\u1ea7u ti\u00ean, tr\u00e1i b\u00f3i t\u1ea7m 5-6kg\/c\u00e2y. T\u1eeb nh\u1eefng v\u1ee5 sau, l\u01b0\u1ee3ng tr\u00e1i t\u0103ng d\u1ea7n d\u1ea7n nhi\u1ec1u h\u01a1n, trung b\u00ecnh 30-50kg\/c\u00e2y\/n\u0103m.<\/p>\n<p>Khi c\u00e2y tr\u01b0\u1edfng th\u00e0nh (t\u1eeb 7 tu\u1ed5i tr\u1edf l\u00ean), n\u0103ng su\u1ea5t c\u00f3 th\u1ec3 \u0111\u1ea1t t\u1eeb 120-200kg\/c\u00e2y m\u1ed7i v\u1ee5, mang l\u1ea1i ngu\u1ed3n thu nh\u1eadp \u1ed5n \u0111\u1ecbnh cho ng\u01b0\u1eddi tr\u1ed3ng.<\/p>\n<figure id=\"attachment_3350\" aria-describedby=\"caption-attachment-3350\" style=\"width: 600px\" class=\"wp-caption aligncenter\"><img loading=\"lazy\" decoding=\"async\" class=\"wp-image-3350\" src=\"http:\/\/localhost\/phucan713\/wp-content\/uploads\/2025\/01\/thanh-tra-6-774-300x200.jpg\" alt=\"Gi\u1ed1ng thanh tr\u00e0 ng\u1ecdt c\u00f3 n\u0103ng su\u1ea5t cao v\u00e0 t\u0103ng d\u1ea7n theo t\u1eebng n\u0103m\" width=\"600\" height=\"400\" srcset=\"https:\/\/ktech4.k-tech-services.com\/phucan713\/wp-content\/uploads\/2025\/01\/thanh-tra-6-774-300x200.jpg 300w, https:\/\/ktech4.k-tech-services.com\/phucan713\/wp-content\/uploads\/2025\/01\/thanh-tra-6-774-1024x683.jpg 1024w, https:\/\/ktech4.k-tech-services.com\/phucan713\/wp-content\/uploads\/2025\/01\/thanh-tra-6-774-768x512.jpg 768w, https:\/\/ktech4.k-tech-services.com\/phucan713\/wp-content\/uploads\/2025\/01\/thanh-tra-6-774-510x340.jpg 510w, https:\/\/ktech4.k-tech-services.com\/phucan713\/wp-content\/uploads\/2025\/01\/thanh-tra-6-774.jpg 1200w\" sizes=\"auto, (max-width: 600px) 100vw, 600px\" \/><figcaption id=\"caption-attachment-3350\" class=\"wp-caption-text\">Gi\u1ed1ng thanh tr\u00e0 ng\u1ecdt c\u00f3 n\u0103ng su\u1ea5t cao v\u00e0 t\u0103ng d\u1ea7n theo t\u1eebng n\u0103m<\/figcaption><\/figure>\n<h2><strong><b>L\u01b0u \u00fd khi thu ho\u1ea1ch tr\u00e1i thanh tr\u00e0 ng\u1ecdt<\/b><\/strong><\/h2>\n<p>T\u1edbi ng\u00e0y c\u1eaft, ng\u01b0\u1eddi tr\u1ed3ng th\u01b0\u1eddng s\u1eed d\u1ee5ng thang, k\u00e9o c\u1eaft v\u00e0 t\u00fai l\u01b0\u1edbi. Vi\u1ec7c n\u00e0y gi\u00fap tr\u00e1nh l\u00e0m t\u1ed5n th\u01b0\u01a1ng c\u00e0nh, \u0111\u1ea3m b\u1ea3o n\u0103ng su\u1ea5t cho nh\u1eefng v\u1ee5 sau. M\u1ed9t m\u1eb9o nh\u1ecf l\u00e0 khi c\u1eaft qu\u1ea3, n\u00ean \u0111\u1ec3 l\u1ea1i 1-3 l\u00e1 \u1edf cu\u1ed1ng \u0111\u1ec3 tr\u00e1i \u0111\u01b0\u1ee3c t\u01b0\u01a1i l\u00e2u h\u01a1n v\u00e0 d\u1ec5 b\u00e1n.<\/p>\n<h2><strong><b>Kh\u00ed h\u1eadu v\u00e0 \u0111\u1ea5t tr\u1ed3ng th\u00edch h\u1ee3p v\u1edbi gi\u1ed1ng thanh tr\u00e0 ng\u1ecdt<\/b><\/strong><\/h2>\n<p>Thanh tr\u00e0 ng\u1ecdt th\u00edch h\u1ee3p v\u1edbi kh\u00ed h\u1eadu nhi\u1ec7t \u0111\u1edbi, n\u00f3ng \u1ea9m, l\u01b0\u1ee3ng m\u01b0a trung b\u00ecnh. \u0110\u1ea5t tr\u1ed3ng c\u1ea7n ph\u1ea3i t\u01a1i x\u1ed1p, gi\u00e0u ch\u1ea5t h\u1eefu c\u01a1, tho\u00e1t n\u01b0\u1edbc t\u1ed1t.<\/p>\n<h2><strong><b>Kho\u1ea3ng c\u00e1ch tr\u1ed3ng thanh tr\u00e0 ng\u1ecdt<\/b><\/strong><\/h2>\n<p>Kho\u1ea3ng c\u00e1ch tr\u1ed3ng thanh tr\u00e0 ng\u1ecdt ph\u00f9 h\u1ee3p l\u00e0 5m x 5m ho\u1eb7c 6m x 6m, gi\u00fap c\u00e2y nh\u1eadn \u0111\u1ee7 \u00e1nh s\u00e1ng v\u00e0 kh\u00f4ng gian ph\u00e1t tri\u1ec3n.<\/p>\n<figure id=\"attachment_3354\" aria-describedby=\"caption-attachment-3354\" style=\"width: 452px\" class=\"wp-caption aligncenter\"><img loading=\"lazy\" decoding=\"async\" class=\"wp-image-3354\" src=\"http:\/\/localhost\/phucan713\/wp-content\/uploads\/2025\/01\/thanh-tra-ngot-3-226x300.jpg\" alt=\"V\u01b0\u1eddn thanh tr\u00e0 ng\u1ecdt \u1edf mi\u1ec1n t\u00e2y\" width=\"452\" height=\"600\" srcset=\"https:\/\/ktech4.k-tech-services.com\/phucan713\/wp-content\/uploads\/2025\/01\/thanh-tra-ngot-3-226x300.jpg 226w, https:\/\/ktech4.k-tech-services.com\/phucan713\/wp-content\/uploads\/2025\/01\/thanh-tra-ngot-3-771x1024.jpg 771w, https:\/\/ktech4.k-tech-services.com\/phucan713\/wp-content\/uploads\/2025\/01\/thanh-tra-ngot-3-768x1020.jpg 768w, https:\/\/ktech4.k-tech-services.com\/phucan713\/wp-content\/uploads\/2025\/01\/thanh-tra-ngot-3-1157x1536.jpg 1157w, https:\/\/ktech4.k-tech-services.com\/phucan713\/wp-content\/uploads\/2025\/01\/thanh-tra-ngot-3-510x677.jpg 510w, https:\/\/ktech4.k-tech-services.com\/phucan713\/wp-content\/uploads\/2025\/01\/thanh-tra-ngot-3.jpg 1542w\" sizes=\"auto, (max-width: 452px) 100vw, 452px\" \/><figcaption id=\"caption-attachment-3354\" class=\"wp-caption-text\">V\u01b0\u1eddn thanh tr\u00e0 ng\u1ecdt \u1edf mi\u1ec1n t\u00e2y<\/figcaption><\/figure>\n<h2><strong><b>C\u00e1ch ch\u0103m s\u00f3c c\u00e2y thanh tr\u00e0 ng\u1ecdt<\/b><\/strong><\/h2>\n<ul>\n<li>T\u01b0\u1edbi n\u01b0\u1edbc:T\u01b0\u1edbi n\u01b0\u1edbc \u0111\u1ec1u \u0111\u1eb7n, \u0111\u1eb7c bi\u1ec7t l\u00e0 v\u00e0o m\u00f9a kh\u00f4.<\/li>\n<li>B\u00f3n ph\u00e2n:B\u00f3n ph\u00e2n h\u1eefu c\u01a1 v\u00e0 ph\u00e2n h\u00f3a h\u1ecdc c\u00e2n \u0111\u1ed1i \u0111\u1ec3 c\u00e2y ph\u00e1t tri\u1ec3n t\u1ed1t.<\/li>\n<li>C\u1eaft t\u1ec9a:C\u1eaft t\u1ec9a c\u00e0nh l\u00e1 th\u01b0\u1eddng xuy\u00ean \u0111\u1ec3 t\u1ea1o t\u00e1n c\u00e2y \u0111\u1eb9p v\u00e0 th\u00f4ng tho\u00e1ng.<\/li>\n<li>Ph\u00f2ng tr\u1eeb s\u00e2u b\u1ec7nh:Theo d\u00f5i v\u00e0 ph\u00f2ng tr\u1eeb s\u00e2u b\u1ec7nh k\u1ecbp th\u1eddi.<\/li>\n<\/ul>\n<figure id=\"attachment_3351\" aria-describedby=\"caption-attachment-3351\" style=\"width: 600px\" class=\"wp-caption aligncenter\"><img loading=\"lazy\" decoding=\"async\" class=\"wp-image-3351\" src=\"http:\/\/localhost\/phucan713\/wp-content\/uploads\/2025\/01\/thanh-tra-01-775-300x225.jpg\" alt=\"Thanh tr\u00e0 ng\u1ecdt cho tr\u00e1i to v\u00e0 ngon khi \u0111\u01b0\u1ee3c ch\u0103m s\u00f3c \u0111\u00fang c\u00e1ch\" width=\"600\" height=\"450\" srcset=\"https:\/\/ktech4.k-tech-services.com\/phucan713\/wp-content\/uploads\/2025\/01\/thanh-tra-01-775-300x225.jpg 300w, https:\/\/ktech4.k-tech-services.com\/phucan713\/wp-content\/uploads\/2025\/01\/thanh-tra-01-775-1024x768.jpg 1024w, https:\/\/ktech4.k-tech-services.com\/phucan713\/wp-content\/uploads\/2025\/01\/thanh-tra-01-775-768x576.jpg 768w, https:\/\/ktech4.k-tech-services.com\/phucan713\/wp-content\/uploads\/2025\/01\/thanh-tra-01-775-510x383.jpg 510w, https:\/\/ktech4.k-tech-services.com\/phucan713\/wp-content\/uploads\/2025\/01\/thanh-tra-01-775.jpg 1200w\" sizes=\"auto, (max-width: 600px) 100vw, 600px\" \/><figcaption id=\"caption-attachment-3351\" class=\"wp-caption-text\">Thanh tr\u00e0 ng\u1ecdt cho tr\u00e1i to v\u00e0 ngon khi \u0111\u01b0\u1ee3c ch\u0103m s\u00f3c \u0111\u00fang c\u00e1ch<\/figcaption><\/figure>\n<h2><strong><b>Gi\u00e1 c\u00e2y <\/b><\/strong><strong><b>gi\u1ed1ng thanh tr\u00e0 ng\u1ecdt<\/b><\/strong><\/h2>\n<p>Gi\u00e1 c\u00e2y gi\u1ed1ng thanh tr\u00e0 ng\u1ecdt t\u1ea1i v\u01b0\u1eddn Ph\u00fac An dao \u0111\u1ed9ng t\u1eeb 230.000 &#8211; 250.000\/ c\u00e2y theo gi\u00e1 s\u1ec9. T\u00f9y theo l\u00f4 c\u00e2y, s\u1ed1 l\u01b0\u1ee3ng kh\u00e1ch \u0111\u1eb7t s\u1ebd c\u00f3 m\u1ee9c gi\u00e1 kh\u00e1c nhau.<\/p>\n<p>Ch\u00fang t\u00f4i cam k\u1ebft lu\u00f4n gi\u1eef m\u1ee9c gi\u00e1 ph\u1ea3i ch\u0103ng\u00a0\u0111\u1ec3 m\u1ecdi kh\u00e1ch h\u00e0ng \u0111\u1ec1u c\u00f3 th\u1ec3 ch\u1ecdn mua nh\u1eefng c\u00e2y gi\u1ed1ng th\u1eadt t\u1ed1t\u00a0cho v\u01b0\u1eddn c\u1ee7a m\u00ecnh.<\/p>\n<figure id=\"attachment_3352\" aria-describedby=\"caption-attachment-3352\" style=\"width: 450px\" class=\"wp-caption aligncenter\"><img loading=\"lazy\" decoding=\"async\" class=\"wp-image-3352\" src=\"http:\/\/localhost\/phucan713\/wp-content\/uploads\/2025\/01\/thanh-tra-ngot-an-225x300.jpg\" alt=\"C\u00e2y gi\u1ed1ng thanh tr\u00e0 ng\u1ecdt (c\u00e2y gh\u00e9p c\u00e0nh) t\u1ea1i Ph\u00fac An\" width=\"450\" height=\"600\" srcset=\"https:\/\/ktech4.k-tech-services.com\/phucan713\/wp-content\/uploads\/2025\/01\/thanh-tra-ngot-an-225x300.jpg 225w, https:\/\/ktech4.k-tech-services.com\/phucan713\/wp-content\/uploads\/2025\/01\/thanh-tra-ngot-an-768x1024.jpg 768w, https:\/\/ktech4.k-tech-services.com\/phucan713\/wp-content\/uploads\/2025\/01\/thanh-tra-ngot-an-510x680.jpg 510w, https:\/\/ktech4.k-tech-services.com\/phucan713\/wp-content\/uploads\/2025\/01\/thanh-tra-ngot-an.jpg 960w\" sizes=\"auto, (max-width: 450px) 100vw, 450px\" \/><figcaption id=\"caption-attachment-3352\" class=\"wp-caption-text\">C\u00e2y gi\u1ed1ng thanh tr\u00e0 ng\u1ecdt (c\u00e2y gh\u00e9p c\u00e0nh) t\u1ea1i Ph\u00fac An<\/figcaption><\/figure>\n<h2><strong><b>Mua c\u00e2y <\/b><\/strong><strong><b>Gi\u1ed1ng thanh tr\u00e0 ng\u1ecdt<\/b><\/strong><strong><b>\u00a0\u1edf \u0111\u00e2u ch\u1ea5t l\u01b0\u1ee3ng?<\/b><\/strong><\/h2>\n<p>C\u00e2y gi\u1ed1ng Ph\u00fac An cung c\u1ea5p c\u00e2y Gi\u1ed1ng thanh tr\u00e0 ng\u1ecdt\u00a0ch\u1ea5t l\u01b0\u1ee3ng, \u0111\u01b0\u1ee3c b\u1ea3o h\u00e0nh \u0111\u00fang gi\u1ed1ng cho t\u1edbi khi c\u00f3 tr\u00e1i.<\/p>\n<p>V\u01b0\u1eddn nh\u00e2n gi\u1ed1ng c\u1ee7a Ph\u00fac An \u0111\u01b0\u1ee3c ch\u1ecdn l\u1ef1a k\u1ef9 l\u01b0\u1ee1ng, \u0111\u1ea3m b\u1ea3o chu\u1ea9n gi\u1ed1ng.<\/p>\n<p><span style=\"color: #008000;\"><strong><b>Ti\u00eau chu\u1ea9n<\/b><\/strong><strong><b>\u00a0<\/b><\/strong><strong><b>c<\/b><\/strong><strong><b>\u00e2y <\/b><\/strong><strong><b>gi\u1ed1ng thanh tr\u00e0 ng\u1ecdt<\/b><\/strong><strong><b>\u00a0\u0111\u01b0\u1ee3c cung c\u1ea5p b\u1edfi v\u01b0\u1eddn Ph\u00fac An:<\/b><\/strong><\/span><\/p>\n<p>C\u00e2y gh\u00e9p chui c\u00e0nh (th\u00e1p c\u00e0nh). Chi\u1ec1u cao c\u00e2y gi\u1ed1ng t\u1eeb 70-80cm<\/p>\n<p>C\u00e2y nu\u00f4i \u0111\u1ee7 th\u1eddi gian, b\u1ea7u r\u1ec5 \u1ed5n \u0111\u1ecbnh, c\u00e2y \u0111\u00e3 x\u1ea3 n\u1eafng\u00a0c\u1ee9ng c\u00e1p<\/p>\n<p>Kh\u00f4ng c\u00f3 d\u1ea5u hi\u1ec7u s\u00e2u b\u1ec7nh, b\u1ed9 l\u00e1 xanh t\u1ed1t d\u00e0y d\u1eb7n, c\u00e2y \u0111\u1ee7 chu\u1ea9n xu\u1ea5t v\u01b0\u1eddn<\/p>\n<figure id=\"attachment_3353\" aria-describedby=\"caption-attachment-3353\" style=\"width: 450px\" class=\"wp-caption aligncenter\"><img loading=\"lazy\" decoding=\"async\" class=\"wp-image-3353\" src=\"http:\/\/localhost\/phucan713\/wp-content\/uploads\/2025\/01\/z6230159105682_feafbf3ef2c3b3993b7dc0459ea74802-225x300.jpg\" alt=\"C\u00e2y gi\u1ed1ng thanh tr\u00e0 ng\u1ecdt (c\u00e2y gh\u00e9p c\u00e0nh) t\u1ea1i Ph\u00fac An\" width=\"450\" height=\"600\" srcset=\"https:\/\/ktech4.k-tech-services.com\/phucan713\/wp-content\/uploads\/2025\/01\/z6230159105682_feafbf3ef2c3b3993b7dc0459ea74802-225x300.jpg 225w, https:\/\/ktech4.k-tech-services.com\/phucan713\/wp-content\/uploads\/2025\/01\/z6230159105682_feafbf3ef2c3b3993b7dc0459ea74802-768x1024.jpg 768w, https:\/\/ktech4.k-tech-services.com\/phucan713\/wp-content\/uploads\/2025\/01\/z6230159105682_feafbf3ef2c3b3993b7dc0459ea74802-510x680.jpg 510w, https:\/\/ktech4.k-tech-services.com\/phucan713\/wp-content\/uploads\/2025\/01\/z6230159105682_feafbf3ef2c3b3993b7dc0459ea74802.jpg 960w\" sizes=\"auto, (max-width: 450px) 100vw, 450px\" \/><figcaption id=\"caption-attachment-3353\" class=\"wp-caption-text\">C\u00e2y gi\u1ed1ng thanh tr\u00e0 ng\u1ecdt (c\u00e2y gh\u00e9p c\u00e0nh) t\u1ea1i Ph\u00fac An<\/figcaption><\/figure>\n<p>C\u00e2y tr\u1ea3i qua quy tr\u00ecnh nh\u00e2n gi\u1ed1ng, d\u01b0\u1ee1ng c\u00e2y con, x\u1ea3 n\u1eafng ho\u00e0n ch\u1ec9nh. \u0110\u1ebfn tay c\u00f4 b\u00e1c s\u1ebd l\u00e0 t\u1eebng c\u00e2y \u0111\u00e3 c\u1ee9ng c\u00e1p \u0111\u00e3 ra c\u01a1i ch\u1ed3i m\u1edbi.<br \/>\nQu\u00fd c\u00f4 b\u00e1c c\u00f3 th\u1ec3 li\u00ean h\u1ec7 tr\u1ef1c ti\u1ebfp qua SDT\/ Zalo 0962.888.014 (<a href=\"http:\/\/localhost\/phucan713\/\" target=\"_blank\" rel=\"noopener\">C\u00e2y Gi\u1ed1ng Ph\u00fac An<\/a>) \u0111\u1ec3 ch\u00fang t\u00f4i t\u01b0 v\u1ea5n v\u00e0 b\u00e1o gi\u00e1 c\u1ee5 th\u1ec3. Xin c\u1ea3m \u01a1n qu\u00fd c\u00f4 b\u00e1c \u0111\u00e3 \u0111\u1eb7t ni\u1ec1m tin v\u1edbi nh\u00e0 v\u01b0\u1eddn.<\/p>\n<p>&gt;&gt; M\u1eddi b\u1ea1n \u0111\u1ecdc th\u00eam: <a href=\"https:\/\/laodong.vn\/kinh-doanh\/dac-san-thanh-tra-ngot-vao-mua-gia-cao-ngat-van-hut-hang-1460441.ldo\" target=\"_blank\" rel=\"noopener\"><span style=\"color: #000080;\"><em><strong>\u0110\u1eb7c s\u1ea3n thanh tr\u00e0 ng\u1ecdt v\u00e0o m\u00f9a, gi\u00e1 cao ng\u1ea5t v\u1eabn h\u00fat h\u00e0ng<\/strong><\/em><\/span><\/a><\/p>\n","protected":false},"excerpt":{"rendered":"<p>* Gi\u00e1 tham kh\u1ea3o cho s\u1ed1 l\u01b0\u1ee3ng t\u1eeb 30 c\u00e2y, c\u00f3 th\u1ec3 thay \u0111\u1ed5i theo th\u1eddi \u0111i\u1ec3m<br \/>\n* Ch\u01b0a bao g\u1ed3m ph\u00ed v\u1eadn chuy\u1ec3n (t\u00f9y theo s\u1ed1 l\u01b0\u1ee3ng c\u00e2y v\u00e0 \u0111\u1ecba \u0111i\u1ec3m giao h\u00e0ng)<\/p>\n","protected":false},"featured_media":3352,"comment_status":"open","ping_status":"closed","template":"","meta":[],"product_brand":[],"product_cat":[35,37],"product_tag":[],"class_list":{"0":"post-3346","1":"product","2":"type-product","3":"status-publish","4":"has-post-thumbnail","6":"product_cat-san-pham-giong-cay-an-trai","7":"product_cat-cay-giong-khac","9":"first","10":"instock","11":"shipping-taxable","12":"purchasable","13":"product-type-simple"},"_links":{"self":[{"href":"https:\/\/ktech4.k-tech-services.com\/phucan713\/wp-json\/wp\/v2\/product\/3346","targetHints":{"allow":["GET"]}}],"collection":[{"href":"https:\/\/ktech4.k-tech-services.com\/phucan713\/wp-json\/wp\/v2\/product"}],"about":[{"href":"https:\/\/ktech4.k-tech-services.com\/phucan713\/wp-json\/wp\/v2\/types\/product"}],"replies":[{"embeddable":true,"href":"https:\/\/ktech4.k-tech-services.com\/phucan713\/wp-json\/wp\/v2\/comments?post=3346"}],"wp:featuredmedia":[{"embeddable":true,"href":"https:\/\/ktech4.k-tech-services.com\/phucan713\/wp-json\/wp\/v2\/media\/3352"}],"wp:attachment":[{"href":"https:\/\/ktech4.k-tech-services.com\/phucan713\/wp-json\/wp\/v2\/media?parent=3346"}],"wp:term":[{"taxonomy":"product_brand","embeddable":true,"href":"https:\/\/ktech4.k-tech-services.com\/phucan713\/wp-json\/wp\/v2\/product_brand?post=3346"},{"taxonomy":"product_cat","embeddable":true,"href":"https:\/\/ktech4.k-tech-services.com\/phucan713\/wp-json\/wp\/v2\/product_cat?post=3346"},{"taxonomy":"product_tag","embeddable":true,"href":"https:\/\/ktech4.k-tech-services.com\/phucan713\/wp-json\/wp\/v2\/product_tag?post=3346"}],"curies":[{"name":"wp","href":"https:\/\/api.w.org\/{rel}","templated":true}]}}