{"id":3356,"date":"2025-01-21T10:37:34","date_gmt":"2025-01-21T03:37:34","guid":{"rendered":"https:\/\/caygiongphucan.com\/?post_type=product&amp;p=3356"},"modified":"2025-01-21T10:37:34","modified_gmt":"2025-01-21T03:37:34","slug":"cay-giong-mang-cut-ta-ghep","status":"publish","type":"product","link":"https:\/\/ktech4.k-tech-services.com\/phucan713\/san-pham\/cay-giong-mang-cut-ta-ghep\/","title":{"rendered":"C\u00e2y gi\u1ed1ng m\u0103ng c\u1ee5t ta gh\u00e9p"},"content":{"rendered":"<p>M\u0103ng c\u1ee5t, v\u1edbi v\u1ecb ng\u1ecdt thanh m\u00e1t, h\u01b0\u01a1ng th\u01a1m \u0111\u1eb7c tr\u01b0ng, t\u1eeb l\u00e2u \u0111\u00e3 \u0111\u01b0\u1ee3c xem l\u00e0 &#8220;n\u1eef ho\u00e0ng&#8221; c\u1ee7a c\u00e1c lo\u1ea1i tr\u00e1i c\u00e2y nhi\u1ec7t \u0111\u1edbi. Kh\u00f4ng ch\u1ec9 l\u00e0 m\u00f3n \u0103n tr\u00e1ng mi\u1ec7ng y\u00eau th\u00edch, m\u0103ng c\u1ee5t c\u00f2n mang l\u1ea1i gi\u00e1 tr\u1ecb kinh t\u1ebf cao, thu h\u00fat nhi\u1ec1u ng\u01b0\u1eddi tr\u1ed3ng. B\u00e0i vi\u1ebft n\u00e0y s\u1ebd cung c\u1ea5p cho b\u1ea1n nh\u1eefng th\u00f4ng tin chi ti\u1ebft v\u1ec1 gi\u1ed1ng m\u0103ng c\u1ee5t, t\u1eeb \u0111\u00f3 gi\u00fap b\u1ea1n \u0111\u01b0a ra quy\u1ebft \u0111\u1ecbnh \u0111\u1ea7u t\u01b0 tr\u1ed3ng lo\u1ea1i c\u00e2y n\u00e0y.<\/p>\n<h2><strong><b>Ngu\u1ed3n g\u1ed1c m\u0103ng c\u1ee5t<\/b><\/strong><\/h2>\n<p>M\u0103ng c\u1ee5t c\u00f3 ngu\u1ed3n g\u1ed1c t\u1eeb c\u00e1c khu r\u1eebng nhi\u1ec7t \u0111\u1edbi \u1ea9m \u01b0\u1edbt \u1edf \u0110\u00f4ng Nam \u00c1, ch\u1ee7 y\u1ebfu l\u00e0 Indonesia v\u00e0 Malaysia. C\u00e2y m\u0103ng c\u1ee5t \u0111\u01b0\u1ee3c tr\u1ed3ng r\u1ed9ng r\u00e3i \u1edf nhi\u1ec1u qu\u1ed1c gia trong khu v\u1ef1c, bao g\u1ed3m Vi\u1ec7t Nam, Th\u00e1i Lan, Philippines&#8230;<\/p>\n<figure id=\"attachment_3357\" aria-describedby=\"caption-attachment-3357\" style=\"width: 450px\" class=\"wp-caption aligncenter\"><img loading=\"lazy\" decoding=\"async\" class=\"wp-image-3357\" src=\"http:\/\/localhost\/phucan713\/wp-content\/uploads\/2025\/01\/349341449_631382468566824_4325842950702014909_n-225x300.jpg\" alt=\"C\u00e2y m\u0103ng c\u1ee5t l\u00e2u n\u0103m\" width=\"450\" height=\"600\" srcset=\"https:\/\/ktech4.k-tech-services.com\/phucan713\/wp-content\/uploads\/2025\/01\/349341449_631382468566824_4325842950702014909_n-225x300.jpg 225w, https:\/\/ktech4.k-tech-services.com\/phucan713\/wp-content\/uploads\/2025\/01\/349341449_631382468566824_4325842950702014909_n-768x1024.jpg 768w, https:\/\/ktech4.k-tech-services.com\/phucan713\/wp-content\/uploads\/2025\/01\/349341449_631382468566824_4325842950702014909_n-1152x1536.jpg 1152w, https:\/\/ktech4.k-tech-services.com\/phucan713\/wp-content\/uploads\/2025\/01\/349341449_631382468566824_4325842950702014909_n-510x680.jpg 510w, https:\/\/ktech4.k-tech-services.com\/phucan713\/wp-content\/uploads\/2025\/01\/349341449_631382468566824_4325842950702014909_n.jpg 1536w\" sizes=\"auto, (max-width: 450px) 100vw, 450px\" \/><figcaption id=\"caption-attachment-3357\" class=\"wp-caption-text\">C\u00e2y m\u0103ng c\u1ee5t l\u00e2u n\u0103m<\/figcaption><\/figure>\n<h2><strong><b>\u0110\u1eb7c \u0111i\u1ec3m gi\u1ed1ng m\u0103ng c\u1ee5t<\/b><\/strong><\/h2>\n<ul>\n<li>Th\u00e2n c\u00e2y: Cao l\u1edbn, c\u00f3 th\u1ec3 \u0111\u1ea1t t\u1edbi 20-25m.<\/li>\n<li>L\u00e1: \u0110\u01a1n, m\u1ecdc \u0111\u1ed1i, h\u00ecnh b\u1ea7u d\u1ee5c, m\u00e0u xanh b\u00f3ng.<\/li>\n<li>Hoa: M\u1ecdc th\u00e0nh ch\u00f9m \u1edf n\u00e1ch l\u00e1, m\u00e0u tr\u1eafng ho\u1eb7c v\u00e0ng nh\u1ea1t.<\/li>\n<li>Tr\u00e1i: H\u00ecnh c\u1ea7u, v\u1ecf d\u00e0y, m\u00e0u t\u00edm s\u1eabm, b\u00ean trong c\u00f3 nhi\u1ec1u m\u00fai tr\u1eafng, v\u1ecb ng\u1ecdt thanh.<\/li>\n<\/ul>\n<figure id=\"attachment_3358\" aria-describedby=\"caption-attachment-3358\" style=\"width: 400px\" class=\"wp-caption aligncenter\"><img loading=\"lazy\" decoding=\"async\" class=\"wp-image-3358\" src=\"http:\/\/localhost\/phucan713\/wp-content\/uploads\/2025\/01\/hoa-mang-cut-300x225.jpg\" alt=\"Hoa m\u0103ng c\u1ee5t\" width=\"400\" height=\"300\" srcset=\"https:\/\/ktech4.k-tech-services.com\/phucan713\/wp-content\/uploads\/2025\/01\/hoa-mang-cut-300x225.jpg 300w, https:\/\/ktech4.k-tech-services.com\/phucan713\/wp-content\/uploads\/2025\/01\/hoa-mang-cut-768x576.jpg 768w, https:\/\/ktech4.k-tech-services.com\/phucan713\/wp-content\/uploads\/2025\/01\/hoa-mang-cut-510x383.jpg 510w, https:\/\/ktech4.k-tech-services.com\/phucan713\/wp-content\/uploads\/2025\/01\/hoa-mang-cut.jpg 960w\" sizes=\"auto, (max-width: 400px) 100vw, 400px\" \/><figcaption id=\"caption-attachment-3358\" class=\"wp-caption-text\">Hoa m\u0103ng c\u1ee5t<\/figcaption><\/figure>\n<h2><strong><b>\u01afu \u0111i\u1ec3m m\u0103ng c\u1ee5t gh\u00e9p so v\u1edbi m\u0103ng c\u1ee5t tr\u1ed3ng t\u1eeb c\u00e2y h\u1ea1t<\/b><\/strong><\/h2>\n<p>Cho tr\u00e1i s\u1edbm:\u00a0C\u00e2y m\u0103ng c\u1ee5t gh\u00e9p th\u01b0\u1eddng cho tr\u00e1i s\u1edbm h\u01a1n so v\u1edbi c\u00e2y tr\u1ed3ng t\u1eeb h\u1ea1t, c\u00f3 th\u1ec3 thu ho\u1ea1ch sau 3-4 n\u0103m.<\/p>\n<p>Ch\u1ea5t l\u01b0\u1ee3ng tr\u00e1i\u00a0\u0111\u1ed3ng \u0111\u1ec1u:\u00a0tr\u00e1i\u00a0to, \u0111\u1eb9p, v\u1ecb ng\u1ecdt \u0111\u1eadm \u0111\u00e0, ch\u1ea5t l\u01b0\u1ee3ng \u1ed5n \u0111\u1ecbnh.<\/p>\n<p>Gi\u1ea3m thi\u1ec3u r\u1ee7i ro:\u00a0C\u00e2y gh\u00e9p c\u00f3 kh\u1ea3 n\u0103ng th\u00edch nghi t\u1ed1t v\u1edbi nhi\u1ec1u \u0111i\u1ec1u ki\u1ec7n m\u00f4i tr\u01b0\u1eddng kh\u00e1c nhau.<\/p>\n<figure id=\"attachment_3359\" aria-describedby=\"caption-attachment-3359\" style=\"width: 600px\" class=\"wp-caption aligncenter\"><img loading=\"lazy\" decoding=\"async\" class=\"wp-image-3359\" src=\"http:\/\/localhost\/phucan713\/wp-content\/uploads\/2025\/01\/194569967_3562976827137545_7784269912961427517_n-300x300.jpg\" alt=\"C\u1eadn c\u1ea3nh tr\u00e1i m\u0103ng c\u1ee5t th\u01a1m ngon\" width=\"600\" height=\"600\" srcset=\"https:\/\/ktech4.k-tech-services.com\/phucan713\/wp-content\/uploads\/2025\/01\/194569967_3562976827137545_7784269912961427517_n-300x300.jpg 300w, https:\/\/ktech4.k-tech-services.com\/phucan713\/wp-content\/uploads\/2025\/01\/194569967_3562976827137545_7784269912961427517_n-150x150.jpg 150w, https:\/\/ktech4.k-tech-services.com\/phucan713\/wp-content\/uploads\/2025\/01\/194569967_3562976827137545_7784269912961427517_n-768x768.jpg 768w, https:\/\/ktech4.k-tech-services.com\/phucan713\/wp-content\/uploads\/2025\/01\/194569967_3562976827137545_7784269912961427517_n-510x510.jpg 510w, https:\/\/ktech4.k-tech-services.com\/phucan713\/wp-content\/uploads\/2025\/01\/194569967_3562976827137545_7784269912961427517_n-100x100.jpg 100w, https:\/\/ktech4.k-tech-services.com\/phucan713\/wp-content\/uploads\/2025\/01\/194569967_3562976827137545_7784269912961427517_n.jpg 960w\" sizes=\"auto, (max-width: 600px) 100vw, 600px\" \/><figcaption id=\"caption-attachment-3359\" class=\"wp-caption-text\">C\u1eadn c\u1ea3nh tr\u00e1i m\u0103ng c\u1ee5t th\u01a1m ngon<\/figcaption><\/figure>\n<h2><strong><b>Gi\u1ed1ng m\u0103ng c\u1ee5t gh\u00e9p tr\u1ed3ng bao l\u00e2u c\u00f3 tr\u00e1i thu ho\u1ea1ch?<\/b><\/strong><\/h2>\n<p>Th\u00f4ng th\u01b0\u1eddng, c\u00e2y m\u0103ng c\u1ee5t gh\u00e9p s\u1ebd cho tr\u00e1i sau 3-4 n\u0103m tr\u1ed3ng. Tuy nhi\u00ean, th\u1eddi gian n\u00e0y c\u00f3 th\u1ec3 thay \u0111\u1ed5i t\u00f9y thu\u1ed9c v\u00e0o gi\u1ed1ng c\u00e2y, k\u1ef9 thu\u1eadt ch\u0103m s\u00f3c v\u00e0 \u0111i\u1ec1u ki\u1ec7n kh\u00ed h\u1eadu.<\/p>\n<h2><strong><b>T\u1eeb l\u00fac ra hoa \u0111\u1ebfn khi thu ho\u1ea1ch m\u0103ng c\u1ee5t kho\u1ea3ng bao l\u00e2u?<\/b><\/strong><\/h2>\n<p>Th\u1eddi gian t\u1eeb l\u00fac hoa n\u1edf \u0111\u1ebfn khi tr\u00e1i\u00a0ch\u00edn kho\u1ea3ng 4 th\u00e1ng.<\/p>\n<h2><strong><b>N\u0103ng su\u1ea5t gi\u1ed1ng m\u0103ng c\u1ee5t<\/b><\/strong><\/h2>\n<p>T\u00ednh trung b\u00ecnh m\u1ed9t c\u00e2y m\u0103ng c\u1ee5t tr\u01b0\u1edfng th\u00e0nh, \u0111\u01b0\u1ee3c ch\u0103m s\u00f3c t\u1ed1t c\u00f3 th\u1ec3 cho t\u1eeb 50-100kg qu\u1ea3\/n\u0103m.\u00a0Tr\u00ean 1 hecta: V\u1edbi m\u1eadt \u0111\u1ed9 tr\u1ed3ng h\u1ee3p l\u00fd, 1 hecta m\u0103ng c\u1ee5t c\u00f3 th\u1ec3 cho s\u1ea3n l\u01b0\u1ee3ng t\u1eeb 5-10 t\u1ea5n qu\u1ea3\/n\u0103m.<\/p>\n<figure id=\"attachment_3360\" aria-describedby=\"caption-attachment-3360\" style=\"width: 450px\" class=\"wp-caption aligncenter\"><img loading=\"lazy\" decoding=\"async\" class=\"wp-image-3360\" src=\"http:\/\/localhost\/phucan713\/wp-content\/uploads\/2025\/01\/345628983_1924391201258314_9118953599034283660_n-225x300.jpg\" alt=\"Thu ho\u1ea1ch m\u0103ng c\u1ee5t \u1edf v\u01b0\u1eddn\" width=\"450\" height=\"600\" srcset=\"https:\/\/ktech4.k-tech-services.com\/phucan713\/wp-content\/uploads\/2025\/01\/345628983_1924391201258314_9118953599034283660_n-225x300.jpg 225w, https:\/\/ktech4.k-tech-services.com\/phucan713\/wp-content\/uploads\/2025\/01\/345628983_1924391201258314_9118953599034283660_n-768x1024.jpg 768w, https:\/\/ktech4.k-tech-services.com\/phucan713\/wp-content\/uploads\/2025\/01\/345628983_1924391201258314_9118953599034283660_n-510x680.jpg 510w, https:\/\/ktech4.k-tech-services.com\/phucan713\/wp-content\/uploads\/2025\/01\/345628983_1924391201258314_9118953599034283660_n.jpg 960w\" sizes=\"auto, (max-width: 450px) 100vw, 450px\" \/><figcaption id=\"caption-attachment-3360\" class=\"wp-caption-text\">Thu ho\u1ea1ch m\u0103ng c\u1ee5t \u1edf v\u01b0\u1eddn<\/figcaption><\/figure>\n<h2><strong><b>Kh\u00ed h\u1eadu v\u00e0 \u0111\u1ea5t tr\u1ed3ng th\u00edch h\u1ee3p v\u1edbi gi\u1ed1ng m\u0103ng c\u1ee5t<\/b><\/strong><\/h2>\n<p>\u0110\u1ec3 tr\u1ed3ng m\u0103ng c\u1ee5t \u0111\u1ea1t hi\u1ec7u qu\u1ea3 cao, b\u1ea1n c\u1ea7n l\u1ef1a ch\u1ecdn nh\u1eefng v\u00f9ng c\u00f3 kh\u00ed h\u1eadu n\u00f3ng \u1ea9m, m\u01b0a \u0111\u1ec1u \u0111\u1eb7n. M\u0103ng c\u1ee5t \u01b0a s\u00e1ng nh\u01b0ng khi c\u00f2n nh\u1ecf c\u1ea7n che b\u00f3ng \u0111\u1ec3 c\u00e2y c\u1ee9ng c\u00e1p.<\/p>\n<p>Lo\u1ea1i \u0111\u1ea5t: \u0110\u1ea5t th\u1ecbt pha c\u00e1t, gi\u00e0u ch\u1ea5t h\u1eefu c\u01a1, t\u01a1i x\u1ed1p, tho\u00e1t n\u01b0\u1edbc t\u1ed1t l\u00e0 lo\u1ea1i \u0111\u1ea5t l\u00fd t\u01b0\u1edfng. \u0110\u1ed9 pH: \u0110\u1ea5t c\u00f3 \u0111\u1ed9 pH t\u1eeb 5,5-6,5 l\u00e0 ph\u00f9 h\u1ee3p nh\u1ea5t. \u0110\u1ed9 s\u00e2u: \u0110\u1ea5t c\u1ea7n ph\u1ea3i s\u00e2u, \u0111\u1ee7 \u0111\u1ec3 r\u1ec5 c\u00e2y ph\u00e1t tri\u1ec3n.<\/p>\n<h2><strong><b>Kho\u1ea3ng c\u00e1ch tr\u1ed3ng m\u0103ng c\u1ee5t<\/b><\/strong><\/h2>\n<p>Kho\u1ea3ng c\u00e1ch tr\u1ed3ng m\u0103ng c\u1ee5t th\u01b0\u1eddng t\u1eeb 6m x 6m \u0111\u1ebfn 8m x 8m, t\u00f9y thu\u1ed9c v\u00e0o gi\u1ed1ng c\u00e2y v\u00e0 \u0111i\u1ec1u ki\u1ec7n \u0111\u1ea5t \u0111ai.<\/p>\n<figure id=\"attachment_3361\" aria-describedby=\"caption-attachment-3361\" style=\"width: 500px\" class=\"wp-caption aligncenter\"><img loading=\"lazy\" decoding=\"async\" class=\"wp-image-3361\" src=\"http:\/\/localhost\/phucan713\/wp-content\/uploads\/2025\/01\/vuon-mang-cut-tieu-bieu-300x169.jpg\" alt=\"V\u01b0\u1eddn m\u0103ng c\u1ee5t xanh m\u01b0\u1edbt\" width=\"500\" height=\"282\" srcset=\"https:\/\/ktech4.k-tech-services.com\/phucan713\/wp-content\/uploads\/2025\/01\/vuon-mang-cut-tieu-bieu-300x169.jpg 300w, https:\/\/ktech4.k-tech-services.com\/phucan713\/wp-content\/uploads\/2025\/01\/vuon-mang-cut-tieu-bieu-768x432.jpg 768w, https:\/\/ktech4.k-tech-services.com\/phucan713\/wp-content\/uploads\/2025\/01\/vuon-mang-cut-tieu-bieu-510x287.jpg 510w, https:\/\/ktech4.k-tech-services.com\/phucan713\/wp-content\/uploads\/2025\/01\/vuon-mang-cut-tieu-bieu.jpg 1000w\" sizes=\"auto, (max-width: 500px) 100vw, 500px\" \/><figcaption id=\"caption-attachment-3361\" class=\"wp-caption-text\">V\u01b0\u1eddn m\u0103ng c\u1ee5t xanh m\u01b0\u1edbt<\/figcaption><\/figure>\n<h2><strong><b>C\u00e1ch ch\u0103m s\u00f3c c\u00e2y m\u0103ng c\u1ee5t<\/b><\/strong><\/h2>\n<ul>\n<li>T\u01b0\u1edbi n\u01b0\u1edbc:T\u01b0\u1edbi n\u01b0\u1edbc \u0111\u1ec1u \u0111\u1eb7n, \u0111\u1eb7c bi\u1ec7t trong m\u00f9a kh\u00f4.<\/li>\n<li>B\u00f3n ph\u00e2n:B\u00f3n ph\u00e2n h\u1eefu c\u01a1 v\u00e0 ph\u00e2n h\u00f3a h\u1ecdc c\u00e2n \u0111\u1ed1i.<\/li>\n<li>C\u1eaft t\u1ec9a:C\u1eaft t\u1ec9a c\u00e0nh l\u00e1 th\u01b0\u1eddng xuy\u00ean \u0111\u1ec3 t\u1ea1o t\u00e1n c\u00e2y \u0111\u1eb9p v\u00e0 th\u00f4ng tho\u00e1ng.<\/li>\n<li>Ph\u00f2ng tr\u1eeb s\u00e2u b\u1ec7nh:Theo d\u00f5i v\u00e0 ph\u00f2ng tr\u1eeb s\u00e2u b\u1ec7nh k\u1ecbp th\u1eddi.<\/li>\n<\/ul>\n<h2><strong><b>Gi\u00e1 c\u00e2y <\/b><\/strong><strong><b>gi\u1ed1ng m\u0103ng c\u1ee5t<\/b><\/strong><\/h2>\n<p>Gi\u00e1 c\u00e2y gi\u1ed1ng m\u0103ng c\u1ee5t\u00a0t\u1ea1i v\u01b0\u1eddn Ph\u00fac An dao \u0111\u1ed9ng t\u1eeb 80.000 &#8211; 95.000\/ c\u00e2y\u00a0theo gi\u00e1 s\u1ec9. T\u00f9y theo l\u00f4 c\u00e2y, s\u1ed1 l\u01b0\u1ee3ng kh\u00e1ch \u0111\u1eb7t s\u1ebd c\u00f3 m\u1ee9c gi\u00e1 kh\u00e1c nhau.<\/p>\n<p>Ch\u00fang t\u00f4i cam k\u1ebft lu\u00f4n gi\u1eef m\u1ee9c gi\u00e1 ph\u1ea3i ch\u0103ng\u00a0\u0111\u1ec3 m\u1ecdi kh\u00e1ch h\u00e0ng \u0111\u1ec1u c\u00f3 th\u1ec3 ch\u1ecdn mua nh\u1eefng c\u00e2y gi\u1ed1ng th\u1eadt t\u1ed1t\u00a0cho v\u01b0\u1eddn c\u1ee7a m\u00ecnh.<\/p>\n<figure id=\"attachment_3362\" aria-describedby=\"caption-attachment-3362\" style=\"width: 375px\" class=\"wp-caption aligncenter\"><img loading=\"lazy\" decoding=\"async\" class=\"wp-image-3362\" src=\"http:\/\/localhost\/phucan713\/wp-content\/uploads\/2025\/01\/z5487436507082_09925b08b99fffe4205654b514f91887-225x300.jpg\" alt=\"C\u00e2y gi\u1ed1ng m\u0103ng c\u1ee5t gh\u00e9p \u0111\u01b0\u1ee3c s\u1ea3n xu\u1ea5t b\u1edfi Ph\u00fac An\" width=\"375\" height=\"500\" srcset=\"https:\/\/ktech4.k-tech-services.com\/phucan713\/wp-content\/uploads\/2025\/01\/z5487436507082_09925b08b99fffe4205654b514f91887-225x300.jpg 225w, https:\/\/ktech4.k-tech-services.com\/phucan713\/wp-content\/uploads\/2025\/01\/z5487436507082_09925b08b99fffe4205654b514f91887-768x1024.jpg 768w, https:\/\/ktech4.k-tech-services.com\/phucan713\/wp-content\/uploads\/2025\/01\/z5487436507082_09925b08b99fffe4205654b514f91887-510x680.jpg 510w, https:\/\/ktech4.k-tech-services.com\/phucan713\/wp-content\/uploads\/2025\/01\/z5487436507082_09925b08b99fffe4205654b514f91887.jpg 960w\" sizes=\"auto, (max-width: 375px) 100vw, 375px\" \/><figcaption id=\"caption-attachment-3362\" class=\"wp-caption-text\">C\u00e2y gi\u1ed1ng m\u0103ng c\u1ee5t gh\u00e9p \u0111\u01b0\u1ee3c s\u1ea3n xu\u1ea5t b\u1edfi Ph\u00fac An<\/figcaption><\/figure>\n<figure id=\"attachment_3363\" aria-describedby=\"caption-attachment-3363\" style=\"width: 375px\" class=\"wp-caption aligncenter\"><img loading=\"lazy\" decoding=\"async\" class=\"wp-image-3363\" src=\"http:\/\/localhost\/phucan713\/wp-content\/uploads\/2025\/01\/z5736814882146_7f49634f50c4197a5c36485610cb9148-225x300.jpg\" alt=\"C\u00e2y gi\u1ed1ng m\u0103ng c\u1ee5t gh\u00e9p \u0111\u01b0\u1ee3c s\u1ea3n xu\u1ea5t b\u1edfi Ph\u00fac An\" width=\"375\" height=\"500\" srcset=\"https:\/\/ktech4.k-tech-services.com\/phucan713\/wp-content\/uploads\/2025\/01\/z5736814882146_7f49634f50c4197a5c36485610cb9148-225x300.jpg 225w, https:\/\/ktech4.k-tech-services.com\/phucan713\/wp-content\/uploads\/2025\/01\/z5736814882146_7f49634f50c4197a5c36485610cb9148-768x1024.jpg 768w, https:\/\/ktech4.k-tech-services.com\/phucan713\/wp-content\/uploads\/2025\/01\/z5736814882146_7f49634f50c4197a5c36485610cb9148-510x680.jpg 510w, https:\/\/ktech4.k-tech-services.com\/phucan713\/wp-content\/uploads\/2025\/01\/z5736814882146_7f49634f50c4197a5c36485610cb9148.jpg 960w\" sizes=\"auto, (max-width: 375px) 100vw, 375px\" \/><figcaption id=\"caption-attachment-3363\" class=\"wp-caption-text\">C\u00e2y gi\u1ed1ng m\u0103ng c\u1ee5t gh\u00e9p \u0111\u01b0\u1ee3c s\u1ea3n xu\u1ea5t b\u1edfi Ph\u00fac An<\/figcaption><\/figure>\n<h2><strong><b>Mua c\u00e2y <\/b><\/strong><strong><b>gi\u1ed1ng m\u0103ng c\u1ee5t<\/b><\/strong><strong><b>\u00a0\u1edf \u0111\u00e2u ch\u1ea5t l\u01b0\u1ee3ng?<\/b><\/strong><\/h2>\n<p>C\u00e2y gi\u1ed1ng Ph\u00fac An cung c\u1ea5p c\u00e2y Gi\u1ed1ng m\u0103ng c\u1ee5t\u00a0ch\u1ea5t l\u01b0\u1ee3ng, \u0111\u01b0\u1ee3c b\u1ea3o h\u00e0nh \u0111\u00fang gi\u1ed1ng cho t\u1edbi khi c\u00f3 tr\u00e1i.<\/p>\n<p>V\u01b0\u1eddn nh\u00e2n gi\u1ed1ng c\u1ee7a Ph\u00fac An \u0111\u01b0\u1ee3c ch\u1ecdn l\u1ef1a k\u1ef9 l\u01b0\u1ee1ng, \u0111\u1ea3m b\u1ea3o chu\u1ea9n gi\u1ed1ng.<\/p>\n<p><span style=\"color: #008000;\"><strong><b>Ti\u00eau chu\u1ea9n<\/b><\/strong><strong><b>\u00a0<\/b><\/strong><strong><b>c<\/b><\/strong><strong><b>\u00e2y <\/b><\/strong><strong><b>gi\u1ed1ng m\u0103ng c\u1ee5t<\/b><\/strong><strong><b>\u00a0\u0111\u01b0\u1ee3c cung c\u1ea5p b\u1edfi v\u01b0\u1eddn Ph\u00fac An:<\/b><\/strong><\/span><\/p>\n<ul>\n<li>C\u00e2y gh\u00e9p. Chi\u1ec1u cao c\u00e2y gi\u1ed1ng t\u1eeb 70-80cm<\/li>\n<li>C\u00e2y nu\u00f4i \u0111\u1ee7 th\u1eddi gian, b\u1ea7u r\u1ec5 \u1ed5n \u0111\u1ecbnh, c\u00e2y \u0111\u00e3 x\u1ea3 n\u1eafng\u00a0c\u1ee9ng c\u00e1p<\/li>\n<li>Kh\u00f4ng c\u00f3 d\u1ea5u hi\u1ec7u s\u00e2u b\u1ec7nh, b\u1ed9 l\u00e1 xanh t\u1ed1t d\u00e0y d\u1eb7n, c\u00e2y \u0111\u1ee7 chu\u1ea9n xu\u1ea5t v\u01b0\u1eddn<\/li>\n<\/ul>\n<figure id=\"attachment_3364\" aria-describedby=\"caption-attachment-3364\" style=\"width: 375px\" class=\"wp-caption aligncenter\"><img loading=\"lazy\" decoding=\"async\" class=\"wp-image-3364\" src=\"http:\/\/localhost\/phucan713\/wp-content\/uploads\/2025\/01\/z5736814872260_e45d4c0b952ea0bfc7ad9487378f70b5-225x300.jpg\" alt=\"C\u00e2y gi\u1ed1ng m\u0103ng c\u1ee5t gh\u00e9p \u0111\u01b0\u1ee3c s\u1ea3n xu\u1ea5t b\u1edfi Ph\u00fac An\" width=\"375\" height=\"500\" srcset=\"https:\/\/ktech4.k-tech-services.com\/phucan713\/wp-content\/uploads\/2025\/01\/z5736814872260_e45d4c0b952ea0bfc7ad9487378f70b5-225x300.jpg 225w, https:\/\/ktech4.k-tech-services.com\/phucan713\/wp-content\/uploads\/2025\/01\/z5736814872260_e45d4c0b952ea0bfc7ad9487378f70b5-768x1024.jpg 768w, https:\/\/ktech4.k-tech-services.com\/phucan713\/wp-content\/uploads\/2025\/01\/z5736814872260_e45d4c0b952ea0bfc7ad9487378f70b5-510x680.jpg 510w, https:\/\/ktech4.k-tech-services.com\/phucan713\/wp-content\/uploads\/2025\/01\/z5736814872260_e45d4c0b952ea0bfc7ad9487378f70b5.jpg 960w\" sizes=\"auto, (max-width: 375px) 100vw, 375px\" \/><figcaption id=\"caption-attachment-3364\" class=\"wp-caption-text\">C\u00e2y gi\u1ed1ng m\u0103ng c\u1ee5t gh\u00e9p \u0111\u01b0\u1ee3c s\u1ea3n xu\u1ea5t b\u1edfi Ph\u00fac An<\/figcaption><\/figure>\n<figure id=\"attachment_3366\" aria-describedby=\"caption-attachment-3366\" style=\"width: 375px\" class=\"wp-caption aligncenter\"><img loading=\"lazy\" decoding=\"async\" class=\"wp-image-3366\" src=\"http:\/\/localhost\/phucan713\/wp-content\/uploads\/2025\/01\/z5739399513807_c27eb65da006ef2603e4cfde90851a79-225x300.jpg\" alt=\"C\u00e2y gi\u1ed1ng m\u0103ng c\u1ee5t gh\u00e9p \u0111\u01b0\u1ee3c s\u1ea3n xu\u1ea5t b\u1edfi Ph\u00fac An\" width=\"375\" height=\"500\" srcset=\"https:\/\/ktech4.k-tech-services.com\/phucan713\/wp-content\/uploads\/2025\/01\/z5739399513807_c27eb65da006ef2603e4cfde90851a79-225x300.jpg 225w, https:\/\/ktech4.k-tech-services.com\/phucan713\/wp-content\/uploads\/2025\/01\/z5739399513807_c27eb65da006ef2603e4cfde90851a79-768x1024.jpg 768w, https:\/\/ktech4.k-tech-services.com\/phucan713\/wp-content\/uploads\/2025\/01\/z5739399513807_c27eb65da006ef2603e4cfde90851a79-510x680.jpg 510w, https:\/\/ktech4.k-tech-services.com\/phucan713\/wp-content\/uploads\/2025\/01\/z5739399513807_c27eb65da006ef2603e4cfde90851a79.jpg 960w\" sizes=\"auto, (max-width: 375px) 100vw, 375px\" \/><figcaption id=\"caption-attachment-3366\" class=\"wp-caption-text\">C\u00e2y gi\u1ed1ng m\u0103ng c\u1ee5t gh\u00e9p \u0111\u01b0\u1ee3c s\u1ea3n xu\u1ea5t b\u1edfi Ph\u00fac An<\/figcaption><\/figure>\n<p>C\u00e2y tr\u1ea3i qua quy tr\u00ecnh nh\u00e2n gi\u1ed1ng, d\u01b0\u1ee1ng c\u00e2y con, x\u1ea3 n\u1eafng ho\u00e0n ch\u1ec9nh. \u0110\u1ebfn tay c\u00f4 b\u00e1c s\u1ebd l\u00e0 t\u1eebng c\u00e2y \u0111\u00e3 c\u1ee9ng c\u00e1p \u0111\u00e3 ra c\u01a1i ch\u1ed3i m\u1edbi.<br \/>\nQu\u00fd c\u00f4 b\u00e1c c\u00f3 th\u1ec3 li\u00ean h\u1ec7 tr\u1ef1c ti\u1ebfp qua SDT\/ Zalo 0962.888.014 (<a href=\"http:\/\/localhost\/phucan713\/\" target=\"_blank\" rel=\"noopener\">C\u00e2y Gi\u1ed1ng Ph\u00fac An<\/a>) \u0111\u1ec3 ch\u00fang t\u00f4i t\u01b0 v\u1ea5n v\u00e0 b\u00e1o gi\u00e1 c\u1ee5 th\u1ec3. Xin c\u1ea3m \u01a1n qu\u00fd c\u00f4 b\u00e1c \u0111\u00e3 \u0111\u1eb7t ni\u1ec1m tin v\u1edbi nh\u00e0 v\u01b0\u1eddn.<\/p>\n<p>&gt;&gt; M\u1eddi b\u1ea1n \u0111\u1ecdc th\u00eam: <a href=\"https:\/\/dantri.com.vn\/nhip-song-tre\/mang-cut-va-3-loai-trai-cay-duoc-gioi-tre-san-lung-nhat-nam-2023-20231222174823769.htm\" target=\"_blank\" rel=\"noopener\"><span style=\"color: #000080;\"><em><strong>M\u0103ng c\u1ee5t v\u00e0 3 lo\u1ea1i tr\u00e1i c\u00e2y \u0111\u01b0\u1ee3c gi\u1edbi tr\u1ebb s\u0103n l\u00f9ng nh\u1ea5t n\u0103m 2023<\/strong><\/em><\/span><\/a><\/p>\n","protected":false},"excerpt":{"rendered":"<p>* Gi\u00e1 tham kh\u1ea3o cho s\u1ed1 l\u01b0\u1ee3ng t\u1eeb 30 c\u00e2y, c\u00f3 th\u1ec3 thay \u0111\u1ed5i theo th\u1eddi \u0111i\u1ec3m<br \/>\n* Ch\u01b0a bao g\u1ed3m ph\u00ed v\u1eadn chuy\u1ec3n (t\u00f9y theo s\u1ed1 l\u01b0\u1ee3ng c\u00e2y v\u00e0 \u0111\u1ecba \u0111i\u1ec3m giao h\u00e0ng)<\/p>\n","protected":false},"featured_media":3505,"comment_status":"open","ping_status":"closed","template":"","meta":[],"product_brand":[],"product_cat":[35,37],"product_tag":[],"class_list":{"0":"post-3356","1":"product","2":"type-product","3":"status-publish","4":"has-post-thumbnail","6":"product_cat-san-pham-giong-cay-an-trai","7":"product_cat-cay-giong-khac","9":"first","10":"instock","11":"shipping-taxable","12":"purchasable","13":"product-type-simple"},"_links":{"self":[{"href":"https:\/\/ktech4.k-tech-services.com\/phucan713\/wp-json\/wp\/v2\/product\/3356","targetHints":{"allow":["GET"]}}],"collection":[{"href":"https:\/\/ktech4.k-tech-services.com\/phucan713\/wp-json\/wp\/v2\/product"}],"about":[{"href":"https:\/\/ktech4.k-tech-services.com\/phucan713\/wp-json\/wp\/v2\/types\/product"}],"replies":[{"embeddable":true,"href":"https:\/\/ktech4.k-tech-services.com\/phucan713\/wp-json\/wp\/v2\/comments?post=3356"}],"wp:featuredmedia":[{"embeddable":true,"href":"https:\/\/ktech4.k-tech-services.com\/phucan713\/wp-json\/wp\/v2\/media\/3505"}],"wp:attachment":[{"href":"https:\/\/ktech4.k-tech-services.com\/phucan713\/wp-json\/wp\/v2\/media?parent=3356"}],"wp:term":[{"taxonomy":"product_brand","embeddable":true,"href":"https:\/\/ktech4.k-tech-services.com\/phucan713\/wp-json\/wp\/v2\/product_brand?post=3356"},{"taxonomy":"product_cat","embeddable":true,"href":"https:\/\/ktech4.k-tech-services.com\/phucan713\/wp-json\/wp\/v2\/product_cat?post=3356"},{"taxonomy":"product_tag","embeddable":true,"href":"https:\/\/ktech4.k-tech-services.com\/phucan713\/wp-json\/wp\/v2\/product_tag?post=3356"}],"curies":[{"name":"wp","href":"https:\/\/api.w.org\/{rel}","templated":true}]}}