{"id":3649,"date":"2025-05-28T17:14:35","date_gmt":"2025-05-28T10:14:35","guid":{"rendered":"https:\/\/caygiongphucan.com\/?post_type=product&amp;p=3649"},"modified":"2025-05-28T17:14:35","modified_gmt":"2025-05-28T10:14:35","slug":"giong-chum-ruot-ngot-ghep","status":"publish","type":"product","link":"https:\/\/ktech4.k-tech-services.com\/phucan713\/san-pham\/giong-chum-ruot-ngot-ghep\/","title":{"rendered":"Gi\u1ed1ng Ch\u00f9m Ru\u1ed9t Ng\u1ecdt (Gh\u00e9p)"},"content":{"rendered":"<p>Gi\u1ed1ng ch\u00f9m ru\u1ed9t ng\u1ecdt \u0111ang nh\u1eadn \u0111\u01b0\u1ee3c s\u1ef1 quan t\u00e2m l\u1edbn t\u1eeb c\u00e1c nh\u00e0 v\u01b0\u1eddn v\u00e0 nh\u00e0 \u0111\u1ea7u t\u01b0 b\u1edfi \u0111\u1eb7c t\u00ednh d\u1ec5 tr\u1ed3ng, nhanh cho tr\u00e1i v\u00e0 gi\u00e1 tr\u1ecb kinh t\u1ebf cao. B\u00e0i vi\u1ebft n\u00e0y s\u1ebd cung c\u1ea5p th\u00f4ng tin chi ti\u1ebft v\u1ec1 gi\u1ed1ng c\u00e2y n\u00e0y, t\u1eeb ngu\u1ed3n g\u1ed1c, \u0111\u1eb7c \u0111i\u1ec3m, c\u00e1ch tr\u1ed3ng v\u00e0 ch\u0103m s\u00f3c, \u0111\u1ebfn \u0111\u1ecba ch\u1ec9 mua c\u00e2y gi\u1ed1ng uy t\u00edn.<\/p>\n<h2><strong>Ngu\u1ed3n g\u1ed1c c\u00e2y ch\u00f9m ru\u1ed9t ng\u1ecdt<\/strong><\/h2>\n<p>C\u00e2y ch\u00f9m ru\u1ed9t ng\u1ecdt l\u00e0 m\u1ed9t gi\u1ed1ng c\u00e2y \u0111\u01b0\u1ee3c lai t\u1ea1o v\u00e0 ch\u1ecdn l\u1ecdc t\u1eeb c\u00e2y ch\u00f9m ru\u1ed9t chua truy\u1ec1n th\u1ed1ng, mang h\u01b0\u01a1ng v\u1ecb ng\u1ecdt thanh, d\u1ec5 \u0103n v\u00e0 ph\u00f9 h\u1ee3p v\u1edbi th\u1ecb hi\u1ebfu ng\u01b0\u1eddi ti\u00eau d\u00f9ng. Lo\u1ea1i c\u00e2y n\u00e0y c\u00f3 ngu\u1ed3n g\u1ed1c t\u1eeb c\u00e1c khu v\u1ef1c nhi\u1ec7t \u0111\u1edbi v\u00e0 c\u1eadn nhi\u1ec7t \u0111\u1edbi, \u0111\u1eb7c bi\u1ec7t ph\u1ed5 bi\u1ebfn t\u1ea1i \u0110\u00f4ng Nam \u00c1, trong \u0111\u00f3 c\u00f3 Vi\u1ec7t Nam.<\/p>\n<p>Trong nh\u1eefng n\u0103m g\u1ea7n \u0111\u00e2y, nh\u1edd v\u00e0o s\u1ef1 ph\u00e1t tri\u1ec3n c\u1ee7a k\u1ef9 thu\u1eadt nh\u00e2n gi\u1ed1ng v\u00e0 c\u1ea3i thi\u1ec7n ch\u1ea5t l\u01b0\u1ee3ng c\u00e2y tr\u1ed3ng, gi\u1ed1ng ch\u00f9m ru\u1ed9t ng\u1ecdt \u0111\u00e3 \u0111\u01b0\u1ee3c th\u01b0\u01a1ng m\u1ea1i h\u00f3a r\u1ed9ng r\u00e3i. \u0110i\u1ec1u n\u00e0y kh\u00f4ng ch\u1ec9 \u0111\u00e1p \u1ee9ng nhu c\u1ea7u th\u1ecb tr\u01b0\u1eddng m\u00e0 c\u00f2n m\u1edf ra c\u01a1 h\u1ed9i kinh doanh \u0111\u1ea7y ti\u1ec1m n\u0103ng cho b\u00e0 con n\u00f4ng d\u00e2n, gi\u00fap t\u0103ng thu nh\u1eadp v\u00e0 ph\u00e1t tri\u1ec3n kinh t\u1ebf b\u1ec1n v\u1eefng.<\/p>\n<h2><strong>\u0110\u1eb7c \u0111i\u1ec3m gi\u1ed1ng ch\u00f9m ru\u1ed9t ng\u1ecdt<\/strong><\/h2>\n<p>Ch\u00f9m ru\u1ed9t ng\u1ecdt l\u00e0 lo\u1ea1i c\u00e2y th\u00e2n g\u1ed7 nh\u1ecf, c\u00f3 \u0111\u1eb7c \u0111i\u1ec3m t\u01b0\u01a1ng t\u1ef1 nh\u01b0 c\u00e2y b\u1ee5i. D\u01b0\u1edbi \u0111\u00e2y l\u00e0 nh\u1eefng \u0111\u1eb7c \u0111i\u1ec3m ch\u00ednh c\u1ee7a gi\u1ed1ng c\u00e2y n\u00e0y:<\/p>\n<p>Chi\u1ec1u cao c\u00e2y tr\u01b0\u1edfng th\u00e0nh<strong>:<\/strong>\u00a0C\u00e2y c\u00f3 th\u1ec3 ph\u00e1t tri\u1ec3n t\u1eeb 2 &#8211; 9m t\u00f9y theo \u0111i\u1ec1u ki\u1ec7n canh t\u00e1c. N\u1ebfu \u0111\u01b0\u1ee3c c\u1eaft t\u1ec9a h\u1ee3p l\u00fd, c\u00e2y s\u1ebd duy tr\u00ec t\u00e1n r\u1ed9ng, gi\u00fap t\u0103ng n\u0103ng su\u1ea5t tr\u00e1i.<\/p>\n<p>L\u00e1 c\u00e2y<strong>:<\/strong>\u00a0L\u00e1 m\u1ecdc xen k\u1ebd, c\u00f3 h\u00ecnh d\u00e1ng d\u00e0i tr\u1ee9ng v\u1edbi chi\u1ec1u d\u00e0i kho\u1ea3ng 4\u20135 cm v\u00e0 r\u1ed9ng t\u1eeb 1,5\u20132 cm. L\u00e1 c\u00f3 m\u00e0u xanh t\u01b0\u01a1i, gi\u00fap c\u00e2y quang h\u1ee3p t\u1ed1t v\u00e0 ph\u00e1t tri\u1ec3n \u1ed5n \u0111\u1ecbnh.<\/p>\n<p>Hoa<strong>:<\/strong>\u00a0Hoa ch\u00f9m ru\u1ed9t ng\u1ecdt c\u00f3 m\u00e0u h\u1ed3ng, n\u1edf th\u00e0nh t\u1eebng ch\u00f9m v\u00e0o kho\u1ea3ng th\u00e1ng 3 \u0111\u1ebfn th\u00e1ng 5 h\u00e0ng n\u0103m<\/p>\n<p>Tr\u00e1i<strong>:<\/strong>\u00a0C\u00f3 h\u00ecnh tr\u00f2n, nh\u1ecf nh\u01b0 \u0111\u1ea7u ng\u00f3n tay, \u0111\u01b0\u1eddng k\u00ednh kho\u1ea3ng 2-2,5 cm, \u0111\u01b0\u1ee3c chia th\u00e0nh 6 m\u00fai. Khi c\u00f2n xanh, tr\u00e1i c\u00f3 v\u1ecb chua gi\u00f2n, khi ch\u00edn s\u1ebd chuy\u1ec3n sang m\u00e0u v\u00e0ng xanh v\u00e0 c\u00f3 v\u1ecb ng\u1ecdt thanh, ph\u00f9 h\u1ee3p v\u1edbi kh\u1ea9u v\u1ecb c\u1ee7a nhi\u1ec1u ng\u01b0\u1eddi.<\/p>\n<p>Th\u1eddi gian ra hoa v\u00e0 k\u1ebft tr\u00e1i: Hoa th\u01b0\u1eddng xu\u1ea5t hi\u1ec7n v\u00e0o c\u00e1c th\u00e1ng 3 &#8211; 5, trong khi m\u00f9a tr\u00e1i k\u00e9o d\u00e0i t\u1eeb th\u00e1ng 6 &#8211; 8.<\/p>\n<p>Kh\u1ea3 n\u0103ng sinh tr\u01b0\u1edfng<strong>:<\/strong>\u00a0C\u00e2y c\u00f3 t\u1ed1c \u0111\u1ed9 sinh tr\u01b0\u1edfng nhanh, d\u1ec5 tr\u1ed3ng v\u00e0 \u00edt t\u1ed1n c\u00f4ng ch\u0103m s\u00f3c. C\u00f3 th\u1ec3 sinh tr\u01b0\u1edfng t\u1ed1t trong nhi\u1ec1u \u0111i\u1ec1u ki\u1ec7n kh\u00ed h\u1eadu, \u0111\u1eb7c bi\u1ec7t l\u00e0 \u1edf c\u00e1c v\u00f9ng c\u00f3 kh\u00ed h\u1eadu n\u00f3ng \u1ea9m.<\/p>\n<p>V\u1edbi nh\u1eefng \u0111\u1eb7c \u0111i\u1ec3m tr\u00ean, c\u00e2y ch\u00f9m ru\u1ed9t ng\u1ecdt kh\u00f4ng ch\u1ec9 th\u00edch h\u1ee3p tr\u1ed3ng trong v\u01b0\u1eddn nh\u00e0 m\u00e0 c\u00f2n l\u00e0 l\u1ef1a ch\u1ecdn l\u00fd t\u01b0\u1edfng \u0111\u1ec3 ph\u00e1t tri\u1ec3n m\u00f4 h\u00ecnh n\u00f4ng nghi\u1ec7p quy m\u00f4 l\u1edbn.<\/p>\n<h2><strong>Gi\u1ed1ng ch\u00f9m ru\u1ed9t ng\u1ecdt tr\u1ed3ng bao l\u00e2u c\u00f3 tr\u00e1i thu ho\u1ea1ch?<\/strong><\/h2>\n<p>C\u00e2y ch\u00f9m ru\u1ed9t ng\u1ecdt c\u00f3 t\u1ed1c \u0111\u1ed9 sinh tr\u01b0\u1edfng nhanh v\u00e0 kh\u1ea3 n\u0103ng cho tr\u00e1i s\u1edbm n\u1ebfu \u0111\u01b0\u1ee3c tr\u1ed3ng v\u00e0 ch\u0103m s\u00f3c \u0111\u00fang k\u1ef9 thu\u1eadt.<\/p>\n<p>Th\u1eddi gian ra hoa v\u00e0 k\u1ebft tr\u00e1i: Sau kho\u1ea3ng <strong>8 &#8211; 12 th\u00e1ng<\/strong>\u00a0k\u1ec3 t\u1eeb khi tr\u1ed3ng, c\u00e2y b\u1eaft \u0111\u1ea7u ra hoa.<\/p>\n<p>Th\u1eddi gian thu ho\u1ea1ch: Kho\u1ea3ng <strong>1,5 &#8211; 2 n\u0103m <\/strong>sau khi tr\u1ed3ng, c\u00e2y s\u1ebd cho nh\u1eefng l\u1ee9a tr\u00e1i \u0111\u1ea7u ti\u00ean.<\/p>\n<p>T\u1ea7n su\u1ea5t thu ho\u1ea1ch: C\u00e2y ch\u00f9m ru\u1ed9t ng\u1ecdt c\u00f3 th\u1ec3 ra tr\u00e1i quanh n\u0103m, nh\u01b0ng th\u01b0\u1eddng t\u1eadp trung v\u00e0o <strong>2 &#8211; 3 v\u1ee5<\/strong>\u00a0m\u00f9a ch\u00ednh trong n\u0103m.<\/p>\n<p>Vi\u1ec7c ch\u0103m s\u00f3c t\u1ed1t, b\u00f3n ph\u00e2n \u0111\u1ea7y \u0111\u1ee7 v\u00e0 duy tr\u00ec t\u01b0\u1edbi n\u01b0\u1edbc h\u1ee3p l\u00fd s\u1ebd gi\u00fap c\u00e2y ph\u00e1t tri\u1ec3n m\u1ea1nh v\u00e0 r\u00fat ng\u1eafn th\u1eddi gian ra tr\u00e1i.<\/p>\n<h2><strong>T\u1eeb l\u00fac ra hoa \u0111\u1ebfn khi thu ho\u1ea1ch c\u00e2y ch\u00f9m ru\u1ed9t ng\u1ecdt kho\u1ea3ng bao l\u00e2u?<\/strong><\/h2>\n<p>Sau khi ra hoa, ch\u00f9m ru\u1ed9t ng\u1ecdt c\u1ea7n kho\u1ea3ng <strong>2-3 th\u00e1ng<\/strong>\u00a0\u0111\u1ec3 tr\u00e1i ch\u00edn v\u00e0 c\u00f3 th\u1ec3 thu ho\u1ea1ch. Qu\u00e1 tr\u00ecnh n\u00e0y c\u1ea7n \u0111\u01b0\u1ee3c theo d\u00f5i k\u1ef9 \u0111\u1ec3 \u0111\u1ea3m b\u1ea3o ch\u1ea5t l\u01b0\u1ee3ng tr\u00e1i.<\/p>\n<h2><strong>N\u0103ng su\u1ea5t gi\u1ed1ng ch\u00f9m ru\u1ed9t ng\u1ecdt<\/strong><\/h2>\n<p>C\u00e2y ch\u00f9m ru\u1ed9t ng\u1ecdt c\u00f3 n\u0103ng su\u1ea5t cao v\u00e0 \u1ed5n \u0111\u1ecbnh n\u1ebfu \u0111\u01b0\u1ee3c tr\u1ed3ng v\u00e0 ch\u0103m s\u00f3c \u0111\u00fang k\u1ef9 thu\u1eadt. Khi tr\u01b0\u1edfng th\u00e0nh, c\u00e2y c\u00f3 th\u1ec3 cho s\u1ea3n l\u01b0\u1ee3ng l\u1edbn nh\u1edd kh\u1ea3 n\u0103ng ra tr\u00e1i quanh n\u0103m.<\/p>\n<p>N\u0103ng su\u1ea5t trung b\u00ecnh: M\u1ed9t c\u00e2y ch\u00f9m ru\u1ed9t ng\u1ecdt tr\u01b0\u1edfng th\u00e0nh c\u00f3 th\u1ec3 cho <strong>20 &#8211; 30 kg <\/strong>tr\u00e1i m\u1ed7i n\u0103m, t\u00f9y v\u00e0o \u0111i\u1ec1u ki\u1ec7n canh t\u00e1c v\u00e0 c\u00e1ch ch\u0103m s\u00f3c.<\/p>\n<p>S\u1ea3n l\u01b0\u1ee3ng theo m\u00f4 h\u00ecnh tr\u1ed3ng: V\u1edbi m\u00f4 h\u00ecnh tr\u1ed3ng th\u00e2m canh t\u1eeb <strong>100 &#8211; 200 c\u00e2y\/ha<\/strong>, n\u0103ng su\u1ea5t c\u00f3 th\u1ec3 \u0111\u1ea1t <strong>2 &#8211; 6 t\u1ea5n\/ha\/n\u0103m<\/strong>.<\/p>\n<h2><strong>Kh\u00ed h\u1eadu v\u00e0 \u0111\u1ea5t tr\u1ed3ng th\u00edch h\u1ee3p v\u1edbi gi\u1ed1ng ch\u00f9m ru\u1ed9t ng\u1ecdt<\/strong><\/h2>\n<p>Ch\u00f9m ru\u1ed9t ng\u1ecdt l\u00e0 lo\u1ea1i c\u00e2y d\u1ec5 th\u00edch nghi v\u00e0 c\u00f3 kh\u1ea3 n\u0103ng sinh tr\u01b0\u1edfng t\u1ed1t trong \u0111i\u1ec1u ki\u1ec7n kh\u00ed h\u1eadu v\u00e0 \u0111\u1ea5t \u0111ai \u0111a d\u1ea1ng. Tuy nhi\u00ean, \u0111\u1ec3 \u0111\u1ea1t \u0111\u01b0\u1ee3c n\u0103ng su\u1ea5t v\u00e0 ch\u1ea5t l\u01b0\u1ee3ng tr\u00e1i t\u1ed1i \u01b0u, b\u00e0 con c\u1ea7n l\u01b0u \u00fd m\u1ed9t s\u1ed1 y\u1ebfu t\u1ed1 sau:<\/p>\n<p>Kh\u00ed h\u1eadu: C\u00e2y ch\u00f9m ru\u1ed9t ng\u1ecdt ph\u00e1t tri\u1ec3n t\u1ed1t nh\u1ea5t trong kho\u1ea3ng nhi\u1ec7t \u0111\u1ed9 t\u1eeb 15-35\u00b0C. \u0110\u00e2y l\u00e0 lo\u1ea1i c\u00e2y \u01b0a kh\u00ed h\u1eadu \u1ea5m \u00e1p, ph\u00f9 h\u1ee3p v\u1edbi c\u00e1c v\u00f9ng nhi\u1ec7t \u0111\u1edbi v\u00e0 c\u1eadn nhi\u1ec7t \u0111\u1edbi.<\/p>\n<p>L\u01b0\u1ee3ng m\u01b0a: C\u00e2y c\u1ea7n l\u01b0\u1ee3ng m\u01b0a trung b\u00ecnh kho\u1ea3ng 1000mm\/n\u0103m. Trong m\u00f9a kh\u00f4 h\u1ea1n, vi\u1ec7c qu\u1ea3n l\u00fd n\u01b0\u1edbc t\u01b0\u1edbi c\u1ea7n \u0111\u01b0\u1ee3c ch\u00fa tr\u1ecdng \u0111\u1ec3 \u0111\u1ea3m b\u1ea3o c\u00e2y kh\u00f4ng b\u1ecb thi\u1ebfu n\u01b0\u1edbc.<\/p>\n<p>\u0110\u1ea5t Tr\u1ed3ng \u00a0Ch\u00f9m ru\u1ed9t ng\u1ecdt th\u00edch h\u1ee3p v\u1edbi c\u00e1c lo\u1ea1i \u0111\u1ea5t t\u01a1i x\u1ed1p, gi\u00e0u dinh d\u01b0\u1ee1ng v\u00e0 c\u00f3 kh\u1ea3 n\u0103ng tho\u00e1t n\u01b0\u1edbc t\u1ed1t. \u0110\u1ea5t pha c\u00e1t ho\u1eb7c \u0111\u1ea5t th\u1ecbt nh\u1eb9 l\u00e0 l\u1ef1a ch\u1ecdn l\u00fd t\u01b0\u1edfng. \u0110\u1ed9 pH l\u00fd t\u01b0\u1edfng cho c\u00e2y ch\u00f9m ru\u1ed9t ng\u1ecdt dao \u0111\u1ed9ng t\u1eeb <strong>5.5-6.5<\/strong>. \u0110\u1ea5t c\u00f3 \u0111\u1ed9 pH qu\u00e1 cao ho\u1eb7c qu\u00e1 th\u1ea5p c\u00f3 th\u1ec3 \u1ea3nh h\u01b0\u1edfng \u0111\u1ebfn kh\u1ea3 n\u0103ng h\u1ea5p th\u1ee5 dinh d\u01b0\u1ee1ng c\u1ee7a c\u00e2y.<\/p>\n<h2><strong>Kho\u1ea3ng c\u00e1ch tr\u1ed3ng c\u00e2y ch\u00f9m ru\u1ed9t ng\u1ecdt<\/strong><\/h2>\n<p>Kho\u1ea3ng c\u00e1ch tr\u1ed3ng c\u00e2y ch\u00f9m ru\u1ed9t ng\u1ecdt l\u00fd t\u01b0\u1edfng l\u00e0 <strong>3m x 3m<\/strong>\u00a0ho\u1eb7c <strong>4m x 4m<\/strong>\u00a0\u0111\u1ec3 c\u00e2y c\u00f3 \u0111\u1ee7 kh\u00f4ng gian ph\u00e1t tri\u1ec3n v\u00e0 d\u1ec5 d\u00e0ng ch\u0103m s\u00f3c.<\/p>\n<h2><strong>C\u00e1ch ch\u0103m s\u00f3c c\u00e2y ch\u00f9m ru\u1ed9t ng\u1ecdt v\u00e0 c\u00e1c l\u01b0u \u00fd<\/strong><\/h2>\n<p>T\u01b0\u1edbi n\u01b0\u1edbc: C\u00e2y c\u1ea7n l\u01b0\u1ee3ng n\u01b0\u1edbc \u1ed5n \u0111\u1ecbnh, \u0111\u1eb7c bi\u1ec7t trong m\u00f9a kh\u00f4 h\u1ea1n. Tuy nhi\u00ean, c\u1ea7n tr\u00e1nh t\u00ecnh tr\u1ea1ng ng\u1eadp \u00fang, v\u00ec c\u00e2y kh\u00f4ng ch\u1ecbu \u0111\u01b0\u1ee3c \u0111\u1ea5t \u1ea9m \u01b0\u1edbt l\u00e2u d\u00e0i. V\u00e0o m\u00f9a m\u01b0a, c\u00f3 th\u1ec3 gi\u1ea3m l\u01b0\u1ee3ng t\u01b0\u1edbi n\u01b0\u1edbc, nh\u01b0ng v\u1eabn c\u1ea7n \u0111\u1ea3m b\u1ea3o \u0111\u1ea5t kh\u00f4ng b\u1ecb kh\u00f4 c\u1ea1n, \u1ea3nh h\u01b0\u1edfng \u0111\u1ebfn s\u1ef1 ph\u00e1t tri\u1ec3n c\u1ee7a c\u00e2y..<\/p>\n<p>B\u00f3n ph\u00e2n: S\u1eed d\u1ee5ng ph\u00e2n b\u00f3n h\u1eefu c\u01a1 ho\u1eb7c ph\u00e2n h\u00f3a h\u1ecdc c\u00e2n \u0111\u1ed1i gi\u1eefa \u0111\u1ea1m (N), l\u00e2n (P) v\u00e0 kali (K) s\u1ebd gi\u00fap c\u00e2y ph\u00e1t tri\u1ec3n m\u1ea1nh m\u1ebd v\u00e0 cho tr\u00e1i ng\u1ecdt. C\u1ea7n b\u00f3n ph\u00e2n c\u00e1ch g\u1ed1c kho\u1ea3ng 20-30cm \u0111\u1ec3 tr\u00e1nh l\u00e0m ch\u00e1y r\u1ec5.<\/p>\n<p>Ph\u00f2ng tr\u1eeb s\u00e2u b\u1ec7nh: C\u00e2y ch\u00f9m ru\u1ed9t ng\u1ecdt c\u00f3 th\u1ec3 b\u1ecb \u1ea3nh h\u01b0\u1edfng b\u1edfi m\u1ed9t s\u1ed1 s\u00e2u b\u1ec7nh nh\u01b0 r\u1ec7p, b\u1ecd tr\u0129, hay n\u1ea5m m\u1ed1c. C\u1ea7n th\u01b0\u1eddng xuy\u00ean ki\u1ec3m tra v\u00e0 x\u1eed l\u00fd k\u1ecbp th\u1eddi b\u1eb1ng c\u00e1c bi\u1ec7n ph\u00e1p nh\u01b0 phun thu\u1ed1c tr\u1eeb s\u00e2u, thu\u1ed1c di\u1ec7t n\u1ea5m (n\u1ebfu c\u1ea7n), ho\u1eb7c s\u1eed d\u1ee5ng bi\u1ec7n ph\u00e1p sinh h\u1ecdc nh\u01b0 phun ch\u1ebf ph\u1ea9m vi sinh.<\/p>\n<h2><strong>Gi\u00e1 c\u00e2y gi\u1ed1ng ch\u00f9m ru\u1ed9t ng\u1ecdt<\/strong><\/h2>\n<p>Gi\u00e1 c\u00e2y gi\u1ed1ng ch\u00f9m ru\u1ed9t ng\u1ecdt t\u1ea1i v\u01b0\u1eddn Ph\u00fac An dao \u0111\u1ed9ng t\u1eeb <strong>45.000 &#8211; 55.000<\/strong><strong>\u00a0\u0111\u1ed3ng\/c\u00e2y<\/strong>\u00a0theo gi\u00e1 s\u1ec9. T\u00f9y theo s\u1ed1 l\u01b0\u1ee3ng v\u00e0 th\u1eddi \u0111i\u1ec3m \u0111\u1eb7t h\u00e0ng, gi\u00e1 c\u00f3 th\u1ec3 thay \u0111\u1ed5i. Ch\u00fang t\u00f4i cam k\u1ebft mang \u0111\u1ebfn c\u00e2y gi\u1ed1ng ch\u1ea5t l\u01b0\u1ee3ng v\u1edbi gi\u00e1 c\u1ea3 ph\u1ea3i ch\u0103ng.<\/p>\n<h2><strong>Mua c\u00e2y gi\u1ed1ng ch\u00f9m ru\u1ed9t ng\u1ecdt \u1edf \u0111\u00e2u ch\u1ea5t l\u01b0\u1ee3ng?<\/strong><\/h2>\n<p>C\u00e2y gi\u1ed1ng Ph\u00fac An\u00a0l\u00e0 \u0111\u1ecba ch\u1ec9 uy t\u00edn cung c\u1ea5p c\u00e2y gi\u1ed1ng ch\u00f9m ru\u1ed9t ng\u1ecdt ch\u1ea5t l\u01b0\u1ee3ng cao. C\u00e2y gi\u1ed1ng \u0111\u01b0\u1ee3c b\u1ea3o h\u00e0nh \u0111\u00fang gi\u1ed1ng cho \u0111\u1ebfn khi c\u00f3 tr\u00e1i, \u0111\u1ea3m b\u1ea3o s\u1ef1 h\u00e0i l\u00f2ng c\u1ee7a kh\u00e1ch h\u00e0ng.<\/p>\n<h2><strong>Ti\u00eau Chu\u1ea9n C\u00e2y Gi\u1ed1ng T\u1ea1i Ph\u00fac An:<\/strong><\/h2>\n<ul>\n<li>C\u00e2y gh\u00e9p, chi\u1ec1u cao 60-70cm<\/li>\n<li>B\u1ea7u r\u1ec5 \u1ed5n \u0111\u1ecbnh, c\u00e2y c\u1ee9ng c\u00e1p, \u0111\u00e3 x\u1ea3 n\u1eafng<\/li>\n<li>Kh\u00f4ng c\u00f3 d\u1ea5u hi\u1ec7u s\u00e2u b\u1ec7nh, b\u1ed9 l\u00e1 xanh t\u1ed1t<\/li>\n<\/ul>\n<p>C\u00e2y tr\u1ea3i qua quy tr\u00ecnh nh\u00e2n gi\u1ed1ng, d\u01b0\u1ee1ng c\u00e2y con, x\u1ea3 n\u1eafng ho\u00e0n ch\u1ec9nh. \u0110\u1ebfn tay c\u00f4 b\u00e1c s\u1ebd l\u00e0 t\u1eebng c\u00e2y \u0111\u00e3 c\u1ee9ng c\u00e1p \u0111\u00e3 ra c\u01a1i ch\u1ed3i m\u1edbi.<br \/>\nQu\u00fd c\u00f4 b\u00e1c c\u00f3 th\u1ec3 li\u00ean h\u1ec7 tr\u1ef1c ti\u1ebfp qua SDT\/ Zalo 0962.888.014 (<a href=\"http:\/\/localhost\/phucan713\/\" target=\"_blank\" rel=\"noopener\">C\u00e2y Gi\u1ed1ng Ph\u00fac An<\/a>) \u0111\u1ec3 ch\u00fang t\u00f4i t\u01b0 v\u1ea5n v\u00e0 b\u00e1o gi\u00e1 c\u1ee5 th\u1ec3. Xin c\u1ea3m \u01a1n qu\u00fd c\u00f4 b\u00e1c \u0111\u00e3 \u0111\u1eb7t ni\u1ec1m tin v\u1edbi nh\u00e0 v\u01b0\u1eddn.<\/p>\n<p>&gt;&gt; M\u1eddi b\u1ea1n \u0111\u1ecdc th\u00eam: <a href=\"https:\/\/www.vinmec.com\/vie\/bai-viet\/cong-dung-cua-trai-chum-ruot-vi\" target=\"_blank\" rel=\"noopener\"><span style=\"color: #000080;\"><em><strong>C\u00f4ng d\u1ee5ng c\u1ee7a tr\u00e1i ch\u00f9m ru\u1ed9t<\/strong><\/em><\/span><\/a><\/p>\n","protected":false},"excerpt":{"rendered":"<p>* Gi\u00e1 tham kh\u1ea3o cho s\u1ed1 l\u01b0\u1ee3ng t\u1eeb 30 c\u00e2y, c\u00f3 th\u1ec3 thay \u0111\u1ed5i theo th\u1eddi \u0111i\u1ec3m<br \/>\n* Ch\u01b0a bao g\u1ed3m ph\u00ed v\u1eadn chuy\u1ec3n (t\u00f9y theo s\u1ed1 l\u01b0\u1ee3ng c\u00e2y v\u00e0 \u0111\u1ecba \u0111i\u1ec3m giao h\u00e0ng)<\/p>\n","protected":false},"featured_media":3809,"comment_status":"open","ping_status":"closed","template":"","meta":[],"product_brand":[],"product_cat":[35,37],"product_tag":[],"class_list":{"0":"post-3649","1":"product","2":"type-product","3":"status-publish","4":"has-post-thumbnail","6":"product_cat-san-pham-giong-cay-an-trai","7":"product_cat-cay-giong-khac","9":"first","10":"instock","11":"shipping-taxable","12":"purchasable","13":"product-type-simple"},"_links":{"self":[{"href":"https:\/\/ktech4.k-tech-services.com\/phucan713\/wp-json\/wp\/v2\/product\/3649","targetHints":{"allow":["GET"]}}],"collection":[{"href":"https:\/\/ktech4.k-tech-services.com\/phucan713\/wp-json\/wp\/v2\/product"}],"about":[{"href":"https:\/\/ktech4.k-tech-services.com\/phucan713\/wp-json\/wp\/v2\/types\/product"}],"replies":[{"embeddable":true,"href":"https:\/\/ktech4.k-tech-services.com\/phucan713\/wp-json\/wp\/v2\/comments?post=3649"}],"wp:featuredmedia":[{"embeddable":true,"href":"https:\/\/ktech4.k-tech-services.com\/phucan713\/wp-json\/wp\/v2\/media\/3809"}],"wp:attachment":[{"href":"https:\/\/ktech4.k-tech-services.com\/phucan713\/wp-json\/wp\/v2\/media?parent=3649"}],"wp:term":[{"taxonomy":"product_brand","embeddable":true,"href":"https:\/\/ktech4.k-tech-services.com\/phucan713\/wp-json\/wp\/v2\/product_brand?post=3649"},{"taxonomy":"product_cat","embeddable":true,"href":"https:\/\/ktech4.k-tech-services.com\/phucan713\/wp-json\/wp\/v2\/product_cat?post=3649"},{"taxonomy":"product_tag","embeddable":true,"href":"https:\/\/ktech4.k-tech-services.com\/phucan713\/wp-json\/wp\/v2\/product_tag?post=3649"}],"curies":[{"name":"wp","href":"https:\/\/api.w.org\/{rel}","templated":true}]}}