{"id":3651,"date":"2025-05-30T21:07:21","date_gmt":"2025-05-30T14:07:21","guid":{"rendered":"https:\/\/caygiongphucan.com\/?post_type=product&amp;p=3651"},"modified":"2025-05-30T21:07:21","modified_gmt":"2025-05-30T14:07:21","slug":"giong-cherry-brazil","status":"publish","type":"product","link":"https:\/\/ktech4.k-tech-services.com\/phucan713\/san-pham\/giong-cherry-brazil\/","title":{"rendered":"Gi\u1ed1ng Cherry Brazil"},"content":{"rendered":"<p>Gi\u1ed1ng Cherry Brazil l\u00e0 m\u1ed9t trong nh\u1eefng lo\u1ea1i c\u00e2y tr\u1ed3ng mang l\u1ea1i gi\u00e1 tr\u1ecb kinh t\u1ebf cao, \u0111ang \u0111\u01b0\u1ee3c nhi\u1ec1u nh\u00e0 v\u01b0\u1eddn v\u00e0 nh\u00e0 \u0111\u1ea7u t\u01b0 n\u00f4ng nghi\u1ec7p quan t\u00e2m. C\u00e2y kh\u00f4ng ch\u1ec9 cho tr\u00e1i ngon, ng\u1ecdt m\u00e0 c\u00f2n mang l\u1ea1i ngu\u1ed3n thu nh\u1eadp \u1ed5n \u0111\u1ecbnh cho ng\u01b0\u1eddi tr\u1ed3ng. B\u00e0i vi\u1ebft n\u00e0y s\u1ebd cung c\u1ea5p th\u00f4ng tin chi ti\u1ebft v\u1ec1 ngu\u1ed3n g\u1ed1c, \u0111\u1eb7c \u0111i\u1ec3m, c\u00e1ch tr\u1ed3ng v\u00e0 ch\u0103m s\u00f3c, \u0111\u1ebfn \u0111\u1ecba ch\u1ec9 mua c\u00e2y <strong>gi\u1ed1ng cherry Brazil<\/strong>\u00a0uy t\u00edn, gi\u00fap b\u1ea1n \u0111\u1ea7u t\u01b0 hi\u1ec7u qu\u1ea3.<\/p>\n<h2><strong>Ngu\u1ed3n G\u1ed1c C\u00e2y Cherry Brazil<\/strong><\/h2>\n<p>C\u00e2y cherry Brazil, hay c\u00f2n \u0111\u01b0\u1ee3c bi\u1ebft \u0111\u1ebfn v\u1edbi t\u00ean khoa h\u1ecdc l\u00e0 <strong>Grumichama<\/strong>, c\u00f3 ngu\u1ed3n g\u1ed1c t\u1eeb c\u00e1c v\u00f9ng nhi\u1ec7t \u0111\u1edbi v\u00e0 c\u1eadn nhi\u1ec7t \u0111\u1edbi c\u1ee7a Nam M\u1ef9, \u0111\u1eb7c bi\u1ec7t l\u00e0 \u1edf Brazil. \u0110\u00e2y l\u00e0 lo\u1ea1i c\u00e2y \u0103n tr\u00e1i thu\u1ed9c h\u1ecd Myrtaceae, \u0111\u01b0\u1ee3c tr\u1ed3ng ph\u1ed5 bi\u1ebfn \u1edf c\u00e1c qu\u1ed1c gia c\u00f3 kh\u00ed h\u1eadu \u1ea5m \u00e1p nh\u01b0 Brazil, Paraguay, Uruguay v\u00e0 m\u1ed9t s\u1ed1 v\u00f9ng c\u1ee7a Argentina.<\/p>\n<p>Cherry Brazil \u0111\u01b0\u1ee3c du nh\u1eadp v\u00e0o Vi\u1ec7t Nam trong nh\u1eefng n\u0103m g\u1ea7n \u0111\u00e2y v\u00e0 nhanh ch\u00f3ng tr\u1edf th\u00e0nh m\u1ed9t trong nh\u1eefng gi\u1ed1ng c\u00e2y tr\u1ed3ng \u0111\u01b0\u1ee3c \u01b0a chu\u1ed9ng nh\u1edd h\u01b0\u01a1ng v\u1ecb th\u01a1m ngon, \u0111\u1ed9c \u0111\u00e1o v\u00e0 gi\u00e1 tr\u1ecb dinh d\u01b0\u1ee1ng cao. Sau qu\u00e1 tr\u00ecnh nghi\u00ean c\u1ee9u v\u00e0 c\u1ea3i ti\u1ebfn, gi\u1ed1ng cherry Brazil \u0111\u00e3 \u0111\u01b0\u1ee3c th\u01b0\u01a1ng m\u1ea1i h\u00f3a v\u00e0 tr\u1edf th\u00e0nh m\u1ed9t trong nh\u1eefng lo\u1ea1i c\u00e2y tr\u1ed3ng c\u00f3 gi\u00e1 tr\u1ecb kinh t\u1ebf cao, \u0111\u1eb7c bi\u1ec7t ph\u00f9 h\u1ee3p v\u1edbi c\u00e1c v\u00f9ng c\u00f3 kh\u00ed h\u1eadu nhi\u1ec7t \u0111\u1edbi v\u00e0 c\u1eadn nhi\u1ec7t \u0111\u1edbi.<\/p>\n<h2><strong>\u0110\u1eb7c \u0110i\u1ec3m Gi\u1ed1ng Cherry Brazil<\/strong><\/h2>\n<p>Cherry Brazil l\u00e0 m\u1ed9t lo\u1ea1i c\u00e2y th\u00e2n g\u1ed7, kh\u00f4ng ch\u1ec9 \u0111\u01b0\u1ee3c tr\u1ed3ng \u0111\u1ec3 l\u1ea5y tr\u00e1i m\u00e0 c\u00f2n \u0111\u01b0\u1ee3c s\u1eed d\u1ee5ng l\u00e0m c\u00e2y c\u1ea3nh quan nh\u1edd v\u1ebb \u0111\u1eb9p \u0111\u1ed9c \u0111\u00e1o v\u00e0 t\u00e1n l\u00e1 xanh m\u01b0\u1edbt. D\u01b0\u1edbi \u0111\u00e2y l\u00e0 nh\u1eefng \u0111\u1eb7c \u0111i\u1ec3m n\u1ed5i b\u1eadt c\u1ee7a gi\u1ed1ng c\u00e2y n\u00e0y:<\/p>\n<p>H\u00ecnh d\u00e1ng: C\u00e2y cherry Brazil th\u00e2n g\u1ed7, ph\u00e1t tri\u1ec3n ch\u1ee7 y\u1ebfu theo chi\u1ec1u th\u1eb3ng \u0111\u1ee9ng, c\u00f3 th\u1ec3 \u0111\u1ea1t chi\u1ec1u cao t\u1eeb <strong>7.5 &#8211; 10.5 m\u00e9t<\/strong>\u00a0khi tr\u01b0\u1edfng th\u00e0nh, t\u00f9y thu\u1ed9c v\u00e0o \u0111i\u1ec1u ki\u1ec7n ch\u0103m s\u00f3c v\u00e0 m\u00f4i tr\u01b0\u1eddng s\u1ed1ng.<\/p>\n<p>L\u00e1 c\u00e2y: C\u00f3 h\u00ecnh ovan d\u00e0i, k\u00edch th\u01b0\u1edbc kho\u1ea3ng <strong>9 -16 cm<\/strong>\u00a0chi\u1ec1u d\u00e0i v\u00e0 <strong>5 &#8211; 6 cm<\/strong>\u00a0chi\u1ec1u r\u1ed9ng. B\u1ec3 m\u1eb7t l\u00e1 \u0111\u01b0\u1ee3c bao ph\u1ee7 b\u1edfi m\u1ed9t l\u1edbp l\u00f4ng d\u00e0y v\u00e0 r\u00e1p \u1edf c\u1ea3 hai m\u1eb7t, nh\u01b0ng v\u1eabn gi\u1eef \u0111\u01b0\u1ee3c \u0111\u1ed9 b\u00f3ng t\u1ef1 nhi\u00ean.<\/p>\n<p>H\u00ecnh d\u00e1ng hoa: Hoa gi\u1ed1ng cherry Brazil c\u00f3 4 c\u00e1nh tr\u1eafng nh\u1ecf, tr\u00f4ng r\u1ea5t tinh t\u1ebf v\u00e0 thanh khi\u1ebft. B\u00ean ngo\u00e0i hoa c\u00f3 4 l\u00e1 b\u1eafc c\u1ee9ng v\u00e0 xanh, t\u1ea1o n\u00ean v\u1ebb \u0111\u1eb9p \u0111\u1ed9c \u0111\u00e1o.<\/p>\n<p>Tr\u00e1i: Tr\u00e1i cherry Brazil c\u00f3 h\u00ecnh tr\u00f2n, nh\u1ecf, \u0111\u01b0\u1eddng k\u00ednh kho\u1ea3ng <strong>2-3 cm<\/strong>. Khi ch\u00edn, tr\u00e1i chuy\u1ec3n t\u1eeb m\u00e0u xanh sang m\u00e0u \u0111\u1ecf t\u01b0\u01a1i ho\u1eb7c \u0111\u1ecf s\u1eabm, v\u1ecf m\u1ecfng v\u00e0 b\u00f3ng. V\u1ecb ng\u1ecdt thanh, th\u01a1m m\u00e1t, gi\u00e0u dinh d\u01b0\u1ee1ng, \u0111\u1eb7c bi\u1ec7t l\u00e0 vitamin C v\u00e0 ch\u1ea5t ch\u1ed1ng oxy h\u00f3a.<\/p>\n<h2><strong>Gi\u1ed1ng Cherry Brazil Tr\u1ed3ng Bao L\u00e2u C\u00f3 Tr\u00e1i Thu Ho\u1ea1ch?<\/strong><\/h2>\n<p>C\u00e2y cherry Brazil th\u01b0\u1eddng b\u1eaft \u0111\u1ea7u cho tr\u00e1i sau kho\u1ea3ng <strong>3 &#8211; 5 n\u0103m<\/strong>\u00a0tr\u1ed3ng, t\u00f9y thu\u1ed9c v\u00e0o nhi\u1ec1u y\u1ebfu t\u1ed1 nh\u01b0 \u0111i\u1ec1u ki\u1ec7n ch\u0103m s\u00f3c, kh\u00ed h\u1eadu v\u00e0 ch\u1ea5t l\u01b0\u1ee3ng c\u00e2y gi\u1ed1ng. Trong giai \u0111o\u1ea1n \u0111\u1ea7u, c\u00e2y c\u1ea7n \u0111\u01b0\u1ee3c ch\u0103m s\u00f3c t\u1ed1t \u0111\u1ec3 ph\u00e1t tri\u1ec3n b\u1ed9 r\u1ec5 v\u00e0 t\u00e1n l\u00e1 kh\u1ecfe m\u1ea1nh, t\u1ea1o ti\u1ec1n \u0111\u1ec1 cho vi\u1ec7c ra hoa v\u00e0 k\u1ebft tr\u00e1i.<\/p>\n<p>N\u1ebfu \u0111\u01b0\u1ee3c tr\u1ed3ng trong m\u00f4i tr\u01b0\u1eddng l\u00fd t\u01b0\u1edfng v\u1edbi \u0111\u1ee7 \u00e1nh s\u00e1ng, \u0111\u1ea5t gi\u00e0u dinh d\u01b0\u1ee1ng v\u00e0 ch\u1ebf \u0111\u1ed9 t\u01b0\u1edbi n\u01b0\u1edbc h\u1ee3p l\u00fd, c\u00e2y c\u00f3 th\u1ec3 r\u00fat ng\u1eafn th\u1eddi gian cho tr\u00e1i. \u0110\u1ed1i v\u1edbi c\u00e2y gh\u00e9p, th\u1eddi gian ra tr\u00e1i c\u00f3 th\u1ec3 s\u1edbm h\u01a1n, kho\u1ea3ng <strong>2 &#8211; 3 n\u0103m<\/strong>.<\/p>\n<h2><strong>T\u1eeb L\u00fac Ra Hoa \u0110\u1ebfn Khi Thu Ho\u1ea1ch C\u00e2y Cherry Brazil Kho\u1ea3ng Bao L\u00e2u?<\/strong><\/h2>\n<p>Sau khi ra hoa, c\u00e2y cherry Brazil c\u1ea7n kho\u1ea3ng <strong>60 &#8211; 90 ng\u00e0y<\/strong>\u00a0\u0111\u1ec3 tr\u00e1i ch\u00edn v\u00e0 s\u1eb5n s\u00e0ng thu ho\u1ea1ch. Th\u1eddi gian n\u00e0y c\u00f3 th\u1ec3 thay \u0111\u1ed5i t\u00f9y thu\u1ed9c v\u00e0o \u0111i\u1ec1u ki\u1ec7n kh\u00ed h\u1eadu, th\u1ed5 nh\u01b0\u1ee1ng v\u00e0 ph\u01b0\u01a1ng ph\u00e1p ch\u0103m s\u00f3c. Giai \u0111o\u1ea1n n\u00e0y c\u00e2y c\u1ea7n \u0111\u01b0\u1ee3c cung c\u1ea5p \u0111\u1ee7 n\u01b0\u1edbc v\u00e0 d\u01b0\u1ee1ng ch\u1ea5t \u0111\u1ec3 \u0111\u1ea3m b\u1ea3o ch\u1ea5t l\u01b0\u1ee3ng. Tr\u00e1i cherry Brazil ch\u00edn c\u00f3 m\u00e0u \u0111\u1ecf s\u1eadm ho\u1eb7c t\u00edm \u0111\u1eadm, v\u1ecb ng\u1ecdt thanh, th\u01a1m ngon. Khi ch\u00edn, tr\u00e1i d\u1ec5 r\u1ee5ng n\u00ean c\u1ea7n theo d\u00f5i k\u1ef9 \u0111\u1ec3 thu ho\u1ea1ch \u0111\u00fang th\u1eddi \u0111i\u1ec3m, tr\u00e1nh th\u1ea5t tho\u00e1t s\u1ea3n l\u01b0\u1ee3ng.<\/p>\n<h2><strong>N\u0103ng Su\u1ea5t Gi\u1ed1ng Cherry Brazil<\/strong><\/h2>\n<p>V\u1edbi \u0111i\u1ec1u ki\u1ec7n ch\u0103m s\u00f3c t\u1ed1t, trung b\u00ecnh m\u1ed7i c\u00e2y cherry Brazil c\u00f3 th\u1ec3 cho thu ho\u1ea1ch t\u1eeb \u00a0<strong>10 &#8211; 15 kg tr\u00e1i\/n\u0103m<\/strong>. N\u0103ng su\u1ea5t cao c\u00f9ng gi\u00e1 b\u00e1n \u1ed5n \u0111\u1ecbnh gi\u00fap mang l\u1ea1i ngu\u1ed3n thu nh\u1eadp \u0111\u00e1ng k\u1ec3 cho b\u00e0 con n\u00f4ng d\u00e2n.<\/p>\n<h2><strong>Kh\u00ed H\u1eadu V\u00e0 \u0110\u1ea5t Tr\u1ed3ng Th\u00edch H\u1ee3p V\u1edbi Gi\u1ed1ng Cherry Brazil<\/strong><\/h2>\n<p>Cherry Brazil l\u00e0 lo\u1ea1i c\u00e2y c\u00f3 ngu\u1ed3n g\u1ed1c t\u1eeb v\u00f9ng nhi\u1ec7t \u0111\u1edbi v\u00e0 c\u1eadn nhi\u1ec7t \u0111\u1edbi, v\u00ec v\u1eady ch\u00fang th\u00edch nghi t\u1ed1t v\u1edbi \u0111i\u1ec1u ki\u1ec7n kh\u00ed h\u1eadu \u1ea5m \u00e1p v\u00e0 \u0111\u1ea5t \u0111ai m\u00e0u m\u1ee1. \u0110\u1ec3 c\u00e2y ph\u00e1t tri\u1ec3n kh\u1ecfe m\u1ea1nh v\u00e0 cho n\u0103ng su\u1ea5t cao, b\u00e0 con c\u1ea7n l\u01b0u \u00fd c\u00e1c y\u1ebfu t\u1ed1 v\u1ec1 kh\u00ed h\u1eadu v\u00e0 \u0111\u1ea5t tr\u1ed3ng ph\u00f9 h\u1ee3p.<\/p>\n<p>Kh\u00ed h\u1eadu: nhi\u1ec7t \u0111\u1edbi v\u00e0 c\u1eadn nhi\u1ec7t \u0111\u1edbi, v\u1edbi kho\u1ea3ng nhi\u1ec7t \u0111\u1ed9 t\u1eeb <strong>20 &#8211; 30\u00b0C<\/strong>. C\u00e2y c\u00f3 th\u1ec3 ch\u1ecbu \u0111\u01b0\u1ee3c nhi\u1ec7t \u0111\u1ed9 cao h\u01a1n nh\u01b0ng kh\u00f4ng th\u00edch h\u1ee3p v\u1edbi kh\u00ed h\u1eadu qu\u00e1 l\u1ea1nh, \u0111\u1eb7c bi\u1ec7t l\u00e0 nhi\u1ec7t \u0111\u1ed9 d\u01b0\u1edbi <strong>10\u00b0C<\/strong>.<\/p>\n<p>\u0110\u1ea5t tr\u1ed3ng th\u00edch h\u1ee3p: c\u00e1c lo\u1ea1i \u0111\u1ea5t t\u01a1i x\u1ed1p, gi\u00e0u dinh d\u01b0\u1ee1ng v\u00e0 c\u00f3 kh\u1ea3 n\u0103ng tho\u00e1t n\u01b0\u1edbc t\u1ed1t, c\u1ea7n gi\u1eef \u0111\u01b0\u1ee3c \u0111\u1ed9 \u1ea9m v\u1eeba ph\u1ea3i, tr\u00e1nh t\u00ecnh tr\u1ea1ng ng\u1eadp \u00fang ho\u1eb7c kh\u00f4 h\u1ea1n k\u00e9o d\u00e0i. \u0110\u1ed9 pH dao \u0111\u1ed9ng t\u1eeb <strong>5.5 &#8211; 6.5. <\/strong>\u0110\u1ea5t pha c\u00e1t ho\u1eb7c \u0111\u1ea5t th\u1ecbt nh\u1eb9 l\u00e0 l\u1ef1a ch\u1ecdn l\u00fd t\u01b0\u1edfng.<\/p>\n<h2><strong>Kho\u1ea3ng C\u00e1ch Tr\u1ed3ng C\u00e2y Cherry Brazil<\/strong><\/h2>\n<p>Kho\u1ea3ng c\u00e1ch tr\u1ed3ng l\u00e0 m\u1ed9t y\u1ebfu t\u1ed1 quan tr\u1ecdng \u1ea3nh h\u01b0\u1edfng tr\u1ef1c ti\u1ebfp \u0111\u1ebfn s\u1ef1 ph\u00e1t tri\u1ec3n, n\u0103ng su\u1ea5t v\u00e0 ch\u1ea5t l\u01b0\u1ee3ng tr\u00e1i c\u1ee7a gi\u1ed1ng c\u00e2y cherry Brazil. Vi\u1ec7c b\u1ed1 tr\u00ed kho\u1ea3ng c\u00e1ch h\u1ee3p l\u00fd gi\u00fap c\u00e2y c\u00f3 \u0111\u1ee7 kh\u00f4ng gian \u0111\u1ec3 ph\u00e1t tri\u1ec3n b\u1ed9 r\u1ec5, t\u00e1n l\u00e1 v\u00e0 h\u1ea5p th\u1ee5 \u00e1nh s\u00e1ng, \u0111\u1ed3ng th\u1eddi t\u1ea1o \u0111i\u1ec1u ki\u1ec7n thu\u1eadn l\u1ee3i cho vi\u1ec7c ch\u0103m s\u00f3c v\u00e0 thu ho\u1ea1ch.<\/p>\n<p>Kho\u1ea3ng c\u00e1ch tr\u1ed3ng gi\u1eefa c\u00e1c c\u00e2y cherry Brazil n\u00ean dao \u0111\u1ed9ng t\u1eeb <strong>3 &#8211; 4 m\u00e9t<\/strong>, gi\u1eefa c\u00e1c h\u00e0ng n\u00ean t\u1eeb <strong>4 &#8211; 5 m\u00e9t<\/strong>\u00a0\u0111\u1ec3 \u0111\u1ea3m b\u1ea3o kh\u00f4ng gian cho vi\u1ec7c di chuy\u1ec3n, ch\u0103m s\u00f3c v\u00e0 thu ho\u1ea1ch.<\/p>\n<h2><strong>C\u00e1ch Ch\u0103m S\u00f3c C\u00e2y Cherry Brazil V\u00e0 C\u00e1c L\u01b0u \u00dd<\/strong><\/h2>\n<p>\u0110\u1ec3 gi\u1ed1ng c\u00e2y Cherry Brazil ph\u00e1t tri\u1ec3n t\u1ed1t v\u00e0 cho n\u0103ng su\u1ea5t cao, c\u1ea7n l\u01b0u \u00fd m\u1ed9t s\u1ed1 y\u1ebfu t\u1ed1 quan tr\u1ecdng trong qu\u00e1 tr\u00ecnh ch\u0103m s\u00f3c:<\/p>\n<p>T\u01b0\u1edbi n\u01b0\u1edbc: c\u1ea7n t\u01b0\u1edbi n\u01b0\u1edbc \u0111\u1ec1u \u0111\u1eb7n \u0111\u1ec3 gi\u1eef \u1ea9m cho \u0111\u1ea5t, gi\u00fap c\u00e2y ph\u00e1t tri\u1ec3n b\u1ed9 r\u1ec5 kh\u1ecfe m\u1ea1nh. Giai \u0111o\u1ea1n ra hoa v\u00e0 \u0111\u1eadu tr\u00e1i, t\u0103ng c\u01b0\u1eddng t\u01b0\u1edbi n\u01b0\u1edbc \u0111\u1ec3 \u0111\u1ea3m b\u1ea3o c\u00e2y kh\u00f4ng b\u1ecb thi\u1ebfu n\u01b0\u1edbc, \u0111\u1eb7c bi\u1ec7t trong m\u00f9a kh\u00f4 h\u1ea1n. Tuy nhi\u00ean, c\u1ea7n l\u01b0u \u00fd tr\u00e1nh t\u01b0\u1edbi qu\u00e1 nhi\u1ec1u g\u00e2y ng\u1eadp \u00fang, \u1ea3nh h\u01b0\u1edfng \u0111\u1ebfn b\u1ed9 r\u1ec5.<\/p>\n<p>B\u00f3n ph\u00e2n: b\u00f3n l\u00f3t ph\u00e2n h\u1eefu c\u01a1 (ph\u00e2n chu\u1ed3ng hoai m\u1ee5c, ph\u00e2n tr\u00f9n qu\u1ebf) khi tr\u1ed3ng c\u00e2y \u0111\u1ec3 cung c\u1ea5p dinh d\u01b0\u1ee1ng l\u00e2u d\u00e0i. S\u1eed d\u1ee5ng ph\u00e2n NPK c\u00e2n \u0111\u1ed1i \u0111\u1ec3 b\u00f3n th\u00fac trong c\u00e1c giai \u0111o\u1ea1n sinh tr\u01b0\u1edfng.<\/p>\n<p>Ph\u00f2ng tr\u1eeb s\u00e2u b\u1ec7nh: cherry Brazil \u00edt b\u1ecb s\u00e2u b\u1ec7nh nh\u01b0ng c\u00f3 th\u1ec3 g\u1eb7p m\u1ed9t s\u1ed1 v\u1ea5n \u0111\u1ec1 nh\u01b0 n\u1ea5m m\u1ed1c, r\u1ec7p s\u00e1p v\u00e0 s\u00e2u \u0111\u1ee5c th\u00e2n. Do \u0111\u00f3, c\u1ea7n th\u01b0\u1eddng xuy\u00ean ki\u1ec3m tra v\u01b0\u1eddn \u0111\u1ec3 ph\u00e1t hi\u1ec7n v\u00e0 ph\u00f2ng tr\u1eeb s\u00e2u b\u1ec7nh s\u1edbm. S\u1eed d\u1ee5ng thu\u1ed1c b\u1ea3o v\u1ec7 th\u1ef1c v\u1eadt sinh h\u1ecdc ho\u1eb7c h\u00f3a h\u1ecdc khi c\u1ea7n thi\u1ebft, tu\u00e2n th\u1ee7 h\u01b0\u1edbng d\u1eabn s\u1eed d\u1ee5ng \u0111\u1ec3 \u0111\u1ea3m b\u1ea3o an to\u00e0n. D\u1ecdn d\u1eb9p v\u01b0\u1eddn s\u1ea1ch s\u1ebd, lo\u1ea1i b\u1ecf l\u00e1 v\u00e0 c\u00e0nh b\u1ecb b\u1ec7nh \u0111\u1ec3 tr\u00e1nh l\u00e2y lan.<\/p>\n<h2><strong>Gi\u00e1 C\u00e2y Gi\u1ed1ng Cherry Brazil<\/strong><\/h2>\n<p>Gi\u00e1 c\u00e2y gi\u1ed1ng cherry Brazil t\u1ea1i v\u01b0\u1eddn Ph\u00fac An dao \u0111\u1ed9ng t\u1eeb <strong>70.000 &#8211; 80.000 \u0111\u1ed3ng\/c\u00e2y<\/strong>\u00a0theo gi\u00e1 s\u1ec9. T\u00f9y theo s\u1ed1 l\u01b0\u1ee3ng v\u00e0 th\u1eddi \u0111i\u1ec3m \u0111\u1eb7t h\u00e0ng, gi\u00e1 c\u00f3 th\u1ec3 thay \u0111\u1ed5i. Ch\u00fang t\u00f4i cam k\u1ebft mang \u0111\u1ebfn c\u00e2y gi\u1ed1ng ch\u1ea5t l\u01b0\u1ee3ng v\u1edbi gi\u00e1 c\u1ea3 ph\u1ea3i ch\u0103ng.<\/p>\n<h2><strong>Mua C\u00e2y Gi\u1ed1ng Cherry Brazil \u1ede \u0110\u00e2u Ch\u1ea5t L\u01b0\u1ee3ng?<\/strong><\/h2>\n<p><em>C\u00e2y gi\u1ed1ng Ph\u00fac An<\/em>\u00a0l\u00e0 \u0111\u1ecba ch\u1ec9 uy t\u00edn cung c\u1ea5p c\u00e2y gi\u1ed1ng cherry Brazil ch\u1ea5t l\u01b0\u1ee3ng cao. C\u00e2y gi\u1ed1ng \u0111\u01b0\u1ee3c b\u1ea3o h\u00e0nh \u0111\u00fang gi\u1ed1ng cho \u0111\u1ebfn khi c\u00f3 tr\u00e1i, \u0111\u1ea3m b\u1ea3o s\u1ef1 h\u00e0i l\u00f2ng c\u1ee7a kh\u00e1ch h\u00e0ng.<\/p>\n<h2><strong>Ti\u00eau Chu\u1ea9n C\u00e2y Gi\u1ed1ng T\u1ea1i Ph\u00fac An:<\/strong><\/h2>\n<ul>\n<li>C\u00e2y gh\u00e9p, chi\u1ec1u cao t\u1eeb <strong>70-80cm<\/strong>.<\/li>\n<li>B\u1ea7u r\u1ec5 \u1ed5n \u0111\u1ecbnh, c\u00e2y c\u1ee9ng c\u00e1p, \u0111\u00e3 x\u1ea3 n\u1eafng.<\/li>\n<li>Kh\u00f4ng c\u00f3 d\u1ea5u hi\u1ec7u s\u00e2u b\u1ec7nh, b\u1ed9 l\u00e1 xanh t\u1ed1t.<\/li>\n<\/ul>\n<p>C\u00e2y tr\u1ea3i qua quy tr\u00ecnh nh\u00e2n gi\u1ed1ng, d\u01b0\u1ee1ng c\u00e2y con, x\u1ea3 n\u1eafng ho\u00e0n ch\u1ec9nh. \u0110\u1ebfn tay c\u00f4 b\u00e1c s\u1ebd l\u00e0 t\u1eebng c\u00e2y \u0111\u00e3 c\u1ee9ng c\u00e1p \u0111\u00e3 ra c\u01a1i ch\u1ed3i m\u1edbi.<br \/>\nQu\u00fd c\u00f4 b\u00e1c c\u00f3 th\u1ec3 li\u00ean h\u1ec7 tr\u1ef1c ti\u1ebfp qua SDT\/ Zalo 0962.888.014 (<a href=\"http:\/\/localhost\/phucan713\/\" target=\"_blank\" rel=\"noopener\">C\u00e2y Gi\u1ed1ng Ph\u00fac An<\/a>) \u0111\u1ec3 ch\u00fang t\u00f4i t\u01b0 v\u1ea5n v\u00e0 b\u00e1o gi\u00e1 c\u1ee5 th\u1ec3. Xin c\u1ea3m \u01a1n qu\u00fd c\u00f4 b\u00e1c \u0111\u00e3 \u0111\u1eb7t ni\u1ec1m tin v\u1edbi nh\u00e0 v\u01b0\u1eddn.<\/p>\n<p>&gt;&gt; M\u1eddi b\u1ea1n \u0111\u1ecdc th\u00eam:\u00a0<a href=\"https:\/\/nongnghiepmoitruong.vn\/cherry-nam-my-thich-nghi-xu-dua-d246431.html\" target=\"_blank\" rel=\"noopener\"><span style=\"color: #000080;\"><em><strong>Cherry Nam M\u1ef9 th\u00edch nghi x\u1ee9 D\u1eeba<\/strong><\/em><\/span><\/a><\/p>\n","protected":false},"excerpt":{"rendered":"<p>* Gi\u00e1 tham kh\u1ea3o cho s\u1ed1 l\u01b0\u1ee3ng t\u1eeb 30 c\u00e2y, c\u00f3 th\u1ec3 thay \u0111\u1ed5i theo th\u1eddi \u0111i\u1ec3m<br \/>\n* Ch\u01b0a bao g\u1ed3m ph\u00ed v\u1eadn chuy\u1ec3n (t\u00f9y theo s\u1ed1 l\u01b0\u1ee3ng c\u00e2y v\u00e0 \u0111\u1ecba \u0111i\u1ec3m giao h\u00e0ng)<\/p>\n","protected":false},"featured_media":3778,"comment_status":"open","ping_status":"closed","template":"","meta":[],"product_brand":[],"product_cat":[35,37],"product_tag":[],"class_list":{"0":"post-3651","1":"product","2":"type-product","3":"status-publish","4":"has-post-thumbnail","6":"product_cat-san-pham-giong-cay-an-trai","7":"product_cat-cay-giong-khac","9":"first","10":"instock","11":"shipping-taxable","12":"purchasable","13":"product-type-simple"},"_links":{"self":[{"href":"https:\/\/ktech4.k-tech-services.com\/phucan713\/wp-json\/wp\/v2\/product\/3651","targetHints":{"allow":["GET"]}}],"collection":[{"href":"https:\/\/ktech4.k-tech-services.com\/phucan713\/wp-json\/wp\/v2\/product"}],"about":[{"href":"https:\/\/ktech4.k-tech-services.com\/phucan713\/wp-json\/wp\/v2\/types\/product"}],"replies":[{"embeddable":true,"href":"https:\/\/ktech4.k-tech-services.com\/phucan713\/wp-json\/wp\/v2\/comments?post=3651"}],"wp:featuredmedia":[{"embeddable":true,"href":"https:\/\/ktech4.k-tech-services.com\/phucan713\/wp-json\/wp\/v2\/media\/3778"}],"wp:attachment":[{"href":"https:\/\/ktech4.k-tech-services.com\/phucan713\/wp-json\/wp\/v2\/media?parent=3651"}],"wp:term":[{"taxonomy":"product_brand","embeddable":true,"href":"https:\/\/ktech4.k-tech-services.com\/phucan713\/wp-json\/wp\/v2\/product_brand?post=3651"},{"taxonomy":"product_cat","embeddable":true,"href":"https:\/\/ktech4.k-tech-services.com\/phucan713\/wp-json\/wp\/v2\/product_cat?post=3651"},{"taxonomy":"product_tag","embeddable":true,"href":"https:\/\/ktech4.k-tech-services.com\/phucan713\/wp-json\/wp\/v2\/product_tag?post=3651"}],"curies":[{"name":"wp","href":"https:\/\/api.w.org\/{rel}","templated":true}]}}