{"id":3654,"date":"2025-06-02T21:45:29","date_gmt":"2025-06-02T14:45:29","guid":{"rendered":"https:\/\/caygiongphucan.com\/?post_type=product&amp;p=3654"},"modified":"2025-06-02T21:45:29","modified_gmt":"2025-06-02T14:45:29","slug":"giong-du-du-thai-ruot-vang","status":"publish","type":"product","link":"https:\/\/ktech4.k-tech-services.com\/phucan713\/san-pham\/giong-du-du-thai-ruot-vang\/","title":{"rendered":"Gi\u1ed1ng \u0110u \u0110\u1ee7 Th\u00e1i Ru\u1ed9t V\u00e0ng"},"content":{"rendered":"<p>Gi\u1ed1ng \u0111u \u0111\u1ee7 Th\u00e1i ru\u1ed9t v\u00e0ng\u00a0ng\u00e0y c\u00e0ng chi\u1ebfm nhi\u1ec1u \u01b0u th\u1ebf tr\u00ean th\u1ecb tr\u01b0\u1eddng n\u00f4ng nghi\u1ec7p Vi\u1ec7t nh\u1edd n\u0103ng su\u1ea5t v\u01b0\u1ee3t tr\u1ed9i, ch\u1ea5t l\u01b0\u1ee3ng tr\u00e1i\u00a0th\u01a1m ngon v\u00e0 kh\u1ea3 n\u0103ng th\u00edch nghi t\u1ed1t v\u1edbi nhi\u1ec1u lo\u1ea1i kh\u00ed h\u1eadu. \u0110\u00e2y l\u00e0 l\u1ef1a ch\u1ecdn ho\u00e0n h\u1ea3o cho nh\u1eefng ai mong mu\u1ed1n ph\u00e1t tri\u1ec3n m\u00f4 h\u00ecnh canh t\u00e1c hi\u1ec7u qu\u1ea3, thu v\u1ec1 l\u1ee3i nhu\u1eadn b\u1ec1n v\u1eefng. B\u00e0i vi\u1ebft n\u00e0y s\u1ebd cung c\u1ea5p th\u00f4ng tin chi ti\u1ebft v\u1ec1 gi\u1ed1ng \u0111u \u0111\u1ee7 Th\u00e1i ru\u1ed9t v\u00e0ng, t\u1eeb ngu\u1ed3n g\u1ed1c, \u0111\u1eb7c \u0111i\u1ec3m, c\u00e1ch tr\u1ed3ng v\u00e0 ch\u0103m s\u00f3c, \u0111\u1ebfn \u0111\u1ecba ch\u1ec9 mua c\u00e2y gi\u1ed1ng uy t\u00edn.<\/p>\n<h2><strong>Ngu\u1ed3n G\u1ed1c C\u00e2y \u0110u \u0110\u1ee7 Th\u00e1i Ru\u1ed9t V\u00e0ng<\/strong><\/h2>\n<p>Gi\u1ed1ng \u0111u \u0111\u1ee7 Th\u00e1i ru\u1ed9t v\u00e0ng c\u00f3 ngu\u1ed3n g\u1ed1c t\u1eeb Th\u00e1i Lan, n\u01a1i c\u00f3 n\u1ec1n n\u00f4ng nghi\u1ec7p ph\u00e1t tri\u1ec3n v\u00e0 nhi\u1ec1u gi\u1ed1ng c\u00e2y \u0103n tr\u00e1i\u00a0\u0111\u01b0\u1ee3c lai t\u1ea1o \u0111\u1ec3 n\u00e2ng cao n\u0103ng su\u1ea5t. T\u1ea1i Vi\u1ec7t Nam, gi\u1ed1ng \u0111u \u0111\u1ee7 n\u00e0y \u0111\u01b0\u1ee3c du nh\u1eadp v\u00e0 nhanh ch\u00f3ng lai t\u1ea1o \u0111\u1ec3 ph\u00f9 h\u1ee3p v\u1edbi kh\u00ed h\u1eadu v\u00e0 th\u1ed5 nh\u01b0\u1ee1ng c\u1ee7a nhi\u1ec1u v\u00f9ng mi\u1ec1n, mang l\u1ea1i n\u0103ng su\u1ea5t cao v\u00e0 ch\u1ea5t l\u01b0\u1ee3ng tr\u00e1i v\u01b0\u1ee3t tr\u1ed9i.<\/p>\n<h2><strong>\u0110\u1eb7c \u0110i\u1ec3m Gi\u1ed1ng \u0110u \u0110\u1ee7 Th\u00e1i Ru\u1ed9t V\u00e0ng<\/strong><\/h2>\n<p>Gi\u1ed1ng \u0111u \u0111\u1ee7 Th\u00e1i ru\u1ed9t v\u00e0ng s\u1edf h\u1eefu nhi\u1ec1u \u01b0u \u0111i\u1ec3m v\u01b0\u1ee3t tr\u1ed9i, gi\u00fap nh\u00e0 n\u00f4ng \u0111\u1ea1t hi\u1ec7u qu\u1ea3 cao trong canh t\u00e1c:<\/p>\n<p>Chi\u1ec1u cao c\u00e2y: C\u00e2y tr\u01b0\u1edfng th\u00e0nh cao t\u1eeb 2 &#8211; 3m, th\u00e2n th\u1eb3ng, kh\u00f4ng ph\u00e2n nh\u00e1nh.<\/p>\n<p>L\u00e1 c\u00e2y: B\u1ea3n l\u00e1 l\u1edbn, x\u1ebb th\u00f9y s\u00e2u, gi\u00fap c\u00e2y quang h\u1ee3p m\u1ea1nh m\u1ebd.<\/p>\n<p>Hoa: Hoa \u0111\u01a1n t\u00ednh, m\u00e0u tr\u1eafng ho\u1eb7c v\u00e0ng nh\u1ea1t, c\u00f3 m\u00f9i th\u01a1m nh\u1eb9.<\/p>\n<p>H\u00ecnh d\u00e1ng tr\u00e1i: Tr\u00e1i thon d\u00e0i, tr\u1ecdng l\u01b0\u1ee3ng trung b\u00ecnh t\u1eeb 1.5 &#8211; 3kg.<\/p>\n<p>Ru\u1ed9t tr\u00e1i: M\u00e0u v\u00e0ng cam r\u1ef1c r\u1ee1, th\u1ecbt d\u00e0y, \u00edt h\u1ea1t, v\u1ecb ng\u1ecdt thanh, th\u01a1m d\u1ecbu.<\/p>\n<p>Gi\u00e1 tr\u1ecb dinh d\u01b0\u1ee1ng: Ch\u1ee9a nhi\u1ec1u vitamin A, C, kho\u00e1ng ch\u1ea5t nh\u01b0 kali, magie v\u00e0 enzyme papain t\u1ed1t cho h\u1ec7 ti\u00eau h\u00f3a.<\/p>\n<p>C\u00f4ng d\u1ee5ng: \u0110\u01b0\u1ee3c d\u00f9ng \u0111\u1ec3 \u0103n t\u01b0\u01a1i, l\u00e0m sinh t\u1ed1, ch\u1ebf bi\u1ebfn m\u00f3n \u0103n ho\u1eb7c l\u00e0m nguy\u00ean li\u1ec7u cho c\u00f4ng nghi\u1ec7p th\u1ef1c ph\u1ea9m.<\/p>\n<p>Kh\u1ea3 n\u0103ng ch\u1ed1ng ch\u1ecbu: C\u00e2y c\u00f3 s\u1ee9c \u0111\u1ec1 kh\u00e1ng cao, \u00edt s\u00e2u b\u1ec7nh, th\u00edch nghi t\u1ed1t v\u1edbi nhi\u1ec1u \u0111i\u1ec1u ki\u1ec7n kh\u00ed h\u1eadu kh\u00e1c nhau.<\/p>\n<h2><strong>Gi\u1ed1ng \u0110u \u0110\u1ee7 Th\u00e1i Ru\u1ed9t V\u00e0ng Tr\u1ed3ng Bao L\u00e2u C\u00f3 Tr\u00e1i Thu Ho\u1ea1ch?<\/strong><\/h2>\n<p>\u0110u \u0111\u1ee7 Th\u00e1i ru\u1ed9t v\u00e0ng l\u00e0 m\u1ed9t trong nh\u1eefng gi\u1ed1ng c\u00e2y tr\u1ed3ng c\u00f3 th\u1eddi gian sinh tr\u01b0\u1edfng ng\u1eafn, cho thu ho\u1ea1ch nhanh ch\u00f3ng so v\u1edbi nhi\u1ec1u lo\u1ea1i c\u00e2y \u0103n tr\u00e1i\u00a0kh\u00e1c. Th\u1eddi gian t\u1eeb l\u00fac tr\u1ed3ng \u0111\u1ebfn khi c\u00e2y ra tr\u00e1i dao \u0111\u1ed9ng t\u1eeb <strong>6 &#8211; 8 th\u00e1ng<\/strong>, t\u00f9y v\u00e0o \u0111i\u1ec1u ki\u1ec7n ch\u0103m s\u00f3c v\u00e0 kh\u00ed h\u1eadu. \u0110\u1ed1i v\u1edbi c\u00e1c m\u00f4 h\u00ecnh canh t\u00e1c chuy\u00ean nghi\u1ec7p, c\u00e2y c\u00f3 th\u1ec3 \u0111\u01b0\u1ee3c k\u00edch th\u00edch ra hoa s\u1edbm h\u01a1n b\u1eb1ng c\u00e1c k\u1ef9 thu\u1eadt n\u00f4ng nghi\u1ec7p hi\u1ec7n \u0111\u1ea1i.<\/p>\n<h2><strong>T\u1eeb L\u00fac Ra Hoa \u0110\u1ebfn Khi Thu Ho\u1ea1ch C\u00e2y \u0110u \u0110\u1ee7 Th\u00e1i Ru\u1ed9t V\u00e0ng Kho\u1ea3ng Bao L\u00e2u?<\/strong><\/h2>\n<p>T\u1eeb l\u00fac c\u00e2y \u0111u \u0111\u1ee7 Th\u00e1i ru\u1ed9t v\u00e0ng ra hoa \u0111\u1ebfn khi tr\u00e1i ch\u00edn v\u00e0 c\u00f3 th\u1ec3 thu ho\u1ea1ch th\u01b0\u1eddng m\u1ea5t kho\u1ea3ng <strong>3 \u0111\u1ebfn 4 th\u00e1ng<\/strong>. Trong su\u1ed1t giai \u0111o\u1ea1n n\u00e0y, \u0111i\u1ec1u ki\u1ec7n ch\u0103m s\u00f3c, dinh d\u01b0\u1ee1ng v\u00e0 th\u1eddi ti\u1ebft s\u1ebd \u1ea3nh h\u01b0\u1edfng tr\u1ef1c ti\u1ebfp \u0111\u1ebfn t\u1ed1c \u0111\u1ed9 ph\u00e1t tri\u1ec3n v\u00e0 ch\u1ea5t l\u01b0\u1ee3ng tr\u00e1i.<\/p>\n<h2><strong>N\u0103ng Su\u1ea5t Gi\u1ed1ng \u0110u \u0110\u1ee7 Th\u00e1i Ru\u1ed9t V\u00e0ng<\/strong><\/h2>\n<p>M\u1ed9t c\u00e2y \u0111u \u0111\u1ee7 Th\u00e1i ru\u1ed9t v\u00e0ng tr\u01b0\u1edfng th\u00e0nh (t\u1eeb 6-8 th\u00e1ng tu\u1ed5i) c\u00f3 th\u1ec3 cho thu ho\u1ea1ch t\u1eeb <strong>20 \u0111\u1ebfn 30 kg tr\u00e1i\/n\u0103m<\/strong>. V\u1edbi kho\u1ea3ng c\u00e1ch tr\u1ed3ng l\u00fd t\u01b0\u1edfng l\u00e0 <strong>2m x 2m<\/strong>, m\u1ed7i hecta c\u00f3 th\u1ec3 tr\u1ed3ng \u0111\u01b0\u1ee3c kho\u1ea3ng <strong>2.500 c\u00e2y<\/strong>, t\u01b0\u01a1ng \u0111\u01b0\u01a1ng v\u1edbi n\u0103ng su\u1ea5t t\u1eeb <strong>50 \u0111\u1ebfn 75 t\u1ea5n tr\u00e1i\/ha\/n\u0103m<\/strong>.\u00a0N\u0103ng su\u1ea5t cao c\u00f9ng gi\u00e1 b\u00e1n \u1ed5n \u0111\u1ecbnh gi\u00fap mang l\u1ea1i ngu\u1ed3n thu nh\u1eadp \u0111\u00e1ng k\u1ec3 cho b\u00e0 con n\u00f4ng d\u00e2n.<\/p>\n<h2><strong>Kh\u00ed H\u1eadu V\u00e0 \u0110\u1ea5t Tr\u1ed3ng Th\u00edch H\u1ee3p V\u1edbi Gi\u1ed1ng \u0110u \u0110\u1ee7 Th\u00e1i Ru\u1ed9t V\u00e0ng<\/strong><\/h2>\n<p>\u0110u \u0111\u1ee7 Th\u00e1i ru\u1ed9t v\u00e0ng l\u00e0 lo\u1ea1i c\u00e2y c\u00f3 ngu\u1ed3n g\u1ed1c t\u1eeb v\u00f9ng nhi\u1ec7t \u0111\u1edbi v\u00e0 c\u1eadn nhi\u1ec7t \u0111\u1edbi, v\u00ec v\u1eady ch\u00fang th\u00edch nghi t\u1ed1t v\u1edbi \u0111i\u1ec1u ki\u1ec7n kh\u00ed h\u1eadu \u1ea5m \u00e1p v\u00e0 \u0111\u1ea5t \u0111ai m\u00e0u m\u1ee1. \u0110\u1ec3 c\u00e2y ph\u00e1t tri\u1ec3n kh\u1ecfe m\u1ea1nh v\u00e0 cho n\u0103ng su\u1ea5t cao, b\u00e0 con c\u1ea7n l\u01b0u \u00fd c\u00e1c y\u1ebfu t\u1ed1 v\u1ec1 kh\u00ed h\u1eadu v\u00e0 \u0111\u1ea5t tr\u1ed3ng ph\u00f9 h\u1ee3p.<\/p>\n<p>Nhi\u1ec7t \u0111\u1ed9: \u0111u \u0111\u1ee7 Th\u00e1i ru\u1ed9t v\u00e0ng ph\u00e1t tri\u1ec3n t\u1ed1t nh\u1ea5t trong kho\u1ea3ng nhi\u1ec7t \u0111\u1ed9 t\u1eeb <strong>20-30\u00b0C<\/strong>. C\u00e2y c\u00f3 th\u1ec3 ch\u1ecbu \u0111\u01b0\u1ee3c nhi\u1ec7t \u0111\u1ed9 cao h\u01a1n nh\u01b0ng kh\u00f4ng th\u00edch h\u1ee3p v\u1edbi kh\u00ed h\u1eadu qu\u00e1 l\u1ea1nh, \u0111\u1eb7c bi\u1ec7t l\u00e0 nhi\u1ec7t \u0111\u1ed9 d\u01b0\u1edbi <strong>10\u00b0C<\/strong>.<\/p>\n<p>L\u01b0\u1ee3ng m\u01b0a: c\u00e2y c\u1ea7n l\u01b0\u1ee3ng m\u01b0a trung b\u00ecnh kho\u1ea3ng <strong>1.000-1.500 mm\/n\u0103m<\/strong>. Trong m\u00f9a kh\u00f4, c\u1ea7n ch\u00fa tr\u1ecdng t\u01b0\u1edbi n\u01b0\u1edbc \u0111\u1ec1u \u0111\u1eb7n \u0111\u1ec3 \u0111\u1ea3m b\u1ea3o c\u00e2y kh\u00f4ng b\u1ecb thi\u1ebfu n\u01b0\u1edbc.<\/p>\n<p>\u00c1nh s\u00e1ng: c\u1ea7n \u0111\u01b0\u1ee3c tr\u1ed3ng \u1edf n\u01a1i c\u00f3 \u00e1nh n\u1eafng \u0111\u1ea7y \u0111\u1ee7 \u0111\u1ec3 quang h\u1ee3p t\u1ed1t v\u00e0 cho tr\u00e1i\u00a0ch\u1ea5t l\u01b0\u1ee3ng cao.<\/p>\n<p>\u0110\u1ea5t tr\u1ed3ng: th\u00edch h\u1ee3p v\u1edbi \u0111\u1ea5t t\u01a1i x\u1ed1p, gi\u00e0u dinh d\u01b0\u1ee1ng v\u00e0 tho\u00e1t n\u01b0\u1edbc t\u1ed1t. \u0110\u1ed9 pH l\u00fd t\u01b0\u1edfng dao \u0111\u1ed9ng t\u1eeb <strong>5.5 &#8211; 6.5<\/strong>, cao ho\u1eb7c th\u1ea5p h\u01a1n c\u00f3 th\u1ec3 \u1ea3nh h\u01b0\u1edfng \u0111\u1ebfn kh\u1ea3 n\u0103ng h\u1ea5p th\u1ee5 dinh d\u01b0\u1ee1ng c\u1ee7a c\u00e2y. \u0110\u1ea5t c\u1ea7n \u0111\u01b0\u1ee3c l\u00e0m t\u01a1i tr\u01b0\u1edbc khi tr\u1ed3ng \u0111\u1ec3 \u0111\u1ea3m b\u1ea3o b\u1ed9 r\u1ec5 ph\u00e1t tri\u1ec3n kh\u1ecfe m\u1ea1nh, gi\u00fap c\u00e2y sinh tr\u01b0\u1edfng t\u1ed1t v\u00e0 cho n\u0103ng su\u1ea5t cao.<\/p>\n<h2><strong>Kho\u1ea3ng C\u00e1ch Tr\u1ed3ng C\u00e2y \u0110u \u0110\u1ee7 Th\u00e1i Ru\u1ed9t V\u00e0ng<\/strong><\/h2>\n<p>Gi\u1eefa c\u00e1c c\u00e2y: Kho\u1ea3ng c\u00e1ch gi\u1eefa c\u00e1c c\u00e2y \u0111u \u0111\u1ee7 Th\u00e1i ru\u1ed9t v\u00e0ng n\u00ean dao \u0111\u1ed9ng t\u1eeb <strong>2 &#8211; 3 m\u00e9t<\/strong>. \u0110i\u1ec1u n\u00e0y gi\u00fap c\u00e2y c\u00f3 \u0111\u1ee7 kh\u00f4ng gian \u0111\u1ec3 ph\u00e1t tri\u1ec3n t\u00e1n l\u00e1 v\u00e0 b\u1ed9 r\u1ec5 m\u00e0 kh\u00f4ng c\u1ea1nh tranh dinh d\u01b0\u1ee1ng v\u1edbi nhau.<\/p>\n<p>Gi\u1eefa c\u00e1c h\u00e0ng: Kho\u1ea3ng c\u00e1ch gi\u1eefa c\u00e1c h\u00e0ng n\u00ean t\u1eeb <strong>2.5 &#8211; 3 m\u00e9t<\/strong>\u00a0\u0111\u1ec3 \u0111\u1ea3m b\u1ea3o kh\u00f4ng gian cho vi\u1ec7c di chuy\u1ec3n, ch\u0103m s\u00f3c v\u00e0 thu ho\u1ea1ch.<\/p>\n<h2><strong>C\u00e1ch Ch\u0103m S\u00f3c C\u00e2y \u0110u \u0110\u1ee7 Th\u00e1i Ru\u1ed9t V\u00e0ng V\u00e0 C\u00e1c L\u01b0u \u00dd<\/strong><\/h2>\n<p>\u0110\u1ec3 c\u00e2y \u0111u \u0111\u1ee7 Th\u00e1i ru\u1ed9t v\u00e0ng ph\u00e1t tri\u1ec3n kh\u1ecfe m\u1ea1nh, cho n\u0103ng su\u1ea5t cao v\u00e0 ch\u1ea5t l\u01b0\u1ee3ng tr\u00e1i\u00a0t\u1ed1t, b\u00e0 con c\u1ea7n \u00e1p d\u1ee5ng c\u00e1c k\u1ef9 thu\u1eadt ch\u0103m s\u00f3c ph\u00f9 h\u1ee3p.<\/p>\n<p>Ch\u1ecdn c\u00e2y gi\u1ed1ng ch\u1ea5t l\u01b0\u1ee3ng: N\u00ean ch\u1ecdn mua c\u00e2y gi\u1ed1ng t\u1eeb c\u00e1c nh\u00e0 v\u01b0\u1eddn uy t\u00edn \u0111\u1ec3 \u0111\u1ea3m b\u1ea3o c\u00e2y kh\u1ecfe m\u1ea1nh v\u00e0 \u0111\u00fang gi\u1ed1ng.<\/p>\n<p>T\u01b0\u1edbi n\u01b0\u1edbc: giai \u0111o\u1ea1n c\u00e2y con, c\u1ea7n t\u01b0\u1edbi n\u01b0\u1edbc \u0111\u1ec1u \u0111\u1eb7n \u0111\u1ec3 gi\u1eef \u1ea9m cho \u0111\u1ea5t, gi\u00fap c\u00e2y ph\u00e1t tri\u1ec3n b\u1ed9 r\u1ec5 kh\u1ecfe m\u1ea1nh. Giai \u0111o\u1ea1n ra hoa v\u00e0 \u0111\u1eadu tr\u00e1i, t\u0103ng c\u01b0\u1eddng t\u01b0\u1edbi n\u01b0\u1edbc \u0111\u1ec3 \u0111\u1ea3m b\u1ea3o c\u00e2y kh\u00f4ng b\u1ecb thi\u1ebfu n\u01b0\u1edbc, \u0111\u1eb7c bi\u1ec7t trong m\u00f9a kh\u00f4 h\u1ea1n. L\u01b0u \u00fd, kh\u00f4ng t\u01b0\u1edbi qu\u00e1 nhi\u1ec1u n\u01b0\u1edbc tr\u00e1nh g\u00e2y ng\u1eadp \u00fang, \u1ea3nh h\u01b0\u1edfng \u0111\u1ebfn b\u1ed9 r\u1ec5.<\/p>\n<p>B\u00f3n ph\u00e2n: b\u00f3n l\u00f3t ph\u00e2n h\u1eefu c\u01a1 khi tr\u1ed3ng c\u00e2y \u0111\u1ec3 cung c\u1ea5p dinh d\u01b0\u1ee1ng l\u00e2u d\u00e0i. S\u1eed d\u1ee5ng ph\u00e2n NPK c\u00e2n \u0111\u1ed1i \u0111\u1ec3 b\u00f3n th\u00fac trong c\u00e1c giai \u0111o\u1ea1n sinh tr\u01b0\u1edfng.<\/p>\n<p>Ph\u00f2ng tr\u1eeb s\u00e2u b\u1ec7nh: ki\u1ec3m tra th\u01b0\u1eddng xuy\u00ean \u0111\u1ec3 ph\u00e1t hi\u1ec7n s\u1edbm c\u00e1c b\u1ec7nh ph\u1ed5 bi\u1ebfn nh\u01b0 ph\u1ea5n tr\u1eafng, r\u1ec7p s\u00e1p, n\u1ea5m m\u1ed1c. C\u00f3 th\u1ec3 s\u1eed d\u1ee5ng thu\u1ed1c b\u1ea3o v\u1ec7 th\u1ef1c v\u1eadt sinh h\u1ecdc ho\u1eb7c h\u00f3a h\u1ecdc khi c\u1ea7n thi\u1ebft, tu\u00e2n th\u1ee7 h\u01b0\u1edbng d\u1eabn s\u1eed d\u1ee5ng \u0111\u1ec3 \u0111\u1ea3m b\u1ea3o an to\u00e0n.<\/p>\n<h2><strong>Gi\u00e1 C\u00e2y Gi\u1ed1ng \u0110u \u0110\u1ee7 Th\u00e1i Ru\u1ed9t V\u00e0ng<\/strong><\/h2>\n<p>Gi\u00e1 c\u00e2y gi\u1ed1ng \u0111u \u0111\u1ee7 Th\u00e1i ru\u1ed9t v\u00e0ng t\u1ea1i v\u01b0\u1eddn Ph\u00fac An dao \u0111\u1ed9ng t\u1eeb <strong>5.000 &#8211; 15.000 \u0111\u1ed3ng\/c\u00e2y<\/strong>\u00a0theo gi\u00e1 s\u1ec9. T\u00f9y theo s\u1ed1 l\u01b0\u1ee3ng v\u00e0 th\u1eddi \u0111i\u1ec3m \u0111\u1eb7t h\u00e0ng, gi\u00e1 c\u00f3 th\u1ec3 thay \u0111\u1ed5i. Ch\u00fang t\u00f4i cam k\u1ebft mang \u0111\u1ebfn c\u00e2y gi\u1ed1ng ch\u1ea5t l\u01b0\u1ee3ng v\u1edbi gi\u00e1 c\u1ea3 ph\u1ea3i ch\u0103ng.<\/p>\n<h2><strong>Mua C\u00e2y Gi\u1ed1ng \u0110u \u0110\u1ee7 Th\u00e1i Ru\u1ed9t V\u00e0ng \u1ede \u0110\u00e2u Ch\u1ea5t L\u01b0\u1ee3ng?<\/strong><\/h2>\n<p>C\u00e2y gi\u1ed1ng Ph\u00fac An\u00a0l\u00e0 \u0111\u1ecba ch\u1ec9 uy t\u00edn cung c\u1ea5p c\u00e2y gi\u1ed1ng \u0111u \u0111\u1ee7 Th\u00e1i ru\u1ed9t v\u00e0ng ch\u1ea5t l\u01b0\u1ee3ng cao. C\u00e2y gi\u1ed1ng \u0111\u01b0\u1ee3c b\u1ea3o h\u00e0nh \u0111\u00fang gi\u1ed1ng cho \u0111\u1ebfn khi c\u00f3 tr\u00e1i, \u0111\u1ea3m b\u1ea3o s\u1ef1 h\u00e0i l\u00f2ng c\u1ee7a kh\u00e1ch h\u00e0ng.<\/p>\n<h2><strong>Ti\u00eau Chu\u1ea9n C\u00e2y Gi\u1ed1ng T\u1ea1i Ph\u00fac An:<\/strong><\/h2>\n<ul>\n<li>C\u00e2y gh\u00e9p, chi\u1ec1u cao t\u1eeb <strong>70-80cm<\/strong>.<\/li>\n<li>B\u1ea7u r\u1ec5 \u1ed5n \u0111\u1ecbnh, c\u00e2y c\u1ee9ng c\u00e1p, \u0111\u00e3 x\u1ea3 n\u1eafng.<\/li>\n<li>Kh\u00f4ng c\u00f3 d\u1ea5u hi\u1ec7u s\u00e2u b\u1ec7nh, b\u1ed9 l\u00e1 xanh t\u1ed1t.<\/li>\n<\/ul>\n<p>C\u00e2y tr\u1ea3i qua quy tr\u00ecnh nh\u00e2n gi\u1ed1ng, d\u01b0\u1ee1ng c\u00e2y con, x\u1ea3 n\u1eafng ho\u00e0n ch\u1ec9nh. \u0110\u1ebfn tay c\u00f4 b\u00e1c s\u1ebd l\u00e0 t\u1eebng c\u00e2y \u0111\u00e3 c\u1ee9ng c\u00e1p \u0111\u00e3 ra c\u01a1i ch\u1ed3i m\u1edbi.<br \/>\nQu\u00fd c\u00f4 b\u00e1c c\u00f3 th\u1ec3 li\u00ean h\u1ec7 tr\u1ef1c ti\u1ebfp qua SDT\/ Zalo 0962.888.014 (<a href=\"http:\/\/localhost\/phucan713\/\" target=\"_blank\" rel=\"noopener\">C\u00e2y Gi\u1ed1ng Ph\u00fac An<\/a>) \u0111\u1ec3 ch\u00fang t\u00f4i t\u01b0 v\u1ea5n v\u00e0 b\u00e1o gi\u00e1 c\u1ee5 th\u1ec3. Xin c\u1ea3m \u01a1n qu\u00fd c\u00f4 b\u00e1c \u0111\u00e3 \u0111\u1eb7t ni\u1ec1m tin v\u1edbi nh\u00e0 v\u01b0\u1eddn.<\/p>\n<p><span style=\"color: #282828;\"><span style=\"color: #000080;\"><span style=\"color: #000000;\">&gt;&gt;M\u1eddi b\u1ea1n \u0111\u1ecdc th\u00eam:<\/span> <\/span><\/span><a href=\"https:\/\/baobinhphuoc.com.vn\/news\/5\/151406\/trien-vong-tu-du-du-ruot-vang-long-an?\" target=\"_blank\" rel=\"noopener\"><span style=\"color: #000080;\"><em><strong><span class=\"main-title\">Tri\u1ec3n v\u1ecdng t\u1eeb \u0111u \u0111\u1ee7 ru\u1ed9t v\u00e0ng Long An<\/span><\/strong><\/em><\/span><\/a><\/p>\n<div class=\"author\"><\/div>\n<p>&nbsp;<\/p>\n","protected":false},"excerpt":{"rendered":"<p>* Gi\u00e1 tham kh\u1ea3o cho s\u1ed1 l\u01b0\u1ee3ng t\u1eeb 30 c\u00e2y, c\u00f3 th\u1ec3 thay \u0111\u1ed5i theo th\u1eddi \u0111i\u1ec3m<br \/>\n* Ch\u01b0a bao g\u1ed3m ph\u00ed v\u1eadn chuy\u1ec3n (t\u00f9y theo s\u1ed1 l\u01b0\u1ee3ng c\u00e2y v\u00e0 \u0111\u1ecba \u0111i\u1ec3m giao h\u00e0ng)<\/p>\n","protected":false},"featured_media":3770,"comment_status":"open","ping_status":"closed","template":"","meta":[],"product_brand":[],"product_cat":[35,37],"product_tag":[42],"class_list":{"0":"post-3654","1":"product","2":"type-product","3":"status-publish","4":"has-post-thumbnail","6":"product_cat-san-pham-giong-cay-an-trai","7":"product_cat-cay-giong-khac","8":"product_tag-du-du-thai-ruot-vang","10":"first","11":"instock","12":"shipping-taxable","13":"purchasable","14":"product-type-simple"},"_links":{"self":[{"href":"https:\/\/ktech4.k-tech-services.com\/phucan713\/wp-json\/wp\/v2\/product\/3654","targetHints":{"allow":["GET"]}}],"collection":[{"href":"https:\/\/ktech4.k-tech-services.com\/phucan713\/wp-json\/wp\/v2\/product"}],"about":[{"href":"https:\/\/ktech4.k-tech-services.com\/phucan713\/wp-json\/wp\/v2\/types\/product"}],"replies":[{"embeddable":true,"href":"https:\/\/ktech4.k-tech-services.com\/phucan713\/wp-json\/wp\/v2\/comments?post=3654"}],"wp:featuredmedia":[{"embeddable":true,"href":"https:\/\/ktech4.k-tech-services.com\/phucan713\/wp-json\/wp\/v2\/media\/3770"}],"wp:attachment":[{"href":"https:\/\/ktech4.k-tech-services.com\/phucan713\/wp-json\/wp\/v2\/media?parent=3654"}],"wp:term":[{"taxonomy":"product_brand","embeddable":true,"href":"https:\/\/ktech4.k-tech-services.com\/phucan713\/wp-json\/wp\/v2\/product_brand?post=3654"},{"taxonomy":"product_cat","embeddable":true,"href":"https:\/\/ktech4.k-tech-services.com\/phucan713\/wp-json\/wp\/v2\/product_cat?post=3654"},{"taxonomy":"product_tag","embeddable":true,"href":"https:\/\/ktech4.k-tech-services.com\/phucan713\/wp-json\/wp\/v2\/product_tag?post=3654"}],"curies":[{"name":"wp","href":"https:\/\/api.w.org\/{rel}","templated":true}]}}