{"id":3655,"date":"2025-06-02T21:59:04","date_gmt":"2025-06-02T14:59:04","guid":{"rendered":"https:\/\/caygiongphucan.com\/?post_type=product&amp;p=3655"},"modified":"2025-06-02T21:59:04","modified_gmt":"2025-06-02T14:59:04","slug":"giong-dua-xiem-hong","status":"publish","type":"product","link":"https:\/\/ktech4.k-tech-services.com\/phucan713\/san-pham\/giong-dua-xiem-hong\/","title":{"rendered":"Gi\u1ed1ng D\u1eeba Xi\u00eam H\u1ed3ng"},"content":{"rendered":"<p>Gi\u1ed1ng d\u1eeba xi\u00eam h\u1ed3ng\u00a0kh\u00f4ng ch\u1ec9 n\u1ed5i ti\u1ebfng v\u1edbi h\u01b0\u01a1ng v\u1ecb ng\u1ecdt m\u00e1t m\u00e0 c\u00f2n l\u00e0 l\u1ef1a ch\u1ecdn tuy\u1ec7t v\u1eddi cho nh\u1eefng ai mu\u1ed1n ph\u00e1t tri\u1ec3n kinh t\u1ebf t\u1eeb n\u00f4ng nghi\u1ec7p. Gi\u1ed1ng d\u1eeba n\u00e0y d\u1ec5 tr\u1ed3ng, th\u00edch nghi t\u1ed1t, nhanh ra tr\u00e1i v\u00e0 mang l\u1ea1i l\u1ee3i nhu\u1eadn \u1ed5n \u0111\u1ecbnh. N\u1ebfu b\u1ea1n \u0111ang t\u00ecm m\u1ed9t m\u00f4 h\u00ecnh tr\u1ed3ng tr\u1ecdt v\u1eeba hi\u1ec7u qu\u1ea3 v\u1eeba \u00edt r\u1ee7i ro, th\u00ec d\u1eeba xi\u00eam h\u1ed3ng ch\u1eafc ch\u1eafn s\u1ebd l\u00e0 \u1ee9ng c\u1eed vi\u00ean s\u00e1ng gi\u00e1. B\u00e0i vi\u1ebft n\u00e0y s\u1ebd cung c\u1ea5p th\u00f4ng tin chi ti\u1ebft v\u1ec1 ngu\u1ed3n g\u1ed1c, \u0111\u1eb7c \u0111i\u1ec3m, k\u1ef9 thu\u1eadt tr\u1ed3ng v\u00e0 ch\u0103m s\u00f3c gi\u1ed1ng d\u1eeba xi\u00eam h\u1ed3ng, gi\u00fap b\u1ea1n c\u00f3 c\u00e1i nh\u00ecn t\u1ed5ng quan v\u00e0 t\u1ef1 tin h\u01a1n khi quy\u1ebft \u0111\u1ecbnh \u0111\u1ea7u t\u01b0 v\u00e0o lo\u1ea1i c\u00e2y tr\u1ed3ng ti\u1ec1m n\u0103ng n\u00e0y.<\/p>\n<h2><strong>Ngu\u1ed3n G\u1ed1c C\u00e2y D\u1eeba Xi\u00eam H\u1ed3ng<\/strong><\/h2>\n<p>D\u1eeba xi\u00eam h\u1ed3ng l\u00e0 gi\u1ed1ng d\u1eeba c\u00f3 ngu\u1ed3n g\u1ed1c t\u1eeb Th\u00e1i Lan, \u0111\u01b0\u1ee3c nh\u1eadp kh\u1ea9u v\u00e0 tr\u1ed3ng ph\u1ed5 bi\u1ebfn t\u1ea1i Vi\u1ec7t Nam trong nh\u1eefng n\u0103m g\u1ea7n \u0111\u00e2y. Gi\u1ed1ng d\u1eeba n\u00e0y n\u1ed5i ti\u1ebfng v\u1edbi m\u00e0u s\u1eafc \u0111\u1eb9p m\u1eaft, v\u1ecb ng\u1ecdt thanh v\u00e0 n\u01b0\u1edbc d\u1eeba th\u01a1m ngon, ph\u00f9 h\u1ee3p v\u1edbi th\u1ecb hi\u1ebfu c\u1ee7a ng\u01b0\u1eddi ti\u00eau d\u00f9ng.<\/p>\n<figure id=\"attachment_3763\" aria-describedby=\"caption-attachment-3763\" style=\"width: 375px\" class=\"wp-caption aligncenter\"><img loading=\"lazy\" decoding=\"async\" class=\"wp-image-3763\" src=\"http:\/\/localhost\/phucan713\/wp-content\/uploads\/2025\/06\/485956758_2950473688592670_4423334912986032891_n.jpg\" alt=\"c\u00e2y gi\u1ed1ng d\u1eeba xi\u00eam h\u1ed3ng-c\u00e2y gi\u1ed1ng ph\u00fac an\" width=\"375\" height=\"500\" srcset=\"https:\/\/ktech4.k-tech-services.com\/phucan713\/wp-content\/uploads\/2025\/06\/485956758_2950473688592670_4423334912986032891_n.jpg 720w, https:\/\/ktech4.k-tech-services.com\/phucan713\/wp-content\/uploads\/2025\/06\/485956758_2950473688592670_4423334912986032891_n-225x300.jpg 225w, https:\/\/ktech4.k-tech-services.com\/phucan713\/wp-content\/uploads\/2025\/06\/485956758_2950473688592670_4423334912986032891_n-510x680.jpg 510w\" sizes=\"auto, (max-width: 375px) 100vw, 375px\" \/><figcaption id=\"caption-attachment-3763\" class=\"wp-caption-text\">c\u00e2y gi\u1ed1ng d\u1eeba xi\u00eam h\u1ed3ng-c\u00e2y gi\u1ed1ng ph\u00fac an<\/figcaption><\/figure>\n<figure id=\"attachment_3764\" aria-describedby=\"caption-attachment-3764\" style=\"width: 375px\" class=\"wp-caption aligncenter\"><img loading=\"lazy\" decoding=\"async\" class=\"wp-image-3764\" src=\"http:\/\/localhost\/phucan713\/wp-content\/uploads\/2025\/06\/494824496_2981898745450164_5225144050193948226_n.jpg\" alt=\"c\u00e2y gi\u1ed1ng d\u1eeba xi\u00eam h\u1ed3ng-c\u00e2y gi\u1ed1ng ph\u00fac an\" width=\"375\" height=\"500\" srcset=\"https:\/\/ktech4.k-tech-services.com\/phucan713\/wp-content\/uploads\/2025\/06\/494824496_2981898745450164_5225144050193948226_n.jpg 720w, https:\/\/ktech4.k-tech-services.com\/phucan713\/wp-content\/uploads\/2025\/06\/494824496_2981898745450164_5225144050193948226_n-225x300.jpg 225w, https:\/\/ktech4.k-tech-services.com\/phucan713\/wp-content\/uploads\/2025\/06\/494824496_2981898745450164_5225144050193948226_n-510x680.jpg 510w\" sizes=\"auto, (max-width: 375px) 100vw, 375px\" \/><figcaption id=\"caption-attachment-3764\" class=\"wp-caption-text\">c\u00e2y gi\u1ed1ng d\u1eeba xi\u00eam h\u1ed3ng-c\u00e2y gi\u1ed1ng ph\u00fac an<\/figcaption><\/figure>\n<h2><strong>\u0110\u1eb7c \u0110i\u1ec3m Gi\u1ed1ng D\u1eeba Xi\u00eam H\u1ed3ng<\/strong><\/h2>\n<p>Chi\u1ec1u cao: khi tr\u01b0\u1edfng th\u00e0nh, c\u00e2y c\u00f3 chi\u1ec1u cao trung b\u00ecnh t\u1eeb <strong>3 &#8211; 4m<\/strong>, th\u1ea5p h\u01a1n so v\u1edbi c\u00e1c gi\u1ed1ng d\u1eeba truy\u1ec1n th\u1ed1ng, gi\u00fap cho vi\u1ec7c thu ho\u1ea1ch tr\u1edf n\u00ean d\u1ec5 d\u00e0ng h\u01a1n.<\/p>\n<p>T\u00e1n l\u00e1: nh\u1ecf g\u1ecdn, g\u1ecdn g\u00e0ng, \u00edt r\u1ee5ng l\u00e1, thu\u1eadn ti\u1ec7n cho vi\u1ec7c ch\u0103m s\u00f3c v\u00e0 gi\u1ea3m thi\u1ec3u c\u00f4ng c\u1eaft t\u1ec9a.<\/p>\n<p>Tr\u00e1i d\u1eeba: nh\u1ecf g\u1ecdn, v\u1ecf m\u1ecfng, da c\u00f3 m\u00e0u h\u1ed3ng \u0111\u1eb7c tr\u01b0ng, m\u1ed7i tr\u00e1i c\u00f3 tr\u1ecdng l\u01b0\u1ee3ng trung b\u00ecnh t\u1eeb 1.2 &#8211; 1.5kg, ph\u00f9 h\u1ee3p cho ti\u00eau th\u1ee5 trong n\u01b0\u1edbc v\u00e0 xu\u1ea5t kh\u1ea9u.<\/p>\n<p>N\u01b0\u1edbc d\u1eeba: tr\u1eafng \u0111\u1ee5c, c\u00f3 v\u1ecb ng\u1ecdt thanh, m\u00e1t l\u1ea1nh, th\u01a1m ngon h\u01a1n so v\u1edbi nhi\u1ec1u gi\u1ed1ng d\u1eeba kh\u00e1c, h\u00e0m l\u01b0\u1ee3ng n\u01b0\u1edbc nhi\u1ec1u, ph\u00f9 h\u1ee3p \u0111\u1ec3 u\u1ed1ng t\u01b0\u01a1i ho\u1eb7c ch\u1ebf bi\u1ebfn s\u1ea3n ph\u1ea9m t\u1eeb d\u1eeba.<\/p>\n<p>N\u0103ng su\u1ea5t: M\u1ed7i bu\u1ed3ng d\u1eeba c\u00f3 t\u1eeb 12 &#8211; 15 tr\u00e1i, cho thu ho\u1ea1ch li\u00ean t\u1ee5c quanh n\u0103m.<\/p>\n<p>Kh\u1ea3 n\u0103ng ch\u1ed1ng ch\u1ecbu: Gi\u1ed1ng d\u1eeba xi\u00eam h\u1ed3ng c\u00f3 kh\u1ea3 n\u0103ng ch\u1ed1ng ch\u1ecbu t\u1ed1t v\u1edbi s\u00e2u b\u1ec7nh ph\u1ed5 bi\u1ebfn tr\u00ean c\u00e2y d\u1eeba nh\u01b0 b\u1ecd c\u00e1nh c\u1ee9ng, n\u1ea5m b\u1ec7nh v\u00e0 m\u1ed9t s\u1ed1 lo\u1ea1i s\u00e2u \u0111\u1ee5c th\u00e2n.<\/p>\n<h2><strong>Gi\u1ed1ng D\u1eeba Xi\u00eam H\u1ed3ng Tr\u1ed3ng Bao L\u00e2u C\u00f3 Tr\u00e1i Thu Ho\u1ea1ch?<\/strong><\/h2>\n<p>D\u1eeba xi\u00eam h\u1ed3ng l\u00e0 lo\u1ea1i c\u00e2y c\u00f3 t\u1ed1c \u0111\u1ed9 sinh tr\u01b0\u1edfng kh\u00e1 nhanh. T\u1eeb khi tr\u1ed3ng \u0111\u1ebfn khi thu ho\u1ea1ch l\u1ee9a \u0111\u1ea7u ti\u00ean, m\u1ea5t kho\u1ea3ng <strong>24 &#8211; 30 th\u00e1ng<\/strong>. \u0110\u00e2y l\u00e0 th\u1eddi gian t\u01b0\u01a1ng \u0111\u1ed1i ng\u1eafn so v\u1edbi nhi\u1ec1u gi\u1ed1ng d\u1eeba kh\u00e1c, gi\u00fap nh\u00e0 \u0111\u1ea7u t\u01b0 nhanh ch\u00f3ng thu h\u1ed3i v\u1ed1n.<\/p>\n<p>Tuy nhi\u00ean, th\u1eddi gian c\u00f3 th\u1ec3 dao \u0111\u1ed9ng t\u00f9y v\u00e0o \u0111i\u1ec1u ki\u1ec7n th\u1ed5 nh\u01b0\u1ee1ng, kh\u00ed h\u1eadu v\u00e0 k\u1ef9 thu\u1eadt ch\u0103m s\u00f3c. N\u1ebfu \u0111\u01b0\u1ee3c tr\u1ed3ng tr\u00ean \u0111\u1ea5t ph\u00f9 sa m\u00e0u m\u1ee1, b\u00f3n ph\u00e2n \u0111\u1ea7y \u0111\u1ee7 v\u00e0 t\u01b0\u1edbi n\u01b0\u1edbc h\u1ee3p l\u00fd, c\u00e2y c\u00f3 th\u1ec3 ra tr\u00e1i s\u1edbm h\u01a1n, sau kho\u1ea3ng 24 th\u00e1ng. Ng\u01b0\u1ee3c l\u1ea1i, trong \u0111i\u1ec1u ki\u1ec7n \u0111\u1ea5t kh\u00f4 c\u1eb1n, thi\u1ebfu dinh d\u01b0\u1ee1ng, th\u1eddi gian c\u00f3 tr\u00e1i c\u00f3 th\u1ec3 k\u00e9o d\u00e0i h\u01a1n 30 th\u00e1ng.<\/p>\n<h2><strong>T\u1eeb L\u00fac Ra Hoa \u0110\u1ebfn Khi Thu Ho\u1ea1ch C\u00e2y D\u1eeba Xi\u00eam H\u1ed3ng Kho\u1ea3ng Bao L\u00e2u?<\/strong><\/h2>\n<p>Sau khi c\u00e2y d\u1eeba xi\u00eam h\u1ed3ng b\u1eaft \u0111\u1ea7u ra hoa, th\u1eddi gian t\u1eeb khi hoa n\u1edf \u0111\u1ebfn khi tr\u00e1i ch\u00edn v\u00e0 c\u00f3 th\u1ec3 thu ho\u1ea1ch dao \u0111\u1ed9ng t\u1eeb <strong>6 &#8211; 7 th\u00e1ng<\/strong>. Khi \u0111\u00f3, n\u01b0\u1edbc d\u1eeba s\u1ebd c\u00f3 v\u1ecb ng\u1ecdt \u0111\u1eadm \u0111\u00e0, l\u01b0\u1ee3ng n\u01b0\u1edbc nhi\u1ec1u v\u00e0 c\u01a1m d\u1eeba m\u1ec1m d\u1ebbo, \u0111\u1ea3m b\u1ea3o gi\u00e1 tr\u1ecb th\u01b0\u01a1ng ph\u1ea9m cao, ph\u00f9 h\u1ee3p cho vi\u1ec7c ti\u00eau th\u1ee5 t\u01b0\u01a1i ho\u1eb7c ch\u1ebf bi\u1ebfn c\u00e1c s\u1ea3n ph\u1ea9m t\u1eeb d\u1eeba.<\/p>\n<h2><strong>N\u0103ng Su\u1ea5t Gi\u1ed1ng D\u1eeba Xi\u00eam H\u1ed3ng<\/strong><\/h2>\n<p>D\u1eeba xi\u00eam h\u1ed3ng l\u00e0 m\u1ed9t trong nh\u1eefng gi\u1ed1ng d\u1eeba c\u00f3 n\u0103ng su\u1ea5t cao, mang l\u1ea1i l\u1ee3i nhu\u1eadn h\u1ea5p d\u1eabn cho ng\u01b0\u1eddi tr\u1ed3ng. Trung b\u00ecnh, m\u1ed9t c\u00e2y d\u1eeba xi\u00eam h\u1ed3ng tr\u01b0\u1edfng th\u00e0nh c\u00f3 th\u1ec3 cho t\u1eeb <strong>100 &#8211; 150 tr\u00e1i\/n\u0103m<\/strong>. N\u1ebfu \u0111\u01b0\u1ee3c ch\u0103m s\u00f3c t\u1ed1t, b\u00f3n ph\u00e2n \u0111\u1ea7y \u0111\u1ee7 v\u00e0 t\u01b0\u1edbi n\u01b0\u1edbc h\u1ee3p l\u00fd, con s\u1ed1 n\u00e0y c\u00f3 th\u1ec3 t\u0103ng l\u00ean <strong>180 &#8211; 200 tr\u00e1i\/n\u0103m<\/strong>, th\u1eadm ch\u00ed h\u01a1n \u1edf nh\u1eefng v\u00f9ng c\u00f3 \u0111i\u1ec1u ki\u1ec7n th\u1ed5 nh\u01b0\u1ee1ng v\u00e0 kh\u00ed h\u1eadu thu\u1eadn l\u1ee3i.<\/p>\n<h2><strong>Kh\u00ed H\u1eadu V\u00e0 \u0110\u1ea5t Tr\u1ed3ng Th\u00edch H\u1ee3p V\u1edbi Gi\u1ed1ng D\u1eeba Xi\u00eam H\u1ed3ng<\/strong><\/h2>\n<p>D\u1eeba xi\u00eam h\u1ed3ng l\u00e0 lo\u1ea1i c\u00e2y c\u00f3 ngu\u1ed3n g\u1ed1c t\u1eeb v\u00f9ng nhi\u1ec7t \u0111\u1edbi v\u00e0 c\u1eadn nhi\u1ec7t \u0111\u1edbi, v\u00ec v\u1eady ch\u00fang th\u00edch nghi t\u1ed1t v\u1edbi \u0111i\u1ec1u ki\u1ec7n kh\u00ed h\u1eadu \u1ea5m \u00e1p v\u00e0 \u0111\u1ea5t \u0111ai m\u00e0u m\u1ee1. \u0110\u1ec3 c\u00e2y ph\u00e1t tri\u1ec3n kh\u1ecfe m\u1ea1nh v\u00e0 cho n\u0103ng su\u1ea5t cao, b\u00e0 con c\u1ea7n l\u01b0u \u00fd c\u00e1c y\u1ebfu t\u1ed1 v\u1ec1 kh\u00ed h\u1eadu v\u00e0 \u0111\u1ea5t tr\u1ed3ng ph\u00f9 h\u1ee3p.<\/p>\n<p>Kh\u00ed h\u1eadu: D\u1eeba xi\u00eam h\u1ed3ng ph\u00e1t tri\u1ec3n t\u1ed1t nh\u1ea5t trong kho\u1ea3ng nhi\u1ec7t \u0111\u1ed9 t\u1eeb <strong>25 &#8211; 30\u00b0C<\/strong>. C\u00e2y c\u00f3 th\u1ec3 ch\u1ecbu \u0111\u01b0\u1ee3c nhi\u1ec7t \u0111\u1ed9 cao h\u01a1n nh\u01b0ng kh\u00f4ng th\u00edch h\u1ee3p v\u1edbi kh\u00ed h\u1eadu qu\u00e1 l\u1ea1nh, \u0111\u1eb7c bi\u1ec7t l\u00e0 nhi\u1ec7t \u0111\u1ed9 d\u01b0\u1edbi 15\u00b0C.<\/p>\n<p>\u0110\u1ea5t tr\u1ed3ng: C\u00e2y th\u00edch h\u1ee3p v\u1edbi c\u00e1c lo\u1ea1i \u0111\u1ea5t t\u01a1i x\u1ed1p, gi\u00e0u dinh d\u01b0\u1ee1ng v\u00e0 c\u00f3 kh\u1ea3 n\u0103ng tho\u00e1t n\u01b0\u1edbc t\u1ed1t. \u0110\u1ea5t pha c\u00e1t ho\u1eb7c \u0111\u1ea5t th\u1ecbt nh\u1eb9 l\u00e0 l\u1ef1a ch\u1ecdn l\u00fd t\u01b0\u1edfng.<\/p>\n<h2><strong>Kho\u1ea3ng C\u00e1ch Tr\u1ed3ng C\u00e2y D\u1eeba Xi\u00eam H\u1ed3ng<\/strong><\/h2>\n<p>Gi\u1eefa c\u00e1c c\u00e2y: Kho\u1ea3ng c\u00e1ch gi\u1eefa c\u00e1c c\u00e2y d\u1eeba xi\u00eam h\u1ed3ng n\u00ean dao \u0111\u1ed9ng t\u1eeb <strong>5 &#8211; 6 m\u00e9t<\/strong>. \u0110i\u1ec1u n\u00e0y gi\u00fap c\u00e2y c\u00f3 \u0111\u1ee7 kh\u00f4ng gian \u0111\u1ec3 ph\u00e1t tri\u1ec3n t\u00e1n l\u00e1 v\u00e0 b\u1ed9 r\u1ec5 m\u00e0 kh\u00f4ng c\u1ea1nh tranh dinh d\u01b0\u1ee1ng v\u1edbi nhau.<\/p>\n<p>Gi\u1eefa c\u00e1c h\u00e0ng: Kho\u1ea3ng c\u00e1ch gi\u1eefa c\u00e1c h\u00e0ng n\u00ean t\u1eeb <strong>5 &#8211; 6 m\u00e9t<\/strong>\u00a0\u0111\u1ec3 \u0111\u1ea3m b\u1ea3o kh\u00f4ng gian cho vi\u1ec7c di chuy\u1ec3n, ch\u0103m s\u00f3c v\u00e0 thu ho\u1ea1ch.<\/p>\n<h2><strong>C\u00e1ch Ch\u0103m S\u00f3c C\u00e2y D\u1eeba Xi\u00eam H\u1ed3ng V\u00e0 C\u00e1c L\u01b0u \u00dd<\/strong><\/h2>\n<ul>\n<li><strong>T\u01b0\u1edbi n\u01b0\u1edbc<\/strong>: Giai \u0111o\u1ea1n c\u00e2y con, c\u1ea7n t\u01b0\u1edbi n\u01b0\u1edbc \u0111\u1ec1u \u0111\u1eb7n \u0111\u1ec3 gi\u1eef \u1ea9m cho \u0111\u1ea5t, gi\u00fap c\u00e2y ph\u00e1t tri\u1ec3n b\u1ed9 r\u1ec5 kh\u1ecfe m\u1ea1nh. Giai \u0111o\u1ea1n c\u00e2y ra hoa v\u00e0 \u0111\u1eadu tr\u00e1i, c\u1ea7n t\u0103ng c\u01b0\u1eddng t\u01b0\u1edbi n\u01b0\u1edbc \u0111\u1ec3 \u0111\u1ea3m b\u1ea3o c\u00e2y kh\u00f4ng b\u1ecb thi\u1ebfu n\u01b0\u1edbc, nh\u1ea5t l\u00e0 trong m\u00f9a kh\u00f4 h\u1ea1n. Ch\u00fa \u00fd, tr\u00e1nh t\u01b0\u1edbi qu\u00e1 nhi\u1ec1u n\u01b0\u1edbc g\u00e2y ng\u1eadp \u00fang, \u1ea3nh h\u01b0\u1edfng t\u1edbi b\u1ed9 r\u1ec5.<\/li>\n<li><strong>B\u00f3n ph\u00e2n<\/strong>: Tr\u01b0\u1edbc khi tr\u1ed3ng, n\u00ean b\u00f3n l\u00f3t ph\u00e2n h\u1eefu c\u01a1 (ph\u00e2n chu\u1ed3ng hoai m\u1ee5c, ph\u00e2n tr\u00f9n qu\u1ebf) \u0111\u1ec3 c\u1ea3i t\u1ea1o \u0111\u1ea5t v\u00e0 cung c\u1ea5p dinh d\u01b0\u1ee1ng ban \u0111\u1ea7u cho c\u00e2y. Trong c\u00e1c giai \u0111o\u1ea1n t\u0103ng tr\u01b0\u1edfng, s\u1eed d\u1ee5ng ph\u00e2n NPK c\u00e2n \u0111\u1ed1i \u0111\u1ec3 b\u00f3n th\u00fac<\/li>\n<li><strong>Ph\u00f2ng tr\u1eeb s\u00e2u b\u1ec7nh<\/strong>: Th\u01b0\u1eddng xuy\u00ean ki\u1ec3m tra v\u00e0 x\u1eed l\u00fd c\u00e1c lo\u1ea1i s\u00e2u b\u1ec7nh nh\u01b0 b\u1ecd c\u00e1nh c\u1ee9ng, \u0111u\u00f4ng d\u1eeba.<\/li>\n<\/ul>\n<h2><strong>Gi\u00e1 C\u00e2y Gi\u1ed1ng D\u1eeba Xi\u00eam H\u1ed3ng<\/strong><\/h2>\n<p>Gi\u00e1 c\u00e2y gi\u1ed1ng d\u1eeba xi\u00eam h\u1ed3ng t\u1ea1i v\u01b0\u1eddn Ph\u00fac An \u0111ang dao \u0111\u1ed9ng t\u1eeb <strong>40.000 &#8211; 50.000 \u0111\u1ed3ng\/c\u00e2y<\/strong>\u00a0(theo gi\u00e1 s\u1ec9). \u0110\u1ed1i v\u1edbi kh\u00e1ch h\u00e0ng mua s\u1ed1 l\u01b0\u1ee3ng \u00edt, gi\u00e1 c\u00f3 th\u1ec3 cao h\u01a1n m\u1ed9t ch\u00fat, t\u00f9y thu\u1ed9c v\u00e0o th\u1eddi \u0111i\u1ec3m v\u00e0 ch\u00ednh s\u00e1ch c\u1ee7a nh\u00e0 v\u01b0\u1eddn. Ch\u00fang t\u00f4i cam k\u1ebft cung c\u1ea5p c\u00e2y gi\u1ed1ng ch\u1ea5t l\u01b0\u1ee3ng, \u0111\u00fang chu\u1ea9n v\u00e0 h\u1ed7 tr\u1ee3 k\u1ef9 thu\u1eadt tr\u1ed3ng tr\u1ecdt t\u1ed1i \u01b0u.<\/p>\n<h2><strong>Mua C\u00e2y Gi\u1ed1ng D\u1eeba Xi\u00eam H\u1ed3ng \u1ede \u0110\u00e2u Ch\u1ea5t L\u01b0\u1ee3ng?<\/strong><\/h2>\n<p>C\u00e2y gi\u1ed1ng Ph\u00fac An\u00a0l\u00e0 \u0111\u1ecba ch\u1ec9 uy t\u00edn cung c\u1ea5p c\u00e2y gi\u1ed1ng d\u1eeba xi\u00eam h\u1ed3ng ch\u1ea5t l\u01b0\u1ee3ng cao. C\u00e2y gi\u1ed1ng \u0111\u01b0\u1ee3c b\u1ea3o h\u00e0nh \u0111\u00fang gi\u1ed1ng cho \u0111\u1ebfn khi c\u00f3 tr\u00e1i, \u0111\u1ea3m b\u1ea3o s\u1ef1 h\u00e0i l\u00f2ng c\u1ee7a kh\u00e1ch h\u00e0ng.<\/p>\n<h2><strong>Ti\u00eau Chu\u1ea9n C\u00e2y Gi\u1ed1ng T\u1ea1i Ph\u00fac An<\/strong><\/h2>\n<ul>\n<li>C\u00e2y gh\u00e9p, chi\u1ec1u cao t\u1eeb <strong>70-80 cm<\/strong>.<\/li>\n<li>B\u1ea7u r\u1ec5 \u1ed5n \u0111\u1ecbnh, c\u00e2y c\u1ee9ng c\u00e1p, \u0111\u00e3 x\u1ea3 n\u1eafng.<\/li>\n<li>Kh\u00f4ng c\u00f3 d\u1ea5u hi\u1ec7u s\u00e2u b\u1ec7nh, b\u1ed9 l\u00e1 xanh t\u1ed1t.<\/li>\n<\/ul>\n<p>C\u00e2y tr\u1ea3i qua quy tr\u00ecnh nh\u00e2n gi\u1ed1ng, d\u01b0\u1ee1ng c\u00e2y con, x\u1ea3 n\u1eafng ho\u00e0n ch\u1ec9nh. \u0110\u1ebfn tay c\u00f4 b\u00e1c s\u1ebd l\u00e0 t\u1eebng c\u00e2y \u0111\u00e3 c\u1ee9ng c\u00e1p \u0111\u00e3 ra c\u01a1i ch\u1ed3i m\u1edbi.<br \/>\nQu\u00fd c\u00f4 b\u00e1c c\u00f3 th\u1ec3 li\u00ean h\u1ec7 tr\u1ef1c ti\u1ebfp qua SDT\/ Zalo 0962.888.014 (<a href=\"http:\/\/localhost\/phucan713\/\" target=\"_blank\" rel=\"noopener\">C\u00e2y Gi\u1ed1ng Ph\u00fac An<\/a>) \u0111\u1ec3 ch\u00fang t\u00f4i t\u01b0 v\u1ea5n v\u00e0 b\u00e1o gi\u00e1 c\u1ee5 th\u1ec3. Xin c\u1ea3m \u01a1n qu\u00fd c\u00f4 b\u00e1c \u0111\u00e3 \u0111\u1eb7t ni\u1ec1m tin v\u1edbi nh\u00e0 v\u01b0\u1eddn.<\/p>\n<p><span style=\"color: #333399;\"><strong><em>M\u1eddi b\u1ea1n \u0111\u1ecdc b\u00e1o v\u1ec1 <a style=\"color: #333399;\" href=\"http:\/\/dost-bentre.gov.vn\/tin-tuc\/931\/giong-dua-va-ky-thuat-chon-giong-dua\" target=\"_blank\" rel=\"noopener\">Gi\u1ed1ng D\u1eeba Xi\u00eam H\u1ed3ng\u00a0<\/a><\/em><\/strong><\/span><\/p>\n<p>&nbsp;<\/p>\n<p>&nbsp;<\/p>\n","protected":false},"excerpt":{"rendered":"<p>* Gi\u00e1 tham kh\u1ea3o cho s\u1ed1 l\u01b0\u1ee3ng t\u1eeb 30 c\u00e2y, c\u00f3 th\u1ec3 thay \u0111\u1ed5i theo th\u1eddi \u0111i\u1ec3m<br \/>\n* Ch\u01b0a bao g\u1ed3m ph\u00ed v\u1eadn chuy\u1ec3n (t\u00f9y theo s\u1ed1 l\u01b0\u1ee3ng c\u00e2y v\u00e0 \u0111\u1ecba \u0111i\u1ec3m giao h\u00e0ng)<\/p>\n","protected":false},"featured_media":3764,"comment_status":"open","ping_status":"closed","template":"","meta":[],"product_brand":[],"product_cat":[60],"product_tag":[],"class_list":{"0":"post-3655","1":"product","2":"type-product","3":"status-publish","4":"has-post-thumbnail","6":"product_cat-giong-dua","8":"first","9":"instock","10":"shipping-taxable","11":"purchasable","12":"product-type-simple"},"_links":{"self":[{"href":"https:\/\/ktech4.k-tech-services.com\/phucan713\/wp-json\/wp\/v2\/product\/3655","targetHints":{"allow":["GET"]}}],"collection":[{"href":"https:\/\/ktech4.k-tech-services.com\/phucan713\/wp-json\/wp\/v2\/product"}],"about":[{"href":"https:\/\/ktech4.k-tech-services.com\/phucan713\/wp-json\/wp\/v2\/types\/product"}],"replies":[{"embeddable":true,"href":"https:\/\/ktech4.k-tech-services.com\/phucan713\/wp-json\/wp\/v2\/comments?post=3655"}],"wp:featuredmedia":[{"embeddable":true,"href":"https:\/\/ktech4.k-tech-services.com\/phucan713\/wp-json\/wp\/v2\/media\/3764"}],"wp:attachment":[{"href":"https:\/\/ktech4.k-tech-services.com\/phucan713\/wp-json\/wp\/v2\/media?parent=3655"}],"wp:term":[{"taxonomy":"product_brand","embeddable":true,"href":"https:\/\/ktech4.k-tech-services.com\/phucan713\/wp-json\/wp\/v2\/product_brand?post=3655"},{"taxonomy":"product_cat","embeddable":true,"href":"https:\/\/ktech4.k-tech-services.com\/phucan713\/wp-json\/wp\/v2\/product_cat?post=3655"},{"taxonomy":"product_tag","embeddable":true,"href":"https:\/\/ktech4.k-tech-services.com\/phucan713\/wp-json\/wp\/v2\/product_tag?post=3655"}],"curies":[{"name":"wp","href":"https:\/\/api.w.org\/{rel}","templated":true}]}}