{"id":3656,"date":"2025-06-02T22:09:28","date_gmt":"2025-06-02T15:09:28","guid":{"rendered":"https:\/\/caygiongphucan.com\/?post_type=product&amp;p=3656"},"modified":"2025-06-02T22:09:28","modified_gmt":"2025-06-02T15:09:28","slug":"giong-dua-dau","status":"publish","type":"product","link":"https:\/\/ktech4.k-tech-services.com\/phucan713\/san-pham\/giong-dua-dau\/","title":{"rendered":"Gi\u1ed1ng D\u1eeba D\u00e2u Tr\u00e1i To"},"content":{"rendered":"<p>Trong nh\u1eefng n\u0103m g\u1ea7n \u0111\u00e2y, d\u1eeba d\u00e2u \u0111\u00e3 tr\u1edf th\u00e0nh m\u1ed9t trong nh\u1eefng gi\u1ed1ng c\u00e2y tr\u1ed3ng \u0111\u01b0\u1ee3c nhi\u1ec1u nh\u00e0 n\u00f4ng v\u00e0 nh\u00e0 \u0111\u1ea7u t\u01b0 quan t\u00e2m nh\u1edd gi\u00e1 tr\u1ecb kinh t\u1ebf cao v\u00e0 kh\u1ea3 n\u0103ng th\u00edch nghi t\u1ed1t v\u1edbi nhi\u1ec1u \u0111i\u1ec1u ki\u1ec7n kh\u00ed h\u1eadu. N\u1ebfu b\u1ea1n \u0111ang t\u00ecm ki\u1ebfm m\u1ed9t lo\u1ea1i c\u00e2y tr\u1ed3ng mang l\u1ea1i ngu\u1ed3n thu nh\u1eadp \u1ed5n \u0111\u1ecbnh, th\u00ec d\u1eeba d\u00e2u ch\u00ednh l\u00e0 s\u1ef1 l\u1ef1a ch\u1ecdn \u0111\u00e1ng c\u00e2n nh\u1eafc. B\u00e0i vi\u1ebft n\u00e0y s\u1ebd cung c\u1ea5p th\u00f4ng tin chi ti\u1ebft v\u1ec1 ngu\u1ed3n g\u1ed1c, \u0111\u1eb7c \u0111i\u1ec3m, c\u00e1ch tr\u1ed3ng c\u0169ng nh\u01b0 c\u00e1ch ch\u0103m s\u00f3c gi\u1ed1ng d\u1eeba d\u00e2u, gi\u00fap b\u1ea1n c\u00f3 c\u00e1i nh\u00ecn to\u00e0n di\u1ec7n tr\u01b0\u1edbc khi quy\u1ebft \u0111\u1ecbnh \u0111\u1ea7u t\u01b0.<\/p>\n<h2><strong>Ngu\u1ed3n G\u1ed1c C\u00e2y D\u1eeba D\u00e2u<\/strong><\/h2>\n<p>C\u00e1c qu\u1ed1c gia nh\u01b0 Th\u00e1i Lan, Malaysia v\u00e0 Indonesia \u0111\u01b0\u1ee3c xem l\u00e0 &#8220;c\u00e1i n\u00f4i&#8221; c\u1ee7a gi\u1ed1ng d\u1eeba d\u00e2u. T\u1ea1i \u0111\u00e2y, c\u00e2y d\u1eeba d\u00e2u kh\u00f4ng ch\u1ec9 \u0111\u01b0\u1ee3c tr\u1ed3ng \u0111\u1ec3 l\u1ea5y tr\u00e1i m\u00e0 c\u00f2n tr\u1edf th\u00e0nh m\u1ed9t ph\u1ea7n quan tr\u1ecdng trong \u0111\u1eddi s\u1ed1ng v\u0103n h\u00f3a v\u00e0 kinh t\u1ebf c\u1ee7a ng\u01b0\u1eddi d\u00e2n.<\/p>\n<p>T\u1ea1i Vi\u1ec7t Nam, c\u00e2y d\u1eeba d\u00e2u \u0111\u01b0\u1ee3c tr\u1ed3ng ph\u1ed5 bi\u1ebfn \u1edf c\u00e1c t\u1ec9nh mi\u1ec1n T\u00e2y Nam B\u1ed9, \u0111\u1eb7c bi\u1ec7t l\u00e0 B\u1ebfn Tre, Tr\u00e0 Vinh, V\u0129nh Long v\u00e0 C\u00e0 Mau. Nh\u1eefng v\u00f9ng \u0111\u1ea5t n\u00e0y c\u00f3 \u0111i\u1ec1u ki\u1ec7n t\u1ef1 nhi\u00ean thu\u1eadn l\u1ee3i nh\u01b0 \u0111\u1ea5t ph\u00f9 sa m\u00e0u m\u1ee1, kh\u00ed h\u1eadu n\u00f3ng \u1ea9m v\u00e0 ngu\u1ed3n n\u01b0\u1edbc d\u1ed3i d\u00e0o, gi\u00fap c\u00e2y d\u1eeba d\u00e2u sinh tr\u01b0\u1edfng v\u00e0 ph\u00e1t tri\u1ec3n t\u1ed1t.<\/p>\n<p>Theo th\u1eddi gian, gi\u1ed1ng d\u1eeba d\u00e2u \u0111\u00e3 \u0111\u01b0\u1ee3c nh\u00e2n r\u1ed9ng v\u00e0 tr\u1edf th\u00e0nh m\u1ed9t trong nh\u1eefng c\u00e2y tr\u1ed3ng ch\u1ee7 l\u1ef1c, g\u00f3p ph\u1ea7n n\u00e2ng cao thu nh\u1eadp cho ng\u01b0\u1eddi d\u00e2n \u0111\u1ecba ph\u01b0\u01a1ng. \u0110\u1eb7c bi\u1ec7t, v\u1edbi s\u1ef1 ph\u00e1t tri\u1ec3n c\u1ee7a th\u1ecb tr\u01b0\u1eddng ti\u00eau th\u1ee5 trong n\u01b0\u1edbc v\u00e0 qu\u1ed1c t\u1ebf, d\u1eeba d\u00e2u ng\u00e0y c\u00e0ng kh\u1eb3ng \u0111\u1ecbnh \u0111\u01b0\u1ee3c v\u1ecb th\u1ebf c\u1ee7a m\u00ecnh trong ng\u00e0nh n\u00f4ng nghi\u1ec7p.<\/p>\n<h2><strong>\u0110\u1eb7c \u0110i\u1ec3m Gi\u1ed1ng D\u1eeba D\u00e2u<\/strong><\/h2>\n<p>H\u00ecnh d\u00e1ng: D\u1eeba d\u00e2u thu\u1ed9c nh\u00f3m d\u1eeba l\u00f9n, c\u00f3 chi\u1ec1u cao trung b\u00ecnh khi tr\u01b0\u1edfng th\u00e0nh kho\u1ea3ng <strong>3 &#8211; 5m<\/strong>, th\u1ea5p h\u01a1n nhi\u1ec1u so v\u1edbi c\u00e1c gi\u1ed1ng d\u1eeba ta truy\u1ec1n th\u1ed1ng.<\/p>\n<p>H\u01b0\u01a1ng v\u1ecb: N\u01b0\u1edbc d\u1eeba d\u00e2u c\u00f3 v\u1ecb ng\u1ecdt thanh, th\u01a1m m\u00e1t, ph\u00f9 h\u1ee3p v\u1edbi nhi\u1ec1u m\u1ee5c \u0111\u00edch s\u1eed d\u1ee5ng nh\u01b0 u\u1ed1ng tr\u1ef1c ti\u1ebfp, l\u00e0m n\u01b0\u1edbc gi\u1ea3i kh\u00e1t, ho\u1eb7c ch\u1ebf bi\u1ebfn th\u1ef1c ph\u1ea9m.<\/p>\n<p>H\u00ecnh d\u00e1ng tr\u00e1i: Tr\u00e1i d\u1eeba d\u00e2u c\u00f3 k\u00edch th\u01b0\u1edbc nh\u1ecf, v\u1ecf m\u1ecfng, m\u00e0u xanh ho\u1eb7c v\u00e0ng nh\u1ea1t.<\/p>\n<p>C\u01a1m d\u1eeba<strong>:<\/strong>\u00a0C\u01a1m d\u1eeba d\u00e0y, th\u01a1m ngon, c\u00f3 th\u1ec3 d\u00f9ng \u0111\u1ec3 ch\u1ebf bi\u1ebfn nhi\u1ec1u m\u00f3n \u0103n ho\u1eb7c s\u1ea3n xu\u1ea5t d\u1ea7u d\u1eeba, m\u1ee9t d\u1eeba.<\/p>\n<p>Gi\u00e1 tr\u1ecb dinh d\u01b0\u1ee1ng: Gi\u00e0u vitamin, kho\u00e1ng ch\u1ea5t v\u00e0 ch\u1ea5t \u0111i\u1ec7n gi\u1ea3i, t\u1ed1t cho s\u1ee9c kh\u1ecfe.<\/p>\n<h2><strong>Gi\u1ed1ng D\u1eeba D\u00e2u Tr\u1ed3ng Bao L\u00e2u C\u00f3 Tr\u00e1i Thu Ho\u1ea1ch?<\/strong><\/h2>\n<p>Gi\u1ed1ng d\u1eeba d\u00e2u \u0111\u01b0\u1ee3c \u0111\u00e1nh gi\u00e1 l\u00e0 m\u1ed9t trong nh\u1eefng lo\u1ea1i c\u00e2y c\u00f3 th\u1eddi gian cho tr\u00e1i t\u01b0\u01a1ng \u0111\u1ed1i nhanh so v\u1edbi nhi\u1ec1u lo\u1ea1i c\u00e2y \u0103n tr\u00e1i kh\u00e1c. T\u1eeb khi tr\u1ed3ng \u0111\u1ebfn khi thu ho\u1ea1ch l\u1ee9a \u0111\u1ea7u ti\u00ean, d\u1eeba d\u00e2u m\u1ea5t kho\u1ea3ng <strong>3 &#8211; 4 n\u0103m<\/strong>. Th\u1eddi gian n\u00e0y c\u00f3 th\u1ec3 thay \u0111\u1ed5i t\u00f9y v\u00e0o \u0111i\u1ec1u ki\u1ec7n ch\u0103m s\u00f3c v\u00e0 kh\u00ed h\u1eadu.<\/p>\n<p>Tuy nhi\u00ean, \u0111\u1ec3 c\u00f3 th\u1ec3 thu ho\u1ea1ch d\u1eeba d\u00e2u v\u1edbi s\u1ea3n l\u01b0\u1ee3ng cao v\u00e0 \u1ed5n \u0111\u1ecbnh, nh\u00e0 v\u01b0\u1eddn c\u1ea7n ch\u1edd \u0111\u1ebfn giai \u0111o\u1ea1n t\u1eeb 4 &#8211; 5 n\u0103m. \u0110\u00e2y l\u00e0 th\u1eddi \u0111i\u1ec3m c\u00e2y ph\u00e1t tri\u1ec3n m\u1ea1nh nh\u1ea5t, n\u0103ng su\u1ea5t tr\u00e1i cao h\u01a1n, gi\u00fap mang l\u1ea1i ngu\u1ed3n thu nh\u1eadp \u0111\u00e1ng k\u1ec3.<\/p>\n<h2><strong>T\u1eeb L\u00fac Ra Hoa \u0110\u1ebfn Khi Thu Ho\u1ea1ch C\u00e2y D\u1eeba D\u00e2u Kho\u1ea3ng Bao L\u00e2u?<\/strong><\/h2>\n<p>Sau khi c\u00e2y d\u1eeba d\u00e2u ra hoa, c\u1ea7n kho\u1ea3ng <strong>8 &#8211; 10 th\u00e1ng<\/strong>\u00a0\u0111\u1ec3 tr\u00e1i ph\u00e1t tri\u1ec3n ho\u00e0n to\u00e0n v\u00e0 c\u00f3 th\u1ec3 thu ho\u1ea1ch. Th\u1eddi gian n\u00e0y c\u00f3 th\u1ec3 nhanh ho\u1eb7c ch\u1eadm t\u00f9y thu\u1ed9c v\u00e0o \u0111i\u1ec1u ki\u1ec7n kh\u00ed h\u1eadu v\u00e0 ch\u0103m s\u00f3c. Vi\u1ec7c thu ho\u1ea1ch d\u1eeba d\u00e2u c\u1ea7n ph\u1ea3i c\u0103n c\u1ee9 v\u00e0o th\u1eddi gian tr\u00e1i ph\u00e1t tri\u1ec3n ho\u00e0n ch\u1ec9nh, khi v\u1ecf tr\u00e1i chuy\u1ec3n sang m\u00e0u v\u00e0ng nh\u1ea1t ho\u1eb7c khi n\u01b0\u1edbc trong tr\u00e1i c\u00f3 \u0111\u1ed9 ng\u1ecdt cao.<\/p>\n<h2><strong>N\u0103ng Su\u1ea5t Gi\u1ed1ng D\u1eeba D\u00e2u<\/strong><\/h2>\n<p>D\u1eeba d\u00e2u thu\u1ed9c nh\u00f3m d\u1eeba l\u00f9n, c\u00f3 kh\u1ea3 n\u0103ng cho tr\u00e1i s\u1edbm v\u00e0 n\u0103ng su\u1ea5t cao h\u01a1n so v\u1edbi c\u00e1c gi\u1ed1ng d\u1eeba cao truy\u1ec1n th\u1ed1ng. Trung b\u00ecnh, m\u1ed9t c\u00e2y d\u1eeba d\u00e2u <strong>tr\u01b0\u1edfng th\u00e0nh<\/strong>\u00a0(t\u1eeb 4 &#8211; 5 n\u0103m tu\u1ed5i tr\u1edf l\u00ean) c\u00f3 th\u1ec3 cho s\u1ea3n l\u01b0\u1ee3ng nh\u01b0 sau:<\/p>\n<p>S\u1ed1 bu\u1ed3ng\/n\u0103m<strong>:<\/strong>\u00a08 &#8211; 12 bu\u1ed3ng\/c\u00e2y<\/p>\n<p>S\u1ed1 tr\u00e1i\/bu\u1ed3ng<strong>:<\/strong>\u00a08 &#8211; 15 tr\u00e1i<\/p>\n<p>S\u1ed1 tr\u00e1i\/n\u0103m<strong>:<\/strong>\u00a080 &#8211; 150 tr\u00e1i\/c\u00e2y\/n\u0103m (t\u00f9y theo \u0111i\u1ec1u ki\u1ec7n ch\u0103m s\u00f3c v\u00e0 th\u1ed5 nh\u01b0\u1ee1ng)<\/p>\n<p>N\u0103ng su\u1ea5t tr\u00ean di\u1ec7n t\u00edch<strong>:<\/strong>\u00a0V\u1edbi m\u1eadt \u0111\u1ed9 tr\u1ed3ng kho\u1ea3ng <strong>200-250 c\u00e2y\/ha<\/strong>, n\u0103ng su\u1ea5t trung b\u00ecnh c\u00f3 th\u1ec3 \u0111\u1ea1t t\u1eeb <strong>20.000-30.000 tr\u00e1i\/ha\/n\u0103m<\/strong>.<\/p>\n<p>So v\u1edbi c\u00e1c gi\u1ed1ng d\u1eeba kh\u00e1c, d\u1eeba d\u00e2u c\u00f3 m\u1eadt \u0111\u1ed9 tr\u00e1i cao, s\u1ea3n l\u01b0\u1ee3ng m\u1ed7i n\u0103m \u1ed5n \u0111\u1ecbnh, gi\u00fap ng\u01b0\u1eddi tr\u1ed3ng nhanh thu h\u1ed3i v\u1ed1n v\u00e0 c\u00f3 ngu\u1ed3n thu nh\u1eadp b\u1ec1n v\u1eefng.<\/p>\n<h2><strong>Kh\u00ed H\u1eadu V\u00e0 \u0110\u1ea5t Tr\u1ed3ng Th\u00edch H\u1ee3p V\u1edbi Gi\u1ed1ng D\u1eeba D\u00e2u<\/strong><\/h2>\n<p>Kh\u00ed h\u1eadu: kh\u00ed h\u1eadu nhi\u1ec7t \u0111\u1edbi \u1ea9m v\u1edbi nhi\u1ec7t \u0111\u1ed9 \u1ed5n \u0111\u1ecbnh t\u1eeb <strong>25 &#8211; 35\u00b0C<\/strong>, \u00e1nh s\u00e1ng t\u1ed1t l\u00e0 \u0111i\u1ec1u ki\u1ec7n l\u00fd t\u01b0\u1edfng \u0111\u1ec3 d\u1eeba d\u00e2u sinh tr\u01b0\u1edfng t\u1ed1t. C\u00e2y c\u00f3 th\u1ec3 ch\u1ecbu \u0111\u01b0\u1ee3c \u0111i\u1ec1u ki\u1ec7n kh\u00f4 h\u1ea1n ho\u1eb7c ng\u1eadp \u00fang trong th\u1eddi gian ng\u1eafn.<\/p>\n<p>\u0110\u1ea5t tr\u1ed3ng: c\u00e2y sinh tr\u01b0\u1edfng t\u1ed1t tr\u00ean nhi\u1ec1u lo\u1ea1i \u0111\u1ea5t kh\u00e1c nhau, t\u1eeb \u0111\u1ea5t ph\u00f9 sa, \u0111\u1ea5t c\u00e1t pha \u0111\u1ebfn \u0111\u1ea5t th\u1ecbt nh\u1eb9, mi\u1ec5n l\u00e0 \u0111\u1ea5t c\u00f3 \u0111\u1ed9 tho\u00e1t n\u01b0\u1edbc t\u1ed1t, \u0111\u1ed9 pH t\u1eeb <strong>5.5 &#8211; 6.5<\/strong>.<\/p>\n<h2><strong>Kho\u1ea3ng C\u00e1ch Tr\u1ed3ng C\u00e2y D\u1eeba D\u00e2u<\/strong><\/h2>\n<p>Khi \u0111\u1ea7u t\u01b0 v\u00e0o gi\u1ed1ng d\u1eeba d\u00e2u, vi\u1ec7c x\u00e1c \u0111\u1ecbnh kho\u1ea3ng c\u00e1ch tr\u1ed3ng ph\u00f9 h\u1ee3p l\u00e0 m\u1ed9t trong nh\u1eefng y\u1ebfu t\u1ed1 quan tr\u1ecdng gi\u00fap c\u00e2y ph\u00e1t tri\u1ec3n t\u1ed1t, \u0111\u1ea1t n\u0103ng su\u1ea5t cao v\u00e0 h\u1ea1n ch\u1ebf s\u00e2u b\u1ec7nh. Kho\u1ea3ng c\u00e1ch tr\u1ed3ng l\u00fd t\u01b0\u1edfng gi\u1eefa c\u00e1c c\u00e2y l\u00e0<strong>\u00a06 &#8211; 7 m\u00e9t<\/strong>, gi\u1eefa c\u00e1c h\u00e0ng l\u00e0 <strong>7-8 m\u00e9t<\/strong>. V\u1edbi kho\u1ea3ng c\u00e1ch n\u00e0y, m\u1eadt \u0111\u1ed9 tr\u1ed3ng trung b\u00ecnh s\u1ebd l\u00e0 <strong>200-250 c\u00e2y\/ha<\/strong>, \u0111\u1ea3m b\u1ea3o c\u00e2y c\u00f3 \u0111\u1ee7 kh\u00f4ng gian \u0111\u1ec3 ph\u00e1t tri\u1ec3n t\u00e1n l\u00e1 v\u00e0 h\u1ea5p th\u1ee5 ch\u1ea5t dinh d\u01b0\u1ee1ng t\u1eeb \u0111\u1ea5t.<\/p>\n<h2><strong>C\u00e1ch Ch\u0103m S\u00f3c C\u00e2y D\u1eeba D\u00e2u V\u00e0 C\u00e1c L\u01b0u \u00dd<\/strong><\/h2>\n<p>\u0110\u1ec3 \u0111\u1ea1t \u0111\u01b0\u1ee3c n\u0103ng su\u1ea5t cao v\u00e0 ch\u1ea5t l\u01b0\u1ee3ng tr\u00e1i t\u1ed1t, vi\u1ec7c ch\u0103m s\u00f3c c\u00e2y d\u1eeba d\u00e2u \u0111\u00fang c\u00e1ch l\u00e0 y\u1ebfu t\u1ed1 kh\u00f4ng th\u1ec3 b\u1ecf qua. D\u1eeba d\u00e2u tuy l\u00e0 lo\u1ea1i c\u00e2y d\u1ec5 tr\u1ed3ng v\u00e0 c\u00f3 kh\u1ea3 n\u0103ng th\u00edch nghi t\u1ed1t, nh\u01b0ng n\u1ebfu \u0111\u01b0\u1ee3c ch\u0103m s\u00f3c k\u1ef9 l\u01b0\u1ee1ng, c\u00e2y s\u1ebd ph\u00e1t tri\u1ec3n m\u1ea1nh m\u1ebd v\u00e0 cho n\u0103ng su\u1ea5t v\u01b0\u1ee3t tr\u1ed9i. D\u01b0\u1edbi \u0111\u00e2y l\u00e0 h\u01b0\u1edbng d\u1eabn chi ti\u1ebft v\u1ec1 c\u00e1ch ch\u0103m s\u00f3c c\u00e2y d\u1eeba d\u00e2u, c\u00f9ng nh\u1eefng l\u01b0u \u00fd quan tr\u1ecdng d\u00e0nh cho nh\u00e0 \u0111\u1ea7u t\u01b0<\/p>\n<p>T\u01b0\u1edbi n\u01b0\u1edbc: Trong giai \u0111o\u1ea1n m\u1edbi tr\u1ed3ng (1-2 n\u0103m \u0111\u1ea7u), c\u1ea7n t\u01b0\u1edbi n\u01b0\u1edbc \u0111\u1ec1u \u0111\u1eb7n 2 &#8211; 3 l\u1ea7n\/tu\u1ea7n \u0111\u1ec3 gi\u00fap c\u00e2y ph\u00e1t tri\u1ec3n b\u1ed9 r\u1ec5. Khi c\u00e2y tr\u01b0\u1edfng th\u00e0nh, t\u01b0\u1edbi n\u01b0\u1edbc 1 &#8211; 2 l\u1ea7n\/tu\u1ea7n, \u0111\u1eb7c bi\u1ec7t l\u00e0 trong m\u00f9a kh\u00f4. L\u01b0u \u00fd kh\u00f4ng t\u01b0\u1edbi qu\u00e1 nhi\u1ec1u n\u01b0\u1edbc \u0111\u1ec3 tr\u00e1nh g\u00e2y ng\u1eadp \u00fang, \u1ea3nh h\u01b0\u1edfng \u0111\u1ebfn b\u1ed9 r\u1ec5.<br \/>\nB\u00f3n ph\u00e2n: \u1ede giai \u0111o\u1ea1n m\u1edbi tr\u1ed3ng, b\u00f3n l\u00f3t ph\u00e2n h\u1eefu c\u01a1 tr\u01b0\u1edbc khi tr\u1ed3ng, k\u1ebft h\u1ee3p v\u1edbi ph\u00e2n NPK (t\u1ec9 l\u1ec7 2:1:1) \u0111\u1ec3 k\u00edch th\u00edch r\u1ec5 ph\u00e1t tri\u1ec3n. Giai \u0111o\u1ea1n c\u00e2y ra hoa v\u00e0 k\u1ebft tr\u00e1i<strong>,<\/strong>\u00a0t\u0103ng c\u01b0\u1eddng ph\u00e2n NPK (t\u1ec9 l\u1ec7 3:1:2) \u0111\u1ec3 cung c\u1ea5p \u0111\u1ee7 dinh d\u01b0\u1ee1ng cho c\u00e2y. Sau khi thu ho\u1ea1ch, b\u00f3n ph\u00e2n h\u1eefu c\u01a1 v\u00e0 ph\u00e2n NPK \u0111\u1ec3 ph\u1ee5c h\u1ed3i s\u1ee9c kh\u1ecfe cho c\u00e2y.<\/p>\n<p>Ph\u00f2ng tr\u1eeb s\u00e2u b\u1ec7nh: Th\u01b0\u1eddng xuy\u00ean ki\u1ec3m tra v\u01b0\u1eddn \u0111\u1ec3 ph\u00e1t hi\u1ec7n v\u00e0 x\u1eed l\u00fd s\u1edbm c\u00e1c lo\u1ea1i s\u00e2u b\u1ec7nh nh\u01b0 r\u1ec7p, nh\u1ec7n \u0111\u1ecf, b\u1ec7nh th\u1ed1i r\u1ec5.<\/p>\n<p>C\u1eaft t\u1ec9a l\u00e1: C\u1eaft t\u1ec9a \u0111\u1ecbnh k\u1ef3 6 th\u00e1ng\/l\u1ea7n. Lo\u1ea1i b\u1ecf c\u00e1c l\u00e1 gi\u00e0, l\u00e1 b\u1ecb v\u00e0ng \u00faa ho\u1eb7c c\u00f3 d\u1ea5u hi\u1ec7u s\u00e2u b\u1ec7nh \u0111\u1ec3 h\u1ea1n ch\u1ebf l\u00e2y lan.<\/p>\n<h2><strong>Gi\u00e1 C\u00e2y Gi\u1ed1ng D\u1eeba D\u00e2u<\/strong><\/h2>\n<p>Gi\u00e1 c\u00e2y gi\u1ed1ng d\u1eeba d\u00e2u t\u1ea1i v\u01b0\u1eddn Ph\u00fac An \u0111ang dao \u0111\u1ed9ng t\u1eeb <strong>30.000 &#8211; 40.000 \u0111\u1ed3ng\/c\u00e2y<\/strong>\u00a0theo gi\u00e1 s\u1ec9. \u0110\u1ed1i v\u1edbi kh\u00e1ch h\u00e0ng mua s\u1ed1 l\u01b0\u1ee3ng l\u1edbn, gi\u00e1 c\u00f3 th\u1ec3 \u0111\u01b0\u1ee3c \u01b0u \u0111\u00e3i h\u01a1n t\u00f9y theo th\u1ecfa thu\u1eadn v\u1edbi nh\u00e0 v\u01b0\u1eddn. Ch\u00fang t\u00f4i cam k\u1ebft mang \u0111\u1ebfn c\u00e2y gi\u1ed1ng ch\u1ea5t l\u01b0\u1ee3ng v\u1edbi gi\u00e1 c\u1ea3 ph\u1ea3i ch\u0103ng.<\/p>\n<h2><strong>Mua C\u00e2y Gi\u1ed1ng D\u1eeba D\u00e2u \u1ede \u0110\u00e2u Ch\u1ea5t L\u01b0\u1ee3ng?<\/strong><\/h2>\n<p>N\u1ebfu b\u00e0 con \u0111ang t\u00ecm ki\u1ebfm \u0111\u1ecba ch\u1ec9 cung c\u1ea5p c\u00e2y gi\u1ed1ng d\u1eeba d\u00e2u ch\u1ea5t l\u01b0\u1ee3ng, C\u00e2y gi\u1ed1ng Ph\u00fac An\u00a0l\u00e0 m\u1ed9t trong nh\u1eefng l\u1ef1a ch\u1ecdn h\u00e0ng \u0111\u1ea7u. C\u00e2y gi\u1ed1ng \u0111\u01b0\u1ee3c b\u1ea3o h\u00e0nh \u0111\u00fang gi\u1ed1ng cho \u0111\u1ebfn khi c\u00f3 tr\u00e1i, \u0111\u1ea3m b\u1ea3o s\u1ef1 h\u00e0i l\u00f2ng c\u1ee7a kh\u00e1ch h\u00e0ng.<\/p>\n<figure id=\"attachment_3760\" aria-describedby=\"caption-attachment-3760\" style=\"width: 375px\" class=\"wp-caption aligncenter\"><img loading=\"lazy\" decoding=\"async\" class=\"wp-image-3760\" src=\"http:\/\/localhost\/phucan713\/wp-content\/uploads\/2025\/06\/z5915679231945_c89634837fecc946bfdab737a3e0d1b8-768x1024.jpg\" alt=\"c\u00e2y gi\u1ed1ng d\u1eeba d\u1ee9a-c\u00e2y gi\u1ed1ng ph\u00fac an\" width=\"375\" height=\"500\" srcset=\"https:\/\/ktech4.k-tech-services.com\/phucan713\/wp-content\/uploads\/2025\/06\/z5915679231945_c89634837fecc946bfdab737a3e0d1b8-768x1024.jpg 768w, https:\/\/ktech4.k-tech-services.com\/phucan713\/wp-content\/uploads\/2025\/06\/z5915679231945_c89634837fecc946bfdab737a3e0d1b8-225x300.jpg 225w, https:\/\/ktech4.k-tech-services.com\/phucan713\/wp-content\/uploads\/2025\/06\/z5915679231945_c89634837fecc946bfdab737a3e0d1b8-510x680.jpg 510w, https:\/\/ktech4.k-tech-services.com\/phucan713\/wp-content\/uploads\/2025\/06\/z5915679231945_c89634837fecc946bfdab737a3e0d1b8.jpg 960w\" sizes=\"auto, (max-width: 375px) 100vw, 375px\" \/><figcaption id=\"caption-attachment-3760\" class=\"wp-caption-text\">c\u00e2y gi\u1ed1ng d\u1eeba d\u1ee9a-c\u00e2y gi\u1ed1ng ph\u00fac an<\/figcaption><\/figure>\n<h2><strong>Ti\u00eau Chu\u1ea9n C\u00e2y Gi\u1ed1ng T\u1ea1i Ph\u00fac An<\/strong><\/h2>\n<ul>\n<li>C\u00e2y gh\u00e9p, chi\u1ec1u cao t\u1eeb <strong>70-80 cm<\/strong>.<\/li>\n<li>B\u1ea7u r\u1ec5 \u1ed5n \u0111\u1ecbnh, c\u00e2y c\u1ee9ng c\u00e1p, \u0111\u00e3 x\u1ea3 n\u1eafng.<\/li>\n<li>Kh\u00f4ng c\u00f3 d\u1ea5u hi\u1ec7u s\u00e2u b\u1ec7nh, b\u1ed9 l\u00e1 xanh t\u1ed1t.<\/li>\n<\/ul>\n<p>C\u00e2y tr\u1ea3i qua quy tr\u00ecnh nh\u00e2n gi\u1ed1ng, d\u01b0\u1ee1ng c\u00e2y con, x\u1ea3 n\u1eafng ho\u00e0n ch\u1ec9nh. \u0110\u1ebfn tay c\u00f4 b\u00e1c s\u1ebd l\u00e0 t\u1eebng c\u00e2y \u0111\u00e3 c\u1ee9ng c\u00e1p \u0111\u00e3 ra c\u01a1i ch\u1ed3i m\u1edbi.<br \/>\nQu\u00fd c\u00f4 b\u00e1c c\u00f3 th\u1ec3 li\u00ean h\u1ec7 tr\u1ef1c ti\u1ebfp qua SDT\/ Zalo 0962.888.014 (<a href=\"http:\/\/localhost\/phucan713\/\" target=\"_blank\" rel=\"noopener\">C\u00e2y Gi\u1ed1ng Ph\u00fac An<\/a>) \u0111\u1ec3 ch\u00fang t\u00f4i t\u01b0 v\u1ea5n v\u00e0 b\u00e1o gi\u00e1 c\u1ee5 th\u1ec3. Xin c\u1ea3m \u01a1n qu\u00fd c\u00f4 b\u00e1c \u0111\u00e3 \u0111\u1eb7t ni\u1ec1m tin v\u1edbi nh\u00e0 v\u01b0\u1eddn.<\/p>\n","protected":false},"excerpt":{"rendered":"<p>* Gi\u00e1 tham kh\u1ea3o cho s\u1ed1 l\u01b0\u1ee3ng t\u1eeb 30 c\u00e2y, c\u00f3 th\u1ec3 thay \u0111\u1ed5i theo th\u1eddi \u0111i\u1ec3m<br \/>\n* Ch\u01b0a bao g\u1ed3m ph\u00ed v\u1eadn chuy\u1ec3n (t\u00f9y theo s\u1ed1 l\u01b0\u1ee3ng c\u00e2y v\u00e0 \u0111\u1ecba \u0111i\u1ec3m giao h\u00e0ng)<\/p>\n","protected":false},"featured_media":3755,"comment_status":"open","ping_status":"closed","template":"","meta":[],"product_brand":[],"product_cat":[60],"product_tag":[],"class_list":{"0":"post-3656","1":"product","2":"type-product","3":"status-publish","4":"has-post-thumbnail","6":"product_cat-giong-dua","8":"first","9":"instock","10":"shipping-taxable","11":"purchasable","12":"product-type-simple"},"_links":{"self":[{"href":"https:\/\/ktech4.k-tech-services.com\/phucan713\/wp-json\/wp\/v2\/product\/3656","targetHints":{"allow":["GET"]}}],"collection":[{"href":"https:\/\/ktech4.k-tech-services.com\/phucan713\/wp-json\/wp\/v2\/product"}],"about":[{"href":"https:\/\/ktech4.k-tech-services.com\/phucan713\/wp-json\/wp\/v2\/types\/product"}],"replies":[{"embeddable":true,"href":"https:\/\/ktech4.k-tech-services.com\/phucan713\/wp-json\/wp\/v2\/comments?post=3656"}],"wp:featuredmedia":[{"embeddable":true,"href":"https:\/\/ktech4.k-tech-services.com\/phucan713\/wp-json\/wp\/v2\/media\/3755"}],"wp:attachment":[{"href":"https:\/\/ktech4.k-tech-services.com\/phucan713\/wp-json\/wp\/v2\/media?parent=3656"}],"wp:term":[{"taxonomy":"product_brand","embeddable":true,"href":"https:\/\/ktech4.k-tech-services.com\/phucan713\/wp-json\/wp\/v2\/product_brand?post=3656"},{"taxonomy":"product_cat","embeddable":true,"href":"https:\/\/ktech4.k-tech-services.com\/phucan713\/wp-json\/wp\/v2\/product_cat?post=3656"},{"taxonomy":"product_tag","embeddable":true,"href":"https:\/\/ktech4.k-tech-services.com\/phucan713\/wp-json\/wp\/v2\/product_tag?post=3656"}],"curies":[{"name":"wp","href":"https:\/\/api.w.org\/{rel}","templated":true}]}}