{"id":3657,"date":"2025-06-02T22:21:28","date_gmt":"2025-06-02T15:21:28","guid":{"rendered":"https:\/\/caygiongphucan.com\/?post_type=product&amp;p=3657"},"modified":"2025-06-02T22:21:28","modified_gmt":"2025-06-02T15:21:28","slug":"giong-luu-thai","status":"publish","type":"product","link":"https:\/\/ktech4.k-tech-services.com\/phucan713\/san-pham\/giong-luu-thai\/","title":{"rendered":"Gi\u1ed1ng L\u1ef1u Th\u00e1i"},"content":{"rendered":"<p>Gi\u1ed1ng L\u1ef1u Th\u00e1i l\u00e0 m\u1ed9t trong nh\u1eefng gi\u1ed1ng c\u00e2y \u0103n tr\u00e1i \u0111ang \u0111\u01b0\u1ee3c \u01b0a chu\u1ed9ng nh\u1ea5t hi\u1ec7n nay nh\u1edd \u0111\u1eb7c \u0111i\u1ec3m tr\u00e1i to, ng\u1ecdt, s\u1ea3n l\u01b0\u1ee3ng cao v\u00e0 kh\u1ea3 n\u0103ng th\u00edch nghi t\u1ed1t v\u1edbi \u0111i\u1ec1u ki\u1ec7n kh\u00ed h\u1eadu Vi\u1ec7t Nam. Nhi\u1ec1u nh\u00e0 \u0111\u1ea7u t\u01b0 n\u00f4ng nghi\u1ec7p \u0111\u00e3 l\u1ef1a ch\u1ecdn gi\u1ed1ng l\u1ef1u Th\u00e1i \u0111\u1ec3 tr\u1ed3ng quy m\u00f4 l\u1edbn, t\u1ea1o ngu\u1ed3n thu nh\u1eadp \u1ed5n \u0111\u1ecbnh v\u00e0 l\u00e2u d\u00e0i. V\u1eady gi\u1ed1ng c\u00e2y n\u00e0y c\u00f3 \u0111i\u1ec3m g\u00ec n\u1ed5i b\u1eadt? C\u00f3 th\u1ef1c s\u1ef1 \u0111\u00e1ng \u0111\u1ec3 \u0111\u1ea7u t\u01b0 kh\u00f4ng? B\u00e0i vi\u1ebft n\u00e0y s\u1ebd cung c\u1ea5p th\u00f4ng tin chi ti\u1ebft v\u1ec1 gi\u1ed1ng l\u1ef1u Th\u00e1i, t\u1eeb ngu\u1ed3n g\u1ed1c, \u0111\u1eb7c \u0111i\u1ec3m, c\u00e1ch tr\u1ed3ng v\u00e0 ch\u0103m s\u00f3c, gi\u00fap b\u1ea1n c\u00f3 c\u00e1i nh\u00ecn to\u00e0n di\u1ec7n tr\u01b0\u1edbc khi quy\u1ebft \u0111\u1ecbnh \u0111\u1ea7u t\u01b0.<\/p>\n<h2><strong>Ngu\u1ed3n g\u1ed1c c\u00e2y l\u1ef1u Th\u00e1i<\/strong><\/h2>\n<p>Theo c\u00e1c t\u00e0i li\u1ec7u nghi\u00ean c\u1ee9u, l\u1ef1u c\u00f3 ngu\u1ed3n g\u1ed1c t\u1eeb Iran v\u00e0 c\u00e1c n\u01b0\u1edbc d\u1ecdc theo duy\u00ean h\u1ea3i \u0110\u1ecba Trung H\u1ea3i nh\u01b0 Th\u1ed5 Nh\u0129 K\u1ef3, Hy L\u1ea1p v\u00e0 Ai C\u1eadp. T\u1ea1i Th\u00e1i Lan, l\u1ef1u \u0111\u01b0\u1ee3c nh\u1eadp kh\u1ea9u v\u00e0 lai t\u1ea1o \u0111\u1ec3 t\u1ea1o ra gi\u1ed1ng l\u1ef1u Th\u00e1i v\u1edbi nh\u1eefng \u0111\u1eb7c \u0111i\u1ec3m \u01b0u vi\u1ec7t nh\u01b0 tr\u00e1i to, v\u1ecf m\u1ecfng, h\u1ea1t m\u1ecdng n\u01b0\u1edbc v\u00e0 v\u1ecb ng\u1ecdt thanh. Gi\u1ed1ng l\u1ef1u Th\u00e1i nhanh ch\u00f3ng \u0111\u01b0\u1ee3c \u01b0a chu\u1ed9ng v\u00e0 tr\u1edf th\u00e0nh m\u1ed9t trong nh\u1eefng lo\u1ea1i tr\u00e1i c\u00e2y xu\u1ea5t kh\u1ea9u ch\u1ee7 l\u1ef1c c\u1ee7a Th\u00e1i Lan.<\/p>\n<p>T\u1ea1i Vi\u1ec7t Nam, gi\u1ed1ng l\u1ef1u Th\u00e1i \u0111\u01b0\u1ee3c nh\u1eadp kh\u1ea9u v\u00e0 tr\u1ed3ng th\u1eed nghi\u1ec7m t\u1eeb nh\u1eefng n\u0103m \u0111\u1ea7u th\u1eadp ni\u00ean 2010. Nh\u1edd kh\u1ea3 n\u0103ng th\u00edch nghi t\u1ed1t v\u1edbi \u0111i\u1ec1u ki\u1ec7n kh\u00ed h\u1eadu v\u00e0 \u0111\u1ea5t \u0111ai, l\u1ef1u Th\u00e1i nhanh ch\u00f3ng \u0111\u01b0\u1ee3c nh\u00e2n r\u1ed9ng v\u00e0 tr\u1edf th\u00e0nh m\u1ed9t trong nh\u1eefng c\u00e2y tr\u1ed3ng mang l\u1ea1i gi\u00e1 tr\u1ecb kinh t\u1ebf cao.<\/p>\n<p>C\u00e1c t\u1ec9nh ph\u00eda Nam nh\u01b0 Ti\u1ec1n Giang, \u0110\u1ed3ng Th\u00e1p, B\u00ecnh Ph\u01b0\u1edbc v\u00e0 T\u00e2y Ninh l\u00e0 nh\u1eefng v\u00f9ng tr\u1ed3ng l\u1ef1u Th\u00e1i ch\u1ee7 l\u1ef1c t\u1ea1i Vi\u1ec7t Nam.<\/p>\n<h2><strong>\u0110\u1eb7c \u0111i\u1ec3m gi\u1ed1ng l\u1ef1u Th\u00e1i<\/strong><\/h2>\n<p>H\u00ecnh th\u00e1i c\u00e2y: L\u1ef1u Th\u00e1i thu\u1ed9c c\u00e2y th\u00e2n g\u1ed7 l\u00e2u n\u0103m, c\u00f3 th\u1ec3 cao t\u1eeb <strong>2 &#8211; 8m<\/strong>, th\u00e2n c\u00e2y c\u00f3 m\u00e0u n\u00e2u x\u00e1m, d\u1ebbo dai, ph\u00e2n nh\u00e1nh nhi\u1ec1u v\u00e0 t\u1ea1o th\u00e0nh b\u1ee5i r\u1eadm khi tr\u01b0\u1edfng th\u00e0nh. Nh\u00e1nh non c\u00f3 m\u00e0u xanh v\u00e0ng, b\u1ec1 m\u1eb7t nh\u1eb5n b\u00f3ng, c\u00f3 4 g\u00f3c c\u1ea1nh \u0111\u1eb7c tr\u01b0ng.<\/p>\n<p>L\u00e1 c\u00e2y: L\u00e1 \u0111\u01a1n m\u1ecdc \u0111\u1ed1i x\u1ee9ng ho\u1eb7c th\u00e0nh c\u1ee5m, d\u00e0i kho\u1ea3ng <strong>3 &#8211; 4cm<\/strong>, \u0111\u1ea7u l\u00e1 nh\u1ecdn, gi\u1eefa l\u00e1 ph\u00ecnh to, g\u00e2n l\u00e1 n\u1ed5i r\u00f5.<\/p>\n<p>Hoa: Hoa l\u1ef1u Th\u00e1i th\u01b0\u1eddng m\u1ecdc \u1edf ng\u1ecdn c\u00e0nh ho\u1eb7c n\u00e1ch l\u00e1, c\u00f3 th\u1ec3 m\u1ecdc ri\u00eang l\u1ebb ho\u1eb7c th\u00e0nh ch\u00f9m. C\u00e1nh hoa m\u00e0u \u0111\u1ecf cam r\u1ef1c r\u1ee1, c\u00f3 hai d\u1ea1ng c\u00e1nh \u0111\u01a1n ho\u1eb7c c\u00e1nh k\u00e9p. Hoa th\u01b0\u1eddng c\u00f3 <strong>5 c\u00e1nh<\/strong>, thu\u1ed9c lo\u1ea1i l\u01b0\u1ee1ng t\u00ednh, v\u1edbi nhi\u1ec1u nh\u1ecb b\u1ea7u v\u00e0 nhi\u1ec1u \u00f4 ch\u1ee9a no\u00e3n x\u1ebfp ch\u1ed3ng l\u00ean nhau..<\/p>\n<p>Tr\u00e1i: Tr\u00e1i m\u1ecdn, h\u00ecnh c\u1ea7u, \u0111\u01b0\u1eddng k\u00ednh t\u1eeb <strong>8 &#8211; 10cm<\/strong>, v\u1ecf m\u00e0u h\u1ed3ng \u0111\u1ecf khi ch\u00edn, d\u00e0y v\u00e0 c\u1ee9ng. B\u00ean trong c\u00f3 nhi\u1ec1u h\u1ea1t m\u1ecdng n\u01b0\u1edbc, m\u00e0u h\u1ed3ng tr\u1eafng, \u0103n gi\u00f2n v\u00e0 v\u1ecb ng\u1ecdt thanh, gi\u00e0u gi\u00e1 tr\u1ecb dinh d\u01b0\u1ee1ng.<\/p>\n<p>Kh\u1ea3 n\u0103ng th\u00edch nghi: Kh\u1ea3 n\u0103ng ch\u1ecbu h\u1ea1n t\u1ed1t, ph\u00f9 h\u1ee3p v\u1edbi nhi\u1ec1u lo\u1ea1i \u0111\u1ea5t kh\u00e1c nhau, t\u1eeb \u0111\u1ea5t ph\u00f9 sa, \u0111\u1ea5t c\u00e1t pha \u0111\u1ebfn \u0111\u1ea5t th\u1ecbt nh\u1eb9.<\/p>\n<p>Gi\u00e1 tr\u1ecb dinh d\u01b0\u1ee1ng: l\u1ef1u Th\u00e1i gi\u00e0u vitamin C, ch\u1ea5t ch\u1ed1ng oxy h\u00f3a v\u00e0 c\u00e1c kho\u00e1ng ch\u1ea5t nh\u01b0 kali, magie, gi\u00fap t\u0103ng c\u01b0\u1eddng s\u1ee9c kh\u1ecfe v\u00e0 ng\u0103n ng\u1eeba b\u1ec7nh t\u1eadt. N\u01b0\u1edbc \u00e9p l\u1ef1u c\u00f3 t\u00e1c d\u1ee5ng l\u00e0m \u0111\u1eb9p da, h\u1ed7 tr\u1ee3 ti\u00eau h\u00f3a v\u00e0 t\u0103ng c\u01b0\u1eddng mi\u1ec5n d\u1ecbch.<\/p>\n<h2><strong>Gi\u1ed1ng l\u1ef1u Th\u00e1i tr\u1ed3ng bao l\u00e2u c\u00f3 tr\u00e1i thu ho\u1ea1ch?<\/strong><\/h2>\n<p>Th\u00f4ng th\u01b0\u1eddng, l\u1ef1u Th\u00e1i s\u1ebd b\u1eaft \u0111\u1ea7u cho tr\u00e1i sau kho\u1ea3ng <strong>12 &#8211; 18 th\u00e1ng<\/strong>\u00a0n\u1ebfu c\u00e2y \u0111\u01b0\u1ee3c ch\u0103m s\u00f3c t\u1ed1t v\u00e0 c\u00f3 \u0111i\u1ec1u ki\u1ec7n ph\u00e1t tri\u1ec3n l\u00fd t\u01b0\u1edfng. Tuy nhi\u00ean, th\u1eddi gian n\u00e0y c\u00f3 th\u1ec3 thay \u0111\u1ed5i t\u00f9y thu\u1ed9c v\u00e0o c\u00e1c y\u1ebfu t\u1ed1 nh\u01b0 gi\u1ed1ng c\u00e2y, ch\u1ea5t l\u01b0\u1ee3ng \u0111\u1ea5t, v\u00e0 \u0111i\u1ec1u ki\u1ec7n kh\u00ed h\u1eadu.<\/p>\n<h2><strong>T\u1eeb l\u00fac ra hoa \u0111\u1ebfn khi thu ho\u1ea1ch c\u00e2y l\u1ef1u Th\u00e1i kho\u1ea3ng bao l\u00e2u?<\/strong><\/h2>\n<p>T\u1eeb l\u00fac c\u00e2y l\u1ef1u Th\u00e1i ra hoa \u0111\u1ebfn khi thu ho\u1ea1ch tr\u00e1i th\u01b0\u1eddng m\u1ea5t kho\u1ea3ng <strong>5 &#8211; 6 th\u00e1ng<\/strong>. Sau khi hoa n\u1edf v\u00e0 th\u1ee5 ph\u1ea5n, tr\u00e1i l\u1ef1u s\u1ebd ph\u00e1t tri\u1ec3n d\u1ea7n v\u00e0 c\u00f3 th\u1ec3 thu ho\u1ea1ch khi \u0111\u1ea1t k\u00edch th\u01b0\u1edbc l\u1edbn nh\u1ea5t, v\u1ecf c\u00f3 m\u00e0u \u0111\u1ecf t\u01b0\u01a1i ho\u1eb7c v\u00e0ng cam t\u00f9y theo gi\u1ed1ng. Th\u1eddi gian n\u00e0y c\u00f3 th\u1ec3 thay \u0111\u1ed5i m\u1ed9t ch\u00fat t\u00f9y v\u00e0o \u0111i\u1ec1u ki\u1ec7n th\u1eddi ti\u1ebft, c\u00e1ch ch\u0103m s\u00f3c c\u0169ng nh\u01b0 gi\u1ed1ng l\u1ef1u c\u1ee5 th\u1ec3.<\/p>\n<h2><strong>N\u0103ng su\u1ea5t gi\u1ed1ng l\u1ef1u Th\u00e1i<\/strong><\/h2>\n<p>L\u1ef1u Th\u00e1i \u0111\u01b0\u1ee3c \u01b0a chu\u1ed9ng kh\u00f4ng ch\u1ec9 nh\u1edd h\u01b0\u01a1ng v\u1ecb th\u01a1m ngon m\u00e0 c\u00f2n b\u1edfi n\u0103ng su\u1ea5t cao, \u0111em l\u1ea1i ngu\u1ed3n thu nh\u1eadp \u1ed5n \u0111\u1ecbnh cho nh\u00e0 v\u01b0\u1eddn. Th\u00f4ng th\u01b0\u1eddng, m\u1ed9t c\u00e2y l\u1ef1u Th\u00e1i tr\u01b0\u1edfng th\u00e0nh (t\u1eeb n\u0103m th\u1ee9 2 tr\u1edf \u0111i) c\u00f3 th\u1ec3 cho thu ho\u1ea1ch t\u1eeb <strong>30-50 tr\u00e1i\/n\u0103m<\/strong>, t\u01b0\u01a1ng \u0111\u01b0\u01a1ng 30 &#8211; 50kg, t\u00f9y thu\u1ed9c v\u00e0o \u0111i\u1ec1u ki\u1ec7n ch\u0103m s\u00f3c v\u00e0 kh\u00ed h\u1eadu. \u00a0V\u1edbi m\u1eadt \u0111\u1ed9 tr\u1ed3ng kho\u1ea3ng <strong>1.000-1.200 c\u00e2y\/ha<\/strong>, n\u0103ng su\u1ea5t trung b\u00ecnh c\u00f3 th\u1ec3 \u0111\u1ea1t t\u1eeb <strong>30.000-50.000 tr\u00e1i\/ha\/n\u0103m<\/strong>.<\/p>\n<h2><strong>Kh\u00ed h\u1eadu v\u00e0 \u0111\u1ea5t tr\u1ed3ng th\u00edch h\u1ee3p v\u1edbi gi\u1ed1ng l\u1ef1u Th\u00e1i<\/strong><\/h2>\n<ul>\n<li><strong>Kh\u00ed h\u1eadu:<\/strong>th\u00edch h\u1ee3p v\u1edbi kh\u00ed h\u1eadu nhi\u1ec7t \u0111\u1edbi v\u00e0 c\u1eadn nhi\u1ec7t \u0111\u1edbi, n\u01a1i c\u00f3 \u00e1nh s\u00e1ng m\u1eb7t tr\u1eddi \u0111\u1ea7y \u0111\u1ee7 v\u00e0 nhi\u1ec7t \u0111\u1ed9 \u1ed5n \u0111\u1ecbnh t\u1eeb <strong>25 &#8211; 35\u00b0C<\/strong>. C\u00e2y c\u00f3 th\u1ec3 ch\u1ecbu \u0111\u01b0\u1ee3c nhi\u1ec7t \u0111\u1ed9 cao l\u00ean \u0111\u1ebfn <strong>40\u00b0C<\/strong>\u00a0nh\u01b0ng c\u1ea7n \u0111\u01b0\u1ee3c t\u01b0\u1edbi n\u01b0\u1edbc \u0111\u1ea7y \u0111\u1ee7. Nhi\u1ec7t \u0111\u1ed9 th\u1ea5p d\u01b0\u1edbi <strong>10\u00b0C<\/strong>\u00a0c\u00f3 th\u1ec3 l\u00e0m ch\u1eadm qu\u00e1 tr\u00ecnh sinh tr\u01b0\u1edfng v\u00e0 \u1ea3nh h\u01b0\u1edfng \u0111\u1ebfn n\u0103ng su\u1ea5t.<\/li>\n<li><strong>\u0110\u1ea5t tr\u1ed3ng:<\/strong>C\u00e2y ph\u00e1t tri\u1ec3n t\u1ed1t tr\u00ean \u0111\u1ea5t ph\u00f9 sa, \u0111\u1ea5t th\u1ecbt nh\u1eb9 ho\u1eb7c \u0111\u1ea5t c\u00e1t pha, v\u1edbi \u0111\u1ed9 pH t\u1eeb <strong>5,5 &#8211; 7<\/strong>. \u0110\u1ea5t qu\u00e1 chua (pH d\u01b0\u1edbi 5) ho\u1eb7c qu\u00e1 ki\u1ec1m (pH tr\u00ean 8) c\u00f3 th\u1ec3 \u1ea3nh h\u01b0\u1edfng \u0111\u1ebfn kh\u1ea3 n\u0103ng h\u1ea5p th\u1ee5 dinh d\u01b0\u1ee1ng c\u1ee7a c\u00e2y. Ngo\u00e0i ra, \u0111\u1ea5t c\u1ea7n c\u00f3 kh\u1ea3 n\u0103ng tho\u00e1t n\u01b0\u1edbc t\u1ed1t \u0111\u1ec3 tr\u00e1nh ng\u1eadp \u00fang, \u0111\u1eb7c bi\u1ec7t l\u00e0 trong m\u00f9a m\u01b0a. N\u1ebfu \u0111\u1ea5t tho\u00e1t n\u01b0\u1edbc k\u00e9m, c\u1ea7n c\u1ea3i t\u1ea1o b\u1eb1ng c\u00e1ch b\u1ed5 sung c\u00e1t ho\u1eb7c ph\u00e2n h\u1eefu c\u01a1.<\/li>\n<\/ul>\n<h2><strong>Kho\u1ea3ng c\u00e1ch tr\u1ed3ng c\u00e2y l\u1ef1u Th\u00e1i<\/strong><\/h2>\n<p>Kho\u1ea3ng c\u00e1ch tr\u1ed3ng kh\u00f4ng ch\u1ec9 \u1ea3nh h\u01b0\u1edfng \u0111\u1ebfn s\u1ef1 sinh tr\u01b0\u1edfng c\u1ee7a c\u00e2y m\u00e0 c\u00f2n quy\u1ebft \u0111\u1ecbnh hi\u1ec7u qu\u1ea3 kinh t\u1ebf c\u1ee7a m\u00f4 h\u00ecnh tr\u1ed3ng tr\u1ecdt. Th\u00f4ng th\u01b0\u1eddng, kho\u1ea3ng c\u00e1ch l\u00fd t\u01b0\u1edfng \u0111\u1ec3 tr\u1ed3ng c\u00e2y l\u1ef1u Th\u00e1i l\u00e0 <strong>3 &#8211; 4 m\u00e9t<\/strong>\u00a0gi\u1eefa c\u00e1c c\u00e2y v\u00e0 <strong>4 &#8211; 5 m\u00e9t <\/strong>gi\u1eefa c\u00e1c h\u00e0ng. Kho\u1ea3ng c\u00e1ch n\u00e0y gi\u00fap c\u00e2y c\u00f3 \u0111\u1ee7 kh\u00f4ng gian \u0111\u1ec3 ph\u00e1t tri\u1ec3n t\u00e1n l\u00e1 v\u00e0 h\u1ea5p th\u1ee5 ch\u1ea5t dinh d\u01b0\u1ee1ng t\u1eeb \u0111\u1ea5t.<\/p>\n<h2><strong>C\u00e1ch ch\u0103m s\u00f3c c\u00e2y l\u1ef1u Th\u00e1i v\u00e0 c\u00e1c l\u01b0u \u00fd<\/strong><\/h2>\n<p><strong>T\u01b0\u1edbi n\u01b0\u1edbc: <\/strong>C\u00e2y l\u1ef1u Th\u00e1i c\u1ea7n l\u01b0\u1ee3ng n\u01b0\u1edbc \u1ed5n \u0111\u1ecbnh, \u0111\u1eb7c bi\u1ec7t trong m\u00f9a kh\u00f4 v\u00e0 trong c\u00e1c giai \u0111o\u1ea1n c\u00e2y ra hoa, k\u1ebft tr\u00e1i. Trong giai \u0111o\u1ea1n m\u1edbi tr\u1ed3ng (1-2 n\u0103m \u0111\u1ea7u), c\u1ea7n t\u01b0\u1edbi n\u01b0\u1edbc \u0111\u1ec1u \u0111\u1eb7n 2-3 l\u1ea7n\/tu\u1ea7n \u0111\u1ec3 gi\u00fap c\u00e2y ph\u00e1t tri\u1ec3n b\u1ed9 r\u1ec5. Khi c\u00e2y tr\u01b0\u1edfng th\u00e0nh, t\u01b0\u1edbi n\u01b0\u1edbc 1-2 l\u1ea7n\/tu\u1ea7n. Tuy nhi\u00ean, c\u1ea7n tr\u00e1nh t\u00ecnh tr\u1ea1ng \u00fang n\u01b0\u1edbc, v\u00ec c\u00e2y l\u1ef1u kh\u00f4ng ch\u1ecbu \u0111\u01b0\u1ee3c \u0111\u1ea5t \u1ea9m \u01b0\u1edbt l\u00e2u d\u00e0i. S\u1eed d\u1ee5ng h\u1ec7 th\u1ed1ng t\u01b0\u1edbi nh\u1ecf gi\u1ecdt ho\u1eb7c t\u01b0\u1edbi phun \u0111\u1ec3 ti\u1ebft ki\u1ec7m n\u01b0\u1edbc v\u00e0 \u0111\u1ea3m b\u1ea3o \u0111\u1ed9 \u1ea9m \u0111\u1ec1u kh\u1eafp v\u01b0\u1eddn.<\/p>\n<p>B\u00f3n ph\u00e2n: Sau khi tr\u1ed3ng 1- 2 th\u00e1ng, b\u00f3n ph\u00e2n h\u1eefu c\u01a1 nh\u01b0 ph\u00e2n chu\u1ed3ng hoai m\u1ee5c ho\u1eb7c ph\u00e2n compost \u0111\u1ec3 cung c\u1ea5p dinh d\u01b0\u1ee1ng cho c\u00e2y. Giai \u0111o\u1ea1n c\u00e2y ra hoa v\u00e0 \u0111\u1eadu tr\u00e1i, s\u1eed d\u1ee5ng ph\u00e2n NPK \u0111\u1ecbnh k\u1ef3 \u0111\u1ec3 cung c\u1ea5p \u0111\u1ee7 dinh d\u01b0\u1ee1ng cho c\u00e2y. N\u1ebfu \u0111\u1ea5t c\u00f3 \u0111\u1ed9 pH th\u1ea5p, c\u1ea7n b\u00f3n v\u00f4i \u0111\u1ec3 \u0111i\u1ec1u ch\u1ec9nh \u0111\u1ed9 pH v\u00e0 gi\u00fap c\u00e2y h\u1ea5p th\u1ee5 dinh d\u01b0\u1ee1ng t\u1ed1t h\u01a1n.<\/p>\n<p>Ph\u00f2ng tr\u1eeb s\u00e2u b\u1ec7nh: C\u00e2y l\u1ef1u Th\u00e1i c\u00f3 th\u1ec3 b\u1ecb s\u00e2u b\u1ec7nh nh\u01b0 s\u00e2u \u0103n l\u00e1, n\u1ea5m, ho\u1eb7c c\u00e1c lo\u1ea1i c\u00f4n tr\u00f9ng kh\u00e1c. Th\u01b0\u1eddng xuy\u00ean ki\u1ec3m tra c\u00e2y v\u00e0 phun thu\u1ed1c b\u1ea3o v\u1ec7 th\u1ef1c v\u1eadt n\u1ebfu c\u1ea7n. N\u1ebfu ph\u00e1t hi\u1ec7n c\u00e2y b\u1ecb b\u1ec7nh, c\u1ea7n t\u00e1ch c\u00e2y b\u1ecb nhi\u1ec5m b\u1ec7nh ra kh\u1ecfi khu v\u1ef1c tr\u1ed3ng \u0111\u1ec3 tr\u00e1nh l\u00e2y lan.<\/p>\n<p>C\u1eaft t\u1ec9a c\u00e0nh: C\u1eaft t\u1ec9a c\u00e0nh gi\u00e0, c\u00e0nh b\u1ecb s\u00e2u b\u1ec7nh \u0111\u1ecbnh k\u1ef3 \u0111\u1ec3 c\u00e2y t\u1eadp trung dinh d\u01b0\u1ee1ng cho tr\u00e1i.<\/p>\n<h2><strong>Gi\u00e1 c\u00e2y gi\u1ed1ng l\u1ef1u Th\u00e1i<\/strong><\/h2>\n<p>Gi\u00e1 c\u00e2y gi\u1ed1ng l\u1ef1u Th\u00e1i t\u1ea1i v\u01b0\u1eddn Ph\u00fac An \u0111ang dao \u0111\u1ed9ng t\u1eeb <strong>55.000 &#8211; 65.000 \u0111\u1ed3ng\/c\u00e2y<\/strong>\u00a0(theo gi\u00e1 s\u1ec9). \u0110\u1ed1i v\u1edbi kh\u00e1ch h\u00e0ng mua s\u1ed1 l\u01b0\u1ee3ng l\u1edbn, gi\u00e1 c\u00f3 th\u1ec3 \u0111\u01b0\u1ee3c \u01b0u \u0111\u00e3i h\u01a1n t\u00f9y theo th\u1ecfa thu\u1eadn v\u1edbi nh\u00e0 v\u01b0\u1eddn.<\/p>\n<h2><strong>Mua c\u00e2y gi\u1ed1ng l\u1ef1u Th\u00e1i \u1edf \u0111\u00e2u ch\u1ea5t l\u01b0\u1ee3ng?<\/strong><\/h2>\n<p>C\u00e2y gi\u1ed1ng Ph\u00fac An\u00a0l\u00e0 \u0111\u1ecba ch\u1ec9 uy t\u00edn cung c\u1ea5p c\u00e2y gi\u1ed1ng l\u1ef1u Th\u00e1i ch\u1ea5t l\u01b0\u1ee3ng cao. C\u00e2y gi\u1ed1ng cam k\u1ebft \u0111\u01b0\u1ee3c b\u1ea3o h\u00e0nh \u0111\u00fang gi\u1ed1ng cho \u0111\u1ebfn khi c\u00f3 tr\u00e1i, \u0111\u1ea3m b\u1ea3o s\u1ef1 h\u00e0i l\u00f2ng c\u1ee7a kh\u00e1ch h\u00e0ng.<\/p>\n<h2><strong>Ti\u00eau chu\u1ea9n c\u00e2y gi\u1ed1ng t\u1ea1i Ph\u00fac An<\/strong><\/h2>\n<ul>\n<li>C\u00e2y gh\u00e9p, chi\u1ec1u cao t\u1eeb 70-80 cm.<\/li>\n<li>B\u1ea7u r\u1ec5 \u1ed5n \u0111\u1ecbnh, c\u00e2y \u0111\u00e3 x\u1ea3 n\u1eafng v\u00e0 c\u1ee9ng c\u00e1p.<\/li>\n<li>Kh\u00f4ng c\u00f3 d\u1ea5u hi\u1ec7u s\u00e2u b\u1ec7nh, b\u1ed9 l\u00e1 xanh t\u1ed1t.<\/li>\n<\/ul>\n<p>C\u00e2y tr\u1ea3i qua quy tr\u00ecnh nh\u00e2n gi\u1ed1ng, d\u01b0\u1ee1ng c\u00e2y con, x\u1ea3 n\u1eafng ho\u00e0n ch\u1ec9nh. \u0110\u1ebfn tay c\u00f4 b\u00e1c s\u1ebd l\u00e0 t\u1eebng c\u00e2y \u0111\u00e3 c\u1ee9ng c\u00e1p \u0111\u00e3 ra c\u01a1i ch\u1ed3i m\u1edbi.<br \/>\nQu\u00fd c\u00f4 b\u00e1c c\u00f3 th\u1ec3 li\u00ean h\u1ec7 tr\u1ef1c ti\u1ebfp qua SDT\/ Zalo 0962.888.014 (<a href=\"http:\/\/localhost\/phucan713\/\" target=\"_blank\" rel=\"noopener\">C\u00e2y Gi\u1ed1ng Ph\u00fac An<\/a>) \u0111\u1ec3 ch\u00fang t\u00f4i t\u01b0 v\u1ea5n v\u00e0 b\u00e1o gi\u00e1 c\u1ee5 th\u1ec3. Xin c\u1ea3m \u01a1n qu\u00fd c\u00f4 b\u00e1c \u0111\u00e3 \u0111\u1eb7t ni\u1ec1m tin v\u1edbi nh\u00e0 v\u01b0\u1eddn.<\/p>\n<p>&nbsp;<\/p>\n<p><strong><span style=\"color: #333399;\"><em><span style=\"text-decoration: underline;\">M\u1eddi b\u1ea1n \u0111\u1ecdc b\u00e1o v\u1ec1<a style=\"color: #333399; text-decoration: underline;\" href=\"https:\/\/vietnamnet.vn\/luu-trung-quoc-thai-lan-an-do-dai-nao-thi-truong-675593.html\" target=\"_blank\" rel=\"noopener\"> Gi\u1ed1ng L\u1ef1u Th\u00e1i<\/a><\/span><\/em><\/span><\/strong><\/p>\n","protected":false},"excerpt":{"rendered":"<div>* Gi\u00e1 tham kh\u1ea3o cho s\u1ed1 l\u01b0\u1ee3ng t\u1eeb 30 c\u00e2y, c\u00f3 th\u1ec3 thay \u0111\u1ed5i theo th\u1eddi \u0111i\u1ec3m<\/div>\n<div>* Ch\u01b0a bao g\u1ed3m ph\u00ed v\u1eadn chuy\u1ec3n (t\u00f9y theo s\u1ed1 l\u01b0\u1ee3ng c\u00e2y v\u00e0 \u0111\u1ecba \u0111i\u1ec3m giao h\u00e0ng)<\/div>\n","protected":false},"featured_media":3750,"comment_status":"open","ping_status":"closed","template":"","meta":[],"product_brand":[],"product_cat":[37],"product_tag":[],"class_list":{"0":"post-3657","1":"product","2":"type-product","3":"status-publish","4":"has-post-thumbnail","6":"product_cat-cay-giong-khac","8":"first","9":"instock","10":"shipping-taxable","11":"purchasable","12":"product-type-simple"},"_links":{"self":[{"href":"https:\/\/ktech4.k-tech-services.com\/phucan713\/wp-json\/wp\/v2\/product\/3657","targetHints":{"allow":["GET"]}}],"collection":[{"href":"https:\/\/ktech4.k-tech-services.com\/phucan713\/wp-json\/wp\/v2\/product"}],"about":[{"href":"https:\/\/ktech4.k-tech-services.com\/phucan713\/wp-json\/wp\/v2\/types\/product"}],"replies":[{"embeddable":true,"href":"https:\/\/ktech4.k-tech-services.com\/phucan713\/wp-json\/wp\/v2\/comments?post=3657"}],"wp:featuredmedia":[{"embeddable":true,"href":"https:\/\/ktech4.k-tech-services.com\/phucan713\/wp-json\/wp\/v2\/media\/3750"}],"wp:attachment":[{"href":"https:\/\/ktech4.k-tech-services.com\/phucan713\/wp-json\/wp\/v2\/media?parent=3657"}],"wp:term":[{"taxonomy":"product_brand","embeddable":true,"href":"https:\/\/ktech4.k-tech-services.com\/phucan713\/wp-json\/wp\/v2\/product_brand?post=3657"},{"taxonomy":"product_cat","embeddable":true,"href":"https:\/\/ktech4.k-tech-services.com\/phucan713\/wp-json\/wp\/v2\/product_cat?post=3657"},{"taxonomy":"product_tag","embeddable":true,"href":"https:\/\/ktech4.k-tech-services.com\/phucan713\/wp-json\/wp\/v2\/product_tag?post=3657"}],"curies":[{"name":"wp","href":"https:\/\/api.w.org\/{rel}","templated":true}]}}