{"id":3667,"date":"2025-06-11T17:37:47","date_gmt":"2025-06-11T10:37:47","guid":{"rendered":"https:\/\/caygiongphucan.com\/?post_type=product&amp;p=3667"},"modified":"2025-06-11T17:37:47","modified_gmt":"2025-06-11T10:37:47","slug":"giong-mit-ta","status":"publish","type":"product","link":"https:\/\/ktech4.k-tech-services.com\/phucan713\/san-pham\/giong-mit-ta\/","title":{"rendered":"Gi\u1ed1ng M\u00edt Ta"},"content":{"rendered":"<p>Nh\u1eefng n\u0103m g\u1ea7n \u0111\u00e2y, gi\u1ed1ng m\u00edt ta\u00a0\u0111\u00e3 tr\u1edf th\u00e0nh m\u1ed9t trong nh\u1eefng c\u00e2y tr\u1ed3ng \u0111\u01b0\u1ee3c y\u00eau th\u00edch nh\u1edd \u01b0u \u0111i\u1ec3m d\u1ec5 tr\u1ed3ng, th\u00edch nghi t\u1ed1t, cho tr\u00e1i th\u01a1m ngon, ng\u1ecdt v\u00e0 c\u00f3 gi\u00e1 tr\u1ecb kinh t\u1ebf cao. \u0110\u00e2y h\u1eb3n l\u00e0 l\u1ef1a ch\u1ecdn h\u00e0ng \u0111\u1ea7u cho nh\u1eefng ai mu\u1ed1n \u0111\u1ea7u t\u01b0 v\u00e0o n\u00f4ng nghi\u1ec7p \u0111\u1ec3 t\u1ea1o ngu\u1ed3n thu nh\u1eadp b\u1ec1n v\u1eefng. B\u00e0i vi\u1ebft n\u00e0y s\u1ebd cung c\u1ea5p th\u00f4ng tin chi ti\u1ebft v\u1ec1 ngu\u1ed3n g\u1ed1c, \u0111\u1eb7c \u0111i\u1ec3m, c\u00e1ch tr\u1ed3ng v\u00e0 ch\u0103m s\u00f3c gi\u1ed1ng m\u00edt ta, gi\u00fap b\u1ea1n c\u00f3 c\u00e1i nh\u00ecn to\u00e0n di\u1ec7n v\u00e0 t\u1ef1 tin h\u01a1n khi quy\u1ebft \u0111\u1ecbnh \u0111\u1ea7u t\u01b0 v\u00e0o lo\u1ea1i c\u00e2y n\u00e0y.<\/p>\n<h2><strong>Ngu\u1ed3n g\u1ed1c c\u00e2y m\u00edt ta<\/strong><\/h2>\n<p>M\u00edt ta l\u00e0 gi\u1ed1ng c\u00e2y b\u1ea3n \u0111\u1ecba c\u1ee7a khu v\u1ef1c \u0110\u00f4ng Nam \u00c1, \u0111\u1eb7c bi\u1ec7t ph\u1ed5 bi\u1ebfn t\u1ea1i Vi\u1ec7t Nam, Th\u00e1i Lan, v\u00e0 Malaysia. T\u1ea1i Vi\u1ec7t Nam, m\u00edt ta \u0111\u01b0\u1ee3c tr\u1ed3ng r\u1ed9ng r\u00e3i \u1edf nhi\u1ec1u v\u00f9ng mi\u1ec1n, t\u1eeb \u0111\u1ed3ng b\u1eb1ng s\u00f4ng C\u1eedu Long \u0111\u1ebfn c\u00e1c t\u1ec9nh mi\u1ec1n Trung v\u00e0 mi\u1ec1n B\u1eafc. Gi\u1ed1ng m\u00edt n\u00e0y \u0111\u00e3 \u0111\u01b0\u1ee3c ng\u01b0\u1eddi d\u00e2n tr\u1ed3ng t\u1eeb l\u00e2u \u0111\u1eddi nh\u1edd kh\u1ea3 n\u0103ng th\u00edch nghi t\u1ed1t v\u00e0 gi\u00e1 tr\u1ecb kinh t\u1ebf cao.<\/p>\n<p>C\u00e2y m\u00edt ta kh\u00f4ng ch\u1ec9 n\u1ed5i b\u1eadt v\u00ec tr\u00e1i th\u01a1m ngon m\u00e0 c\u00f2n c\u00f3 gi\u00e1 tr\u1ecb cao trong vi\u1ec7c ph\u00e1t tri\u1ec3n ng\u00e0nh c\u00f4ng nghi\u1ec7p ch\u1ebf bi\u1ebfn th\u1ef1c ph\u1ea9m. V\u1edbi \u0111\u1eb7c t\u00ednh d\u1ec5 tr\u1ed3ng v\u00e0 n\u0103ng su\u1ea5t cao, gi\u1ed1ng m\u00edt ta \u0111\u00e3 v\u00e0 \u0111ang \u0111\u01b0\u1ee3c nhi\u1ec1u n\u00f4ng d\u00e2n l\u1ef1a ch\u1ecdn \u0111\u1ec3 t\u0103ng thu nh\u1eadp.<\/p>\n<h2><strong>\u0110\u1eb7c \u0111i\u1ec3m gi\u1ed1ng m\u00edt ta<\/strong><\/h2>\n<p>H\u00ecnh th\u00e1i c\u00e2y: M\u00edt ta thu\u1ed9c lo\u1ea1i c\u00e2y th\u00e2n g\u1ed7 l\u1edbn, chi\u1ec1u cao trung b\u00ecnh t\u1eeb <strong>10-15 m\u00e9t<\/strong>. Th\u00e2n c\u00e2y th\u1eb3ng, v\u1ecf d\u00e0y, s\u1ea7n s\u00f9i, m\u00e0u x\u00e1m s\u1eabm. C\u00e2y c\u00f3 nhi\u1ec1u c\u00e0nh nh\u00e1nh, t\u00e1n r\u1ed9ng, t\u1ea1o b\u00f3ng m\u00e1t t\u1ed1t. L\u00e1 m\u00edt ta l\u00e0 lo\u1ea1i l\u00e1 \u0111\u01a1n, m\u1ecdc c\u00e1ch nhau. Phi\u1ebfn l\u00e1 d\u00e0y, h\u00ecnh tr\u00e1i xoan, chi\u1ec1u d\u00e0i t\u1eeb <strong>9-20 cm<\/strong>. M\u1eb7t tr\u00ean l\u00e1 m\u00e0u xanh \u0111\u1eadm, b\u00f3ng, trong khi m\u1eb7t d\u01b0\u1edbi c\u00f3 m\u00e0u nh\u1ea1t h\u01a1n. Cu\u1ed1ng l\u00e1 d\u00e0i kho\u1ea3ng <strong>1-2,5 cm<\/strong>.<\/p>\n<p>Hoa m\u00edt: M\u00edt ta l\u00e0 c\u00e2y \u0111\u01a1n t\u00ednh c\u00f9ng g\u1ed1c, c\u00f3 c\u1ea3 hoa \u0111\u1ef1c v\u00e0 hoa c\u00e1i m\u1ecdc ri\u00eang tr\u00ean c\u00f9ng m\u1ed9t c\u00e2y. Hoa \u0111\u1ef1c m\u1ecdc th\u00e0nh c\u1ee5m d\u00e0i, c\u00f3 l\u1edbp l\u00f4ng t\u01a1 m\u1ec1m v\u00e0 c\u00e1nh hoa, th\u01b0\u1eddng m\u1ecdc tr\u00ean c\u00e1c c\u00e0nh non. Hoa c\u00e1i m\u1ecdc th\u00e0nh c\u1ee5m h\u00ecnh b\u1ea7u d\u1ee5c, kh\u00f4ng c\u00f3 c\u00e1nh, th\u01b0\u1eddng m\u1ecdc tr\u00ean th\u00e2n ch\u00ednh ho\u1eb7c c\u00e1c c\u00e0nh gi\u00e0. M\u1ed7i c\u1ee5m hoa c\u00e1i c\u00f3 v\u00e0i tr\u0103m hoa, nh\u1ee5y hoa ch\u1ebb \u0111\u00f4i v\u00e0 n\u1ed5i l\u00ean tr\u00ean m\u1eb7t c\u1ee5m hoa.<\/p>\n<p>H\u00ecnh th\u00e1i tr\u00e1i: c\u00f3 h\u00ecnh tr\u00e1i xoan ho\u1eb7c thu\u00f4n d\u00e0i, chi\u1ec1u d\u00e0i c\u00f3 th\u1ec3 l\u00ean t\u1edbi <strong>60 cm<\/strong>. Trung b\u00ecnh m\u1ed7i tr\u00e1i n\u1eb7ng t\u1eeb <strong>10 &#8211; 20kg<\/strong>, th\u1eadm ch\u00ed c\u00f3 th\u1ec3 \u0111\u1ea1t <strong>30kg<\/strong>\u00a0n\u1ebfu \u0111\u01b0\u1ee3c ch\u0103m s\u00f3c t\u1ed1t. V\u1ecf d\u00e0y, s\u1ea7n s\u00f9i, m\u00e0u xanh khi non v\u00e0 chuy\u1ec3n sang v\u00e0ng nh\u1ea1t khi ch\u00edn. B\u00ean trong tr\u00e1i c\u00f3 nhi\u1ec1u m\u00fai m\u00edt, m\u1ed7i m\u00fai ch\u1ee9a m\u1ed9t h\u1ea1t. Th\u1ecbt (c\u00f9i) m\u1ec1m, m\u00e0u v\u00e0ng t\u01b0\u01a1i, v\u1ecb ng\u1ecdt \u0111\u1eadm nh\u1edd h\u00e0m l\u01b0\u1ee3ng \u0111\u01b0\u1eddng glucoza v\u00e0 fructoza cao, k\u00e8m theo m\u00f9i th\u01a1m \u0111\u1eb7c tr\u01b0ng.<\/p>\n<p>H\u01b0\u01a1ng v\u1ecb: M\u00edt ta c\u00f3 v\u1ecb ng\u1ecdt \u0111\u1eadm, th\u01a1m l\u1eebng, \u0111\u01b0\u1ee3c nhi\u1ec1u ng\u01b0\u1eddi y\u00eau th\u00edch.<\/p>\n<p>Gi\u00e1 tr\u1ecb dinh d\u01b0\u1ee1ng: M\u00edt ta kh\u00f4ng ch\u1ec9 c\u00f3 gi\u00e1 tr\u1ecb dinh d\u01b0\u1ee1ng cao m\u00e0 c\u00f2n \u0111\u01b0\u1ee3c s\u1eed d\u1ee5ng \u0111\u1ec3 ch\u1ebf bi\u1ebfn nhi\u1ec1u m\u00f3n \u0103n nh\u01b0 m\u00edt s\u1ea5y, m\u1ee9t m\u00edt, ho\u1eb7c \u0103n t\u01b0\u01a1i. Ngo\u00e0i ra, nhi\u1ec1u b\u1ed9 ph\u1eadn kh\u00e1c c\u1ee7a c\u00e2y m\u00edt nh\u01b0 l\u00e1, v\u1ecf, v\u00e0 r\u1ec5 c\u0169ng \u0111\u01b0\u1ee3c s\u1eed d\u1ee5ng trong y h\u1ecdc c\u1ed5 truy\u1ec1n \u0111\u1ec3 ch\u1eefa b\u1ec7nh.<\/p>\n<p>Kh\u1ea3 n\u0103ng sinh tr\u01b0\u1eddng: M\u00edt ta c\u00f3 t\u1ed1c \u0111\u1ed9 sinh tr\u01b0\u1edfng nhanh, th\u00edch nghi t\u1ed1t v\u1edbi nhi\u1ec1u lo\u1ea1i \u0111\u1ea5t v\u00e0 kh\u00ed h\u1eadu kh\u00e1c nhau. C\u00e2y c\u00f3 kh\u1ea3 n\u0103ng ch\u1ecbu h\u1ea1n t\u1ed1t v\u00e0 \u00edt b\u1ecb \u1ea3nh h\u01b0\u1edfng b\u1edfi s\u00e2u b\u1ec7nh, gi\u00fap gi\u1ea3m chi ph\u00ed ch\u0103m s\u00f3c v\u00e0 b\u1ea3o v\u1ec7.<\/p>\n<h2><strong>Gi\u1ed1ng m\u00edt ta bao l\u00e2u c\u00f3 tr\u00e1i thu ho\u1ea1ch?<\/strong><\/h2>\n<p>Trung b\u00ecnh, th\u1eddi gian \u0111\u1ec3 c\u00e2y m\u00edt ta b\u1eaft \u0111\u1ea7u cho tr\u00e1i thu ho\u1ea1ch l\u1ee9a \u0111\u1ea7u ti\u00ean l\u00e0 kho\u1ea3ng <strong>3 &#8211; 4 n\u0103m<\/strong>. Th\u1eddi gian n\u00e0y c\u00f3 th\u1ec3 thay \u0111\u1ed5i t\u00f9y thu\u1ed9c v\u00e0o \u0111i\u1ec1u ki\u1ec7n ch\u0103m s\u00f3c, kh\u00ed h\u1eadu, v\u00e0 ch\u1ea5t l\u01b0\u1ee3ng \u0111\u1ea5t tr\u1ed3ng. N\u1ebfu \u0111\u01b0\u1ee3c ch\u0103m s\u00f3c t\u1ed1t, c\u00e2y c\u00f3 th\u1ec3 cho tr\u00e1i s\u1edbm h\u01a1n, kho\u1ea3ng <strong>2,5 &#8211; 3 n\u0103m<\/strong>\u00a0sau khi tr\u1ed3ng.<\/p>\n<h2><strong>T\u1eeb l\u00fac ra hoa \u0111\u1ebfn khi thu ho\u1ea1ch c\u00e2y m\u00edt ta kho\u1ea3ng bao l\u00e2u?<\/strong><\/h2>\n<p>Qu\u00e1 tr\u00ecnh t\u1eeb khi c\u00e2y m\u00edt ta ra hoa \u0111\u1ebfn khi thu ho\u1ea1ch tr\u00e1i ch\u00edn ch\u1ec9 kho\u1ea3ng <strong>4 &#8211; 6 th\u00e1ng<\/strong>. C\u00e2y m\u00edt ta th\u01b0\u1eddng ra hoa v\u00e0o \u0111\u1ea7u m\u00f9a xu\u00e2n ho\u1eb7c m\u00f9a m\u01b0a, t\u00f9y thu\u1ed9c v\u00e0o \u0111i\u1ec1u ki\u1ec7n kh\u00ed h\u1eadu t\u1eebng v\u00f9ng. Hoa \u0111\u1ef1c v\u00e0 hoa c\u00e1i m\u1ecdc ri\u00eang tr\u00ean c\u00f9ng m\u1ed9t c\u00e2y. Sau khi hoa c\u00e1i \u0111\u01b0\u1ee3c th\u1ee5 ph\u1ea5n, tr\u00e1i b\u1eaft \u0111\u1ea7u h\u00ecnh th\u00e0nh. Giai \u0111o\u1ea1n n\u00e0y c\u1ea7n \u0111\u1ea3m b\u1ea3o \u0111\u1ee7 n\u01b0\u1edbc v\u00e0 dinh d\u01b0\u1ee1ng \u0111\u1ec3 tr\u00e1i ph\u00e1t tri\u1ec3n t\u1ed1t. Sau kho\u1ea3ng <strong>4 &#8211; 6 th\u00e1ng<\/strong>\u00a0t\u1eeb khi ra hoa, tr\u00e1i chuy\u1ec3n sang m\u00e0u v\u00e0ng nh\u1ea1t, v\u1ecf m\u1ecfng h\u01a1n, v\u00e0 th\u1ecbt m\u1ec1m, ng\u1ecdt.<\/p>\n<p>&nbsp;<\/p>\n<h2><strong>N\u0103ng su\u1ea5t gi\u1ed1ng m\u00edt ta<\/strong><\/h2>\n<p><strong>Gi\u1ed1ng m\u00edt ta<\/strong>\u00a0\u0111\u01b0\u1ee3c \u0111\u00e1nh gi\u00e1 l\u00e0 m\u1ed9t trong nh\u1eefng lo\u1ea1i c\u00e2y \u0103n tr\u00e1i c\u00f3 n\u0103ng su\u1ea5t cao, mang l\u1ea1i gi\u00e1 tr\u1ecb kinh t\u1ebf l\u1edbn cho ng\u01b0\u1eddi tr\u1ed3ng. V\u1edbi kh\u1ea3 n\u0103ng sinh tr\u01b0\u1edfng m\u1ea1nh m\u1ebd v\u00e0 th\u00edch nghi t\u1ed1t v\u1edbi nhi\u1ec1u \u0111i\u1ec1u ki\u1ec7n kh\u00ed h\u1eadu, \u0111\u1ea5t \u0111ai, m\u00edt ta c\u00f3 th\u1ec3 cho thu ho\u1ea1ch \u1ed5n \u0111\u1ecbnh h\u00e0ng n\u0103m.<\/p>\n<p>Trung b\u00ecnh, m\u1ed7i c\u00e2y m\u00edt ta tr\u01b0\u1edfng th\u00e0nh c\u00f3 th\u1ec3 cho thu ho\u1ea1ch t\u1eeb <strong>50-100kg tr\u00e1i\/n\u0103m<\/strong>. V\u1edbi m\u1eadt \u0111\u1ed9 tr\u1ed3ng kho\u1ea3ng <strong>200-300 c\u00e2y\/ha<\/strong>, n\u0103ng su\u1ea5t trung b\u00ecnh c\u00f3 th\u1ec3 \u0111\u1ea1t t\u1eeb <strong>10 &#8211; 30 t\u1ea5n\/ha\/n\u0103m<\/strong>.<\/p>\n<h2><strong>Kh\u00ed h\u1eadu v\u00e0 \u0111\u1ea5t tr\u1ed3ng th\u00edch h\u1ee3p v\u1edbi gi\u1ed1ng m\u00edt ta<\/strong><\/h2>\n<p>Kh\u00ed h\u1eadu: M\u00edt ta th\u00edch h\u1ee3p v\u1edbi kh\u00ed h\u1eadu nhi\u1ec7t \u0111\u1edbi v\u00e0 c\u1eadn nhi\u1ec7t \u0111\u1edbi, nhi\u1ec7t \u0111\u1ed9 l\u00fd t\u01b0\u1edfng nh\u1ea5t l\u00e0 t\u1eeb <strong>25 &#8211; 30\u00b0C<\/strong>. C\u00e2y \u01b0a \u0111\u1ed9 \u1ea9m trung b\u00ecnh, kho\u1ea3ng <strong>70 &#8211; 80%<\/strong>. Tuy nhi\u00ean, c\u00e2y c\u0169ng c\u00f3 kh\u1ea3 n\u0103ng ch\u1ecbu h\u1ea1n t\u1ed1t trong th\u1eddi gian ng\u1eafn.<\/p>\n<p>\u0110\u1ea5t tr\u1ed3ng: M\u00edt ta c\u00f3 th\u1ec3 tr\u1ed3ng tr\u00ean nhi\u1ec1u lo\u1ea1i \u0111\u1ea5t kh\u00e1c nhau, nh\u01b0ng \u0111\u1ec3 \u0111\u1ea1t n\u0103ng su\u1ea5t cao n\u00ean tr\u1ed3ng tr\u00ean \u0111\u1ea5t th\u1ecbt pha c\u00e1t, \u0111\u1ea5t ph\u00f9 sa, \u0111\u1ea5t \u0111\u1ecf bazan, ho\u1eb7c \u0111\u1ea5t \u0111\u1ed3i n\u00fai. \u0110\u1ea5t c\u1ea7n c\u00f3 kh\u1ea3 n\u0103ng tho\u00e1t n\u01b0\u1edbc t\u1ed1t, tr\u00e1nh ng\u1eadp \u00fang. N\u1ebfu \u0111\u1ea5t qu\u00e1 \u1ea9m \u01b0\u1edbt, c\u00e2y d\u1ec5 b\u1ecb th\u1ed1i r\u1ec5 v\u00e0 ph\u00e1t tri\u1ec3n k\u00e9m. \u0110\u1ed9 pH t\u1eeb <strong>5,5 &#8211; 7,0<\/strong>\u00a0l\u00e0 l\u00fd t\u01b0\u1edfng nh\u1ea5t. N\u1ebfu \u0111\u1ea5t qu\u00e1 chua ho\u1eb7c qu\u00e1 ki\u1ec1m, c\u1ea7n c\u1ea3i t\u1ea1o \u0111\u1ea5t tr\u01b0\u1edbc khi tr\u1ed3ng.<\/p>\n<h2><strong>Kho\u1ea3ng c\u00e1ch tr\u1ed3ng c\u00e2y m\u00edt ta<\/strong><\/h2>\n<p>\u0110\u1ed1i v\u1edbi m\u00edt ta, kho\u1ea3ng c\u00e1ch tr\u1ed3ng l\u00fd t\u01b0\u1edfng gi\u1eefa c\u00e1c c\u00e2y l\u00e0 <strong>6m x 6m<\/strong>, gi\u1eefa c\u00e1c h\u00e0ng l\u00e0 <strong>6 &#8211; 8 m\u00e9t<\/strong>. M\u1eadt \u0111\u1ed9 tr\u1ed3ng l\u00fd t\u01b0\u1edfng l\u00e0 <strong>200-300 c\u00e2y\/ha<\/strong>. \u0110\u00e2y l\u00e0 kho\u1ea3ng c\u00e1ch ph\u00f9 h\u1ee3p \u0111\u1ec3 c\u00e2y c\u00f3 \u0111\u1ee7 kh\u00f4ng gian ph\u00e1t tri\u1ec3n t\u00e1n l\u00e1 v\u00e0 r\u1ec5, \u0111\u1ed3ng th\u1eddi thu\u1eadn ti\u1ec7n cho vi\u1ec7c ch\u0103m s\u00f3c v\u00e0 thu ho\u1ea1ch.<\/p>\n<h2><strong>C\u00e1ch ch\u0103m s\u00f3c c\u00e2y m\u00edt ta v\u00e0 c\u00e1c l\u01b0u \u00fd<\/strong><\/h2>\n<p>T\u01b0\u1edbi n\u01b0\u1edbc: Giai \u0111o\u1ea1n m\u1edbi tr\u1ed3ng, c\u1ea7n t\u01b0\u1edbi n\u01b0\u1edbc \u0111\u1ec1u \u0111\u1eb7n \u0111\u1ec3 gi\u00fap c\u00e2y b\u00e9n r\u1ec5 v\u00e0 ph\u00e1t tri\u1ec3n. N\u00ean t\u01b0\u1edbi 2-3 l\u1ea7n\/tu\u1ea7n, t\u00f9y thu\u1ed9c v\u00e0o th\u1eddi ti\u1ebft. Giai \u0111o\u1ea1n ra hoa v\u00e0 \u0111\u1eadu tr\u00e1i l\u00e0 th\u1eddi \u0111i\u1ec3m c\u00e2y c\u1ea7n nhi\u1ec1u n\u01b0\u1edbc nh\u1ea5t. N\u00ean t\u01b0\u1edbi \u0111\u1ee7 \u1ea9m \u0111\u1ec3 \u0111\u1ea3m b\u1ea3o hoa kh\u00f4ng b\u1ecb r\u1ee5ng v\u00e0 tr\u00e1i ph\u00e1t tri\u1ec3n t\u1ed1t. Giai \u0111o\u1ea1n tr\u00e1i ch\u00edn, c\u1ea7n gi\u1ea3m l\u01b0\u1ee3ng n\u01b0\u1edbc t\u01b0\u1edbi \u0111\u1ec3 tr\u00e1nh tr\u00e1i b\u1ecb n\u1ee9t ho\u1eb7c gi\u1ea3m ch\u1ea5t l\u01b0\u1ee3ng.<\/p>\n<p>B\u00f3n ph\u00e2n: S\u1eed d\u1ee5ng ph\u00e2n h\u1eefu c\u01a1 v\u00e0 ph\u00e2n NPK \u0111\u1ec3 b\u00f3n \u0111\u1ecbnh k\u1ef3 2-3 th\u00e1ng\/l\u1ea7n.<\/p>\n<p>Ph\u00f2ng tr\u1eeb s\u00e2u b\u1ec7nh: M\u00edt ta d\u1ec5 b\u1ecb c\u00e1c lo\u1ea1i s\u00e2u b\u1ec7nh nh\u01b0 s\u00e2u \u0111\u1ee5c qu\u1ea3, b\u1ecd tr\u0129, n\u1ea5m m\u1ed1c&#8230; Do \u0111\u00f3, c\u1ea7n ki\u1ec3m tra c\u00e2y th\u01b0\u1eddng xuy\u00ean \u0111\u1ec3 ph\u00e1t hi\u1ec7n s\u1edbm v\u00e0 c\u00f3 bi\u1ec7n ph\u00e1p x\u1eed l\u00fd k\u1ecbp th\u1eddi. N\u1ebfu c\u00e2y b\u1ecb s\u00e2u b\u1ec7nh, c\u00f3 th\u1ec3 s\u1eed d\u1ee5ng thu\u1ed1c b\u1ea3o v\u1ec7 th\u1ef1c v\u1eadt an to\u00e0n, nh\u01b0ng ch\u1ec9 s\u1eed d\u1ee5ng \u0111\u00fang li\u1ec1u l\u01b0\u1ee3ng v\u00e0 theo ch\u1ec9 d\u1eabn c\u1ee7a nh\u00e0 s\u1ea3n xu\u1ea5t. L\u01b0u \u00fd tr\u00e1nh phun thu\u1ed1c qu\u00e1 g\u1ea7n th\u1eddi \u0111i\u1ec3m thu ho\u1ea1ch \u0111\u1ec3 kh\u00f4ng \u1ea3nh h\u01b0\u1edfng \u0111\u1ebfn ch\u1ea5t l\u01b0\u1ee3ng tr\u00e1i.<\/p>\n<h2><strong>Gi\u00e1 c\u00e2y gi\u1ed1ng m\u00edt ta<\/strong><\/h2>\n<p>Gi\u00e1 c\u00e2y gi\u1ed1ng m\u00edt ta t\u1ea1i v\u01b0\u1eddn Ph\u00fac An \u0111ang dao \u0111\u1ed9ng t\u1eeb <strong>80.000 &#8211; 95.000 \u0111\u1ed3ng\/c\u00e2y<\/strong>\u00a0theo gi\u00e1 s\u1ec9. T\u00f9y theo l\u00f4 c\u00e2y v\u00e0 s\u1ed1 l\u01b0\u1ee3ng \u0111\u1eb7t h\u00e0ng, m\u1ee9c gi\u00e1 c\u00f3 th\u1ec3 thay \u0111\u1ed5i. V\u01b0\u1eddn Ph\u00fac An cam k\u1ebft cung c\u1ea5p c\u00e2y gi\u1ed1ng ch\u1ea5t l\u01b0\u1ee3ng, \u0111\u00fang gi\u1ed1ng v\u00e0 \u0111\u01b0\u1ee3c b\u1ea3o h\u00e0nh \u0111\u1ebfn khi c\u00e2y ra tr\u00e1i.<\/p>\n<h2><strong>Mua c\u00e2y gi\u1ed1ng m\u00edt ta \u1edf \u0111\u00e2u ch\u1ea5t l\u01b0\u1ee3ng?<\/strong><\/h2>\n<p>N\u1ebfu b\u1ea1n mu\u1ed1n mua c\u00e2y gi\u1ed1ng m\u00edt ta ch\u1ea5t l\u01b0\u1ee3ng, h\u00e3y \u0111\u1ebfn v\u1edbi C\u00e2y gi\u1ed1ng Ph\u00fac An. Ch\u00fang t\u00f4i cam k\u1ebft cung c\u1ea5p c\u00e2y gi\u1ed1ng m\u00edt ta \u0111\u00fang gi\u1ed1ng, b\u1ea3o h\u00e0nh t\u1edbi khi c\u00f3 tr\u00e1i v\u00e0 h\u1ed7 tr\u1ee3 kh\u00e1ch h\u00e0ng trong su\u1ed1t qu\u00e1 tr\u00ecnh ch\u0103m s\u00f3c c\u00e2y tr\u1ed3ng.<\/p>\n<h2><strong>Ti\u00eau Chu\u1ea9n C\u00e2y Gi\u1ed1ng T\u1ea1i Ph\u00fac An:<\/strong><\/h2>\n<ul>\n<li>C\u00e2y gh\u00e9p, chi\u1ec1u cao t\u1eeb <strong>70-80 cm<\/strong>.<\/li>\n<li>B\u1ea7u r\u1ec5 \u1ed5n \u0111\u1ecbnh, c\u00e2y c\u1ee9ng c\u00e1p, \u0111\u00e3 x\u1ea3 n\u1eafng.<\/li>\n<li>Kh\u00f4ng c\u00f3 d\u1ea5u hi\u1ec7u s\u00e2u b\u1ec7nh, b\u1ed9 l\u00e1 xanh t\u1ed1t.<\/li>\n<\/ul>\n<p>C\u00e2y tr\u1ea3i qua quy tr\u00ecnh nh\u00e2n gi\u1ed1ng, d\u01b0\u1ee1ng c\u00e2y con, x\u1ea3 n\u1eafng ho\u00e0n ch\u1ec9nh. \u0110\u1ebfn tay c\u00f4 b\u00e1c s\u1ebd l\u00e0 t\u1eebng c\u00e2y \u0111\u00e3 c\u1ee9ng c\u00e1p \u0111\u00e3 ra c\u01a1i ch\u1ed3i m\u1edbi.<br \/>\nQu\u00fd c\u00f4 b\u00e1c c\u00f3 th\u1ec3 li\u00ean h\u1ec7 tr\u1ef1c ti\u1ebfp qua SDT\/ Zalo 0962.888.014 (C\u00e2y Gi\u1ed1ng Ph\u00fac An) \u0111\u1ec3 ch\u00fang t\u00f4i t\u01b0 v\u1ea5n v\u00e0 b\u00e1o gi\u00e1 c\u1ee5 th\u1ec3. Xin c\u1ea3m \u01a1n qu\u00fd c\u00f4 b\u00e1c \u0111\u00e3 \u0111\u1eb7t ni\u1ec1m tin v\u1edbi nh\u00e0 v\u01b0\u1eddn.<\/p>\n<p><em><span style=\"color: #333399;\"><strong>M\u1eddi b\u1ea1n \u0111\u1ecdc b\u00e1o v\u1ec1 <a style=\"color: #333399;\" href=\"https:\/\/nld.com.vn\/dia-phuong\/nho-giong-mit-xua-cua-cha-ong-con-chau-song-khoe-20190628093320309.htm\" target=\"_blank\" rel=\"noopener\">Gi\u1ed1ng M\u00edt Ta<\/a><\/strong><\/span><\/em><\/p>\n<p>&nbsp;<\/p>\n<p>&nbsp;<\/p>\n","protected":false},"excerpt":{"rendered":"<p>* Gi\u00e1 tham kh\u1ea3o cho s\u1ed1 l\u01b0\u1ee3ng t\u1eeb 30 c\u00e2y, c\u00f3 th\u1ec3 thay \u0111\u1ed5i theo th\u1eddi \u0111i\u1ec3m<br \/>\n* Ch\u01b0a bao g\u1ed3m ph\u00ed v\u1eadn chuy\u1ec3n (t\u00f9y theo s\u1ed1 l\u01b0\u1ee3ng c\u00e2y v\u00e0 \u0111\u1ecba \u0111i\u1ec3m giao h\u00e0ng)<\/p>\n","protected":false},"featured_media":3703,"comment_status":"open","ping_status":"closed","template":"","meta":[],"product_brand":[],"product_cat":[75],"product_tag":[],"class_list":{"0":"post-3667","1":"product","2":"type-product","3":"status-publish","4":"has-post-thumbnail","6":"product_cat-giong-mit","8":"first","9":"instock","10":"shipping-taxable","11":"purchasable","12":"product-type-simple"},"_links":{"self":[{"href":"https:\/\/ktech4.k-tech-services.com\/phucan713\/wp-json\/wp\/v2\/product\/3667","targetHints":{"allow":["GET"]}}],"collection":[{"href":"https:\/\/ktech4.k-tech-services.com\/phucan713\/wp-json\/wp\/v2\/product"}],"about":[{"href":"https:\/\/ktech4.k-tech-services.com\/phucan713\/wp-json\/wp\/v2\/types\/product"}],"replies":[{"embeddable":true,"href":"https:\/\/ktech4.k-tech-services.com\/phucan713\/wp-json\/wp\/v2\/comments?post=3667"}],"wp:featuredmedia":[{"embeddable":true,"href":"https:\/\/ktech4.k-tech-services.com\/phucan713\/wp-json\/wp\/v2\/media\/3703"}],"wp:attachment":[{"href":"https:\/\/ktech4.k-tech-services.com\/phucan713\/wp-json\/wp\/v2\/media?parent=3667"}],"wp:term":[{"taxonomy":"product_brand","embeddable":true,"href":"https:\/\/ktech4.k-tech-services.com\/phucan713\/wp-json\/wp\/v2\/product_brand?post=3667"},{"taxonomy":"product_cat","embeddable":true,"href":"https:\/\/ktech4.k-tech-services.com\/phucan713\/wp-json\/wp\/v2\/product_cat?post=3667"},{"taxonomy":"product_tag","embeddable":true,"href":"https:\/\/ktech4.k-tech-services.com\/phucan713\/wp-json\/wp\/v2\/product_tag?post=3667"}],"curies":[{"name":"wp","href":"https:\/\/api.w.org\/{rel}","templated":true}]}}