{"id":3671,"date":"2025-06-11T18:04:56","date_gmt":"2025-06-11T11:04:56","guid":{"rendered":"https:\/\/caygiongphucan.com\/?post_type=product&amp;p=3671"},"modified":"2025-06-11T18:04:56","modified_gmt":"2025-06-11T11:04:56","slug":"giong-tac-ngot-dai-loan","status":"publish","type":"product","link":"https:\/\/ktech4.k-tech-services.com\/phucan713\/san-pham\/giong-tac-ngot-dai-loan\/","title":{"rendered":"Gi\u1ed1ng T\u1eafc Ng\u1ecdt \u0110\u00e0i Loan"},"content":{"rendered":"<p>N\u1ebfu b\u1ea1n \u0111ang t\u00ecm ki\u1ebfm m\u1ed9t gi\u1ed1ng c\u00e2y tr\u1ed3ng mang l\u1ea1i hi\u1ec7u qu\u1ea3 kinh t\u1ebf cao, d\u1ec5 ch\u0103m s\u00f3c v\u00e0 nhanh cho thu ho\u1ea1ch, th\u00ec gi\u1ed1ng t\u1eafc ng\u1ecdt \u0110\u00e0i Loan ch\u00ednh l\u00e0 l\u1ef1a ch\u1ecdn l\u00fd t\u01b0\u1edfng. V\u1edbi \u0111\u1eb7c \u0111i\u1ec3m tr\u00e1i ng\u1ecdt, \u00edt h\u1ea1t v\u00e0 ph\u00f9 h\u1ee3p v\u1edbi \u0111i\u1ec1u ki\u1ec7n kh\u00ed h\u1eadu t\u1ea1i Vi\u1ec7t Nam, gi\u1ed1ng c\u00e2y n\u00e0y kh\u00f4ng ch\u1ec9 gi\u00fap nh\u00e0 v\u01b0\u1eddn gia t\u0103ng l\u1ee3i nhu\u1eadn m\u00e0 c\u00f2n m\u1edf ra c\u01a1 h\u1ed9i kinh doanh h\u1ea5p d\u1eabn cho nh\u1eefng ai mu\u1ed1n \u0111\u1ea7u t\u01b0 v\u00e0o n\u00f4ng nghi\u1ec7p b\u1ec1n v\u1eefng. B\u00e0i vi\u1ebft n\u00e0y s\u1ebd cung c\u1ea5p th\u00f4ng tin chi ti\u1ebft v\u1ec1 gi\u1ed1ng t\u1eafc ng\u1ecdt \u0110\u00e0i Loan, t\u1eeb ngu\u1ed3n g\u1ed1c, \u0111\u1eb7c \u0111i\u1ec3m, c\u00e1ch tr\u1ed3ng v\u00e0 ch\u0103m s\u00f3c, \u0111\u1ebfn \u0111\u1ecba ch\u1ec9 mua c\u00e2y gi\u1ed1ng uy t\u00edn, gi\u00fap b\u1ea1n c\u00f3 c\u00e1i nh\u00ecn to\u00e0n di\u1ec7n \u0111\u1ec3 \u0111\u1ea7u t\u01b0 hi\u1ec7u qu\u1ea3.<\/p>\n<h2><strong>Ngu\u1ed3n g\u1ed1c c\u00e2y t\u1eafc ng\u1ecdt \u0110\u00e0i Loan<\/strong><\/h2>\n<p>C\u00e2y t\u1eafc ng\u1ecdt \u0110\u00e0i Loan, hay c\u00f2n g\u1ecdi l\u00e0 qu\u1ea5t ng\u1ecdt \u0110\u00e0i Loan, l\u00e0 m\u1ed9t gi\u1ed1ng c\u00e2y \u0103n tr\u00e1i c\u00f3 ngu\u1ed3n g\u1ed1c t\u1eeb <strong>\u0110\u00e0i Loan<\/strong>\u00a0\u2013 m\u1ed9t trong nh\u1eefng v\u00f9ng \u0111\u1ea5t n\u1ed5i ti\u1ebfng v\u1edbi nhi\u1ec1u gi\u1ed1ng c\u00e2y tr\u1ed3ng ch\u1ea5t l\u01b0\u1ee3ng cao. Gi\u1ed1ng c\u00e2y n\u00e0y \u0111\u00e3 \u0111\u01b0\u1ee3c nghi\u00ean c\u1ee9u v\u00e0 lai t\u1ea1o \u0111\u1ec3 cho ra tr\u00e1i ng\u1ecdt, \u00edt chua, ph\u00f9 h\u1ee3p v\u1edbi th\u1ecb hi\u1ebfu ng\u01b0\u1eddi ti\u00eau d\u00f9ng. V\u00ec th\u1ebf, \u0111\u01b0\u1ee3c \u01b0a chu\u1ed9ng kh\u00f4ng ch\u1ec9 t\u1ea1i \u0110\u00e0i Loan m\u00e0 c\u00f2n \u1edf nhi\u1ec1u qu\u1ed1c gia Ch\u00e2u \u00c1 kh\u00e1c, trong \u0111\u00f3 c\u00f3 Vi\u1ec7t Nam.<\/p>\n<p>T\u1eafc ng\u1ecdt \u0110\u00e0i Loan \u0111\u01b0\u1ee3c nh\u1eadp kh\u1ea9u v\u00e0 tr\u1ed3ng th\u1eed nghi\u1ec7m t\u1ea1i Vi\u1ec7t Nam t\u1eeb nh\u1eefng n\u0103m \u0111\u1ea7u th\u1eadp ni\u00ean 2010. Nh\u1edd kh\u1ea3 n\u0103ng th\u00edch nghi t\u1ed1t v\u1edbi \u0111i\u1ec1u ki\u1ec7n kh\u00ed h\u1eadu v\u00e0 th\u1ed5 nh\u01b0\u1ee1ng t\u1ea1i nhi\u1ec1u v\u00f9ng mi\u1ec1n, gi\u1ed1ng c\u00e2y n\u00e0y \u0111\u00e3 nhanh ch\u00f3ng \u0111\u01b0\u1ee3c nh\u00e2n r\u1ed9ng v\u00e0 tr\u1edf th\u00e0nh m\u1ed9t trong nh\u1eefng c\u00e2y tr\u1ed3ng mang l\u1ea1i gi\u00e1 tr\u1ecb kinh t\u1ebf cao cho b\u00e0 con n\u00f4ng d\u00e2n.<\/p>\n<h2><strong>\u0110\u1eb7c \u0111i\u1ec3m gi\u1ed1ng t\u1eafc ng\u1ecdt \u0110\u00e0i Loan<\/strong><\/h2>\n<p>Gi\u1ed1ng t\u1eafc ng\u1ecdt \u0110\u00e0i Loan n\u1ed5i b\u1eadt v\u1edbi nhi\u1ec1u \u0111\u1eb7c \u0111i\u1ec3m \u01b0u vi\u1ec7t, gi\u00fap ng\u01b0\u1eddi tr\u1ed3ng d\u1ec5 d\u00e0ng ch\u0103m s\u00f3c v\u00e0 thu ho\u1ea1ch hi\u1ec7u qu\u1ea3:<\/p>\n<p>H\u00ecnh th\u00e1i c\u00e2y: Thu\u1ed9c lo\u1ea1i c\u00e2y th\u00e2n g\u1ed7 nh\u1ecf, chi\u1ec1u cao trung b\u00ecnh t\u1eeb 2-3 m\u00e9t, t\u00e1n l\u00e1 xanh t\u1ed1t quanh n\u0103m.<\/p>\n<p>Hoa: Hoa t\u1eafc ng\u1ecdt \u0110\u00e0i Loan c\u00f3 m\u00e0u tr\u1eafng, nh\u1ecf, m\u1ecdc th\u00e0nh ch\u00f9m, t\u1ecfa h\u01b0\u01a1ng th\u01a1m nh\u1eb9, thu h\u00fat c\u00f4n tr\u00f9ng th\u1ee5 ph\u1ea5n t\u1ef1 nhi\u00ean.<\/p>\n<p>Tr\u00e1i: Khi ch\u00edn, tr\u00e1i c\u00f3 m\u00e0u v\u00e0ng cam r\u1ef1c r\u1ee1, v\u1ecf m\u1ecfng, d\u1ec5 b\u00f3c. K\u00edch th\u01b0\u1edbc trung b\u00ecnh t\u1eeb <strong>3 &#8211; 5cm<\/strong>, th\u1ecbt m\u1ec1m, m\u1ecdng n\u01b0\u1edbc, \u00edt h\u1ea1t ho\u1eb7c kh\u00f4ng c\u00f3 h\u1ea1t.<\/p>\n<p>H\u01b0\u01a1ng v\u1ecb: Tr\u00e1i c\u00f3 v\u1ecb ng\u1ecdt thanh, chua nh\u1eb9, c\u00e2n b\u1eb1ng h\u00e0i h\u00f2a, ph\u00f9 h\u1ee3p v\u1edbi kh\u1ea9u v\u1ecb c\u1ee7a \u0111\u1ea1i \u0111a s\u1ed1 ng\u01b0\u1eddi ti\u00eau d\u00f9ng.<\/p>\n<p>Kh\u1ea3 n\u0103ng sinh tr\u01b0\u1edfng: C\u00e2y c\u00f3 s\u1ee9c s\u1ed1ng m\u1ea1nh m\u1ebd, \u00edt s\u00e2u b\u1ec7nh v\u00e0 d\u1ec5 ch\u0103m s\u00f3c.<\/p>\n<h2><strong>Gi\u1ed1ng t\u1eafc ng\u1ecdt \u0110\u00e0i Loan bao l\u00e2u c\u00f3 tr\u00e1i thu ho\u1ea1ch?<\/strong><\/h2>\n<p>M\u1ed9t trong nh\u1eefng \u01b0u \u0111i\u1ec3m n\u1ed5i b\u1eadt c\u1ee7a gi\u1ed1ng t\u1eafc ng\u1ecdt \u0110\u00e0i Loan ch\u00ednh l\u00e0 th\u1eddi gian cho tr\u00e1i nhanh, gi\u00fap ng\u01b0\u1eddi tr\u1ed3ng s\u1edbm thu ho\u1ea1ch v\u00e0 c\u00f3 ngu\u1ed3n thu nh\u1eadp \u1ed5n \u0111\u1ecbnh. Th\u00f4ng th\u01b0\u1eddng, c\u00e2y b\u1eaft \u0111\u1ea7u cho l\u1ee9a tr\u00e1i \u0111\u1ea7u ti\u00ean sau kho\u1ea3ng <strong>12 &#8211; 18 th\u00e1ng<\/strong>\u00a0k\u1ec3 t\u1eeb khi tr\u1ed3ng, t\u00f9y thu\u1ed9c v\u00e0o \u0111i\u1ec1u ki\u1ec7n ch\u0103m s\u00f3c, kh\u00ed h\u1eadu v\u00e0 ch\u1ea5t l\u01b0\u1ee3ng gi\u1ed1ng c\u00e2y ban \u0111\u1ea7u.<\/p>\n<h2><strong>T\u1eeb l\u00fac ra hoa \u0111\u1ebfn khi thu ho\u1ea1ch c\u00e2y t\u1eafc ng\u1ecdt \u0110\u00e0i Loan kho\u1ea3ng bao l\u00e2u?<\/strong><\/h2>\n<p>Th\u1eddi gian c\u00e2y t\u1eafc ng\u1ecdt \u0110\u00e0i Loan ra hoa \u0111\u1ebfn khi thu ho\u1ea1ch th\u01b0\u1eddng k\u00e9o d\u00e0i kho\u1ea3ng <strong>6-8 th\u00e1ng<\/strong>, t\u00f9y thu\u1ed9c v\u00e0o \u0111i\u1ec1u ki\u1ec7n ch\u0103m s\u00f3c v\u00e0 kh\u00ed h\u1eadu c\u1ee7a t\u1eebng v\u00f9ng tr\u1ed3ng.<\/p>\n<p>Kho\u1ea3ng th\u00e1ng <strong>2 \u0111\u1ebfn th\u00e1ng 4<\/strong>\u00a0h\u1eb1ng n\u0103m, t\u1eafc ng\u1ecdt \u0110\u00e0i Loan s\u1ebd ra hoa. V\u00e0 sau khi hoa \u0111\u01b0\u1ee3c th\u1ee5 ph\u1ea5n, tr\u00e1i b\u1eaft \u0111\u1ea7u h\u00ecnh th\u00e0nh v\u00e0 ph\u00e1t tri\u1ec3n. Kho\u1ea3ng <strong>6 &#8211; 8 th\u00e1ng<\/strong>\u00a0sau khi ra hoa, tr\u00e1i t\u1eafc ng\u1ecdt \u0110\u00e0i Loan s\u1ebd ch\u00edn v\u00e0 c\u00f3 th\u1ec3 thu ho\u1ea1ch. Th\u1eddi \u0111i\u1ec3m thu ho\u1ea1ch th\u01b0\u1eddng r\u01a1i v\u00e0o <strong>th\u00e1ng 10 \u0111\u1ebfn th\u00e1ng 12<\/strong>\u00a0h\u00e0ng n\u0103m, t\u00f9y theo v\u00f9ng mi\u1ec1n.<\/p>\n<h2><strong>N\u0103ng su\u1ea5t gi\u1ed1ng t\u1eafc ng\u1ecdt \u0110\u00e0i Loan<\/strong><\/h2>\n<p>Gi\u1ed1ng t\u1eafc ng\u1ecdt \u0110\u00e0i Loan c\u00f3 n\u0103ng su\u1ea5t kh\u00e1 cao n\u1ebfu \u0111\u01b0\u1ee3c ch\u0103m s\u00f3c t\u1ed1t v\u00e0 \u0111i\u1ec1u ki\u1ec7n m\u00f4i tr\u01b0\u1eddng ph\u00f9 h\u1ee3p. M\u1ed9t c\u00e2y t\u1eafc ng\u1ecdt \u0110\u00e0i Loan tr\u01b0\u1edfng th\u00e0nh, \u0111\u01b0\u1ee3c ch\u0103m s\u00f3c t\u1ed1t, c\u00f3 th\u1ec3 cho thu ho\u1ea1ch t\u1eeb <strong>50 &#8211; 70kg tr\u00e1i\/n\u0103m<\/strong>. V\u1edbi m\u1eadt \u0111\u1ed9 tr\u1ed3ng kho\u1ea3ng <strong>400 &#8211; 500 c\u00e2y\/ha<\/strong>, n\u0103ng su\u1ea5t trung b\u00ecnh c\u00f3 th\u1ec3 \u0111\u1ea1t t\u1eeb <strong>20 &#8211; 35 t\u1ea5n tr\u00e1i\/ha\/n\u0103m<\/strong>.<\/p>\n<h2><strong>Kh\u00ed h\u1eadu v\u00e0 \u0111\u1ea5t tr\u1ed3ng th\u00edch h\u1ee3p v\u1edbi gi\u1ed1ng t\u1eafc ng\u1ecdt \u0110\u00e0i Loan<\/strong><\/h2>\n<p>Kh\u00ed h\u1eadu: T\u1eafc ng\u1ecdt \u0110\u00e0i Loan \u01b0a nhi\u1ec7t \u0111\u1ed9 \u1ea5m \u00e1p, th\u00edch h\u1ee3p nh\u1ea5t v\u1edbi nhi\u1ec7t \u0111\u1ed9 trung b\u00ecnh t\u1eeb <strong>20\u00b0C \u0111\u1ebfn 30\u00b0C<\/strong>. C\u00e2y c\u00f3 th\u1ec3 ch\u1ecbu \u0111\u1ef1ng \u0111\u01b0\u1ee3c nhi\u1ec7t \u0111\u1ed9 th\u1ea5p, nh\u01b0ng n\u1ebfu nhi\u1ec7t \u0111\u1ed9 qu\u00e1 l\u1ea1nh (d\u01b0\u1edbi 15\u00b0C) ho\u1eb7c qu\u00e1 n\u00f3ng (tr\u00ean 35\u00b0C) s\u1ebd \u1ea3nh h\u01b0\u1edfng \u0111\u1ebfn s\u1ef1 ph\u00e1t tri\u1ec3n v\u00e0 n\u0103ng su\u1ea5t.<\/p>\n<p>\u0110\u1ea5t tr\u1ed3ng: T\u1eafc ng\u1ecdt \u0110\u00e0i Loan th\u00edch h\u1ee3p tr\u1ed3ng tr\u00ean <strong>\u0111\u1ea5t t\u01a1i x\u1ed1p, tho\u00e1t n\u01b0\u1edbc t\u1ed1t<\/strong>, c\u00f3 kh\u1ea3 n\u0103ng gi\u1eef \u1ea9m t\u1ed1t nh\u01b0ng kh\u00f4ng b\u1ecb ng\u1eadp \u00fang. \u0110\u1ea5t th\u1ecbt nh\u1eb9 ho\u1eb7c \u0111\u1ea5t pha c\u00e1t l\u00e0 l\u1ef1a ch\u1ecdn t\u1ed1t nh\u1ea5t. \u0110\u1ed9 pH trong kho\u1ea3ng <strong>5,5 \u0111\u1ebfn 6,5<\/strong>. \u0110\u1ea5t c\u00f3 t\u00ednh axit nh\u1eb9 \u0111\u1ebfn trung t\u00ednh l\u00e0 l\u00fd t\u01b0\u1edfng cho c\u00e2y ph\u00e1t tri\u1ec3n.<\/p>\n<h2><strong>Kho\u1ea3ng c\u00e1ch tr\u1ed3ng c\u00e2y t\u1eafc ng\u1ecdt \u0110\u00e0i Loan<\/strong><\/h2>\n<p>Kho\u1ea3ng c\u00e1ch tr\u1ed3ng c\u00e2y t\u1eafc ng\u1ecdt \u0110\u00e0i Loan c\u1ea7n ph\u1ea3i \u0111\u01b0\u1ee3c x\u00e1c \u0111\u1ecbnh h\u1ee3p l\u00fd \u0111\u1ec3 c\u00e2y c\u00f3 \u0111\u1ee7 kh\u00f4ng gian ph\u00e1t tri\u1ec3n v\u00e0 sinh tr\u01b0\u1edfng t\u1ed1t.<\/p>\n<p>N\u1ebfu tr\u1ed3ng th\u00e2m canh, kho\u1ea3ng c\u00e1ch tr\u1ed3ng th\u00edch h\u1ee3p l\u00e0 <strong>3&#215;4 m\u00e9t<\/strong>\u00a0ho\u1eb7c <strong>4&#215;4 m\u00e9t<\/strong>, m\u1eadt \u0111\u1ed9 tr\u1ed3ng s\u1ebd \u0111\u1ea1t kho\u1ea3ng <strong>600-800 c\u00e2y\/ha<\/strong>.<\/p>\n<p>N\u1ebfu tr\u1ed3ng xen canh ho\u1eb7c tr\u1ed3ng tr\u00ean \u0111\u1ea5t d\u1ed1c, kho\u1ea3ng c\u00e1ch c\u00f3 th\u1ec3 r\u1ed9ng h\u01a1n, t\u1eeb <strong>4&#215;5 m\u00e9t<\/strong>\u00a0ho\u1eb7c <strong>5&#215;5 m\u00e9t<\/strong>, t\u00f9y theo \u0111i\u1ec1u ki\u1ec7n \u0111\u1ecba h\u00ecnh v\u00e0 m\u1ee5c \u0111\u00edch tr\u1ed3ng.<\/p>\n<h2><strong>C\u00e1ch ch\u0103m s\u00f3c c\u00e2y t\u1eafc ng\u1ecdt \u0110\u00e0i Loan v\u00e0 c\u00e1c l\u01b0u \u00fd<\/strong><\/h2>\n<ul>\n<li><strong>T\u01b0\u1edbi n\u01b0\u1edbc<\/strong>: C\u1ea7n n\u01b0\u1edbc \u0111\u1ec1u \u0111\u1eb7n, \u0111\u1eb7c bi\u1ec7t trong m\u00f9a kh\u00f4. Tuy nhi\u00ean, kh\u00f4ng n\u00ean t\u01b0\u1edbi qu\u00e1 nhi\u1ec1u n\u01b0\u1edbc khi\u1ebfn c\u00e2y b\u1ecb ng\u1eadp \u00fang. L\u01b0\u1ee3ng n\u01b0\u1edbc c\u1ea7n thi\u1ebft t\u00f9y thu\u1ed9c v\u00e0o \u0111i\u1ec1u ki\u1ec7n th\u1eddi ti\u1ebft v\u00e0 \u0111\u1ed9 \u1ea9m c\u1ee7a \u0111\u1ea5t.<\/li>\n<li><strong>B\u00f3n ph\u00e2n<\/strong>: B\u00f3n l\u00f3t ph\u00e2n h\u1eefu c\u01a1 tr\u01b0\u1edbc khi tr\u1ed3ng v\u00e0 b\u00f3n \u0111\u1ecbnh k\u1ef3 <strong>2-3 l\u1ea7n\/n\u0103m<\/strong>\u0111\u1ec3 c\u1ea3i thi\u1ec7n \u0111\u1ed9 ph\u00ec nhi\u00eau c\u1ee7a \u0111\u1ea5t. S\u1eed d\u1ee5ng ph\u00e2n NPK c\u00e2n \u0111\u1ed1i \u0111\u1ec3 cung c\u1ea5p \u0111\u1ee7 dinh d\u01b0\u1ee1ng cho c\u00e2y.<\/li>\n<li><strong>Ph\u00f2ng tr\u1eeb s\u00e2u b\u1ec7nh<\/strong>: C\u1ea7n ki\u1ec3m tra c\u00e2y \u0111\u1ecbnh k\u1ef3 \u0111\u1ec3 ph\u00e1t hi\u1ec7n s\u1edbm c\u00e1c b\u1ec7nh v\u00e0 s\u00e2u h\u1ea1i. C\u00f3 th\u1ec3 s\u1eed d\u1ee5ng thu\u1ed1c b\u1ea3o v\u1ec7 th\u1ef1c v\u1eadt an to\u00e0n, nh\u01b0ng h\u1ea1n ch\u1ebf s\u1eed d\u1ee5ng thu\u1ed1c h\u00f3a h\u1ecdc \u0111\u1ec3 tr\u00e1nh \u1ea3nh h\u01b0\u1edfng \u0111\u1ebfn ch\u1ea5t l\u01b0\u1ee3ng tr\u00e1i.<\/li>\n<li><strong>T\u1ec9a c\u00e0nh<\/strong>: Th\u01b0\u1eddng xuy\u00ean t\u1ec9a b\u1edbt c\u00e0nh gi\u00e0, c\u00e0nh s\u00e2u b\u1ec7nh \u0111\u1ec3 c\u00e2y t\u1eadp trung dinh d\u01b0\u1ee1ng nu\u00f4i tr\u00e1i.<\/li>\n<\/ul>\n<h2><strong>Gi\u00e1 c\u00e2y gi\u1ed1ng t\u1eafc ng\u1ecdt \u0110\u00e0i Loan<\/strong><\/h2>\n<p>Gi\u00e1 c\u00e2y gi\u1ed1ng t\u1eafc ng\u1ecdt \u0110\u00e0i Loan t\u1ea1i v\u01b0\u1eddn Ph\u00fac An \u0111ang dao \u0111\u1ed9ng t\u1eeb <strong>115.000 &#8211; 120.000 \u0111\u1ed3ng\/c\u00e2y<\/strong>\u00a0theo gi\u00e1 s\u1ec9. Tuy nhi\u00ean, m\u1ee9c gi\u00e1 n\u00e0y c\u00f3 th\u1ec3 thay \u0111\u1ed5i t\u00f9y thu\u1ed9c v\u00e0o <strong>l\u00f4 c\u00e2y<\/strong>\u00a0v\u00e0 <strong>s\u1ed1 l\u01b0\u1ee3ng \u0111\u1eb7t h\u00e0ng.<\/strong>\u00a0V\u01b0\u1eddn Ph\u00fac An cam k\u1ebft cung c\u1ea5p c\u00e2y gi\u1ed1ng ch\u1ea5t l\u01b0\u1ee3ng v\u1edbi gi\u00e1 c\u1ea3 ph\u1ea3i ch\u0103ng, gi\u00fap b\u00e0 con d\u1ec5 d\u00e0ng \u0111\u1ea7u t\u01b0 v\u00e0o gi\u1ed1ng c\u00e2y tr\u1ed3ng ti\u1ec1m n\u0103ng n\u00e0y.<\/p>\n<h2><strong>Mua c\u00e2y gi\u1ed1ng t\u1eafc ng\u1ecdt \u0110\u00e0i Loan \u1edf \u0111\u00e2u ch\u1ea5t l\u01b0\u1ee3ng?<\/strong><\/h2>\n<p>C\u00e2y gi\u1ed1ng Ph\u00fac An\u00a0l\u00e0 \u0111\u1ecba ch\u1ec9 uy t\u00edn cung c\u1ea5p c\u00e2y gi\u1ed1ng t\u1eafc ng\u1ecdt \u0110\u00e0i Loan ch\u1ea5t l\u01b0\u1ee3ng cao. V\u1edbi quy tr\u00ecnh nh\u00e2n gi\u1ed1ng chu\u1ea9n, c\u00e2y con \u0111\u01b0\u1ee3c gh\u00e9p t\u1eeb bo gh\u00e9p v\u00e0 c\u00e0nh gh\u00e9p ch\u1ecdn l\u1ecdc, \u0111\u1ea3m b\u1ea3o \u0111\u00fang gi\u1ed1ng v\u00e0 kh\u1ecfe m\u1ea1nh.<\/p>\n<h2><strong>Ti\u00eau chu\u1ea9n c\u00e2y gi\u1ed1ng t\u1eafc ng\u1ecdt \u0110\u00e0i Loan t\u1ea1i Ph\u00fac An bao g\u1ed3m:<\/strong><\/h2>\n<ul>\n<li>C\u00e2y gh\u00e9p, chi\u1ec1u cao t\u1eeb <strong>70-80 cm<\/strong>.<\/li>\n<li>B\u1ea7u r\u1ec5 \u1ed5n \u0111\u1ecbnh, c\u00e2y \u0111\u00e3 x\u1ea3 n\u1eafng v\u00e0 c\u1ee9ng c\u00e1p.<\/li>\n<li>Kh\u00f4ng c\u00f3 d\u1ea5u hi\u1ec7u s\u00e2u b\u1ec7nh, b\u1ed9 l\u00e1 xanh t\u1ed1t.<\/li>\n<\/ul>\n<p>C\u00e2y tr\u1ea3i qua quy tr\u00ecnh nh\u00e2n gi\u1ed1ng, d\u01b0\u1ee1ng c\u00e2y con, x\u1ea3 n\u1eafng ho\u00e0n ch\u1ec9nh. \u0110\u1ebfn tay c\u00f4 b\u00e1c s\u1ebd l\u00e0 t\u1eebng c\u00e2y \u0111\u00e3 c\u1ee9ng c\u00e1p \u0111\u00e3 ra c\u01a1i ch\u1ed3i m\u1edbi.<br \/>\nQu\u00fd c\u00f4 b\u00e1c c\u00f3 th\u1ec3 li\u00ean h\u1ec7 tr\u1ef1c ti\u1ebfp qua SDT\/ Zalo 0962.888.014 (<a href=\"http:\/\/localhost\/phucan713\/\" target=\"_blank\" rel=\"noopener\">C\u00e2y Gi\u1ed1ng Ph\u00fac An<\/a>) \u0111\u1ec3 ch\u00fang t\u00f4i t\u01b0 v\u1ea5n v\u00e0 b\u00e1o gi\u00e1 c\u1ee5 th\u1ec3. Xin c\u1ea3m \u01a1n qu\u00fd c\u00f4 b\u00e1c \u0111\u00e3 \u0111\u1eb7t ni\u1ec1m tin v\u1edbi nh\u00e0 v\u01b0\u1eddn.<\/p>\n<p>&gt;&gt; M\u1eddi b\u1ea1n \u0111\u1ecdc th\u00eam: <a href=\"https:\/\/www.24h.com.vn\/xu-huong-tieu-dung-doc-la\/loai-quat-la-ngot-nhu-duong-co-gia-re-bat-ngo-chi-em-thich-thu-tim-mua-c825a1423473.html\" target=\"_blank\" rel=\"noopener\"><span style=\"color: #000080;\"><em><strong>Lo\u1ea1i qu\u1ea5t l\u1ea1 ng\u1ecdt nh\u01b0 \u0111\u01b0\u1eddng c\u00f3 gi\u00e1 r\u1ebb b\u1ea5t ng\u1edd, ch\u1ecb em th\u00edch th\u00fa t\u00ecm mua<\/strong><\/em><\/span><\/a><\/p>\n","protected":false},"excerpt":{"rendered":"<p>* Gi\u00e1 tham kh\u1ea3o cho s\u1ed1 l\u01b0\u1ee3ng t\u1eeb 30 c\u00e2y, c\u00f3 th\u1ec3 thay \u0111\u1ed5i theo th\u1eddi \u0111i\u1ec3m<br \/>\n* Ch\u01b0a bao g\u1ed3m ph\u00ed v\u1eadn chuy\u1ec3n (t\u00f9y theo s\u1ed1 l\u01b0\u1ee3ng c\u00e2y v\u00e0 \u0111\u1ecba \u0111i\u1ec3m giao h\u00e0ng)<\/p>\n","protected":false},"featured_media":3729,"comment_status":"open","ping_status":"closed","template":"","meta":[],"product_brand":[],"product_cat":[117],"product_tag":[],"class_list":{"0":"post-3671","1":"product","2":"type-product","3":"status-publish","4":"has-post-thumbnail","6":"product_cat-cay-co-mui","8":"first","9":"instock","10":"shipping-taxable","11":"purchasable","12":"product-type-simple"},"_links":{"self":[{"href":"https:\/\/ktech4.k-tech-services.com\/phucan713\/wp-json\/wp\/v2\/product\/3671","targetHints":{"allow":["GET"]}}],"collection":[{"href":"https:\/\/ktech4.k-tech-services.com\/phucan713\/wp-json\/wp\/v2\/product"}],"about":[{"href":"https:\/\/ktech4.k-tech-services.com\/phucan713\/wp-json\/wp\/v2\/types\/product"}],"replies":[{"embeddable":true,"href":"https:\/\/ktech4.k-tech-services.com\/phucan713\/wp-json\/wp\/v2\/comments?post=3671"}],"wp:featuredmedia":[{"embeddable":true,"href":"https:\/\/ktech4.k-tech-services.com\/phucan713\/wp-json\/wp\/v2\/media\/3729"}],"wp:attachment":[{"href":"https:\/\/ktech4.k-tech-services.com\/phucan713\/wp-json\/wp\/v2\/media?parent=3671"}],"wp:term":[{"taxonomy":"product_brand","embeddable":true,"href":"https:\/\/ktech4.k-tech-services.com\/phucan713\/wp-json\/wp\/v2\/product_brand?post=3671"},{"taxonomy":"product_cat","embeddable":true,"href":"https:\/\/ktech4.k-tech-services.com\/phucan713\/wp-json\/wp\/v2\/product_cat?post=3671"},{"taxonomy":"product_tag","embeddable":true,"href":"https:\/\/ktech4.k-tech-services.com\/phucan713\/wp-json\/wp\/v2\/product_tag?post=3671"}],"curies":[{"name":"wp","href":"https:\/\/api.w.org\/{rel}","templated":true}]}}