{"id":3675,"date":"2025-06-18T10:47:40","date_gmt":"2025-06-18T03:47:40","guid":{"rendered":"https:\/\/caygiongphucan.com\/?post_type=product&amp;p=3675"},"modified":"2025-06-18T10:47:40","modified_gmt":"2025-06-18T03:47:40","slug":"giong-thanh-tra-ngot","status":"publish","type":"product","link":"https:\/\/ktech4.k-tech-services.com\/phucan713\/san-pham\/giong-thanh-tra-ngot\/","title":{"rendered":"Gi\u1ed1ng Thanh Tr\u00e0 Ng\u1ecdt"},"content":{"rendered":"<p>Trong b\u1ed1i c\u1ea3nh n\u00f4ng nghi\u1ec7p \u0111ang ph\u00e1t tri\u1ec3n m\u1ea1nh m\u1ebd, vi\u1ec7c l\u1ef1a ch\u1ecdn gi\u1ed1ng c\u00e2y tr\u1ed3ng ph\u00f9 h\u1ee3p \u0111\u1ec3 t\u1ea1o ngu\u1ed3n thu nh\u1eadp \u1ed5n \u0111\u1ecbnh l\u00e0 \u0111i\u1ec1u m\u00e0 nhi\u1ec1u nh\u00e0 n\u00f4ng quan t\u00e2m. Trong \u0111\u00f3,\u00a0gi\u1ed1ng thanh tr\u00e0 ng\u1ecdt n\u1ed5i l\u00ean nh\u01b0 m\u1ed9t l\u1ef1a ch\u1ecdn ti\u1ec1m n\u0103ng nh\u1edd gi\u00e1 tr\u1ecb kinh t\u1ebf cao, d\u1ec5 tr\u1ed3ng v\u00e0 ch\u0103m s\u00f3c. B\u00e0i vi\u1ebft n\u00e0y s\u1ebd cung c\u1ea5p th\u00f4ng tin chi ti\u1ebft v\u1ec1 ngu\u1ed3n g\u1ed1c, \u0111\u1eb7c \u0111i\u1ec3m, c\u00e1ch tr\u1ed3ng v\u00e0 ch\u0103m s\u00f3c gi\u1ed1ng thanh tr\u00e0 ng\u1ecdt, gi\u00fap b\u1ea1n c\u00f3 c\u00e1i nh\u00ecn to\u00e0n di\u1ec7n tr\u01b0\u1edbc khi \u0111\u1ea7u t\u01b0.<\/p>\n<h2><strong>Ngu\u1ed3n G\u1ed1c C\u00e2y Thanh Tr\u00e0 Ng\u1ecdt<\/strong><\/h2>\n<p>C\u00e2y thanh tr\u00e0 ng\u1ecdt l\u00e0 m\u1ed9t gi\u1ed1ng c\u00e2y \u0103n tr\u00e1i thu\u1ed9c h\u1ecd <strong>Rutaceae<\/strong>, c\u00f3 ngu\u1ed3n g\u1ed1c t\u1eeb c\u00e1c v\u00f9ng nhi\u1ec7t \u0111\u1edbi v\u00e0 c\u1eadn nhi\u1ec7t \u0111\u1edbi \u0110\u00f4ng Nam \u00c1, \u0111\u1eb7c bi\u1ec7t l\u00e0 Vi\u1ec7t Nam, Th\u00e1i Lan, v\u00e0 Malaysia.<\/p>\n<p>Thanh tr\u00e0 ng\u1ecdt \u0111\u00e3 c\u00f3 m\u1eb7t t\u1ea1i Vi\u1ec7t Nam t\u1eeb l\u00e2u \u0111\u1eddi, \u0111\u01b0\u1ee3c ng\u01b0\u1eddi d\u00e2n tr\u1ed3ng nhi\u1ec1u \u1edf c\u00e1c t\u1ec9nh mi\u1ec1n T\u00e2y Nam B\u1ed9 nh\u01b0 Ti\u1ec1n Giang, V\u0129nh Long, v\u00e0 \u0110\u1ed3ng Th\u00e1p. V\u1edbi h\u01b0\u01a1ng v\u1ecb ng\u1ecdt thanh, th\u01a1m ngon v\u00e0 gi\u00e0u dinh d\u01b0\u1ee1ng, tr\u00e1i thanh tr\u00e0 ng\u1ecdt d\u1ea7n tr\u1edf th\u00e0nh m\u1ed9t trong nh\u1eefng lo\u1ea1i tr\u00e1i c\u00e2y \u0111\u01b0\u1ee3c \u01b0a chu\u1ed9ng kh\u00f4ng ch\u1ec9 trong n\u01b0\u1edbc m\u00e0 c\u00f2n c\u00f3 ti\u1ec1m n\u0103ng xu\u1ea5t kh\u1ea9u.<\/p>\n<h2><strong>\u0110\u1eb7c \u0110i\u1ec3m Gi\u1ed1ng Thanh Tr\u00e0 Ng\u1ecdt<\/strong><\/h2>\n<p>H\u00ecnh d\u00e1ng c\u00e2y: C\u00e2y thanh tr\u00e0 ng\u1ecdt thu\u1ed9c lo\u1ea1i th\u00e2n g\u1ed7, cao trung b\u00ecnh t\u1eeb 5-7 m\u00e9t, t\u00e1n r\u1ed9ng v\u00e0 xanh t\u1ed1t quanh n\u0103m. Th\u00e2n c\u00e2y ch\u1eafc kh\u1ecfe, v\u1ecf c\u00e2y m\u00e0u n\u00e2u x\u00e1m, c\u00f3 kh\u1ea3 n\u0103ng ch\u1ecbu \u0111\u01b0\u1ee3c gi\u00f3 b\u00e3o t\u1ed1t.<\/p>\n<p>L\u00e1: L\u00e1 thanh tr\u00e0 ng\u1ecdt c\u00f3 h\u00ecnh b\u1ea7u d\u1ee5c, thu\u00f4n d\u00e0i, m\u00e0u xanh \u0111\u1eadm v\u00e0 b\u1ec1 m\u1eb7t l\u00e1 nh\u1eb5n b\u00f3ng. L\u00e1 m\u1ecdc \u0111\u1ed1i x\u1ee9ng, t\u1ea1o th\u00e0nh t\u00e1n d\u00e0y, gi\u00fap c\u00e2y quang h\u1ee3p hi\u1ec7u qu\u1ea3.<\/p>\n<p>Tr\u00e1i: Tr\u00e1i thanh tr\u00e0 ng\u1ecdt c\u00f3 h\u00ecnh tr\u00f2n ho\u1eb7c h\u01a1i d\u1eb9t, v\u1ecf m\u1ecfng, m\u00e0u v\u00e0ng nh\u1ea1t khi ch\u00edn. Th\u1ecbt tr\u00e1i m\u1ecdng n\u01b0\u1edbc, v\u1ecb ng\u1ecdt d\u1ecbu, \u00edt chua, h\u1ea1t nh\u1ecf ho\u1eb7c kh\u00f4ng h\u1ea1t.<\/p>\n<p>Gi\u00e1 tr\u1ecb dinh d\u01b0\u1ee1ng: Tr\u00e1i thanh tr\u00e0 ng\u1ecdt kh\u00f4ng ch\u1ec9 ngon m\u00e0 c\u00f2n gi\u00e0u dinh d\u01b0\u1ee1ng, ch\u1ee9a nhi\u1ec1u vitamin C v\u00e0 ch\u1ea5t x\u01a1.<\/p>\n<p>Kh\u1ea3 n\u0103ng sinh tr\u01b0\u1edfng: C\u00e2y thanh tr\u00e0 ng\u1ecdt c\u00f3 t\u1ed1c \u0111\u1ed9 sinh tr\u01b0\u1edfng nhanh, th\u00edch nghi t\u1ed1t v\u1edbi nhi\u1ec1u lo\u1ea1i \u0111\u1ea5t v\u00e0 kh\u00ed h\u1eadu kh\u00e1c nhau.<\/p>\n<h2><strong>Gi\u1ed1ng Thanh Tr\u00e0 Ng\u1ecdt Bao L\u00e2u C\u00f3 Tr\u00e1i Thu Ho\u1ea1ch?<\/strong><\/h2>\n<p>Gi\u1ed1ng thanh tr\u00e0 ng\u1ecdt c\u00f3 th\u1eddi gian thu ho\u1ea1ch tr\u00e1i kh\u00e1 nhanh, t\u1eeb <strong>2 \u0111\u1ebfn 3 n\u0103m<\/strong>\u00a0sau khi tr\u1ed3ng. Tuy nhi\u00ean, \u0111\u1ec3 c\u00e2y ra tr\u00e1i \u0111\u1ec1u v\u00e0 ch\u1ea5t l\u01b0\u1ee3ng, c\u1ea7n ph\u1ea3i ch\u00fa \u00fd \u0111\u1ebfn qu\u00e1 tr\u00ecnh ch\u0103m s\u00f3c c\u00e2y, \u0111\u1eb7c bi\u1ec7t trong giai \u0111o\u1ea1n c\u00e2y ph\u00e1t tri\u1ec3n m\u1ea1nh.<\/p>\n<h2><strong>T\u1eeb L\u00fac Ra Hoa \u0110\u1ebfn Khi Thu Ho\u1ea1ch C\u00e2y Thanh Tr\u00e0 Ng\u1ecdt Kho\u1ea3ng Bao L\u00e2u?<\/strong><\/h2>\n<p>T\u1eeb l\u00fac ra hoa \u0111\u1ebfn khi thu ho\u1ea1ch, c\u00e2y thanh tr\u00e0 ng\u1ecdt th\u01b0\u1eddng m\u1ea5t kho\u1ea3ng <strong>4 &#8211; 5 th\u00e1ng<\/strong>. Th\u1eddi gian n\u00e0y c\u00f3 th\u1ec3 thay \u0111\u1ed5i t\u00f9y thu\u1ed9c v\u00e0o \u0111i\u1ec1u ki\u1ec7n ch\u0103m s\u00f3c, kh\u00ed h\u1eadu c\u0169ng nh\u01b0 gi\u1ed1ng c\u00e2y. Sau khi hoa n\u1edf, tr\u00e1i s\u1ebd ph\u00e1t tri\u1ec3n v\u00e0 ch\u00edn d\u1ea7n, s\u1eb5n s\u00e0ng \u0111\u1ec3 thu ho\u1ea1ch khi \u0111\u1ea1t k\u00edch th\u01b0\u1edbc v\u00e0 m\u00e0u s\u1eafc chu\u1ea9n.<\/p>\n<h2><strong>N\u0103ng Su\u1ea5t Gi\u1ed1ng Thanh Tr\u00e0 Ng\u1ecdt<\/strong><\/h2>\n<p>Gi\u1ed1ng thanh tr\u00e0 ng\u1ecdt kh\u00f4ng ch\u1ec9 n\u1ed5i b\u1eadt v\u1edbi h\u01b0\u01a1ng v\u1ecb th\u01a1m ngon m\u00e0 c\u00f2n mang l\u1ea1i n\u0103ng su\u1ea5t cao, t\u1ea1o c\u01a1 h\u1ed9i thu nh\u1eadp b\u1ec1n v\u1eefng cho ng\u01b0\u1eddi tr\u1ed3ng. Trung b\u00ecnh, m\u1ed9t c\u00e2y thanh tr\u00e0 ng\u1ecdt tr\u01b0\u1edfng th\u00e0nh (t\u1eeb 4-5 n\u0103m tu\u1ed5i tr\u1edf l\u00ean) c\u00f3 th\u1ec3 cho thu ho\u1ea1ch t\u1eeb <strong>50 &#8211; 70kg tr\u00e1i\/n\u0103m<\/strong>. \u00a0V\u1edbi m\u1eadt \u0111\u1ed9 tr\u1ed3ng h\u1ee3p l\u00fd v\u00e0 ch\u0103m s\u00f3c t\u1ed1t, n\u0103ng su\u1ea5t c\u00f3 th\u1ec3 \u0111\u1ea1t t\u1eeb <strong>10 &#8211; 15 t\u1ea5n\/ha\/n\u0103m<\/strong>, mang l\u1ea1i l\u1ee3i nhu\u1eadn cao cho nh\u00e0 v\u01b0\u1eddn.<\/p>\n<h2><strong>Kh\u00ed H\u1eadu V\u00e0 \u0110\u1ea5t Tr\u1ed3ng Th\u00edch H\u1ee3p V\u1edbi Gi\u1ed1ng Thanh Tr\u00e0 Ng\u1ecdt<\/strong><\/h2>\n<p>Kh\u00ed h\u1eadu: C\u00e2y thanh tr\u00e0 ng\u1ecdt l\u00e0 lo\u1ea1i c\u00e2y nhi\u1ec7t \u0111\u1edbi, ph\u00e1t tri\u1ec3n t\u1ed1t trong \u0111i\u1ec1u ki\u1ec7n kh\u00ed h\u1eadu \u1ea5m \u00e1p v\u00e0 \u1ea9m \u01b0\u1edbt. Nhi\u1ec7t \u0111\u1ed9 trung b\u00ecnh t\u1eeb <strong>25 &#8211; 35\u00b0C<\/strong>. Nhi\u1ec7t \u0111\u1ed9 qu\u00e1 th\u1ea5p (d\u01b0\u1edbi 15\u00b0C) ho\u1eb7c qu\u00e1 cao (tr\u00ean 40\u00b0C) c\u00f3 th\u1ec3 \u1ea3nh h\u01b0\u1edfng \u0111\u1ebfn s\u1ef1 sinh tr\u01b0\u1edfng v\u00e0 ra tr\u00e1i c\u1ee7a c\u00e2y.<\/p>\n<p>\u0110\u1ea5t tr\u1ed3ng: C\u00e2y thanh tr\u00e0 ng\u1ecdt ph\u00e1t tri\u1ec3n t\u1ed1t nh\u1ea5t tr\u00ean \u0111\u1ea5t th\u1ecbt pha c\u00e1t, \u0111\u1ea5t ph\u00f9 sa ven s\u00f4ng, ho\u1eb7c \u0111\u1ea5t \u0111\u1ecf bazan. \u0110\u1ed9 pH l\u00fd t\u01b0\u1edfng l\u00e0 t\u1eeb <strong>5.5 &#8211; 6.5<\/strong>. N\u1ebfu \u0111\u1ea5t qu\u00e1 chua (pH d\u01b0\u1edbi 5) ho\u1eb7c qu\u00e1 ki\u1ec1m (pH tr\u00ean 7), c\u1ea7n c\u1ea3i t\u1ea1o \u0111\u1ea5t b\u1eb1ng c\u00e1ch b\u00f3n v\u00f4i ho\u1eb7c ph\u00e2n h\u1eefu c\u01a1. Ngo\u00e0i ra, c\u00e2y thanh tr\u00e0 ng\u1ecdt kh\u00f4ng ch\u1ecbu \u0111\u01b0\u1ee3c ng\u1eadp \u00fang, do \u0111\u00f3 \u0111\u1ea5t tr\u1ed3ng c\u1ea7n c\u00f3 kh\u1ea3 n\u0103ng tho\u00e1t n\u01b0\u1edbc t\u1ed1t. N\u1ebfu tr\u1ed3ng \u1edf v\u00f9ng \u0111\u1ea5t tr\u0169ng, c\u1ea7n l\u00ean lu\u1ed1ng cao \u0111\u1ec3 tr\u00e1nh ng\u1eadp r\u1ec5.<\/p>\n<h2><strong>Kho\u1ea3ng C\u00e1ch Tr\u1ed3ng C\u00e2y Thanh Tr\u00e0 Ng\u1ecdt<\/strong><\/h2>\n<p>Th\u00f4ng th\u01b0\u1eddng, kho\u1ea3ng c\u00e1ch tr\u1ed3ng l\u00fd t\u01b0\u1edfng cho c\u00e2y thanh tr\u00e0 ng\u1ecdt l\u00e0 <strong>5 &#8211; 6 m\u00e9t <\/strong>gi\u1eefa c\u00e1c c\u00e2y v\u00e0 <strong>6 &#8211; 7 m\u00e9t <\/strong>gi\u1eefa c\u00e1c h\u00e0ng. V\u00e0 m\u1eadt \u0111\u1ed9 tr\u1ed3ng l\u00fd t\u01b0\u1edfng l\u00e0 <strong>300-400 c\u00e2y\/ha.<\/strong><\/p>\n<p>Kho\u1ea3ng c\u00e1ch n\u00e0y gi\u00fap c\u00e2y c\u00f3 \u0111\u1ee7 kh\u00f4ng gian \u0111\u1ec3 ph\u00e1t tri\u1ec3n t\u00e1n l\u00e1 r\u1ed9ng r\u00e3i, \u0111\u1ed3ng th\u1eddi d\u1ec5 d\u00e0ng trong vi\u1ec7c ch\u0103m s\u00f3c, t\u01b0\u1edbi ti\u00eau v\u00e0 thu ho\u1ea1ch tr\u00e1i. N\u1ebfu tr\u1ed3ng d\u00e0y qu\u00e1, c\u00e2y s\u1ebd d\u1ec5 b\u1ecb b\u1ec7nh do thi\u1ebfu kh\u00f4ng gian v\u00e0 \u00e1nh s\u00e1ng.<\/p>\n<h2><strong>C\u00e1ch Ch\u0103m S\u00f3c C\u00e2y Thanh Tr\u00e0 Ng\u1ecdt V\u00e0 C\u00e1c L\u01b0u \u00dd<\/strong><\/h2>\n<ul>\n<li><strong>T\u01b0\u1edbi n\u01b0\u1edbc<\/strong>: C\u00e2y thanh tr\u00e0 ng\u1ecdt \u01b0a \u1ea9m nh\u01b0ng kh\u00f4ng ch\u1ecbu \u0111\u01b0\u1ee3c ng\u1eadp \u00fang. V\u00ec v\u1eady, c\u1ea7n t\u01b0\u1edbi n\u01b0\u1edbc \u0111\u1ec1u \u0111\u1eb7n, \u0111\u1eb7c bi\u1ec7t l\u00e0 trong m\u00f9a kh\u00f4. M\u1ed7i l\u1ea7n t\u01b0\u1edbi, n\u00ean t\u01b0\u1edbi s\u00e2u v\u00e0o g\u1ed1c \u0111\u1ec3 c\u00e2y c\u00f3 \u0111\u1ee7 n\u01b0\u1edbc nu\u00f4i d\u01b0\u1ee1ng. Tuy nhi\u00ean, tr\u00e1nh t\u01b0\u1edbi qu\u00e1 nhi\u1ec1u n\u01b0\u1edbc khi\u1ebfn \u0111\u1ea5t b\u1ecb ng\u1eadp, g\u00e2y th\u1ed1i r\u1ec5.<\/li>\n<li><strong>B\u00f3n ph\u00e2n<\/strong>: Tr\u01b0\u1edbc khi tr\u1ed3ng, b\u00f3n l\u00f3t ph\u00e2n h\u1eefu c\u01a1 (ph\u00e2n chu\u1ed3ng hoai m\u1ee5c ho\u1eb7c ph\u00e2n compost) v\u1edbi l\u01b0\u1ee3ng kho\u1ea3ng <strong>10-15 kg\/h\u1ed1<\/strong>. Sau khi c\u00e2y ra hoa, c\u1ea7n b\u00f3n th\u00eam ph\u00e2n NPK \u0111\u1ec3 c\u00e2y c\u00f3 \u0111\u1ee7 ch\u1ea5t dinh d\u01b0\u1ee1ng ph\u1ee5c v\u1ee5 qu\u00e1 tr\u00ecnh ra tr\u00e1i. C\u1ea7n b\u00f3n ph\u00e2n \u0111\u1ec1u \u0111\u1eb7n, tr\u00e1nh b\u00f3n qu\u00e1 nhi\u1ec1u ph\u00e2n \u0111\u1ea1m v\u00ec c\u00f3 th\u1ec3 l\u00e0m c\u00e2y ph\u00e1t tri\u1ec3n l\u00e1 nhi\u1ec1u m\u00e0 tr\u00e1i \u00edt.<\/li>\n<li><strong>Ph\u00f2ng tr\u1eeb s\u00e2u b\u1ec7nh<\/strong>: C\u00e2y thanh tr\u00e0 ng\u1ecdt c\u00f3 th\u1ec3 b\u1ecb m\u1ed9t s\u1ed1 lo\u1ea1i s\u00e2u b\u1ec7nh nh\u01b0 r\u1ec7p, nh\u1ec7n \u0111\u1ecf, ho\u1eb7c n\u1ea5m. N\u1ebfu ph\u00e1t hi\u1ec7n d\u1ea5u hi\u1ec7u c\u1ee7a s\u00e2u b\u1ec7nh, n\u00ean s\u1eed d\u1ee5ng thu\u1ed1c b\u1ea3o v\u1ec7 th\u1ef1c v\u1eadt ho\u1eb7c c\u00e1c bi\u1ec7n ph\u00e1p t\u1ef1 nhi\u00ean nh\u01b0 phun ch\u1ebf ph\u1ea9m sinh h\u1ecdc \u0111\u1ec3 ph\u00f2ng ng\u1eeba v\u00e0 \u0111i\u1ec1u tr\u1ecb.<\/li>\n<li><strong>T\u1ec9a c\u00e0nh<\/strong>: T\u1ec9a c\u00e0nh th\u01b0\u1eddng xuy\u00ean \u0111\u1ec3 t\u1ea1o t\u00e1n th\u00f4ng tho\u00e1ng, gi\u00fap c\u00e2y quang h\u1ee3p t\u1ed1t, \u0111\u1ed3ng th\u1eddi h\u1ea1n ch\u1ebf s\u00e2u b\u1ec7nh.<\/li>\n<\/ul>\n<h2><strong>Gi\u00e1 C\u00e2y Gi\u1ed1ng Thanh Tr\u00e0 Ng\u1ecdt<\/strong><\/h2>\n<p>Gi\u00e1 c\u00e2y gi\u1ed1ng thanh tr\u00e0 ng\u1ecdt t\u1ea1i v\u01b0\u1eddn Ph\u00fac An hi\u1ec7n nay dao \u0111\u1ed9ng t\u1eeb <strong>2450.000 &#8211; 255.000 \u0111\u1ed3ng\/c\u00e2y<\/strong>\u00a0theo gi\u00e1 s\u1ec9. Tuy nhi\u00ean, gi\u00e1 c\u00f3 th\u1ec3 thay \u0111\u1ed5i t\u00f9y theo <strong>s\u1ed1 l\u01b0\u1ee3ng \u0111\u1eb7t h\u00e0ng<\/strong>\u00a0v\u00e0 <strong>th\u1eddi \u0111i\u1ec3m mua<\/strong>.<\/p>\n<p>V\u01b0\u1eddn Ph\u00fac An cam k\u1ebft cung c\u1ea5p <strong>c\u00e2y gi\u1ed1ng ch\u1ea5t l\u01b0\u1ee3ng<\/strong>, \u0111\u1ea3m b\u1ea3o c\u00e2y gi\u1ed1ng <strong>\u0111\u00fang gi\u1ed1ng<\/strong>\u00a0v\u00e0 <strong>kh\u1ecfe m\u1ea1nh<\/strong>. C\u00e1c c\u00e2y gi\u1ed1ng \u0111\u1ec1u \u0111\u01b0\u1ee3c ch\u0103m s\u00f3c k\u1ef9 l\u01b0\u1ee1ng, \u0111\u1ea3m b\u1ea3o ti\u00eau chu\u1ea9n. V\u1edbi m\u1ee9c gi\u00e1 h\u1ee3p l\u00fd v\u00e0 ch\u1ea5t l\u01b0\u1ee3ng c\u00e2y gi\u1ed1ng v\u01b0\u1ee3t tr\u1ed9i, Ph\u00fac An l\u00e0 l\u1ef1a ch\u1ecdn \u0111\u00e1ng tin c\u1eady cho nh\u1eefng ai mu\u1ed1n b\u1eaft \u0111\u1ea7u \u0111\u1ea7u t\u01b0 v\u00e0o gi\u1ed1ng c\u00e2y thanh tr\u00e0 ng\u1ecdt.<\/p>\n<h2><strong>Mua C\u00e2y Gi\u1ed1ng Thanh Tr\u00e0 Ng\u1ecdt \u1ede \u0110\u00e2u Ch\u1ea5t L\u01b0\u1ee3ng?<\/strong><\/h2>\n<p>C\u00e2y gi\u1ed1ng Ph\u00fac An\u00a0l\u00e0 \u0111\u1ecba ch\u1ec9 uy t\u00edn cung c\u1ea5p c\u00e2y gi\u1ed1ng thanh tr\u00e0 ng\u1ecdt ch\u1ea5t l\u01b0\u1ee3ng cao. V\u01b0\u1eddn nh\u00e2n gi\u1ed1ng c\u1ee7a Ph\u00fac An \u0111\u01b0\u1ee3c ch\u1ecdn l\u1ef1a k\u1ef9 l\u01b0\u1ee1ng, c\u00e2y con \u0111\u01b0\u1ee3c s\u1ea3n xu\u1ea5t theo quy tr\u00ecnh chu\u1ea9n t\u1eeb bo gh\u00e9p, c\u00e0nh gh\u00e9p, c\u00e2y th\u1ef1c sinh cho \u0111\u1ebfn t\u1eebng b\u1ea7u \u01b0\u01a1m.<\/p>\n<h2><strong>Ti\u00eau chu\u1ea9n c\u00e2y gi\u1ed1ng thanh tr\u00e0 ng\u1ecdt t\u1ea1i Ph\u00fac An<\/strong>:<\/h2>\n<p>C\u00e2y gh\u00e9p, chi\u1ec1u cao c\u00e2y gi\u1ed1ng t\u1eeb <strong>70-80cm<\/strong>.<\/p>\n<p>C\u00e2y nu\u00f4i \u0111\u1ee7 th\u1eddi gian, b\u1ea7u r\u1ec5 \u1ed5n \u0111\u1ecbnh, c\u00e2y \u0111\u00e3 x\u1ea3 n\u1eafng c\u1ee9ng c\u00e1p.<\/p>\n<p>Kh\u00f4ng c\u00f3 d\u1ea5u hi\u1ec7u s\u00e2u b\u1ec7nh, b\u1ed9 l\u00e1 xanh t\u1ed1t.<\/p>\n<p>Qu\u00fd c\u00f4 b\u00e1c c\u00f3 th\u1ec3 li\u00ean h\u1ec7 tr\u1ef1c ti\u1ebfp qua <strong>SDT\/Zalo 0962.888.014<\/strong>\u00a0(C\u00e2y gi\u1ed1ng Ph\u00fac An) \u0111\u1ec3 \u0111\u01b0\u1ee3c t\u01b0 v\u1ea5n v\u00e0 b\u00e1o gi\u00e1 c\u1ee5 th\u1ec3. Ch\u00fang t\u00f4i cam k\u1ebft mang \u0111\u1ebfn nh\u1eefng c\u00e2y gi\u1ed1ng ch\u1ea5t l\u01b0\u1ee3ng, gi\u00fap b\u00e0 con \u0111\u1ea7u t\u01b0 th\u00e0nh c\u00f4ng v\u00e0o c\u00e2y thanh tr\u00e0 ng\u1ecdt.<\/p>\n<p><span style=\"color: #333399;\"><em><strong>M\u1eddi b\u1ea1n \u0111\u1ecdc b\u00e1o v\u1ec1 <a style=\"color: #333399;\" href=\"https:\/\/laodong.vn\/kinh-doanh\/dac-san-thanh-tra-ngot-vao-mua-gia-cao-ngat-van-hut-hang-1460441.ldo\" target=\"_blank\" rel=\"noopener\">Gi\u1ed1ng Thanh Tr\u00e0 Ng\u1ecdt\u00a0<\/a><\/strong><\/em><\/span><\/p>\n","protected":false},"excerpt":{"rendered":"<p>*Gi\u00e1 \u00e1p d\u1ee5ng cho s\u1ed1 l\u01b0\u1ee3ng t\u1eeb 50 c\u00e2y, c\u00f3 th\u1ec3 thay \u0111\u1ed5i theo th\u1eddi \u0111i\u1ec3m<br \/>\n*Bao v\u1eadn chuy\u1ec3n t\u1eeb mi\u1ec1n t\u00e2y \u0111\u1ebfn \u0110\u1eafk L\u1eafk, t\u1ec9nh th\u00e0nh xa h\u01a1n kh\u00e1ch ph\u1ee5 th\u00eam ti\u1ec1n c\u01b0\u1edbc, s\u1ebd b\u00e1o c\u1ee5 th\u1ec3 khi trao \u0111\u1ed5i.<\/p>\n","protected":false},"featured_media":3696,"comment_status":"open","ping_status":"closed","template":"","meta":[],"product_brand":[],"product_cat":[37],"product_tag":[],"class_list":{"0":"post-3675","1":"product","2":"type-product","3":"status-publish","4":"has-post-thumbnail","6":"product_cat-cay-giong-khac","8":"first","9":"instock","10":"shipping-taxable","11":"purchasable","12":"product-type-simple"},"_links":{"self":[{"href":"https:\/\/ktech4.k-tech-services.com\/phucan713\/wp-json\/wp\/v2\/product\/3675","targetHints":{"allow":["GET"]}}],"collection":[{"href":"https:\/\/ktech4.k-tech-services.com\/phucan713\/wp-json\/wp\/v2\/product"}],"about":[{"href":"https:\/\/ktech4.k-tech-services.com\/phucan713\/wp-json\/wp\/v2\/types\/product"}],"replies":[{"embeddable":true,"href":"https:\/\/ktech4.k-tech-services.com\/phucan713\/wp-json\/wp\/v2\/comments?post=3675"}],"wp:featuredmedia":[{"embeddable":true,"href":"https:\/\/ktech4.k-tech-services.com\/phucan713\/wp-json\/wp\/v2\/media\/3696"}],"wp:attachment":[{"href":"https:\/\/ktech4.k-tech-services.com\/phucan713\/wp-json\/wp\/v2\/media?parent=3675"}],"wp:term":[{"taxonomy":"product_brand","embeddable":true,"href":"https:\/\/ktech4.k-tech-services.com\/phucan713\/wp-json\/wp\/v2\/product_brand?post=3675"},{"taxonomy":"product_cat","embeddable":true,"href":"https:\/\/ktech4.k-tech-services.com\/phucan713\/wp-json\/wp\/v2\/product_cat?post=3675"},{"taxonomy":"product_tag","embeddable":true,"href":"https:\/\/ktech4.k-tech-services.com\/phucan713\/wp-json\/wp\/v2\/product_tag?post=3675"}],"curies":[{"name":"wp","href":"https:\/\/api.w.org\/{rel}","templated":true}]}}