{"id":3678,"date":"2025-06-18T11:02:32","date_gmt":"2025-06-18T04:02:32","guid":{"rendered":"https:\/\/caygiongphucan.com\/?post_type=product&amp;p=3678"},"modified":"2025-06-18T11:02:32","modified_gmt":"2025-06-18T04:02:32","slug":"giong-cay-va-hue","status":"publish","type":"product","link":"https:\/\/ktech4.k-tech-services.com\/phucan713\/san-pham\/giong-cay-va-hue\/","title":{"rendered":"Gi\u1ed1ng C\u00e2y V\u1ea3 Hu\u1ebf"},"content":{"rendered":"<h2><strong>Ngu\u1ed3n G\u1ed1c C\u00e2y V\u1ea3 Hu\u1ebf<\/strong><\/h2>\n<p>C\u00e2y v\u1ea3 hu\u1ebf c\u00f3 ngu\u1ed3n g\u1ed1c t\u1eeb khu v\u1ef1c <strong>Himalaya<\/strong>, <strong>mi\u1ec1n Nam Trung Qu\u1ed1c<\/strong>, v\u00e0 sau \u0111\u00f3 lan r\u1ed9ng sang c\u00e1c n\u01b0\u1edbc nh\u01b0 <strong>Th\u00e1i Lan<\/strong>, <strong>L\u00e0o<\/strong>, <strong>Campuchia<\/strong>\u00a0v\u00e0 <strong>Vi\u1ec7t Nam<\/strong>. T\u1ea1i Vi\u1ec7t Nam, c\u00e2y v\u1ea3 hu\u1ebf \u0111\u01b0\u1ee3c tr\u1ed3ng ph\u1ed5 bi\u1ebfn v\u00e0 t\u1eadp trung ch\u1ee7 y\u1ebfu \u1edf khu v\u1ef1c t\u1ec9nh <strong>Th\u1eeba Thi\u00ean Hu\u1ebf<\/strong>, n\u01a1i c\u00f3 \u0111i\u1ec1u ki\u1ec7n kh\u00ed h\u1eadu v\u00e0 th\u1ed5 nh\u01b0\u1ee1ng ph\u00f9 h\u1ee3p \u0111\u1ec3 c\u00e2y ph\u00e1t tri\u1ec3n m\u1ea1nh m\u1ebd.<\/p>\n<p>Ng\u00e0y nay, c\u00e2y v\u1ea3 hu\u1ebf kh\u00f4ng ch\u1ec9 \u0111\u01b0\u1ee3c tr\u1ed3ng \u0111\u1ec3 ph\u1ee5c v\u1ee5 nhu c\u1ea7u ti\u00eau d\u00f9ng t\u1ea1i ch\u1ed7 m\u00e0 c\u00f2n tr\u1edf th\u00e0nh c\u00e2y tr\u1ed3ng kinh t\u1ebf, mang l\u1ea1i ngu\u1ed3n thu nh\u1eadp \u1ed5n \u0111\u1ecbnh cho b\u00e0 con n\u00f4ng d\u00e2n. V\u1edbi h\u01b0\u01a1ng v\u1ecb \u0111\u1eb7c tr\u01b0ng v\u00e0 gi\u00e1 tr\u1ecb dinh d\u01b0\u1ee1ng cao, tr\u00e1i v\u1ea3 hu\u1ebf ng\u00e0y c\u00e0ng \u0111\u01b0\u1ee3c \u01b0a chu\u1ed9ng tr\u00ean th\u1ecb tr\u01b0\u1eddng, m\u1edf ra c\u01a1 h\u1ed9i ph\u00e1t tri\u1ec3n kinh t\u1ebf cho nh\u1eefng ai mu\u1ed1n \u0111\u1ea7u t\u01b0 v\u00e0o n\u00f4ng nghi\u1ec7p.<\/p>\n<h2><strong>\u0110\u1eb7c \u0110i\u1ec3m Gi\u1ed1ng C\u00e2y V\u1ea3 Hu\u1ebf<\/strong><\/h2>\n<p>H\u00ecnh th\u00e1i c\u00e2y: C\u00e2y v\u1ea3 Hu\u1ebf thu\u1ed9c nh\u00f3m c\u00e2y g\u1ed7, c\u00f3 <strong>th\u00e2n v\u00e0 c\u00e0nh l\u1edbn<\/strong>, chi\u1ec1u cao trung b\u00ecnh t\u1eeb <strong>5 \u2013 10m<\/strong>. C\u00e2y th\u01b0\u1eddng xanh quanh n\u0103m, nh\u01b0ng n\u1ebfu \u0111\u01b0\u1ee3c tr\u1ed3ng \u1edf v\u00f9ng c\u00f3 kh\u00ed h\u1eadu l\u1ea1nh, c\u00e2y c\u00f3 th\u1ec3 r\u1ee5ng l\u00e1 v\u00e0o m\u00f9a \u0111\u00f4ng.<\/p>\n<p>L\u00e1 c\u00e2y: L\u00e1 v\u1ea3 hu\u1ebf c\u00f3 h\u00ecnh tim g\u1ea7n nh\u01b0 tr\u00f2n, k\u00edch th\u01b0\u1edbc l\u1edbn. Phi\u1ebfn l\u00e1 m\u1ec1m, m\u1eb7t d\u01b0\u1edbi c\u00f3 l\u00f4ng t\u01a1 m\u1ecbn. M\u00e9p l\u00e1 c\u00f3 kh\u00eda r\u0103ng kh\u00f4ng \u0111\u1ec1u, cu\u1ed1ng l\u00e1 d\u00e0i v\u00e0 to. C\u00e2y th\u01b0\u1eddng xanh, nh\u01b0ng n\u1ebfu tr\u1ed3ng \u1edf v\u00f9ng c\u00f3 kh\u00ed h\u1eadu l\u1ea1nh, c\u00e2y c\u00f3 th\u1ec3 r\u1ee5ng l\u00e1 v\u00e0o m\u00f9a \u0111\u00f4ng.<\/p>\n<p>Hoa: Hoa v\u1ea3 hu\u1ebf m\u1ecdc d\u00e0y \u0111\u1eb7c tr\u00ean th\u00e2n ho\u1eb7c c\u00e0nh gi\u00e0. Hoa \u0111\u1ef1c c\u00f3 <strong>4 c\u00e1nh \u0111\u00e0i v\u00e0 2 nh\u1ecb<\/strong>, trong khi hoa c\u00e1i ch\u1ec9 c\u00f3 <strong>3 c\u00e1nh \u0111\u00e0i<\/strong>.<\/p>\n<p>Tr\u00e1i: Tr\u00e1i v\u1ea3 hu\u1ebf c\u00f3 h\u00ecnh tr\u00f2n ho\u1eb7c h\u01a1i d\u1eb9t, \u0111\u01b0\u1eddng k\u00ednh t\u1eeb <strong>3-5 cm<\/strong>, \u0111\u1ed9 d\u00e0y kho\u1ea3ng <strong>1,5-2 cm<\/strong>. Khi c\u00f2n t\u01b0\u01a1i, tr\u00e1i c\u00f3 m\u00e0u xanh, b\u1ecdng ru\u1ed9t, ph\u1ea7n c\u01a1m b\u00ean trong m\u00e0u tr\u1eafng, v\u1ecb ng\u1ecdt thanh v\u00e0 b\u00f9i b\u00f9i. Tr\u00e1i v\u1ea3 hu\u1ebf kh\u00f4ng ch\u1ec9 ngon m\u00e0 c\u00f2n c\u00f3 nhi\u1ec1u c\u00f4ng d\u1ee5ng trong \u1ea9m th\u1ef1c v\u00e0 y h\u1ecdc.<\/p>\n<p>Kh\u1ea3 n\u0103ng sinh tr\u01b0\u1edfng: C\u00e2y v\u1ea3 hu\u1ebf c\u00f3 t\u1ed1c \u0111\u1ed9 sinh tr\u01b0\u1edfng <strong>nhanh<\/strong>, ph\u00f9 h\u1ee3p v\u1edbi nh\u1eefng v\u00f9ng c\u00f3 kh\u00ed h\u1eadu nhi\u1ec7t \u0111\u1edbi \u1ea9m. C\u00e2y th\u00edch h\u1ee3p tr\u1ed3ng \u1edf n\u01a1i c\u00f3 \u00e1nh s\u00e1ng trung b\u00ecnh, kh\u00f4ng \u01b0a \u00e1nh s\u00e1ng qu\u00e1 m\u1ea1nh v\u00ec d\u1ec5 b\u1ecb h\u00e9o l\u00e1 v\u00e0 ch\u1eadm ph\u00e1t tri\u1ec3n.<\/p>\n<h2><strong>Gi\u1ed1ng C\u00e2y V\u1ea3 Hu\u1ebf Bao L\u00e2u C\u00f3 Tr\u00e1i Thu Ho\u1ea1ch?<\/strong><\/h2>\n<p>C\u00e2y v\u1ea3 hu\u1ebf l\u00e0 m\u1ed9t trong nh\u1eefng gi\u1ed1ng c\u00e2y tr\u1ed3ng c\u00f3 th\u1eddi gian cho tr\u00e1i thu ho\u1ea1ch t\u01b0\u01a1ng \u0111\u1ed1i nhanh, mang l\u1ea1i hi\u1ec7u qu\u1ea3 kinh t\u1ebf cao cho ng\u01b0\u1eddi tr\u1ed3ng. Trung b\u00ecnh, c\u00e2y v\u1ea3 Hu\u1ebf tr\u1ed3ng t\u1eeb c\u00e2y gi\u1ed1ng gh\u00e9p ho\u1eb7c chi\u1ebft c\u00e0nh c\u00f3 th\u1ec3 cho tr\u00e1i sau<strong>\u00a012 &#8211; 18 th\u00e1ng<\/strong>\u00a0n\u1ebfu \u0111\u01b0\u1ee3c ch\u0103m s\u00f3c \u0111\u00fang k\u1ef9 thu\u1eadt.<\/p>\n<h2><strong>T\u1eeb L\u00fac Ra Hoa \u0110\u1ebfn Khi Thu Ho\u1ea1ch C\u00e2y V\u1ea3 Hu\u1ebf Kho\u1ea3ng Bao L\u00e2u?<\/strong><\/h2>\n<p>T\u1eeb khi c\u00e2y v\u1ea3 hu\u1ebf ra hoa \u0111\u1ebfn khi tr\u00e1i ch\u00edn v\u00e0 c\u00f3 th\u1ec3 thu ho\u1ea1ch ch\u1ec9 m\u1ea5t kho\u1ea3ng <strong>2-3 th\u00e1ng<\/strong>. Sau khi hoa n\u1edf, tr\u00e1i v\u1ea3 hu\u1ebf b\u1eaft \u0111\u1ea7u h\u00ecnh th\u00e0nh v\u00e0 ph\u00e1t tri\u1ec3n nhanh ch\u00f3ng. Tr\u00e1i non c\u00f3 m\u00e0u xanh, sau \u0111\u00f3 chuy\u1ec3n d\u1ea7n sang m\u00e0u v\u00e0ng nh\u1ea1t ho\u1eb7c t\u00edm nh\u1ea1t khi ch\u00edn.<\/p>\n<h2><strong>N\u0103ng Su\u1ea5t Gi\u1ed1ng C\u00e2y V\u1ea3 Hu\u1ebf<\/strong><\/h2>\n<p>Gi\u1ed1ng c\u00e2y v\u1ea3 hu\u1ebf <strong>cho n\u0103ng su\u1ea5t cao, \u1ed5n \u0111\u1ecbnh quanh n\u0103m<\/strong>, gi\u00fap ng\u01b0\u1eddi tr\u1ed3ng thu \u0111\u01b0\u1ee3c ngu\u1ed3n l\u1ee3i \u0111\u00e1ng k\u1ec3. V\u1edbi <strong>\u0111\u1eb7c t\u00ednh ra tr\u00e1i theo ch\u00f9m tr\u00ean th\u00e2n v\u00e0 c\u00e0nh gi\u00e0<\/strong>, c\u00e2y c\u00f3 th\u1ec3 cho thu ho\u1ea1ch nhi\u1ec1u \u0111\u1ee3t trong n\u0103m n\u1ebfu \u0111\u01b0\u1ee3c ch\u0103m s\u00f3c \u0111\u00fang c\u00e1ch.<\/p>\n<p>Trung b\u00ecnh, m\u1ed7i c\u00e2y v\u1ea3 hu\u1ebf tr\u01b0\u1edfng th\u00e0nh c\u00f3 th\u1ec3 cho thu ho\u1ea1ch t\u1eeb <strong>50-70kg tr\u00e1i\/n\u0103m<\/strong>. N\u1ebfu tr\u1ed3ng v\u1edbi m\u1eadt \u0111\u1ed9 h\u1ee3p l\u00fd (kho\u1ea3ng <strong>4-5 m\u00e9t\/c\u00e2y<\/strong>), n\u0103ng su\u1ea5t trung b\u00ecnh c\u00f3 th\u1ec3 \u0111\u1ea1t t\u1eeb <strong>10-15 t\u1ea5n tr\u00e1i\/ha\/n\u0103m<\/strong>.<\/p>\n<h2><strong>Kh\u00ed H\u1eadu V\u00e0 \u0110\u1ea5t Tr\u1ed3ng Th\u00edch H\u1ee3p V\u1edbi Gi\u1ed1ng C\u00e2y V\u1ea3 Hu\u1ebf<\/strong><\/h2>\n<p>Kh\u00ed h\u1eadu: C\u00e2y v\u1ea3 hu\u1ebf l\u00e0 lo\u1ea1i c\u00e2y <strong>\u01b0a kh\u00ed h\u1eadu nhi\u1ec7t \u0111\u1edbi \u1ea9m<\/strong>, ph\u00e1t tri\u1ec3n t\u1ed1t \u1edf nhi\u1ec1u v\u00f9ng tr\u00ean c\u1ea3 n\u01b0\u1edbc, \u0111\u1eb7c bi\u1ec7t l\u00e0 khu v\u1ef1c mi\u1ec1n Trung v\u00e0 mi\u1ec1n Nam Vi\u1ec7t Nam. Nhi\u1ec7t \u0111\u1ed9 l\u00fd t\u01b0\u1edfng cho c\u00e2y v\u1ea3 hu\u1ebf dao \u0111\u1ed9ng t\u1eeb <strong>20 &#8211; 35\u00b0C<\/strong>. C\u00e2y c\u00f3 th\u1ec3 ch\u1ecbu \u0111\u01b0\u1ee3c nhi\u1ec7t \u0111\u1ed9 cao nh\u01b0ng kh\u00f4ng th\u00edch h\u1ee3p v\u1edbi v\u00f9ng c\u00f3 kh\u00ed h\u1eadu qu\u00e1 l\u1ea1nh.<\/p>\n<p>\u0110\u1ea5t tr\u1ed3ng: C\u00e2y ph\u00e1t tri\u1ec3n t\u1ed1t tr\u00ean \u0111\u1ea5t th\u1ecbt pha c\u00e1t, \u0111\u1ea5t ph\u00f9 sa, ho\u1eb7c \u0111\u1ea5t \u0111\u1ecf bazan. \u0110\u1ea5t c\u1ea7n tho\u00e1t n\u01b0\u1edbc t\u1ed1t v\u00e0 c\u00f3 \u0111\u1ed9 pH t\u1eeb 5.5-7.<\/p>\n<h2><strong>Kho\u1ea3ng C\u00e1ch Tr\u1ed3ng C\u00e2y V\u1ea3 Hu\u1ebf<\/strong><\/h2>\n<p>\u0110\u1ec3 c\u00e2y v\u1ea3 Hu\u1ebf ph\u00e1t tri\u1ec3n t\u1ed1t, cho n\u0103ng su\u1ea5t cao v\u00e0 d\u1ec5 d\u00e0ng ch\u0103m s\u00f3c, ng\u01b0\u1eddi tr\u1ed3ng c\u1ea7n b\u1ed1 tr\u00ed kho\u1ea3ng c\u00e1ch h\u1ee3p l\u00fd gi\u1eefa c\u00e1c c\u00e2y.<\/p>\n<p>Kho\u1ea3ng c\u00e1ch tr\u1ed3ng l\u00fd t\u01b0\u1edfng gi\u1eefa c\u00e1c c\u00e2y v\u1ea3 hu\u1ebf l\u00e0 <strong>4 &#8211; 5 m\u00e9t <\/strong>v\u00e0 gi\u1eefa c\u00e1c h\u00e0ng n\u00ean l\u00e0 <strong>5 &#8211; 6 m\u00e9t<\/strong>\u00a0\u0111\u1ec3 \u0111\u1ea3m b\u1ea3o \u00e1nh s\u00e1ng v\u00e0 kh\u00f4ng gian cho c\u00e2y ph\u00e1t tri\u1ec3n. M\u1eadt \u0111\u1ed9 tr\u1ed3ng t\u1eeb 600 &#8211; 900 c\u00e2y\/ha (t\u00f9y theo m\u00f4 h\u00ecnh tr\u1ed3ng th\u00e2m canh ho\u1eb7c xen canh).<\/p>\n<h2><strong>C\u00e1ch Ch\u0103m S\u00f3c C\u00e2y V\u1ea3 Hu\u1ebf V\u00e0 C\u00e1c L\u01b0u \u00dd<\/strong><\/h2>\n<p>T\u01b0\u1edbi n\u01b0\u1edbc: C\u00e2y v\u1ea3 hu\u1ebf \u01b0a \u1ea9m, c\u1ea7n \u0111\u01b0\u1ee3c t\u01b0\u1edbi n\u01b0\u1edbc \u0111\u1ec1u \u0111\u1eb7n, \u0111\u1eb7c bi\u1ec7t l\u00e0 trong m\u00f9a kh\u00f4. T\u01b0\u1edbi <strong>2-3 l\u1ea7n\/tu\u1ea7n<\/strong>\u00a0t\u00f9y theo \u0111i\u1ec1u ki\u1ec7n th\u1eddi ti\u1ebft. L\u01b0u \u00fd, tr\u00e1nh t\u01b0\u1edbi qu\u00e1 nhi\u1ec1u n\u01b0\u1edbc g\u00e2y ng\u1eadp \u00fang, v\u00ec \u0111i\u1ec1u n\u00e0y c\u00f3 th\u1ec3 l\u00e0m th\u1ed1i r\u1ec5 v\u00e0 \u1ea3nh h\u01b0\u1edfng \u0111\u1ebfn s\u1ef1 ph\u00e1t tri\u1ec3n c\u1ee7a c\u00e2y.<\/p>\n<p>B\u00f3n ph\u00e2n: \u00a0Tr\u01b0\u1edbc khi tr\u1ed3ng, b\u00f3n l\u00f3t ph\u00e2n h\u1eefu c\u01a1 ho\u1eb7c ph\u00e2n chu\u1ed3ng hoai m\u1ee5c v\u00e0o h\u1ed1 tr\u1ed3ng \u0111\u1ec3 cung c\u1ea5p dinh d\u01b0\u1ee1ng ban \u0111\u1ea7u cho c\u00e2y. Giai \u0111o\u1ea1n c\u00e2y con, b\u00f3n ph\u00e2n NPK (t\u1ec9 l\u1ec7 20-20-15) m\u1ed7i th\u00e1ng m\u1ed9t l\u1ea7n \u0111\u1ec3 k\u00edch th\u00edch c\u00e2y ph\u00e1t tri\u1ec3n th\u00e2n v\u00e0 l\u00e1. Giai \u0111o\u1ea1n ra hoa v\u00e0 \u0111\u1eadu tr\u00e1i, b\u00f3n ph\u00e2n NPK (t\u1ec9 l\u1ec7 15-15-20) \u0111\u1ec3 cung c\u1ea5p dinh d\u01b0\u1ee1ng gi\u00fap c\u00e2y ra hoa v\u00e0 \u0111\u1eadu tr\u00e1i t\u1ed1t h\u01a1n.<\/p>\n<p>Ph\u00f2ng tr\u1eeb s\u00e2u b\u1ec7nh: C\u00e2y v\u1ea3 hu\u1ebf c\u00f3 th\u1ec3 b\u1ecb m\u1ed9t s\u1ed1 lo\u1ea1i s\u00e2u b\u1ec7nh nh\u01b0 r\u1ec7p s\u00e1p, s\u00e2u \u0111\u1ee5c th\u00e2n, ho\u1eb7c b\u1ec7nh th\u1ed1i r\u1ec5. S\u1eed d\u1ee5ng thu\u1ed1c tr\u1eeb s\u00e2u sinh h\u1ecdc ho\u1eb7c h\u00f3a h\u1ecdc khi ph\u00e1t hi\u1ec7n s\u00e2u b\u1ec7nh.<\/p>\n<p>T\u1ec9a c\u00e0nh: Lo\u1ea1i b\u1ecf c\u00e0nh kh\u00f4, s\u00e2u b\u1ec7nh \u0111\u1ec3 t\u1ea1o \u0111\u1ed9 th\u00f4ng tho\u00e1ng, gi\u00fap c\u00e2y h\u1ea5p th\u1ee5 \u00e1nh s\u00e1ng t\u1ed1t h\u01a1n. T\u1ec9a b\u1ecf b\u1edbt c\u00e0nh v\u01b0\u1ee3t, c\u00e0nh m\u1ecdc s\u00e1t g\u1ed1c \u0111\u1ec3 t\u1eadp trung dinh d\u01b0\u1ee1ng nu\u00f4i hoa v\u00e0 qu\u1ea3.<\/p>\n<h2><strong>Gi\u00e1 C\u00e2y Gi\u1ed1ng C\u00e2y V\u1ea3 Hu\u1ebf<\/strong><\/h2>\n<p>Gi\u00e1 c\u00e2y gi\u1ed1ng c\u00e2y v\u1ea3 hu\u1ebf t\u1ea1i v\u01b0\u1eddn Ph\u00fac An hi\u1ec7n nay dao \u0111\u1ed9ng t\u1eeb <strong>55.000 &#8211; 65.000 \u0111\u1ed3ng\/c\u00e2y<\/strong>\u00a0(theo gi\u00e1 s\u1ec9). M\u1ee9c gi\u00e1 c\u00f3 th\u1ec3 thay \u0111\u1ed5i t\u00f9y theo s\u1ed1 l\u01b0\u1ee3ng \u0111\u1eb7t h\u00e0ng v\u00e0 th\u1eddi \u0111i\u1ec3m mua. V\u01b0\u1eddn Ph\u00fac An cam k\u1ebft cung c\u1ea5p <strong>c\u00e2y gi\u1ed1ng ch\u1ea5t l\u01b0\u1ee3ng<\/strong>, \u0111\u01b0\u1ee3c ch\u1ecdn l\u1ecdc k\u1ef9 l\u01b0\u1ee1ng v\u00e0 ch\u0103m s\u00f3c \u0111\u00fang quy tr\u00ecnh \u0111\u1ec3 \u0111\u1ea3m b\u1ea3o c\u00e2y kh\u1ecfe m\u1ea1nh, ph\u00e1t tri\u1ec3n t\u1ed1t khi tr\u1ed3ng.<\/p>\n<h2><strong>Mua C\u00e2y Gi\u1ed1ng C\u00e2y V\u1ea3 Hu\u1ebf \u1ede \u0110\u00e2u Ch\u1ea5t L\u01b0\u1ee3ng?<\/strong><\/h2>\n<p>C\u00e2y gi\u1ed1ng Ph\u00fac An\u00a0l\u00e0 n\u01a1i cung c\u1ea5p c\u00e2y gi\u1ed1ng v\u1ea3 hu\u1ebf ch\u1ea5t l\u01b0\u1ee3ng, cam k\u1ebft b\u1ea3o h\u00e0nh \u0111\u00fang gi\u1ed1ng cho t\u1edbi khi c\u00f3 tr\u00e1i. Quy tr\u00ecnh nh\u00e2n gi\u1ed1ng t\u1ea1i v\u01b0\u1eddn Ph\u00fac An \u0111\u01b0\u1ee3c th\u1ef1c hi\u1ec7n theo c\u00e1c ti\u00eau chu\u1ea9n nghi\u00eam ng\u1eb7t, gi\u00fap c\u00e2y gi\u1ed1ng c\u00f3 t\u1ef7 l\u1ec7 s\u1ed1ng cao v\u00e0 ph\u00e1t tri\u1ec3n m\u1ea1nh m\u1ebd.<\/p>\n<div style=\"width: 0px;\" class=\"wp-video\"><video class=\"wp-video-shortcode\" id=\"video-3678-1\" preload=\"metadata\" controls=\"controls\"><source type=\"video\/mp4\" src=\"https:\/\/ktech4.k-tech-services.com\/phucan713\/wp-content\/uploads\/2025\/06\/clip-cay-va-hue.mp4?_=1\" \/><source type=\"\" src=\"\" \/><a href=\"https:\/\/ktech4.k-tech-services.com\/phucan713\/wp-content\/uploads\/2025\/06\/clip-cay-va-hue.mp4\">https:\/\/ktech4.k-tech-services.com\/phucan713\/wp-content\/uploads\/2025\/06\/clip-cay-va-hue.mp4<\/a><\/video><\/div>\n<h2><strong>Ti\u00eau chu\u1ea9n c\u00e2y gi\u1ed1ng c\u00e2y v\u1ea3 Hu\u1ebf t\u1ea1i Ph\u00fac An:<\/strong><\/h2>\n<p>C\u00e2y gh\u00e9p c\u00f3 chi\u1ec1u cao t\u1eeb <strong>70-80 cm<\/strong><\/p>\n<p>C\u00e2y nu\u00f4i \u0111\u1ee7 th\u1eddi gian, b\u1ea7u r\u1ec5 \u1ed5n \u0111\u1ecbnh v\u00e0 x\u1ea3 n\u1eafng c\u1ee9ng c\u00e1p<\/p>\n<p>Kh\u00f4ng c\u00f3 d\u1ea5u hi\u1ec7u s\u00e2u b\u1ec7nh, b\u1ed9 l\u00e1 xanh t\u1ed1t<\/p>\n<p>Qu\u00fd kh\u00e1ch c\u00f3 th\u1ec3 li\u00ean h\u1ec7 tr\u1ef1c ti\u1ebfp qua SDT\/Zalo <strong>0962.888.014<\/strong>\u00a0\u0111\u1ec3 \u0111\u01b0\u1ee3c t\u01b0 v\u1ea5n v\u00e0 b\u00e1o gi\u00e1 c\u1ee5 th\u1ec3. Ph\u00fac An cam k\u1ebft lu\u00f4n cung c\u1ea5p c\u00e2y gi\u1ed1ng ch\u1ea5t l\u01b0\u1ee3ng, gi\u00e1 c\u1ea3 h\u1ee3p l\u00fd v\u00e0 d\u1ecbch v\u1ee5 ch\u0103m s\u00f3c t\u1eadn t\u00ecnh.<\/p>\n<p><strong>C\u1ea3m \u01a1n qu\u00fd kh\u00e1ch \u0111\u00e3 tin t\u01b0\u1edfng v\u00e0 l\u1ef1a ch\u1ecdn Ph\u00fac An l\u00e0 \u0111\u1ed1i t\u00e1c cung c\u1ea5p c\u00e2y gi\u1ed1ng ch\u1ea5t l\u01b0\u1ee3ng.<\/strong><\/p>\n<p><span style=\"color: #333399;\"><em><strong>M\u1eddi b\u1ea1n \u0111\u1ecdc b\u00e0i v\u1ec1 <a style=\"color: #333399;\" href=\"https:\/\/thanhnien.vn\/cay-va-trong-vuon-hue-1851006834.htm\" target=\"_blank\" rel=\"noopener\">Gi\u1ed1ng C\u00e2y V\u1ea3 Hu\u1ebf<\/a><\/strong><\/em><\/span><\/p>\n","protected":false},"excerpt":{"rendered":"<p>* Gi\u00e1 tham kh\u1ea3o cho s\u1ed1 l\u01b0\u1ee3ng t\u1eeb 20 c\u00e2y, c\u00f3 th\u1ec3 thay \u0111\u1ed5i theo th\u1eddi \u0111i\u1ec3m<br \/>\n* Ch\u01b0a bao g\u1ed3m ph\u00ed v\u1eadn chuy\u1ec3n (t\u00f9y theo s\u1ed1 l\u01b0\u1ee3ng c\u00e2y v\u00e0 \u0111\u1ecba \u0111i\u1ec3m giao h\u00e0ng)<\/p>\n","protected":false},"featured_media":3877,"comment_status":"open","ping_status":"closed","template":"","meta":[],"product_brand":[],"product_cat":[37],"product_tag":[],"class_list":{"0":"post-3678","1":"product","2":"type-product","3":"status-publish","4":"has-post-thumbnail","6":"product_cat-cay-giong-khac","8":"first","9":"instock","10":"shipping-taxable","11":"purchasable","12":"product-type-simple"},"_links":{"self":[{"href":"https:\/\/ktech4.k-tech-services.com\/phucan713\/wp-json\/wp\/v2\/product\/3678","targetHints":{"allow":["GET"]}}],"collection":[{"href":"https:\/\/ktech4.k-tech-services.com\/phucan713\/wp-json\/wp\/v2\/product"}],"about":[{"href":"https:\/\/ktech4.k-tech-services.com\/phucan713\/wp-json\/wp\/v2\/types\/product"}],"replies":[{"embeddable":true,"href":"https:\/\/ktech4.k-tech-services.com\/phucan713\/wp-json\/wp\/v2\/comments?post=3678"}],"wp:featuredmedia":[{"embeddable":true,"href":"https:\/\/ktech4.k-tech-services.com\/phucan713\/wp-json\/wp\/v2\/media\/3877"}],"wp:attachment":[{"href":"https:\/\/ktech4.k-tech-services.com\/phucan713\/wp-json\/wp\/v2\/media?parent=3678"}],"wp:term":[{"taxonomy":"product_brand","embeddable":true,"href":"https:\/\/ktech4.k-tech-services.com\/phucan713\/wp-json\/wp\/v2\/product_brand?post=3678"},{"taxonomy":"product_cat","embeddable":true,"href":"https:\/\/ktech4.k-tech-services.com\/phucan713\/wp-json\/wp\/v2\/product_cat?post=3678"},{"taxonomy":"product_tag","embeddable":true,"href":"https:\/\/ktech4.k-tech-services.com\/phucan713\/wp-json\/wp\/v2\/product_tag?post=3678"}],"curies":[{"name":"wp","href":"https:\/\/api.w.org\/{rel}","templated":true}]}}