{"id":3681,"date":"2025-06-26T11:37:22","date_gmt":"2025-06-26T04:37:22","guid":{"rendered":"https:\/\/caygiongphucan.com\/?post_type=product&amp;p=3681"},"modified":"2025-06-26T11:37:22","modified_gmt":"2025-06-26T04:37:22","slug":"giong-xoai-keo","status":"publish","type":"product","link":"https:\/\/ktech4.k-tech-services.com\/phucan713\/san-pham\/giong-xoai-keo\/","title":{"rendered":"Gi\u1ed1ng Xo\u00e0i Keo"},"content":{"rendered":"<p>Gi\u1ed1ng xo\u00e0i keo\u00a0\u0111ang tr\u1edf th\u00e0nh m\u1ed9t trong nh\u1eefng l\u1ef1a ch\u1ecdn h\u00e0ng \u0111\u1ea7u cho b\u00e0 con n\u00f4ng d\u00e2n v\u00e0 nh\u00e0 \u0111\u1ea7u t\u01b0 n\u00f4ng nghi\u1ec7p nh\u1edd kh\u1ea3 n\u0103ng sinh tr\u01b0\u1edfng m\u1ea1nh m\u1ebd, n\u0103ng su\u1ea5t cao v\u00e0 gi\u00e1 tr\u1ecb kinh t\u1ebf \u1ed5n \u0111\u1ecbnh. V\u1edbi h\u01b0\u01a1ng v\u1ecb th\u01a1m ngon \u0111\u1eb7c tr\u01b0ng, xo\u00e0i keo kh\u00f4ng ch\u1ec9 \u0111\u01b0\u1ee3c \u01b0a chu\u1ed9ng trong n\u01b0\u1edbc m\u00e0 c\u00f2n c\u00f3 ti\u1ec1m n\u0103ng xu\u1ea5t kh\u1ea9u l\u1edbn. B\u00e0i vi\u1ebft n\u00e0y s\u1ebd cung c\u1ea5p th\u00f4ng tin chi ti\u1ebft v\u1ec1 gi\u1ed1ng xo\u00e0i keo, t\u1eeb ngu\u1ed3n g\u1ed1c, \u0111\u1eb7c \u0111i\u1ec3m, c\u00e1ch tr\u1ed3ng v\u00e0 ch\u0103m s\u00f3c, \u0111\u1ebfn \u0111\u1ecba ch\u1ec9 mua c\u00e2y gi\u1ed1ng uy t\u00edn.<\/p>\n<h2><strong>Ngu\u1ed3n G\u1ed1c C\u00e2y Xo\u00e0i Keo<\/strong><\/h2>\n<p>Xo\u00e0i keo l\u00e0 gi\u1ed1ng c\u00e2y \u0103n tr\u00e1i c\u00f3 ngu\u1ed3n g\u1ed1c t\u1eeb Th\u00e1i Lan, \u0111\u01b0\u1ee3c nh\u1eadp kh\u1ea9u v\u00e0 tr\u1ed3ng ph\u1ed5 bi\u1ebfn t\u1ea1i Vi\u1ec7t Nam trong nh\u1eefng n\u0103m g\u1ea7n \u0111\u00e2y. Nh\u1edd kh\u1ea3 n\u0103ng th\u00edch nghi t\u1ed1t v\u1edbi \u0111i\u1ec1u ki\u1ec7n kh\u00ed h\u1eadu v\u00e0 th\u1ed5 nh\u01b0\u1ee1ng, gi\u1ed1ng xo\u00e0i n\u00e0y \u0111\u00e3 nhanh ch\u00f3ng chi\u1ebfm \u0111\u01b0\u1ee3c l\u00f2ng tin c\u1ee7a b\u00e0 con n\u00f4ng d\u00e2n.<\/p>\n<h2><strong>\u0110\u1eb7c \u0110i\u1ec3m Gi\u1ed1ng Xo\u00e0i Keo<\/strong><\/h2>\n<p>H\u00ecnh d\u00e1ng tr\u00e1i: Tr\u00e1i xo\u00e0i keo c\u00f3 h\u00ecnh d\u00e1ng \u0111\u1ed9c \u0111\u00e1o, <strong>to tr\u00f2n \u1edf gi\u1eefa v\u00e0 thu\u00f4n d\u00e0i v\u1ec1 hai \u0111\u1ea7u<\/strong>. <strong>V\u1ecf m\u1ecfng<\/strong>, m\u00e0u xanh t\u01b0\u01a1i khi c\u00f2n non v\u00e0 chuy\u1ec3n sang v\u00e0ng nh\u1ea1t khi ch\u00edn.<\/p>\n<p>H\u01b0\u01a1ng v\u1ecb: Khi c\u00f2n xanh, xo\u00e0i keo c\u00f3 v\u1ecb <strong>chua nh\u1eb9, gi\u00f2n<\/strong>, r\u1ea5t th\u00edch h\u1ee3p \u0111\u1ec3 \u0103n k\u00e8m v\u1edbi mu\u1ed1i \u1edbt ho\u1eb7c ch\u1ebf bi\u1ebfn th\u00e0nh c\u00e1c m\u00f3n g\u1ecfi, salad. Khi ch\u00edn, tr\u00e1i chuy\u1ec3n sang v\u1ecb <strong>ng\u1ecdt thanh, th\u01a1m \u0111\u1eb7c tr\u01b0ng<\/strong>, \u00edt x\u01a1, \u0111\u01b0\u1ee3c nhi\u1ec1u ng\u01b0\u1eddi \u01b0a chu\u1ed9ng \u0111\u1ec3 \u0103n tr\u1ef1c ti\u1ebfp ho\u1eb7c l\u00e0m sinh t\u1ed1.<\/p>\n<p>K\u00edch th\u01b0\u1edbc tr\u00e1i: Trung b\u00ecnh t\u1eeb <strong>300 &#8211; 500g\/tr\u00e1i<\/strong>, ph\u00f9 h\u1ee3p v\u1edbi th\u1ecb hi\u1ebfu ng\u01b0\u1eddi ti\u00eau d\u00f9ng.<\/p>\n<p>Kh\u1ea3 n\u0103ng b\u1ea3o qu\u1ea3n: Tr\u00e1i c\u00f3 th\u1ec3 b\u1ea3o qu\u1ea3n l\u00e2u m\u00e0 kh\u00f4ng b\u1ecb m\u1ea5t ch\u1ea5t l\u01b0\u1ee3ng.<\/p>\n<h2><strong>Gi\u1ed1ng Xo\u00e0i Keo Bao L\u00e2u C\u00f3 Tr\u00e1i Thu Ho\u1ea1ch?<\/strong><\/h2>\n<p>T\u1eeb khi tr\u1ed3ng \u0111\u1ebfn khi thu ho\u1ea1ch l\u1ee9a \u0111\u1ea7u ti\u00ean, c\u00e2y xo\u00e0i keo m\u1ea5t kho\u1ea3ng <strong>18 &#8211; 24 th\u00e1ng<\/strong>. \u0110\u00e2y l\u00e0 th\u1eddi gian t\u01b0\u01a1ng \u0111\u1ed1i ng\u1eafn so v\u1edbi nhi\u1ec1u gi\u1ed1ng xo\u00e0i kh\u00e1c, gi\u00fap b\u00e0 con nhanh ch\u00f3ng thu h\u1ed3i v\u1ed1n v\u00e0 t\u1ea1o ngu\u1ed3n thu nh\u1eadp \u1ed5n \u0111\u1ecbnh.<\/p>\n<h2><strong>T\u1eeb L\u00fac Ra Hoa \u0110\u1ebfn Khi Thu Ho\u1ea1ch C\u00e2y Xo\u00e0i Keo Kho\u1ea3ng Bao L\u00e2u?<\/strong><\/h2>\n<p>Sau khi ra hoa, c\u00e2y xo\u00e0i keo c\u1ea7n kho\u1ea3ng <strong>3 &#8211; 4 th\u00e1ng<\/strong>\u00a0\u0111\u1ec3 tr\u00e1i ph\u00e1t tri\u1ec3n v\u00e0 ch\u00edn. Th\u1eddi gian n\u00e0y ph\u1ee5 thu\u1ed9c v\u00e0o \u0111i\u1ec1u ki\u1ec7n th\u1eddi ti\u1ebft v\u00e0 c\u00e1ch ch\u0103m s\u00f3c c\u1ee7a b\u00e0 con.<\/p>\n<p>C\u00e2y xo\u00e0i keo b\u1eaft \u0111\u1ea7u ra hoa, th\u01b0\u1eddng t\u1eadp trung v\u00e0o m\u00f9a xu\u00e2n ho\u1eb7c \u0111\u1ea7u m\u00f9a m\u01b0a. Hoa xo\u00e0i keo c\u00f3 m\u00e0u tr\u1eafng ng\u00e0, m\u1ecdc th\u00e0nh ch\u00f9m. Sau khi th\u1ee5 ph\u1ea5n, hoa s\u1ebd r\u1ee5ng c\u00e1nh v\u00e0 b\u1eaft \u0111\u1ea7u h\u00ecnh th\u00e0nh tr\u00e1i non. Tr\u00e1i non c\u00f3 m\u00e0u xanh nh\u1ea1t, k\u00edch th\u01b0\u1edbc nh\u1ecf v\u00e0 ph\u00e1t tri\u1ec3n nhanh ch\u00f3ng. Khi tr\u00e1i ch\u00edn ho\u00e0n to\u00e0n, v\u1ecf chuy\u1ec3n sang m\u00e0u v\u00e0ng t\u01b0\u01a1i, th\u1ecbt tr\u00e1i v\u00e0ng \u00f3ng, ng\u1ecdt th\u01a1m. B\u00e0 con c\u00f3 th\u1ec3 thu ho\u1ea1ch khi tr\u00e1i \u0111\u1ea1t \u0111\u1ed9 ch\u00edn kho\u1ea3ng 80-90% \u0111\u1ec3 \u0111\u1ea3m b\u1ea3o ch\u1ea5t l\u01b0\u1ee3ng v\u00e0 th\u1eddi gian b\u1ea3o qu\u1ea3n.<\/p>\n<h2><strong>N\u0103ng Su\u1ea5t Gi\u1ed1ng Xo\u00e0i Keo<\/strong><\/h2>\n<p>N\u0103ng su\u1ea5t c\u1ee7a gi\u1ed1ng xo\u00e0i keo th\u01b0\u1eddng dao \u0111\u1ed9ng t\u00f9y v\u00e0o nhi\u1ec1u y\u1ebfu t\u1ed1 nh\u01b0 \u0111i\u1ec1u ki\u1ec7n ch\u0103m s\u00f3c, kh\u00ed h\u1eadu, v\u00e0 ph\u01b0\u01a1ng ph\u00e1p tr\u1ed3ng. Tuy nhi\u00ean, n\u1ebfu trong \u0111i\u1ec1u ki\u1ec7n ch\u0103m s\u00f3c t\u1ed1t, c\u00e2y xo\u00e0i keo c\u00f3 th\u1ec3 \u0111\u1ea1t n\u0103ng su\u1ea5t kho\u1ea3ng <strong>10 &#8211; 15 t\u1ea5n tr\u00e1i\/ha\/n\u0103m<\/strong>\u00a0khi c\u00e2y b\u1eaft \u0111\u1ea7u ra tr\u00e1i \u1ed5n \u0111\u1ecbnh (kho\u1ea3ng 3 &#8211; 4 n\u0103m tu\u1ed5i).<\/p>\n<p>N\u0103ng su\u1ea5t c\u00f3 th\u1ec3 cao h\u01a1n n\u1ebfu c\u00e2y \u0111\u01b0\u1ee3c ch\u0103m s\u00f3c k\u1ef9 l\u01b0\u1ee1ng, \u00e1p d\u1ee5ng k\u1ef9 thu\u1eadt canh t\u00e1c hi\u1ec7n \u0111\u1ea1i nh\u01b0 b\u00f3n ph\u00e2n h\u1ee3p l\u00fd, t\u01b0\u1edbi n\u01b0\u1edbc \u0111\u00fang c\u00e1ch v\u00e0 ki\u1ec3m so\u00e1t s\u00e2u b\u1ec7nh t\u1ed1t.<\/p>\n<h2><strong>Kh\u00ed H\u1eadu V\u00e0 \u0110\u1ea5t Tr\u1ed3ng Th\u00edch H\u1ee3p V\u1edbi Gi\u1ed1ng Xo\u00e0i Keo<\/strong><\/h2>\n<ul>\n<li>Kh\u00ed h\u1eadu: Gi\u1ed1ng xo\u00e0i keo th\u00edch h\u1ee3p tr\u1ed3ng \u1edf nh\u1eefng khu v\u1ef1c c\u00f3 kh\u00ed h\u1eadu nhi\u1ec7t \u0111\u1edbi ho\u1eb7c c\u1eadn nhi\u1ec7t \u0111\u1edbi, v\u1edbi nhi\u1ec7t \u0111\u1ed9 trung b\u00ecnh t\u1eeb 25\u00b0- 30\u00b0C. C\u00e2y xo\u00e0i keo c\u1ea7n \u00e1nh s\u00e1ng m\u1eb7t tr\u1eddi \u0111\u1ea7y \u0111\u1ee7 v\u00e0 kh\u00f4ng ch\u1ecbu \u0111\u01b0\u1ee3c r\u00e9t \u0111\u1eadm, v\u00ec v\u1eady c\u00e1c v\u00f9ng c\u00f3 m\u00f9a \u0111\u00f4ng l\u1ea1nh s\u1ebd kh\u00f4ng th\u00edch h\u1ee3p cho vi\u1ec7c tr\u1ed3ng gi\u1ed1ng xo\u00e0i n\u00e0y.<\/li>\n<li>\u0110\u1ea5t tr\u1ed3ng: Xo\u00e0i keo \u01b0a th\u00edch \u0111\u1ea5t t\u01a1i x\u1ed1p, tho\u00e1t n\u01b0\u1edbc t\u1ed1t, gi\u00e0u dinh d\u01b0\u1ee1ng v\u00e0 c\u00f3 \u0111\u1ed9 pH t\u1eeb 5 &#8211; 7.0. \u0110\u1ea5t c\u00e1t pha, \u0111\u1ea5t ph\u00f9 sa ho\u1eb7c \u0111\u1ea5t th\u1ecbt nh\u1eb9 th\u01b0\u1eddng l\u00e0 l\u1ef1a ch\u1ecdn t\u1ed1t \u0111\u1ec3 tr\u1ed3ng xo\u00e0i keo. C\u00e2y c\u0169ng c\u1ea7n c\u00f3 kh\u1ea3 n\u0103ng tho\u00e1t n\u01b0\u1edbc t\u1ed1t \u0111\u1ec3 tr\u00e1nh t\u00ecnh tr\u1ea1ng \u00fang n\u01b0\u1edbc g\u00e2y h\u1ea1i cho r\u1ec5.<\/li>\n<\/ul>\n<h2><strong>Kho\u1ea3ng C\u00e1ch Tr\u1ed3ng C\u00e2y Xo\u00e0i Keo<\/strong><\/h2>\n<p>\u0110\u1ec3 \u0111\u1ea3m b\u1ea3o c\u00e2y ph\u00e1t tri\u1ec3n t\u1ed1t, b\u00e0 con n\u00ean tr\u1ed3ng v\u1edbi kho\u1ea3ng c\u00e1ch <strong>6 &#8211; 8m\/c\u00e2y<\/strong>. M\u1eadt \u0111\u1ed9 n\u00e0y gi\u00fap c\u00e2y nh\u1eadn \u0111\u1ee7 \u00e1nh s\u00e1ng v\u00e0 dinh d\u01b0\u1ee1ng, \u0111\u1ed3ng th\u1eddi thu\u1eadn ti\u1ec7n cho vi\u1ec7c ch\u0103m s\u00f3c v\u00e0 thu ho\u1ea1ch.<\/p>\n<h2><strong>C\u00e1ch Ch\u0103m S\u00f3c C\u00e2y Xo\u00e0i Keo V\u00e0 C\u00e1c L\u01b0u \u00dd<\/strong><\/h2>\n<p>T\u01b0\u1edbi n\u01b0\u1edbc: Xo\u00e0i keo l\u00e0 c\u00e2y \u01b0a \u1ea9m, v\u00ec v\u1eady vi\u1ec7c t\u01b0\u1edbi n\u01b0\u1edbc \u0111\u1ec1u \u0111\u1eb7n r\u1ea5t quan tr\u1ecdng, \u0111\u1eb7c bi\u1ec7t trong c\u00e1c giai \u0111o\u1ea1n ph\u00e1t tri\u1ec3n kh\u00e1c nhau. Ngu\u1ed3n n\u01b0\u1edbc t\u01b0\u1edbi c\u1ea7n ph\u1ea3i s\u1ea1ch, kh\u00f4ng b\u1ecb nhi\u1ec5m kim lo\u1ea1i n\u1eb7ng \u0111\u1ec3 tr\u00e1nh \u1ea3nh h\u01b0\u1edfng \u0111\u1ebfn s\u1ee9c kh\u1ecfe c\u00e2y. M\u00f9a kh\u00f4, c\u1ea7n t\u0103ng l\u01b0\u1ee3ng n\u01b0\u1edbc t\u01b0\u1edbi \u0111\u1ec3 \u0111\u1ea3m b\u1ea3o c\u00e2y kh\u00f4ng b\u1ecb thi\u1ebfu n\u01b0\u1edbc, gi\u00fap c\u00e2y duy tr\u00ec s\u1ef1 s\u1ed1ng v\u00e0 ph\u00e1t tri\u1ec3n t\u1ed1t. M\u00f9a m\u01b0a, l\u01b0u \u00fd tho\u00e1t n\u01b0\u1edbc t\u1ed1t \u0111\u1ec3 tr\u00e1nh c\u00e2y b\u1ecb ng\u1eadp \u00fang, \u0111i\u1ec1u n\u00e0y c\u00f3 th\u1ec3 g\u00e2y ra c\u00e1c b\u1ec7nh v\u1ec1 r\u1ec5 v\u00e0 l\u00e0m c\u00e2y b\u1ecb suy y\u1ebfu.<\/p>\n<p>B\u00f3n ph\u00e2n: B\u00f3n ph\u00e2n \u0111\u1ecbnh k\u1ef3 r\u1ea5t quan tr\u1ecdng \u0111\u1ec3 c\u00e2y c\u00f3 \u0111\u1ee7 d\u01b0\u1ee1ng ch\u1ea5t ph\u00e1t tri\u1ec3n v\u00e0 cho tr\u00e1i ch\u1ea5t l\u01b0\u1ee3ng. N\u0103m \u0111\u1ea7u ti\u00ean, b\u00f3n kho\u1ea3ng 200g ph\u00e2n NPK\/g\u1ed1c m\u1ed7i l\u1ea7n, c\u1ee9 2 th\u00e1ng m\u1ed9t l\u1ea7n. Giai \u0111o\u1ea1n tr\u01b0\u1edfng th\u00e0nh, t\u0103ng l\u01b0\u1ee3ng ph\u00e2n b\u00f3n h\u00e0ng n\u0103m l\u00ean kho\u1ea3ng 15%. Khi c\u00e2y ra hoa v\u00e0 \u0111\u1eadu tr\u00e1i, t\u0103ng li\u1ec1u ph\u00e2n b\u00f3n \u0111\u1ec3 h\u1ed7 tr\u1ee3 c\u00e2y ph\u00e1t tri\u1ec3n m\u1ea1nh m\u1ebd, cho tr\u00e1i to v\u00e0 ch\u1ea5t l\u01b0\u1ee3ng. Sau thu ho\u1ea1ch, b\u00f3n ph\u00e2n l\u1ea1i \u0111\u1ec3 t\u00e1i t\u1ea1o s\u1ee9c kh\u1ecfe cho c\u00e2y v\u00e0 chu\u1ea9n b\u1ecb cho m\u00f9a v\u1ee5 ti\u1ebfp theo.<\/p>\n<p>Ph\u00f2ng tr\u1eeb s\u00e2u b\u1ec7nh: Nh\u1eefng lo\u1ea1i s\u00e2u b\u1ec7nh c\u1ea7n l\u01b0u \u00fd bao g\u1ed3m ru\u1ed3i \u0111\u1ee5c qu\u1ea3, nh\u1ec7n \u0111\u1ecf v\u00e0 s\u00e2u cu\u1ed1n l\u00e1. C\u00f3 th\u1ec3 s\u1eed d\u1ee5ng ch\u1ebf ph\u1ea9m sinh h\u1ecdc \u0111\u1ec3 ph\u00f2ng b\u1ec7nh v\u00e0 b\u1ea3o v\u1ec7 c\u00e2y. Ngo\u00e0i ra, bao tr\u00e1i xo\u00e0i b\u1eb1ng t\u00fai nilon c\u00f3 l\u1ed7 tho\u00e1ng c\u0169ng l\u00e0 bi\u1ec7n ph\u00e1p hi\u1ec7u qu\u1ea3 \u0111\u1ec3 b\u1ea3o v\u1ec7 tr\u00e1i kh\u1ecfi s\u00e2u b\u1ec7nh.<\/p>\n<p>T\u1ec9a c\u00e0nh: T\u1ec9a th\u01b0a c\u00e1c c\u00e0nh gi\u00fap t\u00e1n c\u00e2y th\u00f4ng tho\u00e1ng, cho ph\u00e9p \u00e1nh s\u00e1ng chi\u1ebfu v\u00e0o nhi\u1ec1u h\u01a1n, gi\u00fap tr\u00e1i ph\u00e1t tri\u1ec3n t\u1ed1t.<\/p>\n<h2><strong>Gi\u00e1 C\u00e2y Gi\u1ed1ng Xo\u00e0i Keo<\/strong><\/h2>\n<p>Gi\u00e1 c\u00e2y gi\u1ed1ng xo\u00e0i keo t\u1ea1i v\u01b0\u1eddn Ph\u00fac An \u0111ang dao \u0111\u1ed9ng t\u1eeb 35.000 &#8211; 50.000 \u0111\u1ed3ng\/c\u00e2y (theo gi\u00e1 s\u1ec9). T\u00f9y theo s\u1ed1 l\u01b0\u1ee3ng \u0111\u1eb7t h\u00e0ng, b\u00e0 con s\u1ebd nh\u1eadn \u0111\u01b0\u1ee3c m\u1ee9c gi\u00e1 \u01b0u \u0111\u00e3i h\u01a1n. V\u01b0\u1eddn Ph\u00fac An cam k\u1ebft cung c\u1ea5p c\u00e2y gi\u1ed1ng ch\u1ea5t l\u01b0\u1ee3ng, \u0111\u00fang gi\u1ed1ng v\u00e0 b\u1ea3o h\u00e0nh \u0111\u1ebfn khi c\u00e2y ra tr\u00e1i.<\/p>\n<h2><strong>Mua C\u00e2y Gi\u1ed1ng Xo\u00e0i Keo \u1ede \u0110\u00e2u Ch\u1ea5t L\u01b0\u1ee3ng?<\/strong><\/h2>\n<p>C\u00e2y gi\u1ed1ng Ph\u00fac An\u00a0l\u00e0 \u0111\u1ecba ch\u1ec9 uy t\u00edn cung c\u1ea5p c\u00e2y gi\u1ed1ng xo\u00e0i keo ch\u1ea5t l\u01b0\u1ee3ng cao. C\u00e2y gi\u1ed1ng t\u1ea1i \u0111\u00e2y \u0111\u01b0\u1ee3c nh\u00e2n gi\u1ed1ng theo quy tr\u00ecnh chu\u1ea9n, \u0111\u1ea3m b\u1ea3o c\u00e1c ti\u00eau ch\u00ed:<\/p>\n<ul>\n<li>C\u00e2y gh\u00e9p, chi\u1ec1u cao t\u1eeb 70-80cm.<\/li>\n<li>B\u1ea7u r\u1ec5 \u1ed5n \u0111\u1ecbnh, c\u00e2y \u0111\u00e3 x\u1ea3 n\u1eafng, c\u1ee9ng c\u00e1p.<\/li>\n<li>Kh\u00f4ng s\u00e2u b\u1ec7nh, b\u1ed9 l\u00e1 xanh t\u1ed1t.<\/li>\n<\/ul>\n<p>C\u00e2y tr\u1ea3i qua quy tr\u00ecnh nh\u00e2n gi\u1ed1ng, d\u01b0\u1ee1ng c\u00e2y con, x\u1ea3 n\u1eafng ho\u00e0n ch\u1ec9nh. \u0110\u1ebfn tay c\u00f4 b\u00e1c s\u1ebd l\u00e0 t\u1eebng c\u00e2y \u0111\u00e3 c\u1ee9ng c\u00e1p \u0111\u00e3 ra c\u01a1i ch\u1ed3i m\u1edbi.<br \/>\nQu\u00fd c\u00f4 b\u00e1c c\u00f3 th\u1ec3 li\u00ean h\u1ec7 tr\u1ef1c ti\u1ebfp qua SDT\/ Zalo 0962.888.014 (<a href=\"http:\/\/localhost\/phucan713\/\" target=\"_blank\" rel=\"noopener\">C\u00e2y Gi\u1ed1ng Ph\u00fac An<\/a>) \u0111\u1ec3 ch\u00fang t\u00f4i t\u01b0 v\u1ea5n v\u00e0 b\u00e1o gi\u00e1 c\u1ee5 th\u1ec3. Xin c\u1ea3m \u01a1n qu\u00fd c\u00f4 b\u00e1c \u0111\u00e3 \u0111\u1eb7t ni\u1ec1m tin v\u1edbi nh\u00e0 v\u01b0\u1eddn.<\/p>\n<p><em><strong><span style=\"color: #333399;\">M\u1eddi b\u1ea1n \u0111\u1ecdc b\u00e1o th\u00eam v\u1ec1 <a style=\"color: #333399;\" href=\"https:\/\/baobinhphuoc.com.vn\/news\/4\/143389\/xoai-keo-ben-re-tren-vung-dat-kho\" target=\"_blank\" rel=\"noopener\">Gi\u1ed1ng Xo\u00e0i Keo<\/a><\/span><\/strong><\/em><\/p>\n","protected":false},"excerpt":{"rendered":"<p>* Gi\u00e1 tham kh\u1ea3o cho s\u1ed1 l\u01b0\u1ee3ng t\u1eeb 30 c\u00e2y, c\u00f3 th\u1ec3 thay \u0111\u1ed5i theo th\u1eddi \u0111i\u1ec3m<br \/>\n* Ch\u01b0a bao g\u1ed3m ph\u00ed v\u1eadn chuy\u1ec3n (t\u00f9y theo s\u1ed1 l\u01b0\u1ee3ng c\u00e2y v\u00e0 \u0111\u1ecba \u0111i\u1ec3m giao h\u00e0ng)<\/p>\n","protected":false},"featured_media":3687,"comment_status":"open","ping_status":"closed","template":"","meta":[],"product_brand":[],"product_cat":[35,107],"product_tag":[],"class_list":{"0":"post-3681","1":"product","2":"type-product","3":"status-publish","4":"has-post-thumbnail","6":"product_cat-san-pham-giong-cay-an-trai","7":"product_cat-giong-xoai","9":"first","10":"instock","11":"shipping-taxable","12":"purchasable","13":"product-type-simple"},"_links":{"self":[{"href":"https:\/\/ktech4.k-tech-services.com\/phucan713\/wp-json\/wp\/v2\/product\/3681","targetHints":{"allow":["GET"]}}],"collection":[{"href":"https:\/\/ktech4.k-tech-services.com\/phucan713\/wp-json\/wp\/v2\/product"}],"about":[{"href":"https:\/\/ktech4.k-tech-services.com\/phucan713\/wp-json\/wp\/v2\/types\/product"}],"replies":[{"embeddable":true,"href":"https:\/\/ktech4.k-tech-services.com\/phucan713\/wp-json\/wp\/v2\/comments?post=3681"}],"wp:featuredmedia":[{"embeddable":true,"href":"https:\/\/ktech4.k-tech-services.com\/phucan713\/wp-json\/wp\/v2\/media\/3687"}],"wp:attachment":[{"href":"https:\/\/ktech4.k-tech-services.com\/phucan713\/wp-json\/wp\/v2\/media?parent=3681"}],"wp:term":[{"taxonomy":"product_brand","embeddable":true,"href":"https:\/\/ktech4.k-tech-services.com\/phucan713\/wp-json\/wp\/v2\/product_brand?post=3681"},{"taxonomy":"product_cat","embeddable":true,"href":"https:\/\/ktech4.k-tech-services.com\/phucan713\/wp-json\/wp\/v2\/product_cat?post=3681"},{"taxonomy":"product_tag","embeddable":true,"href":"https:\/\/ktech4.k-tech-services.com\/phucan713\/wp-json\/wp\/v2\/product_tag?post=3681"}],"curies":[{"name":"wp","href":"https:\/\/api.w.org\/{rel}","templated":true}]}}