{"id":4166,"date":"2025-12-07T20:12:23","date_gmt":"2025-12-07T13:12:23","guid":{"rendered":"https:\/\/caygiongphucan.com\/?post_type=product&amp;p=4166"},"modified":"2025-12-07T20:12:23","modified_gmt":"2025-12-07T13:12:23","slug":"cay-giong-binh-bat","status":"publish","type":"product","link":"https:\/\/ktech4.k-tech-services.com\/phucan713\/san-pham\/cay-giong-binh-bat\/","title":{"rendered":"C\u00e2y gi\u1ed1ng b\u00ecnh b\u00e1t (\u01b0\u01a1ng h\u1ed9t)"},"content":{"rendered":"<p>B\u00e0 con \u0111ang t\u00ecm m\u1ed9t lo\u1ea1i c\u00e2y &#8220;si\u00eau kh\u1ecfe&#8221;, ch\u1ea5p nh\u1eadn m\u1ecdi kh\u1eafc nghi\u1ec7t c\u1ee7a v\u00f9ng \u0111\u1ea5t ph\u00e8n m\u1eb7n m\u00e0 v\u1eabn cho tr\u00e1i sai tr\u0129u c\u00e0nh? <b data-path-to-node=\"0\" data-index-in-node=\"121\">Gi\u1ed1ng b\u00ecnh b\u00e1t<\/b> ch\u00ednh l\u00e0 c\u00e2u tr\u1ea3 l\u1eddi. Kh\u00f4ng ch\u1ec9 l\u00e0 k\u00fd \u1ee9c tu\u1ed5i th\u01a1 v\u1edbi ly b\u00ecnh b\u00e1t d\u1ea7m \u0111\u01b0\u1eddng m\u00e1t l\u1ea1nh, lo\u1ea1i c\u00e2y n\u00e0y hi\u1ec7n c\u00f2n gi\u1eef vai tr\u00f2 &#8220;c\u1ee9u c\u00e1nh&#8221; cho nh\u00e0 v\u01b0\u1eddn nh\u1edd kh\u1ea3 n\u0103ng l\u00e0m g\u1ed1c gh\u00e9p c\u1ef1c t\u1ed1t cho c\u00e1c lo\u1ea1i m\u00e3ng c\u1ea7u. C\u00f9ng <b data-path-to-node=\"0\" data-index-in-node=\"342\">C\u00e2y Gi\u1ed1ng Ph\u00fac An<\/b> kh\u00e1m ph\u00e1 ngay b\u00ed k\u00edp chinh ph\u1ee5c lo\u1ea1i c\u00e2y &#8220;m\u00ecnh \u0111\u1ed3ng da s\u1eaft&#8221; n\u00e0y nh\u00e9!<\/p>\n<h2>Gi\u1edbi thi\u1ec7u v\u00e0 \u0111\u1eb7c \u0111i\u1ec3m c\u1ee7a gi\u1ed1ng b\u00ecnh b\u00e1t<\/h2>\n<p>B\u00ecnh b\u00e1t (t\u00ean khoa h\u1ecdc <em>Annona glabra<\/em>) th\u01b0\u1eddng m\u1ecdc nhi\u1ec1u ven k\u00eanh r\u1ea1ch t\u1ea1i \u0110BSCL. Tr\u01b0\u1edbc \u0111\u00e2y c\u00e2y \u00edt \u0111\u01b0\u1ee3c ch\u00fa \u00fd, nh\u01b0ng hi\u1ec7n nay vai tr\u00f2 c\u1ee7a b\u00ecnh b\u00e1t trong n\u00f4ng nghi\u1ec7p l\u00e0 c\u1ef1c k\u1ef3 quan tr\u1ecdng.<\/p>\n<h3>\u0110\u1eb7c \u0111i\u1ec3m h\u00ecnh th\u00e1i<\/h3>\n<ul>\n<li>Th\u00e2n v\u00e0 r\u1ec5: C\u00e2y th\u00e2n g\u1ed7, v\u1ecf dai. \u0110i\u1ec3m \u0111\u1eb7c bi\u1ec7t nh\u1ea5t l\u00e0 h\u1ec7 r\u1ec5 c\u1ef1c k\u1ef3 ph\u00e1t tri\u1ec3n, \u0103n s\u00e2u v\u00e0 b\u00e1m ch\u1eafc, gi\u00fap c\u00e2y \u0111\u1ee9ng v\u1eefng tr\u01b0\u1edbc gi\u00f3 b\u00e3o v\u00e0 \u0111i\u1ec1u ki\u1ec7n ng\u1eadp n\u01b0\u1edbc.<\/li>\n<li>\u0110\u1eb7c \u0111i\u1ec3m tr\u00e1i: Tr\u00e1i b\u00ecnh b\u00e1t khi s\u1ed1ng c\u00f3 m\u00e0u xanh, h\u00ecnh tim ho\u1eb7c tr\u00f2n, da l\u00e1ng. Khi ch\u00edn chuy\u1ec3n sang m\u00e0u v\u00e0ng t\u01b0\u01a1i, c\u00f3 m\u00f9i th\u01a1m r\u1ea5t \u0111\u1eb7c tr\u01b0ng. Th\u1ecbt tr\u00e1i m\u00e0u tr\u1eafng ho\u1eb7c v\u00e0ng nh\u1ea1t, \u0103n c\u00f3 v\u1ecb ng\u1ecdt chua nh\u1eb9, t\u00ednh m\u00e1t.<\/li>\n<li>C\u00f4ng d\u1ee5ng k\u00e9p:<\/li>\n<\/ul>\n<p>L\u00e0m g\u1ed1c gh\u00e9p: L\u00e0 &#8220;b\u1ec7 \u0111\u1ee1&#8221; ho\u00e0n h\u1ea3o \u0111\u1ec3 gh\u00e9p m\u00e3ng c\u1ea7u xi\u00eam, gi\u00fap c\u00e2y m\u00e3ng c\u1ea7u s\u1ed1ng kh\u1ecfe tr\u00ean \u0111\u1ea5t ph\u00e8n, \u0111\u1ea5t nhi\u1ec5m m\u1eb7n m\u00e0 kh\u00f4ng b\u1ecb th\u1ed1i r\u1ec5.<\/p>\n<p>L\u1ea5y tr\u00e1i: D\u00f9ng l\u00e0m n\u01b0\u1edbc gi\u1ea3i kh\u00e1t, l\u00e0m tr\u00e0 b\u00ecnh b\u00e1t (\u0111ang l\u00e0 xu h\u01b0\u1edbng m\u1edbi), mang l\u1ea1i thu nh\u1eadp kh\u00e1 cho ng\u01b0\u1eddi h\u00e1i.<\/p>\n<figure id=\"attachment_4233\" aria-describedby=\"caption-attachment-4233\" style=\"width: 800px\" class=\"wp-caption aligncenter\"><img loading=\"lazy\" decoding=\"async\" class=\"wp-image-4233\" src=\"http:\/\/localhost\/phucan713\/wp-content\/uploads\/2025\/12\/BB-3.jpg\" alt=\"C\u1eadn c\u00e0nh tr\u00e1i b\u00ecnh b\u00e1t \u0111\u00e3 ch\u00edn\" width=\"800\" height=\"450\" srcset=\"https:\/\/ktech4.k-tech-services.com\/phucan713\/wp-content\/uploads\/2025\/12\/BB-3.jpg 1000w, https:\/\/ktech4.k-tech-services.com\/phucan713\/wp-content\/uploads\/2025\/12\/BB-3-300x169.jpg 300w, https:\/\/ktech4.k-tech-services.com\/phucan713\/wp-content\/uploads\/2025\/12\/BB-3-768x432.jpg 768w, https:\/\/ktech4.k-tech-services.com\/phucan713\/wp-content\/uploads\/2025\/12\/BB-3-510x287.jpg 510w\" sizes=\"auto, (max-width: 800px) 100vw, 800px\" \/><figcaption id=\"caption-attachment-4233\" class=\"wp-caption-text\">C\u1eadn c\u00e0nh tr\u00e1i b\u00ecnh b\u00e1t \u0111\u00e3 ch\u00edn<\/figcaption><\/figure>\n<h3>\u0110\u1eb7c t\u00ednh sinh tr\u01b0\u1edfng<\/h3>\n<p>B\u00ecnh b\u00e1t \u0111\u01b0\u1ee3c m\u1ec7nh danh l\u00e0 &#8220;vua ch\u1ecbu ng\u1eadp \u00fang v\u00e0 ph\u00e8n m\u1eb7n&#8221;. C\u00e2y c\u00f3 s\u1ee9c s\u1ed1ng m\u00e3nh li\u1ec7t, g\u1ea7n nh\u01b0 kh\u00f4ng c\u1ea7n ch\u0103m s\u00f3c v\u1eabn s\u1ed1ng \u0111\u01b0\u1ee3c. Tuy nhi\u00ean, khi tr\u1ed3ng kinh t\u1ebf (\u0111\u1ec3 l\u1ea5y h\u1ea1t \u01b0\u01a1m c\u00e2y con ho\u1eb7c l\u1ea5y tr\u00e1i), vi\u1ec7c ch\u0103m s\u00f3c b\u00e0i b\u1ea3n s\u1ebd gi\u00fap c\u00e2y l\u1edbn nhanh v\u01b0\u1ee3t tr\u1ed9i.<\/p>\n<h2>B\u00ecnh b\u00e1t tr\u1ed3ng bao l\u00e2u c\u00f3 tr\u00e1i?<\/h2>\n<p>B\u00ecnh b\u00e1t ch\u1ee7 y\u1ebfu \u0111\u01b0\u1ee3c nh\u00e2n gi\u1ed1ng t\u1eeb h\u1ea1t (\u01b0\u01a1m c\u00e2y con) \u0111\u1ec3 \u0111\u1ea3m b\u1ea3o b\u1ed9 r\u1ec5 c\u1ecdc nguy\u00ean b\u1ea3n kh\u1ecfe nh\u1ea5t.<\/p>\n<ul>\n<li>Th\u1eddi gian sinh tr\u01b0\u1edfng: V\u00ec l\u00e0 c\u00e2y hoang d\u00e3 \u0111\u01b0\u1ee3c thu\u1ea7n h\u00f3a, b\u00ecnh b\u00e1t l\u1edbn r\u1ea5t nhanh. T\u1eeb l\u00fac tr\u1ed3ng c\u00e2y con \u0111\u1ebfn khi b\u1eaft \u0111\u1ea7u cho tr\u00e1i chi\u1ebfn (v\u1ee5 \u0111\u1ea7u) m\u1ea5t kho\u1ea3ng 2 \u2013 3 n\u0103m.<\/li>\n<li>L\u01b0u \u00fd: N\u1ebfu b\u00e0 con tr\u1ed3ng m\u1ee5c \u0111\u00edch \u0111\u1ec3 l\u00e0m g\u1ed1c gh\u00e9p cho m\u00e3ng c\u1ea7u, th\u00ec ch\u1ec9 c\u1ea7n tr\u1ed3ng kho\u1ea3ng 6 \u2013 8 th\u00e1ng khi th\u00e2n c\u00e2y to b\u1eb1ng ng\u00f3n tay \u00fat l\u00e0 \u0111\u00e3 c\u00f3 th\u1ec3 ti\u1ebfn h\u00e0nh gh\u00e9p \u0111\u01b0\u1ee3c.<\/li>\n<\/ul>\n<figure id=\"attachment_4234\" aria-describedby=\"caption-attachment-4234\" style=\"width: 800px\" class=\"wp-caption aligncenter\"><img loading=\"lazy\" decoding=\"async\" class=\"wp-image-4234\" src=\"http:\/\/localhost\/phucan713\/wp-content\/uploads\/2025\/12\/BB-1.jpg\" alt=\"Tr\u00e1i b\u00ecnh b\u00e1t c\u00f3 h\u01b0\u01a1ng v\u1ecb th\u01a1m ngon thanh m\u00e1t\" width=\"800\" height=\"537\" srcset=\"https:\/\/ktech4.k-tech-services.com\/phucan713\/wp-content\/uploads\/2025\/12\/BB-1.jpg 1000w, https:\/\/ktech4.k-tech-services.com\/phucan713\/wp-content\/uploads\/2025\/12\/BB-1-300x201.jpg 300w, https:\/\/ktech4.k-tech-services.com\/phucan713\/wp-content\/uploads\/2025\/12\/BB-1-768x515.jpg 768w, https:\/\/ktech4.k-tech-services.com\/phucan713\/wp-content\/uploads\/2025\/12\/BB-1-510x342.jpg 510w\" sizes=\"auto, (max-width: 800px) 100vw, 800px\" \/><figcaption id=\"caption-attachment-4234\" class=\"wp-caption-text\">Tr\u00e1i b\u00ecnh b\u00e1t c\u00f3 h\u01b0\u01a1ng v\u1ecb th\u01a1m ngon thanh m\u00e1t<\/figcaption><\/figure>\n<h2>Chu k\u1ef3 ra hoa v\u00e0 thu ho\u1ea1ch<\/h2>\n<ul>\n<li>C\u00e2y th\u01b0\u1eddng ra hoa v\u00e0o \u0111\u1ea7u m\u00f9a m\u01b0a. Th\u1eddi gian t\u1eeb l\u00fac tr\u1ed5 hoa \u0111\u1ebfn khi tr\u00e1i ch\u00edn ho\u00e0n to\u00e0n m\u1ea5t kho\u1ea3ng 4 \u2013 5 th\u00e1ng.<\/li>\n<li>M\u00f9a b\u00ecnh b\u00e1t ch\u00edn r\u1ed9 th\u01b0\u1eddng r\u01a1i v\u00e0o kho\u1ea3ng th\u00e1ng 7 &#8211; 9 \u00e2m l\u1ecbch h\u00e0ng n\u0103m (m\u00f9a n\u01b0\u1edbc n\u1ed5i).<\/li>\n<li>Tr\u00e1i b\u00ecnh b\u00e1t khi ch\u00edn c\u00f3 v\u1ecf m\u1ecfng, d\u1ec5 b\u1ecb d\u1eadp n\u00ean c\u1ea7n thu h\u00e1i nh\u1eb9 nh\u00e0ng n\u1ebfu b\u00e1n tr\u00e1i t\u01b0\u01a1i th\u01b0\u01a1ng ph\u1ea9m.<\/li>\n<\/ul>\n<h2>N\u0103ng su\u1ea5t gi\u1ed1ng b\u00ecnh b\u00e1t<\/h2>\n<p>Do \u0111\u1eb7c t\u00ednh b\u00e1n hoang d\u00e3, b\u00ecnh b\u00e1t cho n\u0103ng su\u1ea5t r\u1ea5t cao v\u00e0 \u1ed5n \u0111\u1ecbnh, \u00edt b\u1ecb m\u1ea5t m\u00f9a:<\/p>\n<ul>\n<li>S\u1ed1 l\u01b0\u1ee3ng: M\u1ed9t c\u00e2y tr\u01b0\u1edfng th\u00e0nh c\u00f3 th\u1ec3 cho h\u00e0ng tr\u0103m tr\u00e1i m\u1ed7i v\u1ee5.<\/li>\n<li>S\u1ea3n l\u01b0\u1ee3ng: Trung b\u00ecnh m\u1ed9t c\u00e2y l\u00e2u n\u0103m c\u00f3 th\u1ec3 cho thu ho\u1ea1ch t\u1eeb 50 \u2013 100kg tr\u00e1i\/n\u0103m.<\/li>\n<li>Tu\u1ed5i th\u1ecd: C\u00e2y c\u00f3 tu\u1ed5i th\u1ecd r\u1ea5t cao, c\u00f3 th\u1ec3 sinh tr\u01b0\u1edfng v\u00e0 cho tr\u00e1i li\u00ean t\u1ee5c v\u00e0i ch\u1ee5c n\u0103m m\u00e0 kh\u00f4ng b\u1ecb suy c\u00e2y nh\u01b0 c\u00e1c lo\u1ea1i c\u00e2y \u0103n tr\u00e1i &#8220;c\u00f4ng nghi\u1ec7p&#8221; kh\u00e1c.<\/li>\n<\/ul>\n<h2>K\u1ef9 thu\u1eadt tr\u1ed3ng v\u00e0 ch\u0103m s\u00f3c gi\u1ed1ng b\u00ecnh b\u00e1t<\/h2>\n<p data-path-to-node=\"4\">B\u00ecnh b\u00e1t n\u1ed5i ti\u1ebfng l\u00e0 lo\u1ea1i c\u00e2y &#8220;m\u00ecnh \u0111\u1ed3ng da s\u1eaft&#8221;, tuy nhi\u00ean \u0111\u1ec3 c\u00e2y ph\u00e1t tri\u1ec3n nhanh v\u00e0 cho tr\u00e1i sai, b\u00e0 con c\u1ea7n l\u01b0u \u00fd c\u00e1c \u0111i\u1ec3m c\u01a1 b\u1ea3n sau:<\/p>\n<ul data-path-to-node=\"5\">\n<li>\n<p data-path-to-node=\"5,0,0\"><b data-path-to-node=\"5,0,0\" data-index-in-node=\"0\">M\u1eadt \u0111\u1ed9 tr\u1ed3ng:<\/b> Kho\u1ea3ng c\u00e1ch l\u00fd t\u01b0\u1edfng l\u00e0 <b data-path-to-node=\"5,0,0\" data-index-in-node=\"38\">3m x 3m<\/b> ho\u1eb7c <b data-path-to-node=\"5,0,0\" data-index-in-node=\"51\">4m x 4m<\/b>. C\u00e2y c\u00f3 t\u00e1n r\u1ed9ng v\u00e0 \u01b0a s\u00e1ng, n\u00ean tr\u1ed3ng tho\u00e1ng \u0111\u1ec3 h\u1ea1n ch\u1ebf n\u1ea5m b\u1ec7nh b\u00e1m v\u00e0o th\u00e2n.<\/p>\n<\/li>\n<li>\n<p data-path-to-node=\"5,1,0\"><b data-path-to-node=\"5,1,0\" data-index-in-node=\"0\">\u0110\u1ea5t tr\u1ed3ng:<\/b> C\u00e2y kh\u00f4ng k\u00e9n \u0111\u1ea5t, ch\u1ecbu \u0111\u01b0\u1ee3c c\u1ea3 \u0111\u1ea5t ph\u00e8n chua, ng\u1eadp \u00fang hay \u0111\u1ea5t m\u1eb7n ven bi\u1ec3n. B\u00e0 con ch\u1ec9 c\u1ea7n \u0111\u00e0o h\u1ed1 s\u01a1 b\u1ed9, b\u00f3n l\u00f3t m\u1ed9t \u00edt ph\u00e2n chu\u1ed3ng hoai m\u1ee5c l\u00e0 c\u00f3 th\u1ec3 xu\u1ed1ng gi\u1ed1ng.<\/p>\n<\/li>\n<li>\n<p data-path-to-node=\"5,2,0\"><b data-path-to-node=\"5,2,0\" data-index-in-node=\"0\">T\u01b0\u1edbi n\u01b0\u1edbc:<\/b> Giai \u0111o\u1ea1n m\u1edbi b\u1ee9ng ho\u1eb7c m\u1edbi tr\u1ed3ng c\u00e2y con, b\u00e0 con c\u1ea7n gi\u1eef \u1ea9m \u0111\u1ec1u. Khi c\u00e2y \u0111\u00e3 b\u00e9n r\u1ec5 v\u00e0 cao tr\u00ean 1m, b\u00ecnh b\u00e1t c\u00f3 kh\u1ea3 n\u0103ng t\u1ef1 t\u00ecm ngu\u1ed3n n\u01b0\u1edbc, ch\u1ecbu h\u1ea1n c\u1ef1c t\u1ed1t.<\/p>\n<\/li>\n<li>\n<p data-path-to-node=\"5,3,0\"><b data-path-to-node=\"5,3,0\" data-index-in-node=\"0\">B\u00f3n ph\u00e2n:<\/b> D\u00f9 c\u00e2y s\u1ed1ng kh\u1ecfe nh\u01b0ng \u0111\u1ec3 tr\u00e1i to v\u00e0 c\u01a1m d\u00e0y, b\u00e0 con n\u00ean b\u1ed5 sung ph\u00e2n h\u1eefu c\u01a1 (ph\u00e2n g\u00e0, ph\u00e2n b\u00f2) 2 l\u1ea7n m\u1ed7i n\u0103m v\u00e0o \u0111\u1ea7u v\u00e0 cu\u1ed1i m\u00f9a m\u01b0a.<\/p>\n<\/li>\n<li>\n<p data-path-to-node=\"5,4,0\"><b data-path-to-node=\"5,4,0\" data-index-in-node=\"0\">C\u1eaft t\u1ec9a:<\/b> N\u1ebfu tr\u1ed3ng l\u00e0m c\u00e2y l\u1ea5y tr\u00e1i, b\u00e0 con n\u00ean t\u1ec9a b\u1edbt c\u00e1c c\u00e0nh la s\u00e1t \u0111\u1ea5t. N\u1ebfu d\u00f9ng l\u00e0m g\u1ed1c gh\u00e9p cho m\u00e3ng c\u1ea7u Xi\u00eam, c\u1ea7n ch\u00fa \u00fd t\u1ec9a b\u1ecf c\u00e1c t\u01b0\u1ee3c ph\u1ee5 c\u1ee7a b\u00ecnh b\u00e1t \u0111\u1ec3 t\u1eadp trung dinh d\u01b0\u1ee1ng nu\u00f4i m\u1eaft gh\u00e9p.<\/p>\n<\/li>\n<\/ul>\n<blockquote data-path-to-node=\"6\">\n<p data-path-to-node=\"6,0\"><b data-path-to-node=\"6,0\" data-index-in-node=\"0\">L\u01b0u \u00fd:<\/b> C\u00e2y b\u00ecnh b\u00e1t t\u1ea1i <b data-path-to-node=\"6,0\" data-index-in-node=\"24\">C\u00e2y Gi\u1ed1ng Ph\u00fac An<\/b> \u0111\u01b0\u1ee3c tuy\u1ec3n ch\u1ecdn t\u1eeb h\u1ea1t gi\u00e0, c\u00e2y con kh\u1ecfe m\u1ea1nh, b\u1ed9 r\u1ec5 c\u00e1m ph\u00e1t tri\u1ec3n m\u1ea1nh gi\u00fap b\u00e0 con d\u1ec5 d\u00e0ng th\u00edch nghi v\u1edbi m\u1ecdi \u0111i\u1ec1u ki\u1ec7n th\u1ed5 nh\u01b0\u1ee1ng<\/p>\n<\/blockquote>\n<h2>Mua gi\u1ed1ng b\u00ecnh b\u00e1t \u1edf \u0111\u00e2u uy t\u00edn?<\/h2>\n<p>Hi\u1ec7n nay nhu c\u1ea7u mua c\u00e2y con b\u00ecnh b\u00e1t v\u1ec1 tr\u1ed3ng l\u00e0m g\u1ed1c gh\u00e9p m\u00e3ng c\u1ea7u ho\u1eb7c tr\u1ed3ng l\u1ea5y tr\u00e1i \u0111ang t\u0103ng cao. Vi\u1ec7c t\u00ecm mua c\u00e2y \u01b0\u01a1m b\u1ea7u s\u1eb5n s\u1ebd gi\u00fap b\u00e0 con ti\u1ebft ki\u1ec7m \u0111\u01b0\u1ee3c h\u00e0ng th\u00e1ng tr\u1eddi \u01b0\u01a1m h\u1ea1t v\u00e0 t\u1ef7 l\u1ec7 s\u1ed1ng cao h\u01a1n h\u1eb3n.<\/p>\n<p><a href=\"http:\/\/localhost\/phucan713\/\" target=\"_blank\" rel=\"noopener\">C\u00e2y Gi\u1ed1ng Ph\u00fac An<\/a> t\u1ef1 h\u00e0o l\u00e0 \u0111\u01a1n v\u1ecb cung c\u1ea5p c\u00e2y gi\u1ed1ng uy t\u00edn, c\u00e2y gi\u1ed1ng \u0111\u01b0\u1ee3c \u01b0\u01a1m t\u1eeb h\u1ea1t c\u1ee7a nh\u1eefng c\u00e2y m\u1eb9 \u0111\u00fang gi\u1ed1ng, kh\u1ecfe m\u1ea1nh, tr\u00e1i to, \u0111\u00e3 \u0111\u01b0\u1ee3c tuy\u1ec3n ch\u1ecdn k\u1ef9 l\u01b0\u1ee1ng. C\u00e2y tr\u1ea3i qua quy tr\u00ecnh nh\u00e2n gi\u1ed1ng, d\u01b0\u1ee1ng c\u00e2y con, x\u1ea3 n\u1eafng ho\u00e0n ch\u1ec9nh. \u0110\u1ebfn tay c\u00f4 b\u00e1c s\u1ebd l\u00e0 t\u1eebng c\u00e2y \u0111\u00e3 c\u1ee9ng c\u00e1p \u0111\u00e3 ra c\u01a1i ch\u1ed3i m\u1edbi, b\u1ed9 r\u1ec5 kh\u1ecfe m\u1ea1nh.<\/p>\n<figure id=\"attachment_4226\" aria-describedby=\"caption-attachment-4226\" style=\"width: 800px\" class=\"wp-caption aligncenter\"><img loading=\"lazy\" decoding=\"async\" class=\"wp-image-4226\" src=\"http:\/\/localhost\/phucan713\/wp-content\/uploads\/2025\/12\/z6552776710698_188ea8f762b4ddf60abe6a77a71b77bf-1024x768.jpg\" alt=\"C\u00e2y gi\u1ed1ng b\u00ecnh b\u00e1t t\u1ea1i Ph\u00fac An\" width=\"800\" height=\"600\" srcset=\"https:\/\/ktech4.k-tech-services.com\/phucan713\/wp-content\/uploads\/2025\/12\/z6552776710698_188ea8f762b4ddf60abe6a77a71b77bf-1024x768.jpg 1024w, https:\/\/ktech4.k-tech-services.com\/phucan713\/wp-content\/uploads\/2025\/12\/z6552776710698_188ea8f762b4ddf60abe6a77a71b77bf-300x225.jpg 300w, https:\/\/ktech4.k-tech-services.com\/phucan713\/wp-content\/uploads\/2025\/12\/z6552776710698_188ea8f762b4ddf60abe6a77a71b77bf-768x576.jpg 768w, https:\/\/ktech4.k-tech-services.com\/phucan713\/wp-content\/uploads\/2025\/12\/z6552776710698_188ea8f762b4ddf60abe6a77a71b77bf-510x383.jpg 510w, https:\/\/ktech4.k-tech-services.com\/phucan713\/wp-content\/uploads\/2025\/12\/z6552776710698_188ea8f762b4ddf60abe6a77a71b77bf.jpg 1280w\" sizes=\"auto, (max-width: 800px) 100vw, 800px\" \/><figcaption id=\"caption-attachment-4226\" class=\"wp-caption-text\">C\u00e2y gi\u1ed1ng b\u00ecnh b\u00e1t t\u1ea1i Ph\u00fac An<\/figcaption><\/figure>\n<p>C\u00e2y tr\u1ea3i qua quy tr\u00ecnh nh\u00e2n gi\u1ed1ng, d\u01b0\u1ee1ng c\u00e2y con, x\u1ea3 n\u1eafng ho\u00e0n ch\u1ec9nh. \u0110\u1ebfn tay c\u00f4 b\u00e1c s\u1ebd l\u00e0 t\u1eebng c\u00e2y \u0111\u00e3 c\u1ee9ng c\u00e1p \u0111\u00e3 ra c\u01a1i ch\u1ed3i m\u1edbi.<br \/>\nQu\u00fd c\u00f4 b\u00e1c c\u00f3 th\u1ec3 li\u00ean h\u1ec7 tr\u1ef1c ti\u1ebfp qua <span style=\"font-size: 120%;\"><strong><span style=\"color: #008000;\">SDT\/ Zalo 0962.888.014<\/span><\/strong><\/span> \u0111\u1ec3 ch\u00fang t\u00f4i t\u01b0 v\u1ea5n v\u00e0 b\u00e1o gi\u00e1 c\u1ee5 th\u1ec3. Xin c\u1ea3m \u01a1n qu\u00fd c\u00f4 b\u00e1c \u0111\u00e3 \u0111\u1eb7t ni\u1ec1m tin v\u1edbi nh\u00e0 v\u01b0\u1eddn.<\/p>\n<p><span style=\"color: #000080;\"><strong>&gt; M\u1eddi b\u1ea1n x\u00eam th\u00eam:<a style=\"color: #000080;\" href=\"https:\/\/baoangiang.com.vn\/video\/xem-video\/than-thuong-binh-bat-que-minh-4617.html\" target=\"_blank\" rel=\"noopener\"> Th\u00e2n th\u01b0\u01a1ng b\u00ecnh b\u00e1t qu\u00ea m\u00ecnh<\/a><\/strong><\/span><\/p>\n","protected":false},"excerpt":{"rendered":"<p>* Gi\u00e1 tham kh\u1ea3o cho s\u1ed1 l\u01b0\u1ee3ng t\u1eeb 100 c\u00e2y, c\u00f3 th\u1ec3 thay \u0111\u1ed5i theo th\u1eddi \u0111i\u1ec3m<br \/>\n* Ch\u01b0a bao g\u1ed3m ph\u00ed v\u1eadn chuy\u1ec3n (t\u00f9y theo s\u1ed1 l\u01b0\u1ee3ng c\u00e2y v\u00e0 \u0111\u1ecba \u0111i\u1ec3m giao h\u00e0ng)<\/p>\n","protected":false},"featured_media":4167,"comment_status":"open","ping_status":"closed","template":"","meta":[],"product_brand":[],"product_cat":[35,37],"product_tag":[],"class_list":{"0":"post-4166","1":"product","2":"type-product","3":"status-publish","4":"has-post-thumbnail","6":"product_cat-san-pham-giong-cay-an-trai","7":"product_cat-cay-giong-khac","9":"first","10":"instock","11":"shipping-taxable","12":"purchasable","13":"product-type-simple"},"_links":{"self":[{"href":"https:\/\/ktech4.k-tech-services.com\/phucan713\/wp-json\/wp\/v2\/product\/4166","targetHints":{"allow":["GET"]}}],"collection":[{"href":"https:\/\/ktech4.k-tech-services.com\/phucan713\/wp-json\/wp\/v2\/product"}],"about":[{"href":"https:\/\/ktech4.k-tech-services.com\/phucan713\/wp-json\/wp\/v2\/types\/product"}],"replies":[{"embeddable":true,"href":"https:\/\/ktech4.k-tech-services.com\/phucan713\/wp-json\/wp\/v2\/comments?post=4166"}],"wp:featuredmedia":[{"embeddable":true,"href":"https:\/\/ktech4.k-tech-services.com\/phucan713\/wp-json\/wp\/v2\/media\/4167"}],"wp:attachment":[{"href":"https:\/\/ktech4.k-tech-services.com\/phucan713\/wp-json\/wp\/v2\/media?parent=4166"}],"wp:term":[{"taxonomy":"product_brand","embeddable":true,"href":"https:\/\/ktech4.k-tech-services.com\/phucan713\/wp-json\/wp\/v2\/product_brand?post=4166"},{"taxonomy":"product_cat","embeddable":true,"href":"https:\/\/ktech4.k-tech-services.com\/phucan713\/wp-json\/wp\/v2\/product_cat?post=4166"},{"taxonomy":"product_tag","embeddable":true,"href":"https:\/\/ktech4.k-tech-services.com\/phucan713\/wp-json\/wp\/v2\/product_tag?post=4166"}],"curies":[{"name":"wp","href":"https:\/\/api.w.org\/{rel}","templated":true}]}}