{"id":4171,"date":"2025-12-07T20:40:35","date_gmt":"2025-12-07T13:40:35","guid":{"rendered":"https:\/\/caygiongphucan.com\/?post_type=product&amp;p=4171"},"modified":"2025-12-07T20:40:35","modified_gmt":"2025-12-07T13:40:35","slug":"cay-giong-ca-cao-td-3-5-11","status":"publish","type":"product","link":"https:\/\/ktech4.k-tech-services.com\/phucan713\/san-pham\/cay-giong-ca-cao-td-3-5-11\/","title":{"rendered":"C\u00e2y gi\u1ed1ng ca cao TD 3,5,11"},"content":{"rendered":"<p>C\u00e2y ca cao \u0111ang tr\u1edf th\u00e0nh l\u1ef1a ch\u1ecdn kinh t\u1ebf b\u1ec1n v\u1eefng cho b\u00e0 con mi\u1ec1n T\u00e2y nh\u1edd kh\u1ea3 n\u0103ng ch\u1ecbu m\u1eb7n, ch\u1ecbu ph\u00e8n t\u1ed1t v\u00e0 th\u1ecb tr\u01b0\u1eddng ti\u00eau th\u1ee5 h\u1ea1t kh\u00f4 \u1ed5n \u0111\u1ecbnh. \u0110\u1eb7c bi\u1ec7t, c\u00e1c gi\u1ed1ng ca cao d\u00f2ng TD (Th\u1ee7 \u0110\u1ee9c) nh\u01b0 TD3, TD5, TD11 \u0111\u01b0\u1ee3c xem l\u00e0 kh\u1eafc tinh c\u1ee7a bi\u1ebfn \u0111\u1ed5i kh\u00ed h\u1eadu t\u1ea1i \u0110\u1ed3ng b\u1eb1ng s\u00f4ng C\u1eedu Long. C\u00f9ng C\u00e2y Gi\u1ed1ng Ph\u00fac An t\u00ecm hi\u1ec3u chi ti\u1ebft l\u00fd do t\u1ea1i sao b\u1ed9 ba gi\u1ed1ng n\u00e0y l\u1ea1i gi\u00fap b\u00e0 con thu ho\u1ea1ch \u0111\u1ea1t n\u0103ng su\u1ea5t v\u01b0\u1ee3t tr\u1ed9i.<\/p>\n<figure id=\"attachment_4248\" aria-describedby=\"caption-attachment-4248\" style=\"width: 500px\" class=\"wp-caption aligncenter\"><img loading=\"lazy\" decoding=\"async\" class=\"wp-image-4248\" src=\"http:\/\/localhost\/phucan713\/wp-content\/uploads\/2025\/12\/cay-ca-cao.jpg\" alt=\"gi\u1ed1ng ca cao c\u00e2y gi\u1ed1ng ph\u00fac an\" width=\"500\" height=\"375\" srcset=\"https:\/\/ktech4.k-tech-services.com\/phucan713\/wp-content\/uploads\/2025\/12\/cay-ca-cao.jpg 600w, https:\/\/ktech4.k-tech-services.com\/phucan713\/wp-content\/uploads\/2025\/12\/cay-ca-cao-300x225.jpg 300w, https:\/\/ktech4.k-tech-services.com\/phucan713\/wp-content\/uploads\/2025\/12\/cay-ca-cao-510x383.jpg 510w\" sizes=\"auto, (max-width: 500px) 100vw, 500px\" \/><figcaption id=\"caption-attachment-4248\" class=\"wp-caption-text\">Gi\u1ed1ng ca cao &#8211;\u00a0 C\u00e2y gi\u1ed1ng ph\u00fac an<\/figcaption><\/figure>\n<h2>T\u1ed5ng quan v\u1ec1 gi\u1ed1ng ca cao d\u00f2ng TD<\/h2>\n<p>Ngu\u1ed3n g\u1ed1c, t\u00ean g\u1ecdi: Ca cao d\u00f2ng TD l\u00e0 k\u1ebft qu\u1ea3 c\u1ee7a qu\u00e1 tr\u00ecnh tuy\u1ec3n ch\u1ecdn v\u00e0 lai t\u1ea1o c\u00e1c d\u00f2ng ca cao ch\u1ea5t l\u01b0\u1ee3ng cao thu\u1ed9c nh\u00f3m Trinitario. \u0110\u00e2y l\u00e0 nh\u00f3m gi\u1ed1ng k\u1ebft h\u1ee3p \u0111\u01b0\u1ee3c h\u01b0\u01a1ng v\u1ecb th\u01a1m ngon c\u1ee7a d\u00f2ng ca cao truy\u1ec1n th\u1ed1ng v\u00e0 s\u1ee9c ch\u1ed1ng ch\u1ecbu b\u1ec1n b\u1ec9 c\u1ee7a c\u00e1c gi\u1ed1ng d\u1ea1i.<\/p>\n<p>Kh\u1ea3 n\u0103ng th\u00edch nghi: C\u00e1c d\u00f2ng TD3, TD5, TD11 \u0111\u00e3 \u0111\u01b0\u1ee3c kh\u1ea3o nghi\u1ec7m th\u1ef1c t\u1ebf v\u00e0 cho th\u1ea5y kh\u1ea3 n\u0103ng th\u00edch nghi tuy\u1ec7t v\u1eddi v\u1edbi kh\u00ed h\u1eadu n\u00f3ng \u1ea9m c\u1ee7a Vi\u1ec7t Nam, \u0111\u1eb7c bi\u1ec7t l\u00e0 v\u00f9ng \u0111\u1ea5t ph\u00f9 sa v\u00e0 c\u00e1c khu v\u1ef1c th\u01b0\u1eddng xuy\u00ean b\u1ecb x\u00e2m nh\u1eadp m\u1eb7n t\u1ea1i mi\u1ec1n T\u00e2y.<\/p>\n<p>.<\/p>\n<h2>\u0110\u1eb7c \u0111i\u1ec3m n\u1ed5i b\u1eadt c\u1ee7a gi\u1ed1ng ca cao TD3, TD5, TD11<\/h2>\n<h3>\u0110\u1eb7c \u0111i\u1ec3m h\u00ecnh th\u00e1i &amp; H\u01b0\u01a1ng v\u1ecb<\/h3>\n<p>D\u00f2ng TD3: Tr\u00e1i c\u00f3 d\u1ea1ng th\u1eaft c\u1ed5 chai \u0111\u1eb7c tr\u01b0ng, khi ch\u00edn ng\u1ea3 sang m\u00e0u v\u00e0ng cam. H\u1ea1t to, t\u1ec9 l\u1ec7 h\u1ea1t ch\u1eafc trong tr\u00e1i r\u1ea5t cao.<\/p>\n<p>D\u00f2ng TD5: Tr\u00e1i to, v\u1ecf h\u01a1i d\u00e0y, h\u1ea1t \u0111\u1ea1t k\u00edch c\u1ee1 ti\u00eau chu\u1ea9n xu\u1ea5t kh\u1ea9u.<\/p>\n<p>D\u00f2ng TD11: Tr\u00e1i d\u1ea1ng Calabacillo tr\u00f2n \u0111\u1ec1u, h\u1ea1t \u0111\u1ed3ng nh\u1ea5t, t\u1ea1o thu\u1eadn l\u1ee3i cho qu\u00e1 tr\u00ecnh l\u00ean men v\u00e0 ch\u1ebf bi\u1ebfn sau thu ho\u1ea1ch.<\/p>\n<p>H\u01b0\u01a1ng v\u1ecb: C\u1ea3 ba d\u00f2ng n\u00e0y \u0111\u1ec1u cho ch\u1ea5t l\u01b0\u1ee3ng h\u1ea1t th\u01a1m, v\u1ecb b\u00e9o ng\u1eady, \u00edt chua, \u0111\u00e1p \u1ee9ng ti\u00eau chu\u1ea9n kh\u1eaft khe c\u1ee7a c\u00e1c nh\u00e0 m\u00e1y s\u1ea3n xu\u1ea5t chocolate.<\/p>\n<h3>\u0110\u1eb7c t\u00ednh sinh tr\u01b0\u1edfng<\/h3>\n<p>Ca cao d\u00f2ng TD c\u00f3 b\u1ed9 r\u1ec5 kh\u1ecfe, t\u00e1n l\u00e1 d\u00e0y gi\u00fap c\u00e2y ch\u1ecbu h\u1ea1n t\u1ed1t. \u0110\u1eb7c bi\u1ec7t, d\u00f2ng TD11 c\u00f3 kh\u1ea3 n\u0103ng ch\u1ecbu \u0111\u01b0\u1ee3c n\u1ed3ng \u0111\u1ed9 m\u1eb7n l\u00ean \u0111\u1ebfn 7%o, l\u00e0 gi\u1ea3i ph\u00e1p v\u00e0ng cho b\u00e0 con v\u00f9ng ven bi\u1ec3n. D\u00f2ng TD3 l\u1ea1i n\u1ed5i ti\u1ebfng v\u1edbi kh\u1ea3 n\u0103ng kh\u00e1ng b\u1ec7nh th\u1ed1i tr\u00e1i (do n\u1ea5m Phytophthora) \u2013 m\u1ed9t v\u1ea5n \u0111\u1ec1 nh\u1ee9c nh\u1ed1i trong m\u00f9a m\u01b0a.<\/p>\n<h2>C\u00e2y gi\u1ed1ng ca cao tr\u1ed3ng bao l\u00e2u c\u00f3 tr\u00e1i?<\/h2>\n<p>N\u1ebfu tr\u1ed3ng t\u1eeb c\u00e2y gh\u00e9p \u0111\u00fang k\u1ef9 thu\u1eadt t\u1ea1i Ph\u00fac An, ca cao s\u1ebd cho thu ho\u1ea1ch l\u1ee9a \u0111\u1ea7u (thu b\u00f3i) sau kho\u1ea3ng 18 &#8211; 24 th\u00e1ng xu\u1ed1ng gi\u1ed1ng. So v\u1edbi c\u00e1c lo\u1ea1i c\u00e2y c\u00f4ng nghi\u1ec7p kh\u00e1c, ca cao c\u00f3 th\u1eddi gian thu h\u1ed3i v\u1ed1n kh\u00e1 nhanh, \u0111\u1eb7c bi\u1ec7t khi tr\u1ed3ng xen canh trong v\u01b0\u1eddn d\u1eeba ho\u1eb7c v\u01b0\u1eddn c\u00e2y \u0103n tr\u00e1i.<\/p>\n<h2>Chu k\u1ef3 ra hoa v\u00e0 \u0111\u1eadu tr\u00e1i<\/h2>\n<p>Ca cao ra hoa v\u00e0 \u0111\u1eadu tr\u00e1i quanh n\u0103m tr\u00ean th\u00e2n v\u00e0 c\u00e0nh ch\u00ednh. T\u1eeb l\u00fac tr\u1ed5 hoa \u0111\u1ebfn khi tr\u00e1i ch\u00edn ho\u00e0n to\u00e0n m\u1ea5t kho\u1ea3ng 5 &#8211; 6 th\u00e1ng. Vi\u1ec7c ra tr\u00e1i r\u1ea3i r\u00e1c gi\u00fap b\u00e0 con c\u00f3 ngu\u1ed3n thu nh\u1eadp th\u01b0\u1eddng xuy\u00ean, \u0111\u1ed3ng th\u1eddi d\u1ec5 d\u00e0ng s\u1eafp x\u1ebfp c\u00f4ng lao \u0111\u1ed9ng \u0111\u1ec3 thu ho\u1ea1ch v\u00e0 s\u01a1 ch\u1ebf h\u1ea1t.<\/p>\n<h2>N\u0103ng su\u1ea5t th\u1ef1c t\u1ebf c\u1ee7a gi\u1ed1ng ca cao<\/h2>\n<p>N\u0103ng su\u1ea5t l\u00e0 \u0111i\u1ec3m t\u1ef1 h\u00e0o nh\u1ea5t c\u1ee7a c\u00e1c d\u00f2ng TD khi \u0111\u01b0\u1ee3c ch\u0103m s\u00f3c \u0111\u00fang k\u1ef9 thu\u1eadt:<\/p>\n<ul>\n<li>N\u0103ng su\u1ea5t n\u0103m \u0111\u1ea7u: Kho\u1ea3ng 0.5 &#8211; 1 t\u1ea5n h\u1ea1t kh\u00f4\/ha (thu ho\u1ea1ch b\u00f3i).<\/li>\n<li>N\u0103ng su\u1ea5t \u1ed5n \u0111\u1ecbnh (t\u1eeb n\u0103m th\u1ee9 4-5): C\u00f3 th\u1ec3 \u0111\u1ea1t t\u1eeb 2,2 &#8211; 2,8 t\u1ea5n h\u1ea1t kh\u00f4\/ha.<\/li>\n<\/ul>\n<p>So s\u00e1nh kinh t\u1ebf: V\u1edbi m\u1ee9c gi\u00e1 h\u1ea1t kh\u00f4 \u1ed5n \u0111\u1ecbnh nh\u01b0 hi\u1ec7n nay, ca cao d\u00f2ng TD mang l\u1ea1i l\u1ee3i nhu\u1eadn cao h\u01a1n t\u1eeb 1.5 &#8211; 2 l\u1ea7n so v\u1edbi c\u00e1c gi\u1ed1ng ca cao truy\u1ec1n th\u1ed1ng c\u0169 nh\u1edd t\u1ec9 l\u1ec7 \u0111\u1eadu tr\u00e1i cao v\u00e0 h\u1ea1t n\u1eb7ng k\u00fd.<\/p>\n<h2>K\u1ef9 thu\u1eadt tr\u1ed3ng v\u00e0 ch\u0103m s\u00f3c theo h\u01b0\u1edbng b\u1ec1n v\u1eefng<\/h2>\n<p>\u0110\u1ec3 v\u01b0\u1eddn ca cao \u0111\u1ea1t n\u0103ng su\u1ea5t t\u1ed1i \u0111a, Ph\u00fac An khuy\u1ebfn kh\u00edch b\u00e0 con \u00e1p d\u1ee5ng ph\u01b0\u01a1ng ph\u00e1p canh t\u00e1c b\u1ec1n v\u1eefng:<\/p>\n<p>M\u1eadt \u0111\u1ed9 tr\u1ed3ng: N\u1ebfu tr\u1ed3ng thu\u1ea7n l\u00e0 3m x 3m; n\u1ebfu tr\u1ed3ng xen d\u01b0\u1edbi t\u00e1n d\u1eeba c\u00f3 th\u1ec3 gi\u00e3n ra 3m x 4m. Che b\u00f3ng: C\u00e2y con m\u1edbi tr\u1ed3ng b\u1eaft bu\u1ed9c ph\u1ea3i c\u00f3 che b\u00f3ng (b\u1eb1ng l\u01b0\u1edbi lan, l\u00e1 d\u1eeba ho\u1eb7c c\u00e2y che b\u00f3ng t\u1ea1m th\u1eddi) \u0111\u1ec3 tr\u00e1nh ch\u00e1y l\u00e1.<\/p>\n<p>Tr\u1ed3ng h\u1ed7n h\u1ee3p: N\u00ean tr\u1ed3ng xen k\u1ebd \u00edt nh\u1ea5t 3 d\u00f2ng (v\u00ed d\u1ee5 TD3 + TD5 + TD11) \u0111\u1ec3 t\u0103ng hi\u1ec7u qu\u1ea3 th\u1ee5 ph\u1ea5n ch\u00e9o, gi\u00fap tr\u00e1i \u0111\u1eadu sai h\u01a1n.<\/p>\n<p>Dinh d\u01b0\u1ee1ng: \u01afu ti\u00ean b\u00f3n ph\u00e2n h\u1eefu c\u01a1, duy tr\u00ec pH \u0111\u1ea5t \u1ed5n \u0111\u1ecbnh theo tri\u1ebft l\u00fd \u0110\u1ea5t kh\u1ecfe, C\u00e2y kh\u1ecfe. Vi\u1ec7c gi\u1eef cho \u0111\u1ea5t t\u01a1i x\u1ed1p s\u1ebd gi\u00fap b\u1ed9 r\u1ec5 ca cao ph\u00e1t tri\u1ec3n m\u1ea1nh, h\u1ea1n ch\u1ebf t\u1ed1i \u0111a c\u00e1c b\u1ec7nh v\u1ec1 r\u1ec5.<\/p>\n<h3>Qu\u1ea3n l\u00fd n\u01b0\u1edbc t\u01b0\u1edbi v\u00e0 s\u00e2u b\u1ec7nh<\/h3>\n<ul>\n<li>N\u01b0\u1edbc t\u01b0\u1edbi: Ca cao c\u1ea7n \u0111\u1ed9 \u1ea9m cao nh\u01b0ng kh\u00f4ng ch\u1ecbu \u0111\u01b0\u1ee3c ng\u1eadp \u00fang. C\u1ea7n t\u01b0\u1edbi \u0111\u1ec1u \u0111\u1eb7n v\u00e0o m\u00f9a kh\u00f4 \u0111\u1ec3 tr\u00e1nh r\u1ee5ng l\u00e1, r\u1ee5ng tr\u00e1i non.<\/li>\n<li>S\u00e2u b\u1ec7nh: C\u00e1c \u0111\u1ed1i t\u01b0\u1ee3ng th\u01b0\u1eddng g\u1eb7p l\u00e0 b\u1ecd x\u00edt mu\u1ed7i v\u00e0 b\u1ec7nh th\u1ed1i tr\u00e1i (do n\u1ea5m Phytophthora).<\/li>\n<li>N\u00ean t\u1ec9a c\u00e0nh th\u01b0\u1eddng xuy\u00ean cho v\u01b0\u1eddn th\u00f4ng tho\u00e1ng \u0111\u1ec3 h\u1ea1n ch\u1ebf n\u1ea5m b\u1ec7nh.<\/li>\n<li>\u01afu ti\u00ean d\u00f9ng ch\u1ebf ph\u1ea9m sinh h\u1ecdc, n\u1ea5m \u0111\u1ed1i kh\u00e1ng (Trichoderma) \u0111\u1ec3 ph\u00f2ng b\u1ec7nh t\u1eeb g\u1ed1c.<\/li>\n<\/ul>\n<h2>Mua c\u00e2y gi\u1ed1ng Ca Cao \u1edf \u0111\u00e2u uy t\u00edn?<\/h2>\n<p>Gi\u1ed1ng l\u00e0 y\u1ebfu t\u1ed1 \u0111\u1ea7u ti\u00ean quy\u1ebft \u0111\u1ecbnh n\u0103ng su\u1ea5t v\u01b0\u1eddn c\u00e2y sau n\u00e0y. C\u00e2y gi\u1ed1ng gh\u00e9p ch\u1ea5t l\u01b0\u1ee3ng k\u00e9m s\u1ebd khi\u1ebfn m\u1eaft gh\u00e9p y\u1ebfu, d\u1ec5 g\u00e3y, c\u00e2y ch\u1eadm l\u1edbn v\u00e0 n\u0103ng su\u1ea5t h\u1ea1t th\u1ea5p.<\/p>\n<figure id=\"attachment_4172\" aria-describedby=\"caption-attachment-4172\" style=\"width: 600px\" class=\"wp-caption aligncenter\"><img loading=\"lazy\" decoding=\"async\" class=\"wp-image-4172\" src=\"http:\/\/localhost\/phucan713\/wp-content\/uploads\/2025\/12\/z6999595193780_24a3cfb7929e45c6a7835f54ec7c2fe8-768x1024.jpg\" alt=\"gi\u1ed1ng ca cao-c\u00e2y gi\u1ed1ng Ph\u00fac An\" width=\"600\" height=\"800\" srcset=\"https:\/\/ktech4.k-tech-services.com\/phucan713\/wp-content\/uploads\/2025\/12\/z6999595193780_24a3cfb7929e45c6a7835f54ec7c2fe8-768x1024.jpg 768w, https:\/\/ktech4.k-tech-services.com\/phucan713\/wp-content\/uploads\/2025\/12\/z6999595193780_24a3cfb7929e45c6a7835f54ec7c2fe8-225x300.jpg 225w, https:\/\/ktech4.k-tech-services.com\/phucan713\/wp-content\/uploads\/2025\/12\/z6999595193780_24a3cfb7929e45c6a7835f54ec7c2fe8-1152x1536.jpg 1152w, https:\/\/ktech4.k-tech-services.com\/phucan713\/wp-content\/uploads\/2025\/12\/z6999595193780_24a3cfb7929e45c6a7835f54ec7c2fe8-1536x2048.jpg 1536w, https:\/\/ktech4.k-tech-services.com\/phucan713\/wp-content\/uploads\/2025\/12\/z6999595193780_24a3cfb7929e45c6a7835f54ec7c2fe8-510x680.jpg 510w, https:\/\/ktech4.k-tech-services.com\/phucan713\/wp-content\/uploads\/2025\/12\/z6999595193780_24a3cfb7929e45c6a7835f54ec7c2fe8.jpg 1920w\" sizes=\"auto, (max-width: 600px) 100vw, 600px\" \/><figcaption id=\"caption-attachment-4172\" class=\"wp-caption-text\">gi\u1ed1ng ca cao-c\u00e2y gi\u1ed1ng Ph\u00fac An<\/figcaption><\/figure>\n<p><a href=\"http:\/\/localhost\/phucan713\/\" target=\"_blank\" rel=\"noopener\">C\u00e2y Gi\u1ed1ng Ph\u00fac An<\/a> t\u1ef1 h\u00e0o l\u00e0 \u0111\u01a1n v\u1ecb cung c\u1ea5p c\u00e2y gi\u1ed1ng ca cao chu\u1ea9n gi\u1ed1ng, \u0111\u01b0\u1ee3c gh\u00e9p t\u1eeb nh\u1eefng c\u00e2y m\u1eb9 \u0111\u00fang d\u00f2ng TD3, TD5, TD11 kh\u1ecfe m\u1ea1nh, \u0111\u00e3 \u0111\u01b0\u1ee3c tuy\u1ec3n ch\u1ecdn k\u1ef9 l\u01b0\u1ee1ng v\u1ec1 n\u0103ng su\u1ea5t t\u1ea1i mi\u1ec1n T\u00e2y. C\u00e2y tr\u1ea3i qua quy tr\u00ecnh nh\u00e2n gi\u1ed1ng, d\u01b0\u1ee1ng c\u00e2y con, x\u1ea3 n\u1eafng ho\u00e0n ch\u1ec9nh. \u0110\u1ebfn tay c\u00f4 b\u00e1c s\u1ebd l\u00e0 t\u1eebng c\u00e2y \u0111\u00e3 c\u1ee9ng c\u00e1p \u0111\u00e3 ra c\u01a1i ch\u1ed3i m\u1edbi.<\/p>\n<p>Qu\u00fd c\u00f4 b\u00e1c c\u00f3 th\u1ec3 li\u00ean h\u1ec7 tr\u1ef1c ti\u1ebfp qua <span style=\"font-size: 120%; color: #008000;\"><strong>SDT\/ Zalo 0962.888.014<\/strong><\/span>\u00a0\u0111\u1ec3 ch\u00fang t\u00f4i t\u01b0 v\u1ea5n v\u00e0 b\u00e1o gi\u00e1 c\u1ee5 th\u1ec3. Xin c\u1ea3m \u01a1n qu\u00fd c\u00f4 b\u00e1c \u0111\u00e3 \u0111\u1eb7t ni\u1ec1m tin v\u1edbi nh\u00e0 v\u01b0\u1eddn.<\/p>\n<p><em><span style=\"color: #000080;\"><strong>&gt; M\u1eddi b\u1ea1n xem th\u00eam: <a style=\"color: #000080;\" href=\"https:\/\/vtv.vn\/kinh-te\/gia-ca-cao-tang-ky-luc-20250325122326425.htm\" target=\"_blank\" rel=\"noopener\">Gi\u00e1 ca cao t\u0103ng k\u1ef7 l\u1ee5c<\/a><\/strong><\/span><\/em><\/p>\n","protected":false},"excerpt":{"rendered":"<p>* Gi\u00e1 tham kh\u1ea3o cho s\u1ed1 l\u01b0\u1ee3ng t\u1eeb 30 c\u00e2y, c\u00f3 th\u1ec3 thay \u0111\u1ed5i theo th\u1eddi \u0111i\u1ec3m<br \/>\n* Ch\u01b0a bao g\u1ed3m ph\u00ed v\u1eadn chuy\u1ec3n (t\u00f9y theo s\u1ed1 l\u01b0\u1ee3ng c\u00e2y v\u00e0 \u0111\u1ecba \u0111i\u1ec3m giao h\u00e0ng)<\/p>\n","protected":false},"featured_media":4172,"comment_status":"open","ping_status":"closed","template":"","meta":[],"product_brand":[],"product_cat":[35,37],"product_tag":[],"class_list":{"0":"post-4171","1":"product","2":"type-product","3":"status-publish","4":"has-post-thumbnail","6":"product_cat-san-pham-giong-cay-an-trai","7":"product_cat-cay-giong-khac","9":"first","10":"instock","11":"shipping-taxable","12":"purchasable","13":"product-type-simple"},"_links":{"self":[{"href":"https:\/\/ktech4.k-tech-services.com\/phucan713\/wp-json\/wp\/v2\/product\/4171","targetHints":{"allow":["GET"]}}],"collection":[{"href":"https:\/\/ktech4.k-tech-services.com\/phucan713\/wp-json\/wp\/v2\/product"}],"about":[{"href":"https:\/\/ktech4.k-tech-services.com\/phucan713\/wp-json\/wp\/v2\/types\/product"}],"replies":[{"embeddable":true,"href":"https:\/\/ktech4.k-tech-services.com\/phucan713\/wp-json\/wp\/v2\/comments?post=4171"}],"wp:featuredmedia":[{"embeddable":true,"href":"https:\/\/ktech4.k-tech-services.com\/phucan713\/wp-json\/wp\/v2\/media\/4172"}],"wp:attachment":[{"href":"https:\/\/ktech4.k-tech-services.com\/phucan713\/wp-json\/wp\/v2\/media?parent=4171"}],"wp:term":[{"taxonomy":"product_brand","embeddable":true,"href":"https:\/\/ktech4.k-tech-services.com\/phucan713\/wp-json\/wp\/v2\/product_brand?post=4171"},{"taxonomy":"product_cat","embeddable":true,"href":"https:\/\/ktech4.k-tech-services.com\/phucan713\/wp-json\/wp\/v2\/product_cat?post=4171"},{"taxonomy":"product_tag","embeddable":true,"href":"https:\/\/ktech4.k-tech-services.com\/phucan713\/wp-json\/wp\/v2\/product_tag?post=4171"}],"curies":[{"name":"wp","href":"https:\/\/api.w.org\/{rel}","templated":true}]}}