{"id":4175,"date":"2025-12-07T21:12:36","date_gmt":"2025-12-07T14:12:36","guid":{"rendered":"https:\/\/caygiongphucan.com\/?post_type=product&amp;p=4175"},"modified":"2025-12-07T21:12:36","modified_gmt":"2025-12-07T14:12:36","slug":"giong-chanh-day-tim","status":"publish","type":"product","link":"https:\/\/ktech4.k-tech-services.com\/phucan713\/san-pham\/giong-chanh-day-tim\/","title":{"rendered":"Gi\u1ed1ng Chanh D\u00e2y T\u00edm"},"content":{"rendered":"<p>Gi\u1ed1ng chanh d\u00e2y t\u00edm (hay c\u00f2n g\u1ecdi l\u00e0 chanh leo) \u0111ang l\u00e0 m\u1ed9t trong nh\u1eefng lo\u1ea1i c\u00e2y tr\u1ed3ng ch\u1ee7 l\u1ef1c mang l\u1ea1i hi\u1ec7u qu\u1ea3 kinh t\u1ebf &#8220;th\u1ea7n t\u1ed1c&#8221; cho b\u00e0 con n\u00f4ng d\u00e2n, \u0111\u1eb7c bi\u1ec7t l\u00e0 t\u1ea1i khu v\u1ef1c T\u00e2y Nguy\u00ean v\u00e0 c\u00e1c t\u1ec9nh l\u00e2n c\u1eadn. V\u1edbi th\u1eddi gian thu ho\u1ea1ch c\u1ef1c nhanh v\u00e0 nhu c\u1ea7u xu\u1ea5t kh\u1ea9u l\u1edbn, \u0111\u00e2y l\u00e0 l\u1ef1a ch\u1ecdn h\u00e0ng \u0111\u1ea7u \u0111\u1ec3 l\u1ea5y ng\u1eafn nu\u00f4i d\u00e0i.<\/p>\n<p>Trong b\u00e0i vi\u1ebft n\u00e0y, C\u00e2y Gi\u1ed1ng Ph\u00fac An s\u1ebd chia s\u1ebb chi ti\u1ebft v\u1ec1 \u0111\u1eb7c t\u00ednh, n\u0103ng su\u1ea5t th\u1ef1c t\u1ebf v\u00e0 quy tr\u00ecnh k\u1ef9 thu\u1eadt canh t\u00e1c chanh d\u00e2y t\u00edm theo h\u01b0\u1edbng b\u1ec1n v\u1eefng \u0111\u1ec3 b\u00e0 con tham kh\u1ea3o \u0111\u1ea7u t\u01b0.<\/p>\n<h2>Gi\u1edbi thi\u1ec7u v\u00e0 \u0111\u1eb7c \u0111i\u1ec3m n\u1ed5i b\u1eadt c\u1ee7a gi\u1ed1ng chanh d\u00e2y t\u00edm<\/h2>\n<p>Chanh d\u00e2y t\u00edm (t\u00ean khoa h\u1ecdc <em>Passiflora edulis<\/em>) l\u00e0 lo\u1ea1i d\u00e2y leo b\u00e1n g\u1ed7, c\u00f3 s\u1ee9c s\u1ed1ng m\u00e3nh li\u1ec7t. Hi\u1ec7n nay, gi\u1ed1ng chanh d\u00e2y t\u00edm (th\u01b0\u1eddng l\u00e0 gi\u1ed1ng \u0110\u00e0i Loan ho\u1eb7c c\u00e1c d\u00f2ng lai t\u1ea1o m\u1edbi) \u0111\u01b0\u1ee3c \u01b0a chu\u1ed9ng h\u01a1n h\u1eb3n chanh d\u00e2y v\u00e0ng nh\u1edd v\u1ecb ng\u1ecdt v\u00e0 h\u01b0\u01a1ng th\u01a1m quy\u1ebfn r\u0169.<\/p>\n<h3>\u0110\u1eb7c \u0111i\u1ec3m h\u00ecnh th\u00e1i<\/h3>\n<ul>\n<li>Th\u00e2n v\u00e0 c\u00e0nh: Th\u00e2n leo m\u00e0u xanh, tua cu\u1ed1n ph\u00e1t tri\u1ec3n m\u1ea1nh \u0111\u1ec3 b\u00e1m v\u00e0o gi\u00e0n. C\u00e2y ph\u00e2n c\u00e0nh nhi\u1ec1u, \u0111\u1ed9 ph\u1ee7 t\u00e1n r\u1ea5t nhanh.<\/li>\n<li>\u0110\u1eb7c \u0111i\u1ec3m tr\u00e1i:\n<ul>\n<li>Tr\u00e1i c\u00f3 h\u00ecnh c\u1ea7u ho\u1eb7c b\u1ea7u d\u1ee5c. Khi c\u00f2n non v\u1ecf m\u00e0u xanh, khi ch\u00edn v\u1ecf chuy\u1ec3n sang m\u00e0u t\u00edm than ho\u1eb7c t\u00edm \u0111\u1ecf r\u1ea5t \u0111\u1eb9p m\u1eaft.<\/li>\n<li>V\u1ecf tr\u00e1i c\u1ee9ng c\u00e1p, ch\u1ecbu \u0111\u01b0\u1ee3c v\u1eadn chuy\u1ec3n \u0111i xa.<\/li>\n<li>B\u00ean trong ru\u1ed9t m\u00e0u v\u00e0ng \u01b0\u01a1m, h\u1ea1t \u0111en nh\u1ecf, bao b\u1ecdc b\u1edfi l\u1edbp c\u01a1m m\u1ecdng n\u01b0\u1edbc.<\/li>\n<\/ul>\n<\/li>\n<li>H\u01b0\u01a1ng v\u1ecb: Chanh d\u00e2y t\u00edm c\u00f3 m\u00f9i th\u01a1m r\u1ea5t n\u1ed3ng n\u00e0n, \u0111\u1eb7c tr\u01b0ng. V\u1ecb chua ng\u1ecdt h\u00e0i h\u00f2a (ng\u1ecdt nhi\u1ec1u h\u01a1n chua), th\u00edch h\u1ee3p \u0111\u1ec3 \u0103n t\u01b0\u01a1i, l\u00e0m n\u01b0\u1edbc gi\u1ea3i kh\u00e1t ho\u1eb7c ch\u1ebf bi\u1ebfn xu\u1ea5t kh\u1ea9u (l\u00e0m m\u1ee9t, n\u01b0\u1edbc c\u00f4 \u0111\u1eb7c).<\/li>\n<\/ul>\n<h3>\u0110\u1eb7c t\u00ednh sinh tr\u01b0\u1edfng<\/h3>\n<p>C\u00e2y th\u00edch h\u1ee3p v\u1edbi kh\u00ed h\u1eadu \u1ea5m \u00e1p, \u0111\u1ee7 \u00e1nh s\u00e1ng. Chanh d\u00e2y t\u00edm kh\u00f4ng qu\u00e1 k\u00e9n \u0111\u1ea5t, c\u00f3 th\u1ec3 tr\u1ed3ng tr\u00ean \u0111\u1ea5t \u0111\u1ecf bazan, \u0111\u1ea5t th\u1ecbt nh\u1eb9, mi\u1ec5n l\u00e0 tho\u00e1t n\u01b0\u1edbc t\u1ed1t v\u00ec c\u00e2y r\u1ea5t s\u1ee3 ng\u1eadp \u00fang g\u00e2y th\u1ed1i r\u1ec5.<\/p>\n<h2>Chanh d\u00e2y t\u00edm tr\u1ed3ng bao l\u00e2u c\u00f3 tr\u00e1i?<\/h2>\n<p>\u0110\u00e2y \u0111\u01b0\u1ee3c m\u1ec7nh danh l\u00e0 c\u00e2y &#8220;t\u1ef7 ph\u00fa&#8221; v\u00ec t\u1ed1c \u0111\u1ed9 sinh tr\u01b0\u1edfng v\u00e0 cho thu nh\u1eadp c\u1ef1c nhanh:<\/p>\n<ul>\n<li>Th\u1eddi gian sinh tr\u01b0\u1edfng: T\u00ednh t\u1eeb l\u00fac xu\u1ed1ng gi\u1ed1ng c\u00e2y con, ch\u1ec9 m\u1ea5t kho\u1ea3ng 5 \u2013 6 th\u00e1ng l\u00e0 c\u00e2y \u0111\u00e3 ph\u1ee7 k\u00edn gi\u00e0n v\u00e0 b\u1eaft \u0111\u1ea7u cho thu ho\u1ea1ch l\u1ee9a tr\u00e1i \u0111\u1ea7u ti\u00ean.<\/li>\n<li>L\u1ee3i th\u1ebf: So v\u1edbi c\u00e1c lo\u1ea1i c\u00e2y \u0103n tr\u00e1i l\u00e2u n\u0103m (m\u1ea5t 3-4 n\u0103m), chanh d\u00e2y gi\u00fap nh\u00e0 v\u01b0\u1eddn thu h\u1ed3i v\u1ed1n \u0111\u1ea7u t\u01b0 ngay trong n\u0103m \u0111\u1ea7u ti\u00ean.<\/li>\n<\/ul>\n<h2>Chu k\u1ef3 ra hoa v\u00e0 thu ho\u1ea1ch<\/h2>\n<ul>\n<li>Ra hoa: N\u1ebfu ch\u0103m s\u00f3c t\u1ed1t, chanh d\u00e2y t\u00edm c\u00f3 kh\u1ea3 n\u0103ng ra hoa v\u00e0 \u0111\u1eadu tr\u00e1i quanh n\u0103m. Tuy nhi\u00ean, c\u00e2y th\u01b0\u1eddng r\u1ed9 tr\u00e1i nh\u1ea5t v\u00e0o c\u00e1c th\u00e1ng m\u00f9a m\u01b0a v\u00e0 m\u00f9a kh\u00f4 (n\u1ebfu ch\u1ee7 \u0111\u1ed9ng n\u01b0\u1edbc t\u01b0\u1edbi).<\/li>\n<li>Th\u1eddi gian nu\u00f4i tr\u00e1i: T\u1eeb l\u00fac \u0111\u1eadu tr\u00e1i \u0111\u1ebfn khi tr\u00e1i ch\u00edn v\u00e0 thu ho\u1ea1ch m\u1ea5t kho\u1ea3ng 60 \u2013 90 ng\u00e0y.<\/li>\n<li>Thu ho\u1ea1ch: Tr\u00e1i ch\u00edn s\u1ebd t\u1ef1 r\u1ee5ng ho\u1eb7c chuy\u1ec3n m\u00e0u t\u00edm s\u1eabm. B\u00e0 con c\u00f3 th\u1ec3 thu h\u00e1i li\u00ean t\u1ee5c m\u1ed7i ng\u00e0y ho\u1eb7c c\u00e1ch ng\u00e0y, t\u1ea1o ra d\u00f2ng ti\u1ec1n \u0111\u1ec1u \u0111\u1eb7n h\u00e0ng tu\u1ea7n.<\/li>\n<\/ul>\n<h2>N\u0103ng su\u1ea5t gi\u1ed1ng chanh d\u00e2y t\u00edm<\/h2>\n<p>Chanh d\u00e2y t\u00edm thu\u1ed9c nh\u00f3m c\u00e2y cho n\u0103ng su\u1ea5t &#8220;kh\u1ee7ng&#8221;:<\/p>\n<ul>\n<li>S\u1ea3n l\u01b0\u1ee3ng: Trung b\u00ecnh m\u1ed9t hecta chanh d\u00e2y canh t\u00e1c t\u1ed1t c\u00f3 th\u1ec3 \u0111\u1ea1t n\u0103ng su\u1ea5t t\u1eeb 30 \u2013 50 t\u1ea5n\/n\u0103m, th\u1eadm ch\u00ed cao h\u01a1n \u1edf nh\u1eefng v\u00f9ng kh\u00ed h\u1eadu l\u00fd t\u01b0\u1edfng nh\u01b0 T\u00e2y Nguy\u00ean.<\/li>\n<li>N\u0103ng su\u1ea5t c\u00e2y: M\u1ed9t g\u1ed1c chanh d\u00e2y kh\u1ecfe m\u1ea1nh c\u00f3 th\u1ec3 mang h\u00e0ng tr\u0103m tr\u00e1i m\u1ed7i \u0111\u1ee3t.<\/li>\n<li>Tu\u1ed5i th\u1ecd khai th\u00e1c: Kh\u00e1c v\u1edbi c\u00e2y \u0103n tr\u00e1i l\u00e2u n\u0103m, v\u00f2ng \u0111\u1eddi kinh t\u1ebf c\u1ee7a chanh d\u00e2y t\u00edm th\u01b0\u1eddng ng\u1eafn, k\u00e9o d\u00e0i kho\u1ea3ng 2 \u2013 3 n\u0103m. Sau th\u1eddi gian n\u00e0y, nh\u00e0 v\u01b0\u1eddn th\u01b0\u1eddng ph\u00e1 b\u1ecf \u0111\u1ec3 tr\u1ed3ng l\u1ea1i v\u1ee5 m\u1edbi nh\u1eb1m \u0111\u1ea3m b\u1ea3o n\u0103ng su\u1ea5t cao nh\u1ea5t v\u00e0 h\u1ea1n ch\u1ebf m\u1ea7m b\u1ec7nh t\u00edch t\u1ee5.<\/li>\n<\/ul>\n<h2>K\u1ef9 thu\u1eadt tr\u1ed3ng v\u00e0 ch\u0103m s\u00f3c theo h\u01b0\u1edbng b\u1ec1n v\u1eefng<\/h2>\n<p>D\u00f9 d\u1ec5 tr\u1ed3ng nh\u01b0ng chanh d\u00e2y r\u1ea5t m\u1eabn c\u1ea3m v\u1edbi n\u1ea5m b\u1ec7nh v\u00e0 virus. C\u00e2y Gi\u1ed1ng Ph\u00fac An khuy\u1ebfn kh\u00edch b\u00e0 con tu\u00e2n th\u1ee7 quy tr\u00ecnh canh t\u00e1c k\u1ebft h\u1ee3p h\u1eefu c\u01a1 \u0111\u1ec3 k\u00e9o d\u00e0i tu\u1ed5i th\u1ecd v\u01b0\u1eddn c\u00e2y.<\/p>\n<h3>Chu\u1ea9n b\u1ecb \u0111\u1ea5t v\u00e0 l\u00e0m gi\u00e0n<\/h3>\n<ul>\n<li>L\u00e0m gi\u00e0n: \u0110\u00e2y l\u00e0 kh\u00e2u quan tr\u1ecdng nh\u1ea5t. B\u00e0 con c\u00f3 th\u1ec3 l\u00e0m gi\u00e0n ch\u1eef T ho\u1eb7c gi\u00e0n truy\u1ec1n th\u1ed1ng (gi\u00e0n l\u01b0\u1edbi) cao kho\u1ea3ng 1.8m &#8211; 2m \u0111\u1ec3 c\u00e2y c\u00f3 kh\u00f4ng gian quang h\u1ee3p v\u00e0 d\u1ec5 thu h\u00e1i.<\/li>\n<li>M\u1eadt \u0111\u1ed9: Tr\u1ed3ng v\u1edbi kho\u1ea3ng c\u00e1ch 3m x 3m ho\u1eb7c 3m x 4m. Kh\u00f4ng n\u00ean tr\u1ed3ng qu\u00e1 d\u00e0y khi\u1ebfn v\u01b0\u1eddn r\u1eadm r\u1ea1p, d\u1ec5 ph\u00e1t sinh n\u1ea5m b\u1ec7nh.<\/li>\n<li>Ch\u1ecdn gi\u1ed1ng: B\u1eaft bu\u1ed9c ph\u1ea3i ch\u1ecdn c\u00e2y gi\u1ed1ng s\u1ea1ch b\u1ec7nh, s\u1ea1ch virus ngay t\u1eeb \u0111\u1ea7u. C\u00e2y gi\u1ed1ng ph\u1ea3i c\u00f3 ng\u1ecdn m\u1eadp, l\u00e1 xanh, b\u1ea7u r\u1ec5 \u1ed5n \u0111\u1ecbnh.<\/li>\n<\/ul>\n<h3>Quy tr\u00ecnh b\u00f3n ph\u00e2n<\/h3>\n<ul>\n<li>Giai \u0111o\u1ea1n Ki\u1ebfn thi\u1ebft (C\u00e2y con &#8211; Leo gi\u00e0n):\n<ul>\n<li>B\u00f3n l\u00f3t ph\u00e2n chu\u1ed3ng \u1ee7 hoai, l\u00e2n v\u00e0 v\u00f4i b\u1ed9t \u0111\u1ec3 x\u1eed l\u00fd \u0111\u1ea5t.<\/li>\n<li>S\u1eed d\u1ee5ng NPK c\u00f3 h\u00e0m l\u01b0\u1ee3ng \u0110\u1ea1m cao \u0111\u1ec3 th\u00fac c\u00e2y ra ng\u1ecdn, nhanh ch\u00f3ng ph\u1ee7 k\u00edn gi\u00e0n.<\/li>\n<\/ul>\n<\/li>\n<li>Giai \u0111o\u1ea1n Kinh doanh (Nu\u00f4i tr\u00e1i):\n<ul>\n<li>Chanh d\u00e2y &#8220;\u0103n&#8221; ph\u00e2n r\u1ea5t m\u1ea1nh. C\u1ea7n b\u00f3n \u0111\u1ecbnh k\u1ef3 15-20 ng\u00e0y\/l\u1ea7n.<\/li>\n<li>Nu\u00f4i tr\u00e1i: T\u0103ng c\u01b0\u1eddng Kali v\u00e0 c\u00e1c vi l\u01b0\u1ee3ng (Canxi, Bo) \u0111\u1ec3 v\u1ecf tr\u00e1i c\u1ee9ng (ch\u1ed1ng nh\u0103n), m\u00e0u t\u00edm \u0111\u1eb9p v\u00e0 ru\u1ed9t \u0111\u1eb7c, ng\u1ecdt.<\/li>\n<li>H\u1eefu c\u01a1: Xen k\u1ebd c\u00e1c \u0111\u1ee3t b\u00f3n h\u00f3a h\u1ecdc, b\u00e0 con ph\u1ea3i t\u01b0\u1edbi Humic ho\u1eb7c b\u00f3n ph\u00e2n h\u1eefu c\u01a1 n\u1edf \u0111\u1ec3 \u0111\u1ea5t kh\u00f4ng b\u1ecb chai c\u1ee9ng, gi\u00fap r\u1ec5 t\u01a1 ph\u00e1t tri\u1ec3n li\u00ean t\u1ee5c \u0111\u1ec3 h\u00fat dinh d\u01b0\u1ee1ng nu\u00f4i l\u01b0\u1ee3ng tr\u00e1i l\u1edbn.<\/li>\n<\/ul>\n<\/li>\n<\/ul>\n<h3>Qu\u1ea3n l\u00fd n\u01b0\u1edbc t\u01b0\u1edbi v\u00e0 s\u00e2u b\u1ec7nh<\/h3>\n<ul>\n<li>N\u01b0\u1edbc t\u01b0\u1edbi: Chanh d\u00e2y c\u1ea7n r\u1ea5t nhi\u1ec1u n\u01b0\u1edbc \u0111\u1ec3 nu\u00f4i tr\u00e1i. Thi\u1ebfu n\u01b0\u1edbc tr\u00e1i s\u1ebd b\u1ecb teo, v\u1ecf nh\u0103n nheo, nh\u1eb9 k\u00fd. C\u1ea7n t\u01b0\u1edbi \u0111\u1ee7 \u1ea9m th\u01b0\u1eddng xuy\u00ean.<\/li>\n<li>S\u00e2u b\u1ec7nh:\n<ul>\n<li>Quan t\u00e2m nh\u1ea5t l\u00e0 nh\u1ec7n \u0111\u1ecf v\u00e0 b\u1ec7nh virus (c\u1ee9ng tr\u00e1i).<\/li>\n<li>C\u1ea7n th\u0103m v\u01b0\u1eddn h\u00e0ng ng\u00e0y, c\u1eaft t\u1ec9a c\u00e0nh l\u00e1 gi\u00e0, c\u00e0nh v\u00f4 hi\u1ec7u \u0111\u1ec3 v\u01b0\u1eddn th\u00f4ng tho\u00e1ng.<\/li>\n<li>\u01afu ti\u00ean d\u00f9ng thu\u1ed1c sinh h\u1ecdc, ch\u1ec9 d\u00f9ng thu\u1ed1c h\u00f3a h\u1ecdc khi c\u1ea7n thi\u1ebft v\u00e0 \u0111\u1ea3m b\u1ea3o th\u1eddi gian c\u00e1ch ly tr\u01b0\u1edbc khi thu ho\u1ea1ch.<\/li>\n<\/ul>\n<\/li>\n<\/ul>\n<h2>Mua c\u00e2y gi\u1ed1ng chanh d\u00e2y t\u00edm \u1edf \u0111\u00e2u uy t\u00edn?<\/h2>\n<p>Chanh d\u00e2y l\u00e0 lo\u1ea1i c\u00e2y r\u1ea5t d\u1ec5 nhi\u1ec5m b\u1ec7nh virus ngay t\u1eeb giai \u0111o\u1ea1n c\u00e2y con n\u1ebfu quy tr\u00ecnh nh\u00e2n gi\u1ed1ng kh\u00f4ng \u0111\u1ea3m b\u1ea3o. V\u00ec v\u1eady, ch\u1ecdn ngu\u1ed3n gi\u1ed1ng s\u1ea1ch b\u1ec7nh l\u00e0 y\u1ebfu t\u1ed1 s\u1ed1ng c\u00f2n.<\/p>\n<p>C\u00e2y Gi\u1ed1ng Ph\u00fac An t\u1ef1 h\u00e0o l\u00e0 \u0111\u01a1n v\u1ecb cung c\u1ea5p c\u00e2y gi\u1ed1ng uy t\u00edn, \u0111\u01b0\u1ee3c nhi\u1ec1u b\u00e0 con tin t\u01b0\u1edfng:<\/p>\n<p>Chu\u1ea9n gi\u1ed1ng: C\u00e2y gi\u1ed1ng \u0111\u01b0\u1ee3c gh\u00e9p t\u1eeb nh\u1eefng c\u00e2y m\u1eb9 \u0111\u00fang gi\u1ed1ng, kh\u1ecfe m\u1ea1nh, \u0111\u00e3 \u0111\u01b0\u1ee3c tuy\u1ec3n ch\u1ecdn k\u1ef9 l\u01b0\u1ee1ng. C\u00e2y tr\u1ea3i qua quy tr\u00ecnh nh\u00e2n gi\u1ed1ng, d\u01b0\u1ee1ng c\u00e2y con, x\u1ea3 n\u1eafng ho\u00e0n ch\u1ec9nh. \u0110\u1ebfn tay c\u00f4 b\u00e1c s\u1ebd l\u00e0 t\u1eebng c\u00e2y \u0111\u00e3 c\u1ee9ng c\u00e1p \u0111\u00e3 ra c\u01a1i ch\u1ed3i m\u1edbi.<\/p>\n<p>Qu\u00fd c\u00f4 b\u00e1c c\u00f3 th\u1ec3 li\u00ean h\u1ec7 tr\u1ef1c ti\u1ebfp qua SDT\/ Zalo 0962.888.014 (<a href=\"http:\/\/localhost\/phucan713\/\" target=\"_blank\" rel=\"noopener\">C\u00e2y Gi\u1ed1ng Ph\u00fac An<\/a>) \u0111\u1ec3 ch\u00fang t\u00f4i t\u01b0 v\u1ea5n v\u00e0 b\u00e1o gi\u00e1 c\u1ee5 th\u1ec3. Xin c\u1ea3m \u01a1n qu\u00fd c\u00f4 b\u00e1c \u0111\u00e3 \u0111\u1eb7t ni\u1ec1m tin v\u1edbi nh\u00e0 v\u01b0\u1eddn.<\/p>\n<p>&gt;&gt; M\u1eddi b\u1ea1n \u0111\u1ecdc th\u00eam: <a href=\"https:\/\/ttdn.vn\/hoi-nhap-va-phat-trien\/kinh-te-dau-tu\/xuat-khau-chanh-leo-tim-tu-vung-dat-kem-hieu-qua-105830\" target=\"_blank\" rel=\"noopener\"><span style=\"color: #000080;\"><em><strong>Xu\u1ea5t kh\u1ea9u chanh leo t\u00edm<\/strong><\/em><\/span><\/a><\/p>\n<p>&nbsp;<\/p>\n","protected":false},"excerpt":{"rendered":"<p>* Gi\u00e1 tham kh\u1ea3o cho s\u1ed1 l\u01b0\u1ee3ng t\u1eeb 30 c\u00e2y, c\u00f3 th\u1ec3 thay \u0111\u1ed5i theo th\u1eddi \u0111i\u1ec3m<br \/>\n* Ch\u01b0a bao g\u1ed3m ph\u00ed v\u1eadn chuy\u1ec3n (t\u00f9y theo s\u1ed1 l\u01b0\u1ee3ng c\u00e2y v\u00e0 \u0111\u1ecba \u0111i\u1ec3m giao h\u00e0ng)<\/p>\n","protected":false},"featured_media":0,"comment_status":"open","ping_status":"closed","template":"","meta":[],"product_brand":[],"product_cat":[35,37],"product_tag":[],"class_list":{"0":"post-4175","1":"product","2":"type-product","3":"status-publish","5":"product_cat-san-pham-giong-cay-an-trai","6":"product_cat-cay-giong-khac","8":"first","9":"instock","10":"shipping-taxable","11":"purchasable","12":"product-type-simple"},"_links":{"self":[{"href":"https:\/\/ktech4.k-tech-services.com\/phucan713\/wp-json\/wp\/v2\/product\/4175","targetHints":{"allow":["GET"]}}],"collection":[{"href":"https:\/\/ktech4.k-tech-services.com\/phucan713\/wp-json\/wp\/v2\/product"}],"about":[{"href":"https:\/\/ktech4.k-tech-services.com\/phucan713\/wp-json\/wp\/v2\/types\/product"}],"replies":[{"embeddable":true,"href":"https:\/\/ktech4.k-tech-services.com\/phucan713\/wp-json\/wp\/v2\/comments?post=4175"}],"wp:attachment":[{"href":"https:\/\/ktech4.k-tech-services.com\/phucan713\/wp-json\/wp\/v2\/media?parent=4175"}],"wp:term":[{"taxonomy":"product_brand","embeddable":true,"href":"https:\/\/ktech4.k-tech-services.com\/phucan713\/wp-json\/wp\/v2\/product_brand?post=4175"},{"taxonomy":"product_cat","embeddable":true,"href":"https:\/\/ktech4.k-tech-services.com\/phucan713\/wp-json\/wp\/v2\/product_cat?post=4175"},{"taxonomy":"product_tag","embeddable":true,"href":"https:\/\/ktech4.k-tech-services.com\/phucan713\/wp-json\/wp\/v2\/product_tag?post=4175"}],"curies":[{"name":"wp","href":"https:\/\/api.w.org\/{rel}","templated":true}]}}