{"id":4176,"date":"2025-12-08T19:41:39","date_gmt":"2025-12-08T12:41:39","guid":{"rendered":"https:\/\/caygiongphucan.com\/?post_type=product&amp;p=4176"},"modified":"2025-12-08T19:41:39","modified_gmt":"2025-12-08T12:41:39","slug":"giong-chanh-day-vang-chua","status":"publish","type":"product","link":"https:\/\/ktech4.k-tech-services.com\/phucan713\/san-pham\/giong-chanh-day-vang-chua\/","title":{"rendered":"Gi\u1ed1ng Chanh D\u00e2y V\u00e0ng Chua"},"content":{"rendered":"<p>Gi\u1ed1ng chanh d\u00e2y v\u00e0ng chua l\u00e0 &#8220;\u00f4ng vua&#8221; trong ng\u00e0nh ch\u1ebf bi\u1ebfn n\u01b0\u1edbc gi\u1ea3i kh\u00e1t nh\u1edd h\u01b0\u01a1ng th\u01a1m n\u1ed3ng n\u00e0n v\u00e0 \u0111\u1ed9 chua \u0111\u1eb7c tr\u01b0ng. \u0110\u00e2y l\u00e0 lo\u1ea1i c\u00e2y c\u00f3 s\u1ee9c \u0111\u1ec1 kh\u00e1ng c\u1ef1c m\u1ea1nh, d\u1ec5 tr\u1ed3ng v\u00e0 mang l\u1ea1i n\u0103ng su\u1ea5t r\u1ea5t cao cho c\u00e1c nh\u00e0 v\u01b0\u1eddn chuy\u00ean canh cung c\u1ea5p cho nh\u00e0 m\u00e1y.<\/p>\n<p>Trong b\u00e0i vi\u1ebft n\u00e0y, C\u00e2y Gi\u1ed1ng Ph\u00fac An s\u1ebd chia s\u1ebb chi ti\u1ebft v\u1ec1 \u0111\u1eb7c t\u00ednh, n\u0103ng su\u1ea5t th\u1ef1c t\u1ebf v\u00e0 quy tr\u00ecnh k\u1ef9 thu\u1eadt canh t\u00e1c gi\u1ed1ng chanh d\u00e2y v\u00e0ng chua sao cho \u0111\u1ea1t hi\u1ec7u qu\u1ea3 kinh t\u1ebf cao nh\u1ea5t.<\/p>\n<h2>Gi\u1edbi thi\u1ec7u v\u00e0 \u0111\u1eb7c \u0111i\u1ec3m n\u1ed5i b\u1eadt c\u1ee7a gi\u1ed1ng chanh d\u00e2y v\u00e0ng chua<\/h2>\n<p>Chanh d\u00e2y v\u00e0ng chua (t\u00ean khoa h\u1ecdc <em>Passiflora edulis f. flavicarpa<\/em>) c\u00f3 ngu\u1ed3n g\u1ed1c nhi\u1ec7t \u0111\u1edbi, n\u1ed5i ti\u1ebfng v\u1edbi kh\u1ea3 n\u0103ng ch\u1ecbu h\u1ea1n v\u00e0 kh\u00e1ng s\u00e2u b\u1ec7nh v\u01b0\u1ee3t tr\u1ed9i so v\u1edbi c\u00e1c d\u00f2ng chanh d\u00e2y kh\u00e1c.<\/p>\n<h3>\u0110\u1eb7c \u0111i\u1ec3m h\u00ecnh th\u00e1i<\/h3>\n<ul>\n<li>Th\u00e2n v\u00e0 r\u1ec5: Th\u00e2n leo kh\u1ecfe, ph\u00e1t tri\u1ec3n c\u1ef1c nhanh. \u0110\u1eb7c bi\u1ec7t, gi\u1ed1ng n\u00e0y c\u00f3 b\u1ed9 r\u1ec5 \u0103n s\u00e2u v\u00e0 r\u1ed9ng, kh\u1ea3 n\u0103ng kh\u00e1ng tuy\u1ebfn tr\u00f9ng v\u00e0 n\u1ea5m b\u1ec7nh r\u1ea5t t\u1ed1t (ch\u00ednh v\u00ec v\u1eady, h\u1ea1t c\u1ee7a chanh d\u00e2y v\u00e0ng th\u01b0\u1eddng \u0111\u01b0\u1ee3c \u01b0\u01a1m \u0111\u1ec3 l\u00e0m g\u1ed1c gh\u00e9p cho chanh d\u00e2y t\u00edm).<\/li>\n<li>\u0110\u1eb7c \u0111i\u1ec3m tr\u00e1i:\n<ul>\n<li>Tr\u00e1i c\u00f3 k\u00edch th\u01b0\u1edbc l\u1edbn h\u01a1n chanh d\u00e2y t\u00edm, h\u00ecnh b\u1ea7u d\u1ee5c ho\u1eb7c tr\u00f2n \u0111\u1ec1u.<\/li>\n<li>Khi ch\u00edn v\u1ecf chuy\u1ec3n sang m\u00e0u v\u00e0ng t\u01b0\u01a1i r\u1ea5t b\u1eaft m\u1eaft. V\u1ecf tr\u00e1i c\u1ee9ng v\u00e0 d\u00e0y h\u01a1n chanh d\u00e2y t\u00edm, gi\u00fap b\u1ea3o qu\u1ea3n \u0111\u01b0\u1ee3c l\u00e2u v\u00e0 thu\u1eadn ti\u1ec7n cho vi\u1ec7c v\u1eadn chuy\u1ec3n \u0111i xa.<\/li>\n<li>B\u00ean trong ch\u1ee9a nhi\u1ec1u d\u1ecbch qu\u1ea3 (n\u01b0\u1edbc c\u1ed1t) m\u00e0u v\u00e0ng cam.<\/li>\n<\/ul>\n<\/li>\n<li>H\u01b0\u01a1ng v\u1ecb: \u0110\u00fang nh\u01b0 t\u00ean g\u1ecdi, gi\u1ed1ng n\u00e0y c\u00f3 v\u1ecb chua thanh r\u1ea5t r\u00f5 r\u1ec7t (chua h\u01a1n d\u00f2ng t\u00edm), nh\u01b0ng b\u00f9 l\u1ea1i h\u01b0\u01a1ng th\u01a1m c\u1ef1c k\u1ef3 n\u1ed3ng n\u00e0n. R\u1ea5t th\u00edch h\u1ee3p \u0111\u1ec3 pha ch\u1ebf n\u01b0\u1edbc u\u1ed1ng v\u1edbi \u0111\u01b0\u1eddng, l\u00e0m m\u1ee9t, ho\u1eb7c cung c\u1ea5p nguy\u00ean li\u1ec7u cho c\u00e1c nh\u00e0 m\u00e1y s\u1ea3n xu\u1ea5t n\u01b0\u1edbc \u00e9p c\u00f4 \u0111\u1eb7c.<\/li>\n<\/ul>\n<h3>\u0110\u1eb7c t\u00ednh sinh tr\u01b0\u1edfng<\/h3>\n<p>C\u00e2y \u01b0a s\u00e1ng, ch\u1ecbu nhi\u1ec7t t\u1ed1t, th\u00edch nghi r\u1ed9ng v\u1edbi nhi\u1ec1u v\u00f9ng \u0111\u1ea5t t\u1eeb T\u00e2y Nguy\u00ean xu\u1ed1ng \u0110\u00f4ng Nam B\u1ed9. Nh\u1edd s\u1ee9c s\u1ed1ng kh\u1ecfe (&#8220;tr\u00e2u b\u00f2&#8221;), chi ph\u00ed thu\u1ed1c b\u1ea3o v\u1ec7 th\u1ef1c v\u1eadt cho chanh d\u00e2y v\u00e0ng th\u01b0\u1eddng th\u1ea5p h\u01a1n so v\u1edbi tr\u1ed3ng chanh d\u00e2y t\u00edm.<\/p>\n<h2>Chanh d\u00e2y v\u00e0ng chua tr\u1ed3ng bao l\u00e2u c\u00f3 tr\u00e1i?<\/h2>\n<p>C\u0169ng gi\u1ed1ng nh\u01b0 c\u00e1c lo\u1ea1i chanh d\u00e2y kh\u00e1c, \u0111\u00e2y l\u00e0 c\u00e2y tr\u1ed3ng ng\u1eafn ng\u00e0y cho thu nh\u1eadp nhanh:<\/p>\n<ul>\n<li>Th\u1eddi gian sinh tr\u01b0\u1edfng: T\u1eeb khi xu\u1ed1ng gi\u1ed1ng c\u00e2y con, ch\u1ec9 m\u1ea5t kho\u1ea3ng 6 \u2013 8 th\u00e1ng ch\u0103m s\u00f3c l\u00e0 c\u00e2y \u0111\u00e3 ph\u1ee7 gi\u00e0n v\u00e0 b\u1eaft \u0111\u1ea7u cho thu ho\u1ea1ch l\u1ee9a tr\u00e1i \u0111\u1ea7u ti\u00ean.<\/li>\n<li>L\u1ee3i th\u1ebf: Nh\u1edd b\u1ed9 r\u1ec5 kh\u1ecfe, c\u00e2y ph\u00e1t tri\u1ec3n sinh kh\u1ed1i r\u1ea5t l\u1eb9, nhanh ch\u00f3ng che ph\u1ee7 \u0111\u1ea5t v\u00e0 h\u1ea1n ch\u1ebf c\u1ecf d\u1ea1i.<\/li>\n<\/ul>\n<h2>Chu k\u1ef3 ra hoa v\u00e0 thu ho\u1ea1ch<\/h2>\n<ul>\n<li>Ra hoa: C\u00e2y ra hoa quanh n\u0103m t\u1ea1i c\u00e1c v\u00f9ng c\u00f3 kh\u00ed h\u1eadu \u1ea5m \u00e1p v\u00e0 \u0111\u1ee7 n\u01b0\u1edbc t\u01b0\u1edbi. Tuy nhi\u00ean, v\u1ee5 ch\u00ednh th\u01b0\u1eddng r\u01a1i v\u00e0o m\u00f9a m\u01b0a.<\/li>\n<li>Th\u1eddi gian nu\u00f4i tr\u00e1i: T\u1eeb l\u00fac \u0111\u1eadu tr\u00e1i \u0111\u1ebfn khi thu ho\u1ea1ch m\u1ea5t kho\u1ea3ng 70 \u2013 90 ng\u00e0y.<\/li>\n<li>Thu ho\u1ea1ch: Khi v\u1ecf tr\u00e1i chuy\u1ec3n sang m\u00e0u v\u00e0ng kho\u1ea3ng 50% di\u1ec7n t\u00edch tr\u00e1i l\u00e0 c\u00f3 th\u1ec3 thu ho\u1ea1ch. V\u1edbi chanh d\u00e2y v\u00e0ng d\u00f9ng cho ch\u1ebf bi\u1ebfn, vi\u1ec7c thu h\u00e1i \u0111\u1ed3ng lo\u1ea1t s\u1ebd d\u1ec5 d\u00e0ng h\u01a1n.<\/li>\n<\/ul>\n<h2>N\u0103ng su\u1ea5t gi\u1ed1ng chanh d\u00e2y v\u00e0ng chua<\/h2>\n<p>V\u1ec1 n\u0103ng su\u1ea5t, chanh d\u00e2y v\u00e0ng chua th\u01b0\u1eddng v\u01b0\u1ee3t tr\u1ed9i h\u01a1n chanh d\u00e2y t\u00edm nh\u1edd k\u00edch th\u01b0\u1edbc tr\u00e1i l\u1edbn v\u00e0 kh\u1ea3 n\u0103ng \u0111\u1eadu tr\u00e1i sai:<\/p>\n<ul>\n<li>S\u1ea3n l\u01b0\u1ee3ng: M\u1ed9t hecta canh t\u00e1c b\u00e0i b\u1ea3n c\u00f3 th\u1ec3 \u0111\u1ea1t n\u0103ng su\u1ea5t t\u1eeb 40 \u2013 60 t\u1ea5n\/n\u0103m.<\/li>\n<li>\u0110\u1eb7c t\u00ednh: C\u00e2y cho tr\u00e1i li\u00ean t\u1ee5c, c\u00e1c \u0111\u1ee3t tr\u00e1i g\u1ed1i \u0111\u1ea7u nhau n\u00ean nh\u00e0 v\u01b0\u1eddn c\u00f3 ngu\u1ed3n thu nh\u1eadp lai rai quanh n\u0103m.<\/li>\n<li>Tu\u1ed5i th\u1ecd khai th\u00e1c: V\u00f2ng \u0111\u1eddi kinh t\u1ebf c\u1ee7a chanh d\u00e2y v\u00e0ng c\u00f3 th\u1ec3 k\u00e9o d\u00e0i 3 \u2013 4 n\u0103m (l\u00e2u h\u01a1n chanh t\u00edm) nh\u1edd s\u1ee9c \u0111\u1ec1 kh\u00e1ng t\u1ed1t, \u00edt b\u1ecb b\u1ec7nh b\u00e3 tr\u1ea7u hay c\u1ee9ng tr\u00e1i n\u1ebfu ch\u0103m s\u00f3c k\u1ef9.<\/li>\n<\/ul>\n<h2>K\u1ef9 thu\u1eadt tr\u1ed3ng v\u00e0 ch\u0103m s\u00f3c theo h\u01b0\u1edbng b\u1ec1n v\u1eefng<\/h2>\n<p>D\u00f9 l\u00e0 gi\u1ed1ng c\u00e2y kh\u1ecfe, nh\u01b0ng \u0111\u1ec3 tr\u00e1i to, nhi\u1ec1u n\u01b0\u1edbc v\u00e0 b\u00e1n \u0111\u01b0\u1ee3c gi\u00e1, C\u00e2y Gi\u1ed1ng Ph\u00fac An khuy\u00ean b\u00e0 con n\u00ean ch\u00fa tr\u1ecdng kh\u00e2u dinh d\u01b0\u1ee1ng.<\/p>\n<h3>Chu\u1ea9n b\u1ecb \u0111\u1ea5t v\u00e0 l\u00e0m gi\u00e0n<\/h3>\n<ul>\n<li>L\u00e0m gi\u00e0n: C\u1ea7n thi\u1ebft k\u1ebf gi\u00e0n l\u01b0\u1edbi ho\u1eb7c gi\u00e0n ch\u1eef T ch\u1eafc ch\u1eafn v\u00ec kh\u1ed1i l\u01b0\u1ee3ng tr\u00e1i tr\u00ean gi\u00e0n r\u1ea5t l\u1edbn (n\u1eb7ng gi\u00e0n). Chi\u1ec1u cao gi\u00e0n kho\u1ea3ng 1.8m \u2013 2m.<\/li>\n<li>M\u1eadt \u0111\u1ed9: Tr\u1ed3ng th\u01b0a h\u01a1n chanh t\u00edm m\u1ed9t ch\u00fat do c\u00e2y ph\u00e1t tri\u1ec3n r\u1ea5t m\u1ea1nh, kho\u1ea3ng c\u00e1ch 3m x 4m ho\u1eb7c 4m x 4m.<\/li>\n<li>Ch\u1ecdn gi\u1ed1ng: Ch\u1ecdn c\u00e2y con kh\u1ecfe m\u1ea1nh, ng\u1ecdn m\u1eadp, kh\u00f4ng b\u1ecb xo\u0103n l\u00e1.<\/li>\n<\/ul>\n<h3>Quy tr\u00ecnh b\u00f3n ph\u00e2n<\/h3>\n<ul>\n<li>Giai \u0111o\u1ea1n c\u00e2y con: B\u00f3n l\u00f3t ph\u00e2n chu\u1ed3ng \u1ee7 hoai v\u00e0 L\u00e2n nung ch\u1ea3y. T\u01b0\u1edbi \u0111\u1ecbnh k\u1ef3 ph\u00e2n \u0110\u1ea1m c\u00e1 ho\u1eb7c NPK h\u00e0m l\u01b0\u1ee3ng \u0110\u1ea1m cao \u0111\u1ec3 c\u00e2y nhanh leo gi\u00e0n.<\/li>\n<li>Giai \u0111o\u1ea1n nu\u00f4i tr\u00e1i:\n<ul>\n<li>C\u00e2y c\u1ea7n r\u1ea5t nhi\u1ec1u Kali \u0111\u1ec3 t\u0103ng h\u01b0\u01a1ng th\u01a1m v\u00e0 \u0111\u1ed9 ng\u1ecdt (gi\u1ea3m b\u1edbt \u0111\u1ed9 chua g\u1eaft).<\/li>\n<li>B\u00f3n b\u1ed5 sung Canxi Bo \u0111\u1ec3 ch\u1ed1ng r\u1ee5ng b\u00f4ng v\u00e0 n\u1ee9t tr\u00e1i.<\/li>\n<li>L\u01b0u \u00fd: Sau m\u1ed7i \u0111\u1ee3t thu ho\u1ea1ch r\u1ed9, c\u1ea7n b\u00f3n l\u1ea1i ph\u00e2n h\u1eefu c\u01a1 kho\u00e1ng ho\u1eb7c ph\u00e2n chu\u1ed3ng \u0111\u1ec3 c\u00e2y l\u1ea1i s\u1ee9c, tr\u00e1nh t\u00ecnh tr\u1ea1ng c\u00e2y b\u1ecb ki\u1ec7t qu\u1ec7 d\u1eabn \u0111\u1ebfn v\u00e0ng l\u00e1, r\u1ee5ng tr\u00e1i non \u1edf l\u1ee9a sau.<\/li>\n<\/ul>\n<\/li>\n<\/ul>\n<h3>Qu\u1ea3n l\u00fd n\u01b0\u1edbc t\u01b0\u1edbi v\u00e0 s\u00e2u b\u1ec7nh<\/h3>\n<ul>\n<li>T\u1ec9a c\u00e0nh: \u0110\u00e2y l\u00e0 k\u1ef9 thu\u1eadt quan tr\u1ecdng. C\u1ea7n th\u01b0\u1eddng xuy\u00ean t\u1ec9a b\u1ecf c\u00e0nh gi\u00e0, l\u00e1 gi\u00e0 \u0111\u1ec3 \u00e1nh s\u00e1ng chi\u1ebfu v\u00e0o th\u00e2n, gi\u00fap c\u00e2y ra hoa t\u1ed1t h\u01a1n v\u00e0 h\u1ea1n ch\u1ebf n\u1ea5m b\u1ec7nh.<\/li>\n<li>S\u00e2u b\u1ec7nh: Chanh d\u00e2y v\u00e0ng kh\u00e1ng b\u1ec7nh t\u1ed1t, nh\u01b0ng v\u1eabn c\u1ea7n ph\u00f2ng ng\u1eeba ru\u1ed3i v\u00e0ng \u0111\u1ee5c tr\u00e1i v\u00e0 nh\u1ec7n \u0111\u1ecf v\u00e0o m\u00f9a kh\u00f4. N\u00ean d\u00f9ng b\u1eaby d\u1eabn d\u1ee5 ru\u1ed3i v\u00e0ng \u0111\u1ec3 h\u1ea1n ch\u1ebf phun thu\u1ed1c l\u00ean tr\u00e1i.<\/li>\n<\/ul>\n<h2>Mua gi\u1ed1ng chanh d\u00e2y v\u00e0ng chua \u1edf \u0111\u00e2u uy t\u00edn?<\/h2>\n<p>\u0110\u1ec3 c\u00f3 v\u01b0\u1eddn c\u00e2y n\u0103ng su\u1ea5t cao, vi\u1ec7c ch\u1ecdn \u0111\u00fang gi\u1ed1ng chu\u1ea9n ngay t\u1eeb \u0111\u1ea7u l\u00e0 r\u1ea5t quan tr\u1ecdng, tr\u00e1nh t\u00ecnh tr\u1ea1ng mua nh\u1ea7m c\u00e2y th\u1ef1c sinh k\u00e9m ch\u1ea5t l\u01b0\u1ee3ng ho\u1eb7c c\u00e2y b\u1ecb lai t\u1ea1p.<\/p>\n<p>C\u00e2y Gi\u1ed1ng Ph\u00fac An t\u1ef1 h\u00e0o l\u00e0 \u0111\u01a1n v\u1ecb cung c\u1ea5p c\u00e2y gi\u1ed1ng uy t\u00edn, \u0111\u01b0\u1ee3c nhi\u1ec1u b\u00e0 con tin t\u01b0\u1edfng:<\/p>\n<p>Chu\u1ea9n gi\u1ed1ng: C\u00e2y gi\u1ed1ng \u0111\u01b0\u1ee3c gh\u00e9p t\u1eeb nh\u1eefng c\u00e2y m\u1eb9 \u0111\u00fang gi\u1ed1ng, kh\u1ecfe m\u1ea1nh, \u0111\u00e3 \u0111\u01b0\u1ee3c tuy\u1ec3n ch\u1ecdn k\u1ef9 l\u01b0\u1ee1ng. C\u00e2y tr\u1ea3i qua quy tr\u00ecnh nh\u00e2n gi\u1ed1ng, d\u01b0\u1ee1ng c\u00e2y con, x\u1ea3 n\u1eafng ho\u00e0n ch\u1ec9nh. \u0110\u1ebfn tay c\u00f4 b\u00e1c s\u1ebd l\u00e0 t\u1eebng c\u00e2y \u0111\u00e3 c\u1ee9ng c\u00e1p \u0111\u00e3 ra c\u01a1i ch\u1ed3i m\u1edbi.<\/p>\n<p>Qu\u00fd c\u00f4 b\u00e1c c\u00f3 th\u1ec3 li\u00ean h\u1ec7 tr\u1ef1c ti\u1ebfp qua SDT\/ Zalo 0962.888.014 (<a href=\"http:\/\/localhost\/phucan713\/\" target=\"_blank\" rel=\"noopener\">C\u00e2y Gi\u1ed1ng Ph\u00fac An<\/a>) \u0111\u1ec3 ch\u00fang t\u00f4i t\u01b0 v\u1ea5n v\u00e0 b\u00e1o gi\u00e1 c\u1ee5 th\u1ec3. Xin c\u1ea3m \u01a1n qu\u00fd c\u00f4 b\u00e1c \u0111\u00e3 \u0111\u1eb7t ni\u1ec1m tin v\u1edbi nh\u00e0 v\u01b0\u1eddn.<\/p>\n<p>&gt;&gt; M\u1eddi b\u1ea1n \u0111\u1ecdc th\u00eam: <a href=\"https:\/\/nongnghiepmoitruong.vn\/tri-thuc-nong-dan\/cai-thien-chuoi-gia-tri-chanh-day-kinh-nghiem-tu-nafoods-d392274.html\" target=\"_blank\" rel=\"noopener\"><span style=\"color: #000080;\"><em><strong>C\u1ea3i thi\u1ec7n chu\u1ed7i gi\u00e1 tr\u1ecb chanh d\u00e2y: Kinh nghi\u1ec7m t\u1eeb Nafoods<\/strong><\/em><\/span><\/a><\/p>\n<p>&nbsp;<\/p>\n","protected":false},"excerpt":{"rendered":"<p>* Gi\u00e1 tham kh\u1ea3o cho s\u1ed1 l\u01b0\u1ee3ng t\u1eeb 30 c\u00e2y, c\u00f3 th\u1ec3 thay \u0111\u1ed5i theo th\u1eddi \u0111i\u1ec3m<br \/>\n* Ch\u01b0a bao g\u1ed3m ph\u00ed v\u1eadn chuy\u1ec3n (t\u00f9y theo s\u1ed1 l\u01b0\u1ee3ng c\u00e2y v\u00e0 \u0111\u1ecba \u0111i\u1ec3m giao h\u00e0ng)<\/p>\n","protected":false},"featured_media":4177,"comment_status":"open","ping_status":"closed","template":"","meta":[],"product_brand":[],"product_cat":[35,37],"product_tag":[],"class_list":{"0":"post-4176","1":"product","2":"type-product","3":"status-publish","4":"has-post-thumbnail","6":"product_cat-san-pham-giong-cay-an-trai","7":"product_cat-cay-giong-khac","9":"first","10":"instock","11":"shipping-taxable","12":"purchasable","13":"product-type-simple"},"_links":{"self":[{"href":"https:\/\/ktech4.k-tech-services.com\/phucan713\/wp-json\/wp\/v2\/product\/4176","targetHints":{"allow":["GET"]}}],"collection":[{"href":"https:\/\/ktech4.k-tech-services.com\/phucan713\/wp-json\/wp\/v2\/product"}],"about":[{"href":"https:\/\/ktech4.k-tech-services.com\/phucan713\/wp-json\/wp\/v2\/types\/product"}],"replies":[{"embeddable":true,"href":"https:\/\/ktech4.k-tech-services.com\/phucan713\/wp-json\/wp\/v2\/comments?post=4176"}],"wp:featuredmedia":[{"embeddable":true,"href":"https:\/\/ktech4.k-tech-services.com\/phucan713\/wp-json\/wp\/v2\/media\/4177"}],"wp:attachment":[{"href":"https:\/\/ktech4.k-tech-services.com\/phucan713\/wp-json\/wp\/v2\/media?parent=4176"}],"wp:term":[{"taxonomy":"product_brand","embeddable":true,"href":"https:\/\/ktech4.k-tech-services.com\/phucan713\/wp-json\/wp\/v2\/product_brand?post=4176"},{"taxonomy":"product_cat","embeddable":true,"href":"https:\/\/ktech4.k-tech-services.com\/phucan713\/wp-json\/wp\/v2\/product_cat?post=4176"},{"taxonomy":"product_tag","embeddable":true,"href":"https:\/\/ktech4.k-tech-services.com\/phucan713\/wp-json\/wp\/v2\/product_tag?post=4176"}],"curies":[{"name":"wp","href":"https:\/\/api.w.org\/{rel}","templated":true}]}}