{"id":4181,"date":"2025-12-08T20:36:40","date_gmt":"2025-12-08T13:36:40","guid":{"rendered":"https:\/\/caygiongphucan.com\/?post_type=product&amp;p=4181"},"modified":"2025-12-08T20:36:40","modified_gmt":"2025-12-08T13:36:40","slug":"giong-chuoi-hot","status":"publish","type":"product","link":"https:\/\/ktech4.k-tech-services.com\/phucan713\/san-pham\/giong-chuoi-hot\/","title":{"rendered":"Gi\u1ed1ng Chu\u1ed1i H\u1ed9t"},"content":{"rendered":"<p>Kh\u00e1c v\u1edbi c\u00e1c lo\u1ea1i chu\u1ed1i \u0103n tr\u00e1i th\u00f4ng th\u01b0\u1eddng nh\u01b0 chu\u1ed1i xi\u00eam hay chu\u1ed1i gi\u00e0, chu\u1ed1i h\u1ed9t (hay c\u00f2n g\u1ecdi l\u00e0 chu\u1ed1i ch\u00e1t) \u0111\u01b0\u1ee3c bi\u1ebft \u0111\u1ebfn nhi\u1ec1u h\u01a1n nh\u01b0 m\u1ed9t v\u1ecb thu\u1ed1c qu\u00fd trong d\u00e2n gian. V\u1edbi nhu c\u1ea7u s\u1eed d\u1ee5ng l\u00e0m d\u01b0\u1ee3c li\u1ec7u v\u00e0 ng\u00e2m r\u01b0\u1ee3u ng\u00e0y c\u00e0ng t\u0103ng, m\u00f4 h\u00ecnh tr\u1ed3ng chu\u1ed1i h\u1ed9t \u0111ang mang l\u1ea1i thu nh\u1eadp \u1ed5n \u0111\u1ecbnh cho nhi\u1ec1u b\u00e0 con nh\u1edd chi ph\u00ed \u0111\u1ea7u t\u01b0 c\u1ef1c th\u1ea5p.<\/p>\n<p>Trong b\u00e0i vi\u1ebft n\u00e0y, C\u00e2y Gi\u1ed1ng Ph\u00fac An s\u1ebd chia s\u1ebb chi ti\u1ebft v\u1ec1 \u0111\u1eb7c t\u00ednh, c\u00f4ng d\u1ee5ng v\u00e0 quy tr\u00ecnh k\u1ef9 thu\u1eadt canh t\u00e1c gi\u1ed1ng chu\u1ed1i h\u1ed9t \u0111\u1ec3 b\u00e0 con tham kh\u1ea3o t\u1eadn d\u1ee5ng \u0111\u1ea5t v\u01b0\u1eddn.<\/p>\n<h2>Gi\u1edbi thi\u1ec7u v\u00e0 \u0111\u1eb7c \u0111i\u1ec3m n\u1ed5i b\u1eadt c\u1ee7a gi\u1ed1ng chu\u1ed1i h\u1ed9t<\/h2>\n<p>Chu\u1ed1i h\u1ed9t (t\u00ean khoa h\u1ecdc <em>Musa balbisiana<\/em>) l\u00e0 gi\u1ed1ng c\u00e2y m\u1ecdc kh\u1ecfe, th\u01b0\u1eddng th\u1ea5y nhi\u1ec1u \u1edf v\u00f9ng \u0111\u1ed3i n\u00fai ho\u1eb7c c\u00e1c v\u01b0\u1eddn t\u1ea1p.<\/p>\n<h3>\u0110\u1eb7c \u0111i\u1ec3m h\u00ecnh th\u00e1i<\/h3>\n<ul>\n<li>Th\u00e2n v\u00e0 l\u00e1: Th\u00e2n gi\u1ea3 r\u1ea5t to, cao, m\u1eadp m\u1ea1p (c\u00f3 th\u1ec3 cao t\u1edbi 4m). T\u00e0u l\u00e1 r\u1ed9ng, phi\u1ebfn l\u00e1 d\u00e0y, m\u1eb7t d\u01b0\u1edbi c\u00f3 th\u1ec3 c\u00f3 ph\u1ea5n tr\u1eafng. C\u00e2y c\u00f3 s\u1ee9c s\u1ed1ng m\u00e3nh li\u1ec7t, b\u1ed9 r\u1ec5 \u0103n s\u00e2u v\u00e0 b\u00e1m r\u1ea5t ch\u1eafc.<\/li>\n<li>\u0110\u1eb7c \u0111i\u1ec3m tr\u00e1i:\n<ul>\n<li>Bu\u1ed3ng chu\u1ed1i h\u1ed9t th\u01b0\u1eddng r\u1ea5t l\u1edbn, tr\u00e1i to c\u1ea1nh, v\u1ecf d\u00e0y.<\/li>\n<li>Khi ch\u00edn v\u1ecf chuy\u1ec3n m\u00e0u v\u00e0ng, th\u1ecbt tr\u00e1i c\u00f3 m\u00e0u tr\u1eafng ng\u00e0.<\/li>\n<li>\u0110\u1eb7c bi\u1ec7t: B\u00ean trong ru\u1ed9t c\u00f3 r\u1ea5t nhi\u1ec1u h\u1ea1t m\u00e0u \u0111en (n\u00ean m\u1edbi g\u1ecdi l\u00e0 chu\u1ed1i h\u1ed9t).<\/li>\n<\/ul>\n<\/li>\n<li>H\u01b0\u01a1ng v\u1ecb v\u00e0 C\u00f4ng d\u1ee5ng:\n<ul>\n<li>Tr\u00e1i chu\u1ed1i h\u1ed9t ch\u00edn c\u00f3 v\u1ecb ng\u1ecdt nh\u01b0ng ch\u00e1t nh\u1eb9, kh\u00f4ng d\u00f9ng \u0111\u1ec3 \u0103n t\u01b0\u01a1i nh\u01b0 chu\u1ed1i th\u01b0\u1eddng m\u00e0 ch\u1ee7 y\u1ebfu d\u00f9ng \u0111\u1ec3 ng\u00e2m r\u01b0\u1ee3u ho\u1eb7c th\u00e1i l\u00e1t ph\u01a1i kh\u00f4 l\u00e0m thu\u1ed1c tr\u1ecb s\u1ecfi th\u1eadn, \u0111au l\u01b0ng, nh\u1ee9c m\u1ecfi.<\/li>\n<li>Tr\u00e1i non (chu\u1ed1i ch\u00e1t) \u0111\u01b0\u1ee3c d\u00f9ng ph\u1ed5 bi\u1ebfn \u0111\u1ec3 l\u00e0m rau gh\u00e9m \u0103n k\u00e8m c\u00e1c m\u00f3n g\u1ecfi, m\u1eafm kho, l\u1ea9u m\u1eafm \u0111\u1eadm ch\u1ea5t mi\u1ec1n T\u00e2y.<\/li>\n<\/ul>\n<\/li>\n<\/ul>\n<h3>\u0110\u1eb7c t\u00ednh sinh tr\u01b0\u1edfng<\/h3>\n<p>Chu\u1ed1i h\u1ed9t \u0111\u01b0\u1ee3c m\u1ec7nh danh l\u00e0 c\u00e2y &#8220;hoang d\u00e3&#8221;, ch\u1ecbu h\u1ea1n, ch\u1ecbu ng\u1eadp v\u00e0 ch\u1ecbu \u0111\u1ea5t x\u1ea5u t\u1ed1t h\u01a1n h\u1eb3n c\u00e1c lo\u1ea1i chu\u1ed1i kh\u00e1c. C\u00e2y r\u1ea5t \u00edt khi b\u1ecb s\u00e2u b\u1ec7nh, ph\u00f9 h\u1ee3p tr\u1ed3ng \u1edf nh\u1eefng v\u00f9ng \u0111\u1ea5t g\u00f2, \u0111\u1ea5t d\u1ed1c ho\u1eb7c t\u1eadn d\u1ee5ng tr\u1ed3ng ven ranh \u0111\u1ea5t \u0111\u1ec3 gi\u1eef \u0111\u1ea5t.<\/p>\n<h2>Chu\u1ed1i h\u1ed9t tr\u1ed3ng bao l\u00e2u c\u00f3 tr\u00e1i?<\/h2>\n<p>T\u01b0\u01a1ng t\u1ef1 nh\u01b0 c\u00e1c gi\u1ed1ng chu\u1ed1i kh\u00e1c, chu\u1ed1i h\u1ed9t l\u1edbn r\u1ea5t nhanh:<\/p>\n<ul>\n<li>Th\u1eddi gian tr\u1ed5 bu\u1ed3ng: Sau khi tr\u1ed3ng kho\u1ea3ng 8 \u2013 10 th\u00e1ng, c\u00e2y m\u1eb9 s\u1ebd b\u1eaft \u0111\u1ea7u tr\u1ed5 b\u1eafp.<\/li>\n<li>Th\u1eddi gian thu ho\u1ea1ch: T\u1eeb l\u00fac tr\u1ed5 bu\u1ed3ng \u0111\u1ebfn khi tr\u00e1i gi\u00e0 thu ho\u1ea1ch \u0111\u01b0\u1ee3c m\u1ea5t kho\u1ea3ng 3 \u2013 4 th\u00e1ng (l\u00e2u h\u01a1n chu\u1ed1i xi\u00eam m\u1ed9t ch\u00fat do tr\u00e1i to v\u00e0 v\u1ecf d\u00e0y).<\/li>\n<li>T\u1ed5ng c\u1ed9ng: Kho\u1ea3ng 12 th\u00e1ng sau khi tr\u1ed3ng l\u00e0 b\u00e0 con c\u00f3 th\u1ec3 thu ho\u1ea1ch l\u1ee9a \u0111\u1ea7u ti\u00ean.<\/li>\n<\/ul>\n<h2>Chu\u1ed1i h\u1ed9t cho thu ho\u1ea1ch li\u00ean t\u1ee5c nh\u01b0 th\u1ebf n\u00e0o?<\/h2>\n<ul>\n<li>C\u00e2y chu\u1ed1i h\u1ed9t c\u00f3 kh\u1ea3 n\u0103ng &#8220;nh\u1ea3y con&#8221; (\u0111\u1ebb nh\u00e1nh) r\u1ea5t m\u1ea1nh t\u1ea1o th\u00e0nh b\u1ee5i l\u1edbn.<\/li>\n<li>C\u00e1c th\u1ebf h\u1ec7 c\u00e2y m\u1eb9, c\u00e2y con, c\u00e2y ch\u00e1u g\u1ed1i \u0111\u1ea7u nhau c\u00f9ng ph\u00e1t tri\u1ec3n.<\/li>\n<li>Sau khi thu ho\u1ea1ch bu\u1ed3ng \u1edf c\u00e2y m\u1eb9, b\u00e0 con \u0111\u1ed1n b\u1ecf th\u00e2n gi\u00e0, c\u00e2y con b\u00ean c\u1ea1nh s\u1ebd ti\u1ebfp t\u1ee5c l\u1edbn v\u00e0 cho bu\u1ed3ng k\u1ebf ti\u1ebfp. Nh\u1edd \u0111\u00f3, v\u01b0\u1eddn chu\u1ed1i cho thu ho\u1ea1ch lai rai quanh n\u0103m su\u1ed1t th\u00e1ng.<\/li>\n<\/ul>\n<h2>N\u0103ng su\u1ea5t gi\u1ed1ng chu\u1ed1i h\u1ed9t<\/h2>\n<p>N\u1ebfu ch\u0103m s\u00f3c t\u1ed1t, chu\u1ed1i h\u1ed9t cho n\u0103ng su\u1ea5t r\u1ea5t \u1ea5n t\u01b0\u1ee3ng:<\/p>\n<ul>\n<li>K\u00edch th\u01b0\u1edbc bu\u1ed3ng: Bu\u1ed3ng chu\u1ed1i h\u1ed9t th\u01b0\u1eddng r\u1ea5t &#8220;kh\u1ee7ng&#8221;, c\u00f3 th\u1ec3 \u0111\u1ea1t t\u1eeb 10 \u2013 15 n\u1ea3i, n\u1eb7ng t\u1eeb 20 \u2013 30kg.<\/li>\n<li>Gi\u00e1 tr\u1ecb kinh t\u1ebf: Tuy gi\u00e1 b\u00e1n t\u01b0\u01a1i c\u00f3 th\u1ec3 kh\u00f4ng cao b\u1eb1ng chu\u1ed1i tr\u00e1i c\u00e2y, nh\u01b0ng chu\u1ed1i h\u1ed9t l\u1ea1i c\u00f3 \u0111\u1ea7u ra \u0111a d\u1ea1ng: b\u00e1n tr\u00e1i t\u01b0\u01a1i cho qu\u00e1n \u0103n (l\u00e0m rau), b\u00e1n tr\u00e1i ch\u00edn ng\u00e2m r\u01b0\u1ee3u, b\u00e1n chu\u1ed1i h\u1ed9t kh\u00f4 (gi\u00e1 tr\u1ecb cao) v\u00e0 b\u00e1n c\u1ea3 h\u1ea1t chu\u1ed1i.<\/li>\n<li>Tu\u1ed5i th\u1ecd: B\u1ee5i chu\u1ed1i h\u1ed9t r\u1ea5t b\u1ec1n, c\u00f3 th\u1ec3 khai th\u00e1c li\u00ean t\u1ee5c nhi\u1ec1u n\u0103m m\u00e0 kh\u00f4ng c\u1ea7n tr\u1ed3ng l\u1ea1i.<\/li>\n<\/ul>\n<h2>K\u1ef9 thu\u1eadt tr\u1ed3ng v\u00e0 ch\u0103m s\u00f3c theo h\u01b0\u1edbng b\u1ec1n v\u1eefng<\/h2>\n<p>V\u00ec chu\u1ed1i h\u1ed9t th\u01b0\u1eddng d\u00f9ng l\u00e0m d\u01b0\u1ee3c li\u1ec7u (thu\u1ed1c), C\u00e2y Gi\u1ed1ng Ph\u00fac An khuy\u00ean b\u00e0 con n\u00ean canh t\u00e1c ho\u00e0n to\u00e0n theo h\u01b0\u1edbng h\u1eefu c\u01a1, h\u1ea1n ch\u1ebf t\u1ed1i \u0111a thu\u1ed1c h\u00f3a h\u1ecdc \u0111\u1ec3 \u0111\u1ea3m b\u1ea3o d\u01b0\u1ee3c t\u00ednh s\u1ea1ch cho s\u1ea3n ph\u1ea9m.<\/p>\n<h3>Chu\u1ea9n b\u1ecb \u0111\u1ea5t v\u00e0 m\u1eadt \u0111\u1ed9 tr\u1ed3ng<\/h3>\n<ul>\n<li>\u0110\u1ea5t tr\u1ed3ng: Chu\u1ed1i h\u1ed9t kh\u00f4ng k\u00e9n \u0111\u1ea5t, tr\u1ed3ng \u0111\u01b0\u1ee3c \u1edf b\u1edd k\u00eanh, \u0111\u1ea5t g\u00f2 \u0111\u1ed3i, th\u1eadm ch\u00ed \u0111\u1ea5t l\u1eabn \u0111\u00e1.<\/li>\n<li>M\u1eadt \u0111\u1ed9: Do th\u00e2n c\u00e2y to v\u00e0 t\u00e1n l\u00e1 r\u1ed9ng, n\u00ean tr\u1ed3ng th\u01b0a v\u1edbi kho\u1ea3ng c\u00e1ch 3m x 3m ho\u1eb7c 3m x 4m \u0111\u1ec3 c\u00e2y ph\u00e1t tri\u1ec3n bu\u1ed3ng to nh\u1ea5t.<\/li>\n<li>Ch\u1ecdn gi\u1ed1ng: Ch\u1ecdn c\u00e2y con kh\u1ecfe m\u1ea1nh t\u00e1ch t\u1eeb b\u1ee5i m\u1eb9 kh\u00f4ng b\u1ecb b\u1ec7nh, c\u1ee7 to, r\u1ec5 nhi\u1ec1u.<\/li>\n<\/ul>\n<h3>Quy tr\u00ecnh b\u00f3n ph\u00e2n<\/h3>\n<ul>\n<li>B\u00f3n l\u00f3t: D\u00f9ng ph\u00e2n chu\u1ed3ng \u1ee7 hoai (b\u00f2, g\u00e0) v\u00e0 tro b\u1ebfp. Tro b\u1ebfp r\u1ea5t t\u1ed1t cho chu\u1ed1i v\u00ec cung c\u1ea5p Kali t\u1ef1 nhi\u00ean gi\u00fap tr\u00e1i ng\u1ecdt v\u00e0 ch\u1eafc.<\/li>\n<li>Ch\u0103m s\u00f3c: Chu\u1ed1i h\u1ed9t r\u1ea5t ph\u00e0m \u0103n nh\u01b0ng d\u1ec5 t\u00ednh. B\u00e0 con c\u00f3 th\u1ec3 b\u1ed3i b\u00f9n ao, r\u00e1c m\u1ee5c h\u1eefu c\u01a1 v\u00e0o g\u1ed1c \u0111\u1ecbnh k\u1ef3 \u0111\u1ec3 gi\u1eef \u1ea9m v\u00e0 cung c\u1ea5p dinh d\u01b0\u1ee1ng cho c\u00e2y. H\u1ea1n ch\u1ebf d\u00f9ng ph\u00e2n h\u00f3a h\u1ecdc \u0111\u1ec3 gi\u1eef ch\u1ea5t l\u01b0\u1ee3ng &#8220;thu\u1ed1c&#8221; c\u1ee7a chu\u1ed1i.<\/li>\n<\/ul>\n<h3>Qu\u1ea3n l\u00fd n\u01b0\u1edbc t\u01b0\u1edbi v\u00e0 s\u00e2u b\u1ec7nh<\/h3>\n<ul>\n<li>T\u1ec9a c\u00e2y: V\u1ec7 sinh v\u01b0\u1eddn th\u01b0\u1eddng xuy\u00ean, c\u1eaft b\u1ecf l\u00e1 gi\u00e0 kh\u00f4 \u0111\u1ec3 tr\u00e1nh tr\u00fa ng\u1ee5 c\u1ee7a s\u00e2u b\u1ecd. M\u1ed7i b\u1ee5i ch\u1ec9 n\u00ean gi\u1eef 3-4 c\u00e2y \u1edf c\u00e1c \u0111\u1ed9 tu\u1ed5i kh\u00e1c nhau \u0111\u1ec3 t\u1eadp trung nu\u00f4i bu\u1ed3ng.<\/li>\n<li>S\u00e2u b\u1ec7nh: Chu\u1ed1i h\u1ed9t c\u00f3 s\u1ee9c \u0111\u1ec1 kh\u00e1ng c\u1ef1c m\u1ea1nh, r\u1ea5t \u00edt khi b\u1ecb s\u00f9ng \u0111\u1ee5c c\u1ee7 hay v\u00e0ng l\u00e1 Panama nh\u01b0 chu\u1ed1i gi\u00e0 h\u01b0\u01a1ng. \u0110\u00e2y l\u00e0 \u01b0u \u0111i\u1ec3m l\u1edbn gi\u00fap b\u00e0 con ti\u1ebft ki\u1ec7m chi ph\u00ed thu\u1ed1c men.<\/li>\n<\/ul>\n<h2>Mua gi\u1ed1ng chu\u1ed1i h\u1ed9t \u1edf \u0111\u00e2u uy t\u00edn?<\/h2>\n<p>Tuy l\u00e0 gi\u1ed1ng c\u00e2y ph\u1ed5 bi\u1ebfn, nh\u01b0ng \u0111\u1ec3 ch\u1ecdn \u0111\u01b0\u1ee3c gi\u1ed1ng chu\u1ed1i h\u1ed9t tr\u00e1i to, nhi\u1ec1u h\u1ea1t (h\u1ed9t), c\u00e2y gi\u1ed1ng kh\u1ecfe kh\u00f4ng mang m\u1ea7m b\u1ec7nh t\u1eeb \u0111\u1ea5t c\u0169 th\u00ec b\u00e0 con c\u1ea7n t\u00ecm n\u01a1i cung c\u1ea5p uy t\u00edn.<\/p>\n<p>C\u00e2y Gi\u1ed1ng Ph\u00fac An t\u1ef1 h\u00e0o l\u00e0 \u0111\u01a1n v\u1ecb cung c\u1ea5p c\u00e2y gi\u1ed1ng uy t\u00edn, \u0111\u01b0\u1ee3c nhi\u1ec1u b\u00e0 con tin t\u01b0\u1edfng:<\/p>\n<p>Chu\u1ea9n gi\u1ed1ng: C\u00e2y gi\u1ed1ng \u0111\u01b0\u1ee3c t\u00e1ch t\u1eeb nh\u1eefng b\u1ee5i c\u00e2y m\u1eb9 \u0111\u00fang gi\u1ed1ng, kh\u1ecfe m\u1ea1nh, \u0111\u00e3 \u0111\u01b0\u1ee3c tuy\u1ec3n ch\u1ecdn k\u1ef9 l\u01b0\u1ee1ng. C\u00e2y tr\u1ea3i qua quy tr\u00ecnh nh\u00e2n gi\u1ed1ng, d\u01b0\u1ee1ng c\u00e2y con, x\u1ea3 n\u1eafng ho\u00e0n ch\u1ec9nh. \u0110\u1ebfn tay c\u00f4 b\u00e1c s\u1ebd l\u00e0 t\u1eebng c\u00e2y \u0111\u00e3 c\u1ee9ng c\u00e1p \u0111\u00e3 ra c\u01a1i ch\u1ed3i m\u1edbi.<\/p>\n<p>Qu\u00fd c\u00f4 b\u00e1c c\u00f3 th\u1ec3 li\u00ean h\u1ec7 tr\u1ef1c ti\u1ebfp qua SDT\/ Zalo 0962.888.014 (<a href=\"http:\/\/localhost\/phucan713\/\" target=\"_blank\" rel=\"noopener\">C\u00e2y Gi\u1ed1ng Ph\u00fac An<\/a>) \u0111\u1ec3 ch\u00fang t\u00f4i t\u01b0 v\u1ea5n v\u00e0 b\u00e1o gi\u00e1 c\u1ee5 th\u1ec3. Xin c\u1ea3m \u01a1n qu\u00fd c\u00f4 b\u00e1c \u0111\u00e3 \u0111\u1eb7t ni\u1ec1m tin v\u1edbi nh\u00e0 v\u01b0\u1eddn.<\/p>\n<p>&gt;&gt; M\u1eddi b\u1ea1n \u0111\u1ecdc th\u00eam: <a href=\"https:\/\/nongsanmekong.com\/chuoi-hot-duoc-lieu-quy-tiem-nang-kinh-te\" target=\"_blank\" rel=\"noopener\"><span style=\"color: #000080;\"><em><strong>C\u00e2y Chu\u1ed1i H\u1ed9t: T\u1eeb d\u01b0\u1ee3c li\u1ec7u qu\u00fd \u0111\u1ebfn ti\u1ec1m n\u0103ng kinh t\u1ebf<\/strong><\/em><\/span><\/a><\/p>\n","protected":false},"excerpt":{"rendered":"<p>* Gi\u00e1 tham kh\u1ea3o cho s\u1ed1 l\u01b0\u1ee3ng t\u1eeb 30 c\u00e2y, c\u00f3 th\u1ec3 thay \u0111\u1ed5i theo th\u1eddi \u0111i\u1ec3m<br \/>\n* Ch\u01b0a bao g\u1ed3m ph\u00ed v\u1eadn chuy\u1ec3n (t\u00f9y theo s\u1ed1 l\u01b0\u1ee3ng c\u00e2y v\u00e0 \u0111\u1ecba \u0111i\u1ec3m giao h\u00e0ng)<\/p>\n","protected":false},"featured_media":4182,"comment_status":"open","ping_status":"closed","template":"","meta":[],"product_brand":[],"product_cat":[35,37],"product_tag":[],"class_list":{"0":"post-4181","1":"product","2":"type-product","3":"status-publish","4":"has-post-thumbnail","6":"product_cat-san-pham-giong-cay-an-trai","7":"product_cat-cay-giong-khac","9":"first","10":"instock","11":"shipping-taxable","12":"purchasable","13":"product-type-simple"},"_links":{"self":[{"href":"https:\/\/ktech4.k-tech-services.com\/phucan713\/wp-json\/wp\/v2\/product\/4181","targetHints":{"allow":["GET"]}}],"collection":[{"href":"https:\/\/ktech4.k-tech-services.com\/phucan713\/wp-json\/wp\/v2\/product"}],"about":[{"href":"https:\/\/ktech4.k-tech-services.com\/phucan713\/wp-json\/wp\/v2\/types\/product"}],"replies":[{"embeddable":true,"href":"https:\/\/ktech4.k-tech-services.com\/phucan713\/wp-json\/wp\/v2\/comments?post=4181"}],"wp:featuredmedia":[{"embeddable":true,"href":"https:\/\/ktech4.k-tech-services.com\/phucan713\/wp-json\/wp\/v2\/media\/4182"}],"wp:attachment":[{"href":"https:\/\/ktech4.k-tech-services.com\/phucan713\/wp-json\/wp\/v2\/media?parent=4181"}],"wp:term":[{"taxonomy":"product_brand","embeddable":true,"href":"https:\/\/ktech4.k-tech-services.com\/phucan713\/wp-json\/wp\/v2\/product_brand?post=4181"},{"taxonomy":"product_cat","embeddable":true,"href":"https:\/\/ktech4.k-tech-services.com\/phucan713\/wp-json\/wp\/v2\/product_cat?post=4181"},{"taxonomy":"product_tag","embeddable":true,"href":"https:\/\/ktech4.k-tech-services.com\/phucan713\/wp-json\/wp\/v2\/product_tag?post=4181"}],"curies":[{"name":"wp","href":"https:\/\/api.w.org\/{rel}","templated":true}]}}