{"id":4183,"date":"2025-12-08T20:48:43","date_gmt":"2025-12-08T13:48:43","guid":{"rendered":"https:\/\/caygiongphucan.com\/?post_type=product&amp;p=4183"},"modified":"2025-12-08T20:48:43","modified_gmt":"2025-12-08T13:48:43","slug":"giong-coc-thai","status":"publish","type":"product","link":"https:\/\/ktech4.k-tech-services.com\/phucan713\/san-pham\/giong-coc-thai\/","title":{"rendered":"Gi\u1ed1ng C\u00f3c Th\u00e1i"},"content":{"rendered":"<p>Kh\u00e1c v\u1edbi gi\u1ed1ng c\u00f3c ta truy\u1ec1n th\u1ed1ng c\u00e2y cao, tr\u00e1i c\u00f3 x\u01a1 v\u00e0 ch\u1ec9 ra theo m\u00f9a, C\u00f3c Th\u00e1i \u0111\u00e3 v\u00e0 \u0111ang chi\u1ebfm l\u0129nh th\u1ecb tr\u01b0\u1eddng nh\u1edd \u01b0u \u0111i\u1ec3m c\u00e2y l\u00f9n, d\u1ec5 h\u00e1i, h\u1ea1t l\u00e9p v\u00e0 cho tr\u00e1i li\u00ean t\u1ee5c quanh n\u0103m. \u0110\u00e2y l\u00e0 gi\u1ed1ng c\u00e2y &#8220;si\u00eau kinh t\u1ebf&#8221;, v\u1eeba b\u00e1n tr\u00e1i t\u01b0\u01a1i ch\u1ea1y h\u00e0ng, v\u1eeba c\u00f3 th\u1ec3 b\u00e1n c\u00e2y ki\u1ec3ng tr\u1ed3ng ch\u1eadu r\u1ea5t \u0111\u01b0\u1ee3c \u01b0a chu\u1ed9ng.<\/p>\n<p>Trong b\u00e0i vi\u1ebft n\u00e0y, C\u00e2y Gi\u1ed1ng Ph\u00fac An s\u1ebd chia s\u1ebb chi ti\u1ebft v\u1ec1 \u0111\u1eb7c t\u00ednh, n\u0103ng su\u1ea5t th\u1ef1c t\u1ebf v\u00e0 quy tr\u00ecnh k\u1ef9 thu\u1eadt canh t\u00e1c gi\u1ed1ng c\u00f3c th\u00e1i sao cho c\u00e2y b\u1ec1n, tr\u00e1i sai v\u00e0 gi\u00f2n ng\u1ecdt.<\/p>\n<h2>Gi\u1edbi thi\u1ec7u v\u00e0 \u0111\u1eb7c \u0111i\u1ec3m n\u1ed5i b\u1eadt c\u1ee7a gi\u1ed1ng c\u00f3c th\u00e1i<\/h2>\n<p>C\u00f3c Th\u00e1i l\u00e0 gi\u1ed1ng c\u00e2y \u0103n tr\u00e1i nhi\u1ec7t \u0111\u1edbi, n\u1ed5i ti\u1ebfng v\u1edbi kh\u1ea3 n\u0103ng th\u00edch nghi r\u1ed9ng v\u00e0 t\u1ed1c \u0111\u1ed9 sinh tr\u01b0\u1edfng &#8220;th\u1ea7n t\u1ed1c&#8221;.<\/p>\n<h3>\u0110\u1eb7c \u0111i\u1ec3m h\u00ecnh th\u00e1i<\/h3>\n<ul>\n<li>Th\u00e2n v\u00e0 t\u00e1n c\u00e2y: C\u00f3c Th\u00e1i thu\u1ed9c d\u00f2ng th\u00e2n g\u1ed7 nh\u01b0ng th\u1ea5p l\u00f9n (d\u1ea1ng b\u1ee5i). C\u00e2y ph\u00e2n c\u00e0nh nhi\u1ec1u, t\u00e1n x\u00f2e r\u1ed9ng nh\u01b0ng chi\u1ec1u cao ch\u1ec9 kho\u1ea3ng 1.5m \u2013 2m n\u00ean r\u1ea5t thu\u1eadn ti\u1ec7n cho vi\u1ec7c ch\u0103m s\u00f3c v\u00e0 thu h\u00e1i m\u00e0 kh\u00f4ng c\u1ea7n leo tr\u00e8o.<\/li>\n<li>\u0110\u1eb7c \u0111i\u1ec3m tr\u00e1i:\n<ul>\n<li>Tr\u00e1i m\u1ecdc th\u00e0nh t\u1eebng ch\u00f9m l\u1edbn (m\u1ed7i ch\u00f9m c\u00f3 th\u1ec3 t\u1eeb 5-10 tr\u00e1i tr\u1edf l\u00ean).<\/li>\n<li>K\u00edch th\u01b0\u1edbc tr\u00e1i nh\u1ecf h\u01a1n c\u00f3c ta, da m\u00e0u xanh l\u1ee5c, m\u1ecfng v\u00e0 b\u00f3ng.<\/li>\n<li>\u01afu \u0111i\u1ec3m l\u1edbn nh\u1ea5t: Tr\u00e1i C\u00f3c Th\u00e1i c\u00f3 h\u1ea1t r\u1ea5t nh\u1ecf (h\u1ea1t l\u00e9p) ho\u1eb7c g\u1ea7n nh\u01b0 kh\u00f4ng h\u1ea1t khi c\u00f2n non. Th\u1ecbt tr\u00e1i m\u00e0u tr\u1eafng xanh, \u0103n r\u1ea5t gi\u00f2n, v\u1ecb chua ng\u1ecdt h\u00e0i h\u00f2a, th\u01a1m nh\u1eb9. \u0110\u1eb7c bi\u1ec7t l\u00e0 kh\u00f4ng c\u00f3 x\u01a1 gi\u00e0 c\u1ee9ng nh\u01b0 c\u00f3c ta.<\/li>\n<\/ul>\n<\/li>\n<li>S\u1eed d\u1ee5ng: C\u00f3c Th\u00e1i c\u00f3 th\u1ec3 \u0103n c\u1ea3 v\u1ecf, ch\u1ea5m mu\u1ed1i \u1edbt, l\u00e0m g\u1ecfi, ng\u00e2m chua ng\u1ecdt ho\u1eb7c l\u00e0m m\u00f3n &#8220;c\u00f3c l\u1eafc&#8221; \u0111\u01b0\u1eddng ph\u1ed1 r\u1ea5t \u0111\u1eaft h\u00e0ng.<\/li>\n<\/ul>\n<h3>\u0110\u1eb7c t\u00ednh sinh tr\u01b0\u1edfng<\/h3>\n<p>C\u00e2y \u01b0a n\u1eafng, ch\u1ecbu \u0111\u01b0\u1ee3c h\u1ea1n v\u00e0 kh\u00f4ng k\u00e9n \u0111\u1ea5t. C\u00f3c Th\u00e1i c\u00f3 th\u1ec3 tr\u1ed3ng t\u1ed1t ngo\u00e0i v\u01b0\u1eddn ho\u1eb7c tr\u1ed3ng trong ch\u1eadu, th\u00f9ng x\u1ed1p tr\u00ean s\u00e2n th\u01b0\u1ee3ng \u0111\u1ec1u cho tr\u00e1i r\u1ea5t sai.<\/p>\n<h2>C\u00f3c th\u00e1i tr\u1ed3ng bao l\u00e2u c\u00f3 tr\u00e1i?<\/h2>\n<p>\u0110\u00e2y l\u00e0 m\u1ed9t trong nh\u1eefng lo\u1ea1i c\u00e2y \u0103n tr\u00e1i cho thu ho\u1ea1ch s\u1edbm nh\u1ea5t hi\u1ec7n nay:<\/p>\n<ul>\n<li>Th\u1eddi gian cho tr\u00e1i: K\u1ec3 t\u1eeb khi tr\u1ed3ng c\u00e2y con, ch\u1ec9 m\u1ea5t kho\u1ea3ng 5 \u2013 6 th\u00e1ng ch\u0103m s\u00f3c l\u00e0 c\u00e2y \u0111\u00e3 b\u1eaft \u0111\u1ea7u ra hoa v\u00e0 \u0111\u1eadu nh\u1eefng ch\u00f9m tr\u00e1i \u0111\u1ea7u ti\u00ean.<\/li>\n<li>L\u1ee3i th\u1ebf: Nh\u1edd th\u00e2n l\u00f9n v\u00e0 nhanh ra tr\u00e1i, b\u00e0 con c\u00f3 th\u1ec3 tr\u1ed3ng xen canh \u0111\u1ec3 l\u1ea5y ng\u1eafn nu\u00f4i d\u00e0i ho\u1eb7c tr\u1ed3ng ch\u1eadu b\u00e1n l\u00e0m c\u00e2y ki\u1ec3ng \u0111\u1ec1u r\u1ea5t hi\u1ec7u qu\u1ea3.<\/li>\n<\/ul>\n<h2>Chu k\u1ef3 ra hoa v\u00e0 thu ho\u1ea1ch<\/h2>\n<ul>\n<li>M\u00f9a v\u1ee5: C\u00f3c Th\u00e1i l\u00e0 gi\u1ed1ng c\u00e2y t\u1ee9 qu\u00fd, t\u1ee9c l\u00e0 ra hoa \u0111\u1eadu tr\u00e1i quanh n\u0103m li\u00ean t\u1ee5c, kh\u00f4ng ph\u1ee5 thu\u1ed9c v\u00e0o m\u00f9a v\u1ee5.<\/li>\n<li>\u0110\u1eb7c \u0111i\u1ec3m: Tr\u00ean c\u00f9ng m\u1ed9t c\u00e2y th\u01b0\u1eddng c\u00f3 \u0111\u1ee7 c\u00e1c th\u1ebf h\u1ec7: hoa, tr\u00e1i non, tr\u00e1i gi\u00e0 v\u00e0 tr\u00e1i ch\u00edn. B\u00e0 con c\u00f3 th\u1ec3 thu ho\u1ea1ch lai rai m\u1ed7i ng\u00e0y ho\u1eb7c m\u1ed7i tu\u1ea7n, t\u1ea1o ngu\u1ed3n thu nh\u1eadp th\u01b0\u1eddng xuy\u00ean (&#8220;ti\u1ec1n ch\u1ee3&#8221; h\u00e0ng ng\u00e0y).<\/li>\n<\/ul>\n<h2>N\u0103ng su\u1ea5t gi\u1ed1ng c\u00f3c th\u00e1i<\/h2>\n<p>D\u00f9 c\u00e2y nh\u1ecf nh\u01b0ng n\u0103ng su\u1ea5t c\u1ee7a C\u00f3c Th\u00e1i l\u1ea1i r\u1ea5t \u0111\u00e1ng n\u1ec3:<\/p>\n<ul>\n<li>S\u1ea3n l\u01b0\u1ee3ng: M\u1ed9t c\u00e2y tr\u01b0\u1edfng th\u00e0nh tr\u1ed3ng ngo\u00e0i \u0111\u1ea5t, ch\u0103m s\u00f3c t\u1ed1t c\u00f3 th\u1ec3 cho thu ho\u1ea1ch t\u1eeb 30 \u2013 50kg tr\u00e1i\/n\u0103m.<\/li>\n<li>\u0110\u1ed9 sai tr\u00e1i: C\u00f3c Th\u00e1i ra hoa r\u1ea5t m\u1ea1nh, t\u1ef7 l\u1ec7 \u0111\u1eadu tr\u00e1i cao. V\u00e0o nh\u1eefng \u0111\u1ee3t r\u1ed9, tr\u00e1i \u0111\u00f3ng ch\u00f9m chi ch\u00edt c\u00f3 th\u1ec3 l\u00e0m g\u00e3y nh\u00e1nh n\u1ebfu kh\u00f4ng \u0111\u01b0\u1ee3c ch\u1ed1ng \u0111\u1ee1.<\/li>\n<li>Tu\u1ed5i th\u1ecd: C\u00e2y c\u00f3 th\u1ec3 khai th\u00e1c kinh t\u1ebf hi\u1ec7u qu\u1ea3 trong 3 \u2013 5 n\u0103m. Sau \u0111\u00f3 c\u00f3 th\u1ec3 \u0111\u1ed1n tr\u1ebb h\u00f3a ho\u1eb7c tr\u1ed3ng m\u1edbi \u0111\u1ec3 duy tr\u00ec n\u0103ng su\u1ea5t cao.<\/li>\n<\/ul>\n<h2>K\u1ef9 thu\u1eadt tr\u1ed3ng v\u00e0 ch\u0103m s\u00f3c theo h\u01b0\u1edbng b\u1ec1n v\u1eefng<\/h2>\n<p>C\u00f3c Th\u00e1i r\u1ea5t d\u1ec5 tr\u1ed3ng, \u00edt s\u00e2u b\u1ec7nh, nh\u01b0ng \u0111\u1ec3 tr\u00e1i to, b\u00f3ng \u0111\u1eb9p v\u00e0 c\u00e2y kh\u00f4ng b\u1ecb suy ki\u1ec7t do ra tr\u00e1i qu\u00e1 nhi\u1ec1u, C\u00e2y Gi\u1ed1ng Ph\u00fac An l\u01b0u \u00fd b\u00e0 con m\u1ed9t s\u1ed1 \u0111i\u1ec3m sau:<\/p>\n<h3>Chu\u1ea9n b\u1ecb \u0111\u1ea5t v\u00e0 m\u1eadt \u0111\u1ed9 tr\u1ed3ng<\/h3>\n<ul>\n<li>\u0110\u1ea5t tr\u1ed3ng: C\u00e2y th\u00edch h\u1ee3p v\u1edbi \u0111\u1ea5t t\u01a1i x\u1ed1p, tho\u00e1t n\u01b0\u1edbc t\u1ed1t. N\u1ebfu tr\u1ed3ng ch\u1eadu, c\u1ea7n tr\u1ed9n \u0111\u1ea5t v\u1edbi ph\u00e2n b\u00f2 hoai, tr\u1ea5u hun v\u00e0 x\u01a1 d\u1eeba.<\/li>\n<li>M\u1eadt \u0111\u1ed9:\n<ul>\n<li>Tr\u1ed3ng v\u01b0\u1eddn: Kho\u1ea3ng c\u00e1ch 3m x 3m.<\/li>\n<li>Tr\u1ed3ng ch\u1eadu: Ch\u1ecdn ch\u1eadu c\u00f3 \u0111\u01b0\u1eddng k\u00ednh t\u1eeb 40cm tr\u1edf l\u00ean.<\/li>\n<\/ul>\n<\/li>\n<\/ul>\n<h3>Quy tr\u00ecnh b\u00f3n ph\u00e2n<\/h3>\n<ul>\n<li>Nguy\u00ean t\u1eafc: V\u00ec c\u00e2y ra tr\u00e1i li\u00ean t\u1ee5c n\u00ean c\u00e2y r\u1ea5t mau \u0111\u00f3i. C\u1ea7n chia nh\u1ecf l\u01b0\u1ee3ng ph\u00e2n v\u00e0 b\u00f3n th\u01b0\u1eddng xuy\u00ean (15-20 ng\u00e0y\/l\u1ea7n).<\/li>\n<li>Lo\u1ea1i ph\u00e2n:\n<ul>\n<li>H\u1eefu c\u01a1 (Ch\u1ee7 l\u1ef1c): B\u00f3n ph\u00e2n tr\u00f9n qu\u1ebf, ph\u00e2n b\u00f2 \u1ee7 hoai ho\u1eb7c ph\u00e2n h\u1eefu c\u01a1 vi\u00ean n\u00e9n \u0111\u1ec3 nu\u00f4i \u0111\u1ea5t, gi\u00fap b\u1ed9 r\u1ec5 kh\u1ecfe v\u00e0 tr\u00e1i c\u00f3 v\u1ecb ng\u1ecdt thanh.<\/li>\n<li>H\u00f3a h\u1ecdc (B\u1ed5 sung): D\u00f9ng NPK 20-20-15 ho\u1eb7c NPK c\u00f3 Kali cao b\u00f3n d\u1eb7m th\u00eam \u0111\u1ec3 gi\u00fap tr\u00e1i l\u1edbn nhanh, b\u00f3ng v\u1ecf.<\/li>\n<\/ul>\n<\/li>\n<\/ul>\n<h3>Qu\u1ea3n l\u00fd n\u01b0\u1edbc t\u01b0\u1edbi v\u00e0 s\u00e2u b\u1ec7nh<\/h3>\n<ul>\n<li>T\u1ec9a c\u00e0nh: Do c\u00e2y ra tr\u00e1i ch\u00f9m li\u00ean t\u1ee5c, sau m\u1ed7i \u0111\u1ee3t thu ho\u1ea1ch c\u1ea7n c\u1eaft b\u1ecf b\u1edbt c\u00e0nh gi\u00e0, c\u00e0nh t\u0103m \u0111\u1ec3 c\u00e2y d\u1ed3n s\u1ee9c ra ch\u1ed3i m\u1edbi (c\u00f3c th\u00e1i ra hoa \u1edf \u0111\u1ea7u ng\u1ecdn m\u1edbi).<\/li>\n<li>S\u00e2u b\u1ec7nh: C\u00f3c Th\u00e1i th\u01b0\u1eddng b\u1ecb r\u1ea7y m\u1ec1m, r\u1ec7p s\u00e1p t\u1ea5n c\u00f4ng \u1edf \u0111\u1ecdt non v\u00e0 tr\u00e1i. B\u00e0 con n\u00ean ki\u1ec3m tra th\u01b0\u1eddng xuy\u00ean, x\u1ecbt r\u1eeda b\u1eb1ng v\u00f2i n\u01b0\u1edbc m\u1ea1nh ho\u1eb7c d\u00f9ng ch\u1ebf ph\u1ea9m sinh h\u1ecdc, d\u1ea7u kho\u00e1ng \u0111\u1ec3 ph\u00f2ng tr\u1ecb. H\u1ea1n ch\u1ebf d\u00f9ng thu\u1ed1c h\u00f3a h\u1ecdc v\u00ec \u0111\u00e2y l\u00e0 lo\u1ea1i tr\u00e1i th\u01b0\u1eddng \u0103n c\u1ea3 v\u1ecf.<\/li>\n<\/ul>\n<h2>Mua gi\u1ed1ng c\u00f3c th\u00e1i \u1edf \u0111\u00e2u uy t\u00edn?<\/h2>\n<p>C\u00f3c Th\u00e1i r\u1ea5t d\u1ec5 nh\u1ea7m l\u1eabn v\u1edbi c\u00f3c ta khi c\u00e2y c\u00f2n nh\u1ecf. \u0110\u1ec3 \u0111\u1ea3m b\u1ea3o mua \u0111\u00fang gi\u1ed1ng C\u00f3c Th\u00e1i chu\u1ea9n (th\u00e2n l\u00f9n, tr\u00e1i ch\u00f9m, h\u1ea1t l\u00e9p), b\u00e0 con c\u1ea7n t\u00ecm \u0111\u1ebfn c\u00e1c nh\u00e0 v\u01b0\u1eddn uy t\u00edn.<\/p>\n<p>C\u00e2y Gi\u1ed1ng Ph\u00fac An t\u1ef1 h\u00e0o l\u00e0 \u0111\u01a1n v\u1ecb cung c\u1ea5p c\u00e2y gi\u1ed1ng uy t\u00edn, \u0111\u01b0\u1ee3c nhi\u1ec1u b\u00e0 con tin t\u01b0\u1edfng:<\/p>\n<p>Chu\u1ea9n gi\u1ed1ng: C\u00e2y gi\u1ed1ng \u0111\u01b0\u1ee3c gh\u00e9p t\u1eeb nh\u1eefng c\u00e2y m\u1eb9 \u0111\u00fang gi\u1ed1ng, kh\u1ecfe m\u1ea1nh, \u0111\u00e3 \u0111\u01b0\u1ee3c tuy\u1ec3n ch\u1ecdn k\u1ef9 l\u01b0\u1ee1ng. C\u00e2y tr\u1ea3i qua quy tr\u00ecnh nh\u00e2n gi\u1ed1ng, d\u01b0\u1ee1ng c\u00e2y con, x\u1ea3 n\u1eafng ho\u00e0n ch\u1ec9nh. \u0110\u1ebfn tay c\u00f4 b\u00e1c s\u1ebd l\u00e0 t\u1eebng c\u00e2y \u0111\u00e3 c\u1ee9ng c\u00e1p \u0111\u00e3 ra c\u01a1i ch\u1ed3i m\u1edbi.<\/p>\n<p>Qu\u00fd c\u00f4 b\u00e1c c\u00f3 th\u1ec3 li\u00ean h\u1ec7 tr\u1ef1c ti\u1ebfp qua SDT\/ Zalo 0962.888.014 (<a href=\"http:\/\/localhost\/phucan713\/\" target=\"_blank\" rel=\"noopener\">C\u00e2y Gi\u1ed1ng Ph\u00fac An<\/a>) \u0111\u1ec3 ch\u00fang t\u00f4i t\u01b0 v\u1ea5n v\u00e0 b\u00e1o gi\u00e1 c\u1ee5 th\u1ec3. Xin c\u1ea3m \u01a1n qu\u00fd c\u00f4 b\u00e1c \u0111\u00e3 \u0111\u1eb7t ni\u1ec1m tin v\u1edbi nh\u00e0 v\u01b0\u1eddn.<\/p>\n<p>&gt;&gt; M\u1eddi b\u1ea1n \u0111\u1ecdc th\u00eam: <a href=\"https:\/\/baovinhlong.com.vn\/kinh-te\/nong-nghiep\/202410\/trong-coc-thai-xen-vuon-cay-an-trai-cho-thu-nhap-kha-8ba700b\" target=\"_blank\" rel=\"noopener\"><span style=\"color: #000080;\"><em><strong>Tr\u1ed3ng c\u00f3c Th\u00e1i xen v\u01b0\u1eddn c\u00e2y \u0103n tr\u00e1i cho thu nh\u1eadp kh\u00e1<\/strong><\/em><\/span><\/a><\/p>\n","protected":false},"excerpt":{"rendered":"<p>* Gi\u00e1 tham kh\u1ea3o cho s\u1ed1 l\u01b0\u1ee3ng t\u1eeb 30 c\u00e2y, c\u00f3 th\u1ec3 thay \u0111\u1ed5i theo th\u1eddi \u0111i\u1ec3m<br \/>\n* Ch\u01b0a bao g\u1ed3m ph\u00ed v\u1eadn chuy\u1ec3n (t\u00f9y theo s\u1ed1 l\u01b0\u1ee3ng c\u00e2y v\u00e0 \u0111\u1ecba \u0111i\u1ec3m giao h\u00e0ng)<\/p>\n","protected":false},"featured_media":4184,"comment_status":"open","ping_status":"closed","template":"","meta":[],"product_brand":[],"product_cat":[35,37],"product_tag":[],"class_list":{"0":"post-4183","1":"product","2":"type-product","3":"status-publish","4":"has-post-thumbnail","6":"product_cat-san-pham-giong-cay-an-trai","7":"product_cat-cay-giong-khac","9":"first","10":"instock","11":"shipping-taxable","12":"purchasable","13":"product-type-simple"},"_links":{"self":[{"href":"https:\/\/ktech4.k-tech-services.com\/phucan713\/wp-json\/wp\/v2\/product\/4183","targetHints":{"allow":["GET"]}}],"collection":[{"href":"https:\/\/ktech4.k-tech-services.com\/phucan713\/wp-json\/wp\/v2\/product"}],"about":[{"href":"https:\/\/ktech4.k-tech-services.com\/phucan713\/wp-json\/wp\/v2\/types\/product"}],"replies":[{"embeddable":true,"href":"https:\/\/ktech4.k-tech-services.com\/phucan713\/wp-json\/wp\/v2\/comments?post=4183"}],"wp:featuredmedia":[{"embeddable":true,"href":"https:\/\/ktech4.k-tech-services.com\/phucan713\/wp-json\/wp\/v2\/media\/4184"}],"wp:attachment":[{"href":"https:\/\/ktech4.k-tech-services.com\/phucan713\/wp-json\/wp\/v2\/media?parent=4183"}],"wp:term":[{"taxonomy":"product_brand","embeddable":true,"href":"https:\/\/ktech4.k-tech-services.com\/phucan713\/wp-json\/wp\/v2\/product_brand?post=4183"},{"taxonomy":"product_cat","embeddable":true,"href":"https:\/\/ktech4.k-tech-services.com\/phucan713\/wp-json\/wp\/v2\/product_cat?post=4183"},{"taxonomy":"product_tag","embeddable":true,"href":"https:\/\/ktech4.k-tech-services.com\/phucan713\/wp-json\/wp\/v2\/product_tag?post=4183"}],"curies":[{"name":"wp","href":"https:\/\/api.w.org\/{rel}","templated":true}]}}