{"id":4185,"date":"2025-12-08T21:00:27","date_gmt":"2025-12-08T14:00:27","guid":{"rendered":"https:\/\/caygiongphucan.com\/?post_type=product&amp;p=4185"},"modified":"2025-12-08T21:00:27","modified_gmt":"2025-12-08T14:00:27","slug":"giong-dua-xiem-xanh","status":"publish","type":"product","link":"https:\/\/ktech4.k-tech-services.com\/phucan713\/san-pham\/giong-dua-xiem-xanh\/","title":{"rendered":"Gi\u1ed1ng D\u1eeba Xi\u00eam Xanh"},"content":{"rendered":"<p>Trong c\u00e1c lo\u1ea1i d\u1eeba u\u1ed1ng n\u01b0\u1edbc hi\u1ec7n nay, D\u1eeba Xi\u00eam Xanh (\u0111\u1eb7c bi\u1ec7t l\u00e0 d\u00f2ng Xi\u00eam Xanh L\u00f9n) lu\u00f4n gi\u1eef v\u1ecb tr\u00ed &#8220;vua&#8221; tr\u00ean th\u1ecb tr\u01b0\u1eddng nh\u1edd v\u1ecb n\u01b0\u1edbc ng\u1ecdt thanh, v\u1ecf m\u1ecfng v\u00e0 n\u0103ng su\u1ea5t c\u1ef1c cao. \u0110\u00e2y l\u00e0 m\u00f4 h\u00ecnh kinh t\u1ebf &#8220;\u0103n ch\u1eafc m\u1eb7c b\u1ec1n&#8221;, gi\u00fap nhi\u1ec1u h\u1ed9 n\u00f4ng d\u00e2n t\u1ea1i B\u1ebfn Tre v\u00e0 \u0110BSCL l\u00e0m gi\u00e0u b\u1ec1n v\u1eefng.<\/p>\n<p>Trong b\u00e0i vi\u1ebft n\u00e0y, C\u00e2y Gi\u1ed1ng Ph\u00fac An s\u1ebd chia s\u1ebb chi ti\u1ebft v\u1ec1 \u0111\u1eb7c t\u00ednh, n\u0103ng su\u1ea5t th\u1ef1c t\u1ebf v\u00e0 quy tr\u00ecnh k\u1ef9 thu\u1eadt canh t\u00e1c gi\u1ed1ng d\u1eeba xi\u00eam xanh \u0111\u1ec3 b\u00e0 con tham kh\u1ea3o \u0111\u1ea7u t\u01b0.<\/p>\n<h2>Gi\u1edbi thi\u1ec7u v\u00e0 \u0111\u1eb7c \u0111i\u1ec3m n\u1ed5i b\u1eadt c\u1ee7a gi\u1ed1ng d\u1eeba xi\u00eam xanh<\/h2>\n<p>D\u1eeba xi\u00eam xanh thu\u1ed9c nh\u00f3m d\u1eeba u\u1ed1ng n\u01b0\u1edbc, r\u1ea5t ph\u1ed5 bi\u1ebfn t\u1ea1i Vi\u1ec7t Nam. Hi\u1ec7n nay, b\u00e0 con th\u01b0\u1eddng \u01b0u ti\u00ean tr\u1ed3ng gi\u1ed1ng D\u1eeba Xi\u00eam Xanh L\u00f9n \u0111\u1ec3 d\u1ec5 thu ho\u1ea1ch v\u00e0 cho tr\u00e1i s\u1edbm h\u01a1n d\u00f2ng d\u1eeba cao truy\u1ec1n th\u1ed1ng.<\/p>\n<h3>\u0110\u1eb7c \u0111i\u1ec3m h\u00ecnh th\u00e1i<\/h3>\n<ul>\n<li>Th\u00e2n v\u00e0 t\u00e1n c\u00e2y:\n<ul>\n<li>Th\u00e2n c\u00e2y c\u00f3 c\u00e1c s\u1eb9o l\u00e1 x\u1ebfp kh\u00edt nhau.<\/li>\n<li>\u0110i\u1ec3m n\u1ed5i b\u1eadt nh\u1ea5t l\u00e0 c\u00e2y th\u1ea5p l\u00f9n. C\u00e2y tr\u01b0\u1edfng th\u00e0nh g\u1ed1c to, th\u00e2n ch\u1eafc kh\u1ecfe. Chi\u1ec1u cao khai th\u00e1c r\u1ea5t l\u00fd t\u01b0\u1edfng, nhi\u1ec1u khi c\u00e2y cho tr\u00e1i s\u00e1t m\u1eb7t \u0111\u1ea5t, ng\u01b0\u1eddi h\u00e1i kh\u00f4ng c\u1ea7n leo tr\u00e8o nguy hi\u1ec3m.<\/li>\n<\/ul>\n<\/li>\n<li>\u0110\u1eb7c \u0111i\u1ec3m tr\u00e1i:\n<ul>\n<li>Tr\u00e1i c\u00f3 m\u00e0u xanh l\u1ee5c t\u01b0\u01a1i. V\u1ecf tr\u00e1i r\u1ea5t m\u1ecfng (d\u1ec5 g\u1ecdt), g\u00e1o d\u1eeba to n\u00ean l\u01b0\u1ee3ng n\u01b0\u1edbc b\u00ean trong nhi\u1ec1u (kho\u1ea3ng 250 \u2013 350ml\/tr\u00e1i).<\/li>\n<li>Bu\u1ed3ng d\u1eeba ph\u00e2n b\u1ed1 \u0111\u1ec1u, tr\u00e1i \u0111\u00f3ng kh\u00edt nhau, nh\u00ecn r\u1ea5t \u0111\u1eb9p m\u1eaft.<\/li>\n<\/ul>\n<\/li>\n<li>H\u01b0\u01a1ng v\u1ecb: N\u01b0\u1edbc d\u1eeba xi\u00eam xanh c\u00f3 v\u1ecb ng\u1ecdt thanh \u0111\u1eb7c tr\u01b0ng (\u0111\u1ed9 \u0111\u01b0\u1eddng kho\u1ea3ng 7-8%), u\u1ed1ng r\u1ea5t m\u00e1t v\u00e0 t\u1ed1t cho s\u1ee9c kh\u1ecfe. \u0110\u00e2y l\u00e0 ti\u00eau chu\u1ea9n v\u00e0ng c\u1ee7a d\u1eeba u\u1ed1ng n\u01b0\u1edbc xu\u1ea5t kh\u1ea9u.<\/li>\n<\/ul>\n<h3>\u0110\u1eb7c t\u00ednh sinh tr\u01b0\u1edfng<\/h3>\n<p>C\u00e2y th\u00edch nghi t\u1ed1t v\u1edbi v\u00f9ng \u0111\u1ea5t th\u1ecbt, \u0111\u1ea5t ph\u00f9 sa v\u00e0 ch\u1ecbu \u0111\u01b0\u1ee3c \u0111\u1ed9 ph\u00e8n, m\u1eb7n nh\u1eb9 (d\u01b0\u1edbi 0.5%). D\u1eeba xi\u00eam xanh c\u00f3 b\u1ed9 r\u1ec5 ph\u00e1t tri\u1ec3n m\u1ea1nh, gi\u00fap b\u00e1m \u0111\u1ea5t t\u1ed1t v\u00e0 ch\u1ed1ng ch\u1ecbu gi\u00f3 b\u00e3o.<\/p>\n<h2>D\u1eeba xi\u00eam xanh tr\u1ed3ng bao l\u00e2u c\u00f3 tr\u00e1i?<\/h2>\n<p>So v\u1edbi c\u00e1c gi\u1ed1ng d\u1eeba ta ng\u00e0y x\u01b0a (tr\u1ed3ng 5-6 n\u0103m m\u1edbi c\u00f3 tr\u00e1i), d\u1eeba xi\u00eam xanh l\u00f9n c\u00f3 th\u1eddi gian sinh tr\u01b0\u1edfng \u0111\u01b0\u1ee3c r\u00fat ng\u1eafn \u0111\u00e1ng k\u1ec3:<\/p>\n<ul>\n<li>Th\u1eddi gian cho tr\u00e1i: N\u1ebfu tr\u1ed3ng \u0111\u00fang k\u1ef9 thu\u1eadt, ch\u0103m s\u00f3c t\u1ed1t, ch\u1ec9 sau kho\u1ea3ng 2.5 \u2013 3 n\u0103m (24 &#8211; 36 th\u00e1ng) l\u00e0 c\u00e2y b\u1eaft \u0111\u1ea7u cho tr\u00e1i chi\u1ebfn (l\u1ee9a tr\u00e1i \u0111\u1ea7u ti\u00ean &#8211; hay c\u00f2n g\u1ecdi l\u00e0 d\u1eeba v\u1ea1t m\u1eb7t).<\/li>\n<li>L\u1ee3i th\u1ebf: C\u00e2y th\u1ea5p n\u00ean vi\u1ec7c ch\u0103m s\u00f3c, x\u1ecbt r\u1eeda \u0111\u1ecdt hay thu h\u00e1i \u0111\u1ec1u r\u1ea5t nh\u1eb9 c\u00f4ng lao \u0111\u1ed9ng.<\/li>\n<\/ul>\n<h2>Chu k\u1ef3 ra hoa v\u00e0 thu ho\u1ea1ch<\/h2>\n<ul>\n<li>Chu k\u1ef3 ra hoa: D\u1eeba xi\u00eam xanh tr\u1ed5 bu\u1ed3ng li\u00ean t\u1ee5c quanh n\u0103m. Trung b\u00ecnh c\u1ee9 kho\u1ea3ng 20 \u2013 25 ng\u00e0y c\u00e2y s\u1ebd tr\u1ed5 m\u1ed9t bu\u1ed3ng m\u1edbi (ng\u01b0\u1eddi d\u00e2n hay g\u1ecdi l\u00e0 m\u1ed7i th\u00e1ng m\u1ed9t bu\u1ed3ng).<\/li>\n<li>Thu ho\u1ea1ch: T\u1eeb khi \u0111\u1eadu tr\u00e1i \u0111\u1ebfn khi thu ho\u1ea1ch u\u1ed1ng n\u01b0\u1edbc m\u1ea5t kho\u1ea3ng 7 \u2013 8 th\u00e1ng.<\/li>\n<li>\u0110\u1eb7c \u0111i\u1ec3m: Nh\u1edd ra tr\u00e1i g\u1ed1i \u0111\u1ea7u li\u00ean t\u1ee5c, n\u00ean th\u00e1ng n\u00e0o nh\u00e0 v\u01b0\u1eddn c\u0169ng c\u00f3 d\u1eeba \u0111\u1ec3 c\u1eaft b\u00e1n, t\u1ea1o ngu\u1ed3n thu nh\u1eadp \u0111\u1ec1u \u0111\u1eb7n h\u00e0ng th\u00e1ng (&#8220;l\u01b0\u01a1ng h\u01b0u&#8221; t\u1eeb v\u01b0\u1eddn d\u1eeba).<\/li>\n<\/ul>\n<h2>N\u0103ng su\u1ea5t gi\u1ed1ng d\u1eeba xi\u00eam xanh<\/h2>\n<p>D\u1eeba xi\u00eam xanh l\u00f9n thu\u1ed9c nh\u00f3m d\u1eeba cho n\u0103ng su\u1ea5t cao nh\u1ea5t hi\u1ec7n nay:<\/p>\n<ul>\n<li>S\u1ed1 l\u01b0\u1ee3ng: Trung b\u00ecnh m\u1ed9t c\u00e2y tr\u01b0\u1edfng th\u00e0nh cho t\u1eeb 14 \u2013 16 bu\u1ed3ng\/n\u0103m. M\u1ed7i bu\u1ed3ng c\u00f3 th\u1ec3 \u0111\u1ea1t t\u1eeb 12 \u2013 15 tr\u00e1i (n\u1ebfu kh\u00f4ng t\u1ec9a b\u1edbt).<\/li>\n<li>S\u1ea3n l\u01b0\u1ee3ng: M\u1ed9t c\u00e2y d\u1eeba sung s\u1ee9c c\u00f3 th\u1ec3 cho n\u0103ng su\u1ea5t t\u1eeb 140 \u2013 200 tr\u00e1i\/n\u0103m.<\/li>\n<li>Tu\u1ed5i th\u1ecd khai th\u00e1c: V\u01b0\u1eddn d\u1eeba c\u00f3 th\u1ec3 khai th\u00e1c kinh t\u1ebf l\u00e2u d\u00e0i t\u1eeb 20 \u2013 25 n\u0103m. C\u00e2y c\u00e0ng l\u1edbn tu\u1ed5i, tr\u00e1i c\u00e0ng \u1ed5n \u0111\u1ecbnh v\u00e0 n\u01b0\u1edbc c\u00e0ng ng\u1ecdt.<\/li>\n<\/ul>\n<h2>K\u1ef9 thu\u1eadt tr\u1ed3ng v\u00e0 ch\u0103m s\u00f3c theo h\u01b0\u1edbng b\u1ec1n v\u1eefng<\/h2>\n<p>D\u1eeba l\u00e0 c\u00e2y d\u1ec5 tr\u1ed3ng, nh\u01b0ng \u0111\u1ec3 tr\u00e1i to, n\u01b0\u1edbc ng\u1ecdt v\u00e0 kh\u00f4ng b\u1ecb &#8220;treo \u0111\u1ecdt&#8221; (ngh\u1ec9 ra tr\u00e1i), C\u00e2y Gi\u1ed1ng Ph\u00fac An chia s\u1ebb m\u1ed9t s\u1ed1 b\u00ed quy\u1ebft sau:<\/p>\n<h3>Chu\u1ea9n b\u1ecb \u0111\u1ea5t v\u00e0 m\u1eadt \u0111\u1ed9 tr\u1ed3ng<\/h3>\n<ul>\n<li>M\u1eadt \u0111\u1ed9: Tr\u1ed3ng kho\u1ea3ng c\u00e1ch 5m x 5m ho\u1eb7c 6m x 6m theo h\u00ecnh nanh s\u1ea5u (so le) \u0111\u1ec3 t\u1eadn d\u1ee5ng t\u1ed1i \u0111a \u00e1nh s\u00e1ng. Tr\u1ed3ng th\u01b0a gi\u00fap c\u00e2y quang h\u1ee3p t\u1ed1t, cho n\u0103ng su\u1ea5t cao h\u01a1n tr\u1ed3ng d\u00e0y.<\/li>\n<li>L\u00ean m\u00f4: \u1ede v\u00f9ng \u0111\u1ea5t th\u1ea5p (\u0110BSCL), c\u1ea7n l\u00ean m\u00f4 cao \u0111\u1ec3 tr\u00e1nh ng\u1eadp \u00fang m\u00f9a m\u01b0a.<\/li>\n<li>Ch\u1ecdn gi\u1ed1ng: C\u1ea7n ch\u1ecdn tr\u00e1i gi\u1ed1ng ho\u1eb7c c\u00e2y con \u01b0\u01a1m t\u1eeb c\u00e2y m\u1eb9 \u0111\u00fang gi\u1ed1ng, tr\u00e1i to, tr\u00f2n \u0111\u1ec1u, c\u00e2y con m\u1eadp m\u1ea1p, l\u00e1 m\u00e0u xanh \u0111\u1eadm.<\/li>\n<\/ul>\n<h3>Quy tr\u00ecnh b\u00f3n ph\u00e2n<\/h3>\n<ul>\n<li>B\u00f3n l\u00f3t: M\u1ed7i h\u1ed1 tr\u1ed3ng b\u00f3n 10-15kg ph\u00e2n h\u1eefu c\u01a1 hoai m\u1ee5c + 0.5kg l\u00e2n + v\u00f4i b\u1ed9t \u0111\u1ec3 x\u1eed l\u00fd \u0111\u1ea5t.<\/li>\n<li>Ch\u0103m s\u00f3c \u0111\u1ecbnh k\u1ef3:\n<ul>\n<li>H\u1eefu c\u01a1: H\u00e0ng n\u0103m n\u00ean b\u1ed3i b\u00f9n s\u00f4ng ho\u1eb7c b\u00f3n ph\u00e2n chu\u1ed3ng, ph\u00e2n h\u1eefu c\u01a1 v\u00e0o g\u1ed1c \u0111\u1ec3 t\u1ea1o \u0111\u1ed9 t\u01a1i x\u1ed1p v\u00e0 gi\u1eef \u1ea9m.<\/li>\n<li>Mu\u1ed1i \u0103n (NaCl): \u0110\u00e2y l\u00e0 b\u00ed quy\u1ebft c\u1ee7a ng\u01b0\u1eddi tr\u1ed3ng d\u1eeba. D\u1eeba l\u00e0 c\u00e2y \u01b0a Clo, m\u1ed7i n\u0103m n\u00ean b\u00f3n kho\u1ea3ng 100g &#8211; 200g mu\u1ed1i \u0103n\/g\u1ed1c \u0111\u1ec3 c\u00e2y c\u1ee9ng c\u00e1p, tr\u00e1i ng\u1ecdt v\u00e0 \u00edt r\u1ee5ng tr\u00e1i non.<\/li>\n<li>NPK: S\u1eed d\u1ee5ng NPK 20-20-15 ho\u1eb7c 16-16-8 b\u00f3n \u0111\u1ecbnh k\u1ef3 1-2 th\u00e1ng\/l\u1ea7n v\u1edbi li\u1ec1u l\u01b0\u1ee3ng v\u1eeba \u0111\u1ee7 \u0111\u1ec3 nu\u00f4i tr\u00e1i li\u00ean t\u1ee5c.<\/li>\n<\/ul>\n<\/li>\n<\/ul>\n<h3>Qu\u1ea3n l\u00fd n\u01b0\u1edbc t\u01b0\u1edbi v\u00e0 s\u00e2u b\u1ec7nh<\/h3>\n<ul>\n<li>N\u01b0\u1edbc t\u01b0\u1edbi: D\u1eeba c\u1ea7n r\u1ea5t nhi\u1ec1u n\u01b0\u1edbc. M\u00f9a kh\u00f4 ph\u1ea3i t\u01b0\u1edbi \u0111\u1eabm v\u00e0 t\u1ee7 g\u1ed1c gi\u1eef \u1ea9m. Thi\u1ebfu n\u01b0\u1edbc d\u1eeba s\u1ebd b\u1ecb &#8220;treo \u0111\u1ecdt&#8221; (kh\u00f4ng ra hoa) ho\u1eb7c r\u1ee5ng tr\u00e1i non, tr\u00e1i nh\u1ecf, \u00edt n\u01b0\u1edbc.<\/li>\n<li>S\u00e2u b\u1ec7nh:\n<ul>\n<li>\u0110u\u00f4ng d\u1eeba &amp; Ki\u1ebfn v\u01b0\u01a1ng: &#8220;S\u00e1t th\u1ee7&#8221; s\u1ed1 1 c\u1ee7a c\u00e2y d\u1eeba. C\u1ea7n th\u0103m v\u01b0\u1eddn th\u01b0\u1eddng xuy\u00ean, treo t\u00fai thu\u1ed1c ho\u1eb7c d\u00f9ng ch\u1ebf ph\u1ea9m sinh h\u1ecdc \u0111\u1ec3 xua \u0111u\u1ed5i.<\/li>\n<li>B\u1ecd c\u00e1nh c\u1ee9ng (B\u1ecd d\u1eeba): G\u00e2y h\u1ea1i tr\u00ean l\u00e1 non l\u00e0m c\u00e2y suy ki\u1ec7t, tr\u00e1i nh\u1ecf. C\u00f3 th\u1ec3 th\u1ea3 ong k\u00fd sinh ho\u1eb7c phun thu\u1ed1c \u0111\u1eb7c tr\u1ecb khi m\u1eadt \u0111\u1ed9 cao.<\/li>\n<\/ul>\n<\/li>\n<\/ul>\n<h2>Mua gi\u1ed1ng d\u1eeba xi\u00eam xanh \u1edf \u0111\u00e2u uy t\u00edn?<\/h2>\n<p>D\u1eeba l\u00e0 c\u00e2y tr\u1ed3ng l\u00e2u n\u0103m, n\u1ebfu mua nh\u1ea7m gi\u1ed1ng d\u1eeba lai t\u1ea1p, d\u1eeba \u0111i\u1ebfc (kh\u00f4ng c\u00f3 tr\u00e1i) ho\u1eb7c tr\u00e1i nh\u1ecf th\u00ec thi\u1ec7t h\u1ea1i r\u1ea5t l\u1edbn v\u00ec m\u1ea5t 3 n\u0103m ch\u0103m s\u00f3c m\u1edbi ph\u00e1t hi\u1ec7n \u0111\u01b0\u1ee3c.<\/p>\n<p>C\u00e2y Gi\u1ed1ng Ph\u00fac An t\u1ef1 h\u00e0o l\u00e0 \u0111\u01a1n v\u1ecb cung c\u1ea5p c\u00e2y gi\u1ed1ng uy t\u00edn, \u0111\u01b0\u1ee3c nhi\u1ec1u b\u00e0 con tin t\u01b0\u1edfng:<\/p>\n<p>Chu\u1ea9n gi\u1ed1ng: C\u00e2y gi\u1ed1ng \u0111\u01b0\u1ee3c gh\u00e9p t\u1eeb nh\u1eefng c\u00e2y m\u1eb9 \u0111\u00fang gi\u1ed1ng, kh\u1ecfe m\u1ea1nh, \u0111\u00e3 \u0111\u01b0\u1ee3c tuy\u1ec3n ch\u1ecdn k\u1ef9 l\u01b0\u1ee1ng (\u0110\u1ed1i v\u1edbi d\u1eeba l\u00e0 tuy\u1ec3n ch\u1ecdn tr\u00e1i gi\u1ed1ng t\u1eeb c\u00e2y m\u1eb9 \u01b0u t\u00fa). C\u00e2y tr\u1ea3i qua quy tr\u00ecnh nh\u00e2n gi\u1ed1ng, d\u01b0\u1ee1ng c\u00e2y con, x\u1ea3 n\u1eafng ho\u00e0n ch\u1ec9nh. \u0110\u1ebfn tay c\u00f4 b\u00e1c s\u1ebd l\u00e0 t\u1eebng c\u00e2y \u0111\u00e3 c\u1ee9ng c\u00e1p \u0111\u00e3 ra c\u01a1i ch\u1ed3i m\u1edbi.<\/p>\n<p>Qu\u00fd c\u00f4 b\u00e1c c\u00f3 th\u1ec3 li\u00ean h\u1ec7 tr\u1ef1c ti\u1ebfp qua SDT\/ Zalo 0962.888.014 (<a href=\"http:\/\/localhost\/phucan713\/\" target=\"_blank\" rel=\"noopener\">C\u00e2y Gi\u1ed1ng Ph\u00fac An<\/a>) \u0111\u1ec3 ch\u00fang t\u00f4i t\u01b0 v\u1ea5n v\u00e0 b\u00e1o gi\u00e1 c\u1ee5 th\u1ec3. Xin c\u1ea3m \u01a1n qu\u00fd c\u00f4 b\u00e1c \u0111\u00e3 \u0111\u1eb7t ni\u1ec1m tin v\u1edbi nh\u00e0 v\u01b0\u1eddn.<\/p>\n<p>&gt;&gt; M\u1eddi b\u1ea1n \u0111\u1ecdc th\u00eam: <a href=\"https:\/\/baovinhlong.com.vn\/kinh-te\/nong-nghiep\/202404\/thu-nhap-cao-nho-trong-dua-xiem-xanh-3182108\" target=\"_blank\" rel=\"noopener\"><span style=\"color: #000080;\"><em><strong>Thu nh\u1eadp cao nh\u1edd tr\u1ed3ng d\u1eeba xi\u00eam xanh<\/strong><\/em><\/span><\/a><\/p>\n","protected":false},"excerpt":{"rendered":"<p>* Gi\u00e1 tham kh\u1ea3o cho s\u1ed1 l\u01b0\u1ee3ng t\u1eeb 30 c\u00e2y, c\u00f3 th\u1ec3 thay \u0111\u1ed5i theo th\u1eddi \u0111i\u1ec3m<br \/>\n* Ch\u01b0a bao g\u1ed3m ph\u00ed v\u1eadn chuy\u1ec3n (t\u00f9y theo s\u1ed1 l\u01b0\u1ee3ng c\u00e2y v\u00e0 \u0111\u1ecba \u0111i\u1ec3m giao h\u00e0ng)<\/p>\n","protected":false},"featured_media":4186,"comment_status":"open","ping_status":"closed","template":"","meta":[],"product_brand":[],"product_cat":[35,60],"product_tag":[],"class_list":{"0":"post-4185","1":"product","2":"type-product","3":"status-publish","4":"has-post-thumbnail","6":"product_cat-san-pham-giong-cay-an-trai","7":"product_cat-giong-dua","9":"first","10":"instock","11":"shipping-taxable","12":"purchasable","13":"product-type-simple"},"_links":{"self":[{"href":"https:\/\/ktech4.k-tech-services.com\/phucan713\/wp-json\/wp\/v2\/product\/4185","targetHints":{"allow":["GET"]}}],"collection":[{"href":"https:\/\/ktech4.k-tech-services.com\/phucan713\/wp-json\/wp\/v2\/product"}],"about":[{"href":"https:\/\/ktech4.k-tech-services.com\/phucan713\/wp-json\/wp\/v2\/types\/product"}],"replies":[{"embeddable":true,"href":"https:\/\/ktech4.k-tech-services.com\/phucan713\/wp-json\/wp\/v2\/comments?post=4185"}],"wp:featuredmedia":[{"embeddable":true,"href":"https:\/\/ktech4.k-tech-services.com\/phucan713\/wp-json\/wp\/v2\/media\/4186"}],"wp:attachment":[{"href":"https:\/\/ktech4.k-tech-services.com\/phucan713\/wp-json\/wp\/v2\/media?parent=4185"}],"wp:term":[{"taxonomy":"product_brand","embeddable":true,"href":"https:\/\/ktech4.k-tech-services.com\/phucan713\/wp-json\/wp\/v2\/product_brand?post=4185"},{"taxonomy":"product_cat","embeddable":true,"href":"https:\/\/ktech4.k-tech-services.com\/phucan713\/wp-json\/wp\/v2\/product_cat?post=4185"},{"taxonomy":"product_tag","embeddable":true,"href":"https:\/\/ktech4.k-tech-services.com\/phucan713\/wp-json\/wp\/v2\/product_tag?post=4185"}],"curies":[{"name":"wp","href":"https:\/\/api.w.org\/{rel}","templated":true}]}}