{"id":4187,"date":"2025-12-08T21:10:52","date_gmt":"2025-12-08T14:10:52","guid":{"rendered":"https:\/\/caygiongphucan.com\/?post_type=product&amp;p=4187"},"modified":"2025-12-08T21:10:52","modified_gmt":"2025-12-08T14:10:52","slug":"giong-dua-ma-lai-chu","status":"publish","type":"product","link":"https:\/\/ktech4.k-tech-services.com\/phucan713\/san-pham\/giong-dua-ma-lai-chu\/","title":{"rendered":"Gi\u1ed1ng D\u1eeba M\u00e3 Lai Chu"},"content":{"rendered":"<p>B\u00ean c\u1ea1nh D\u1eeba Xi\u00eam Xanh, gi\u1ed1ng D\u1eeba M\u00e3 Lai Chu (D\u1eeba \u0111\u1ecf) \u0111ang t\u1ea1o n\u00ean m\u1ed9t c\u01a1n s\u1ed1t t\u1ea1i c\u00e1c v\u00f9ng chuy\u00ean canh d\u1eeba nh\u1edd kh\u1ea3 n\u0103ng cho tr\u00e1i &#8220;si\u00eau sai&#8221; v\u00e0 m\u00e0u s\u1eafc v\u1ecf v\u00e0ng cam r\u1ef1c r\u1ee1 r\u1ea5t b\u1eaft m\u1eaft. \u0110\u00e2y l\u00e0 gi\u1ed1ng d\u1eeba \u0111\u01b0\u1ee3c m\u1ec7nh danh l\u00e0 &#8220;c\u00e2y h\u00e1i ra ti\u1ec1n&#8221; nh\u1edd s\u1ea3n l\u01b0\u1ee3ng v\u01b0\u1ee3t tr\u1ed9i v\u00e0 th\u1eddi gian thu ho\u1ea1ch c\u1ef1c s\u1edbm.<\/p>\n<p>Trong b\u00e0i vi\u1ebft n\u00e0y, C\u00e2y Gi\u1ed1ng Ph\u00fac An s\u1ebd chia s\u1ebb chi ti\u1ebft v\u1ec1 \u0111\u1eb7c t\u00ednh, n\u0103ng su\u1ea5t th\u1ef1c t\u1ebf v\u00e0 quy tr\u00ecnh k\u1ef9 thu\u1eadt canh t\u00e1c gi\u1ed1ng d\u1eeba M\u00e3 Lai chu \u0111\u1ec3 b\u00e0 con tham kh\u1ea3o \u0111\u1ea7u t\u01b0.<\/p>\n<h2>Gi\u1edbi thi\u1ec7u v\u00e0 \u0111\u1eb7c \u0111i\u1ec3m n\u1ed5i b\u1eadt c\u1ee7a gi\u1ed1ng d\u1eeba m\u00e3 lai chu<\/h2>\n<p>D\u1eeba M\u00e3 Lai Chu (D\u1eeba M\u00e3 Lai \u0111\u1ecf) l\u00e0 gi\u1ed1ng d\u1eeba u\u1ed1ng n\u01b0\u1edbc c\u00f3 ngu\u1ed3n g\u1ed1c ngo\u1ea1i nh\u1eadp nh\u01b0ng \u0111\u00e3 th\u00edch nghi ho\u00e0n h\u1ea3o v\u1edbi th\u1ed5 nh\u01b0\u1ee1ng Vi\u1ec7t Nam. \u0110i\u1ec3m nh\u1eadn d\u1ea1ng d\u1ec5 nh\u1ea5t l\u00e0 v\u1ecf tr\u00e1i c\u00f3 m\u00e0u cam \u0111\u1ecf (m\u00e0u chu) r\u1ea5t \u0111\u1eb9p.<\/p>\n<h3>\u0110\u1eb7c \u0111i\u1ec3m h\u00ecnh th\u00e1i<\/h3>\n<ul>\n<li>Th\u00e2n v\u00e0 t\u00e1n c\u00e2y: C\u00e2y thu\u1ed9c nh\u00f3m d\u1eeba l\u00f9n. Th\u00e2n c\u00e2y to, ch\u1eafc kh\u1ecfe, t\u00e0u l\u00e1 v\u01b0\u01a1n th\u1eb3ng v\u00e0 m\u00e0u xanh \u0111\u1eadm. Nh\u1edd chi\u1ec1u cao khi\u00eam t\u1ed1n, vi\u1ec7c thu ho\u1ea1ch d\u1eeba M\u00e3 Lai r\u1ea5t d\u1ec5 d\u00e0ng, ti\u1ebft ki\u1ec7m c\u00f4ng s\u1ee9c lao \u0111\u1ed9ng.<\/li>\n<li>\u0110\u1eb7c \u0111i\u1ec3m tr\u00e1i:\n<ul>\n<li>V\u1ecf tr\u00e1i c\u00f3 m\u00e0u v\u00e0ng cam ho\u1eb7c \u0111\u1ecf cam r\u1ef1c r\u1ee1.<\/li>\n<li>V\u1ecf m\u1ecfng, g\u00e1o to, l\u01b0\u1ee3ng n\u01b0\u1edbc nhi\u1ec1u (t\u01b0\u01a1ng \u0111\u01b0\u01a1ng d\u1eeba xi\u00eam xanh).<\/li>\n<li>N\u01b0\u1edbc d\u1eeba M\u00e3 Lai c\u00f3 v\u1ecb ng\u1ecdt \u0111\u1eadm \u0111\u00e0, u\u1ed1ng r\u1ea5t &#8220;\u0111\u00e3 kh\u00e1t&#8221;.<\/li>\n<li>L\u1ee3i th\u1ebf th\u1ecb tr\u01b0\u1eddng: Nh\u1edd m\u00e0u s\u1eafc \u0111\u1eb9p, d\u1eeba M\u00e3 Lai kh\u00f4ng ch\u1ec9 b\u00e1n \u0111\u1ec3 u\u1ed1ng n\u01b0\u1edbc m\u00e0 c\u00f2n r\u1ea5t \u0111\u01b0\u1ee3c \u01b0a chu\u1ed9ng \u0111\u1ec3 ch\u01b0ng m\u00e2m ng\u0169 qu\u1ea3 ng\u00e0y L\u1ec5, T\u1ebft.<\/li>\n<\/ul>\n<\/li>\n<\/ul>\n<h3>\u0110\u1eb7c t\u00ednh sinh tr\u01b0\u1edfng<\/h3>\n<p>C\u00e2y c\u00f3 s\u1ee9c s\u1ed1ng r\u1ea5t kh\u1ecfe, ch\u1ecbu \u0111\u01b0\u1ee3c ph\u00e8n m\u1eb7n t\u1ed1t (th\u1eadm ch\u00ed t\u1ed1t h\u01a1n d\u1eeba xi\u00eam). \u0110\u1eb7c bi\u1ec7t, d\u1eeba M\u00e3 Lai c\u00f3 kh\u1ea3 n\u0103ng ch\u1ed1ng ch\u1ecbu s\u00e2u b\u1ec7nh kh\u00e1 t\u1ed1t, \u00edt b\u1ecb b\u1ecd c\u00e1nh c\u1ee9ng t\u1ea5n c\u00f4ng h\u01a1n c\u00e1c d\u00f2ng d\u1eeba kh\u00e1c.<\/p>\n<h2>D\u1eeba m\u00e3 lai chu tr\u1ed3ng bao l\u00e2u c\u00f3 tr\u00e1i?<\/h2>\n<p>\u0110\u00e2y l\u00e0 gi\u1ed1ng d\u1eeba gi\u1eef k\u1ef7 l\u1ee5c v\u1ec1 th\u1eddi gian cho tr\u00e1i hi\u1ec7n nay:<\/p>\n<ul>\n<li>Th\u1eddi gian cho tr\u00e1i: N\u1ebfu tr\u1ed3ng \u0111\u00fang k\u1ef9 thu\u1eadt, cung c\u1ea5p \u0111\u1ee7 n\u01b0\u1edbc v\u00e0 ph\u00e2n b\u00f3n, ch\u1ec9 sau 2.5 \u2013 3 n\u0103m tr\u1ed3ng l\u00e0 c\u00e2y b\u1eaft \u0111\u1ea7u cho tr\u00e1i chi\u1ebfn (l\u1ee9a \u0111\u1ea7u).<\/li>\n<li>\u0110\u1eb7c bi\u1ec7t: C\u00f3 nh\u1eefng v\u00f9ng \u0111\u1ea5t t\u1ed1t, c\u00e2y ph\u00e1t tri\u1ec3n nhanh, ch\u01b0a \u0111\u1ea7y 2.5 n\u0103m \u0111\u00e3 b\u1eaft \u0111\u1ea7u tr\u1ed5 l\u01b0\u1ee1i m\u00e8o.<\/li>\n<\/ul>\n<h2>Chu k\u1ef3 ra hoa v\u00e0 thu ho\u1ea1ch<\/h2>\n<ul>\n<li>Ra hoa: C\u00e2y ra hoa li\u00ean t\u1ee5c, c\u1ed5 bu\u1ed3ng n\u00e0y n\u1ed1i ti\u1ebfp c\u1ed5 bu\u1ed3ng kia. Trung b\u00ecnh 20 &#8211; 25 ng\u00e0y c\u00e2y s\u1ebd tr\u1ed5 m\u1ed9t bu\u1ed3ng m\u1edbi.<\/li>\n<li>Thu ho\u1ea1ch: T\u1eeb khi \u0111\u1eadu tr\u00e1i \u0111\u1ebfn khi thu ho\u1ea1ch u\u1ed1ng n\u01b0\u1edbc m\u1ea5t kho\u1ea3ng 7 \u2013 8 th\u00e1ng.<\/li>\n<li>S\u1ef1 \u1ed5n \u0111\u1ecbnh: D\u1eeba M\u00e3 Lai \u00edt b\u1ecb hi\u1ec7n t\u01b0\u1ee3ng &#8220;treo \u0111\u1ecdt&#8221; (ngh\u1ec9 tr\u00e1i) v\u00e0o m\u00f9a ngh\u1ecbch n\u1ebfu \u0111\u01b0\u1ee3c t\u01b0\u1edbi n\u01b0\u1edbc \u0111\u1ea7y \u0111\u1ee7, \u0111\u1ea3m b\u1ea3o thu nh\u1eadp quanh n\u0103m cho nh\u00e0 v\u01b0\u1eddn.<\/li>\n<\/ul>\n<h2>N\u0103ng su\u1ea5t gi\u1ed1ng d\u1eeba m\u00e3 lai chu<\/h2>\n<p>N\u1ebfu h\u1ecfi gi\u1ed1ng d\u1eeba n\u00e0o sai tr\u00e1i nh\u1ea5t hi\u1ec7n nay, c\u00e2u tr\u1ea3 l\u1eddi ch\u1eafc ch\u1eafn l\u00e0 D\u1eeba M\u00e3 Lai:<\/p>\n<ul>\n<li>\u0110\u1ed9 sai tr\u00e1i: M\u1ed9t bu\u1ed3ng d\u1eeba M\u00e3 Lai c\u00f3 th\u1ec3 \u0111\u1eadu t\u1eeb 20 \u2013 30 tr\u00e1i, th\u1eadm ch\u00ed h\u01a1n. Tr\u00e1i m\u1ecdc chi ch\u00edt quanh c\u1ed5 h\u0169, nhi\u1ec1u khi b\u00e0 con ph\u1ea3i d\u00f9ng c\u00e2y ch\u1ed1ng \u0111\u1ee1 \u0111\u1ec3 bu\u1ed3ng d\u1eeba kh\u00f4ng b\u1ecb g\u00e3y v\u00ec qu\u00e1 n\u1eb7ng.<\/li>\n<li>S\u1ea3n l\u01b0\u1ee3ng: Trung b\u00ecnh m\u1ed9t c\u00e2y tr\u01b0\u1edfng th\u00e0nh c\u00f3 th\u1ec3 cho t\u1eeb 200 \u2013 250 tr\u00e1i\/n\u0103m (cao h\u01a1n d\u1eeba xi\u00eam xanh).<\/li>\n<li>Tu\u1ed5i th\u1ecd khai th\u00e1c: V\u01b0\u1eddn d\u1eeba c\u00f3 th\u1ec3 khai th\u00e1c kinh t\u1ebf b\u1ec1n v\u1eefng trong 20 \u2013 25 n\u0103m.<\/li>\n<\/ul>\n<h2>K\u1ef9 thu\u1eadt tr\u1ed3ng v\u00e0 ch\u0103m s\u00f3c theo h\u01b0\u1edbng b\u1ec1n v\u1eefng<\/h2>\n<p>D\u00f9 d\u1ec5 t\u00ednh, nh\u01b0ng v\u00ec c\u00e2y qu\u00e1 sai tr\u00e1i n\u00ean nhu c\u1ea7u dinh d\u01b0\u1ee1ng c\u1ee7a D\u1eeba M\u00e3 Lai r\u1ea5t cao. N\u1ebfu kh\u00f4ng b\u00f3n ph\u00e2n \u0111\u1ee7, tr\u00e1i s\u1ebd b\u1ecb nh\u1ecf ho\u1eb7c r\u1ee5ng tr\u00e1i non (r\u1ee5ng sinh l\u00fd).<\/p>\n<h3>Chu\u1ea9n b\u1ecb \u0111\u1ea5t v\u00e0 m\u1eadt \u0111\u1ed9 tr\u1ed3ng<\/h3>\n<ul>\n<li>M\u1eadt \u0111\u1ed9: Tr\u1ed3ng kho\u1ea3ng c\u00e1ch 6m x 6m ho\u1eb7c 6m x 7m. V\u00ec t\u00e0u l\u00e1 d\u1eeba M\u00e3 Lai v\u01b0\u01a1n th\u1eb3ng nh\u01b0ng d\u00e0i, tr\u1ed3ng th\u01b0a s\u1ebd gi\u00fap c\u00e2y quang h\u1ee3p t\u1ed1t, tr\u00e1i to v\u00e0 ng\u1ecdt h\u01a1n.<\/li>\n<li>L\u00ean m\u00f4: B\u1eaft bu\u1ed9c l\u00ean m\u00f4 cao, x\u1ebb m\u01b0\u01a1ng tho\u00e1t n\u01b0\u1edbc \u0111\u1ec3 r\u1ec5 d\u1eeba th\u00f4ng tho\u00e1ng, kh\u00f4ng b\u1ecb ng\u1eadp \u00fang.<\/li>\n<li>Ch\u1ecdn gi\u1ed1ng: Ch\u1ecdn tr\u00e1i gi\u1ed1ng t\u1eeb c\u00e2y m\u1eb9 tuy\u1ec3n ch\u1ecdn, tr\u00e1i to \u0111\u1ec1u, m\u00e0u s\u1eafc chu\u1ea9n, c\u00e2y con kh\u1ecfe m\u1ea1nh, kh\u00f4ng s\u00e2u b\u1ec7nh.<\/li>\n<\/ul>\n<h3>Quy tr\u00ecnh b\u00f3n ph\u00e2n<\/h3>\n<ul>\n<li>H\u1eefu c\u01a1 (Quan tr\u1ecdng): D\u1eeba M\u00e3 Lai &#8220;\u0103n&#8221; \u0111\u1ea5t r\u1ea5t m\u1ea1nh. H\u00e0ng n\u0103m c\u1ea7n b\u1ed3i b\u00f9n, b\u00f3n ph\u00e2n chu\u1ed3ng (ph\u00e2n b\u00f2, g\u00e0) hoai m\u1ee5c kho\u1ea3ng 15-20kg\/g\u1ed1c \u0111\u1ec3 c\u1ea3i t\u1ea1o \u0111\u1ea5t.<\/li>\n<li>Mu\u1ed1i \u0103n: B\u00f3n b\u1ed5 sung mu\u1ed1i \u0103n (NaCl) h\u00e0ng n\u0103m \u0111\u1ec3 c\u00e2y c\u1ee9ng c\u00e1p, t\u0103ng \u0111\u1eadu tr\u00e1i v\u00e0 gi\u00fap n\u01b0\u1edbc d\u1eeba ng\u1ecdt h\u01a1n.<\/li>\n<li>NPK:\n<ul>\n<li>Giai \u0111o\u1ea1n c\u00e2y con: D\u00f9ng NPK 20-20-15 \u0111\u1ec3 c\u00e2y mau l\u1edbn.<\/li>\n<li>Giai \u0111o\u1ea1n cho tr\u00e1i: D\u00f9ng NPK 16-16-8 ho\u1eb7c c\u00e1c lo\u1ea1i ph\u00e2n chuy\u00ean d\u00f9ng cho d\u1eeba. Chia nh\u1ecf l\u00e0m nhi\u1ec1u \u0111\u1ee3t b\u00f3n (1-2 th\u00e1ng\/l\u1ea7n) v\u00ec c\u00e2y nu\u00f4i tr\u00e1i li\u00ean t\u1ee5c.<\/li>\n<\/ul>\n<\/li>\n<\/ul>\n<h3>Qu\u1ea3n l\u00fd n\u01b0\u1edbc t\u01b0\u1edbi v\u00e0 s\u00e2u b\u1ec7nh<\/h3>\n<ul>\n<li>N\u01b0\u1edbc t\u01b0\u1edbi: M\u00f9a kh\u00f4 ph\u1ea3i t\u01b0\u1edbi th\u01b0\u1eddng xuy\u00ean. Thi\u1ebfu n\u01b0\u1edbc l\u00e0 nguy\u00ean nh\u00e2n h\u00e0ng \u0111\u1ea7u khi\u1ebfn d\u1eeba M\u00e3 Lai r\u1ee5ng tr\u00e1i non h\u00e0ng lo\u1ea1t.<\/li>\n<li>S\u00e2u b\u1ec7nh: Ph\u00f2ng tr\u1eeb ki\u1ebfn v\u01b0\u01a1ng, \u0111u\u00f4ng d\u1eeba v\u00e0 b\u1ecd c\u00e1nh c\u1ee9ng. Th\u01b0\u1eddng xuy\u00ean v\u1ec7 sinh ng\u1ecdn d\u1eeba, d\u1ecdn s\u1ea1ch y\u1ebfm h\u01b0 \u0111\u1ec3 kh\u00f4ng cho s\u00e2u b\u1ecd tr\u00fa \u1ea9n.<\/li>\n<\/ul>\n<h2>Mua gi\u1ed1ng d\u1eeba m\u00e3 lai chu \u1edf \u0111\u00e2u uy t\u00edn?<\/h2>\n<p>Hi\u1ec7n nay, gi\u1ed1ng d\u1eeba M\u00e3 Lai lai t\u1ea1p (tr\u00e1i nh\u1ecf, m\u00e0u kh\u00f4ng chu\u1ea9n, v\u1ecf d\u00e0y) xu\u1ea5t hi\u1ec7n kh\u00e1 nhi\u1ec1u. B\u00e0 con c\u1ea7n h\u1ebft s\u1ee9c l\u01b0u \u00fd ch\u1ecdn nh\u00e0 v\u01b0\u1eddn uy t\u00edn \u0111\u1ec3 tr\u00e1nh &#8220;ti\u1ec1n m\u1ea5t t\u1eadt mang&#8221; sau v\u00e0i n\u0103m ch\u0103m s\u00f3c.<\/p>\n<p>C\u00e2y Gi\u1ed1ng Ph\u00fac An t\u1ef1 h\u00e0o l\u00e0 \u0111\u01a1n v\u1ecb cung c\u1ea5p c\u00e2y gi\u1ed1ng uy t\u00edn, \u0111\u01b0\u1ee3c nhi\u1ec1u b\u00e0 con tin t\u01b0\u1edfng:<\/p>\n<p>Chu\u1ea9n gi\u1ed1ng: C\u00e2y gi\u1ed1ng \u0111\u01b0\u1ee3c \u01b0\u01a1m t\u1eeb nh\u1eefng c\u00e2y m\u1eb9 \u0111\u00fang gi\u1ed1ng (\u0111\u1ed1i v\u1edbi d\u1eeba l\u00e0 tuy\u1ec3n ch\u1ecdn tr\u00e1i gi\u1ed1ng t\u1eeb c\u00e2y m\u1eb9 \u01b0u t\u00fa), kh\u1ecfe m\u1ea1nh, \u0111\u00e3 \u0111\u01b0\u1ee3c tuy\u1ec3n ch\u1ecdn k\u1ef9 l\u01b0\u1ee1ng. C\u00e2y tr\u1ea3i qua quy tr\u00ecnh nh\u00e2n gi\u1ed1ng, d\u01b0\u1ee1ng c\u00e2y con, x\u1ea3 n\u1eafng ho\u00e0n ch\u1ec9nh. \u0110\u1ebfn tay c\u00f4 b\u00e1c s\u1ebd l\u00e0 t\u1eebng c\u00e2y \u0111\u00e3 c\u1ee9ng c\u00e1p, t\u00e0u l\u00e1 xanh t\u1ed1t.<\/p>\n<p>Qu\u00fd c\u00f4 b\u00e1c c\u00f3 th\u1ec3 li\u00ean h\u1ec7 tr\u1ef1c ti\u1ebfp qua SDT\/ Zalo 0962.888.014 (<a href=\"http:\/\/localhost\/phucan713\/\" target=\"_blank\" rel=\"noopener\">C\u00e2y Gi\u1ed1ng Ph\u00fac An<\/a>) \u0111\u1ec3 ch\u00fang t\u00f4i t\u01b0 v\u1ea5n v\u00e0 b\u00e1o gi\u00e1 c\u1ee5 th\u1ec3. Xin c\u1ea3m \u01a1n qu\u00fd c\u00f4 b\u00e1c \u0111\u00e3 \u0111\u1eb7t ni\u1ec1m tin v\u1edbi nh\u00e0 v\u01b0\u1eddn.<\/p>\n<p>&gt;&gt; M\u1eddi b\u1ea1n \u0111\u1ecdc th\u00eam: <a href=\"https:\/\/baovinhlong.com.vn\/kinh-te\/nong-nghiep\/202507\/trong-dua-ma-lai-theo-huong-vietgap-07417e0\" target=\"_blank\" rel=\"noopener\"><span style=\"color: #000080;\"><em><strong>Tr\u1ed3ng d\u1eeba M\u00e3 Lai theo h\u01b0\u1edbng VietGAP<\/strong><\/em><\/span><\/a><\/p>\n","protected":false},"excerpt":{"rendered":"<p>* Gi\u00e1 tham kh\u1ea3o cho s\u1ed1 l\u01b0\u1ee3ng t\u1eeb 30 c\u00e2y, c\u00f3 th\u1ec3 thay \u0111\u1ed5i theo th\u1eddi \u0111i\u1ec3m<br \/>\n* Ch\u01b0a bao g\u1ed3m ph\u00ed v\u1eadn chuy\u1ec3n (t\u00f9y theo s\u1ed1 l\u01b0\u1ee3ng c\u00e2y v\u00e0 \u0111\u1ecba \u0111i\u1ec3m giao h\u00e0ng)<\/p>\n","protected":false},"featured_media":4188,"comment_status":"open","ping_status":"closed","template":"","meta":[],"product_brand":[],"product_cat":[35,60],"product_tag":[],"class_list":{"0":"post-4187","1":"product","2":"type-product","3":"status-publish","4":"has-post-thumbnail","6":"product_cat-san-pham-giong-cay-an-trai","7":"product_cat-giong-dua","9":"first","10":"instock","11":"shipping-taxable","12":"purchasable","13":"product-type-simple"},"_links":{"self":[{"href":"https:\/\/ktech4.k-tech-services.com\/phucan713\/wp-json\/wp\/v2\/product\/4187","targetHints":{"allow":["GET"]}}],"collection":[{"href":"https:\/\/ktech4.k-tech-services.com\/phucan713\/wp-json\/wp\/v2\/product"}],"about":[{"href":"https:\/\/ktech4.k-tech-services.com\/phucan713\/wp-json\/wp\/v2\/types\/product"}],"replies":[{"embeddable":true,"href":"https:\/\/ktech4.k-tech-services.com\/phucan713\/wp-json\/wp\/v2\/comments?post=4187"}],"wp:featuredmedia":[{"embeddable":true,"href":"https:\/\/ktech4.k-tech-services.com\/phucan713\/wp-json\/wp\/v2\/media\/4188"}],"wp:attachment":[{"href":"https:\/\/ktech4.k-tech-services.com\/phucan713\/wp-json\/wp\/v2\/media?parent=4187"}],"wp:term":[{"taxonomy":"product_brand","embeddable":true,"href":"https:\/\/ktech4.k-tech-services.com\/phucan713\/wp-json\/wp\/v2\/product_brand?post=4187"},{"taxonomy":"product_cat","embeddable":true,"href":"https:\/\/ktech4.k-tech-services.com\/phucan713\/wp-json\/wp\/v2\/product_cat?post=4187"},{"taxonomy":"product_tag","embeddable":true,"href":"https:\/\/ktech4.k-tech-services.com\/phucan713\/wp-json\/wp\/v2\/product_tag?post=4187"}],"curies":[{"name":"wp","href":"https:\/\/api.w.org\/{rel}","templated":true}]}}