{"id":4189,"date":"2025-12-09T09:59:51","date_gmt":"2025-12-09T02:59:51","guid":{"rendered":"https:\/\/caygiongphucan.com\/?post_type=product&amp;p=4189"},"modified":"2025-12-09T09:59:51","modified_gmt":"2025-12-09T02:59:51","slug":"man-dao-da","status":"publish","type":"product","link":"https:\/\/ktech4.k-tech-services.com\/phucan713\/san-pham\/man-dao-da\/","title":{"rendered":"Gi\u1ed1ng m\u1eadn \u0111\u00e0o \u0111\u00e1"},"content":{"rendered":"<p>Trong c\u00e1c lo\u1ea1i m\u1eadn hi\u1ec7n nay, M\u1eadn \u0110\u00e0o \u0110\u00e1 (M\u1eadn \u0110\u00e1) lu\u00f4n \u0111\u01b0\u1ee3c x\u1ebfp v\u00e0o h\u00e0ng &#8220;\u0111\u1eb7c s\u1ea3n&#8221; nh\u1edd c\u1ea5u tr\u00fac th\u1ecbt tr\u00e1i ch\u1eafc, gi\u00f2n tan v\u00e0 v\u1ecb ng\u1ecdt \u0111\u1eadm \u0111\u00e0, kh\u00f4ng b\u1ecb chua hay x\u1ed1p. Ch\u00ednh v\u00ec ph\u1ea9m ch\u1ea5t tr\u00e1i ngon v\u00e0 kh\u1ea3 n\u0103ng v\u1eadn chuy\u1ec3n \u0111i xa t\u1ed1t, gi\u1ed1ng m\u1eadn n\u00e0y \u0111ang \u0111\u01b0\u1ee3c nhi\u1ec1u nh\u00e0 v\u01b0\u1eddn l\u1ef1a ch\u1ecdn \u0111\u1ec3 chuy\u1ec3n \u0111\u1ed5i c\u01a1 c\u1ea5u c\u00e2y tr\u1ed3ng, mang l\u1ea1i thu nh\u1eadp t\u1ed1t.<\/p>\n<p>Trong b\u00e0i vi\u1ebft n\u00e0y, C\u00e2y Gi\u1ed1ng Ph\u00fac An s\u1ebd chia s\u1ebb chi ti\u1ebft v\u1ec1 \u0111\u1eb7c t\u00ednh, n\u0103ng su\u1ea5t th\u1ef1c t\u1ebf v\u00e0 quy tr\u00ecnh k\u1ef9 thu\u1eadt canh t\u00e1c gi\u1ed1ng m\u1eadn \u0111\u00e0o \u0111\u00e1 \u0111\u1ec3 b\u00e0 con tham kh\u1ea3o.<\/p>\n<h2>Gi\u1edbi thi\u1ec7u v\u00e0 \u0110\u1eb7c \u0111i\u1ec3m n\u1ed5i b\u1eadt c\u1ee7a Gi\u1ed1ng M\u1eadn \u0110\u00e0o \u0110\u00e1<\/h2>\n<p>Gi\u1ed1ng M\u1eadn \u0110\u00e0o \u0110\u00e1 l\u00e0 gi\u1ed1ng c\u00e2y \u0103n tr\u00e1i nhi\u1ec7t \u0111\u1edbi, r\u1ea5t ph\u00f9 h\u1ee3p v\u1edbi th\u1ed5 nh\u01b0\u1ee1ng mi\u1ec1n T\u00e2y v\u00e0 \u0110\u00f4ng Nam B\u1ed9. T\u00ean g\u1ecdi &#8220;\u0110\u00e0o \u0110\u00e1&#8221; xu\u1ea5t ph\u00e1t t\u1eeb \u0111\u1eb7c \u0111i\u1ec3m tr\u00e1i c\u00f3 m\u00e0u h\u1ed3ng \u0111\u1eb9p nh\u01b0 tr\u00e1i \u0111\u00e0o v\u00e0 th\u1ecbt tr\u00e1i c\u1ee9ng, gi\u00f2n (\u0111\u00e1).<\/p>\n<h3>\u0110\u1eb7c \u0111i\u1ec3m h\u00ecnh th\u00e1i<\/h3>\n<ul>\n<li>Th\u00e2n v\u00e0 t\u00e1n c\u00e2y: C\u00e2y th\u00e2n g\u1ed7, v\u1ecf n\u00e2u, t\u00e1n c\u00e2y x\u00f2e r\u1ed9ng v\u00e0 ph\u00e2n c\u00e0nh nhi\u1ec1u. C\u00e2y c\u00f3 s\u1ee9c sinh tr\u01b0\u1edfng r\u1ea5t kh\u1ecfe, l\u00e1 to d\u00e0y, m\u00e0u xanh \u0111\u1eadm.<\/li>\n<li>\u0110\u1eb7c \u0111i\u1ec3m tr\u00e1i:\n<ul>\n<li>Tr\u00e1i c\u00f3 h\u00ecnh d\u00e1ng gi\u1ed1ng c\u00e1i chu\u00f4ng ho\u1eb7c h\u00ecnh b\u1ea7u d\u1ee5c, \u0111\u00e1y tr\u00e1i l\u1edbn.<\/li>\n<li>M\u00e0u s\u1eafc: Khi c\u00f2n non tr\u00e1i m\u00e0u xanh, khi ch\u00edn v\u1ecf chuy\u1ec3n sang m\u00e0u h\u1ed3ng \u0111\u00e0o ho\u1eb7c \u0111\u1ecf g\u1ea1ch s\u1ecdc r\u1ea5t b\u1eaft m\u1eaft.<\/li>\n<li>C\u1ea5u tr\u00fac th\u1ecbt: \u0110\u00e2y l\u00e0 \u0111i\u1ec3m kh\u00e1c bi\u1ec7t l\u1edbn nh\u1ea5t. Th\u1ecbt m\u1eadn \u0111\u00e0o \u0111\u00e1 r\u1ea5t d\u00e0y, \u0111\u1eb7c ru\u1ed9t (h\u1ea1t nh\u1ecf ho\u1eb7c kh\u00f4ng h\u1ea1t), \u0103n v\u00e0o c\u1ea3m gi\u00e1c gi\u00f2n r\u1ee5m, ch\u1eafc n\u1ecbch, nhi\u1ec1u n\u01b0\u1edbc nh\u01b0ng kh\u00f4ng b\u1ecb x\u1ed1p hay m\u1ec1m b\u1edf nh\u01b0 m\u1eadn An Ph\u01b0\u1edbc.<\/li>\n<\/ul>\n<\/li>\n<li>H\u01b0\u01a1ng v\u1ecb: V\u1ecb ng\u1ecdt thanh, h\u1eadu ng\u1ecdt s\u00e2u, \u0103n r\u1ea5t m\u00e1t.<\/li>\n<\/ul>\n<h3>\u0110\u1eb7c t\u00ednh sinh tr\u01b0\u1edfng<\/h3>\n<p>C\u00e2y th\u00edch nghi r\u1ed9ng, d\u1ec5 tr\u1ed3ng, ch\u1ecbu \u0111\u01b0\u1ee3c \u0111\u1ea5t ph\u00e8n v\u00e0 m\u1eb7n nh\u1eb9. \u0110\u1eb7c bi\u1ec7t, gi\u1ed1ng n\u00e0y c\u00f3 kh\u1ea3 n\u0103ng ra hoa \u0111\u1eadu tr\u00e1i quanh n\u0103m n\u1ebfu bi\u1ebft c\u00e1ch x\u1eed l\u00fd, gi\u00fap r\u1ea3i v\u1ee5 thu ho\u1ea1ch \u0111\u1ec3 b\u00e1n \u0111\u01b0\u1ee3c gi\u00e1 cao.<\/p>\n<h2>M\u1eadn \u0111\u00e0o \u0111\u00e1 tr\u1ed3ng bao l\u00e2u c\u00f3 tr\u00e1i?<\/h2>\n<p>M\u1eadn l\u00e0 lo\u1ea1i c\u00e2y &#8220;si\u00eau ng\u1eafn ng\u00e0y&#8221;, th\u1eddi gian ki\u1ebfn thi\u1ebft c\u01a1 b\u1ea3n r\u1ea5t nhanh:<\/p>\n<ul>\n<li>Th\u1eddi gian cho tr\u00e1i: N\u1ebfu tr\u1ed3ng t\u1eeb c\u00e2y gh\u00e9p ho\u1eb7c c\u00e2y chi\u1ebft c\u00e0nh (t\u1eeb c\u00e2y m\u1eb9 \u0111\u00fang gi\u1ed1ng), ch\u1ec9 sau kho\u1ea3ng 12 \u2013 18 th\u00e1ng (h\u01a1n 1 n\u0103m) l\u00e0 c\u00e2y \u0111\u00e3 b\u1eaft \u0111\u1ea7u cho tr\u00e1i chi\u1ebfn.<\/li>\n<li>L\u1ee3i th\u1ebf: C\u00e2y nhanh cho thu nh\u1eadp, gi\u00fap b\u00e0 con r\u00fat ng\u1eafn th\u1eddi gian ho\u00e0n v\u1ed1n \u0111\u1ea7u t\u01b0.<\/li>\n<\/ul>\n<h2>Chu k\u1ef3 ra hoa v\u00e0 thu ho\u1ea1ch<\/h2>\n<ul>\n<li>Th\u1eddi gian nu\u00f4i tr\u00e1i: T\u1eeb l\u00fac c\u00e2y tr\u1ed5 b\u00f4ng \u0111\u1ebfn khi tr\u00e1i ch\u00edn v\u00e0 thu ho\u1ea1ch \u0111\u01b0\u1ee3c m\u1ea5t kho\u1ea3ng 3 th\u00e1ng.<\/li>\n<li>M\u00f9a v\u1ee5:\n<ul>\n<li>M\u00f9a thu\u1eadn: M\u1eadn th\u01b0\u1eddng ra hoa t\u1ef1 nhi\u00ean v\u00e0o kho\u1ea3ng th\u00e1ng 10 &#8211; 11 \u00e2m l\u1ecbch v\u00e0 thu ho\u1ea1ch v\u00e0o sau T\u1ebft (th\u00e1ng 1 &#8211; 3 \u00e2m l\u1ecbch).<\/li>\n<li>M\u00f9a ngh\u1ecbch: B\u00e0 con ho\u00e0n to\u00e0n c\u00f3 th\u1ec3 x\u1eed l\u00fd \u0111\u1ec3 c\u00e2y ra tr\u00e1i v\u1ee5 (x\u1eed l\u00fd ra hoa), gi\u00fap thu ho\u1ea1ch quanh n\u0103m, tr\u00e1nh t\u00ecnh tr\u1ea1ng &#8220;\u0111\u01b0\u1ee3c m\u00f9a m\u1ea5t gi\u00e1&#8221;.<\/li>\n<\/ul>\n<\/li>\n<\/ul>\n<h2>N\u0103ng su\u1ea5t gi\u1ed1ng m\u1eadn \u0111\u00e0o \u0111\u00e1<\/h2>\n<p>M\u1eadn \u0111\u00e0o \u0111\u00e1 thu\u1ed9c nh\u00f3m c\u00e2y cho n\u0103ng su\u1ea5t &#8220;kh\u1ee7ng&#8221;:<\/p>\n<ul>\n<li>S\u1ea3n l\u01b0\u1ee3ng:\n<ul>\n<li>C\u00e2y t\u01a1 (n\u0103m th\u1ee9 2-3): C\u00f3 th\u1ec3 cho thu ho\u1ea1ch t\u1eeb 30 \u2013 50kg\/c\u00e2y\/n\u0103m.<\/li>\n<li>C\u00e2y tr\u01b0\u1edfng th\u00e0nh (t\u1eeb n\u0103m th\u1ee9 5 tr\u1edf \u0111i): Khi t\u00e1n c\u00e2y l\u1edbn, n\u0103ng su\u1ea5t c\u00f3 th\u1ec3 \u0111\u1ea1t tr\u00ean 100kg\/c\u00e2y\/n\u0103m.<\/li>\n<\/ul>\n<\/li>\n<li>Tr\u1ecdng l\u01b0\u1ee3ng tr\u00e1i: Tr\u00e1i m\u1eadn \u0111\u00e0o \u0111\u00e1 kh\u00e1 to, trung b\u00ecnh kho\u1ea3ng 8 \u2013 12 tr\u00e1i\/kg.<\/li>\n<li>Tu\u1ed5i th\u1ecd khai th\u00e1c: V\u01b0\u1eddn m\u1eadn ch\u0103m s\u00f3c t\u1ed1t c\u00f3 th\u1ec3 khai th\u00e1c kinh t\u1ebf b\u1ec1n b\u1ec9 t\u1eeb 15 \u2013 20 n\u0103m.<\/li>\n<\/ul>\n<h2>K\u1ef9 thu\u1eadt tr\u1ed3ng v\u00e0 Ch\u0103m s\u00f3c theo h\u01b0\u1edbng B\u1ec1n v\u1eefng<\/h2>\n<p>\u0110\u1ec3 m\u1eadn \u0111\u00e0o \u0111\u00e1 tr\u00e1i to, ng\u1ecdt v\u00e0 \u0111\u1eb7c bi\u1ec7t l\u00e0 kh\u00f4ng b\u1ecb s\u00e2u \u0111\u1ee5c tr\u00e1i (v\u1ea5n \u0111\u1ec1 nan gi\u1ea3i nh\u1ea5t c\u1ee7a c\u00e2y m\u1eadn), C\u00e2y Gi\u1ed1ng Ph\u00fac An l\u01b0u \u00fd b\u00e0 con c\u00e1c k\u1ef9 thu\u1eadt sau:<\/p>\n<h3>Chu\u1ea9n b\u1ecb \u0111\u1ea5t v\u00e0 m\u1eadt \u0111\u1ed9 tr\u1ed3ng<\/h3>\n<ul>\n<li>M\u1eadt \u0111\u1ed9: M\u1eadn ph\u00e1t tri\u1ec3n t\u00e1n r\u1ea5t nhanh, n\u00ean tr\u1ed3ng th\u01b0a v\u1edbi kho\u1ea3ng c\u00e1ch 5m x 5m ho\u1eb7c 6m x 6m. Tr\u1ed3ng th\u01b0a gi\u00fap c\u00e2y nh\u1eadn \u0111\u1ee7 \u00e1nh s\u00e1ng, h\u1ea1n ch\u1ebf n\u1ea5m b\u1ec7nh v\u00e0 d\u1ec5 bao tr\u00e1i.<\/li>\n<li>L\u00ean m\u00f4: B\u1eaft bu\u1ed9c l\u00ean m\u00f4 cao r\u00e1o, x\u1ebb m\u01b0\u01a1ng li\u1ebfp \u0111\u1ec3 tho\u00e1t n\u01b0\u1edbc, v\u00ec m\u1eadn \u01b0a n\u01b0\u1edbc nh\u01b0ng r\u1ea5t s\u1ee3 ng\u1eadp \u00fang g\u00e2y th\u1ed1i r\u1ec5.<\/li>\n<\/ul>\n<h3>Quy tr\u00ecnh b\u00f3n ph\u00e2n (K\u1ebft h\u1ee3p H\u1eefu c\u01a1 &amp; H\u00f3a h\u1ecdc)<\/h3>\n<ul>\n<li>B\u00f3n l\u00f3t: S\u1eed d\u1ee5ng ph\u00e2n chu\u1ed3ng hoai m\u1ee5c (ph\u00e2n b\u00f2, d\u00ea) + L\u00e2n + Trichoderma b\u00f3n l\u00f3t tr\u01b0\u1edbc khi tr\u1ed3ng.<\/li>\n<li>Giai \u0111o\u1ea1n nu\u00f4i tr\u00e1i:\n<ul>\n<li>M\u1eadn ra tr\u00e1i r\u1ea5t sai n\u00ean c\u1ea7n nhi\u1ec1u dinh d\u01b0\u1ee1ng. B\u00f3n NPK 20-20-15 xen k\u1ebd v\u1edbi Kali \u0111\u1ec3 gi\u00fap tr\u00e1i ng\u1ecdt v\u00e0 ch\u1eafc th\u1ecbt.<\/li>\n<li>L\u01b0u \u00fd: Tr\u01b0\u1edbc khi thu ho\u1ea1ch 1 th\u00e1ng, n\u00ean t\u0103ng c\u01b0\u1eddng b\u00f3n Kali tr\u1eafng (K2SO4) v\u00e0 ng\u01b0ng ph\u00e2n \u0110\u1ea1m \u0111\u1ec3 tr\u00e1i kh\u00f4ng b\u1ecb n\u1ee9t v\u00e0 gi\u1eef \u0111\u01b0\u1ee3c \u0111\u1ed9 gi\u00f2n.<\/li>\n<\/ul>\n<\/li>\n<\/ul>\n<h3>Qu\u1ea3n l\u00fd n\u01b0\u1edbc t\u01b0\u1edbi v\u00e0 s\u00e2u b\u1ec7nh (Quan tr\u1ecdng nh\u1ea5t l\u00e0 Ru\u1ed3i v\u00e0ng)<\/h3>\n<ul>\n<li>N\u01b0\u1edbc t\u01b0\u1edbi: M\u1eadn l\u00e0 c\u00e2y \u01b0a n\u01b0\u1edbc. C\u1ea7n t\u01b0\u1edbi \u0111\u1ee7 \u1ea9m th\u01b0\u1eddng xuy\u00ean, nh\u1ea5t l\u00e0 m\u00f9a kh\u00f4. M\u01b0\u01a1ng v\u01b0\u1eddn n\u00ean gi\u1eef n\u01b0\u1edbc \u0111\u1ec3 gi\u1eef \u0111\u1ed9 \u1ea9m cho \u0111\u1ea5t.<\/li>\n<li>S\u00e2u b\u1ec7nh:\n<ul>\n<li>Ru\u1ed3i v\u00e0ng \u0111\u1ee5c tr\u00e1i: \u0110\u00e2y l\u00e0 k\u1ebb th\u00f9 s\u1ed1 1. Ru\u1ed3i ch\u00edch l\u00e0m tr\u00e1i b\u1ecb d\u00f2i, th\u1ed1i v\u00e0 r\u1ee5ng. Gi\u1ea3i ph\u00e1p b\u1eaft bu\u1ed9c: S\u1eed d\u1ee5ng t\u00fai bao tr\u00e1i chuy\u00ean d\u1ee5ng khi tr\u00e1i v\u1eeba b\u1eb1ng ng\u00f3n ch\u00e2n c\u00e1i. Bao tr\u00e1i gi\u00fap m\u1eadn c\u00f3 m\u00e0u \u0111\u1eb9p, an to\u00e0n tuy\u1ec7t \u0111\u1ed1i v\u00e0 kh\u00f4ng c\u1ea7n phun thu\u1ed1c tr\u1eeb s\u00e2u l\u00ean tr\u00e1i.<\/li>\n<li>S\u00e2u \u0103n l\u00e1, r\u1ec7p s\u00e1p: Phun ng\u1eeba \u0111\u1ecbnh k\u1ef3 khi c\u00e2y ra \u0111\u1ecdt non.<\/li>\n<\/ul>\n<\/li>\n<\/ul>\n<h2>Mua c\u00e2y gi\u1ed1ng M\u1eadn \u0110\u00e0o \u0110\u00e1 \u1edf \u0111\u00e2u uy t\u00edn?<\/h2>\n<p>Th\u1ecb tr\u01b0\u1eddng hi\u1ec7n c\u00f3 nhi\u1ec1u gi\u1ed1ng m\u1eadn (An Ph\u01b0\u1edbc, H\u1ed3ng \u0110\u00e0o, M\u1eadn \u0110\u00e1&#8230;), n\u1ebfu mua nh\u1ea7m gi\u1ed1ng m\u1eadn th\u01b0\u1eddng (th\u1ecbt x\u1ed1p, chua) th\u00ec gi\u00e1 tr\u1ecb kinh t\u1ebf s\u1ebd th\u1ea5p h\u01a1n nhi\u1ec1u.<\/p>\n<p>C\u00e2y Gi\u1ed1ng Ph\u00fac An t\u1ef1 h\u00e0o l\u00e0 \u0111\u01a1n v\u1ecb cung c\u1ea5p c\u00e2y gi\u1ed1ng uy t\u00edn, \u0111\u01b0\u1ee3c nhi\u1ec1u b\u00e0 con tin t\u01b0\u1edfng:<\/p>\n<p>Chu\u1ea9n gi\u1ed1ng: C\u00e2y gi\u1ed1ng \u0111\u01b0\u1ee3c gh\u00e9p (ho\u1eb7c chi\u1ebft) t\u1eeb nh\u1eefng c\u00e2y m\u1eb9 \u0111\u00fang gi\u1ed1ng, kh\u1ecfe m\u1ea1nh, \u0111\u00e3 \u0111\u01b0\u1ee3c tuy\u1ec3n ch\u1ecdn k\u1ef9 l\u01b0\u1ee1ng. C\u00e2y tr\u1ea3i qua quy tr\u00ecnh nh\u00e2n gi\u1ed1ng, d\u01b0\u1ee1ng c\u00e2y con, x\u1ea3 n\u1eafng ho\u00e0n ch\u1ec9nh. \u0110\u1ebfn tay c\u00f4 b\u00e1c s\u1ebd l\u00e0 t\u1eebng c\u00e2y \u0111\u00e3 c\u1ee9ng c\u00e1p \u0111\u00e3 ra c\u01a1i ch\u1ed3i m\u1edbi.<\/p>\n<p>Qu\u00fd c\u00f4 b\u00e1c c\u00f3 th\u1ec3 li\u00ean h\u1ec7 tr\u1ef1c ti\u1ebfp qua SDT\/ Zalo 0962.888.014 (<a href=\"http:\/\/localhost\/phucan713\/\" target=\"_blank\" rel=\"noopener\">C\u00e2y Gi\u1ed1ng Ph\u00fac An<\/a>) \u0111\u1ec3 ch\u00fang t\u00f4i t\u01b0 v\u1ea5n v\u00e0 b\u00e1o gi\u00e1 c\u1ee5 th\u1ec3. Xin c\u1ea3m \u01a1n qu\u00fd c\u00f4 b\u00e1c \u0111\u00e3 \u0111\u1eb7t ni\u1ec1m tin v\u1edbi nh\u00e0 v\u01b0\u1eddn.<\/p>\n<blockquote><p><strong>&gt; M\u1eddi b\u1ea1n \u0111\u1ecdc th\u00eam:<\/strong><\/p>\n<p class=\"detail-title fs-26 mb-10 fw-700\"><a href=\"https:\/\/danviet.vn\/trong-thanh-cong-thu-qua-ngon-ai-thay-cung-muon-an-ong-nong-dan-can-tho-co-tien-dut-tui-d1347930.html\" target=\"_blank\" rel=\"noopener\">Tr\u1ed3ng th\u00e0nh c\u00f4ng th\u1ee9 qu\u1ea3 ngon ai th\u1ea5y c\u0169ng mu\u1ed1n \u0103n, \u00f4ng n\u00f4ng d\u00e2n C\u1ea7n Th\u01a1 c\u00f3 ti\u1ec1n \u0111\u00fat t\u00fai<\/a><\/p>\n<\/blockquote>\n<p>&nbsp;<\/p>\n","protected":false},"excerpt":{"rendered":"<p>* Gi\u00e1 tham kh\u1ea3o cho s\u1ed1 l\u01b0\u1ee3ng t\u1eeb 30 c\u00e2y, c\u00f3 th\u1ec3 thay \u0111\u1ed5i theo th\u1eddi \u0111i\u1ec3m<br \/>\n* Ch\u01b0a bao g\u1ed3m ph\u00ed v\u1eadn chuy\u1ec3n (t\u00f9y theo s\u1ed1 l\u01b0\u1ee3ng c\u00e2y v\u00e0 \u0111\u1ecba \u0111i\u1ec3m giao h\u00e0ng)<\/p>\n","protected":false},"featured_media":4190,"comment_status":"open","ping_status":"closed","template":"","meta":[],"product_brand":[],"product_cat":[35,68],"product_tag":[],"class_list":{"0":"post-4189","1":"product","2":"type-product","3":"status-publish","4":"has-post-thumbnail","6":"product_cat-san-pham-giong-cay-an-trai","7":"product_cat-giong-man","9":"first","10":"instock","11":"shipping-taxable","12":"purchasable","13":"product-type-simple"},"_links":{"self":[{"href":"https:\/\/ktech4.k-tech-services.com\/phucan713\/wp-json\/wp\/v2\/product\/4189","targetHints":{"allow":["GET"]}}],"collection":[{"href":"https:\/\/ktech4.k-tech-services.com\/phucan713\/wp-json\/wp\/v2\/product"}],"about":[{"href":"https:\/\/ktech4.k-tech-services.com\/phucan713\/wp-json\/wp\/v2\/types\/product"}],"replies":[{"embeddable":true,"href":"https:\/\/ktech4.k-tech-services.com\/phucan713\/wp-json\/wp\/v2\/comments?post=4189"}],"wp:featuredmedia":[{"embeddable":true,"href":"https:\/\/ktech4.k-tech-services.com\/phucan713\/wp-json\/wp\/v2\/media\/4190"}],"wp:attachment":[{"href":"https:\/\/ktech4.k-tech-services.com\/phucan713\/wp-json\/wp\/v2\/media?parent=4189"}],"wp:term":[{"taxonomy":"product_brand","embeddable":true,"href":"https:\/\/ktech4.k-tech-services.com\/phucan713\/wp-json\/wp\/v2\/product_brand?post=4189"},{"taxonomy":"product_cat","embeddable":true,"href":"https:\/\/ktech4.k-tech-services.com\/phucan713\/wp-json\/wp\/v2\/product_cat?post=4189"},{"taxonomy":"product_tag","embeddable":true,"href":"https:\/\/ktech4.k-tech-services.com\/phucan713\/wp-json\/wp\/v2\/product_tag?post=4189"}],"curies":[{"name":"wp","href":"https:\/\/api.w.org\/{rel}","templated":true}]}}