{"id":4191,"date":"2025-12-09T10:12:06","date_gmt":"2025-12-09T03:12:06","guid":{"rendered":"https:\/\/caygiongphucan.com\/?post_type=product&amp;p=4191"},"modified":"2025-12-09T10:12:06","modified_gmt":"2025-12-09T03:12:06","slug":"giong-man-trang-sua","status":"publish","type":"product","link":"https:\/\/ktech4.k-tech-services.com\/phucan713\/san-pham\/giong-man-trang-sua\/","title":{"rendered":"Gi\u1ed1ng m\u1eadn tr\u1eafng s\u1eefa"},"content":{"rendered":"<p>Gi\u1eefa c\u00e1c lo\u1ea1i m\u1eadn \u0111\u1ecf ph\u1ed5 bi\u1ebfn nh\u01b0 m\u1eadn An Ph\u01b0\u1edbc, m\u1eadn h\u1ed3ng MST hay m\u1eadn \u0110\u00e1, M\u1eadn Tr\u1eafng S\u1eefa n\u1ed5i l\u00ean nh\u01b0 m\u1ed9t &#8220;n\u00e0ng th\u01a1&#8221; v\u1edbi v\u1ebb ngo\u00e0i tr\u1eafng mu\u1ed1t, c\u0103ng m\u1ecdng. Kh\u00f4ng ch\u1ec9 \u0111\u1eb9p, gi\u1ed1ng m\u1eadn n\u00e0y c\u00f2n chinh ph\u1ee5c ng\u01b0\u1eddi \u0103n b\u1edfi v\u1ecb ng\u1ecdt l\u1ecbm, nhi\u1ec1u n\u01b0\u1edbc v\u00e0 h\u01b0\u01a1ng th\u01a1m nh\u1eb9 nh\u00e0ng. \u0110\u00e2y l\u00e0 gi\u1ed1ng c\u00e2y ti\u1ec1m n\u0103ng gi\u00fap b\u00e0 con \u0111a d\u1ea1ng h\u00f3a v\u01b0\u1eddn c\u00e2y \u0103n tr\u00e1i, n\u00e2ng cao thu nh\u1eadp.<\/p>\n<p>Trong b\u00e0i vi\u1ebft n\u00e0y, C\u00e2y Gi\u1ed1ng Ph\u00fac An s\u1ebd chia s\u1ebb chi ti\u1ebft v\u1ec1 \u0111\u1eb7c t\u00ednh, n\u0103ng su\u1ea5t th\u1ef1c t\u1ebf v\u00e0 quy tr\u00ecnh k\u1ef9 thu\u1eadt canh t\u00e1c gi\u1ed1ng m\u1eadn tr\u1eafng s\u1eefa \u0111\u1ec3 b\u00e0 con tham kh\u1ea3o.<\/p>\n<h2>Gi\u1edbi thi\u1ec7u v\u00e0 \u0110\u1eb7c \u0111i\u1ec3m n\u1ed5i b\u1eadt c\u1ee7a Gi\u1ed1ng M\u1eadn Tr\u1eafng S\u1eefa<\/h2>\n<p>M\u1eadn Tr\u1eafng S\u1eefa l\u00e0 gi\u1ed1ng c\u00e2y \u0103n tr\u00e1i nhi\u1ec7t \u0111\u1edbi, c\u00f3 s\u1ee9c sinh tr\u01b0\u1edfng kh\u1ecfe v\u00e0 th\u00edch nghi t\u1ed1t v\u1edbi \u0111i\u1ec1u ki\u1ec7n kh\u00ed h\u1eadu t\u1ea1i Vi\u1ec7t Nam, \u0111\u1eb7c bi\u1ec7t l\u00e0 v\u00f9ng \u0110\u1ed3ng B\u1eb1ng S\u00f4ng C\u1eedu Long.<\/p>\n<h3>\u0110\u1eb7c \u0111i\u1ec3m h\u00ecnh th\u00e1i<\/h3>\n<p>Th\u00e2n v\u00e0 t\u00e1n c\u00e2y: C\u00e2y th\u00e2n g\u1ed7, t\u00e1n r\u1ed9ng, l\u00e1 to v\u00e0 d\u00e0y, m\u00e0u xanh \u0111\u1eadm. C\u00e2y ph\u00e1t tri\u1ec3n c\u00e0nh nh\u00e1nh m\u1ea1nh, \u0111\u1ed9 ph\u1ee7 t\u00e1n cao, v\u1eeba cho tr\u00e1i v\u1eeba t\u1ea1o b\u00f3ng m\u00e1t t\u1ed1t.<\/p>\n<p>\u0110\u1eb7c \u0111i\u1ec3m tr\u00e1i:<\/p>\n<ul>\n<li>M\u00e0u s\u1eafc: \u0110\u00e2y l\u00e0 \u0111i\u1ec3m \u0111\u1eb7c bi\u1ec7t nh\u1ea5t. Khi c\u00f2n non tr\u00e1i c\u00f3 m\u00e0u xanh nh\u1ea1t, khi ch\u00edn chuy\u1ec3n sang m\u00e0u tr\u1eafng ng\u00e0 ho\u1eb7c tr\u1eafng s\u1eefa r\u1ea5t \u0111\u1eb9p m\u1eaft, v\u1ecf b\u00f3ng l\u01b0\u1ee1ng.<\/li>\n<li>H\u00ecnh d\u00e1ng: Tr\u00e1i h\u00ecnh chu\u00f4ng, \u0111\u00edt tr\u00e1i to, b\u00e8 ra.<\/li>\n<li>Th\u1ecbt tr\u00e1i: Th\u1ecbt m\u1eadn tr\u1eafng, x\u1ed1p nh\u1eb9 (kh\u00f4ng qu\u00e1 c\u1ee9ng nh\u01b0 m\u1eadn \u0111\u00e1 nh\u01b0ng kh\u00f4ng qu\u00e1 m\u1ec1m), r\u1ea5t m\u1ecdng n\u01b0\u1edbc.<\/li>\n<\/ul>\n<p>H\u01b0\u01a1ng v\u1ecb: \u0110\u00fang nh\u01b0 t\u00ean g\u1ecdi, m\u1eadn c\u00f3 v\u1ecb ng\u1ecdt \u0111\u1eadm \u0111\u00e0, \u0103n v\u00e0o c\u1ea3m gi\u00e1c m\u00e1t l\u1ea1nh, gi\u1ea3i kh\u00e1t r\u1ea5t t\u1ed1t.<\/p>\n<h3>\u0110\u1eb7c t\u00ednh sinh tr\u01b0\u1edfng<\/h3>\n<p>C\u00e2y d\u1ec5 tr\u1ed3ng, \u00edt k\u00e9n \u0111\u1ea5t. M\u1eadn tr\u1eafng s\u1eefa ch\u1ecbu \u0111\u01b0\u1ee3c ph\u00e8n v\u00e0 m\u1eb7n nh\u1eb9 n\u1ebfu \u0111\u01b0\u1ee3c l\u00ean m\u00f4 v\u00e0 x\u1eed l\u00fd th\u1ee7y l\u1ee3i t\u1ed1t. C\u00e2y c\u00f3 kh\u1ea3 n\u0103ng ra hoa \u0111\u1eadu tr\u00e1i t\u1ef1 nhi\u00ean r\u1ea5t sai.<\/p>\n<h2>M\u1eadn tr\u1eafng s\u1eefa tr\u1ed3ng bao l\u00e2u c\u00f3 tr\u00e1i?<\/h2>\n<p>M\u1eadn l\u00e0 lo\u1ea1i c\u00e2y \u0103n tr\u00e1i &#8220;nhanh \u0103n&#8221; b\u1eadc nh\u1ea5t, gi\u00fap nh\u00e0 v\u01b0\u1eddn nhanh ch\u00f3ng thu h\u1ed3i v\u1ed1n:<\/p>\n<p>Th\u1eddi gian cho tr\u00e1i: N\u1ebfu tr\u1ed3ng t\u1eeb c\u00e2y chi\u1ebft ho\u1eb7c c\u00e2y gh\u00e9p (t\u1eeb c\u00e2y m\u1eb9 \u0111\u00fang gi\u1ed1ng), ch\u1ec9 sau kho\u1ea3ng 18 \u2013 24 th\u00e1ng (1.5 \u2013 2 n\u0103m) ch\u0103m s\u00f3c l\u00e0 c\u00e2y b\u1eaft \u0111\u1ea7u cho tr\u00e1i chi\u1ebfn (v\u1ee5 b\u00f3i \u0111\u1ea7u ti\u00ean).<\/p>\n<p>L\u01b0u \u00fd: Trong n\u0103m \u0111\u1ea7u, n\u1ebfu c\u00e2y ra hoa s\u1edbm, b\u00e0 con n\u00ean t\u1ec9a b\u1ecf b\u1edbt \u0111\u1ec3 c\u00e2y t\u1eadp trung dinh d\u01b0\u1ee1ng nu\u00f4i b\u1ed9 t\u00e1n cho kh\u1ecfe, c\u00e1c n\u0103m sau n\u0103ng su\u1ea5t s\u1ebd b\u1ec1n h\u01a1n.<\/p>\n<h2>Chu k\u1ef3 ra hoa v\u00e0 thu ho\u1ea1ch<\/h2>\n<p>Th\u1eddi gian nu\u00f4i tr\u00e1i: T\u1eeb l\u00fac c\u00e2y tr\u1ed5 b\u00f4ng \u0111\u1ebfn khi tr\u00e1i ch\u00edn m\u1ea5t kho\u1ea3ng 3 th\u00e1ng.<\/p>\n<p>M\u00f9a v\u1ee5:<\/p>\n<ul>\n<li>C\u00e2y th\u01b0\u1eddng ra hoa ch\u00ednh v\u1ee5 v\u00e0o kho\u1ea3ng th\u00e1ng 10 \u2013 11 \u00e2m l\u1ecbch v\u00e0 cho thu ho\u1ea1ch r\u1ed9 v\u00e0o sau T\u1ebft.<\/li>\n<li>Tuy nhi\u00ean, m\u1eadn tr\u1eafng s\u1eefa r\u1ea5t d\u1ec5 x\u1eed l\u00fd ra hoa ngh\u1ecbch v\u1ee5. N\u1ebfu \u00e1p d\u1ee5ng \u0111\u00fang k\u1ef9 thu\u1eadt (c\u1eaft n\u01b0\u1edbc, b\u00f3n ph\u00e2n&#8230;), b\u00e0 con c\u00f3 th\u1ec3 cho c\u00e2y ra tr\u00e1i quanh n\u0103m ho\u1eb7c canh v\u00e0o c\u00e1c d\u1ecbp l\u1ec5 \u0111\u1ec3 b\u00e1n \u0111\u01b0\u1ee3c gi\u00e1 cao.<\/li>\n<\/ul>\n<h2>N\u0103ng su\u1ea5t gi\u1ed1ng m\u1eadn tr\u1eafng s\u1eefa<\/h2>\n<p>M\u1eadn tr\u1eafng s\u1eefa l\u00e0 gi\u1ed1ng c\u00e2y cho n\u0103ng su\u1ea5t r\u1ea5t cao v\u00e0 \u1ed5n \u0111\u1ecbnh:<\/p>\n<p>S\u1ea3n l\u01b0\u1ee3ng:<\/p>\n<ul>\n<li>C\u00e2y t\u01a1 (2-3 n\u0103m tu\u1ed5i): C\u00f3 th\u1ec3 cho thu ho\u1ea1ch t\u1eeb 30 \u2013 40kg\/c\u00e2y\/n\u0103m.<\/li>\n<li>C\u00e2y tr\u01b0\u1edfng th\u00e0nh (tr\u00ean 5 n\u0103m): Khi t\u00e1n c\u00e2y \u0111\u00e3 r\u1ed9ng, n\u0103ng su\u1ea5t c\u00f3 th\u1ec3 \u0111\u1ea1t t\u1eeb 70 \u2013 100kg\/c\u00e2y\/n\u0103m.<\/li>\n<\/ul>\n<p>\u0110\u1ed9 sai tr\u00e1i: Gi\u1ed1ng n\u00e0y ra hoa t\u1eebng ch\u00f9m l\u1edbn, t\u1ef7 l\u1ec7 \u0111\u1eadu tr\u00e1i cao. V\u00e0o m\u00f9a thu ho\u1ea1ch, tr\u00e1i tr\u1eafng treo l\u1ee7ng l\u1eb3ng k\u00edn c\u1ea3 c\u00e2y nh\u00ecn r\u1ea5t th\u00edch m\u1eaft.<\/p>\n<p>Tu\u1ed5i th\u1ecd: V\u01b0\u1eddn m\u1eadn c\u00f3 th\u1ec3 khai th\u00e1c kinh t\u1ebf li\u00ean t\u1ee5c t\u1eeb 15 \u2013 20 n\u0103m.<\/p>\n<h2>K\u1ef9 thu\u1eadt tr\u1ed3ng v\u00e0 Ch\u0103m s\u00f3c theo h\u01b0\u1edbng B\u1ec1n v\u1eefng<\/h2>\n<p>M\u1eadn tr\u1eafng s\u1eefa tuy d\u1ec5 t\u00ednh nh\u01b0ng &#8220;k\u1ebb th\u00f9&#8221; l\u1edbn nh\u1ea5t l\u00e0 ru\u1ed3i v\u00e0ng. C\u00e2y Gi\u1ed1ng Ph\u00fac An chia s\u1ebb quy tr\u00ecnh ch\u0103m s\u00f3c \u0111\u1ec3 tr\u00e1i \u0111\u1eb9p, b\u00e1n \u0111\u01b0\u1ee3c gi\u00e1:<\/p>\n<h3>Chu\u1ea9n b\u1ecb \u0111\u1ea5t v\u00e0 m\u1eadt \u0111\u1ed9 tr\u1ed3ng<\/h3>\n<p>L\u00ean m\u00f4: M\u1eadn r\u1ea5t \u01b0a n\u01b0\u1edbc nh\u01b0ng r\u1ec5 c\u1ea7n th\u1edf. B\u00e0 con c\u1ea7n l\u00ean m\u00f4, x\u1ebb m\u01b0\u01a1ng \u0111\u1ec3 tho\u00e1t n\u01b0\u1edbc t\u1ed1t v\u00e0o m\u00f9a m\u01b0a v\u00e0 tr\u1eef n\u01b0\u1edbc t\u01b0\u1edbi v\u00e0o m\u00f9a kh\u00f4.<\/p>\n<p>M\u1eadt \u0111\u1ed9: Tr\u1ed3ng v\u1edbi kho\u1ea3ng c\u00e1ch 5m x 5m ho\u1eb7c 6m x 6m. Tr\u1ed3ng th\u01b0a gi\u00fap c\u00e2y nh\u1eadn \u0111\u1ee7 n\u1eafng, h\u1ea1n ch\u1ebf n\u1ea5m b\u1ec7nh v\u00e0 d\u1ec5 d\u00e0ng \u0111i l\u1ea1i ch\u0103m s\u00f3c, bao tr\u00e1i.<\/p>\n<p>Ch\u1ecdn gi\u1ed1ng: Ch\u1ecdn c\u00e0nh chi\u1ebft ho\u1eb7c c\u00e2y gh\u00e9p t\u1eeb c\u00e2y m\u1eb9 chu\u1ea9n gi\u1ed1ng, kh\u00f4ng b\u1ecb b\u1ec7nh gh\u1ebb l\u00e1, r\u1ec5 ra \u0111\u1ec1u trong b\u1ea7u.<\/p>\n<h3>Quy tr\u00ecnh b\u00f3n ph\u00e2n (K\u1ebft h\u1ee3p H\u1eefu c\u01a1 &amp; H\u00f3a h\u1ecdc)<\/h3>\n<p>Giai \u0111o\u1ea1n Ki\u1ebfn thi\u1ebft: B\u00f3n nhi\u1ec1u ph\u00e2n h\u1eefu c\u01a1 (ph\u00e2n b\u00f2, ph\u00e2n tr\u00f9n qu\u1ebf) v\u00e0 NPK 20-20-15 \u0111\u1ec3 c\u00e2y nhanh l\u1edbn, bung t\u00e0n m\u1ea1nh.<\/p>\n<p>Giai \u0111o\u1ea1n Kinh doanh:<\/p>\n<ul>\n<li>Nu\u00f4i tr\u00e1i: M\u1eadn ra tr\u00e1i nhi\u1ec1u n\u00ean r\u1ea5t mau r\u00fat s\u1ee9c c\u00e2y. C\u1ea7n b\u00f3n ph\u00e2n \u0111\u1ecbnh k\u1ef3 15-20 ng\u00e0y\/l\u1ea7n. K\u1ebft h\u1ee3p NPK c\u00e2n \u0111\u1ed1i v\u00e0 Kali \u0111\u1ec3 t\u0103ng \u0111\u1ed9 ng\u1ecdt cho tr\u00e1i.<\/li>\n<li>Sau thu ho\u1ea1ch: B\u1eaft bu\u1ed9c ph\u1ea3i t\u1ec9a c\u00e0nh, h\u1ea1 t\u00e1n (\u0111\u1ec3 d\u1ec5 bao tr\u00e1i v\u1ee5 sau) v\u00e0 b\u00f3n \u0111\u1eadm ph\u00e2n h\u1eefu c\u01a1 \u0111\u1ec3 ph\u1ee5c h\u1ed3i s\u1ee9c cho c\u00e2y.<\/li>\n<\/ul>\n<h3>Qu\u1ea3n l\u00fd n\u01b0\u1edbc t\u01b0\u1edbi v\u00e0 s\u00e2u b\u1ec7nh<\/h3>\n<p>Bao tr\u00e1i (B\u1eaft bu\u1ed9c): Do v\u1ecf m\u1eadn m\u1ecfng v\u00e0 ng\u1ecdt n\u00ean r\u1ea5t thu h\u00fat ru\u1ed3i v\u00e0ng (ru\u1ed3i \u0111\u1ee5c tr\u00e1i). Khi tr\u00e1i to b\u1eb1ng ng\u00f3n ch\u00e2n c\u00e1i, b\u00e0 con ph\u1ea3i d\u00f9ng t\u00fai chuy\u00ean d\u1ee5ng \u0111\u1ec3 bao tr\u00e1i l\u1ea1i. Vi\u1ec7c n\u00e0y gi\u00fap tr\u00e1i s\u1ea1ch s\u00e2u b\u1ec7nh 100%, v\u1ecf tr\u1eafng b\u00f3ng \u0111\u1eb9p m\u1eaft v\u00e0 kh\u00f4ng c\u1ea7n phun thu\u1ed1c s\u00e2u.<\/p>\n<p>N\u01b0\u1edbc t\u01b0\u1edbi: Cung c\u1ea5p \u0111\u1ee7 n\u01b0\u1edbc \u0111\u1ec3 tr\u00e1i c\u0103ng m\u1ecdng, kh\u00f4ng b\u1ecb r\u1ee5ng b\u00f4ng.<\/p>\n<h2>Mua c\u00e2y gi\u1ed1ng M\u1eadn Tr\u1eafng S\u1eefa \u1edf \u0111\u00e2u uy t\u00edn?<\/h2>\n<p>\u0110\u1ec3 c\u00f3 v\u01b0\u1eddn m\u1eadn n\u0103ng su\u1ea5t cao, tr\u00e1i \u0111\u00fang m\u00e0u tr\u1eafng s\u1eefa ng\u1ecdt l\u1ecbm, vi\u1ec7c ch\u1ecdn \u0111\u00fang gi\u1ed1ng ngay t\u1eeb \u0111\u1ea7u l\u00e0 y\u1ebfu t\u1ed1 quy\u1ebft \u0111\u1ecbnh.<\/p>\n<p>C\u00e2y Gi\u1ed1ng Ph\u00fac An t\u1ef1 h\u00e0o l\u00e0 \u0111\u01a1n v\u1ecb cung c\u1ea5p c\u00e2y gi\u1ed1ng uy t\u00edn, \u0111\u01b0\u1ee3c nhi\u1ec1u b\u00e0 con tin t\u01b0\u1edfng:<\/p>\n<p>Chu\u1ea9n gi\u1ed1ng: C\u00e2y gi\u1ed1ng \u0111\u01b0\u1ee3c gh\u00e9p (ho\u1eb7c chi\u1ebft) t\u1eeb nh\u1eefng c\u00e2y m\u1eb9 \u0111\u00fang gi\u1ed1ng, kh\u1ecfe m\u1ea1nh, \u0111\u00e3 \u0111\u01b0\u1ee3c tuy\u1ec3n ch\u1ecdn k\u1ef9 l\u01b0\u1ee1ng. C\u00e2y tr\u1ea3i qua quy tr\u00ecnh nh\u00e2n gi\u1ed1ng, d\u01b0\u1ee1ng c\u00e2y con, x\u1ea3 n\u1eafng ho\u00e0n ch\u1ec9nh. \u0110\u1ebfn tay c\u00f4 b\u00e1c s\u1ebd l\u00e0 t\u1eebng c\u00e2y \u0111\u00e3 c\u1ee9ng c\u00e1p \u0111\u00e3 ra c\u01a1i ch\u1ed3i m\u1edbi.<\/p>\n<p>Qu\u00fd c\u00f4 b\u00e1c c\u00f3 th\u1ec3 li\u00ean h\u1ec7 tr\u1ef1c ti\u1ebfp qua SDT\/ Zalo 0962.888.014 (<a href=\"http:\/\/localhost\/phucan713\/\" target=\"_blank\" rel=\"noopener\">C\u00e2y Gi\u1ed1ng Ph\u00fac An<\/a>) \u0111\u1ec3 ch\u00fang t\u00f4i t\u01b0 v\u1ea5n v\u00e0 b\u00e1o gi\u00e1 c\u1ee5 th\u1ec3. Xin c\u1ea3m \u01a1n qu\u00fd c\u00f4 b\u00e1c \u0111\u00e3 \u0111\u1eb7t ni\u1ec1m tin v\u1edbi nh\u00e0 v\u01b0\u1eddn.<\/p>\n","protected":false},"excerpt":{"rendered":"<p>* Gi\u00e1 tham kh\u1ea3o cho s\u1ed1 l\u01b0\u1ee3ng t\u1eeb 30 c\u00e2y, c\u00f3 th\u1ec3 thay \u0111\u1ed5i theo th\u1eddi \u0111i\u1ec3m<br \/>\n* Ch\u01b0a bao g\u1ed3m ph\u00ed v\u1eadn chuy\u1ec3n (t\u00f9y theo s\u1ed1 l\u01b0\u1ee3ng c\u00e2y v\u00e0 \u0111\u1ecba \u0111i\u1ec3m giao h\u00e0ng)<\/p>\n","protected":false},"featured_media":4192,"comment_status":"open","ping_status":"closed","template":"","meta":[],"product_brand":[],"product_cat":[35,68],"product_tag":[],"class_list":{"0":"post-4191","1":"product","2":"type-product","3":"status-publish","4":"has-post-thumbnail","6":"product_cat-san-pham-giong-cay-an-trai","7":"product_cat-giong-man","9":"first","10":"instock","11":"shipping-taxable","12":"purchasable","13":"product-type-simple"},"_links":{"self":[{"href":"https:\/\/ktech4.k-tech-services.com\/phucan713\/wp-json\/wp\/v2\/product\/4191","targetHints":{"allow":["GET"]}}],"collection":[{"href":"https:\/\/ktech4.k-tech-services.com\/phucan713\/wp-json\/wp\/v2\/product"}],"about":[{"href":"https:\/\/ktech4.k-tech-services.com\/phucan713\/wp-json\/wp\/v2\/types\/product"}],"replies":[{"embeddable":true,"href":"https:\/\/ktech4.k-tech-services.com\/phucan713\/wp-json\/wp\/v2\/comments?post=4191"}],"wp:featuredmedia":[{"embeddable":true,"href":"https:\/\/ktech4.k-tech-services.com\/phucan713\/wp-json\/wp\/v2\/media\/4192"}],"wp:attachment":[{"href":"https:\/\/ktech4.k-tech-services.com\/phucan713\/wp-json\/wp\/v2\/media?parent=4191"}],"wp:term":[{"taxonomy":"product_brand","embeddable":true,"href":"https:\/\/ktech4.k-tech-services.com\/phucan713\/wp-json\/wp\/v2\/product_brand?post=4191"},{"taxonomy":"product_cat","embeddable":true,"href":"https:\/\/ktech4.k-tech-services.com\/phucan713\/wp-json\/wp\/v2\/product_cat?post=4191"},{"taxonomy":"product_tag","embeddable":true,"href":"https:\/\/ktech4.k-tech-services.com\/phucan713\/wp-json\/wp\/v2\/product_tag?post=4191"}],"curies":[{"name":"wp","href":"https:\/\/api.w.org\/{rel}","templated":true}]}}