{"id":4198,"date":"2025-12-09T18:57:43","date_gmt":"2025-12-09T11:57:43","guid":{"rendered":"https:\/\/caygiongphucan.com\/?post_type=product&amp;p=4198"},"modified":"2025-12-09T18:57:43","modified_gmt":"2025-12-09T11:57:43","slug":"mit-ma-lai-rut-cui","status":"publish","type":"product","link":"https:\/\/ktech4.k-tech-services.com\/phucan713\/san-pham\/mit-ma-lai-rut-cui\/","title":{"rendered":"Gi\u1ed1ng M\u00edt M\u00e3 Lai R\u00fat C\u00f9i"},"content":{"rendered":"<p>N\u1ebfu nh\u01b0 m\u00edt t\u1ed1 n\u1eef truy\u1ec1n th\u1ed1ng th\u01b0\u1eddng b\u1ecb ch\u00ea l\u00e0 tr\u00e1i nh\u1ecf, \u00edt th\u1ecbt (c\u01a1m), th\u00ec gi\u1ed1ng M\u00edt m\u00e3 lai r\u00fat c\u00f9i (hay c\u00f2n g\u1ecdi l\u00e0 M\u00edt T\u1ed1 N\u1eef Malaysia) l\u1ea1i l\u00e0 m\u1ed9t phi\u00ean b\u1ea3n n\u00e2ng c\u1ea5p ho\u00e0n h\u1ea3o. V\u1edbi k\u00edch th\u01b0\u1edbc tr\u00e1i to g\u1ea5p 2-3 l\u1ea7n, m\u00fai d\u00e0y, h\u1ea1t l\u00e9p v\u00e0 h\u01b0\u01a1ng th\u01a1m ng\u00e0o ng\u1ea1t, \u0111\u00e2y l\u00e0 gi\u1ed1ng c\u00e2y \u0111ang \u0111\u01b0\u1ee3c nhi\u1ec1u nh\u00e0 v\u01b0\u1eddn s\u0103n \u0111\u00f3n \u0111\u1ec3 tr\u1ed3ng kinh t\u1ebf v\u00e0 l\u00e0m du l\u1ecbch sinh th\u00e1i.<\/p>\n<p>Trong b\u00e0i vi\u1ebft n\u00e0y, c\u00e2y gi\u1ed1ng Ph\u00fac An s\u1ebd chia s\u1ebb chi ti\u1ebft v\u1ec1 \u0111\u1eb7c t\u00ednh, n\u0103ng su\u1ea5t th\u1ef1c t\u1ebf v\u00e0 quy tr\u00ecnh k\u1ef9 thu\u1eadt canh t\u00e1c gi\u1ed1ng m\u00edt \u0111\u1ed9c \u0111\u00e1o n\u00e0y \u0111\u1ec3 b\u00e0 con tham kh\u1ea3o.<\/p>\n<h2>Gi\u1edbi thi\u1ec7u v\u00e0 \u0111\u1eb7c \u0111i\u1ec3m n\u1ed5i b\u1eadt c\u1ee7a gi\u1ed1ng m\u00edt m\u00e3 lai r\u00fat c\u00f9i<\/h2>\n<p>Gi\u1ed1ng M\u00edt M\u00e3 Lai r\u00fat c\u00f9i th\u1ef1c ch\u1ea5t l\u00e0 m\u1ed9t d\u00f2ng m\u00edt T\u1ed1 N\u1eef cao s\u1ea3n c\u00f3 ngu\u1ed3n g\u1ed1c t\u1eeb Malaysia. \u0110i\u1ec3m &#8220;\u0103n ti\u1ec1n&#8221; nh\u1ea5t c\u1ee7a gi\u1ed1ng n\u00e0y l\u00e0 s\u1ef1 k\u1ebft h\u1ee3p gi\u1eefa h\u01b0\u01a1ng v\u1ecb th\u01a1m ngon c\u1ee7a m\u00edt t\u1ed1 n\u1eef v\u00e0 k\u00edch th\u01b0\u1edbc to l\u1edbn c\u1ee7a m\u00edt th\u01b0\u1eddng.<\/p>\n<h3>\u0110\u1eb7c \u0111i\u1ec3m h\u00ecnh th\u00e1i<\/h3>\n<p>Th\u00e2n v\u00e0 l\u00e1: C\u00e2y th\u00e2n g\u1ed7, s\u1ee9c sinh tr\u01b0\u1edfng m\u1ea1nh. L\u00e1 c\u1ee7a m\u00edt M\u00e3 Lai c\u00f3 l\u00f4ng nh\u00e1m (\u0111\u1eb7c tr\u01b0ng c\u1ee7a d\u00f2ng t\u1ed1 n\u1eef), l\u00e1 to v\u00e0 m\u00e0u xanh \u0111\u1eadm h\u01a1n t\u1ed1 n\u1eef ta.<\/p>\n<p>\u0110\u1eb7c \u0111i\u1ec3m tr\u00e1i:<\/p>\n<p>K\u00edch th\u01b0\u1edbc: Tr\u00e1i h\u00ecnh b\u1ea7u d\u1ee5c d\u00e0i, to v\u00e0 n\u1eb7ng. Trung b\u00ecnh m\u1ed7i tr\u00e1i n\u1eb7ng t\u1eeb 2kg \u2013 4kg (trong khi m\u00edt t\u1ed1 n\u1eef ta ch\u1ec9 kho\u1ea3ng d\u01b0\u1edbi 1kg).<\/p>\n<p>V\u1ecf tr\u00e1i: V\u1ecf m\u1ecfng, gai nh\u1ecf v\u00e0 d\u1eb9p. Khi ch\u00edn v\u1ecf chuy\u1ec3n sang m\u00e0u n\u00e2u v\u00e0ng.<\/p>\n<p>C\u00e1ch \u0103n: \u0110\u00e2y l\u00e0 \u0111i\u1ec3m \u0111\u1ed9c \u0111\u00e1o nh\u1ea5t. Khi m\u00edt ch\u00edn, b\u00e0 con ch\u1ec9 c\u1ea7n d\u00f9ng dao r\u1ea1ch nh\u1eb9 v\u1ecf r\u1ed3i t\u00e1ch ra nh\u01b0 l\u1ed9t v\u1ecf chu\u1ed1i, sau \u0111\u00f3 c\u1ea7m cu\u1ed1ng r\u00fat m\u1ea1nh l\u00e0 to\u00e0n b\u1ed9 ph\u1ea7n m\u00fai m\u00edt s\u1ebd \u0111i theo c\u00f9i (l\u00f5i), t\u00e1ch r\u1eddi kh\u1ecfi v\u1ecf r\u1ea5t d\u1ec5 d\u00e0ng.<\/p>\n<p>H\u01b0\u01a1ng v\u1ecb: C\u01a1m m\u00edt m\u00e0u v\u00e0ng cam ho\u1eb7c v\u00e0ng t\u01b0\u01a1i, m\u00fai r\u1ea5t to v\u00e0 d\u00e0y, h\u1ea1t nh\u1ecf (h\u1ea1t l\u00e9p nhi\u1ec1u). V\u1ecb ng\u1ecdt l\u1ecbm, \u0111\u1ed9 b\u00e9o cao v\u00e0 m\u00f9i th\u01a1m n\u1ed3ng n\u00e0n lan t\u1ecfa c\u1ea3 v\u01b0\u1eddn.<\/p>\n<h3>\u0110\u1eb7c t\u00ednh sinh tr\u01b0\u1edfng<\/h3>\n<p>C\u00e2y th\u00edch nghi r\u1ea5t t\u1ed1t v\u1edbi kh\u00ed h\u1eadu nhi\u1ec7t \u0111\u1edbi n\u00f3ng \u1ea9m c\u1ee7a Vi\u1ec7t Nam. M\u00edt M\u00e3 Lai r\u00fat c\u00f9i kh\u1ecfe m\u1ea1nh, \u00edt k\u00e9n \u0111\u1ea5t v\u00e0 ch\u1ecbu \u0111\u01b0\u1ee3c \u0111i\u1ec1u ki\u1ec7n kh\u00f4 h\u1ea1n kh\u00e1 t\u1ed1t.<\/p>\n<h2>M\u00edt m\u00e3 lai r\u00fat c\u00f9i tr\u1ed3ng bao l\u00e2u c\u00f3 tr\u00e1i?<\/h2>\n<p>So v\u1edbi c\u00e1c lo\u1ea1i m\u00edt th\u00e1i si\u00eau s\u1edbm (18 th\u00e1ng), m\u00edt M\u00e3 Lai r\u00fat c\u00f9i c\u00f3 th\u1eddi gian sinh tr\u01b0\u1edfng l\u00e2u h\u01a1n m\u1ed9t ch\u00fat nh\u01b0ng b\u00f9 l\u1ea1i tu\u1ed5i th\u1ecd c\u00e2y b\u1ec1n h\u01a1n:<\/p>\n<p>Th\u1eddi gian cho tr\u00e1i: N\u1ebfu tr\u1ed3ng t\u1eeb c\u00e2y gh\u00e9p (t\u1eeb c\u00e2y m\u1eb9 \u0111\u00fang gi\u1ed1ng), sau kho\u1ea3ng 24 \u2013 30 th\u00e1ng (2 &#8211; 2.5 n\u0103m) ch\u0103m s\u00f3c l\u00e0 c\u00e2y b\u1eaft \u0111\u1ea7u cho tr\u00e1i b\u00f3i.<\/p>\n<p>L\u1ee3i th\u1ebf: C\u00e2y c\u00e0ng l\u1edbn, t\u00e1n c\u00e0ng r\u1ed9ng th\u00ec tr\u00e1i c\u00e0ng sai v\u00e0 ch\u1ea5t l\u01b0\u1ee3ng tr\u00e1i c\u00e0ng ngon.<\/p>\n<h2>Chu k\u1ef3 ra hoa v\u00e0 thu ho\u1ea1ch<\/h2>\n<p>M\u00f9a v\u1ee5: C\u00e2y th\u01b0\u1eddng ra hoa t\u1ef1 nhi\u00ean v\u00e0o m\u00f9a kh\u00f4 v\u00e0 cho thu ho\u1ea1ch r\u1ed9 v\u00e0o m\u00f9a h\u00e8 (th\u00e1ng 5 \u2013 7 \u00e2m l\u1ecbch). Tuy nhi\u00ean, v\u1edbi k\u1ef9 thu\u1eadt ch\u0103m s\u00f3c hi\u1ec7n nay, b\u00e0 con c\u00f3 th\u1ec3 x\u1eed l\u00fd \u0111\u1ec3 c\u00e2y cho tr\u00e1i r\u1ea3i v\u1ee5, b\u00e1n \u0111\u01b0\u1ee3c gi\u00e1 cao h\u01a1n.<\/p>\n<p>Th\u1eddi gian nu\u00f4i tr\u00e1i: T\u1eeb l\u00fac \u0111\u1eadu tr\u00e1i \u0111\u1ebfn khi ch\u00edn m\u1ea5t kho\u1ea3ng 3.5 \u2013 4 th\u00e1ng.<\/p>\n<p>D\u1ea5u hi\u1ec7u thu ho\u1ea1ch: Khi tr\u00e1i gi\u00e0, gai n\u1edf to v\u00e0 d\u1eb9p xu\u1ed1ng, v\u1ed7 v\u00e0o nghe ti\u1ebfng b\u1ed9p b\u1ed9p v\u00e0 b\u1eaft \u0111\u1ea7u t\u1ecfa h\u01b0\u01a1ng th\u01a1m nh\u1eb9 l\u00e0 c\u00f3 th\u1ec3 thu ho\u1ea1ch.<\/p>\n<h2>N\u0103ng su\u1ea5t gi\u1ed1ng m\u00edt m\u00e3 lai r\u00fat c\u00f9i<\/h2>\n<p>\u0110\u00e2y l\u00e0 gi\u1ed1ng c\u00e2y cho n\u0103ng su\u1ea5t r\u1ea5t \u1ea5n t\u01b0\u1ee3ng nh\u1edd kh\u1ea3 n\u0103ng \u0111\u1eadu tr\u00e1i ch\u00f9m:<\/p>\n<p>\u0110\u1ed9 sai tr\u00e1i: M\u1ed9t c\u00e2y tr\u01b0\u1edfng th\u00e0nh c\u00f3 th\u1ec3 \u0111eo t\u1eeb 50 \u2013 100 tr\u00e1i\/m\u00f9a (tuy nhi\u00ean c\u1ea7n t\u1ec9a b\u1edbt \u0111\u1ec3 \u0111\u1ea3m b\u1ea3o tr\u1ecdng l\u01b0\u1ee3ng tr\u00e1i to). M\u00edt th\u01b0\u1eddng m\u1ecdc th\u00e0nh ch\u00f9m 2-3 tr\u00e1i.<\/p>\n<p>S\u1ea3n l\u01b0\u1ee3ng: Trung b\u00ecnh m\u1ed9t c\u00e2y c\u00f3 th\u1ec3 cho thu ho\u1ea1ch t\u1eeb 100 \u2013 150kg tr\u00e1i\/n\u0103m.<\/p>\n<p>Gi\u00e1 tr\u1ecb kinh t\u1ebf: Do l\u00e0 gi\u1ed1ng l\u1ea1, ch\u1ea5t l\u01b0\u1ee3ng ngon v\u00e0 tr\u00e1i to, gi\u00e1 m\u00edt M\u00e3 Lai r\u00fat c\u00f9i tr\u00ean th\u1ecb tr\u01b0\u1eddng th\u01b0\u1eddng cao g\u1ea5p \u0111\u00f4i, g\u1ea5p ba so v\u1edbi m\u00edt t\u1ed1 n\u1eef th\u01b0\u1eddng.<\/p>\n<h2>K\u1ef9 thu\u1eadt tr\u1ed3ng v\u00e0 ch\u0103m s\u00f3c theo h\u01b0\u1edbng b\u1ec1n v\u1eefng<\/h2>\n<p>M\u00edt l\u00e0 c\u00e2y d\u1ec5 tr\u1ed3ng, nh\u01b0ng \u0111\u1ec3 tr\u00e1i to &#8220;kh\u1ee7ng&#8221;, m\u00fai d\u00e0y v\u00e0 c\u00e2y kh\u00f4ng b\u1ecb x\u00ec m\u1ee7, C\u00e2y Gi\u1ed1ng Ph\u00fac An khuy\u1ebfn kh\u00edch b\u00e0 con canh t\u00e1c theo h\u01b0\u1edbng h\u1eefu c\u01a1:<\/p>\n<h3>Chu\u1ea9n b\u1ecb \u0111\u1ea5t v\u00e0 m\u1eadt \u0111\u1ed9 tr\u1ed3ng<\/h3>\n<p>M\u1eadt \u0111\u1ed9: Tr\u1ed3ng v\u1edbi kho\u1ea3ng c\u00e1ch 6m x 6m ho\u1eb7c 7m x 7m. M\u00edt M\u00e3 Lai c\u00f3 t\u00e1n l\u1edbn h\u01a1n m\u00edt Th\u00e1i, c\u1ea7n kh\u00f4ng gian tho\u00e1ng \u0111\u1ec3 c\u00e2y ph\u00e1t tri\u1ec3n v\u00e0 h\u1ea1n ch\u1ebf s\u00e2u b\u1ec7nh.<\/p>\n<p>L\u00ean m\u00f4: M\u00edt r\u1ea5t s\u1ee3 ng\u1eadp \u00fang (ng\u1eadp l\u00e0 th\u1ed1i r\u1ec5, ch\u1ebft c\u00e2y). B\u1eaft bu\u1ed9c ph\u1ea3i l\u00ean m\u00f4 cao v\u00e0 x\u1ebb m\u01b0\u01a1ng tho\u00e1t n\u01b0\u1edbc tri\u1ec7t \u0111\u1ec3.<\/p>\n<h3>Quy tr\u00ecnh b\u00f3n ph\u00e2n<\/h3>\n<p>Giai \u0111o\u1ea1n Ki\u1ebfn thi\u1ebft: B\u00f3n l\u00f3t ph\u00e2n chu\u1ed3ng \u1ee7 hoai v\u00e0 L\u00e2n. \u0110\u1ecbnh k\u1ef3 b\u00f3n ph\u00e2n h\u1eefu c\u01a1 kho\u00e1ng v\u00e0 NPK 20-20-15 \u0111\u1ec3 nu\u00f4i th\u00e2n, l\u00e1.<\/p>\n<p>Giai \u0111o\u1ea1n Kinh doanh:<\/p>\n<p>Nu\u00f4i tr\u00e1i: M\u00edt r\u1ea5t c\u1ea7n Kali \u0111\u1ec3 tr\u00e1i ng\u1ecdt v\u00e0 l\u00ean m\u00e0u \u0111\u1eb9p. B\u00f3n NPK 3 s\u1ed1 \u0111\u1ec1u k\u1ebft h\u1ee3p b\u00f3n th\u00eam Kali tr\u1eafng.<\/p>\n<p>Quan tr\u1ecdng: Sau thu ho\u1ea1ch, ph\u1ea3i b\u00f3n nhi\u1ec1u ph\u00e2n h\u1eefu c\u01a1 (ph\u00e2n g\u00e0 x\u1eed l\u00fd, ph\u00e2n b\u00f2) \u0111\u1ec3 ph\u1ee5c h\u1ed3i \u0111\u1ea5t. H\u1ea1n ch\u1ebf b\u00f3n qu\u00e1 nhi\u1ec1u \u0110\u1ea1m h\u00f3a h\u1ecdc (Ur\u00ea) v\u00ec d\u1ec5 l\u00e0m c\u00e2y b\u1ecb n\u1ee9t th\u00e2n x\u00ec m\u1ee7 v\u00e0 tr\u00e1i b\u1ecb n\u1ee9t gai, th\u1ed1i tr\u00e1i.<\/p>\n<h3>Qu\u1ea3n l\u00fd n\u01b0\u1edbc t\u01b0\u1edbi v\u00e0 s\u00e2u b\u1ec7nh<\/h3>\n<p>S\u00e2u \u0111\u1ee5c tr\u00e1i: \u0110\u00e2y l\u00e0 k\u1ebb th\u00f9 s\u1ed1 1 c\u1ee7a c\u00e2y m\u00edt. B\u00e0 con n\u00ean th\u0103m v\u01b0\u1eddn th\u01b0\u1eddng xuy\u00ean, khi tr\u00e1i non v\u1eeba h\u00ecnh th\u00e0nh n\u00ean phun ng\u1eeba sinh h\u1ecdc v\u00e0 bao tr\u00e1i s\u1edbm \u0111\u1ec3 b\u1ea3o v\u1ec7 tr\u00e1i kh\u1ecfi s\u00e2u v\u00e0 ru\u1ed3i v\u00e0ng.<\/p>\n<p>X\u00ec m\u1ee7 th\u00e2n: B\u1ec7nh nan gi\u1ea3i tr\u00ean c\u00e2y m\u00edt. Ph\u00f2ng ng\u1eeba b\u1eb1ng c\u00e1ch qu\u00e9t v\u00f4i v\u00e0o g\u1ed1c v\u00e0o \u0111\u1ea7u m\u00f9a m\u01b0a, kh\u00f4ng g\u00e2y v\u1ebft th\u01b0\u01a1ng l\u00ean r\u1ec5 v\u00e0 th\u00e2n c\u00e2y, s\u1eed d\u1ee5ng n\u1ea5m \u0111\u1ed1i kh\u00e1ng Trichoderma t\u01b0\u1edbi g\u1ed1c th\u01b0\u1eddng xuy\u00ean.<\/p>\n<h2>Mua gi\u1ed1ng M\u00edt m\u00e3 lai r\u00fat c\u00f9i \u1edf \u0111\u00e2u uy t\u00edn?<\/h2>\n<p>M\u00edt M\u00e3 Lai r\u00fat c\u00f9i r\u1ea5t d\u1ec5 b\u1ecb nh\u1ea7m l\u1eabn v\u1edbi m\u00edt t\u1ed1 n\u1eef ta (tr\u00e1i nh\u1ecf) ho\u1eb7c m\u00edt Th\u00e1i khi c\u00e2y c\u00f2n nh\u1ecf. Vi\u1ec7c ch\u1ecdn nh\u00e0 v\u01b0\u1eddn uy t\u00edn, cam k\u1ebft chu\u1ea9n gi\u1ed1ng l\u00e0 y\u1ebfu t\u1ed1 then ch\u1ed1t \u0111\u1ec3 tr\u00e1nh c\u00f4ng s\u1ee9c v\u00e0i n\u0103m ch\u0103m s\u00f3c m\u00e0 tr\u00e1i ra kh\u00f4ng nh\u01b0 \u00fd.<\/p>\n<p>C\u00e2y Gi\u1ed1ng Ph\u00fac An t\u1ef1 h\u00e0o l\u00e0 \u0111\u01a1n v\u1ecb cung c\u1ea5p c\u00e2y gi\u1ed1ng uy t\u00edn, \u0111\u01b0\u1ee3c nhi\u1ec1u b\u00e0 con tin t\u01b0\u1edfng:<\/p>\n<p>Chu\u1ea9n gi\u1ed1ng: C\u00e2y gi\u1ed1ng \u0111\u01b0\u1ee3c gh\u00e9p t\u1eeb nh\u1eefng c\u00e2y m\u1eb9 \u0111\u00fang gi\u1ed1ng, kh\u1ecfe m\u1ea1nh, \u0111\u00e3 \u0111\u01b0\u1ee3c tuy\u1ec3n ch\u1ecdn k\u1ef9 l\u01b0\u1ee1ng. C\u00e2y tr\u1ea3i qua quy tr\u00ecnh nh\u00e2n gi\u1ed1ng, d\u01b0\u1ee1ng c\u00e2y con, x\u1ea3 n\u1eafng ho\u00e0n ch\u1ec9nh. \u0110\u1ebfn tay c\u00f4 b\u00e1c s\u1ebd l\u00e0 t\u1eebng c\u00e2y \u0111\u00e3 c\u1ee9ng c\u00e1p \u0111\u00e3 ra c\u01a1i ch\u1ed3i m\u1edbi.<\/p>\n<p>Qu\u00fd c\u00f4 b\u00e1c c\u00f3 th\u1ec3 li\u00ean h\u1ec7 tr\u1ef1c ti\u1ebfp qua SDT\/ Zalo 0962.888.014 (<a href=\"http:\/\/localhost\/phucan713\/\" target=\"_blank\" rel=\"noopener\">C\u00e2y Gi\u1ed1ng Ph\u00fac An<\/a>) \u0111\u1ec3 ch\u00fang t\u00f4i t\u01b0 v\u1ea5n v\u00e0 b\u00e1o gi\u00e1 c\u1ee5 th\u1ec3. Xin c\u1ea3m \u01a1n qu\u00fd c\u00f4 b\u00e1c \u0111\u00e3 \u0111\u1eb7t ni\u1ec1m tin v\u1edbi nh\u00e0 v\u01b0\u1eddn.<\/p>\n","protected":false},"excerpt":{"rendered":"<p>* Gi\u00e1 tham kh\u1ea3o cho s\u1ed1 l\u01b0\u1ee3ng t\u1eeb 30 c\u00e2y, c\u00f3 th\u1ec3 thay \u0111\u1ed5i theo th\u1eddi \u0111i\u1ec3m<br \/>\n* Ch\u01b0a bao g\u1ed3m ph\u00ed v\u1eadn chuy\u1ec3n (t\u00f9y theo s\u1ed1 l\u01b0\u1ee3ng c\u00e2y v\u00e0 \u0111\u1ecba \u0111i\u1ec3m giao h\u00e0ng)<\/p>\n","protected":false},"featured_media":4199,"comment_status":"open","ping_status":"closed","template":"","meta":[],"product_brand":[],"product_cat":[35,75],"product_tag":[],"class_list":{"0":"post-4198","1":"product","2":"type-product","3":"status-publish","4":"has-post-thumbnail","6":"product_cat-san-pham-giong-cay-an-trai","7":"product_cat-giong-mit","9":"first","10":"instock","11":"shipping-taxable","12":"purchasable","13":"product-type-simple"},"_links":{"self":[{"href":"https:\/\/ktech4.k-tech-services.com\/phucan713\/wp-json\/wp\/v2\/product\/4198","targetHints":{"allow":["GET"]}}],"collection":[{"href":"https:\/\/ktech4.k-tech-services.com\/phucan713\/wp-json\/wp\/v2\/product"}],"about":[{"href":"https:\/\/ktech4.k-tech-services.com\/phucan713\/wp-json\/wp\/v2\/types\/product"}],"replies":[{"embeddable":true,"href":"https:\/\/ktech4.k-tech-services.com\/phucan713\/wp-json\/wp\/v2\/comments?post=4198"}],"wp:featuredmedia":[{"embeddable":true,"href":"https:\/\/ktech4.k-tech-services.com\/phucan713\/wp-json\/wp\/v2\/media\/4199"}],"wp:attachment":[{"href":"https:\/\/ktech4.k-tech-services.com\/phucan713\/wp-json\/wp\/v2\/media?parent=4198"}],"wp:term":[{"taxonomy":"product_brand","embeddable":true,"href":"https:\/\/ktech4.k-tech-services.com\/phucan713\/wp-json\/wp\/v2\/product_brand?post=4198"},{"taxonomy":"product_cat","embeddable":true,"href":"https:\/\/ktech4.k-tech-services.com\/phucan713\/wp-json\/wp\/v2\/product_cat?post=4198"},{"taxonomy":"product_tag","embeddable":true,"href":"https:\/\/ktech4.k-tech-services.com\/phucan713\/wp-json\/wp\/v2\/product_tag?post=4198"}],"curies":[{"name":"wp","href":"https:\/\/api.w.org\/{rel}","templated":true}]}}