{"id":4202,"date":"2025-12-09T19:19:49","date_gmt":"2025-12-09T12:19:49","guid":{"rendered":"https:\/\/caygiongphucan.com\/?post_type=product&amp;p=4202"},"modified":"2025-12-09T19:19:49","modified_gmt":"2025-12-09T12:19:49","slug":"giong-nhan-long-phung-chau","status":"publish","type":"product","link":"https:\/\/ktech4.k-tech-services.com\/phucan713\/san-pham\/giong-nhan-long-phung-chau\/","title":{"rendered":"Gi\u1ed1ng Nh\u00e3n Long Ph\u1ee5ng Ch\u00e2u"},"content":{"rendered":"<p>Tr\u01b0\u1edbc t\u00ecnh tr\u1ea1ng nh\u00e3n Da B\u00f2 ng\u00e0y c\u00e0ng kh\u00f3 tr\u1ed3ng do d\u1ecbch b\u1ec7nh ch\u1ed5i r\u1ed3ng ho\u00e0nh h\u00e0nh, gi\u1ed1ng Nh\u00e3n Long Ph\u1ee5ng Ch\u00e2u \u0111\u00e3 n\u1ed5i l\u00ean nh\u01b0 m\u1ed9t &#8220;c\u1ee9u c\u00e1nh&#8221; cho b\u00e0 con nh\u00e0 v\u01b0\u1eddn. V\u1edbi \u0111\u1eb7c t\u00ednh kh\u00e1ng b\u1ec7nh v\u01b0\u1ee3t tr\u1ed9i, n\u0103ng su\u1ea5t cao v\u00e0 ph\u1ea9m ch\u1ea5t tr\u00e1i ngon (c\u01a1m d\u00e0y, h\u1ea1t nh\u1ecf), \u0111\u00e2y l\u00e0 gi\u1ed1ng nh\u00e3n \u0111ang \u0111\u01b0\u1ee3c m\u1edf r\u1ed9ng di\u1ec7n t\u00edch tr\u1ed3ng m\u1ea1nh m\u1ebd t\u1ea1i \u0110BSCL.<\/p>\n<p>Trong b\u00e0i vi\u1ebft n\u00e0y, C\u00e2y Gi\u1ed1ng Ph\u00fac An s\u1ebd chia s\u1ebb chi ti\u1ebft v\u1ec1 \u0111\u1eb7c t\u00ednh, n\u0103ng su\u1ea5t th\u1ef1c t\u1ebf v\u00e0 quy tr\u00ecnh k\u1ef9 thu\u1eadt canh t\u00e1c gi\u1ed1ng nh\u00e3n Long Ph\u1ee5ng Ch\u00e2u \u0111\u1ec3 b\u00e0 con tham kh\u1ea3o chuy\u1ec3n \u0111\u1ed5i c\u00e2y tr\u1ed3ng.<\/p>\n<h2>Gi\u1edbi thi\u1ec7u v\u00e0 \u0111\u1eb7c \u0111i\u1ec3m n\u1ed5i b\u1eadt c\u1ee7a gi\u1ed1ng nh\u00e3n long ph\u1ee5ng ch\u00e2u<\/h2>\n<p>Nh\u00e3n Long Ph\u1ee5ng Ch\u00e2u c\u00f3 ngu\u1ed3n g\u1ed1c t\u1eeb v\u00f9ng \u0111\u1ea5t Ch\u00e2u Th\u00e0nh (Long An), \u0111\u01b0\u1ee3c lai t\u1ea1o v\u00e0 tuy\u1ec3n ch\u1ecdn k\u1ef9 l\u01b0\u1ee1ng. Gi\u1ed1ng n\u00e0y kh\u1eafc ph\u1ee5c \u0111\u01b0\u1ee3c h\u1ea7u h\u1ebft c\u00e1c nh\u01b0\u1ee3c \u0111i\u1ec3m c\u1ee7a c\u00e1c gi\u1ed1ng nh\u00e3n c\u0169.<\/p>\n<h3>\u0110\u1eb7c \u0111i\u1ec3m h\u00ecnh th\u00e1i<\/h3>\n<p>Th\u00e2n v\u00e0 l\u00e1: C\u00e2y sinh tr\u01b0\u1edfng kh\u1ecfe, t\u00e1n l\u00e1 x\u00f2e r\u1ed9ng. L\u00e1 nh\u00e3n Long Ph\u1ee5ng Ch\u00e2u thu\u00f4n d\u00e0i, m\u00e0u xanh \u0111\u1eadm v\u00e0 \u00edt b\u1ecb qu\u0103n queo do r\u1ea7y t\u1ea5n c\u00f4ng.<\/p>\n<p>\u0110\u1eb7c \u0111i\u1ec3m tr\u00e1i:<\/p>\n<p>Tr\u00e1i c\u00f3 k\u00edch th\u01b0\u1edbc trung b\u00ecnh \u0111\u1ebfn l\u1edbn, v\u1ecf m\u00e0u v\u00e0ng s\u00e1ng (m\u00e0u da b\u00f2 s\u00e1ng).<\/p>\n<p>Th\u1ecbt (C\u01a1m): C\u01a1m nh\u00e3n r\u1ea5t d\u00e0y, m\u00e0u tr\u1eafng \u0111\u1ee5c, kh\u00f4 r\u00e1o (kh\u00f4ng b\u1ecb \u01b0\u1edbt tay khi b\u00f3c).<\/p>\n<p>H\u1ea1t: H\u1ea1t r\u1ea5t nh\u1ecf (nhi\u1ec1u tr\u00e1i h\u1ea1t ti\u00eau), t\u1ef7 l\u1ec7 th\u1ecbt tr\u00e1i cao.<\/p>\n<p>H\u01b0\u01a1ng v\u1ecb: V\u1ecb ng\u1ecdt thanh \u0111\u1eadm \u0111\u00e0, m\u00f9i th\u01a1m nh\u1eb9, \u0103n r\u1ea5t gi\u00f2n. Nh\u1edd c\u01a1m kh\u00f4 r\u00e1o n\u00ean nh\u00e3n Long Ph\u1ee5ng Ch\u00e2u b\u1ea3o qu\u1ea3n \u0111\u01b0\u1ee3c l\u00e2u, r\u1ea5t thu\u1eadn l\u1ee3i cho vi\u1ec7c v\u1eadn chuy\u1ec3n \u0111i xa ho\u1eb7c xu\u1ea5t kh\u1ea9u.<\/p>\n<h3>\u0110\u1eb7c t\u00ednh sinh tr\u01b0\u1edfng<\/h3>\n<p>Kh\u00e1ng b\u1ec7nh Ch\u1ed5i r\u1ed3ng: \u0110\u00e2y l\u00e0 \u01b0u \u0111i\u1ec3m l\u1edbn nh\u1ea5t. Nh\u00e3n Long Ph\u1ee5ng Ch\u00e2u c\u00f3 kh\u1ea3 n\u0103ng kh\u00e1ng b\u1ec7nh ch\u1ed5i r\u1ed3ng r\u1ea5t t\u1ed1t (t\u1ec9 l\u1ec7 nhi\u1ec5m b\u1ec7nh c\u1ef1c th\u1ea5p so v\u1edbi nh\u00e3n Da B\u00f2), gi\u00fap b\u00e0 con gi\u1ea3m chi ph\u00ed thu\u1ed1c men v\u00e0 an t\u00e2m canh t\u00e1c.<\/p>\n<p>C\u00e2y th\u00edch nghi t\u1ed1t v\u1edbi nhi\u1ec1u lo\u1ea1i \u0111\u1ea5t, t\u1eeb \u0111\u1ea5t th\u1ecbt, \u0111\u1ea5t ph\u00f9 sa \u0111\u1ebfn \u0111\u1ea5t c\u00e1t pha.<\/p>\n<h2>Nh\u00e3n long ph\u1ee5ng ch\u00e2u tr\u1ed3ng bao l\u00e2u c\u00f3 tr\u00e1i?<\/h2>\n<p>C\u0169ng nh\u01b0 c\u00e1c gi\u1ed1ng nh\u00e3n gh\u00e9p kh\u00e1c, Long Ph\u1ee5ng Ch\u00e2u cho thu ho\u1ea1ch kh\u00e1 s\u1edbm:<\/p>\n<p>Th\u1eddi gian cho tr\u00e1i: N\u1ebfu tr\u1ed3ng t\u1eeb c\u00e2y gh\u00e9p (c\u00e2y th\u00e1p) chu\u1ea9n gi\u1ed1ng, sau kho\u1ea3ng 2 \u2013 3 n\u0103m ch\u0103m s\u00f3c l\u00e0 c\u00e2y b\u1eaft \u0111\u1ea7u cho tr\u00e1i chi\u1ebfn (v\u1ee5 b\u00f3i).<\/p>\n<p>L\u01b0u \u00fd: Trong 2 n\u0103m \u0111\u1ea7u, b\u00e0 con n\u00ean t\u1eadp trung nu\u00f4i b\u1ed9 t\u00e1n cho c\u00e2y th\u1eadt sung m\u00e3n, h\u1ea1n ch\u1ebf \u0111\u1ec3 tr\u00e1i s\u1edbm \u0111\u1ec3 tr\u00e1nh l\u00e0m c\u00e2y b\u1ecb suy, \u1ea3nh h\u01b0\u1edfng \u0111\u1ebfn n\u0103ng su\u1ea5t \u0111\u01b0\u1eddng d\u00e0i.<\/p>\n<h2>Chu k\u1ef3 ra hoa v\u00e0 thu ho\u1ea1ch<\/h2>\n<p>M\u00f9a v\u1ee5: Nh\u00e3n Long Ph\u1ee5ng Ch\u00e2u c\u00f3 th\u1ec3 ra hoa t\u1ef1 nhi\u00ean. Tuy nhi\u00ean, \u01b0u \u0111i\u1ec3m l\u1edbn c\u1ee7a gi\u1ed1ng n\u00e0y l\u00e0 d\u1ec5 x\u1eed l\u00fd ra hoa ngh\u1ecbch v\u1ee5 (b\u1eb1ng ph\u01b0\u01a1ng ph\u00e1p t\u01b0\u1edbi thu\u1ed1c KClO3 &#8211; Chlorate Kali) gi\u1ed1ng nh\u01b0 nh\u00e3n Ido.<\/p>\n<p>Th\u1eddi gian nu\u00f4i tr\u00e1i: T\u1eeb l\u00fac x\u1eed l\u00fd ra hoa \u0111\u1ebfn khi thu ho\u1ea1ch k\u00e9o d\u00e0i kho\u1ea3ng 7 \u2013 8 th\u00e1ng.<\/p>\n<p>L\u1ee3i th\u1ebf: Nh\u1edd kh\u1ea3 n\u0103ng r\u1ea3i v\u1ee5, b\u00e0 con c\u00f3 th\u1ec3 ch\u1ee7 \u0111\u1ed9ng cho c\u00e2y ra tr\u00e1i v\u00e0o c\u00e1c th\u00e1ng gi\u00e1 cao, tr\u00e1nh t\u00ecnh tr\u1ea1ng &#8220;tr\u00fang m\u00f9a r\u1edbt gi\u00e1&#8221;.<\/p>\n<h2>N\u0103ng su\u1ea5t gi\u1ed1ng nh\u00e3n long ph\u1ee5ng ch\u00e2u<\/h2>\n<p>N\u0103ng su\u1ea5t c\u1ee7a gi\u1ed1ng n\u00e0y \u0111\u01b0\u1ee3c \u0111\u00e1nh gi\u00e1 l\u00e0 r\u1ea5t cao v\u00e0 \u1ed5n \u0111\u1ecbnh, \u00edt b\u1ecb hi\u1ec7n t\u01b0\u1ee3ng n\u0103m tr\u00fang n\u0103m th\u1ea5t:<\/p>\n<p>S\u1ea3n l\u01b0\u1ee3ng:<\/p>\n<p>C\u00e2y t\u01a1 (n\u0103m th\u1ee9 3-4): C\u00f3 th\u1ec3 cho t\u1eeb 20 \u2013 40kg\/c\u00e2y.<\/p>\n<p>C\u00e2y tr\u01b0\u1edfng th\u00e0nh (n\u0103m th\u1ee9 6 tr\u1edf \u0111i): N\u0103ng su\u1ea5t t\u0103ng v\u1ecdt, trung b\u00ecnh \u0111\u1ea1t t\u1eeb 80 \u2013 120kg\/c\u00e2y\/n\u0103m.<\/p>\n<p>Ch\u00f9m tr\u00e1i: Nh\u00e3n \u0111\u00f3ng ch\u00f9m r\u1ea5t to, cu\u1ed1ng dai, \u00edt b\u1ecb r\u1ee5ng tr\u00e1i sinh l\u00fd.<\/p>\n<p>Tu\u1ed5i th\u1ecd: V\u01b0\u1eddn nh\u00e3n c\u00f3 th\u1ec3 khai th\u00e1c kinh t\u1ebf l\u00e2u d\u00e0i t\u1eeb 20 \u2013 30 n\u0103m.<\/p>\n<h2>K\u1ef9 thu\u1eadt tr\u1ed3ng v\u00e0 ch\u0103m s\u00f3c theo h\u01b0\u1edbng b\u1ec1n v\u1eefng<\/h2>\n<p>\u0110\u1ec3 c\u00e2y nh\u00e3n b\u1ec1n, kh\u00f4ng b\u1ecb suy sau khi x\u1eed l\u00fd ra hoa, C\u00e2y Gi\u1ed1ng Ph\u00fac An khuy\u1ebfn kh\u00edch b\u00e0 con ch\u00fa tr\u1ecdng b\u00f3n ph\u00e2n h\u1eefu c\u01a1:<\/p>\n<h3>Chu\u1ea9n b\u1ecb \u0111\u1ea5t v\u00e0 m\u1eadt \u0111\u1ed9 tr\u1ed3ng<\/h3>\n<p>L\u00ean m\u00f4: \u1ede mi\u1ec1n T\u00e2y, b\u1eaft bu\u1ed9c ph\u1ea3i l\u00ean m\u00f4 cao \u0111\u1ec3 ch\u1ed1ng ng\u1eadp v\u00e0 gi\u00fap b\u1ed9 r\u1ec5 h\u00f4 h\u1ea5p t\u1ed1t.<\/p>\n<p>M\u1eadt \u0111\u1ed9: Tr\u1ed3ng v\u1edbi kho\u1ea3ng c\u00e1ch 6m x 6m ho\u1eb7c 7m x 7m. Nh\u00e3n c\u1ea7n nhi\u1ec1u \u00e1nh s\u00e1ng \u0111\u1ec3 ra hoa, tr\u1ed3ng th\u01b0a gi\u00fap c\u00e2y kh\u1ecfe v\u00e0 n\u0103ng su\u1ea5t cao h\u01a1n tr\u1ed3ng d\u00e0y.<\/p>\n<p>Ch\u1ecdn gi\u1ed1ng: Ch\u1ecdn c\u00e2y gh\u00e9p t\u1eeb c\u00e2y m\u1eb9 \u0111\u00fang gi\u1ed1ng, m\u1eaft gh\u00e9p \u0111\u00e3 li\u1ec1n l\u1ea1c, l\u00e1 xanh t\u1ed1t, kh\u00f4ng b\u1ecb b\u1ec7nh s\u00e2u v\u1ebd b\u00f9a.<\/p>\n<h3>Quy tr\u00ecnh b\u00f3n ph\u00e2n<\/h3>\n<p>Giai \u0111o\u1ea1n Ki\u1ebfn thi\u1ebft: B\u00f3n \u0111\u1ecbnh k\u1ef3 ph\u00e2n h\u1eefu c\u01a1 n\u1edf, ph\u00e2n chu\u1ed3ng hoai m\u1ee5c \u0111\u1ec3 c\u1ea3i t\u1ea1o \u0111\u1ea5t. K\u1ebft h\u1ee3p NPK 20-20-15 \u0111\u1ec3 c\u00e2y bung \u0111\u1ecdt nhanh.<\/p>\n<p>Giai \u0111o\u1ea1n Kinh doanh (X\u1eed l\u00fd ra hoa):<\/p>\n<p>Tr\u01b0\u1edbc khi x\u1eed l\u00fd ra hoa: B\u00f3n L\u00e2n cao \u0111\u1ec3 t\u1ea1o m\u1ea7m.<\/p>\n<p>Sau khi \u0111\u1eadu tr\u00e1i: B\u00f3n NPK c\u00e2n \u0111\u1ed1i \u0111\u1ec3 nu\u00f4i tr\u00e1i.<\/p>\n<p>Giai \u0111o\u1ea1n tr\u00e1i l\u1edbn: B\u00f3n th\u00eam Kali \u0111\u1ec3 c\u01a1m d\u00e0y, h\u1ea1t nh\u1ecf v\u00e0 ng\u1ecdt.<\/p>\n<p>Sau thu ho\u1ea1ch (Quan tr\u1ecdng nh\u1ea5t): Sau m\u1ed9t v\u1ee5 m\u00f9a x\u1eed l\u00fd h\u00f3a ch\u1ea5t (KClO3) \u0111\u1ec3 \u00e9p c\u00e2y ra hoa, b\u1ed9 r\u1ec5 nh\u00e3n b\u1ecb t\u1ed5n th\u01b0\u01a1ng r\u1ea5t nhi\u1ec1u. B\u00e0 con b\u1eaft bu\u1ed9c ph\u1ea3i t\u01b0\u1edbi thu\u1ed1c gi\u1ea3i \u0111\u1ed9c \u0111\u1ea5t, k\u00edch r\u1ec5 v\u00e0 b\u00f3n l\u01b0\u1ee3ng l\u1edbn ph\u00e2n h\u1eefu c\u01a1 \u0111\u1ec3 c\u00e2y h\u1ed3i ph\u1ee5c. N\u1ebfu b\u1ecf qua b\u01b0\u1edbc n\u00e0y, c\u00e2y s\u1ebd nhanh c\u1ed7i v\u00e0 ch\u1ebft.<\/p>\n<h3>Qu\u1ea3n l\u00fd n\u01b0\u1edbc t\u01b0\u1edbi v\u00e0 s\u00e2u b\u1ec7nh<\/h3>\n<p>S\u00e2u b\u1ec7nh:<\/p>\n<p>B\u1ecd x\u00edt nh\u00e3n: G\u00e2y h\u1ea1i giai \u0111o\u1ea1n tr\u00e1i non. C\u1ea7n ki\u1ec3m tra v\u00e0 ph\u00f2ng tr\u1ecb s\u1edbm.<\/p>\n<p>S\u00e2u \u0111\u1ee5c tr\u00e1i: Bao l\u01b0\u1edbi tr\u00f9m c\u1ea3 c\u00e2y ho\u1eb7c phun thu\u1ed1c sinh h\u1ecdc \u0111\u1ecbnh k\u1ef3.<\/p>\n<p>N\u01b0\u1edbc t\u01b0\u1edbi: Cung c\u1ea5p \u0111\u1ee7 n\u01b0\u1edbc giai \u0111o\u1ea1n nu\u00f4i tr\u00e1i \u0111\u1ec3 c\u01a1m d\u00e0y, kh\u00f4ng b\u1ecb n\u1ee9t tr\u00e1i.<\/p>\n<h2>Mua c\u00e2y gi\u1ed1ng nh\u00e3n long ph\u1ee5ng ch\u00e2u \u1edf \u0111\u00e2u uy t\u00edn?<\/h2>\n<p>Hi\u1ec7n nay, gi\u1ed1ng nh\u00e3n Long Ph\u1ee5ng Ch\u00e2u r\u1ea5t d\u1ec5 b\u1ecb nh\u1ea7m l\u1eabn v\u1edbi nh\u00e3n Da B\u00f2 ho\u1eb7c c\u00e1c gi\u1ed1ng nh\u00e3n \u0111\u1ecba ph\u01b0\u01a1ng kh\u00e1c. \u0110\u1ec3 \u0111\u1ea3m b\u1ea3o mua \u0111\u00fang gi\u1ed1ng s\u1ea1ch b\u1ec7nh, kh\u00e1ng ch\u1ed5i r\u1ed3ng, b\u00e0 con c\u1ea7n t\u00ecm \u0111\u1ebfn nh\u00e0 v\u01b0\u1eddn uy t\u00edn.<\/p>\n<p>C\u00e2y Gi\u1ed1ng Ph\u00fac An t\u1ef1 h\u00e0o l\u00e0 \u0111\u01a1n v\u1ecb cung c\u1ea5p c\u00e2y gi\u1ed1ng uy t\u00edn, \u0111\u01b0\u1ee3c nhi\u1ec1u b\u00e0 con tin t\u01b0\u1edfng:<\/p>\n<p>Chu\u1ea9n gi\u1ed1ng: C\u00e2y gi\u1ed1ng \u0111\u01b0\u1ee3c gh\u00e9p t\u1eeb nh\u1eefng c\u00e2y m\u1eb9 \u0111\u00fang gi\u1ed1ng, kh\u1ecfe m\u1ea1nh, \u0111\u00e3 \u0111\u01b0\u1ee3c tuy\u1ec3n ch\u1ecdn k\u1ef9 l\u01b0\u1ee1ng. C\u00e2y tr\u1ea3i qua quy tr\u00ecnh nh\u00e2n gi\u1ed1ng, d\u01b0\u1ee1ng c\u00e2y con, x\u1ea3 n\u1eafng ho\u00e0n ch\u1ec9nh. \u0110\u1ebfn tay c\u00f4 b\u00e1c s\u1ebd l\u00e0 t\u1eebng c\u00e2y \u0111\u00e3 c\u1ee9ng c\u00e1p \u0111\u00e3 ra c\u01a1i ch\u1ed3i m\u1edbi.<\/p>\n<p>Qu\u00fd c\u00f4 b\u00e1c c\u00f3 th\u1ec3 li\u00ean h\u1ec7 tr\u1ef1c ti\u1ebfp qua SDT\/ Zalo 0962.888.014 (<a href=\"http:\/\/localhost\/phucan713\/\" target=\"_blank\" rel=\"noopener\">C\u00e2y Gi\u1ed1ng Ph\u00fac An<\/a>) \u0111\u1ec3 ch\u00fang t\u00f4i t\u01b0 v\u1ea5n v\u00e0 b\u00e1o gi\u00e1 c\u1ee5 th\u1ec3. Xin c\u1ea3m \u01a1n qu\u00fd c\u00f4 b\u00e1c \u0111\u00e3 \u0111\u1eb7t ni\u1ec1m tin v\u1edbi nh\u00e0 v\u01b0\u1eddn.<\/p>\n<p>&gt;&gt; M\u1eddi b\u1ea1n \u0111\u1ecdc th\u00eam: <a href=\"https:\/\/dongkhoi.baovinhlong.vn\/nong-dan-nguyen-hieu-thien-voi-nhan-long-phung-chau--12072023-a116972.html\" target=\"_blank\" rel=\"noopener\"><span style=\"color: #000080;\"><em><strong>N\u00f4ng d\u00e2n Nguy\u1ec5n Hi\u1ebfu Thi\u1ec7n v\u1edbi nh\u00e3n \u201cLong Ph\u1ee5ng Ch\u00e2u\u201d<\/strong><\/em><\/span><\/a><\/p>\n","protected":false},"excerpt":{"rendered":"<p>* Gi\u00e1 tham kh\u1ea3o cho s\u1ed1 l\u01b0\u1ee3ng t\u1eeb 30 c\u00e2y, c\u00f3 th\u1ec3 thay \u0111\u1ed5i theo th\u1eddi \u0111i\u1ec3m<br \/>\n* Ch\u01b0a bao g\u1ed3m ph\u00ed v\u1eadn chuy\u1ec3n (t\u00f9y theo s\u1ed1 l\u01b0\u1ee3ng c\u00e2y v\u00e0 \u0111\u1ecba \u0111i\u1ec3m giao h\u00e0ng)<\/p>\n","protected":false},"featured_media":4203,"comment_status":"open","ping_status":"closed","template":"","meta":[],"product_brand":[],"product_cat":[35,83],"product_tag":[],"class_list":{"0":"post-4202","1":"product","2":"type-product","3":"status-publish","4":"has-post-thumbnail","6":"product_cat-san-pham-giong-cay-an-trai","7":"product_cat-giong-nhan","9":"first","10":"instock","11":"shipping-taxable","12":"purchasable","13":"product-type-simple"},"_links":{"self":[{"href":"https:\/\/ktech4.k-tech-services.com\/phucan713\/wp-json\/wp\/v2\/product\/4202","targetHints":{"allow":["GET"]}}],"collection":[{"href":"https:\/\/ktech4.k-tech-services.com\/phucan713\/wp-json\/wp\/v2\/product"}],"about":[{"href":"https:\/\/ktech4.k-tech-services.com\/phucan713\/wp-json\/wp\/v2\/types\/product"}],"replies":[{"embeddable":true,"href":"https:\/\/ktech4.k-tech-services.com\/phucan713\/wp-json\/wp\/v2\/comments?post=4202"}],"wp:featuredmedia":[{"embeddable":true,"href":"https:\/\/ktech4.k-tech-services.com\/phucan713\/wp-json\/wp\/v2\/media\/4203"}],"wp:attachment":[{"href":"https:\/\/ktech4.k-tech-services.com\/phucan713\/wp-json\/wp\/v2\/media?parent=4202"}],"wp:term":[{"taxonomy":"product_brand","embeddable":true,"href":"https:\/\/ktech4.k-tech-services.com\/phucan713\/wp-json\/wp\/v2\/product_brand?post=4202"},{"taxonomy":"product_cat","embeddable":true,"href":"https:\/\/ktech4.k-tech-services.com\/phucan713\/wp-json\/wp\/v2\/product_cat?post=4202"},{"taxonomy":"product_tag","embeddable":true,"href":"https:\/\/ktech4.k-tech-services.com\/phucan713\/wp-json\/wp\/v2\/product_tag?post=4202"}],"curies":[{"name":"wp","href":"https:\/\/api.w.org\/{rel}","templated":true}]}}