{"id":4204,"date":"2025-12-09T19:28:32","date_gmt":"2025-12-09T12:28:32","guid":{"rendered":"https:\/\/caygiongphucan.com\/?post_type=product&amp;p=4204"},"modified":"2025-12-09T19:28:32","modified_gmt":"2025-12-09T12:28:32","slug":"nhan-xuong-vang","status":"publish","type":"product","link":"https:\/\/ktech4.k-tech-services.com\/phucan713\/san-pham\/nhan-xuong-vang\/","title":{"rendered":"Gi\u1ed1ng Nh\u00e3n Xu\u1ed3ng V\u00e0ng"},"content":{"rendered":"<p>Trong th\u1ebf gi\u1edbi c\u00e1c lo\u1ea1i nh\u00e3n, Nh\u00e3n Xu\u1ed3ng V\u00e0ng lu\u00f4n gi\u1eef v\u1ecb th\u1ebf \u0111\u1ed9c t\u00f4n v\u1ec1 ch\u1ea5t l\u01b0\u1ee3ng. V\u1edbi \u0111\u1eb7c t\u00ednh c\u01a1m d\u00e0y, gi\u00f2n tan, r\u00e1o n\u01b0\u1edbc v\u00e0 v\u1ecb ng\u1ecdt \u0111\u1eadm \u0111\u00e0, \u0111\u00e2y l\u00e0 lo\u1ea1i tr\u00e1i c\u00e2y \u0111\u01b0\u1ee3c ng\u01b0\u1eddi ti\u00eau d\u00f9ng &#8220;s\u0103n \u0111\u00f3n&#8221; v\u1edbi m\u1ee9c gi\u00e1 cao. Tr\u1ed3ng nh\u00e3n xu\u1ed3ng v\u00e0ng l\u00e0 h\u01b0\u1edbng \u0111i kinh t\u1ebf b\u1ec1n v\u1eefng cho nh\u1eefng nh\u00e0 v\u01b0\u1eddn ch\u00fa tr\u1ecdng v\u00e0o ch\u1ea5t l\u01b0\u1ee3ng h\u01a1n l\u00e0 ch\u1ea1y theo s\u1ea3n l\u01b0\u1ee3ng \u0111\u1ea1i tr\u00e0.<\/p>\n<p>Trong b\u00e0i vi\u1ebft n\u00e0y, C\u00e2y Gi\u1ed1ng Ph\u00fac An s\u1ebd chia s\u1ebb chi ti\u1ebft v\u1ec1 \u0111\u1eb7c t\u00ednh, n\u0103ng su\u1ea5t th\u1ef1c t\u1ebf v\u00e0 quy tr\u00ecnh k\u1ef9 thu\u1eadt canh t\u00e1c gi\u1ed1ng nh\u00e3n xu\u1ed3ng v\u00e0ng \u0111\u1ec3 b\u00e0 con tham kh\u1ea3o \u0111\u1ea7u t\u01b0.<\/p>\n<h2>Gi\u1edbi thi\u1ec7u v\u00e0 \u0111\u1eb7c \u0111i\u1ec3m n\u1ed5i b\u1eadt c\u1ee7a gi\u1ed1ng nh\u00e3n xu\u1ed3ng v\u00e0ng<\/h2>\n<p>Gi\u1ed1ng Nh\u00e3n Xu\u1ed3ng V\u00e0ng c\u00f3 ngu\u1ed3n g\u1ed1c l\u00e2u \u0111\u1eddi t\u1ea1i v\u00f9ng \u0111\u1ea5t gi\u1ed3ng c\u00e1t (B\u00e0 R\u1ecba &#8211; V\u0169ng T\u00e0u, V\u0129nh Long). T\u00ean g\u1ecdi &#8220;Xu\u1ed3ng&#8221; xu\u1ea5t ph\u00e1t t\u1eeb h\u00ecnh d\u00e1ng tr\u00e1i gi\u1ed1ng chi\u1ebfc xu\u1ed3ng, ho\u1eb7c do ng\u00e0y x\u01b0a \u0111\u01b0\u1ee3c c\u00e1c th\u01b0\u01a1ng h\u1ed3 ch\u1edf b\u00e1n b\u1eb1ng xu\u1ed3ng.<\/p>\n<h3>\u0110\u1eb7c \u0111i\u1ec3m h\u00ecnh th\u00e1i<\/h3>\n<p>Th\u00e2n v\u00e0 l\u00e1: C\u00e2y sinh tr\u01b0\u1edfng m\u1ea1nh, l\u00e1 to, phi\u1ebfn l\u00e1 d\u00e0y v\u00e0 h\u01a1i qu\u0103n nh\u1eb9 \u1edf m\u00e9p. C\u00e2y c\u00f3 s\u1ee9c \u0111\u1ec1 kh\u00e1ng t\u1ed1t, tu\u1ed5i th\u1ecd r\u1ea5t cao.<\/p>\n<p>\u0110\u1eb7c \u0111i\u1ec3m tr\u00e1i:<\/p>\n<p>H\u00ecnh d\u00e1ng: Tr\u00e1i to, v\u1ecf m\u00e0u v\u00e0ng da b\u00f2, b\u1ec1 m\u1eb7t v\u1ecf c\u00f3 gai tr\u1ea7n (gai nh\u1ecf).<\/p>\n<p>Th\u1ecbt (C\u01a1m): \u0110\u00e2y l\u00e0 \u0111i\u1ec3m &#8220;\u0103n ti\u1ec1n&#8221; nh\u1ea5t. C\u01a1m nh\u00e3n xu\u1ed3ng c\u00f3 m\u00e0u v\u00e0ng ng\u00e0, r\u1ea5t d\u00e0y, bao b\u1ecdc k\u00edn h\u1ea1t.<\/p>\n<p>C\u1ea5u tr\u00fac: Th\u1ecbt tr\u00e1i gi\u00f2n r\u1ee5m (c\u1eafn nghe s\u1ea7n s\u1eadt), kh\u00f4 r\u00e1o, tuy\u1ec7t \u0111\u1ed1i kh\u00f4ng b\u1ecb \u01b0\u1edbt tay khi b\u00f3c.<\/p>\n<p>H\u01b0\u01a1ng v\u1ecb: V\u1ecb ng\u1ecdt r\u1ea5t \u0111\u1eadm nh\u01b0ng thanh, m\u00f9i th\u01a1m n\u1ed3ng n\u00e0n \u0111\u1eb7c tr\u01b0ng kh\u00f3 l\u1eabn v\u1edbi lo\u1ea1i nh\u00e3n n\u00e0o kh\u00e1c.<\/p>\n<h3>\u0110\u1eb7c t\u00ednh sinh tr\u01b0\u1edfng<\/h3>\n<p>C\u00e2y Nh\u00e3n Xu\u1ed3ng V\u00e0ng th\u00edch nghi r\u1ea5t t\u1ed1t v\u1edbi \u0111\u1ea5t c\u00e1t pha, \u0111\u1ea5t th\u1ecbt v\u00e0 \u0111\u1ea5t ph\u00f9 sa. C\u00e2y c\u00f3 kh\u1ea3 n\u0103ng ch\u1ecbu h\u1ea1n t\u1ed1t. Tuy nhi\u00ean, so v\u1edbi nh\u00e3n Ido hay Long Ph\u1ee5ng Ch\u00e2u, nh\u00e3n xu\u1ed3ng &#8220;kh\u00f3 t\u00ednh&#8221; h\u01a1n m\u1ed9t ch\u00fat trong vi\u1ec7c x\u1eed l\u00fd ra hoa, \u0111\u00f2i h\u1ecfi k\u1ef9 thu\u1eadt ch\u0103m s\u00f3c b\u00e0i b\u1ea3n h\u01a1n.<\/p>\n<h2>Nh\u00e3n xu\u1ed3ng v\u00e0ng tr\u1ed3ng bao l\u00e2u c\u00f3 tr\u00e1i?<\/h2>\n<p>Th\u1eddi gian sinh tr\u01b0\u1edfng c\u1ee7a nh\u00e3n xu\u1ed3ng v\u00e0ng t\u01b0\u01a1ng \u0111\u01b0\u01a1ng v\u1edbi c\u00e1c gi\u1ed1ng nh\u00e3n gh\u00e9p kh\u00e1c:<\/p>\n<p>Th\u1eddi gian cho tr\u00e1i: N\u1ebfu tr\u1ed3ng c\u00e2y gh\u00e9p (th\u00e1p c\u00e0nh) t\u1eeb c\u00e2y m\u1eb9 \u0111\u00fang gi\u1ed1ng, sau kho\u1ea3ng 3 n\u0103m tr\u1ed3ng l\u00e0 c\u00e2y b\u1eaft \u0111\u1ea7u cho tr\u00e1i chi\u1ebfn (v\u1ee5 b\u00f3i \u0111\u1ea7u ti\u00ean).<\/p>\n<p>L\u01b0u \u00fd: B\u00e0 con kh\u00f4ng n\u00ean \u0111\u1ec3 tr\u00e1i qu\u00e1 s\u1edbm (d\u01b0\u1edbi 2 n\u0103m) \u0111\u1ec3 c\u00e2y t\u1eadp trung dinh d\u01b0\u1ee1ng nu\u00f4i khung t\u00e1n cho kh\u1ecfe, gi\u00fap n\u0103ng su\u1ea5t c\u00e1c n\u0103m sau \u1ed5n \u0111\u1ecbnh h\u01a1n.<\/p>\n<h2>Chu k\u1ef3 ra hoa v\u00e0 thu ho\u1ea1ch<\/h2>\n<p>M\u00f9a v\u1ee5: Nh\u00e3n Xu\u1ed3ng V\u00e0ng th\u01b0\u1eddng ra hoa ch\u00ednh v\u1ee5 v\u00e0o kho\u1ea3ng th\u00e1ng 1 \u2013 2 (d\u01b0\u01a1ng l\u1ecbch) v\u00e0 cho thu ho\u1ea1ch v\u00e0o m\u00f9a h\u00e8 (th\u00e1ng 5 \u2013 7).<\/p>\n<p>Th\u1eddi gian nu\u00f4i tr\u00e1i: T\u1eeb khi \u0111\u1eadu tr\u00e1i \u0111\u1ebfn khi thu ho\u1ea1ch m\u1ea5t kho\u1ea3ng 5 \u2013 6 th\u00e1ng.<\/p>\n<p>\u0110\u1eb7c \u0111i\u1ec3m: Kh\u00e1c v\u1edbi nh\u00e3n Ido ph\u1ea3i x\u1eed l\u00fd h\u00f3a ch\u1ea5t m\u1ea1nh m\u1edbi ra hoa, nh\u00e3n Xu\u1ed3ng V\u00e0ng th\u01b0\u1eddng ra hoa t\u1ef1 nhi\u00ean ho\u1eb7c ch\u1ec9 c\u1ea7n k\u00edch th\u00edch nh\u1eb9. Tuy nhi\u00ean, \u0111\u1ec3 tr\u00e1i sai v\u00e0 \u0111\u1ec1u, b\u00e0 con c\u1ea7n ch\u1ebf \u0111\u1ed9 b\u00f3n ph\u00e2n v\u00e0 t\u01b0\u1edbi n\u01b0\u1edbc h\u1ee3p l\u00fd (xi\u1ebft n\u01b0\u1edbc t\u1ea1o kh\u00f4 h\u1ea1n).<\/p>\n<h2>N\u0103ng su\u1ea5t gi\u1ed1ng nh\u00e3n xu\u1ed3ng v\u00e0ng<\/h2>\n<p>Tuy kh\u00f4ng &#8220;si\u00eau n\u0103ng su\u1ea5t&#8221; nh\u01b0 nh\u00e3n Ido, nh\u01b0ng nh\u00e3n xu\u1ed3ng v\u00e0ng b\u00f9 l\u1ea1i b\u1eb1ng gi\u00e1 b\u00e1n cao v\u00e0 tr\u1ecdng l\u01b0\u1ee3ng tr\u00e1i l\u1edbn:<\/p>\n<p>S\u1ea3n l\u01b0\u1ee3ng:<\/p>\n<p>C\u00e2y t\u01a1 (n\u0103m th\u1ee9 3-4): C\u00f3 th\u1ec3 cho t\u1eeb 15 \u2013 30kg\/c\u00e2y.<\/p>\n<p>C\u00e2y tr\u01b0\u1edfng th\u00e0nh (n\u0103m th\u1ee9 7 tr\u1edf \u0111i): N\u0103ng su\u1ea5t \u1ed5n \u0111\u1ecbnh t\u1eeb 50 \u2013 80kg\/c\u00e2y\/n\u0103m.<\/p>\n<p>Gi\u00e1 tr\u1ecb kinh t\u1ebf: Do ch\u1ea5t l\u01b0\u1ee3ng v\u01b0\u1ee3t tr\u1ed9i, gi\u00e1 nh\u00e3n xu\u1ed3ng v\u00e0ng t\u1ea1i v\u01b0\u1eddn th\u01b0\u1eddng cao g\u1ea5p 1.5 &#8211; 2 l\u1ea7n so v\u1edbi c\u00e1c lo\u1ea1i nh\u00e3n th\u01b0\u1eddng, \u0111\u1ea7u ra lu\u00f4n h\u00fat h\u00e0ng, \u0111\u1eb7c bi\u1ec7t l\u00e0 k\u00eanh qu\u00e0 bi\u1ebfu v\u00e0 si\u00eau th\u1ecb cao c\u1ea5p.<\/p>\n<h2>K\u1ef9 thu\u1eadt tr\u1ed3ng v\u00e0 ch\u0103m s\u00f3c theo h\u01b0\u1edbng b\u1ec1n v\u1eefng<\/h2>\n<p>\u0110\u1ec3 nh\u00e3n xu\u1ed3ng v\u00e0ng sai tr\u00e1i, kh\u00f4ng b\u1ecb r\u1ee5ng tr\u00e1i non v\u00e0 c\u01a1m d\u00e0y, C\u00e2y Gi\u1ed1ng Ph\u00fac An chia s\u1ebb m\u1ed9t s\u1ed1 b\u00ed quy\u1ebft sau:<\/p>\n<h3>Chu\u1ea9n b\u1ecb \u0111\u1ea5t v\u00e0 m\u1eadt \u0111\u1ed9 tr\u1ed3ng<\/h3>\n<p>L\u00ean m\u00f4: Nh\u00e3n xu\u1ed3ng r\u1ea5t c\u1ea7n \u0111\u1ea5t t\u01a1i x\u1ed1p v\u00e0 tho\u00e1t n\u01b0\u1edbc t\u1ed1t. N\u1ebfu tr\u1ed3ng \u1edf v\u00f9ng \u0111\u1ea5t th\u1ea5p, b\u1eaft bu\u1ed9c ph\u1ea3i l\u00ean m\u00f4 cao.<\/p>\n<p>M\u1eadt \u0111\u1ed9: Tr\u1ed3ng th\u01b0a v\u1edbi kho\u1ea3ng c\u00e1ch 6m x 6m ho\u1eb7c 7m x 7m. T\u00e1n nh\u00e3n xu\u1ed3ng x\u00f2e r\u1ed9ng, tr\u1ed3ng th\u01b0a gi\u00fap c\u00e2y nh\u1eadn \u0111\u1ee7 n\u1eafng \u0111\u1ec3 tr\u00e1i ng\u1ecdt v\u00e0 v\u1ecf v\u00e0ng \u0111\u1eb9p.<\/p>\n<p>Ch\u1ecdn gi\u1ed1ng: Ch\u1ecdn c\u00e2y gh\u00e9p kh\u1ecfe m\u1ea1nh, l\u00e1 xanh \u0111\u1eadm, v\u1ebft gh\u00e9p li\u1ec1n l\u1ea1c. Tr\u00e1nh mua c\u00e2y tr\u00f4i n\u1ed5i v\u00ec d\u1ec5 nh\u1ea7m v\u1edbi nh\u00e3n xu\u1ed3ng c\u01a1m tr\u1eafng (gi\u00e1 tr\u1ecb th\u1ea5p h\u01a1n).<\/p>\n<h3>Quy tr\u00ecnh b\u00f3n ph\u00e2n<\/h3>\n<p>Giai \u0111o\u1ea1n Ki\u1ebfn thi\u1ebft: B\u00f3n nhi\u1ec1u ph\u00e2n h\u1eefu c\u01a1 (ph\u00e2n b\u00f2, ph\u00e2n g\u00e0 hoai m\u1ee5c) \u0111\u1ec3 nu\u00f4i r\u1ec5. D\u00f9ng NPK c\u00f3 \u0111\u1ea1m cao \u0111\u1ec3 c\u00e2y \u0111i \u0111\u1ecdt nhanh.<\/p>\n<p>Giai \u0111o\u1ea1n Kinh doanh:<\/p>\n<p>Tr\u01b0\u1edbc ra hoa: B\u00f3n NPK c\u00f3 L\u00e2n cao \u0111\u1ec3 ph\u00e2n h\u00f3a m\u1ea7m hoa.<\/p>\n<p>Nu\u00f4i tr\u00e1i: \u0110\u00e2y l\u00e0 giai \u0111o\u1ea1n quan tr\u1ecdng. C\u1ea7n b\u00f3n Kali \u0111\u1ea7y \u0111\u1ee7. Kali gi\u00fap c\u01a1m nh\u00e3n d\u00e0y, gi\u00f2n v\u00e0 t\u0103ng \u0111\u1ed9 ng\u1ecdt. N\u1ebfu thi\u1ebfu Kali, tr\u00e1i s\u1ebd nh\u1ea1t v\u00e0 d\u1ec5 b\u1ecb n\u1ee9t.<\/p>\n<p>Sau thu ho\u1ea1ch: V\u1ec7 sinh v\u01b0\u1eddn, t\u1ec9a c\u00e0nh v\u00e0 b\u00f3n ph\u00e2n h\u1eefu c\u01a1 \u0111\u1ec3 c\u00e2y ph\u1ee5c h\u1ed3i s\u1ee9c.<\/p>\n<h3>Qu\u1ea3n l\u00fd n\u01b0\u1edbc t\u01b0\u1edbi v\u00e0 s\u00e2u b\u1ec7nh<\/h3>\n<p>S\u00e2u b\u1ec7nh:<\/p>\n<p>B\u1ecd x\u00edt nh\u00e3n: H\u00fat nh\u1ef1a l\u00e0m r\u1ee5ng b\u00f4ng, r\u1ee5ng tr\u00e1i non.<\/p>\n<p>S\u00e2u \u0111\u1ee5c tr\u00e1i: G\u00e2y h\u1ea1i l\u00e0m tr\u00e1i b\u1ecb h\u01b0, th\u1ed1i.<\/p>\n<p>B\u1ec7nh ch\u1ed5i r\u1ed3ng: Tuy nh\u00e3n xu\u1ed3ng kh\u00e1ng b\u1ec7nh t\u1ed1t h\u01a1n nh\u00e3n Da B\u00f2, nh\u01b0ng v\u1eabn c\u1ea7n th\u0103m v\u01b0\u1eddn v\u00e0 ph\u00f2ng ng\u1eeba nh\u1ec7n l\u00f4ng nhung (trung gian truy\u1ec1n b\u1ec7nh).<\/p>\n<p>N\u01b0\u1edbc t\u01b0\u1edbi: C\u1ea7n t\u01b0\u1edbi \u0111\u1ee7 n\u01b0\u1edbc giai \u0111o\u1ea1n tr\u00e1i \u0111ang l\u1edbn \u0111\u1ec3 tr\u00e1i to c\u0103ng, h\u1ea1n ch\u1ebf n\u1ee9t tr\u00e1i.<\/p>\n<h2>Mua c\u00e2y gi\u1ed1ng nh\u00e3n xu\u1ed3ng v\u00e0ng \u1edf \u0111\u00e2u uy t\u00edn?<\/h2>\n<p>Th\u1ecb tr\u01b0\u1eddng hi\u1ec7n c\u00f3 nhi\u1ec1u d\u00f2ng nh\u00e3n xu\u1ed3ng (Xu\u1ed3ng C\u01a1m V\u00e0ng, Xu\u1ed3ng C\u01a1m Tr\u1eafng, Xu\u1ed3ng Bao C\u00f4ng&#8230;). \u0110\u1ec3 tr\u1ed3ng kinh t\u1ebf hi\u1ec7u qu\u1ea3 nh\u1ea5t, b\u00e0 con c\u1ea7n ch\u1ecdn \u0111\u00fang gi\u1ed1ng Xu\u1ed3ng C\u01a1m V\u00e0ng (c\u01a1m v\u00e0ng, gi\u00f2n, ng\u1ecdt).<\/p>\n<p>C\u00e2y Gi\u1ed1ng Ph\u00fac An t\u1ef1 h\u00e0o l\u00e0 \u0111\u01a1n v\u1ecb cung c\u1ea5p c\u00e2y gi\u1ed1ng uy t\u00edn, \u0111\u01b0\u1ee3c nhi\u1ec1u b\u00e0 con tin t\u01b0\u1edfng:<\/p>\n<p>Chu\u1ea9n gi\u1ed1ng: C\u00e2y gi\u1ed1ng \u0111\u01b0\u1ee3c gh\u00e9p t\u1eeb nh\u1eefng c\u00e2y m\u1eb9 \u0111\u00fang gi\u1ed1ng, kh\u1ecfe m\u1ea1nh, \u0111\u00e3 \u0111\u01b0\u1ee3c tuy\u1ec3n ch\u1ecdn k\u1ef9 l\u01b0\u1ee1ng. C\u00e2y tr\u1ea3i qua quy tr\u00ecnh nh\u00e2n gi\u1ed1ng, d\u01b0\u1ee1ng c\u00e2y con, x\u1ea3 n\u1eafng ho\u00e0n ch\u1ec9nh. \u0110\u1ebfn tay c\u00f4 b\u00e1c s\u1ebd l\u00e0 t\u1eebng c\u00e2y \u0111\u00e3 c\u1ee9ng c\u00e1p \u0111\u00e3 ra c\u01a1i ch\u1ed3i m\u1edbi.<\/p>\n<p>Qu\u00fd c\u00f4 b\u00e1c c\u00f3 th\u1ec3 li\u00ean h\u1ec7 tr\u1ef1c ti\u1ebfp qua SDT\/ Zalo 0962.888.014 (<a href=\"http:\/\/localhost\/phucan713\/\" target=\"_blank\" rel=\"noopener\">C\u00e2y Gi\u1ed1ng Ph\u00fac An<\/a>) \u0111\u1ec3 ch\u00fang t\u00f4i t\u01b0 v\u1ea5n v\u00e0 b\u00e1o gi\u00e1 c\u1ee5 th\u1ec3. Xin c\u1ea3m \u01a1n qu\u00fd c\u00f4 b\u00e1c \u0111\u00e3 \u0111\u1eb7t ni\u1ec1m tin v\u1edbi nh\u00e0 v\u01b0\u1eddn.<\/p>\n<p>&gt;&gt; M\u1eddi b\u1ea1n \u0111\u1ecdc th\u00eam: <a href=\"https:\/\/nongnghiepmoitruong.vn\/ap-dung-ky-thuat-rai-vu-gia-nhan-xuong-com-vang-tang-cao-d392033.html\" target=\"_blank\" rel=\"noopener\"><span style=\"color: #000080;\"><em><strong>\u00c1p d\u1ee5ng k\u1ef9 thu\u1eadt r\u1ea3i v\u1ee5, gi\u00e1 nh\u00e3n xu\u1ed3ng c\u01a1m v\u00e0ng t\u0103ng cao<\/strong><\/em><\/span><\/a><\/p>\n","protected":false},"excerpt":{"rendered":"<p>* Gi\u00e1 tham kh\u1ea3o cho s\u1ed1 l\u01b0\u1ee3ng t\u1eeb 30 c\u00e2y, c\u00f3 th\u1ec3 thay \u0111\u1ed5i theo th\u1eddi \u0111i\u1ec3m<br \/>\n* Ch\u01b0a bao g\u1ed3m ph\u00ed v\u1eadn chuy\u1ec3n (t\u00f9y theo s\u1ed1 l\u01b0\u1ee3ng c\u00e2y v\u00e0 \u0111\u1ecba \u0111i\u1ec3m giao h\u00e0ng)<\/p>\n","protected":false},"featured_media":4205,"comment_status":"open","ping_status":"closed","template":"","meta":[],"product_brand":[],"product_cat":[35,83],"product_tag":[],"class_list":{"0":"post-4204","1":"product","2":"type-product","3":"status-publish","4":"has-post-thumbnail","6":"product_cat-san-pham-giong-cay-an-trai","7":"product_cat-giong-nhan","9":"first","10":"instock","11":"shipping-taxable","12":"purchasable","13":"product-type-simple"},"_links":{"self":[{"href":"https:\/\/ktech4.k-tech-services.com\/phucan713\/wp-json\/wp\/v2\/product\/4204","targetHints":{"allow":["GET"]}}],"collection":[{"href":"https:\/\/ktech4.k-tech-services.com\/phucan713\/wp-json\/wp\/v2\/product"}],"about":[{"href":"https:\/\/ktech4.k-tech-services.com\/phucan713\/wp-json\/wp\/v2\/types\/product"}],"replies":[{"embeddable":true,"href":"https:\/\/ktech4.k-tech-services.com\/phucan713\/wp-json\/wp\/v2\/comments?post=4204"}],"wp:featuredmedia":[{"embeddable":true,"href":"https:\/\/ktech4.k-tech-services.com\/phucan713\/wp-json\/wp\/v2\/media\/4205"}],"wp:attachment":[{"href":"https:\/\/ktech4.k-tech-services.com\/phucan713\/wp-json\/wp\/v2\/media?parent=4204"}],"wp:term":[{"taxonomy":"product_brand","embeddable":true,"href":"https:\/\/ktech4.k-tech-services.com\/phucan713\/wp-json\/wp\/v2\/product_brand?post=4204"},{"taxonomy":"product_cat","embeddable":true,"href":"https:\/\/ktech4.k-tech-services.com\/phucan713\/wp-json\/wp\/v2\/product_cat?post=4204"},{"taxonomy":"product_tag","embeddable":true,"href":"https:\/\/ktech4.k-tech-services.com\/phucan713\/wp-json\/wp\/v2\/product_tag?post=4204"}],"curies":[{"name":"wp","href":"https:\/\/api.w.org\/{rel}","templated":true}]}}