{"id":4209,"date":"2025-12-09T19:54:17","date_gmt":"2025-12-09T12:54:17","guid":{"rendered":"https:\/\/caygiongphucan.com\/?post_type=product&amp;p=4209"},"modified":"2025-12-09T19:54:17","modified_gmt":"2025-12-09T12:54:17","slug":"giong-nho-mong-tay","status":"publish","type":"product","link":"https:\/\/ktech4.k-tech-services.com\/phucan713\/san-pham\/giong-nho-mong-tay\/","title":{"rendered":"Gi\u1ed1ng Nho M\u00f3ng Tay"},"content":{"rendered":"<p>N\u1ebfu nh\u01b0 nho xanh v\u00e0 nho \u0111\u1ecf truy\u1ec1n th\u1ed1ng \u0111\u00e3 qu\u00e1 quen thu\u1ed9c, th\u00ec s\u1ef1 xu\u1ea5t hi\u1ec7n c\u1ee7a Gi\u1ed1ng Nho M\u00f3ng Tay (Nho Ng\u00f3n Tay) \u0111\u00e3 t\u1ea1o n\u00ean m\u1ed9t l\u00e0n gi\u00f3 m\u1edbi cho th\u1ecb tr\u01b0\u1eddng n\u00f4ng s\u1ea3n Vi\u1ec7t. V\u1edbi h\u00ecnh d\u00e1ng thon d\u00e0i nh\u01b0 ng\u00f3n tay, th\u1ecbt ch\u1eafc, gi\u00f2n ng\u1ecdt v\u00e0 kh\u00f4ng h\u1ea1t (ho\u1eb7c h\u1ea1t l\u00e9p), \u0111\u00e2y l\u00e0 lo\u1ea1i tr\u00e1i c\u00e2y cao c\u1ea5p lu\u00f4n trong t\u00ecnh tr\u1ea1ng &#8220;ch\u00e1y h\u00e0ng&#8221;, m\u1edf ra c\u01a1 h\u1ed9i l\u00e0m gi\u00e0u l\u1edbn cho b\u00e0 con n\u00f4ng d\u00e2n.<\/p>\n<p>Trong b\u00e0i vi\u1ebft n\u00e0y, C\u00e2y Gi\u1ed1ng Ph\u00fac An s\u1ebd chia s\u1ebb chi ti\u1ebft v\u1ec1 \u0111\u1eb7c t\u00ednh, n\u0103ng su\u1ea5t th\u1ef1c t\u1ebf v\u00e0 quy tr\u00ecnh k\u1ef9 thu\u1eadt canh t\u00e1c gi\u1ed1ng nho m\u00f3ng tay \u0111\u1ec3 b\u00e0 con tham kh\u1ea3o \u0111\u1ea7u t\u01b0.<\/p>\n<h2>Gi\u1edbi thi\u1ec7u v\u00e0 \u0111\u1eb7c \u0111i\u1ec3m n\u1ed5i b\u1eadt c\u1ee7a gi\u1ed1ng nho m\u00f3ng tay<\/h2>\n<p>Hi\u1ec7n nay t\u1ea1i Vi\u1ec7t Nam, khi nh\u1eafc \u0111\u1ebfn nho m\u00f3ng tay, ch\u00fang ta th\u01b0\u1eddng n\u00f3i \u0111\u1ebfn hai d\u00f2ng ch\u00ednh: Nho m\u00f3ng tay \u0111en (nh\u1eadp kh\u1ea9u, kh\u00f3 tr\u1ed3ng h\u01a1n) v\u00e0 Nho m\u00f3ng tay \u0111\u1ecf (Gi\u1ed1ng NH01-152) &#8211; gi\u1ed1ng \u0111\u00e3 \u0111\u01b0\u1ee3c thu\u1ea7n h\u00f3a v\u00e0 tr\u1ed3ng r\u1ea5t th\u00e0nh c\u00f4ng t\u1ea1i Ninh Thu\u1eadn.<\/p>\n<h3>\u0110\u1eb7c \u0111i\u1ec3m h\u00ecnh th\u00e1i<\/h3>\n<p>Th\u00e2n v\u00e0 l\u00e1: Nho m\u00f3ng tay l\u00e0 c\u00e2y d\u00e2y leo th\u00e2n g\u1ed7, s\u1ee9c sinh tr\u01b0\u1edfng m\u1ea1nh h\u01a1n c\u00e1c gi\u1ed1ng nho c\u0169. L\u00e1 to, d\u00e0y, m\u00e0u xanh \u0111\u1eadm, kh\u1ea3 n\u0103ng quang h\u1ee3p t\u1ed1t.<\/p>\n<p>\u0110\u1eb7c \u0111i\u1ec3m tr\u00e1i:<\/p>\n<p>H\u00ecnh d\u00e1ng: \u0110\u00e2y l\u00e0 \u0111i\u1ec3m \u0111\u1eb7c bi\u1ec7t nh\u1ea5t. Tr\u00e1i nho c\u00f3 h\u00ecnh b\u1ea7u d\u1ee5c d\u00e0i, thon nh\u01b0 ng\u00f3n tay (d\u00e0i kho\u1ea3ng 3-4cm).<\/p>\n<p>M\u00e0u s\u1eafc: T\u00f9y d\u00f2ng, ph\u1ed5 bi\u1ebfn nh\u1ea5t l\u00e0 d\u00f2ng NH01-152 khi ch\u00edn tr\u00e1i chuy\u1ec3n t\u1eeb \u0111\u1ecf t\u01b0\u01a1i sang \u0111\u1ecf vang r\u1ea5t \u0111\u1eb9p m\u1eaft.<\/p>\n<p>C\u1ea5u tr\u00fac: Th\u1ecbt tr\u00e1i r\u1ea5t ch\u1eafc, gi\u00f2n r\u1ee5m, c\u1eafn v\u00e0o c\u00f3 c\u1ea3m gi\u00e1c s\u1ef1t s\u1ef1t. V\u1ecf tr\u00e1i d\u00e0y gi\u00fap b\u1ea3o qu\u1ea3n \u0111\u01b0\u1ee3c l\u00e2u v\u00e0 v\u1eadn chuy\u1ec3n \u0111i xa r\u1ea5t t\u1ed1t.<\/p>\n<p>H\u01b0\u01a1ng v\u1ecb: V\u1ecb ng\u1ecdt \u0111\u1eadm \u0111\u00e0, m\u00f9i th\u01a1m nh\u1eb9 nh\u00e0ng r\u1ea5t d\u1ec5 ch\u1ecbu. \u0110a ph\u1ea7n c\u00e1c d\u00f2ng nho m\u00f3ng tay hi\u1ec7n nay \u0111\u1ec1u c\u00f3 h\u1ea1t r\u1ea5t nh\u1ecf ho\u1eb7c kh\u00f4ng h\u1ea1t.<\/p>\n<h3>\u0110\u1eb7c t\u00ednh sinh tr\u01b0\u1edfng<\/h3>\n<p>Gi\u1ed1ng nho m\u00f3ng tay n\u00e0y \u01b0a n\u1eafng, ch\u1ecbu h\u1ea1n t\u1ed1t v\u00e0 th\u00edch h\u1ee3p v\u1edbi nh\u1eefng v\u00f9ng \u0111\u1ea5t tho\u00e1t n\u01b0\u1edbc t\u1ed1t (\u0111\u1ea5t c\u00e1t pha, \u0111\u1ea5t ph\u00f9 sa ven s\u00f4ng). Tuy nhi\u00ean, c\u00e2y m\u1eabn c\u1ea3m v\u1edbi m\u01b0a nhi\u1ec1u (d\u1ec5 n\u1ee9t tr\u00e1i) n\u00ean m\u00f4 h\u00ecnh tr\u1ed3ng trong nh\u00e0 m\u00e0ng ho\u1eb7c c\u00f3 m\u00e1i che m\u01b0a s\u1ebd mang l\u1ea1i hi\u1ec7u qu\u1ea3 cao nh\u1ea5t.<\/p>\n<h2>Nho m\u00f3ng tay tr\u1ed3ng bao l\u00e2u c\u00f3 tr\u00e1i?<\/h2>\n<p>Nho m\u00f3ng tay c\u00f3 t\u1ed1c \u0111\u1ed9 sinh tr\u01b0\u1edfng r\u1ea5t nhanh n\u1ebfu \u0111\u01b0\u1ee3c ch\u0103m s\u00f3c \u0111\u00fang quy tr\u00ecnh:<\/p>\n<p>Th\u1eddi gian sinh tr\u01b0\u1edfng: T\u1eeb l\u00fac tr\u1ed3ng c\u00e2y con (c\u00e2y gh\u00e9p) \u0111\u1ebfn khi c\u00e2y leo k\u00edn gi\u00e0n v\u00e0 h\u00f3a g\u1ed7 \u0111\u1ee7 ti\u00eau chu\u1ea9n \u0111\u1ec3 c\u1eaft c\u00e0nh l\u00e0 kho\u1ea3ng 8 \u2013 10 th\u00e1ng.<\/p>\n<p>Thu ho\u1ea1ch l\u1ee9a \u0111\u1ea7u: Sau khi c\u1eaft c\u00e0nh l\u1ea7n \u0111\u1ea7u, kho\u1ea3ng 3.5 \u2013 4 th\u00e1ng sau l\u00e0 b\u00e0 con c\u00f3 th\u1ec3 thu ho\u1ea1ch v\u1ee5 tr\u00e1i chi\u1ebfn.<\/p>\n<h2>Chu k\u1ef3 ra hoa v\u00e0 thu ho\u1ea1ch<\/h2>\n<p>T\u01b0\u01a1ng t\u1ef1 nh\u01b0 c\u00e1c gi\u1ed1ng nho kh\u00e1c, nho m\u00f3ng tay ra hoa ph\u1ee5 thu\u1ed9c v\u00e0o vi\u1ec7c c\u1eaft c\u00e0nh:<\/p>\n<p>Quy tr\u00ecnh: Khi d\u00e2y nho \u0111\u00e3 gi\u00e0 (h\u00f3a g\u1ed7), b\u00e0 con ti\u1ebfn h\u00e0nh c\u1eaft c\u00e0nh, tu\u1ed1t l\u00e1. M\u1ea7m ng\u1ee7 s\u1ebd n\u1ee9t ra v\u00e0 mang theo ch\u00f9m hoa.<\/p>\n<p>Th\u1eddi gian nu\u00f4i tr\u00e1i: T\u1eeb l\u00fac \u0111\u1eadu tr\u00e1i \u0111\u1ebfn khi thu ho\u1ea1ch gi\u1ed1ng n\u00e0y th\u01b0\u1eddng d\u00e0i h\u01a1n nho \u0111\u1ecf m\u1ed9t ch\u00fat, m\u1ea5t kho\u1ea3ng 115 \u2013 125 ng\u00e0y.<\/p>\n<p>S\u1ed1 v\u1ee5: Trung b\u00ecnh m\u1ed9t n\u0103m c\u00f3 th\u1ec3 khai th\u00e1c 2 v\u1ee5 \u0103n ch\u1eafc (\u0111\u1ec3 \u0111\u1ea3m b\u1ea3o ch\u1ea5t l\u01b0\u1ee3ng tr\u00e1i ngon nh\u1ea5t v\u00e0 c\u00e2y c\u00f3 th\u1eddi gian ngh\u1ec9 ng\u01a1i).<\/p>\n<h2>N\u0103ng su\u1ea5t gi\u1ed1ng nho m\u00f3ng tay<\/h2>\n<p>Gi\u1ed1ng Nho m\u00f3ng tay l\u00e0 gi\u1ed1ng cao s\u1ea3n v\u1edbi tr\u1ecdng l\u01b0\u1ee3ng ch\u00f9m r\u1ea5t l\u1edbn:<\/p>\n<p>Tr\u1ecdng l\u01b0\u1ee3ng ch\u00f9m: Ch\u00f9m nho m\u00f3ng tay th\u01b0\u1eddng r\u1ea5t to, n\u1eb7ng trung b\u00ecnh t\u1eeb 0.5kg \u2013 1.2kg\/ch\u00f9m.<\/p>\n<p>S\u1ea3n l\u01b0\u1ee3ng: V\u1edbi m\u00f4 h\u00ecnh gi\u00e0n ch\u1eef Y hi\u1ec7n \u0111\u1ea1i, n\u0103ng su\u1ea5t c\u00f3 th\u1ec3 \u0111\u1ea1t t\u1eeb 10 \u2013 15 t\u1ea5n\/hecta\/v\u1ee5.<\/p>\n<p>Gi\u00e1 tr\u1ecb kinh t\u1ebf: \u0110\u00e2y l\u00e0 gi\u1ed1ng nho c\u00f3 gi\u00e1 tr\u1ecb th\u01b0\u01a1ng ph\u1ea9m cao nh\u1ea5t hi\u1ec7n nay. Gi\u00e1 b\u00e1n t\u1ea1i v\u01b0\u1eddn th\u01b0\u1eddng cao g\u1ea5p 2-3 l\u1ea7n so v\u1edbi nho \u0111\u1ecf truy\u1ec1n th\u1ed1ng, gi\u00fap nh\u00e0 v\u01b0\u1eddn nhanh ch\u00f3ng thu h\u1ed3i v\u1ed1n \u0111\u1ea7u t\u01b0 nh\u00e0 m\u00e0ng, gi\u00e0n leo.<\/p>\n<h2>K\u1ef9 thu\u1eadt tr\u1ed3ng v\u00e0 ch\u0103m s\u00f3c theo h\u01b0\u1edbng b\u1ec1n v\u1eefng<\/h2>\n<p>Nho m\u00f3ng tay \u0111\u01b0\u1ee3c xem l\u00e0 gi\u1ed1ng c\u00e2y &#8220;qu\u00fd t\u1ed9c&#8221;, \u0111\u00f2i h\u1ecfi k\u1ef9 thu\u1eadt ch\u0103m s\u00f3c t\u1ec9 m\u1ec9 h\u01a1n \u0111\u1ec3 tr\u00e1i \u0111\u1eb9p v\u00e0 kh\u00f4ng b\u1ecb n\u1ee9t.<\/p>\n<h3>Chu\u1ea9n b\u1ecb \u0111\u1ea5t v\u00e0 l\u00e0m gi\u00e0n<\/h3>\n<p>L\u00e0m gi\u00e0n: Khuy\u1ebfn kh\u00edch s\u1eed d\u1ee5ng gi\u00e0n ch\u1eef Y ho\u1eb7c gi\u00e0n ch\u1eef T theo h\u01b0\u1edbng c\u00f4ng ngh\u1ec7 cao. Ki\u1ec3u gi\u00e0n n\u00e0y gi\u00fap ch\u00f9m nho treo l\u01a1 l\u1eedng, tho\u00e1ng kh\u00ed, h\u1ea1n ch\u1ebf n\u1ea5m b\u1ec7nh v\u00e0 d\u1ec5 ch\u0103m s\u00f3c.<\/p>\n<p>\u0110\u1ea5t tr\u1ed3ng: C\u1ea7n b\u00f3n l\u00f3t th\u1eadt nhi\u1ec1u ph\u00e2n h\u1eefu c\u01a1 hoai m\u1ee5c v\u00e0 v\u00f4i b\u1ed9t \u0111\u1ec3 n\u00e2ng pH \u0111\u1ea5t, gi\u00fap b\u1ed9 r\u1ec5 ph\u00e1t tri\u1ec3n m\u1ea1nh.<\/p>\n<p>M\u00e1i che: N\u1ebfu tr\u1ed3ng \u1edf v\u00f9ng c\u00f3 m\u00f9a m\u01b0a, vi\u1ec7c l\u00e0m m\u00e1i che nilon trong su\u1ed1t l\u00e0 b\u1eaft bu\u1ed9c \u0111\u1ec3 b\u1ea3o v\u1ec7 tr\u00e1i kh\u1ecfi n\u01b0\u1edbc m\u01b0a (n\u01b0\u1edbc m\u01b0a l\u00e0m n\u1ee9t v\u1ecf v\u00e0 g\u00e2y n\u1ea5m th\u00e1n th\u01b0).<\/p>\n<h3>Quy tr\u00ecnh b\u00f3n ph\u00e2n<\/h3>\n<p>Giai \u0111o\u1ea1n Ki\u1ebfn thi\u1ebft: T\u1eadp trung nu\u00f4i b\u1ed9 c\u00e0nh c\u1ea5p 1, c\u1ea5p 2 th\u1eadt kh\u1ecfe b\u1eb1ng ph\u00e2n h\u1eefu c\u01a1 v\u00e0 NPK 20-20-15.<\/p>\n<p>Giai \u0111o\u1ea1n C\u1eaft c\u00e0nh &#8211; Ra hoa: Tr\u01b0\u1edbc khi c\u1eaft c\u00e0nh 1 th\u00e1ng, c\u1ea7n b\u00f3n Kali cao v\u00e0 si\u1ebft n\u01b0\u1edbc \u0111\u1ec3 c\u00e2y t\u00edch l\u0169y \u0111\u01b0\u1eddng b\u1ed9t, gi\u00fap ph\u00e2n h\u00f3a m\u1ea7m hoa t\u1ed1t.<\/p>\n<p>Giai \u0111o\u1ea1n Nu\u00f4i tr\u00e1i:<\/p>\n<p>B\u00f3n b\u1ed5 sung Canxi Bo \u0111\u1ec3 v\u1ecf tr\u00e1i dai, h\u1ea1n ch\u1ebf n\u1ee9t.<\/p>\n<p>T\u0103ng c\u01b0\u1eddng Kali tr\u1eafng giai \u0111o\u1ea1n tr\u00e1i gi\u00e0 \u0111\u1ec3 tr\u00e1i l\u00ean m\u00e0u \u0111\u1ecf \u0111\u1eb9p v\u00e0 \u0111\u1ed9 ng\u1ecdt (Brix) \u0111\u1ea1t chu\u1ea9n.<\/p>\n<p>Tuy\u1ec7t \u0111\u1ed1i: H\u1ea1n ch\u1ebf \u0111\u1ea1m v\u00e0 c\u00e1c ch\u1ea5t k\u00edch th\u00edch t\u0103ng tr\u01b0\u1edfng giai \u0111o\u1ea1n g\u1ea7n thu ho\u1ea1ch \u0111\u1ec3 gi\u1eef \u0111\u1ed9 gi\u00f2n t\u1ef1 nhi\u00ean c\u1ee7a tr\u00e1i.<\/p>\n<h3>Qu\u1ea3n l\u00fd n\u01b0\u1edbc t\u01b0\u1edbi v\u00e0 s\u00e2u b\u1ec7nh<\/h3>\n<p>S\u00e2u b\u1ec7nh: Nho m\u00f3ng tay th\u01b0\u1eddng b\u1ecb b\u1ecd tr\u0129 (l\u00e0m da tr\u00e1i s\u1ea7n s\u00f9i) v\u00e0 n\u1ea5m ph\u1ea5n tr\u1eafng. C\u1ea7n phun ph\u00f2ng ng\u1eeba \u0111\u1ecbnh k\u1ef3 b\u1eb1ng c\u00e1c ch\u1ebf ph\u1ea9m sinh h\u1ecdc an to\u00e0n.<\/p>\n<p>T\u1ec9a tr\u00e1i: \u0110\u00e2y l\u00e0 kh\u00e2u quan tr\u1ecdng. C\u1ea7n t\u1ec9a b\u1ecf nh\u1eefng tr\u00e1i \u0111\u1eb9t, tr\u00e1i m\u1ecdc chen ch\u00fac \u0111\u1ec3 ch\u00f9m nho th\u01b0a tho\u00e1ng, c\u00e1c tr\u00e1i c\u00f2n l\u1ea1i s\u1ebd to \u0111\u1ec1u v\u00e0 d\u00e0i \u0111\u1eb9p nh\u01b0 ng\u00f3n tay.<\/p>\n<h2>Mua c\u00e2y gi\u1ed1ng nho m\u00f3ng tay \u1edf \u0111\u00e2u uy t\u00edn?<\/h2>\n<p>Hi\u1ec7n nay tr\u00ean th\u1ecb tr\u01b0\u1eddng c\u00f3 t\u00ecnh tr\u1ea1ng b\u00e1n h\u1ea1t gi\u1ed1ng nho m\u00f3ng tay ho\u1eb7c c\u00e2y nho d\u1ea1i gi\u1ea3 m\u1ea1o. B\u00e0 con l\u01b0u \u00fd nho m\u00f3ng tay tr\u1ed3ng b\u1eb1ng h\u1ea1t s\u1ebd b\u1ecb tho\u00e1i h\u00f3a gi\u1ed1ng, tr\u00e1i nh\u1ecf v\u00e0 chua. C\u1ea7n ch\u1ecdn mua c\u00e2y gh\u00e9p tr\u00ean g\u1ed1c nho d\u1ea1i (\u0111\u1ec3 kh\u00e1ng tuy\u1ebfn tr\u00f9ng) t\u1eeb nh\u00e0 v\u01b0\u1eddn uy t\u00edn.<\/p>\n<p>C\u00e2y Gi\u1ed1ng Ph\u00fac An t\u1ef1 h\u00e0o l\u00e0 \u0111\u01a1n v\u1ecb cung c\u1ea5p c\u00e2y gi\u1ed1ng uy t\u00edn, \u0111\u01b0\u1ee3c nhi\u1ec1u b\u00e0 con tin t\u01b0\u1edfng:<\/p>\n<p>Chu\u1ea9n gi\u1ed1ng: C\u00e2y gi\u1ed1ng \u0111\u01b0\u1ee3c gh\u00e9p t\u1eeb nh\u1eefng c\u00e2y m\u1eb9 \u0111\u00fang gi\u1ed1ng, kh\u1ecfe m\u1ea1nh, \u0111\u00e3 \u0111\u01b0\u1ee3c tuy\u1ec3n ch\u1ecdn k\u1ef9 l\u01b0\u1ee1ng. C\u00e2y tr\u1ea3i qua quy tr\u00ecnh nh\u00e2n gi\u1ed1ng, d\u01b0\u1ee1ng c\u00e2y con, x\u1ea3 n\u1eafng ho\u00e0n ch\u1ec9nh. \u0110\u1ebfn tay c\u00f4 b\u00e1c s\u1ebd l\u00e0 t\u1eebng c\u00e2y \u0111\u00e3 c\u1ee9ng c\u00e1p \u0111\u00e3 ra c\u01a1i ch\u1ed3i m\u1edbi.<\/p>\n<p>Qu\u00fd c\u00f4 b\u00e1c c\u00f3 th\u1ec3 li\u00ean h\u1ec7 tr\u1ef1c ti\u1ebfp qua SDT\/ Zalo 0962.888.014 (<a href=\"http:\/\/localhost\/phucan713\/\" target=\"_blank\" rel=\"noopener\">C\u00e2y Gi\u1ed1ng Ph\u00fac An<\/a>) \u0111\u1ec3 ch\u00fang t\u00f4i t\u01b0 v\u1ea5n v\u00e0 b\u00e1o gi\u00e1 c\u1ee5 th\u1ec3. Xin c\u1ea3m \u01a1n qu\u00fd c\u00f4 b\u00e1c \u0111\u00e3 \u0111\u1eb7t ni\u1ec1m tin v\u1edbi nh\u00e0 v\u01b0\u1eddn.<\/p>\n<p>&gt;&gt; M\u1eddi b\u1ea1n \u0111\u1ecdc th\u00eam: <a href=\"https:\/\/thanhnien.vn\/vuon-nho-ngon-tay-den-khong-hat-dau-tien-o-ninh-thuan-hut-khach-tham-quan-185230408141835046.htm\" target=\"_blank\" rel=\"noopener\"><span style=\"color: #000080;\"><em><strong>V\u01b0\u1eddn nho ng\u00f3n tay \u0111en kh\u00f4ng h\u1ea1t \u0111\u1ea7u ti\u00ean \u1edf Ninh Thu\u1eadn h\u00fat kh\u00e1ch tham quan<\/strong><\/em><\/span><\/a><\/p>\n","protected":false},"excerpt":{"rendered":"<p>* Gi\u00e1 tham kh\u1ea3o cho s\u1ed1 l\u01b0\u1ee3ng t\u1eeb 30 c\u00e2y, c\u00f3 th\u1ec3 thay \u0111\u1ed5i theo th\u1eddi \u0111i\u1ec3m<br \/>\n* Ch\u01b0a bao g\u1ed3m ph\u00ed v\u1eadn chuy\u1ec3n (t\u00f9y theo s\u1ed1 l\u01b0\u1ee3ng c\u00e2y v\u00e0 \u0111\u1ecba \u0111i\u1ec3m giao h\u00e0ng)<\/p>\n","protected":false},"featured_media":4210,"comment_status":"open","ping_status":"closed","template":"","meta":[],"product_brand":[],"product_cat":[35,37],"product_tag":[],"class_list":{"0":"post-4209","1":"product","2":"type-product","3":"status-publish","4":"has-post-thumbnail","6":"product_cat-san-pham-giong-cay-an-trai","7":"product_cat-cay-giong-khac","9":"first","10":"instock","11":"shipping-taxable","12":"purchasable","13":"product-type-simple"},"_links":{"self":[{"href":"https:\/\/ktech4.k-tech-services.com\/phucan713\/wp-json\/wp\/v2\/product\/4209","targetHints":{"allow":["GET"]}}],"collection":[{"href":"https:\/\/ktech4.k-tech-services.com\/phucan713\/wp-json\/wp\/v2\/product"}],"about":[{"href":"https:\/\/ktech4.k-tech-services.com\/phucan713\/wp-json\/wp\/v2\/types\/product"}],"replies":[{"embeddable":true,"href":"https:\/\/ktech4.k-tech-services.com\/phucan713\/wp-json\/wp\/v2\/comments?post=4209"}],"wp:featuredmedia":[{"embeddable":true,"href":"https:\/\/ktech4.k-tech-services.com\/phucan713\/wp-json\/wp\/v2\/media\/4210"}],"wp:attachment":[{"href":"https:\/\/ktech4.k-tech-services.com\/phucan713\/wp-json\/wp\/v2\/media?parent=4209"}],"wp:term":[{"taxonomy":"product_brand","embeddable":true,"href":"https:\/\/ktech4.k-tech-services.com\/phucan713\/wp-json\/wp\/v2\/product_brand?post=4209"},{"taxonomy":"product_cat","embeddable":true,"href":"https:\/\/ktech4.k-tech-services.com\/phucan713\/wp-json\/wp\/v2\/product_cat?post=4209"},{"taxonomy":"product_tag","embeddable":true,"href":"https:\/\/ktech4.k-tech-services.com\/phucan713\/wp-json\/wp\/v2\/product_tag?post=4209"}],"curies":[{"name":"wp","href":"https:\/\/api.w.org\/{rel}","templated":true}]}}