{"id":4212,"date":"2025-12-09T20:07:50","date_gmt":"2025-12-09T13:07:50","guid":{"rendered":"https:\/\/caygiongphucan.com\/?post_type=product&amp;p=4212"},"modified":"2025-12-09T20:07:50","modified_gmt":"2025-12-09T13:07:50","slug":"cay-giong-tao-thai","status":"publish","type":"product","link":"https:\/\/ktech4.k-tech-services.com\/phucan713\/san-pham\/cay-giong-tao-thai\/","title":{"rendered":"C\u00e2y gi\u1ed1ng t\u00e1o th\u00e1i (t\u00e1o xanh th\u00e1i)"},"content":{"rendered":"<p>Ch\u00e0o b\u00e0 con! <b data-path-to-node=\"0\" data-index-in-node=\"13\">Gi\u1ed1ng t\u00e1o Th\u00e1i<\/b> hi\u1ec7n l\u00e0 h\u01b0\u1edbng \u0111i kinh t\u1ebf \u0111\u1ea7y ti\u1ec1m n\u0103ng nh\u1edd \u01b0u \u0111i\u1ec3m tr\u00e1i to, gi\u00f2n ng\u1ecdt v\u00e0 c\u1ef1c k\u1ef3 d\u1ec5 b\u00e1n. Tuy nhi\u00ean, \u0111\u1ec3 c\u00e2y b\u1ec1n s\u1ee9c v\u00e0 cho n\u0103ng su\u1ea5t cao, b\u00e0 con c\u1ea7n hi\u1ec3u r\u00f5 \u0111\u1eb7c t\u00ednh sinh tr\u01b0\u1edfng c\u0169ng nh\u01b0 k\u1ef9 thu\u1eadt ch\u0103m s\u00f3c b\u00e0i b\u1ea3n. Trong b\u00e0i vi\u1ebft n\u00e0y, C\u00e2y Gi\u1ed1ng Ph\u00fac An s\u1ebd t\u1ed5ng h\u1ee3p chi ti\u1ebft t\u1eeb A-Z gi\u00fap b\u00e0 con t\u1ef1 tin ch\u1ecdn gi\u1ed1ng v\u00e0 canh t\u00e1c th\u00e0nh c\u00f4ng.<\/p>\n<h2>T\u1ed5ng quan v\u1ec1 gi\u1ed1ng t\u00e1o Th\u00e1i<\/h2>\n<p>T\u00e1o Th\u00e1i Lan l\u00e0 gi\u1ed1ng ngo\u1ea1i nh\u1eadp nh\u01b0ng l\u1ea1i t\u1ecf ra r\u1ea5t &#8220;h\u1ee3p c\u1ea1&#8221; v\u1edbi th\u1ed5 nh\u01b0\u1ee1ng Vi\u1ec7t Nam. \u0110\u00e2y l\u00e0 gi\u1ed1ng c\u00e2y \u01b0u vi\u1ec7t, kh\u1eafc ph\u1ee5c \u0111\u01b0\u1ee3c nhi\u1ec1u nh\u01b0\u1ee3c \u0111i\u1ec3m nh\u01b0 tr\u00e1i nh\u1ecf, v\u1ecb chua hay t\u00ednh nhi\u1ec5m b\u1ec7nh c\u1ee7a c\u00e1c gi\u1ed1ng t\u00e1o ta c\u0169. T\u1ea1i c\u00e1c v\u00f9ng chuy\u00ean canh nh\u01b0 mi\u1ec1n T\u00e2y hay T\u00e2y Nguy\u00ean, gi\u1ed1ng t\u00e1o n\u00e0y \u0111ang d\u1ea7n thay th\u1ebf c\u00e1c v\u01b0\u1eddn t\u1ea1p \u0111\u1ec3 tr\u1edf th\u00e0nh ngu\u1ed3n thu nh\u1eadp ch\u00ednh c\u1ee7a nh\u00e0 v\u01b0\u1eddn.<\/p>\n<p>&nbsp;<\/p>\n<figure id=\"attachment_5218\" aria-describedby=\"caption-attachment-5218\" style=\"width: 600px\" class=\"wp-caption aligncenter\"><img loading=\"lazy\" decoding=\"async\" class=\"wp-image-5218\" src=\"http:\/\/localhost\/phucan713\/wp-content\/uploads\/2025\/12\/cay-tao-thai-dang-co-trai.jpg\" alt=\"C\u00e2y t\u00e1o th\u00e1i \u0111ang mang tr\u00e1i\" width=\"600\" height=\"800\" srcset=\"https:\/\/ktech4.k-tech-services.com\/phucan713\/wp-content\/uploads\/2025\/12\/cay-tao-thai-dang-co-trai.jpg 720w, https:\/\/ktech4.k-tech-services.com\/phucan713\/wp-content\/uploads\/2025\/12\/cay-tao-thai-dang-co-trai-225x300.jpg 225w, https:\/\/ktech4.k-tech-services.com\/phucan713\/wp-content\/uploads\/2025\/12\/cay-tao-thai-dang-co-trai-510x680.jpg 510w\" sizes=\"auto, (max-width: 600px) 100vw, 600px\" \/><figcaption id=\"caption-attachment-5218\" class=\"wp-caption-text\">C\u00e2y t\u00e1o th\u00e1i \u0111ang mang tr\u00e1i<\/figcaption><\/figure>\n<h2>\u0110\u1eb7c \u0111i\u1ec3m n\u1ed5i b\u1eadt c\u1ee7a gi\u1ed1ng t\u00e1o Th\u00e1i<\/h2>\n<h3>\u0110\u1eb7c \u0111i\u1ec3m h\u00ecnh th\u00e1i v\u00e0 h\u01b0\u01a1ng v\u1ecb<\/h3>\n<ul>\n<li>Th\u00e2n v\u00e0 t\u00e1n c\u00e2y: C\u00e2y t\u00e1o Th\u00e1i thu\u1ed9c d\u1ea1ng th\u00e2n g\u1ed7 b\u1ec1n ch\u1eafc nh\u01b0ng c\u00e0nh nh\u00e1nh d\u1ebbo dai. T\u00e1n c\u00e2y ph\u00e1t tri\u1ec3n nhanh, t\u00e1n r\u1ed9ng gi\u00fap t\u0103ng di\u1ec7n t\u00edch ra hoa \u0111\u1eadu tr\u00e1i.<\/li>\n<li>\u0110\u1eb7c \u0111i\u1ec3m tr\u00e1i: \u0110i\u1ec3m &#8220;\u0103n ti\u1ec1n&#8221; nh\u1ea5t ch\u00ednh l\u00e0 k\u00edch th\u01b0\u1edbc. Tr\u00e1i t\u00e1o Th\u00e1i to g\u1ea5p 2-3 l\u1ea7n t\u00e1o ta, v\u1ecf m\u1ecfng, xanh b\u00f3ng r\u1ea5t \u0111\u1eb9p m\u1eaft. Khi ch\u00edn, v\u1ecf chuy\u1ec3n sang m\u00e0u xanh v\u00e0ng nh\u1ea1t nh\u00ecn r\u1ea5t m\u01b0\u1edbt.<\/li>\n<li>H\u01b0\u01a1ng v\u1ecb: Kh\u00e1c v\u1edbi v\u1ecb chua g\u1eaft hay ch\u00e1t nh\u1eb9 th\u01b0\u1eddng th\u1ea5y, t\u00e1o Th\u00e1i mang v\u1ecb ng\u1ecdt thanh, gi\u00f2n tan. T\u00e1o m\u1ecdng n\u01b0\u1edbc, \u0103n m\u00e1t, gi\u1ea3i nhi\u1ec7t r\u1ea5t t\u1ed1t n\u00ean c\u1ef1c k\u1ef3 \u0111\u01b0\u1ee3c l\u00f2ng ng\u01b0\u1eddi ti\u00eau d\u00f9ng.<\/li>\n<\/ul>\n<h3>\u0110\u1eb7c t\u00ednh sinh tr\u01b0\u1edfng<\/h3>\n<p>T\u00e1o Th\u00e1i c\u00f3 s\u1ee9c s\u1ed1ng m\u00e3nh li\u1ec7t, \u00edt k\u00e9n \u0111\u1ea5t, t\u1eeb \u0111\u1ea5t th\u1ecbt \u0111\u1ebfn \u0111\u1ea5t c\u00e1t pha \u0111\u1ec1u tr\u1ed3ng t\u1ed1t. C\u00e2y c\u00f3 kh\u1ea3 n\u0103ng kh\u00e1ng b\u1ec7nh cao, ch\u1ecbu h\u1ea1n kh\u00e1 c\u1eeb kh\u00f4i. Tuy nhi\u00ean, \u0111\u1ec3 c\u00e2y cho n\u0103ng su\u1ea5t &#8220;kh\u1ee7ng&#8221;, b\u00e0 con c\u1ea7n l\u01b0u \u00fd kh\u00e2u tho\u00e1t n\u01b0\u1edbc \u0111\u1ec3 tr\u00e1nh ng\u1eadp \u00fang b\u1ed9 r\u1ec5 v\u00e0o m\u00f9a m\u01b0a.<\/p>\n<h2>Gi\u1ed1ng t\u00e1o Th\u00e1i tr\u1ed3ng bao l\u00e2u c\u00f3 tr\u00e1i?<\/h2>\n<p>N\u1ebfu b\u00e0 con lo l\u1eafng tr\u1ed3ng c\u00e2y \u0103n tr\u00e1i ph\u1ea3i \u0111\u1ee3i ch\u1edd l\u00e2u th\u00ec t\u00e1o Th\u00e1i ch\u00ednh l\u00e0 c\u00e2u tr\u1ea3 l\u1eddi ho\u00e0n h\u1ea3o. Khi b\u00e0 con mua c\u00e2y gi\u1ed1ng gh\u00e9p ch\u1ea5t l\u01b0\u1ee3ng t\u1ea1i Ph\u00fac An, ch\u1ec9 sau kho\u1ea3ng 8 \u0111\u1ebfn 10 th\u00e1ng ch\u0103m s\u00f3c l\u00e0 c\u00e2y \u0111\u00e3 b\u1eaft \u0111\u1ea7u cho l\u1ee9a b\u00f3i \u0111\u1ea7u ti\u00ean. \u0110\u00e2y l\u00e0 gi\u1ea3i ph\u00e1p &#8220;l\u1ea5y ng\u1eafn nu\u00f4i d\u00e0i&#8221; tuy\u1ec7t v\u1eddi, gi\u00fap b\u00e0 con nhanh ch\u00f3ng thu h\u1ed3i v\u1ed1n \u0111\u1ea7u t\u01b0 ban \u0111\u1ea7u.<\/p>\n<figure id=\"attachment_5219\" aria-describedby=\"caption-attachment-5219\" style=\"width: 600px\" class=\"wp-caption aligncenter\"><img loading=\"lazy\" decoding=\"async\" class=\"wp-image-5219\" src=\"http:\/\/localhost\/phucan713\/wp-content\/uploads\/2025\/12\/cay-tao-thai-dau-trai-768x1024.jpg\" alt=\"T\u00e1o th\u00e1i \u0111\u1eadu tr\u00e1i\" width=\"600\" height=\"800\" srcset=\"https:\/\/ktech4.k-tech-services.com\/phucan713\/wp-content\/uploads\/2025\/12\/cay-tao-thai-dau-trai-768x1024.jpg 768w, https:\/\/ktech4.k-tech-services.com\/phucan713\/wp-content\/uploads\/2025\/12\/cay-tao-thai-dau-trai-225x300.jpg 225w, https:\/\/ktech4.k-tech-services.com\/phucan713\/wp-content\/uploads\/2025\/12\/cay-tao-thai-dau-trai-1152x1536.jpg 1152w, https:\/\/ktech4.k-tech-services.com\/phucan713\/wp-content\/uploads\/2025\/12\/cay-tao-thai-dau-trai-510x680.jpg 510w, https:\/\/ktech4.k-tech-services.com\/phucan713\/wp-content\/uploads\/2025\/12\/cay-tao-thai-dau-trai.jpg 1536w\" sizes=\"auto, (max-width: 600px) 100vw, 600px\" \/><figcaption id=\"caption-attachment-5219\" class=\"wp-caption-text\">T\u00e1o th\u00e1i \u0111\u1eadu tr\u00e1i<\/figcaption><\/figure>\n<h2>Chu k\u1ef3 ra hoa v\u00e0 \u0111\u1eadu tr\u00e1i<\/h2>\n<p>N\u1eafm r\u00f5 chu k\u1ef3 n\u00e0y s\u1ebd gi\u00fap b\u00e0 con ch\u1ee7 \u0111\u1ed9ng trong vi\u1ec7c b\u00f3n ph\u00e2n v\u00e0 thu ho\u1ea1ch:<\/p>\n<p>Th\u1eddi gian tr\u1ed5 hoa \u0111\u1ebfn thu ho\u1ea1ch: M\u1ea5t kho\u1ea3ng 4 th\u00e1ng.<\/p>\n<p>\u0110\u1eb7c \u0111i\u1ec3m thu ho\u1ea1ch: Tr\u00e1i ch\u00edn kh\u00e1 t\u1eadp trung, b\u00e0 con c\u00f3 th\u1ec3 thu ho\u1ea1ch nguy\u00ean ch\u00f9m ho\u1eb7c theo \u0111\u1ee3t l\u1edbn. \u0110i\u1ec1u n\u00e0y gi\u00fap ti\u1ebft ki\u1ec7m r\u1ea5t nhi\u1ec1u c\u00f4ng thu h\u00e1i so v\u1edbi c\u00e1c gi\u1ed1ng t\u00e1o nh\u1ecf ph\u1ea3i nh\u1eb7t nh\u1ea1nh t\u1eebng tr\u00e1i.<\/p>\n<h2>N\u0103ng su\u1ea5t th\u1ef1c t\u1ebf c\u1ee7a gi\u1ed1ng t\u00e1o Th\u00e1i<\/h2>\n<p>N\u0103ng su\u1ea5t ch\u00ednh l\u00e0 th\u1ebf m\u1ea1nh gi\u00fap t\u00e1o Th\u00e1i b\u00e1m tr\u1ee5 v\u1eefng ch\u1eafc t\u1ea1i c\u00e1c t\u1ec9nh mi\u1ec1n T\u00e2y. Con s\u1ed1 th\u1ef1c t\u1ebf t\u1ea1i c\u00e1c nh\u00e0 v\u01b0\u1eddn nh\u01b0 sau:<\/p>\n<p>N\u0103m \u0111\u1ea7u ti\u00ean: M\u1ed9t g\u1ed1c t\u00e1o c\u00f3 th\u1ec3 cho t\u1eeb 15-20kg tr\u00e1i (l\u1ee9a b\u00f3i).<\/p>\n<p>T\u1eeb n\u0103m th\u1ee9 3 tr\u1edf \u0111i: Khi b\u1ed9 t\u00e1n \u0111\u00e3 v\u1eefng ch\u00e3i, n\u0103ng su\u1ea5t \u0111\u1ea1t t\u1eeb <strong>40-60kg\/c\u00e2y\/v\u1ee5<\/strong>. N\u1ebfu b\u00e0 con ch\u0103m s\u00f3c \u0111\u00fang k\u1ef9 thu\u1eadt v\u00e0 b\u00f3n ph\u00e2n h\u1eefu c\u01a1 \u0111\u1ea7y \u0111\u1ee7, con s\u1ed1 n\u00e0y c\u00f2n c\u00f3 th\u1ec3 cao h\u01a1n, mang l\u1ea1i ngu\u1ed3n l\u1ee3i nhu\u1eadn kh\u00f4ng nh\u1ecf m\u1ed7i n\u0103m.<\/p>\n<h2>K\u1ef9 thu\u1eadt tr\u1ed3ng v\u00e0 ch\u0103m s\u00f3c theo h\u01b0\u1edbng b\u1ec1n v\u1eefng<\/h2>\n<p>\u0110\u1ec3 v\u01b0\u1eddn t\u00e1o ph\u00e1t tri\u1ec3n b\u1ec1n, kh\u00f4ng b\u1ecb ki\u1ec7t s\u1ee9c sau v\u00e0i m\u00f9a, b\u00e0 con c\u1ea7n l\u01b0u \u00fd:<\/p>\n<ul>\n<li>M\u1eadt \u0111\u1ed9: Kho\u1ea3ng c\u00e1ch l\u00fd t\u01b0\u1edfng l\u00e0 3m x 4m \u0111\u1ec3 t\u00e1n c\u00e2y \u0111\u1ee7 kh\u00f4ng gian x\u00f2e r\u1ed9ng v\u00e0 nh\u1eadn \u0111\u1ee7 \u00e1nh s\u00e1ng.<\/li>\n<li>K\u1ef9 thu\u1eadt t\u1ec9a c\u00e0nh: Sau m\u1ed7i v\u1ee5 thu ho\u1ea1ch, b\u00e0 con c\u1ea7n &#8220;m\u1ea1nh tay&#8221; \u0111\u1ed1n c\u00e0nh \u0111\u1ec3 c\u00e2y tr\u1ebb h\u00f3a. T\u00e1o ra hoa tr\u00ean c\u00e0nh non, n\u00ean c\u00e0nh m\u1edbi c\u00e0ng nhi\u1ec1u th\u00ec tr\u00e1i c\u00e0ng sai.<\/li>\n<li>Qu\u1ea3n l\u00fd s\u00e2u b\u1ec7nh: \u0110\u1eb7c bi\u1ec7t l\u01b0u \u00fd ru\u1ed3i \u0111\u1ee5c qu\u1ea3. B\u00e0 con n\u00ean d\u00f9ng bi\u1ec7n ph\u00e1p bao l\u01b0\u1edbi ho\u1eb7c b\u1eaby sinh h\u1ecdc \u0111\u1ec3 tr\u00e1i s\u1ea1ch, d\u1ec5 v\u00e0o si\u00eau th\u1ecb v\u00e0 b\u00e1n \u0111\u01b0\u1ee3c gi\u00e1 cao.<\/li>\n<\/ul>\n<h2>T\u1ea1i sao n\u00ean ch\u1ecdn mua c\u00e2y gi\u1ed1ng t\u1ea1i C\u00e2y Gi\u1ed1ng Ph\u00fac An?<\/h2>\n<figure id=\"attachment_5216\" aria-describedby=\"caption-attachment-5216\" style=\"width: 600px\" class=\"wp-caption aligncenter\"><img loading=\"lazy\" decoding=\"async\" class=\"wp-image-5216\" src=\"http:\/\/localhost\/phucan713\/wp-content\/uploads\/2025\/12\/cay-giong-tao-thai-tao-xanh-thai-3-768x1024.jpg\" alt=\"C\u00e2y gi\u1ed1ng t\u00e1o th\u00e1i, s\u1ea3n xu\u1ea5t b\u1eb1ng ph\u01b0\u01a1ng ph\u00e1p gh\u00e9p c\u00e0nh\" width=\"600\" height=\"800\" srcset=\"https:\/\/ktech4.k-tech-services.com\/phucan713\/wp-content\/uploads\/2025\/12\/cay-giong-tao-thai-tao-xanh-thai-3-768x1024.jpg 768w, https:\/\/ktech4.k-tech-services.com\/phucan713\/wp-content\/uploads\/2025\/12\/cay-giong-tao-thai-tao-xanh-thai-3-225x300.jpg 225w, https:\/\/ktech4.k-tech-services.com\/phucan713\/wp-content\/uploads\/2025\/12\/cay-giong-tao-thai-tao-xanh-thai-3-1152x1536.jpg 1152w, https:\/\/ktech4.k-tech-services.com\/phucan713\/wp-content\/uploads\/2025\/12\/cay-giong-tao-thai-tao-xanh-thai-3-1536x2048.jpg 1536w, https:\/\/ktech4.k-tech-services.com\/phucan713\/wp-content\/uploads\/2025\/12\/cay-giong-tao-thai-tao-xanh-thai-3-510x680.jpg 510w, https:\/\/ktech4.k-tech-services.com\/phucan713\/wp-content\/uploads\/2025\/12\/cay-giong-tao-thai-tao-xanh-thai-3.jpg 1920w\" sizes=\"auto, (max-width: 600px) 100vw, 600px\" \/><figcaption id=\"caption-attachment-5216\" class=\"wp-caption-text\">C\u00e2y gi\u1ed1ng t\u00e1o th\u00e1i, s\u1ea3n xu\u1ea5t b\u1eb1ng ph\u01b0\u01a1ng ph\u00e1p gh\u00e9p c\u00e0nh<\/figcaption><\/figure>\n<figure id=\"attachment_5228\" aria-describedby=\"caption-attachment-5228\" style=\"width: 600px\" class=\"wp-caption aligncenter\"><img loading=\"lazy\" decoding=\"async\" class=\"wp-image-5228\" src=\"http:\/\/localhost\/phucan713\/wp-content\/uploads\/2025\/12\/vuon-cay-giong-tao-thai-phuc-an-768x1024.jpg\" alt=\"V\u01b0\u1eddn c\u00e2y gi\u1ed1ng t\u00e1o th\u00e1i t\u1ea1i Ph\u00fac An\" width=\"600\" height=\"800\" \/><figcaption id=\"caption-attachment-5228\" class=\"wp-caption-text\">V\u01b0\u1eddn c\u00e2y gi\u1ed1ng t\u00e1o th\u00e1i t\u1ea1i Ph\u00fac An<\/figcaption><\/figure>\n<ul>\n<li>Cam k\u1ebft chu\u1ea9n gi\u1ed1ng, c\u00e2y gi\u1ed1ng \u0111\u01b0\u1ee3c chi\u1ebft\/gh\u00e9p t\u1eeb nh\u1eefng c\u00e2y m\u1eb9 \u0111\u00fang gi\u1ed1ng, kh\u1ecfe m\u1ea1nh, \u0111\u00e3 \u0111\u01b0\u1ee3c tuy\u1ec3n ch\u1ecdn k\u1ef9 l\u01b0\u1ee1ng. C\u00e2y tr\u1ea3i qua quy tr\u00ecnh nh\u00e2n gi\u1ed1ng, d\u01b0\u1ee1ng c\u00e2y con, x\u1ea3 n\u1eafng ho\u00e0n ch\u1ec9nh. \u0110\u1ebfn tay c\u00f4 b\u00e1c s\u1ebd l\u00e0 t\u1eebng c\u00e2y \u0111\u00e3 c\u1ee9ng c\u00e1p \u0111\u00e3 ra c\u01a1i ch\u1ed3i m\u1edbi.<\/li>\n<li>H\u1ed7 tr\u1ee3 k\u1ef9 thu\u1eadt canh t\u00e1c giai \u0111o\u1ea1n \u0111\u1ea7u xu\u1ed1ng gi\u1ed1ng.<\/li>\n<li>Ch\u00ednh s\u00e1ch v\u1eadn chuy\u1ec3n an to\u00e0n, nhanh ch\u00f3ng<\/li>\n<\/ul>\n<p><a href=\"http:\/\/localhost\/phucan713\/\" target=\"_blank\" rel=\"noopener\">C\u00e2y Gi\u1ed1ng Ph\u00fac An<\/a> t\u1ef1 h\u00e0o l\u00e0 \u0111\u01a1n v\u1ecb cung c\u1ea5p c\u00e2y gi\u1ed1ng abc uy t\u00edn, \u0111\u1eb7t ch\u1ea5t l\u01b0\u1ee3ng c\u00e2y gi\u1ed1ng l\u00e0 y\u1ebfu t\u1ed1 s\u1ed1ng c\u00f2n. Qu\u00fd c\u00f4 b\u00e1c li\u00ean h\u1ec7 tr\u1ef1c ti\u1ebfp qua <span style=\"font-size: 120%; color: #008000;\"><strong>SDT\/ Zalo 0962.888.014<\/strong><\/span> \u0111\u1ec3 ch\u00fang t\u00f4i t\u01b0 v\u1ea5n v\u00e0 b\u00e1o gi\u00e1 t\u1ed1t. Xin c\u1ea3m \u01a1n qu\u00fd c\u00f4 b\u00e1c \u0111\u00e3 \u0111\u1eb7t ni\u1ec1m tin v\u1edbi nh\u00e0 v\u01b0\u1eddn.<\/p>\n","protected":false},"excerpt":{"rendered":"<p>* Gi\u00e1 tham kh\u1ea3o cho s\u1ed1 l\u01b0\u1ee3ng t\u1eeb 30 c\u00e2y, c\u00f3 th\u1ec3 thay \u0111\u1ed5i theo th\u1eddi \u0111i\u1ec3m<br \/>\n* Ch\u01b0a bao g\u1ed3m ph\u00ed v\u1eadn chuy\u1ec3n (t\u00f9y theo s\u1ed1 l\u01b0\u1ee3ng c\u00e2y v\u00e0 \u0111\u1ecba \u0111i\u1ec3m giao h\u00e0ng)<\/p>\n","protected":false},"featured_media":5233,"comment_status":"open","ping_status":"closed","template":"","meta":[],"product_brand":[],"product_cat":[35,37],"product_tag":[],"class_list":{"0":"post-4212","1":"product","2":"type-product","3":"status-publish","4":"has-post-thumbnail","6":"product_cat-san-pham-giong-cay-an-trai","7":"product_cat-cay-giong-khac","9":"first","10":"instock","11":"shipping-taxable","12":"purchasable","13":"product-type-simple"},"_links":{"self":[{"href":"https:\/\/ktech4.k-tech-services.com\/phucan713\/wp-json\/wp\/v2\/product\/4212","targetHints":{"allow":["GET"]}}],"collection":[{"href":"https:\/\/ktech4.k-tech-services.com\/phucan713\/wp-json\/wp\/v2\/product"}],"about":[{"href":"https:\/\/ktech4.k-tech-services.com\/phucan713\/wp-json\/wp\/v2\/types\/product"}],"replies":[{"embeddable":true,"href":"https:\/\/ktech4.k-tech-services.com\/phucan713\/wp-json\/wp\/v2\/comments?post=4212"}],"wp:featuredmedia":[{"embeddable":true,"href":"https:\/\/ktech4.k-tech-services.com\/phucan713\/wp-json\/wp\/v2\/media\/5233"}],"wp:attachment":[{"href":"https:\/\/ktech4.k-tech-services.com\/phucan713\/wp-json\/wp\/v2\/media?parent=4212"}],"wp:term":[{"taxonomy":"product_brand","embeddable":true,"href":"https:\/\/ktech4.k-tech-services.com\/phucan713\/wp-json\/wp\/v2\/product_brand?post=4212"},{"taxonomy":"product_cat","embeddable":true,"href":"https:\/\/ktech4.k-tech-services.com\/phucan713\/wp-json\/wp\/v2\/product_cat?post=4212"},{"taxonomy":"product_tag","embeddable":true,"href":"https:\/\/ktech4.k-tech-services.com\/phucan713\/wp-json\/wp\/v2\/product_tag?post=4212"}],"curies":[{"name":"wp","href":"https:\/\/api.w.org\/{rel}","templated":true}]}}