{"id":4214,"date":"2025-12-09T20:17:45","date_gmt":"2025-12-09T13:17:45","guid":{"rendered":"https:\/\/caygiongphucan.com\/?post_type=product&amp;p=4214"},"modified":"2025-12-09T20:17:45","modified_gmt":"2025-12-09T13:17:45","slug":"tre-tu-quy","status":"publish","type":"product","link":"https:\/\/ktech4.k-tech-services.com\/phucan713\/san-pham\/tre-tu-quy\/","title":{"rendered":"Gi\u1ed1ng Tre T\u1ee9 Qu\u00fd"},"content":{"rendered":"<p>Kh\u00e1c v\u1edbi c\u00e1c gi\u1ed1ng tre truy\u1ec1n th\u1ed1ng th\u01b0\u1eddng c\u00f3 gai g\u00f3c v\u00e0 ch\u1ec9 cho m\u0103ng v\u00e0o m\u00f9a m\u01b0a, Gi\u1ed1ng Tre T\u1ee9 Qu\u00fd (Tre l\u1ea5y m\u0103ng cao s\u1ea3n) \u0111ang \u0111\u01b0\u1ee3c b\u00e0 con n\u00f4ng d\u00e2n \u01b0u ti\u00ean l\u1ef1a ch\u1ecdn nh\u1edd \u0111\u1eb7c t\u00ednh kh\u00f4ng gai, d\u1ec5 ch\u0103m s\u00f3c v\u00e0 \u0111\u1eb7c bi\u1ec7t l\u00e0 kh\u1ea3 n\u0103ng cho m\u0103ng tr\u00e1i v\u1ee5 v\u00e0o m\u00f9a kh\u00f4, b\u00e1n \u0111\u01b0\u1ee3c gi\u00e1 r\u1ea5t cao.<\/p>\n<p>Trong b\u00e0i vi\u1ebft n\u00e0y, C\u00e2y Gi\u1ed1ng Ph\u00fac An s\u1ebd chia s\u1ebb chi ti\u1ebft v\u1ec1 \u0111\u1eb7c t\u00ednh, n\u0103ng su\u1ea5t th\u1ef1c t\u1ebf v\u00e0 quy tr\u00ecnh k\u1ef9 thu\u1eadt canh t\u00e1c gi\u1ed1ng tre t\u1ee9 qu\u00fd \u0111\u1ec3 b\u00e0 con tham kh\u1ea3o chuy\u1ec3n \u0111\u1ed5i c\u01a1 c\u1ea5u c\u00e2y tr\u1ed3ng.<\/p>\n<h2>Gi\u1edbi thi\u1ec7u v\u00e0 \u0111\u1eb7c \u0111i\u1ec3m n\u1ed5i b\u1eadt c\u1ee7a gi\u1ed1ng tre t\u1ee9 qu\u00fd<\/h2>\n<p>Tre T\u1ee9 Qu\u00fd l\u00e0 gi\u1ed1ng tre chuy\u00ean canh \u0111\u1ec3 l\u1ea5y m\u0103ng, c\u00f3 s\u1ee9c sinh tr\u01b0\u1edfng m\u1ea1nh v\u00e0 th\u00edch nghi t\u1ed1t v\u1edbi nhi\u1ec1u v\u00f9ng kh\u00ed h\u1eadu, t\u1eeb \u0111\u1ea5t \u0111\u1ed3i n\u00fai \u0111\u1ebfn \u0111\u1ea5t \u0111\u1ed3ng b\u1eb1ng.<\/p>\n<h3>\u0110\u1eb7c \u0111i\u1ec3m h\u00ecnh th\u00e1i<\/h3>\n<p>Th\u00e2n v\u00e0 c\u00e0nh:<\/p>\n<p>\u0110i\u1ec3m c\u1ed9ng l\u1edbn nh\u1ea5t: Th\u00e2n tre kh\u00f4ng c\u00f3 gai (ho\u1eb7c r\u1ea5t \u00edt gai), gi\u00fap vi\u1ec7c ch\u0103m s\u00f3c v\u00e0 thu h\u00e1i m\u0103ng c\u1ef1c k\u1ef3 an to\u00e0n, nh\u1eb9 nh\u00e0ng, kh\u00f4ng lo b\u1ecb gai c\u00e0o r\u00e1ch da.<\/p>\n<p>C\u00e2y m\u1ecdc th\u00e0nh b\u1ee5i, th\u00e2n th\u1eb3ng, l\u00f3ng d\u00e0i.<\/p>\n<p>\u0110\u1eb7c \u0111i\u1ec3m m\u0103ng:<\/p>\n<p>M\u1ee5t m\u0103ng to, m\u1eadp m\u1ea1p, v\u1ecf m\u1ecfng.<\/p>\n<p>Ch\u1ea5t l\u01b0\u1ee3ng: Th\u1ecbt m\u0103ng tr\u1eafng, gi\u00f2n, v\u1ecb ng\u1ecdt v\u00e0 kh\u00f4ng b\u1ecb \u0111\u1eafng (ngay c\u1ea3 khi \u0103n s\u1ed1ng). \u0110\u00e2y l\u00e0 lo\u1ea1i m\u0103ng cao c\u1ea5p, r\u1ea5t \u0111\u01b0\u1ee3c th\u1ecb tr\u01b0\u1eddng nh\u00e0 h\u00e0ng, qu\u00e1n \u0103n \u01b0a chu\u1ed9ng.<\/p>\n<p>M\u0103ng kh\u00f4ng c\u00f3 l\u00f4ng ng\u1ee9a, s\u01a1 ch\u1ebf r\u1ea5t nhanh.<\/p>\n<h3>\u0110\u1eb7c t\u00ednh sinh tr\u01b0\u1edfng<\/h3>\n<p>Tre T\u1ee9 Qu\u00fd ch\u1ecbu h\u1ea1n kh\u00e1 t\u1ed1t, nh\u01b0ng \u01b0a \u1ea9m. C\u00e2y ph\u00e1t tri\u1ec3n nhanh, b\u1ed9 r\u1ec5 \u0103n n\u1ed5i gi\u00fap gi\u1eef \u0111\u1ea5t, ch\u1ed1ng s\u1ea1t l\u1edf r\u1ea5t hi\u1ec7u qu\u1ea3.<\/p>\n<h2>Tre t\u1ee9 qu\u00fd tr\u1ed3ng bao l\u00e2u thu ho\u1ea1ch?<\/h2>\n<p>\u0110\u00e2y l\u00e0 lo\u1ea1i c\u00e2y tr\u1ed3ng &#8220;\u0103n x\u1ed5i&#8221; nh\u01b0ng thu ho\u1ea1ch b\u1ec1n v\u1eefng:<\/p>\n<p>Th\u1eddi gian cho m\u0103ng: N\u1ebfu tr\u1ed3ng t\u1eeb c\u00e2y gi\u1ed1ng chi\u1ebft c\u00e0nh ho\u1eb7c t\u00e1ch g\u1ed1c kh\u1ecfe m\u1ea1nh, ch\u1ec9 sau kho\u1ea3ng 8 \u2013 10 th\u00e1ng ch\u0103m s\u00f3c l\u00e0 b\u1ee5i tre \u0111\u00e3 b\u1eaft \u0111\u1ea7u cho nh\u1eefng m\u1ee5t m\u0103ng \u0111\u1ea7u ti\u00ean (m\u0103ng chi\u1ebfn).<\/p>\n<p>L\u1ee3i th\u1ebf: Th\u1eddi gian ki\u1ebfn thi\u1ebft ng\u1eafn, chi ph\u00ed \u0111\u1ea7u t\u01b0 th\u1ea5p (\u00edt ph\u00e2n thu\u1ed1c), r\u1ea5t ph\u00f9 h\u1ee3p \u0111\u1ec3 l\u1ea5y ng\u1eafn nu\u00f4i d\u00e0i.<\/p>\n<h2>Chu k\u1ef3 ra m\u0103ng v\u00e0 thu ho\u1ea1ch<\/h2>\n<p>\u0110\u00fang nh\u01b0 t\u00ean g\u1ecdi: Tre T\u1ee9 Qu\u00fd c\u00f3 kh\u1ea3 n\u0103ng cho m\u0103ng quanh n\u0103m.<\/p>\n<p>M\u0103ng ngh\u1ecbch v\u1ee5: N\u1ebfu c\u00e1c lo\u1ea1i tre r\u1eebng hay tre gai ch\u1ec9 ra m\u0103ng v\u00e0o m\u00f9a m\u01b0a (th\u00e1ng 5-9), th\u00ec tre T\u1ee9 Qu\u00fd n\u1ebfu \u0111\u01b0\u1ee3c t\u01b0\u1edbi n\u01b0\u1edbc v\u00e0 b\u00f3n ph\u00e2n \u0111\u1ea7y \u0111\u1ee7 s\u1ebd ra m\u0103ng sung m\u00e3n v\u00e0o c\u1ea3 m\u00f9a kh\u00f4.<\/p>\n<p>Gi\u00e1 tr\u1ecb kinh t\u1ebf: M\u0103ng m\u00f9a ngh\u1ecbch (m\u00f9a kh\u00f4, d\u1ecbp T\u1ebft) th\u01b0\u1eddng c\u00f3 gi\u00e1 b\u00e1n cao g\u1ea5p 2-3 l\u1ea7n so v\u1edbi m\u0103ng ch\u00ednh v\u1ee5, mang l\u1ea1i l\u1ee3i nhu\u1eadn l\u1edbn cho ng\u01b0\u1eddi tr\u1ed3ng.<\/p>\n<h2>N\u0103ng su\u1ea5t gi\u1ed1ng tre t\u1ee9 qu\u00fd<\/h2>\n<p>Gi\u1ed1ng Tre T\u1ee9 Qu\u00fd thu\u1ed9c nh\u00f3m c\u00e2y si\u00eau n\u0103ng su\u1ea5t v\u1ec1 sinh kh\u1ed1i:<\/p>\n<p>S\u1ea3n l\u01b0\u1ee3ng:<\/p>\n<p>M\u1ed9t b\u1ee5i tre tr\u01b0\u1edfng th\u00e0nh c\u00f3 th\u1ec3 cho t\u1eeb 10 \u2013 20kg m\u0103ng\/th\u00e1ng (v\u00e0o m\u00f9a r\u1ed9).<\/p>\n<p>T\u00ednh tr\u00ean di\u1ec7n t\u00edch l\u1edbn, n\u0103ng su\u1ea5t c\u00f3 th\u1ec3 \u0111\u1ea1t t\u1eeb 40 \u2013 60 t\u1ea5n m\u0103ng t\u01b0\u01a1i\/hecta\/n\u0103m.<\/p>\n<p>Tr\u1ecdng l\u01b0\u1ee3ng m\u0103ng: M\u1ed7i m\u1ee5t m\u0103ng th\u01b0\u01a1ng ph\u1ea9m n\u1eb7ng trung b\u00ecnh t\u1eeb 1.5kg \u2013 2kg, c\u00e1 bi\u1ec7t c\u00f3 m\u1ee5t l\u00ean t\u1edbi 3-4kg.<\/p>\n<p>Tu\u1ed5i th\u1ecd khai th\u00e1c: M\u1ed9t b\u1ee5i tre n\u1ebfu bi\u1ebft c\u00e1ch ch\u0103m s\u00f3c, \u0111\u1ed1n t\u1ec9a c\u00e2y gi\u00e0 h\u1ee3p l\u00fd c\u00f3 th\u1ec3 khai th\u00e1c li\u00ean t\u1ee5c v\u00e0i ch\u1ee5c n\u0103m m\u00e0 kh\u00f4ng c\u1ea7n tr\u1ed3ng l\u1ea1i.<\/p>\n<h2>K\u1ef9 thu\u1eadt tr\u1ed3ng v\u00e0 ch\u0103m s\u00f3c theo h\u01b0\u1edbng b\u1ec1n v\u1eefng<\/h2>\n<p>Tre l\u00e0 c\u00e2y d\u1ec5 t\u00ednh, nh\u01b0ng \u0111\u1ec3 m\u0103ng to, tr\u1eafng \u0111\u1eb9p v\u00e0 ra ngh\u1ecbch v\u1ee5, C\u00e2y Gi\u1ed1ng Ph\u00fac An chia s\u1ebb m\u1ed9t s\u1ed1 b\u00ed quy\u1ebft sau:<\/p>\n<h3>Chu\u1ea9n b\u1ecb \u0111\u1ea5t v\u00e0 m\u1eadt \u0111\u1ed9 tr\u1ed3ng<\/h3>\n<p>\u0110\u1ea5t tr\u1ed3ng: Tre kh\u00f4ng k\u00e9n \u0111\u1ea5t, nh\u01b0ng t\u1ed1t nh\u1ea5t l\u00e0 \u0111\u1ea5t t\u01a1i x\u1ed1p, gi\u1eef \u1ea9m t\u1ed1t.<\/p>\n<p>L\u00ean m\u00f4: Tuy \u01b0a n\u01b0\u1edbc nh\u01b0ng tre r\u1ea5t s\u1ee3 ng\u1eadp \u00fang (ng\u1eadp l\u00e0 th\u1ed1i r\u1ec5, ch\u1ebft b\u1ee5i). N\u1ebfu tr\u1ed3ng \u0111\u1ea5t th\u1ea5p ph\u1ea3i l\u00ean m\u00f4 cao.<\/p>\n<p>M\u1eadt \u0111\u1ed9: Tr\u1ed3ng kho\u1ea3ng c\u00e1ch 3m x 3m ho\u1eb7c 4m x 4m.<\/p>\n<h3>Quy tr\u00ecnh b\u00f3n ph\u00e2n v\u00e0 ch\u0103m s\u00f3c<\/h3>\n<p>B\u00f3n l\u00f3t: D\u00f9ng ph\u00e2n chu\u1ed3ng hoai m\u1ee5c tr\u1ed9n v\u1edbi \u0111\u1ea5t.<\/p>\n<p>K\u1ef9 thu\u1eadt &#8220;l\u1ea5p g\u1ed1c&#8221;: \u0110\u00e2y l\u00e0 k\u1ef9 thu\u1eadt quan tr\u1ecdng nh\u1ea5t. Khi thu ho\u1ea1ch m\u0103ng xong, ho\u1eb7c \u0111\u1ecbnh k\u1ef3 h\u00e0ng n\u0103m, b\u00e0 con c\u1ea7n vun \u0111\u1ea5t v\u00e0 t\u1ee7 r\u01a1m r\u1ea1\/l\u00e1 tre kh\u00f4 v\u00e0o g\u1ed1c. Vi\u1ec7c n\u00e0y gi\u00fap:<\/p>\n<p>Gi\u1eef \u1ea9m cho \u0111\u1ea5t.<\/p>\n<p>L\u00e0m m\u0103ng m\u1ecdc t\u1eeb d\u01b0\u1edbi s\u00e2u l\u00ean s\u1ebd tr\u1eafng, m\u1ec1m v\u00e0 to h\u01a1n.<\/p>\n<p>T\u1ea1o m\u00f9n h\u1eefu c\u01a1 t\u1ef1 nhi\u00ean cho c\u00e2y \u0103n.<\/p>\n<p>B\u00f3n ph\u00e2n: \u01afu ti\u00ean ph\u00e2n h\u1eefu c\u01a1. V\u00e0o m\u00f9a kh\u00f4, mu\u1ed1n k\u00edch m\u0103ng ngh\u1ecbch v\u1ee5 c\u1ea7n b\u00f3n th\u00eam NPK h\u00e0m l\u01b0\u1ee3ng \u0110\u1ea1m cao v\u00e0 t\u01b0\u1edbi n\u01b0\u1edbc \u0111\u1eabm m\u1ed7i ng\u00e0y.<\/p>\n<h3>Qu\u1ea3n l\u00fd n\u01b0\u1edbc t\u01b0\u1edbi v\u00e0 s\u00e2u b\u1ec7nh<\/h3>\n<p>S\u00e2u b\u1ec7nh: Gi\u1ed1ng Tre T\u1ee9 Qu\u00fd g\u1ea7n nh\u01b0 kh\u00f4ng c\u00f3 s\u00e2u b\u1ec7nh nguy hi\u1ec3m. Th\u1ec9nh tho\u1ea3ng c\u00f3 s\u00e2u cu\u1ed1n l\u00e1 ho\u1eb7c v\u00f2i voi \u0111\u1ee5c m\u0103ng, nh\u01b0ng kh\u00f4ng \u0111\u00e1ng k\u1ec3. B\u00e0 con ho\u00e0n to\u00e0n kh\u00f4ng c\u1ea7n phun thu\u1ed1c h\u00f3a h\u1ecdc, t\u1ea1o ra s\u1ea3n ph\u1ea9m m\u0103ng s\u1ea1ch \u0111\u00fang ngh\u0129a.<\/p>\n<p>N\u01b0\u1edbc t\u01b0\u1edbi: Quy\u1ebft \u0111\u1ecbnh n\u0103ng su\u1ea5t m\u0103ng m\u00f9a kh\u00f4. C\u1ea7n ch\u1ee7 \u0111\u1ed9ng ngu\u1ed3n n\u01b0\u1edbc t\u01b0\u1edbi n\u1ebfu mu\u1ed1n l\u00e0m kinh t\u1ebf.<\/p>\n<h2>Mua gi\u1ed1ng tre t\u1ee9 qu\u00fd \u1edf \u0111\u00e2u uy t\u00edn?<\/h2>\n<p>\u0110\u1ec3 b\u1ee5i tre nhanh cho m\u0103ng, c\u00e2y con kh\u1ecfe m\u1ea1nh v\u00e0 \u0111\u00fang gi\u1ed1ng kh\u00f4ng gai, b\u00e0 con c\u1ea7n ch\u1ecdn mua c\u00e2y gi\u1ed1ng \u0111\u01b0\u1ee3c nh\u00e2n b\u1ea3n v\u00f4 t\u00ednh (chi\u1ebft c\u00e0nh ho\u1eb7c t\u00e1ch th\u00e2n) t\u1eeb v\u01b0\u1eddn uy t\u00edn.<\/p>\n<p>C\u00e2y Gi\u1ed1ng Ph\u00fac An t\u1ef1 h\u00e0o l\u00e0 \u0111\u01a1n v\u1ecb cung c\u1ea5p c\u00e2y gi\u1ed1ng uy t\u00edn, \u0111\u01b0\u1ee3c nhi\u1ec1u b\u00e0 con tin t\u01b0\u1edfng:<\/p>\n<p>Chu\u1ea9n gi\u1ed1ng: C\u00e2y gi\u1ed1ng \u0111\u01b0\u1ee3c t\u00e1ch\/chi\u1ebft t\u1eeb nh\u1eefng b\u1ee5i c\u00e2y m\u1eb9 \u0111\u00fang gi\u1ed1ng, kh\u1ecfe m\u1ea1nh, \u0111\u00e3 \u0111\u01b0\u1ee3c tuy\u1ec3n ch\u1ecdn k\u1ef9 l\u01b0\u1ee1ng. C\u00e2y tr\u1ea3i qua quy tr\u00ecnh nh\u00e2n gi\u1ed1ng, d\u01b0\u1ee1ng c\u00e2y con, x\u1ea3 n\u1eafng ho\u00e0n ch\u1ec9nh. \u0110\u1ebfn tay c\u00f4 b\u00e1c s\u1ebd l\u00e0 t\u1eebng c\u00e2y \u0111\u00e3 c\u1ee9ng c\u00e1p \u0111\u00e3 ra c\u01a1i ch\u1ed3i m\u1edbi.<\/p>\n<p>Qu\u00fd c\u00f4 b\u00e1c c\u00f3 th\u1ec3 li\u00ean h\u1ec7 tr\u1ef1c ti\u1ebfp qua SDT\/ Zalo 0962.888.014 (<a href=\"http:\/\/localhost\/phucan713\/\" target=\"_blank\" rel=\"noopener\">C\u00e2y Gi\u1ed1ng Ph\u00fac An<\/a>) \u0111\u1ec3 ch\u00fang t\u00f4i t\u01b0 v\u1ea5n v\u00e0 b\u00e1o gi\u00e1 c\u1ee5 th\u1ec3. Xin c\u1ea3m \u01a1n qu\u00fd c\u00f4 b\u00e1c \u0111\u00e3 \u0111\u1eb7t ni\u1ec1m tin v\u1edbi nh\u00e0 v\u01b0\u1eddn.<\/p>\n<p>&gt;&gt; M\u1eddi b\u1ea1n \u0111\u1ecdc th\u00eam: <a href=\"https:\/\/kinhtedothi.vn\/nong-dan-can-tho-tro-thanh-trieu-phu-nho-trong-tre-tu-quy\" target=\"_blank\" rel=\"noopener\"><span style=\"color: #000080;\"><em><strong>N\u00f4ng d\u00e2n C\u1ea7n Th\u01a1 tr\u1edf th\u00e0nh tri\u1ec7u ph\u00fa nh\u1edd tr\u1ed3ng tre t\u1ee9 qu\u00fd<\/strong><\/em><\/span><\/a><\/p>\n","protected":false},"excerpt":{"rendered":"<p>* Gi\u00e1 tham kh\u1ea3o cho s\u1ed1 l\u01b0\u1ee3ng t\u1eeb 30 c\u00e2y, c\u00f3 th\u1ec3 thay \u0111\u1ed5i theo th\u1eddi \u0111i\u1ec3m<br \/>\n* Ch\u01b0a bao g\u1ed3m ph\u00ed v\u1eadn chuy\u1ec3n (t\u00f9y theo s\u1ed1 l\u01b0\u1ee3ng c\u00e2y v\u00e0 \u0111\u1ecba \u0111i\u1ec3m giao h\u00e0ng)<\/p>\n","protected":false},"featured_media":0,"comment_status":"open","ping_status":"closed","template":"","meta":[],"product_brand":[],"product_cat":[102],"product_tag":[],"class_list":{"0":"post-4214","1":"product","2":"type-product","3":"status-publish","5":"product_cat-giong-tre","7":"first","8":"instock","9":"shipping-taxable","10":"purchasable","11":"product-type-simple"},"_links":{"self":[{"href":"https:\/\/ktech4.k-tech-services.com\/phucan713\/wp-json\/wp\/v2\/product\/4214","targetHints":{"allow":["GET"]}}],"collection":[{"href":"https:\/\/ktech4.k-tech-services.com\/phucan713\/wp-json\/wp\/v2\/product"}],"about":[{"href":"https:\/\/ktech4.k-tech-services.com\/phucan713\/wp-json\/wp\/v2\/types\/product"}],"replies":[{"embeddable":true,"href":"https:\/\/ktech4.k-tech-services.com\/phucan713\/wp-json\/wp\/v2\/comments?post=4214"}],"wp:attachment":[{"href":"https:\/\/ktech4.k-tech-services.com\/phucan713\/wp-json\/wp\/v2\/media?parent=4214"}],"wp:term":[{"taxonomy":"product_brand","embeddable":true,"href":"https:\/\/ktech4.k-tech-services.com\/phucan713\/wp-json\/wp\/v2\/product_brand?post=4214"},{"taxonomy":"product_cat","embeddable":true,"href":"https:\/\/ktech4.k-tech-services.com\/phucan713\/wp-json\/wp\/v2\/product_cat?post=4214"},{"taxonomy":"product_tag","embeddable":true,"href":"https:\/\/ktech4.k-tech-services.com\/phucan713\/wp-json\/wp\/v2\/product_tag?post=4214"}],"curies":[{"name":"wp","href":"https:\/\/api.w.org\/{rel}","templated":true}]}}